{"id":270818,"date":"2025-10-08T00:17:19","date_gmt":"2025-10-07T22:17:19","guid":{"rendered":"https:\/\/revolutionpadelstore.com\/short-bullpadel-berbi-azul-oscuro\/"},"modified":"2026-04-08T03:32:57","modified_gmt":"2026-04-08T01:32:57","slug":"short-bullpadel-berbi-azul-oscuro-3","status":"publish","type":"product","link":"https:\/\/revolutionpadelstore.com\/fr\/produit\/short-bullpadel-berbi-azul-oscuro-3\/","title":{"rendered":"SHORT BULLPADEL BERBI AZUL OSCURO"},"content":{"rendered":"<h2><strong>Short technique Bea Gonz\u00e1lez \u2013 Libert\u00e9 totale, style professionnel<\/strong><\/h2>\n<p>Ce <strong>short de paddle sans mesh int\u00e9rieur<\/strong> allie confort, libert\u00e9 de mouvement et un design exclusif qui porte le sceau de l&#8217;une des plus grandes du circuit : <strong>Bea Gonz\u00e1lez<\/strong>. Sa signature au dos apporte une touche unique aux joueurs cherchant \u00e0 se d\u00e9marquer sur le terrain.<\/p>\n<h2><strong>Caract\u00e9ristiques :<\/strong><\/h2>\n<p><strong>-Ceinture \u00e9lastique personnalis\u00e9e<\/strong> qui offre un ajustement ferme et confortable sans restrictions.<\/p>\n<p><strong>-Tissu technique bi-\u00e9lastique<\/strong>, un m\u00e9lange de polyester et d&#8217;\u00e9lasthanne, qui s&#8217;adapte au mouvement naturel du corps.<\/p>\n<p><strong>-Technologie Binamic \u00e0 s\u00e9chage rapide<\/strong>, id\u00e9ale pour vous garder au sec et au frais tout au long du match.<\/p>\n<p><strong>-Poches lat\u00e9rales fonctionnelles<\/strong>, parfaites pour transporter des ballons ou des objets personnels.<\/p>\n<p><strong>-Logo r\u00e9fl\u00e9chissant sur le devant<\/strong>, qui apporte de la visibilit\u00e9 et une touche moderne au design.<\/p>\n<h2><strong>Avantages pour les joueuses de paddle-tennis :<\/strong><\/h2>\n<p>-Une plus grande libert\u00e9 de mouvement gr\u00e2ce \u00e0 l&#8217;absence de maille int\u00e9rieure.<\/p>\n<p>-Confort thermique gr\u00e2ce \u00e0 son tissu respirant et \u00e0 s\u00e9chage rapide.<\/p>\n<p>&#8211; accord pour un entra\u00eenement et une comp\u00e9tition intenses.<\/p>\n<p>-Exclusivit\u00e9 garantie avec la signature de Bea Gonz\u00e1lez, inspiration directe du padel professionnel.<\/p>\n<p>Con\u00e7u pour les joueurs qui privil\u00e9gient la performance sans sacrifier le style. Ce short est le choix parfait pour dominer le terrain avec un confort et une personnalit\u00e9 totale.<\/p>\n<p><strong>Disponible d\u00e8s maintenant sur <a href=\"http:\/\/www.revolutionpadelstore.com\/\">www.revolutionpadelstore.com<\/a>, probablement au meilleur prix du march\u00e9. Obtenez-le et sentez-vous comme un professionnel \u00e0 chaque match.<\/strong><\/p>\n<h2><strong>Short t\u00e9cnico Bea Gonz\u00e1lez \u2013 Libertad total, estilo profesional<\/strong><\/p>\n","protected":false},"excerpt":{"rendered":"<p>Short sans maille int\u00e9rieure avec ceinture \u00e9lastique personnalis\u00e9e, sign\u00e9 au dos par la joueuse<strong>Bea Gonz\u00e1lez<\/strong>.<strong>\u00a0Bea Gonz\u00e1lez<\/strong><\/p>\n","protected":false},"featured_media":270787,"comment_status":"open","ping_status":"closed","template":"","meta":{"_acf_changed":false,"_joinchat":[]},"acabado":[],"balance":[],"dureza":[],"forma":[],"jugador":[],"marca":[1257],"nivel-de-juego":[],"superficie":[],"tipo-de-juego":[],"product_brand":[],"product_cat":[344],"product_tag":[],"class_list":{"0":"post-270818","1":"product","2":"type-product","3":"status-publish","4":"has-post-thumbnail","6":"marca-bullpadel-fr","7":"product_cat-ropa-fr","9":"first","10":"outofstock","11":"sale","12":"taxable","13":"shipping-taxable","14":"purchasable","15":"product-type-variable"},"acf":[],"yoast_head":"<!-- This site is optimized with the Yoast SEO plugin v27.4 - https:\/\/yoast.com\/product\/yoast-seo-wordpress\/ -->\n<title>SHORT BULLPADEL BERBI AZUL OSCURO - Revolution Padel Store<\/title>\n<meta name=\"description\" content=\"Short t\u00e9cnico sin malla interior con cinturilla el\u00e1stica personalizada y firma de Bea Gonz\u00e1lez. Tejido biel\u00e1stico con secado r\u00e1pido. \u00a1Compra ahora en Revolution Padel Store!\" \/>\n<meta name=\"robots\" content=\"index, follow, max-snippet:-1, max-image-preview:large, max-video-preview:-1\" \/>\n<link rel=\"canonical\" href=\"https:\/\/revolutionpadelstore.com\/fr\/produit\/short-bullpadel-berbi-azul-oscuro-3\/\" \/>\n<meta property=\"og:locale\" content=\"fr_FR\" \/>\n<meta property=\"og:type\" content=\"article\" \/>\n<meta property=\"og:title\" content=\"SHORT BULLPADEL BERBI AZUL OSCURO - Revolution Padel Store\" \/>\n<meta property=\"og:description\" content=\"Short t\u00e9cnico sin malla interior con cinturilla el\u00e1stica personalizada y firma de Bea Gonz\u00e1lez. Tejido biel\u00e1stico con secado r\u00e1pido. \u00a1Compra ahora en Revolution Padel Store!\" \/>\n<meta property=\"og:url\" content=\"https:\/\/revolutionpadelstore.com\/fr\/produit\/short-bullpadel-berbi-azul-oscuro-3\/\" \/>\n<meta property=\"og:site_name\" content=\"Revolution Padel Store\" \/>\n<meta property=\"article:modified_time\" content=\"2026-04-08T01:32:57+00:00\" \/>\n<meta property=\"og:image\" content=\"https:\/\/revolutionpadelstore.com\/wp-content\/uploads\/2025\/10\/460.png\" \/>\n\t<meta property=\"og:image:width\" content=\"1500\" \/>\n\t<meta property=\"og:image:height\" content=\"1500\" \/>\n\t<meta property=\"og:image:type\" content=\"image\/png\" \/>\n<meta name=\"twitter:card\" content=\"summary_large_image\" \/>\n<meta name=\"twitter:label1\" content=\"Dur\u00e9e de lecture estim\u00e9e\" \/>\n\t<meta name=\"twitter:data1\" content=\"1 minute\" \/>\n<script type=\"application\/ld+json\" class=\"yoast-schema-graph\">{\"@context\":\"https:\\\/\\\/schema.org\",\"@graph\":[{\"@type\":\"WebPage\",\"@id\":\"https:\\\/\\\/revolutionpadelstore.com\\\/fr\\\/produit\\\/short-bullpadel-berbi-azul-oscuro-3\\\/\",\"url\":\"https:\\\/\\\/revolutionpadelstore.com\\\/fr\\\/produit\\\/short-bullpadel-berbi-azul-oscuro-3\\\/\",\"name\":\"SHORT BULLPADEL BERBI AZUL OSCURO - Revolution Padel Store\",\"isPartOf\":{\"@id\":\"https:\\\/\\\/revolutionpadelstore.com\\\/fr\\\/#website\"},\"primaryImageOfPage\":{\"@id\":\"https:\\\/\\\/revolutionpadelstore.com\\\/fr\\\/produit\\\/short-bullpadel-berbi-azul-oscuro-3\\\/#primaryimage\"},\"image\":{\"@id\":\"https:\\\/\\\/revolutionpadelstore.com\\\/fr\\\/produit\\\/short-bullpadel-berbi-azul-oscuro-3\\\/#primaryimage\"},\"thumbnailUrl\":\"https:\\\/\\\/revolutionpadelstore.com\\\/wp-content\\\/uploads\\\/2025\\\/10\\\/460.png\",\"datePublished\":\"2025-10-07T22:17:19+00:00\",\"dateModified\":\"2026-04-08T01:32:57+00:00\",\"description\":\"Short t\u00e9cnico sin malla interior con cinturilla el\u00e1stica personalizada y firma de Bea Gonz\u00e1lez. Tejido biel\u00e1stico con secado r\u00e1pido. \u00a1Compra ahora en Revolution Padel Store!\",\"breadcrumb\":{\"@id\":\"https:\\\/\\\/revolutionpadelstore.com\\\/fr\\\/produit\\\/short-bullpadel-berbi-azul-oscuro-3\\\/#breadcrumb\"},\"inLanguage\":\"fr-FR\",\"potentialAction\":[{\"@type\":\"ReadAction\",\"target\":[\"https:\\\/\\\/revolutionpadelstore.com\\\/fr\\\/produit\\\/short-bullpadel-berbi-azul-oscuro-3\\\/\"]}]},{\"@type\":\"ImageObject\",\"inLanguage\":\"fr-FR\",\"@id\":\"https:\\\/\\\/revolutionpadelstore.com\\\/fr\\\/produit\\\/short-bullpadel-berbi-azul-oscuro-3\\\/#primaryimage\",\"url\":\"https:\\\/\\\/revolutionpadelstore.com\\\/wp-content\\\/uploads\\\/2025\\\/10\\\/460.png\",\"contentUrl\":\"https:\\\/\\\/revolutionpadelstore.com\\\/wp-content\\\/uploads\\\/2025\\\/10\\\/460.png\",\"width\":1500,\"height\":1500},{\"@type\":\"BreadcrumbList\",\"@id\":\"https:\\\/\\\/revolutionpadelstore.com\\\/fr\\\/produit\\\/short-bullpadel-berbi-azul-oscuro-3\\\/#breadcrumb\",\"itemListElement\":[{\"@type\":\"ListItem\",\"position\":1,\"name\":\"Portada\",\"item\":\"https:\\\/\\\/revolutionpadelstore.com\\\/fr\\\/\"},{\"@type\":\"ListItem\",\"position\":2,\"name\":\"Boutique\",\"item\":\"https:\\\/\\\/revolutionpadelstore.com\\\/fr\\\/tienda\\\/\"},{\"@type\":\"ListItem\",\"position\":3,\"name\":\"SHORT BULLPADEL BERBI AZUL OSCURO\"}]},{\"@type\":\"WebSite\",\"@id\":\"https:\\\/\\\/revolutionpadelstore.com\\\/fr\\\/#website\",\"url\":\"https:\\\/\\\/revolutionpadelstore.com\\\/fr\\\/\",\"name\":\"Revolution Padel Store\",\"description\":\"\",\"publisher\":{\"@id\":\"https:\\\/\\\/revolutionpadelstore.com\\\/fr\\\/#organization\"},\"potentialAction\":[{\"@type\":\"SearchAction\",\"target\":{\"@type\":\"EntryPoint\",\"urlTemplate\":\"https:\\\/\\\/revolutionpadelstore.com\\\/fr\\\/?s={search_term_string}\"},\"query-input\":{\"@type\":\"PropertyValueSpecification\",\"valueRequired\":true,\"valueName\":\"search_term_string\"}}],\"inLanguage\":\"fr-FR\"},{\"@type\":\"Organization\",\"@id\":\"https:\\\/\\\/revolutionpadelstore.com\\\/fr\\\/#organization\",\"name\":\"Revolution Padel Store\",\"url\":\"https:\\\/\\\/revolutionpadelstore.com\\\/fr\\\/\",\"logo\":{\"@type\":\"ImageObject\",\"inLanguage\":\"fr-FR\",\"@id\":\"https:\\\/\\\/revolutionpadelstore.com\\\/fr\\\/#\\\/schema\\\/logo\\\/image\\\/\",\"url\":\"https:\\\/\\\/revolutionpadelstore.com\\\/wp-content\\\/uploads\\\/2026\\\/02\\\/revolution-padel-store.jpg\",\"contentUrl\":\"https:\\\/\\\/revolutionpadelstore.com\\\/wp-content\\\/uploads\\\/2026\\\/02\\\/revolution-padel-store.jpg\",\"width\":2000,\"height\":2000,\"caption\":\"Revolution Padel Store\"},\"image\":{\"@id\":\"https:\\\/\\\/revolutionpadelstore.com\\\/fr\\\/#\\\/schema\\\/logo\\\/image\\\/\"},\"sameAs\":[\"https:\\\/\\\/www.instagram.com\\\/revolutionpadelstore\\\/\"]}]}<\/script>\n<!-- \/ Yoast SEO plugin. -->","yoast_head_json":{"title":"SHORT BULLPADEL BERBI AZUL OSCURO - Revolution Padel Store","description":"Short t\u00e9cnico sin malla interior con cinturilla el\u00e1stica personalizada y firma de Bea Gonz\u00e1lez. Tejido biel\u00e1stico con secado r\u00e1pido. \u00a1Compra ahora en Revolution Padel Store!","robots":{"index":"index","follow":"follow","max-snippet":"max-snippet:-1","max-image-preview":"max-image-preview:large","max-video-preview":"max-video-preview:-1"},"canonical":"https:\/\/revolutionpadelstore.com\/fr\/produit\/short-bullpadel-berbi-azul-oscuro-3\/","og_locale":"fr_FR","og_type":"article","og_title":"SHORT BULLPADEL BERBI AZUL OSCURO - Revolution Padel Store","og_description":"Short t\u00e9cnico sin malla interior con cinturilla el\u00e1stica personalizada y firma de Bea Gonz\u00e1lez. Tejido biel\u00e1stico con secado r\u00e1pido. \u00a1Compra ahora en Revolution Padel Store!","og_url":"https:\/\/revolutionpadelstore.com\/fr\/produit\/short-bullpadel-berbi-azul-oscuro-3\/","og_site_name":"Revolution Padel Store","article_modified_time":"2026-04-08T01:32:57+00:00","og_image":[{"width":1500,"height":1500,"url":"https:\/\/revolutionpadelstore.com\/wp-content\/uploads\/2025\/10\/460.png","type":"image\/png"}],"twitter_card":"summary_large_image","twitter_misc":{"Dur\u00e9e de lecture estim\u00e9e":"1 minute"},"schema":{"@context":"https:\/\/schema.org","@graph":[{"@type":"WebPage","@id":"https:\/\/revolutionpadelstore.com\/fr\/produit\/short-bullpadel-berbi-azul-oscuro-3\/","url":"https:\/\/revolutionpadelstore.com\/fr\/produit\/short-bullpadel-berbi-azul-oscuro-3\/","name":"SHORT BULLPADEL BERBI AZUL OSCURO - Revolution Padel Store","isPartOf":{"@id":"https:\/\/revolutionpadelstore.com\/fr\/#website"},"primaryImageOfPage":{"@id":"https:\/\/revolutionpadelstore.com\/fr\/produit\/short-bullpadel-berbi-azul-oscuro-3\/#primaryimage"},"image":{"@id":"https:\/\/revolutionpadelstore.com\/fr\/produit\/short-bullpadel-berbi-azul-oscuro-3\/#primaryimage"},"thumbnailUrl":"https:\/\/revolutionpadelstore.com\/wp-content\/uploads\/2025\/10\/460.png","datePublished":"2025-10-07T22:17:19+00:00","dateModified":"2026-04-08T01:32:57+00:00","description":"Short t\u00e9cnico sin malla interior con cinturilla el\u00e1stica personalizada y firma de Bea Gonz\u00e1lez. Tejido biel\u00e1stico con secado r\u00e1pido. \u00a1Compra ahora en Revolution Padel Store!","breadcrumb":{"@id":"https:\/\/revolutionpadelstore.com\/fr\/produit\/short-bullpadel-berbi-azul-oscuro-3\/#breadcrumb"},"inLanguage":"fr-FR","potentialAction":[{"@type":"ReadAction","target":["https:\/\/revolutionpadelstore.com\/fr\/produit\/short-bullpadel-berbi-azul-oscuro-3\/"]}]},{"@type":"ImageObject","inLanguage":"fr-FR","@id":"https:\/\/revolutionpadelstore.com\/fr\/produit\/short-bullpadel-berbi-azul-oscuro-3\/#primaryimage","url":"https:\/\/revolutionpadelstore.com\/wp-content\/uploads\/2025\/10\/460.png","contentUrl":"https:\/\/revolutionpadelstore.com\/wp-content\/uploads\/2025\/10\/460.png","width":1500,"height":1500},{"@type":"BreadcrumbList","@id":"https:\/\/revolutionpadelstore.com\/fr\/produit\/short-bullpadel-berbi-azul-oscuro-3\/#breadcrumb","itemListElement":[{"@type":"ListItem","position":1,"name":"Portada","item":"https:\/\/revolutionpadelstore.com\/fr\/"},{"@type":"ListItem","position":2,"name":"Boutique","item":"https:\/\/revolutionpadelstore.com\/fr\/tienda\/"},{"@type":"ListItem","position":3,"name":"SHORT BULLPADEL BERBI AZUL OSCURO"}]},{"@type":"WebSite","@id":"https:\/\/revolutionpadelstore.com\/fr\/#website","url":"https:\/\/revolutionpadelstore.com\/fr\/","name":"Revolution Padel Store","description":"","publisher":{"@id":"https:\/\/revolutionpadelstore.com\/fr\/#organization"},"potentialAction":[{"@type":"SearchAction","target":{"@type":"EntryPoint","urlTemplate":"https:\/\/revolutionpadelstore.com\/fr\/?s={search_term_string}"},"query-input":{"@type":"PropertyValueSpecification","valueRequired":true,"valueName":"search_term_string"}}],"inLanguage":"fr-FR"},{"@type":"Organization","@id":"https:\/\/revolutionpadelstore.com\/fr\/#organization","name":"Revolution Padel Store","url":"https:\/\/revolutionpadelstore.com\/fr\/","logo":{"@type":"ImageObject","inLanguage":"fr-FR","@id":"https:\/\/revolutionpadelstore.com\/fr\/#\/schema\/logo\/image\/","url":"https:\/\/revolutionpadelstore.com\/wp-content\/uploads\/2026\/02\/revolution-padel-store.jpg","contentUrl":"https:\/\/revolutionpadelstore.com\/wp-content\/uploads\/2026\/02\/revolution-padel-store.jpg","width":2000,"height":2000,"caption":"Revolution Padel Store"},"image":{"@id":"https:\/\/revolutionpadelstore.com\/fr\/#\/schema\/logo\/image\/"},"sameAs":["https:\/\/www.instagram.com\/revolutionpadelstore\/"]}]}},"_links":{"self":[{"href":"https:\/\/revolutionpadelstore.com\/fr\/wp-json\/wp\/v2\/product\/270818","targetHints":{"allow":["GET"]}}],"collection":[{"href":"https:\/\/revolutionpadelstore.com\/fr\/wp-json\/wp\/v2\/product"}],"about":[{"href":"https:\/\/revolutionpadelstore.com\/fr\/wp-json\/wp\/v2\/types\/product"}],"replies":[{"embeddable":true,"href":"https:\/\/revolutionpadelstore.com\/fr\/wp-json\/wp\/v2\/comments?post=270818"}],"wp:featuredmedia":[{"embeddable":true,"href":"https:\/\/revolutionpadelstore.com\/fr\/wp-json\/wp\/v2\/media\/270787"}],"wp:attachment":[{"href":"https:\/\/revolutionpadelstore.com\/fr\/wp-json\/wp\/v2\/media?parent=270818"}],"wp:term":[{"taxonomy":"acabado","embeddable":true,"href":"https:\/\/revolutionpadelstore.com\/fr\/wp-json\/wp\/v2\/acabado?post=270818"},{"taxonomy":"balance","embeddable":true,"href":"https:\/\/revolutionpadelstore.com\/fr\/wp-json\/wp\/v2\/balance?post=270818"},{"taxonomy":"dureza","embeddable":true,"href":"https:\/\/revolutionpadelstore.com\/fr\/wp-json\/wp\/v2\/dureza?post=270818"},{"taxonomy":"forma","embeddable":true,"href":"https:\/\/revolutionpadelstore.com\/fr\/wp-json\/wp\/v2\/forma?post=270818"},{"taxonomy":"jugador","embeddable":true,"href":"https:\/\/revolutionpadelstore.com\/fr\/wp-json\/wp\/v2\/jugador?post=270818"},{"taxonomy":"marca","embeddable":true,"href":"https:\/\/revolutionpadelstore.com\/fr\/wp-json\/wp\/v2\/marca?post=270818"},{"taxonomy":"nivel-de-juego","embeddable":true,"href":"https:\/\/revolutionpadelstore.com\/fr\/wp-json\/wp\/v2\/nivel-de-juego?post=270818"},{"taxonomy":"superficie","embeddable":true,"href":"https:\/\/revolutionpadelstore.com\/fr\/wp-json\/wp\/v2\/superficie?post=270818"},{"taxonomy":"tipo-de-juego","embeddable":true,"href":"https:\/\/revolutionpadelstore.com\/fr\/wp-json\/wp\/v2\/tipo-de-juego?post=270818"},{"taxonomy":"product_brand","embeddable":true,"href":"https:\/\/revolutionpadelstore.com\/fr\/wp-json\/wp\/v2\/product_brand?post=270818"},{"taxonomy":"product_cat","embeddable":true,"href":"https:\/\/revolutionpadelstore.com\/fr\/wp-json\/wp\/v2\/product_cat?post=270818"},{"taxonomy":"product_tag","embeddable":true,"href":"https:\/\/revolutionpadelstore.com\/fr\/wp-json\/wp\/v2\/product_tag?post=270818"}],"curies":[{"name":"wp","href":"https:\/\/api.w.org\/{rel}","templated":true}]}}