{"id":270770,"date":"2025-10-07T23:56:16","date_gmt":"2025-10-07T21:56:16","guid":{"rendered":"https:\/\/revolutionpadelstore.com\/sudadera-bullpadel-naron-bg-azul-oscuro\/"},"modified":"2026-04-08T03:33:22","modified_gmt":"2026-04-08T01:33:22","slug":"sudadera-bullpadel-naron-bg-azul-oscuro-3","status":"publish","type":"product","link":"https:\/\/revolutionpadelstore.com\/fr\/produit\/sudadera-bullpadel-naron-bg-azul-oscuro-3\/","title":{"rendered":"SUDADERA BULLPADEL NARON BG AZUL OSCURO"},"content":{"rendered":"<h2><strong>Sweat \u00e0 capuche technique Bea Gonz\u00e1lez \u2013 Style exclusif et confort haut de gamme<\/strong><\/h2>\n<p>Affichez le style et le caract\u00e8re d&#8217;un professionnel avec ce <strong>sweat-shirt de paddle-tennis \u00e0 capuche r\u00e9glable<\/strong>, sign\u00e9 au dos par la joueuse d&#8217;\u00e9lite <strong>Bea Gonz\u00e1lez<\/strong>. Un design con\u00e7u pour les joueurs \u00e0 la recherche de performance, d&#8217;\u00e9l\u00e9gance et d&#8217;exclusivit\u00e9 sur et en dehors du terrain.<\/p>\n<h2><strong>Caract\u00e9ristiques :<\/strong><\/h2>\n<p><strong>-Capuche r\u00e9glable avec d\u00e9tail personnalis\u00e9<\/strong> sur le bord, qui apporte une touche unique et moderne.<\/p>\n<p><strong>-Tissu technique Elastic Interlock<\/strong>, m\u00e9lange de polyester et de viscose, qui garantit douceur, \u00e9lasticit\u00e9 et durabilit\u00e9.<\/p>\n<p><strong>-Poches lat\u00e9rales fonctionnelles<\/strong>, id\u00e9ales pour garder les mains au chaud ou ranger de petits objets.<\/p>\n<p><strong>-Signature exclusive de Bea Gonz\u00e1lez au dos<\/strong>, un sceau d&#8217;authenticit\u00e9 et de style professionnel.<\/p>\n<h2><strong>Avantages pour le joueur de paddle-tennis :<\/strong><\/h2>\n<p>-Confort thermique id\u00e9al pour les entra\u00eenements, les matchs ou \u00e0 porter au quotidien.<\/p>\n<p>-Style sportif et \u00e9l\u00e9gant, inspir\u00e9 par l&#8217;un des meilleurs joueurs du circuit professionnel.<\/p>\n<p>-Coupe ergonomique qui s&#8217;adapte au corps sans limiter les mouvements.<\/p>\n<p>&#8211; Un design haut de gamme qui allie performance et exclusivit\u00e9.<\/p>\n<p>-Parfait \u00e0 porter avant ou apr\u00e8s le match, ou dans le cadre de votre look sportif quotidien. Ce sweat-shirt repr\u00e9sente la fusion id\u00e9ale entre technologie textile et design professionnel.<\/p>\n<p><strong>Disponible d\u00e8s maintenant sur <a href=\"http:\/\/www.revolutionpadelstore.com\/\">www.revolutionpadelstore.com<\/a>, probablement au meilleur prix du march\u00e9. Procurez-vous le sweat-shirt Bea Gonz\u00e1lez et portez le paddle-tennis avec fiert\u00e9 !<\/strong><\/p>\n","protected":false},"excerpt":{"rendered":"<p>Sweat-shirt avec capuche r\u00e9glable et signature du joueur <strong>Bea Gonz\u00e1lez<\/strong> dans le dos.<strong>Bea Gonz\u00e1lez<\/strong><\/p>\n","protected":false},"featured_media":270738,"comment_status":"open","ping_status":"closed","template":"","meta":{"_acf_changed":false,"_joinchat":[]},"acabado":[],"balance":[],"dureza":[],"forma":[],"jugador":[],"marca":[1257],"nivel-de-juego":[],"superficie":[],"tipo-de-juego":[],"product_brand":[],"product_cat":[344],"product_tag":[],"class_list":{"0":"post-270770","1":"product","2":"type-product","3":"status-publish","4":"has-post-thumbnail","6":"marca-bullpadel-fr","7":"product_cat-ropa-fr","9":"first","10":"outofstock","11":"sale","12":"taxable","13":"shipping-taxable","14":"purchasable","15":"product-type-variable"},"acf":[],"yoast_head":"<!-- This site is optimized with the Yoast SEO plugin v27.4 - https:\/\/yoast.com\/product\/yoast-seo-wordpress\/ -->\n<title>SUDADERA BULLPADEL NARON BG AZUL OSCURO - Revolution Padel Store<\/title>\n<meta name=\"description\" content=\"Sudadera de p\u00e1del con capucha ajustable y firma de Bea Gonz\u00e1lez. Tejido el\u00e1stico Interlock con viscosa, bolsillos laterales y dise\u00f1o exclusivo. \u00a1C\u00f3mprala en Revolution Padel Store!\" \/>\n<meta name=\"robots\" content=\"index, follow, max-snippet:-1, max-image-preview:large, max-video-preview:-1\" \/>\n<link rel=\"canonical\" href=\"https:\/\/revolutionpadelstore.com\/fr\/produit\/sudadera-bullpadel-naron-bg-azul-oscuro-3\/\" \/>\n<meta property=\"og:locale\" content=\"fr_FR\" \/>\n<meta property=\"og:type\" content=\"article\" \/>\n<meta property=\"og:title\" content=\"SUDADERA BULLPADEL NARON BG AZUL OSCURO - Revolution Padel Store\" \/>\n<meta property=\"og:description\" content=\"Sudadera de p\u00e1del con capucha ajustable y firma de Bea Gonz\u00e1lez. Tejido el\u00e1stico Interlock con viscosa, bolsillos laterales y dise\u00f1o exclusivo. \u00a1C\u00f3mprala en Revolution Padel Store!\" \/>\n<meta property=\"og:url\" content=\"https:\/\/revolutionpadelstore.com\/fr\/produit\/sudadera-bullpadel-naron-bg-azul-oscuro-3\/\" \/>\n<meta property=\"og:site_name\" content=\"Revolution Padel Store\" \/>\n<meta property=\"article:modified_time\" content=\"2026-04-08T01:33:22+00:00\" \/>\n<meta property=\"og:image\" content=\"https:\/\/revolutionpadelstore.com\/wp-content\/uploads\/2025\/10\/455.png\" \/>\n\t<meta property=\"og:image:width\" content=\"1500\" \/>\n\t<meta property=\"og:image:height\" content=\"1500\" \/>\n\t<meta property=\"og:image:type\" content=\"image\/png\" \/>\n<meta name=\"twitter:card\" content=\"summary_large_image\" \/>\n<meta name=\"twitter:label1\" content=\"Dur\u00e9e de lecture estim\u00e9e\" \/>\n\t<meta name=\"twitter:data1\" content=\"1 minute\" \/>\n<script type=\"application\/ld+json\" class=\"yoast-schema-graph\">{\"@context\":\"https:\\\/\\\/schema.org\",\"@graph\":[{\"@type\":\"WebPage\",\"@id\":\"https:\\\/\\\/revolutionpadelstore.com\\\/fr\\\/produit\\\/sudadera-bullpadel-naron-bg-azul-oscuro-3\\\/\",\"url\":\"https:\\\/\\\/revolutionpadelstore.com\\\/fr\\\/produit\\\/sudadera-bullpadel-naron-bg-azul-oscuro-3\\\/\",\"name\":\"SUDADERA BULLPADEL NARON BG AZUL OSCURO - Revolution Padel Store\",\"isPartOf\":{\"@id\":\"https:\\\/\\\/revolutionpadelstore.com\\\/fr\\\/#website\"},\"primaryImageOfPage\":{\"@id\":\"https:\\\/\\\/revolutionpadelstore.com\\\/fr\\\/produit\\\/sudadera-bullpadel-naron-bg-azul-oscuro-3\\\/#primaryimage\"},\"image\":{\"@id\":\"https:\\\/\\\/revolutionpadelstore.com\\\/fr\\\/produit\\\/sudadera-bullpadel-naron-bg-azul-oscuro-3\\\/#primaryimage\"},\"thumbnailUrl\":\"https:\\\/\\\/revolutionpadelstore.com\\\/wp-content\\\/uploads\\\/2025\\\/10\\\/455.png\",\"datePublished\":\"2025-10-07T21:56:16+00:00\",\"dateModified\":\"2026-04-08T01:33:22+00:00\",\"description\":\"Sudadera de p\u00e1del con capucha ajustable y firma de Bea Gonz\u00e1lez. Tejido el\u00e1stico Interlock con viscosa, bolsillos laterales y dise\u00f1o exclusivo. \u00a1C\u00f3mprala en Revolution Padel Store!\",\"breadcrumb\":{\"@id\":\"https:\\\/\\\/revolutionpadelstore.com\\\/fr\\\/produit\\\/sudadera-bullpadel-naron-bg-azul-oscuro-3\\\/#breadcrumb\"},\"inLanguage\":\"fr-FR\",\"potentialAction\":[{\"@type\":\"ReadAction\",\"target\":[\"https:\\\/\\\/revolutionpadelstore.com\\\/fr\\\/produit\\\/sudadera-bullpadel-naron-bg-azul-oscuro-3\\\/\"]}]},{\"@type\":\"ImageObject\",\"inLanguage\":\"fr-FR\",\"@id\":\"https:\\\/\\\/revolutionpadelstore.com\\\/fr\\\/produit\\\/sudadera-bullpadel-naron-bg-azul-oscuro-3\\\/#primaryimage\",\"url\":\"https:\\\/\\\/revolutionpadelstore.com\\\/wp-content\\\/uploads\\\/2025\\\/10\\\/455.png\",\"contentUrl\":\"https:\\\/\\\/revolutionpadelstore.com\\\/wp-content\\\/uploads\\\/2025\\\/10\\\/455.png\",\"width\":1500,\"height\":1500},{\"@type\":\"BreadcrumbList\",\"@id\":\"https:\\\/\\\/revolutionpadelstore.com\\\/fr\\\/produit\\\/sudadera-bullpadel-naron-bg-azul-oscuro-3\\\/#breadcrumb\",\"itemListElement\":[{\"@type\":\"ListItem\",\"position\":1,\"name\":\"Portada\",\"item\":\"https:\\\/\\\/revolutionpadelstore.com\\\/fr\\\/\"},{\"@type\":\"ListItem\",\"position\":2,\"name\":\"Boutique\",\"item\":\"https:\\\/\\\/revolutionpadelstore.com\\\/fr\\\/tienda\\\/\"},{\"@type\":\"ListItem\",\"position\":3,\"name\":\"SUDADERA BULLPADEL NARON BG AZUL OSCURO\"}]},{\"@type\":\"WebSite\",\"@id\":\"https:\\\/\\\/revolutionpadelstore.com\\\/fr\\\/#website\",\"url\":\"https:\\\/\\\/revolutionpadelstore.com\\\/fr\\\/\",\"name\":\"Revolution Padel Store\",\"description\":\"\",\"publisher\":{\"@id\":\"https:\\\/\\\/revolutionpadelstore.com\\\/fr\\\/#organization\"},\"potentialAction\":[{\"@type\":\"SearchAction\",\"target\":{\"@type\":\"EntryPoint\",\"urlTemplate\":\"https:\\\/\\\/revolutionpadelstore.com\\\/fr\\\/?s={search_term_string}\"},\"query-input\":{\"@type\":\"PropertyValueSpecification\",\"valueRequired\":true,\"valueName\":\"search_term_string\"}}],\"inLanguage\":\"fr-FR\"},{\"@type\":\"Organization\",\"@id\":\"https:\\\/\\\/revolutionpadelstore.com\\\/fr\\\/#organization\",\"name\":\"Revolution Padel Store\",\"url\":\"https:\\\/\\\/revolutionpadelstore.com\\\/fr\\\/\",\"logo\":{\"@type\":\"ImageObject\",\"inLanguage\":\"fr-FR\",\"@id\":\"https:\\\/\\\/revolutionpadelstore.com\\\/fr\\\/#\\\/schema\\\/logo\\\/image\\\/\",\"url\":\"https:\\\/\\\/revolutionpadelstore.com\\\/wp-content\\\/uploads\\\/2026\\\/02\\\/revolution-padel-store.jpg\",\"contentUrl\":\"https:\\\/\\\/revolutionpadelstore.com\\\/wp-content\\\/uploads\\\/2026\\\/02\\\/revolution-padel-store.jpg\",\"width\":2000,\"height\":2000,\"caption\":\"Revolution Padel Store\"},\"image\":{\"@id\":\"https:\\\/\\\/revolutionpadelstore.com\\\/fr\\\/#\\\/schema\\\/logo\\\/image\\\/\"},\"sameAs\":[\"https:\\\/\\\/www.instagram.com\\\/revolutionpadelstore\\\/\"]}]}<\/script>\n<!-- \/ Yoast SEO plugin. -->","yoast_head_json":{"title":"SUDADERA BULLPADEL NARON BG AZUL OSCURO - Revolution Padel Store","description":"Sudadera de p\u00e1del con capucha ajustable y firma de Bea Gonz\u00e1lez. Tejido el\u00e1stico Interlock con viscosa, bolsillos laterales y dise\u00f1o exclusivo. \u00a1C\u00f3mprala en Revolution Padel Store!","robots":{"index":"index","follow":"follow","max-snippet":"max-snippet:-1","max-image-preview":"max-image-preview:large","max-video-preview":"max-video-preview:-1"},"canonical":"https:\/\/revolutionpadelstore.com\/fr\/produit\/sudadera-bullpadel-naron-bg-azul-oscuro-3\/","og_locale":"fr_FR","og_type":"article","og_title":"SUDADERA BULLPADEL NARON BG AZUL OSCURO - Revolution Padel Store","og_description":"Sudadera de p\u00e1del con capucha ajustable y firma de Bea Gonz\u00e1lez. Tejido el\u00e1stico Interlock con viscosa, bolsillos laterales y dise\u00f1o exclusivo. \u00a1C\u00f3mprala en Revolution Padel Store!","og_url":"https:\/\/revolutionpadelstore.com\/fr\/produit\/sudadera-bullpadel-naron-bg-azul-oscuro-3\/","og_site_name":"Revolution Padel Store","article_modified_time":"2026-04-08T01:33:22+00:00","og_image":[{"width":1500,"height":1500,"url":"https:\/\/revolutionpadelstore.com\/wp-content\/uploads\/2025\/10\/455.png","type":"image\/png"}],"twitter_card":"summary_large_image","twitter_misc":{"Dur\u00e9e de lecture estim\u00e9e":"1 minute"},"schema":{"@context":"https:\/\/schema.org","@graph":[{"@type":"WebPage","@id":"https:\/\/revolutionpadelstore.com\/fr\/produit\/sudadera-bullpadel-naron-bg-azul-oscuro-3\/","url":"https:\/\/revolutionpadelstore.com\/fr\/produit\/sudadera-bullpadel-naron-bg-azul-oscuro-3\/","name":"SUDADERA BULLPADEL NARON BG AZUL OSCURO - Revolution Padel Store","isPartOf":{"@id":"https:\/\/revolutionpadelstore.com\/fr\/#website"},"primaryImageOfPage":{"@id":"https:\/\/revolutionpadelstore.com\/fr\/produit\/sudadera-bullpadel-naron-bg-azul-oscuro-3\/#primaryimage"},"image":{"@id":"https:\/\/revolutionpadelstore.com\/fr\/produit\/sudadera-bullpadel-naron-bg-azul-oscuro-3\/#primaryimage"},"thumbnailUrl":"https:\/\/revolutionpadelstore.com\/wp-content\/uploads\/2025\/10\/455.png","datePublished":"2025-10-07T21:56:16+00:00","dateModified":"2026-04-08T01:33:22+00:00","description":"Sudadera de p\u00e1del con capucha ajustable y firma de Bea Gonz\u00e1lez. Tejido el\u00e1stico Interlock con viscosa, bolsillos laterales y dise\u00f1o exclusivo. \u00a1C\u00f3mprala en Revolution Padel Store!","breadcrumb":{"@id":"https:\/\/revolutionpadelstore.com\/fr\/produit\/sudadera-bullpadel-naron-bg-azul-oscuro-3\/#breadcrumb"},"inLanguage":"fr-FR","potentialAction":[{"@type":"ReadAction","target":["https:\/\/revolutionpadelstore.com\/fr\/produit\/sudadera-bullpadel-naron-bg-azul-oscuro-3\/"]}]},{"@type":"ImageObject","inLanguage":"fr-FR","@id":"https:\/\/revolutionpadelstore.com\/fr\/produit\/sudadera-bullpadel-naron-bg-azul-oscuro-3\/#primaryimage","url":"https:\/\/revolutionpadelstore.com\/wp-content\/uploads\/2025\/10\/455.png","contentUrl":"https:\/\/revolutionpadelstore.com\/wp-content\/uploads\/2025\/10\/455.png","width":1500,"height":1500},{"@type":"BreadcrumbList","@id":"https:\/\/revolutionpadelstore.com\/fr\/produit\/sudadera-bullpadel-naron-bg-azul-oscuro-3\/#breadcrumb","itemListElement":[{"@type":"ListItem","position":1,"name":"Portada","item":"https:\/\/revolutionpadelstore.com\/fr\/"},{"@type":"ListItem","position":2,"name":"Boutique","item":"https:\/\/revolutionpadelstore.com\/fr\/tienda\/"},{"@type":"ListItem","position":3,"name":"SUDADERA BULLPADEL NARON BG AZUL OSCURO"}]},{"@type":"WebSite","@id":"https:\/\/revolutionpadelstore.com\/fr\/#website","url":"https:\/\/revolutionpadelstore.com\/fr\/","name":"Revolution Padel Store","description":"","publisher":{"@id":"https:\/\/revolutionpadelstore.com\/fr\/#organization"},"potentialAction":[{"@type":"SearchAction","target":{"@type":"EntryPoint","urlTemplate":"https:\/\/revolutionpadelstore.com\/fr\/?s={search_term_string}"},"query-input":{"@type":"PropertyValueSpecification","valueRequired":true,"valueName":"search_term_string"}}],"inLanguage":"fr-FR"},{"@type":"Organization","@id":"https:\/\/revolutionpadelstore.com\/fr\/#organization","name":"Revolution Padel Store","url":"https:\/\/revolutionpadelstore.com\/fr\/","logo":{"@type":"ImageObject","inLanguage":"fr-FR","@id":"https:\/\/revolutionpadelstore.com\/fr\/#\/schema\/logo\/image\/","url":"https:\/\/revolutionpadelstore.com\/wp-content\/uploads\/2026\/02\/revolution-padel-store.jpg","contentUrl":"https:\/\/revolutionpadelstore.com\/wp-content\/uploads\/2026\/02\/revolution-padel-store.jpg","width":2000,"height":2000,"caption":"Revolution Padel Store"},"image":{"@id":"https:\/\/revolutionpadelstore.com\/fr\/#\/schema\/logo\/image\/"},"sameAs":["https:\/\/www.instagram.com\/revolutionpadelstore\/"]}]}},"_links":{"self":[{"href":"https:\/\/revolutionpadelstore.com\/fr\/wp-json\/wp\/v2\/product\/270770","targetHints":{"allow":["GET"]}}],"collection":[{"href":"https:\/\/revolutionpadelstore.com\/fr\/wp-json\/wp\/v2\/product"}],"about":[{"href":"https:\/\/revolutionpadelstore.com\/fr\/wp-json\/wp\/v2\/types\/product"}],"replies":[{"embeddable":true,"href":"https:\/\/revolutionpadelstore.com\/fr\/wp-json\/wp\/v2\/comments?post=270770"}],"wp:featuredmedia":[{"embeddable":true,"href":"https:\/\/revolutionpadelstore.com\/fr\/wp-json\/wp\/v2\/media\/270738"}],"wp:attachment":[{"href":"https:\/\/revolutionpadelstore.com\/fr\/wp-json\/wp\/v2\/media?parent=270770"}],"wp:term":[{"taxonomy":"acabado","embeddable":true,"href":"https:\/\/revolutionpadelstore.com\/fr\/wp-json\/wp\/v2\/acabado?post=270770"},{"taxonomy":"balance","embeddable":true,"href":"https:\/\/revolutionpadelstore.com\/fr\/wp-json\/wp\/v2\/balance?post=270770"},{"taxonomy":"dureza","embeddable":true,"href":"https:\/\/revolutionpadelstore.com\/fr\/wp-json\/wp\/v2\/dureza?post=270770"},{"taxonomy":"forma","embeddable":true,"href":"https:\/\/revolutionpadelstore.com\/fr\/wp-json\/wp\/v2\/forma?post=270770"},{"taxonomy":"jugador","embeddable":true,"href":"https:\/\/revolutionpadelstore.com\/fr\/wp-json\/wp\/v2\/jugador?post=270770"},{"taxonomy":"marca","embeddable":true,"href":"https:\/\/revolutionpadelstore.com\/fr\/wp-json\/wp\/v2\/marca?post=270770"},{"taxonomy":"nivel-de-juego","embeddable":true,"href":"https:\/\/revolutionpadelstore.com\/fr\/wp-json\/wp\/v2\/nivel-de-juego?post=270770"},{"taxonomy":"superficie","embeddable":true,"href":"https:\/\/revolutionpadelstore.com\/fr\/wp-json\/wp\/v2\/superficie?post=270770"},{"taxonomy":"tipo-de-juego","embeddable":true,"href":"https:\/\/revolutionpadelstore.com\/fr\/wp-json\/wp\/v2\/tipo-de-juego?post=270770"},{"taxonomy":"product_brand","embeddable":true,"href":"https:\/\/revolutionpadelstore.com\/fr\/wp-json\/wp\/v2\/product_brand?post=270770"},{"taxonomy":"product_cat","embeddable":true,"href":"https:\/\/revolutionpadelstore.com\/fr\/wp-json\/wp\/v2\/product_cat?post=270770"},{"taxonomy":"product_tag","embeddable":true,"href":"https:\/\/revolutionpadelstore.com\/fr\/wp-json\/wp\/v2\/product_tag?post=270770"}],"curies":[{"name":"wp","href":"https:\/\/api.w.org\/{rel}","templated":true}]}}