{"id":270546,"date":"2025-10-07T10:28:02","date_gmt":"2025-10-07T08:28:02","guid":{"rendered":"https:\/\/revolutionpadelstore.com\/pantalon-bullpadel-outles-bg-azul-oscuro\/"},"modified":"2026-04-08T03:35:13","modified_gmt":"2026-04-08T01:35:13","slug":"pantalon-bullpadel-outles-bg-azul-oscuro-3","status":"publish","type":"product","link":"https:\/\/revolutionpadelstore.com\/fr\/produit\/pantalon-bullpadel-outles-bg-azul-oscuro-3\/","title":{"rendered":"PANTALON BULLPADEL OUTLES BG AZUL OSCURO"},"content":{"rendered":"<h2>Pantalon de paddle avec ceinture Sculpt et signature Bea Gonz\u00e1lez<\/h2>\n<p>Dominez le terrain avec style et confort avec ce pantalon de padel exclusif avec une ceinture <strong>Sculpt<\/strong> et la <strong>signature de la joueuse professionnelle Bea Gonz\u00e1lez<\/strong> dans le dos. Un v\u00eatement con\u00e7u pour les joueurs exigeants qui recherchent performance, technologie et une touche de distinction dans leur \u00e9quipement sportif.<\/p>\n<h2>Fonctionnalit\u00e9s mises en \u00e9vidence<\/h2>\n<p><strong>-Design exclusif<\/strong> avec la signature de Bea Gonz\u00e1lez<\/p>\n<p><strong>-Tissu technique \u00e9lastique double Piqu\u00e9<\/strong> : s&#8217;adapte \u00e0 vos mouvements sans vous limiter<\/p>\n<p><strong>-Technologie Drynamic<\/strong> : favorise un s\u00e9chage rapide pour une plus grande fra\u00eecheur en tout point<\/p>\n<p><strong>-Ceinture Sculpt avec cordon de serrage int\u00e9rieur<\/strong> : ajustement parfait et maintien ferme<\/p>\n<p><strong>-Poches lat\u00e9rales fonctionnelles<\/strong> pour balles ou accessoires<\/p>\n<p><strong>-Ourlet avec poignet \u00e9lastique<\/strong> : meilleur maintien et style sportif<\/p>\n<p><strong>-Logo visible sur le devant<\/strong> qui met en valeur l&#8217;authenticit\u00e9 et la qualit\u00e9 du v\u00eatement<\/p>\n<h2>Avantages pour les joueuses de padel<\/h2>\n<p>-Id\u00e9al pour les entra\u00eenements intenses et les matchs comp\u00e9titifs<\/p>\n<p>-Vous garde au sec et \u00e0 l&#8217;aise gr\u00e2ce \u00e0 son tissu haute performance<\/p>\n<p>-Design polyvalent qui se combine avec n&#8217;importe quel t-shirt technique ou haut de sport<\/p>\n<p>-V\u00eatement officiel associ\u00e9 \u00e0 un joueur top du circuit professionnel<\/p>\n<h2>Pourquoi choisir ce pantalon ?<\/h2>\n<p>Ce pantalon offre non seulement une coupe confortable et un design moderne, mais repr\u00e9sente \u00e9galement <strong>l&#8217;esprit de comp\u00e9tition et le style unique de Bea Gonz\u00e1lez<\/strong>, l&#8217;une des grandes figures du padel f\u00e9minin. Il est parfait pour les joueurs qui veulent faire la diff\u00e9rence \u00e0 chaque match.<\/p>\n<p>Disponible d\u00e8s maintenant dans notre boutique en ligne <a href=\"https:\/\/www.revolutionpadelstore.com\/\">www.revolutionpadelstore.com<\/a>, probablement au meilleur prix du march\u00e9. Obtenez le v\u00f4tre avant qu&#8217;ils ne soient \u00e9puis\u00e9s !<\/p>\n<h2>Pantal\u00f3n de p\u00e1del con cinturilla Sculpt y firma de Bea Gonz\u00e1lez<\/h2>\n","protected":false},"excerpt":{"rendered":"<p>Pantalon avec ceinture de type Sculpt et signature de la joueuse <strong>Bea Gonz\u00e1lez<\/strong> au dos<strong>Bea Gonz\u00e1lez<\/strong><\/p>\n","protected":false},"featured_media":270514,"comment_status":"open","ping_status":"closed","template":"","meta":{"_acf_changed":false,"_joinchat":[]},"acabado":[],"balance":[],"dureza":[],"forma":[],"jugador":[],"marca":[1257],"nivel-de-juego":[],"superficie":[],"tipo-de-juego":[],"product_brand":[],"product_cat":[344],"product_tag":[],"class_list":{"0":"post-270546","1":"product","2":"type-product","3":"status-publish","4":"has-post-thumbnail","6":"marca-bullpadel-fr","7":"product_cat-ropa-fr","9":"first","10":"outofstock","11":"sale","12":"taxable","13":"shipping-taxable","14":"purchasable","15":"product-type-variable"},"acf":[],"yoast_head":"<!-- This site is optimized with the Yoast SEO plugin v27.4 - https:\/\/yoast.com\/product\/yoast-seo-wordpress\/ -->\n<title>PANTALON BULLPADEL OUTLES BG AZUL OSCURO - Revolution Padel Store<\/title>\n<meta name=\"description\" content=\"Pantal\u00f3n de p\u00e1del con cinturilla tipo Sculpt, tecnolog\u00eda Drynamic y la firma de Bea Gonz\u00e1lez. Dise\u00f1o t\u00e9cnico, c\u00f3modo y exclusivo. C\u00f3mpralo en www.revolutionpadelstore.com al mejor precio.\" \/>\n<meta name=\"robots\" content=\"index, follow, max-snippet:-1, max-image-preview:large, max-video-preview:-1\" \/>\n<link rel=\"canonical\" href=\"https:\/\/revolutionpadelstore.com\/fr\/produit\/pantalon-bullpadel-outles-bg-azul-oscuro-3\/\" \/>\n<meta property=\"og:locale\" content=\"fr_FR\" \/>\n<meta property=\"og:type\" content=\"article\" \/>\n<meta property=\"og:title\" content=\"PANTALON BULLPADEL OUTLES BG AZUL OSCURO - Revolution Padel Store\" \/>\n<meta property=\"og:description\" content=\"Pantal\u00f3n de p\u00e1del con cinturilla tipo Sculpt, tecnolog\u00eda Drynamic y la firma de Bea Gonz\u00e1lez. Dise\u00f1o t\u00e9cnico, c\u00f3modo y exclusivo. C\u00f3mpralo en www.revolutionpadelstore.com al mejor precio.\" \/>\n<meta property=\"og:url\" content=\"https:\/\/revolutionpadelstore.com\/fr\/produit\/pantalon-bullpadel-outles-bg-azul-oscuro-3\/\" \/>\n<meta property=\"og:site_name\" content=\"Revolution Padel Store\" \/>\n<meta property=\"article:modified_time\" content=\"2026-04-08T01:35:13+00:00\" \/>\n<meta property=\"og:image\" content=\"https:\/\/revolutionpadelstore.com\/wp-content\/uploads\/2025\/10\/435.png\" \/>\n\t<meta property=\"og:image:width\" content=\"1500\" \/>\n\t<meta property=\"og:image:height\" content=\"1500\" \/>\n\t<meta property=\"og:image:type\" content=\"image\/png\" \/>\n<meta name=\"twitter:card\" content=\"summary_large_image\" \/>\n<meta name=\"twitter:label1\" content=\"Dur\u00e9e de lecture estim\u00e9e\" \/>\n\t<meta name=\"twitter:data1\" content=\"2 minutes\" \/>\n<script type=\"application\/ld+json\" class=\"yoast-schema-graph\">{\"@context\":\"https:\\\/\\\/schema.org\",\"@graph\":[{\"@type\":\"WebPage\",\"@id\":\"https:\\\/\\\/revolutionpadelstore.com\\\/fr\\\/produit\\\/pantalon-bullpadel-outles-bg-azul-oscuro-3\\\/\",\"url\":\"https:\\\/\\\/revolutionpadelstore.com\\\/fr\\\/produit\\\/pantalon-bullpadel-outles-bg-azul-oscuro-3\\\/\",\"name\":\"PANTALON BULLPADEL OUTLES BG AZUL OSCURO - Revolution Padel Store\",\"isPartOf\":{\"@id\":\"https:\\\/\\\/revolutionpadelstore.com\\\/fr\\\/#website\"},\"primaryImageOfPage\":{\"@id\":\"https:\\\/\\\/revolutionpadelstore.com\\\/fr\\\/produit\\\/pantalon-bullpadel-outles-bg-azul-oscuro-3\\\/#primaryimage\"},\"image\":{\"@id\":\"https:\\\/\\\/revolutionpadelstore.com\\\/fr\\\/produit\\\/pantalon-bullpadel-outles-bg-azul-oscuro-3\\\/#primaryimage\"},\"thumbnailUrl\":\"https:\\\/\\\/revolutionpadelstore.com\\\/wp-content\\\/uploads\\\/2025\\\/10\\\/435.png\",\"datePublished\":\"2025-10-07T08:28:02+00:00\",\"dateModified\":\"2026-04-08T01:35:13+00:00\",\"description\":\"Pantal\u00f3n de p\u00e1del con cinturilla tipo Sculpt, tecnolog\u00eda Drynamic y la firma de Bea Gonz\u00e1lez. Dise\u00f1o t\u00e9cnico, c\u00f3modo y exclusivo. C\u00f3mpralo en www.revolutionpadelstore.com al mejor precio.\",\"breadcrumb\":{\"@id\":\"https:\\\/\\\/revolutionpadelstore.com\\\/fr\\\/produit\\\/pantalon-bullpadel-outles-bg-azul-oscuro-3\\\/#breadcrumb\"},\"inLanguage\":\"fr-FR\",\"potentialAction\":[{\"@type\":\"ReadAction\",\"target\":[\"https:\\\/\\\/revolutionpadelstore.com\\\/fr\\\/produit\\\/pantalon-bullpadel-outles-bg-azul-oscuro-3\\\/\"]}]},{\"@type\":\"ImageObject\",\"inLanguage\":\"fr-FR\",\"@id\":\"https:\\\/\\\/revolutionpadelstore.com\\\/fr\\\/produit\\\/pantalon-bullpadel-outles-bg-azul-oscuro-3\\\/#primaryimage\",\"url\":\"https:\\\/\\\/revolutionpadelstore.com\\\/wp-content\\\/uploads\\\/2025\\\/10\\\/435.png\",\"contentUrl\":\"https:\\\/\\\/revolutionpadelstore.com\\\/wp-content\\\/uploads\\\/2025\\\/10\\\/435.png\",\"width\":1500,\"height\":1500},{\"@type\":\"BreadcrumbList\",\"@id\":\"https:\\\/\\\/revolutionpadelstore.com\\\/fr\\\/produit\\\/pantalon-bullpadel-outles-bg-azul-oscuro-3\\\/#breadcrumb\",\"itemListElement\":[{\"@type\":\"ListItem\",\"position\":1,\"name\":\"Portada\",\"item\":\"https:\\\/\\\/revolutionpadelstore.com\\\/fr\\\/\"},{\"@type\":\"ListItem\",\"position\":2,\"name\":\"Boutique\",\"item\":\"https:\\\/\\\/revolutionpadelstore.com\\\/fr\\\/tienda\\\/\"},{\"@type\":\"ListItem\",\"position\":3,\"name\":\"PANTALON BULLPADEL OUTLES BG AZUL OSCURO\"}]},{\"@type\":\"WebSite\",\"@id\":\"https:\\\/\\\/revolutionpadelstore.com\\\/fr\\\/#website\",\"url\":\"https:\\\/\\\/revolutionpadelstore.com\\\/fr\\\/\",\"name\":\"Revolution Padel Store\",\"description\":\"\",\"publisher\":{\"@id\":\"https:\\\/\\\/revolutionpadelstore.com\\\/fr\\\/#organization\"},\"potentialAction\":[{\"@type\":\"SearchAction\",\"target\":{\"@type\":\"EntryPoint\",\"urlTemplate\":\"https:\\\/\\\/revolutionpadelstore.com\\\/fr\\\/?s={search_term_string}\"},\"query-input\":{\"@type\":\"PropertyValueSpecification\",\"valueRequired\":true,\"valueName\":\"search_term_string\"}}],\"inLanguage\":\"fr-FR\"},{\"@type\":\"Organization\",\"@id\":\"https:\\\/\\\/revolutionpadelstore.com\\\/fr\\\/#organization\",\"name\":\"Revolution Padel Store\",\"url\":\"https:\\\/\\\/revolutionpadelstore.com\\\/fr\\\/\",\"logo\":{\"@type\":\"ImageObject\",\"inLanguage\":\"fr-FR\",\"@id\":\"https:\\\/\\\/revolutionpadelstore.com\\\/fr\\\/#\\\/schema\\\/logo\\\/image\\\/\",\"url\":\"https:\\\/\\\/revolutionpadelstore.com\\\/wp-content\\\/uploads\\\/2026\\\/02\\\/revolution-padel-store.jpg\",\"contentUrl\":\"https:\\\/\\\/revolutionpadelstore.com\\\/wp-content\\\/uploads\\\/2026\\\/02\\\/revolution-padel-store.jpg\",\"width\":2000,\"height\":2000,\"caption\":\"Revolution Padel Store\"},\"image\":{\"@id\":\"https:\\\/\\\/revolutionpadelstore.com\\\/fr\\\/#\\\/schema\\\/logo\\\/image\\\/\"},\"sameAs\":[\"https:\\\/\\\/www.instagram.com\\\/revolutionpadelstore\\\/\"]}]}<\/script>\n<!-- \/ Yoast SEO plugin. -->","yoast_head_json":{"title":"PANTALON BULLPADEL OUTLES BG AZUL OSCURO - Revolution Padel Store","description":"Pantal\u00f3n de p\u00e1del con cinturilla tipo Sculpt, tecnolog\u00eda Drynamic y la firma de Bea Gonz\u00e1lez. Dise\u00f1o t\u00e9cnico, c\u00f3modo y exclusivo. C\u00f3mpralo en www.revolutionpadelstore.com al mejor precio.","robots":{"index":"index","follow":"follow","max-snippet":"max-snippet:-1","max-image-preview":"max-image-preview:large","max-video-preview":"max-video-preview:-1"},"canonical":"https:\/\/revolutionpadelstore.com\/fr\/produit\/pantalon-bullpadel-outles-bg-azul-oscuro-3\/","og_locale":"fr_FR","og_type":"article","og_title":"PANTALON BULLPADEL OUTLES BG AZUL OSCURO - Revolution Padel Store","og_description":"Pantal\u00f3n de p\u00e1del con cinturilla tipo Sculpt, tecnolog\u00eda Drynamic y la firma de Bea Gonz\u00e1lez. Dise\u00f1o t\u00e9cnico, c\u00f3modo y exclusivo. C\u00f3mpralo en www.revolutionpadelstore.com al mejor precio.","og_url":"https:\/\/revolutionpadelstore.com\/fr\/produit\/pantalon-bullpadel-outles-bg-azul-oscuro-3\/","og_site_name":"Revolution Padel Store","article_modified_time":"2026-04-08T01:35:13+00:00","og_image":[{"width":1500,"height":1500,"url":"https:\/\/revolutionpadelstore.com\/wp-content\/uploads\/2025\/10\/435.png","type":"image\/png"}],"twitter_card":"summary_large_image","twitter_misc":{"Dur\u00e9e de lecture estim\u00e9e":"2 minutes"},"schema":{"@context":"https:\/\/schema.org","@graph":[{"@type":"WebPage","@id":"https:\/\/revolutionpadelstore.com\/fr\/produit\/pantalon-bullpadel-outles-bg-azul-oscuro-3\/","url":"https:\/\/revolutionpadelstore.com\/fr\/produit\/pantalon-bullpadel-outles-bg-azul-oscuro-3\/","name":"PANTALON BULLPADEL OUTLES BG AZUL OSCURO - Revolution Padel Store","isPartOf":{"@id":"https:\/\/revolutionpadelstore.com\/fr\/#website"},"primaryImageOfPage":{"@id":"https:\/\/revolutionpadelstore.com\/fr\/produit\/pantalon-bullpadel-outles-bg-azul-oscuro-3\/#primaryimage"},"image":{"@id":"https:\/\/revolutionpadelstore.com\/fr\/produit\/pantalon-bullpadel-outles-bg-azul-oscuro-3\/#primaryimage"},"thumbnailUrl":"https:\/\/revolutionpadelstore.com\/wp-content\/uploads\/2025\/10\/435.png","datePublished":"2025-10-07T08:28:02+00:00","dateModified":"2026-04-08T01:35:13+00:00","description":"Pantal\u00f3n de p\u00e1del con cinturilla tipo Sculpt, tecnolog\u00eda Drynamic y la firma de Bea Gonz\u00e1lez. Dise\u00f1o t\u00e9cnico, c\u00f3modo y exclusivo. C\u00f3mpralo en www.revolutionpadelstore.com al mejor precio.","breadcrumb":{"@id":"https:\/\/revolutionpadelstore.com\/fr\/produit\/pantalon-bullpadel-outles-bg-azul-oscuro-3\/#breadcrumb"},"inLanguage":"fr-FR","potentialAction":[{"@type":"ReadAction","target":["https:\/\/revolutionpadelstore.com\/fr\/produit\/pantalon-bullpadel-outles-bg-azul-oscuro-3\/"]}]},{"@type":"ImageObject","inLanguage":"fr-FR","@id":"https:\/\/revolutionpadelstore.com\/fr\/produit\/pantalon-bullpadel-outles-bg-azul-oscuro-3\/#primaryimage","url":"https:\/\/revolutionpadelstore.com\/wp-content\/uploads\/2025\/10\/435.png","contentUrl":"https:\/\/revolutionpadelstore.com\/wp-content\/uploads\/2025\/10\/435.png","width":1500,"height":1500},{"@type":"BreadcrumbList","@id":"https:\/\/revolutionpadelstore.com\/fr\/produit\/pantalon-bullpadel-outles-bg-azul-oscuro-3\/#breadcrumb","itemListElement":[{"@type":"ListItem","position":1,"name":"Portada","item":"https:\/\/revolutionpadelstore.com\/fr\/"},{"@type":"ListItem","position":2,"name":"Boutique","item":"https:\/\/revolutionpadelstore.com\/fr\/tienda\/"},{"@type":"ListItem","position":3,"name":"PANTALON BULLPADEL OUTLES BG AZUL OSCURO"}]},{"@type":"WebSite","@id":"https:\/\/revolutionpadelstore.com\/fr\/#website","url":"https:\/\/revolutionpadelstore.com\/fr\/","name":"Revolution Padel Store","description":"","publisher":{"@id":"https:\/\/revolutionpadelstore.com\/fr\/#organization"},"potentialAction":[{"@type":"SearchAction","target":{"@type":"EntryPoint","urlTemplate":"https:\/\/revolutionpadelstore.com\/fr\/?s={search_term_string}"},"query-input":{"@type":"PropertyValueSpecification","valueRequired":true,"valueName":"search_term_string"}}],"inLanguage":"fr-FR"},{"@type":"Organization","@id":"https:\/\/revolutionpadelstore.com\/fr\/#organization","name":"Revolution Padel Store","url":"https:\/\/revolutionpadelstore.com\/fr\/","logo":{"@type":"ImageObject","inLanguage":"fr-FR","@id":"https:\/\/revolutionpadelstore.com\/fr\/#\/schema\/logo\/image\/","url":"https:\/\/revolutionpadelstore.com\/wp-content\/uploads\/2026\/02\/revolution-padel-store.jpg","contentUrl":"https:\/\/revolutionpadelstore.com\/wp-content\/uploads\/2026\/02\/revolution-padel-store.jpg","width":2000,"height":2000,"caption":"Revolution Padel Store"},"image":{"@id":"https:\/\/revolutionpadelstore.com\/fr\/#\/schema\/logo\/image\/"},"sameAs":["https:\/\/www.instagram.com\/revolutionpadelstore\/"]}]}},"_links":{"self":[{"href":"https:\/\/revolutionpadelstore.com\/fr\/wp-json\/wp\/v2\/product\/270546","targetHints":{"allow":["GET"]}}],"collection":[{"href":"https:\/\/revolutionpadelstore.com\/fr\/wp-json\/wp\/v2\/product"}],"about":[{"href":"https:\/\/revolutionpadelstore.com\/fr\/wp-json\/wp\/v2\/types\/product"}],"replies":[{"embeddable":true,"href":"https:\/\/revolutionpadelstore.com\/fr\/wp-json\/wp\/v2\/comments?post=270546"}],"wp:featuredmedia":[{"embeddable":true,"href":"https:\/\/revolutionpadelstore.com\/fr\/wp-json\/wp\/v2\/media\/270514"}],"wp:attachment":[{"href":"https:\/\/revolutionpadelstore.com\/fr\/wp-json\/wp\/v2\/media?parent=270546"}],"wp:term":[{"taxonomy":"acabado","embeddable":true,"href":"https:\/\/revolutionpadelstore.com\/fr\/wp-json\/wp\/v2\/acabado?post=270546"},{"taxonomy":"balance","embeddable":true,"href":"https:\/\/revolutionpadelstore.com\/fr\/wp-json\/wp\/v2\/balance?post=270546"},{"taxonomy":"dureza","embeddable":true,"href":"https:\/\/revolutionpadelstore.com\/fr\/wp-json\/wp\/v2\/dureza?post=270546"},{"taxonomy":"forma","embeddable":true,"href":"https:\/\/revolutionpadelstore.com\/fr\/wp-json\/wp\/v2\/forma?post=270546"},{"taxonomy":"jugador","embeddable":true,"href":"https:\/\/revolutionpadelstore.com\/fr\/wp-json\/wp\/v2\/jugador?post=270546"},{"taxonomy":"marca","embeddable":true,"href":"https:\/\/revolutionpadelstore.com\/fr\/wp-json\/wp\/v2\/marca?post=270546"},{"taxonomy":"nivel-de-juego","embeddable":true,"href":"https:\/\/revolutionpadelstore.com\/fr\/wp-json\/wp\/v2\/nivel-de-juego?post=270546"},{"taxonomy":"superficie","embeddable":true,"href":"https:\/\/revolutionpadelstore.com\/fr\/wp-json\/wp\/v2\/superficie?post=270546"},{"taxonomy":"tipo-de-juego","embeddable":true,"href":"https:\/\/revolutionpadelstore.com\/fr\/wp-json\/wp\/v2\/tipo-de-juego?post=270546"},{"taxonomy":"product_brand","embeddable":true,"href":"https:\/\/revolutionpadelstore.com\/fr\/wp-json\/wp\/v2\/product_brand?post=270546"},{"taxonomy":"product_cat","embeddable":true,"href":"https:\/\/revolutionpadelstore.com\/fr\/wp-json\/wp\/v2\/product_cat?post=270546"},{"taxonomy":"product_tag","embeddable":true,"href":"https:\/\/revolutionpadelstore.com\/fr\/wp-json\/wp\/v2\/product_tag?post=270546"}],"curies":[{"name":"wp","href":"https:\/\/api.w.org\/{rel}","templated":true}]}}