{"id":270423,"date":"2025-10-07T00:31:34","date_gmt":"2025-10-06T22:31:34","guid":{"rendered":"https:\/\/revolutionpadelstore.com\/camiseta-bullpadel-batea-038-hielo\/"},"modified":"2026-04-08T03:36:13","modified_gmt":"2026-04-08T01:36:13","slug":"camiseta-bullpadel-batea-038-hielo-3","status":"publish","type":"product","link":"https:\/\/revolutionpadelstore.com\/fr\/produit\/camiseta-bullpadel-batea-038-hielo-3\/","title":{"rendered":"CAMISETA BULLPADEL BATEA 038 HIELO"},"content":{"rendered":"<h2>T-shirt sans manches Bea Gonz\u00e1lez \u2013 Performance et style sur le terrain<\/h2>\n<h2>Inspir\u00e9 par un champion, cr\u00e9\u00e9 pour les joueurs exigeants<\/h2>\n<p>Con\u00e7u pour offrir libert\u00e9 de mouvement, respirabilit\u00e9 et look professionnel, le <strong>t-shirt sans manches signature bea Gonz\u00e1lez<\/strong> est un v\u00eatement technique qui allie style et fonctionnalit\u00e9, id\u00e9al pour les joueurs qui souhaitent se d\u00e9marquer tant par leur jeu que par leur image.<\/p>\n<h2>Fonctionnalit\u00e9s mises en avant :<\/h2>\n<p><strong>-\u00c9dition exclusive<\/strong> : Signature de <strong>Bea Gonz\u00e1lez<\/strong> au dos, symbole d&#8217;authenticit\u00e9 et d&#8217;esprit de comp\u00e9tition.<\/p>\n<p><strong>-Tissu technique Drylum<\/strong> : Fabriqu\u00e9 en <strong>nylon avec \u00e9lasthanne<\/strong>, avec une finition <strong>\u00e0 s\u00e9chage rapide<\/strong> qui \u00e9vite l&#8217;accumulation de transpiration et am\u00e9liore le confort pendant le jeu.<\/p>\n<p><strong>-Conception respirante<\/strong> : bande arri\u00e8re contrast\u00e9e avec <strong>perforations laser<\/strong>, qui favorise la ventilation et garde la peau fra\u00eeche dans les moments les plus intenses du match.<\/p>\n<p><strong>-Loose Fitting<\/strong> : Coupe ample pour un ajustement confortable et une plus grande libert\u00e9 de mouvement.<\/p>\n<p><strong>-D\u00e9tails fonctionnels et esth\u00e9tiques<\/strong> : Impression subtile sur l&#8217;ensemble du v\u00eatement, ouvertures lat\u00e9rales pour une plus grande flexibilit\u00e9 et <strong>logo r\u00e9fl\u00e9chissant<\/strong> sur le devant pour augmenter la visibilit\u00e9.<\/p>\n<h2>\u00c0 qui est-il adress\u00e9 ?<\/h2>\n<p>Pour les joueurs qui recherchent la performance sans renoncer au design. Id\u00e9al pour les entra\u00eenements, les comp\u00e9titions ou \u00e0 porter avec un look sportif et \u00e9l\u00e9gant en dehors du terrain.<\/p>\n<p><strong>Obtenez d\u00e8s maintenant le t-shirt sans manches de Bea Gonz\u00e1lez sur <a href=\"http:\/\/www.revolutionpadelstore.com\/\">www.revolutionpadelstore.com<\/a>, probablement au meilleur prix du march\u00e9. Un v\u00eatement unique pour des joueurs uniques !<\/strong><\/p>\n","protected":false},"excerpt":{"rendered":"<p>T-shirt sans manches avec la signature du joueur <strong>Bea Gonz\u00e1lez<\/strong> dans le dos.<strong>Bea Gonz\u00e1lez<\/strong><\/p>\n","protected":false},"featured_media":270416,"comment_status":"open","ping_status":"closed","template":"","meta":{"_acf_changed":false,"_joinchat":[]},"acabado":[],"balance":[],"dureza":[],"forma":[],"jugador":[],"marca":[1257],"nivel-de-juego":[],"superficie":[],"tipo-de-juego":[],"product_brand":[],"product_cat":[344],"product_tag":[],"class_list":{"0":"post-270423","1":"product","2":"type-product","3":"status-publish","4":"has-post-thumbnail","6":"marca-bullpadel-fr","7":"product_cat-ropa-fr","9":"first","10":"outofstock","11":"sale","12":"taxable","13":"shipping-taxable","14":"purchasable","15":"product-type-variable"},"acf":[],"yoast_head":"<!-- This site is optimized with the Yoast SEO plugin v27.4 - https:\/\/yoast.com\/product\/yoast-seo-wordpress\/ -->\n<title>CAMISETA BULLPADEL BATEA 038 HIELO - Revolution Padel Store<\/title>\n<meta name=\"description\" content=\"Camiseta sin mangas de p\u00e1del con firma de Bea Gonz\u00e1lez. Dise\u00f1o t\u00e9cnico con tejido Drylum de secado r\u00e1pido, franja transpirable y logo reflectante. Ya disponible en Revolution Padel Store al mejor precio.\" \/>\n<meta name=\"robots\" content=\"index, follow, max-snippet:-1, max-image-preview:large, max-video-preview:-1\" \/>\n<link rel=\"canonical\" href=\"https:\/\/revolutionpadelstore.com\/fr\/produit\/camiseta-bullpadel-batea-038-hielo-3\/\" \/>\n<meta property=\"og:locale\" content=\"fr_FR\" \/>\n<meta property=\"og:type\" content=\"article\" \/>\n<meta property=\"og:title\" content=\"CAMISETA BULLPADEL BATEA 038 HIELO - Revolution Padel Store\" \/>\n<meta property=\"og:description\" content=\"Camiseta sin mangas de p\u00e1del con firma de Bea Gonz\u00e1lez. Dise\u00f1o t\u00e9cnico con tejido Drylum de secado r\u00e1pido, franja transpirable y logo reflectante. Ya disponible en Revolution Padel Store al mejor precio.\" \/>\n<meta property=\"og:url\" content=\"https:\/\/revolutionpadelstore.com\/fr\/produit\/camiseta-bullpadel-batea-038-hielo-3\/\" \/>\n<meta property=\"og:site_name\" content=\"Revolution Padel Store\" \/>\n<meta property=\"article:modified_time\" content=\"2026-04-08T01:36:13+00:00\" \/>\n<meta property=\"og:image\" content=\"https:\/\/revolutionpadelstore.com\/wp-content\/uploads\/2025\/10\/429.png\" \/>\n\t<meta property=\"og:image:width\" content=\"1500\" \/>\n\t<meta property=\"og:image:height\" content=\"1500\" \/>\n\t<meta property=\"og:image:type\" content=\"image\/png\" \/>\n<meta name=\"twitter:card\" content=\"summary_large_image\" \/>\n<meta name=\"twitter:label1\" content=\"Dur\u00e9e de lecture estim\u00e9e\" \/>\n\t<meta name=\"twitter:data1\" content=\"1 minute\" \/>\n<script type=\"application\/ld+json\" class=\"yoast-schema-graph\">{\"@context\":\"https:\\\/\\\/schema.org\",\"@graph\":[{\"@type\":\"WebPage\",\"@id\":\"https:\\\/\\\/revolutionpadelstore.com\\\/fr\\\/produit\\\/camiseta-bullpadel-batea-038-hielo-3\\\/\",\"url\":\"https:\\\/\\\/revolutionpadelstore.com\\\/fr\\\/produit\\\/camiseta-bullpadel-batea-038-hielo-3\\\/\",\"name\":\"CAMISETA BULLPADEL BATEA 038 HIELO - Revolution Padel Store\",\"isPartOf\":{\"@id\":\"https:\\\/\\\/revolutionpadelstore.com\\\/fr\\\/#website\"},\"primaryImageOfPage\":{\"@id\":\"https:\\\/\\\/revolutionpadelstore.com\\\/fr\\\/produit\\\/camiseta-bullpadel-batea-038-hielo-3\\\/#primaryimage\"},\"image\":{\"@id\":\"https:\\\/\\\/revolutionpadelstore.com\\\/fr\\\/produit\\\/camiseta-bullpadel-batea-038-hielo-3\\\/#primaryimage\"},\"thumbnailUrl\":\"https:\\\/\\\/revolutionpadelstore.com\\\/wp-content\\\/uploads\\\/2025\\\/10\\\/429.png\",\"datePublished\":\"2025-10-06T22:31:34+00:00\",\"dateModified\":\"2026-04-08T01:36:13+00:00\",\"description\":\"Camiseta sin mangas de p\u00e1del con firma de Bea Gonz\u00e1lez. Dise\u00f1o t\u00e9cnico con tejido Drylum de secado r\u00e1pido, franja transpirable y logo reflectante. Ya disponible en Revolution Padel Store al mejor precio.\",\"breadcrumb\":{\"@id\":\"https:\\\/\\\/revolutionpadelstore.com\\\/fr\\\/produit\\\/camiseta-bullpadel-batea-038-hielo-3\\\/#breadcrumb\"},\"inLanguage\":\"fr-FR\",\"potentialAction\":[{\"@type\":\"ReadAction\",\"target\":[\"https:\\\/\\\/revolutionpadelstore.com\\\/fr\\\/produit\\\/camiseta-bullpadel-batea-038-hielo-3\\\/\"]}]},{\"@type\":\"ImageObject\",\"inLanguage\":\"fr-FR\",\"@id\":\"https:\\\/\\\/revolutionpadelstore.com\\\/fr\\\/produit\\\/camiseta-bullpadel-batea-038-hielo-3\\\/#primaryimage\",\"url\":\"https:\\\/\\\/revolutionpadelstore.com\\\/wp-content\\\/uploads\\\/2025\\\/10\\\/429.png\",\"contentUrl\":\"https:\\\/\\\/revolutionpadelstore.com\\\/wp-content\\\/uploads\\\/2025\\\/10\\\/429.png\",\"width\":1500,\"height\":1500},{\"@type\":\"BreadcrumbList\",\"@id\":\"https:\\\/\\\/revolutionpadelstore.com\\\/fr\\\/produit\\\/camiseta-bullpadel-batea-038-hielo-3\\\/#breadcrumb\",\"itemListElement\":[{\"@type\":\"ListItem\",\"position\":1,\"name\":\"Portada\",\"item\":\"https:\\\/\\\/revolutionpadelstore.com\\\/fr\\\/\"},{\"@type\":\"ListItem\",\"position\":2,\"name\":\"Boutique\",\"item\":\"https:\\\/\\\/revolutionpadelstore.com\\\/fr\\\/tienda\\\/\"},{\"@type\":\"ListItem\",\"position\":3,\"name\":\"CAMISETA BULLPADEL BATEA 038 HIELO\"}]},{\"@type\":\"WebSite\",\"@id\":\"https:\\\/\\\/revolutionpadelstore.com\\\/fr\\\/#website\",\"url\":\"https:\\\/\\\/revolutionpadelstore.com\\\/fr\\\/\",\"name\":\"Revolution Padel Store\",\"description\":\"\",\"publisher\":{\"@id\":\"https:\\\/\\\/revolutionpadelstore.com\\\/fr\\\/#organization\"},\"potentialAction\":[{\"@type\":\"SearchAction\",\"target\":{\"@type\":\"EntryPoint\",\"urlTemplate\":\"https:\\\/\\\/revolutionpadelstore.com\\\/fr\\\/?s={search_term_string}\"},\"query-input\":{\"@type\":\"PropertyValueSpecification\",\"valueRequired\":true,\"valueName\":\"search_term_string\"}}],\"inLanguage\":\"fr-FR\"},{\"@type\":\"Organization\",\"@id\":\"https:\\\/\\\/revolutionpadelstore.com\\\/fr\\\/#organization\",\"name\":\"Revolution Padel Store\",\"url\":\"https:\\\/\\\/revolutionpadelstore.com\\\/fr\\\/\",\"logo\":{\"@type\":\"ImageObject\",\"inLanguage\":\"fr-FR\",\"@id\":\"https:\\\/\\\/revolutionpadelstore.com\\\/fr\\\/#\\\/schema\\\/logo\\\/image\\\/\",\"url\":\"https:\\\/\\\/revolutionpadelstore.com\\\/wp-content\\\/uploads\\\/2026\\\/02\\\/revolution-padel-store.jpg\",\"contentUrl\":\"https:\\\/\\\/revolutionpadelstore.com\\\/wp-content\\\/uploads\\\/2026\\\/02\\\/revolution-padel-store.jpg\",\"width\":2000,\"height\":2000,\"caption\":\"Revolution Padel Store\"},\"image\":{\"@id\":\"https:\\\/\\\/revolutionpadelstore.com\\\/fr\\\/#\\\/schema\\\/logo\\\/image\\\/\"},\"sameAs\":[\"https:\\\/\\\/www.instagram.com\\\/revolutionpadelstore\\\/\"]}]}<\/script>\n<!-- \/ Yoast SEO plugin. -->","yoast_head_json":{"title":"CAMISETA BULLPADEL BATEA 038 HIELO - Revolution Padel Store","description":"Camiseta sin mangas de p\u00e1del con firma de Bea Gonz\u00e1lez. Dise\u00f1o t\u00e9cnico con tejido Drylum de secado r\u00e1pido, franja transpirable y logo reflectante. Ya disponible en Revolution Padel Store al mejor precio.","robots":{"index":"index","follow":"follow","max-snippet":"max-snippet:-1","max-image-preview":"max-image-preview:large","max-video-preview":"max-video-preview:-1"},"canonical":"https:\/\/revolutionpadelstore.com\/fr\/produit\/camiseta-bullpadel-batea-038-hielo-3\/","og_locale":"fr_FR","og_type":"article","og_title":"CAMISETA BULLPADEL BATEA 038 HIELO - Revolution Padel Store","og_description":"Camiseta sin mangas de p\u00e1del con firma de Bea Gonz\u00e1lez. Dise\u00f1o t\u00e9cnico con tejido Drylum de secado r\u00e1pido, franja transpirable y logo reflectante. Ya disponible en Revolution Padel Store al mejor precio.","og_url":"https:\/\/revolutionpadelstore.com\/fr\/produit\/camiseta-bullpadel-batea-038-hielo-3\/","og_site_name":"Revolution Padel Store","article_modified_time":"2026-04-08T01:36:13+00:00","og_image":[{"width":1500,"height":1500,"url":"https:\/\/revolutionpadelstore.com\/wp-content\/uploads\/2025\/10\/429.png","type":"image\/png"}],"twitter_card":"summary_large_image","twitter_misc":{"Dur\u00e9e de lecture estim\u00e9e":"1 minute"},"schema":{"@context":"https:\/\/schema.org","@graph":[{"@type":"WebPage","@id":"https:\/\/revolutionpadelstore.com\/fr\/produit\/camiseta-bullpadel-batea-038-hielo-3\/","url":"https:\/\/revolutionpadelstore.com\/fr\/produit\/camiseta-bullpadel-batea-038-hielo-3\/","name":"CAMISETA BULLPADEL BATEA 038 HIELO - Revolution Padel Store","isPartOf":{"@id":"https:\/\/revolutionpadelstore.com\/fr\/#website"},"primaryImageOfPage":{"@id":"https:\/\/revolutionpadelstore.com\/fr\/produit\/camiseta-bullpadel-batea-038-hielo-3\/#primaryimage"},"image":{"@id":"https:\/\/revolutionpadelstore.com\/fr\/produit\/camiseta-bullpadel-batea-038-hielo-3\/#primaryimage"},"thumbnailUrl":"https:\/\/revolutionpadelstore.com\/wp-content\/uploads\/2025\/10\/429.png","datePublished":"2025-10-06T22:31:34+00:00","dateModified":"2026-04-08T01:36:13+00:00","description":"Camiseta sin mangas de p\u00e1del con firma de Bea Gonz\u00e1lez. Dise\u00f1o t\u00e9cnico con tejido Drylum de secado r\u00e1pido, franja transpirable y logo reflectante. Ya disponible en Revolution Padel Store al mejor precio.","breadcrumb":{"@id":"https:\/\/revolutionpadelstore.com\/fr\/produit\/camiseta-bullpadel-batea-038-hielo-3\/#breadcrumb"},"inLanguage":"fr-FR","potentialAction":[{"@type":"ReadAction","target":["https:\/\/revolutionpadelstore.com\/fr\/produit\/camiseta-bullpadel-batea-038-hielo-3\/"]}]},{"@type":"ImageObject","inLanguage":"fr-FR","@id":"https:\/\/revolutionpadelstore.com\/fr\/produit\/camiseta-bullpadel-batea-038-hielo-3\/#primaryimage","url":"https:\/\/revolutionpadelstore.com\/wp-content\/uploads\/2025\/10\/429.png","contentUrl":"https:\/\/revolutionpadelstore.com\/wp-content\/uploads\/2025\/10\/429.png","width":1500,"height":1500},{"@type":"BreadcrumbList","@id":"https:\/\/revolutionpadelstore.com\/fr\/produit\/camiseta-bullpadel-batea-038-hielo-3\/#breadcrumb","itemListElement":[{"@type":"ListItem","position":1,"name":"Portada","item":"https:\/\/revolutionpadelstore.com\/fr\/"},{"@type":"ListItem","position":2,"name":"Boutique","item":"https:\/\/revolutionpadelstore.com\/fr\/tienda\/"},{"@type":"ListItem","position":3,"name":"CAMISETA BULLPADEL BATEA 038 HIELO"}]},{"@type":"WebSite","@id":"https:\/\/revolutionpadelstore.com\/fr\/#website","url":"https:\/\/revolutionpadelstore.com\/fr\/","name":"Revolution Padel Store","description":"","publisher":{"@id":"https:\/\/revolutionpadelstore.com\/fr\/#organization"},"potentialAction":[{"@type":"SearchAction","target":{"@type":"EntryPoint","urlTemplate":"https:\/\/revolutionpadelstore.com\/fr\/?s={search_term_string}"},"query-input":{"@type":"PropertyValueSpecification","valueRequired":true,"valueName":"search_term_string"}}],"inLanguage":"fr-FR"},{"@type":"Organization","@id":"https:\/\/revolutionpadelstore.com\/fr\/#organization","name":"Revolution Padel Store","url":"https:\/\/revolutionpadelstore.com\/fr\/","logo":{"@type":"ImageObject","inLanguage":"fr-FR","@id":"https:\/\/revolutionpadelstore.com\/fr\/#\/schema\/logo\/image\/","url":"https:\/\/revolutionpadelstore.com\/wp-content\/uploads\/2026\/02\/revolution-padel-store.jpg","contentUrl":"https:\/\/revolutionpadelstore.com\/wp-content\/uploads\/2026\/02\/revolution-padel-store.jpg","width":2000,"height":2000,"caption":"Revolution Padel Store"},"image":{"@id":"https:\/\/revolutionpadelstore.com\/fr\/#\/schema\/logo\/image\/"},"sameAs":["https:\/\/www.instagram.com\/revolutionpadelstore\/"]}]}},"_links":{"self":[{"href":"https:\/\/revolutionpadelstore.com\/fr\/wp-json\/wp\/v2\/product\/270423","targetHints":{"allow":["GET"]}}],"collection":[{"href":"https:\/\/revolutionpadelstore.com\/fr\/wp-json\/wp\/v2\/product"}],"about":[{"href":"https:\/\/revolutionpadelstore.com\/fr\/wp-json\/wp\/v2\/types\/product"}],"replies":[{"embeddable":true,"href":"https:\/\/revolutionpadelstore.com\/fr\/wp-json\/wp\/v2\/comments?post=270423"}],"wp:featuredmedia":[{"embeddable":true,"href":"https:\/\/revolutionpadelstore.com\/fr\/wp-json\/wp\/v2\/media\/270416"}],"wp:attachment":[{"href":"https:\/\/revolutionpadelstore.com\/fr\/wp-json\/wp\/v2\/media?parent=270423"}],"wp:term":[{"taxonomy":"acabado","embeddable":true,"href":"https:\/\/revolutionpadelstore.com\/fr\/wp-json\/wp\/v2\/acabado?post=270423"},{"taxonomy":"balance","embeddable":true,"href":"https:\/\/revolutionpadelstore.com\/fr\/wp-json\/wp\/v2\/balance?post=270423"},{"taxonomy":"dureza","embeddable":true,"href":"https:\/\/revolutionpadelstore.com\/fr\/wp-json\/wp\/v2\/dureza?post=270423"},{"taxonomy":"forma","embeddable":true,"href":"https:\/\/revolutionpadelstore.com\/fr\/wp-json\/wp\/v2\/forma?post=270423"},{"taxonomy":"jugador","embeddable":true,"href":"https:\/\/revolutionpadelstore.com\/fr\/wp-json\/wp\/v2\/jugador?post=270423"},{"taxonomy":"marca","embeddable":true,"href":"https:\/\/revolutionpadelstore.com\/fr\/wp-json\/wp\/v2\/marca?post=270423"},{"taxonomy":"nivel-de-juego","embeddable":true,"href":"https:\/\/revolutionpadelstore.com\/fr\/wp-json\/wp\/v2\/nivel-de-juego?post=270423"},{"taxonomy":"superficie","embeddable":true,"href":"https:\/\/revolutionpadelstore.com\/fr\/wp-json\/wp\/v2\/superficie?post=270423"},{"taxonomy":"tipo-de-juego","embeddable":true,"href":"https:\/\/revolutionpadelstore.com\/fr\/wp-json\/wp\/v2\/tipo-de-juego?post=270423"},{"taxonomy":"product_brand","embeddable":true,"href":"https:\/\/revolutionpadelstore.com\/fr\/wp-json\/wp\/v2\/product_brand?post=270423"},{"taxonomy":"product_cat","embeddable":true,"href":"https:\/\/revolutionpadelstore.com\/fr\/wp-json\/wp\/v2\/product_cat?post=270423"},{"taxonomy":"product_tag","embeddable":true,"href":"https:\/\/revolutionpadelstore.com\/fr\/wp-json\/wp\/v2\/product_tag?post=270423"}],"curies":[{"name":"wp","href":"https:\/\/api.w.org\/{rel}","templated":true}]}}