{"id":269732,"date":"2025-09-27T00:06:19","date_gmt":"2025-09-26T22:06:19","guid":{"rendered":"https:\/\/revolutionpadelstore.com\/nox-at10-pro-cup-soft-by-agustin-tapia\/"},"modified":"2026-04-16T02:02:20","modified_gmt":"2026-04-16T00:02:20","slug":"nox-at10-pro-cup-soft-by-agustin-tapia-2026-2","status":"publish","type":"product","link":"https:\/\/revolutionpadelstore.com\/fr\/produit\/nox-at10-pro-cup-soft-by-agustin-tapia-2026-2\/","title":{"rendered":"NOX AT10 PRO CUP SOFT BY AGUSTIN TAPIA 2026"},"content":{"rendered":"<h2>Nox AT10 Pro Cup Soft par Agust\u00edn Tapia 2026 \u2013 Confort, contr\u00f4le et performances professionnelles maximum<\/h2>\n<p>Le <strong>Nox AT10 Pro Cup Soft By Agust\u00edn Tapia 2026<\/strong> repr\u00e9sente la version la plus confortable et la plus contr\u00f4lable de l&#8217;un des mod\u00e8les les plus r\u00e9ussis du march\u00e9. Conservant le moule de la raquette AT10 Genius 2025, cette nouvelle \u00e9dition ajoute une sensation plus douce qui am\u00e9liore la sortie de balle et r\u00e9duit les vibrations, id\u00e9ale pour les joueurs qui privil\u00e9gient le confort sans sacrifier les performances.<\/p>\n<p>D\u00e9velopp\u00e9e en collaboration avec <strong>Agust\u00edn Tapia<\/strong>, cette raquette est parfaite pour ceux qui recherchent des <strong>raquettes de padel professionnelles<\/strong> avec une sensation de jeu plus conviviale et plus maniable.<\/p>\n<h2>Principales fonctionnalit\u00e9s<\/h2>\n<p><strong>-Shape<\/strong> : Goutte invers\u00e9e (type larme), id\u00e9ale pour l&#8217;\u00e9quilibre entre puissance et contr\u00f4le<\/p>\n<p><strong>-Poids approximatif<\/strong> : 360-375 g<\/p>\n<p><strong>-Solde<\/strong> : Moyen<\/p>\n<p><strong>-Niveau joueur<\/strong> : Interm\u00e9diaire \u00e0 professionnel<\/p>\n<p><strong>-Type de jeu<\/strong> : Polyvalent<\/p>\n<h2>Des technologies de pointe pour des performances maximales<\/h2>\n<p><strong>-HR3 Soft EVA<\/strong> : Noyau en caoutchouc souple qui offre une sortie de balle spectaculaire, un grand confort et une excellente absorption des vibrations.<\/p>\n<p><strong>-Fiber Glass Silver (FGS)<\/strong> : Faces en fibre de verre aluminis\u00e9es pour un toucher interm\u00e9diaire qui s&#8217;adapte \u00e0 tous les types de joueurs.<\/p>\n<p><strong>-Carbon Frame<\/strong> : cadre 100% carbone qui assure rigidit\u00e9 structurelle et durabilit\u00e9.<\/p>\n<p><strong>-EOS Flap<\/strong> : Syst\u00e8me de perforation lat\u00e9rale qui am\u00e9liore l&#8217;a\u00e9rodynamisme et la maniabilit\u00e9 de la lame.<\/p>\n<p><strong>-Pulse System<\/strong> : Inserts en caoutchouc pour minimiser les vibrations et \u00e9viter la surcharge musculaire.<\/p>\n<p><strong>-Exclusive Spin<\/strong> : Surface rugueuse combin\u00e9e (hexagonale + sabl\u00e9e) qui permet d&#8217;imprimer des effets plus facilement.<\/p>\n<p><strong>-Dynamic Composite Structure (DCS)<\/strong> : Renfort structurel entre le cadre et la face qui prot\u00e8ge contre les impacts d\u00e9centr\u00e9s.<\/p>\n<p><strong>-SmartStrap\u00ae<\/strong> : Cordon de s\u00e9curit\u00e9 interchangeable, plus hygi\u00e9nique, s\u00e9curis\u00e9 et personnalisable.<\/p>\n<h2>Avantages du Nox AT10 Pro Cup Soft<\/h2>\n<p>-Un plus grand confort \u00e0 chaque tir, id\u00e9al pour les joueurs sensibles aux blessures.<\/p>\n<p>-Excellente sortie de balle avec un minimum d&#8217;effort.<\/p>\n<p>-Contr\u00f4le total dans le jeu d\u00e9fensif et puissance mod\u00e9r\u00e9e en attaque.<\/p>\n<p>-Technologie professionnelle adapt\u00e9e \u00e0 un usage polyvalent.<\/p>\n<p>-Id\u00e9al pour les matchs intenses et prolong\u00e9s, gr\u00e2ce \u00e0 son toucher doux et maniable.<\/p>\n<h2>A qui est destin\u00e9e cette pelle ?<\/h2>\n<p>La <strong>Nox AT10 Pro Cup Soft<\/strong> s&#8217;adresse aux <strong>joueurs interm\u00e9diaires et avanc\u00e9s<\/strong> qui recherchent une raquette <strong>\u00e9quilibr\u00e9e<\/strong>, avec des technologies haut de gamme, mais avec un toucher plus doux qui favorise le <strong>confort<\/strong> et r\u00e9duit les risques de blessures. Si vous aimez le style de jeu d&#8217;Agust\u00edn Tapia mais pr\u00e9f\u00e9rez une sensation plus confortable, c&#8217;est votre choix id\u00e9al.<\/p>\n<h2>Achetez le Nox AT10 Pro Cup Soft 2026 maintenant<\/h2>\n<p>Ne manquez pas l&#8217;opportunit\u00e9 de jouer avec l&#8217;une des <strong>meilleures raquettes de padel de 2026<\/strong>, con\u00e7ue en collaboration avec l&#8217;un des meilleurs joueurs du monde. Puissance, contr\u00f4le, confort et technologie professionnelle, le tout dans un seul mod\u00e8le.<\/p>\n<p><strong>Disponible d\u00e8s maintenant dans notre boutique en ligne <a href=\"https:\/\/www.revolutionpadelstore.com\/\">www.revolutionpadelstore.com<\/a>, probablement au meilleur prix du march\u00e9.<\/strong><\/p>\n","protected":false},"excerpt":{"rendered":"<p>Laissez-vous surprendre par la nouvelle NOX AT10 Pro Cup Soft 2026 : une raquette haute performance, con\u00e7ue pour vous offrir un maximum de confort et de contr\u00f4le, avec les derni\u00e8res innovations de la collection exclusive Luxury.<\/p>\n","protected":false},"featured_media":269727,"comment_status":"open","ping_status":"closed","template":"","meta":{"_acf_changed":false,"_joinchat":[]},"acabado":[1097,1092],"balance":[1142],"dureza":[1157],"forma":[1187],"jugador":[1192],"marca":[1262],"nivel-de-juego":[1337],"superficie":[1362],"tipo-de-juego":[1387],"product_brand":[],"product_cat":[302],"product_tag":[],"class_list":{"0":"post-269732","1":"product","2":"type-product","3":"status-publish","4":"has-post-thumbnail","6":"acabado-sable","7":"acabado-soulager-la-3d","8":"balance-moyen","9":"dureza-media-fr","10":"forma-lagrima-fr","11":"jugador-homme","12":"marca-nox-fr","13":"superficie-rugosa-fr","14":"tipo-de-juego-polivalente-fr","15":"product_cat-palas-de-padel-fr","17":"first","18":"instock","19":"sale","20":"taxable","21":"shipping-taxable","22":"purchasable","23":"product-type-simple"},"acf":[],"yoast_head":"<!-- This site is optimized with the Yoast SEO plugin v27.4 - https:\/\/yoast.com\/product\/yoast-seo-wordpress\/ -->\n<title>NOX AT10 PRO CUP SOFT BY AGUSTIN TAPIA 2026 - Revolution Padel Store<\/title>\n<meta name=\"description\" content=\"Descubre la nueva Nox AT10 Pro Cup Soft by Agust\u00edn Tapia 2026, una pala profesional con tacto suave, ideal para jugadores que buscan control, comodidad y gran salida de bola. \u00a1C\u00f3mprala al mejor precio en Revolution Padel Store!\" \/>\n<meta name=\"robots\" content=\"index, follow, max-snippet:-1, max-image-preview:large, max-video-preview:-1\" \/>\n<link rel=\"canonical\" href=\"https:\/\/revolutionpadelstore.com\/fr\/produit\/nox-at10-pro-cup-soft-by-agustin-tapia-2026-2\/\" \/>\n<meta property=\"og:locale\" content=\"fr_FR\" \/>\n<meta property=\"og:type\" content=\"article\" \/>\n<meta property=\"og:title\" content=\"NOX AT10 PRO CUP SOFT BY AGUSTIN TAPIA 2026 - Revolution Padel Store\" \/>\n<meta property=\"og:description\" content=\"Descubre la nueva Nox AT10 Pro Cup Soft by Agust\u00edn Tapia 2026, una pala profesional con tacto suave, ideal para jugadores que buscan control, comodidad y gran salida de bola. \u00a1C\u00f3mprala al mejor precio en Revolution Padel Store!\" \/>\n<meta property=\"og:url\" content=\"https:\/\/revolutionpadelstore.com\/fr\/produit\/nox-at10-pro-cup-soft-by-agustin-tapia-2026-2\/\" \/>\n<meta property=\"og:site_name\" content=\"Revolution Padel Store\" \/>\n<meta property=\"article:modified_time\" content=\"2026-04-16T00:02:20+00:00\" \/>\n<meta property=\"og:image\" content=\"https:\/\/revolutionpadelstore.com\/wp-content\/uploads\/2025\/09\/120974-pala-nox-at10-pro-cup-soft-by-agustin-tapia-pat10pcs26-1500x1500-1.webp\" \/>\n\t<meta property=\"og:image:width\" content=\"1500\" \/>\n\t<meta property=\"og:image:height\" content=\"1500\" \/>\n\t<meta property=\"og:image:type\" content=\"image\/webp\" \/>\n<meta name=\"twitter:card\" content=\"summary_large_image\" \/>\n<meta name=\"twitter:label1\" content=\"Dur\u00e9e de lecture estim\u00e9e\" \/>\n\t<meta name=\"twitter:data1\" content=\"3 minutes\" \/>\n<script type=\"application\/ld+json\" class=\"yoast-schema-graph\">{\"@context\":\"https:\\\/\\\/schema.org\",\"@graph\":[{\"@type\":\"WebPage\",\"@id\":\"https:\\\/\\\/revolutionpadelstore.com\\\/fr\\\/produit\\\/nox-at10-pro-cup-soft-by-agustin-tapia-2026-2\\\/\",\"url\":\"https:\\\/\\\/revolutionpadelstore.com\\\/fr\\\/produit\\\/nox-at10-pro-cup-soft-by-agustin-tapia-2026-2\\\/\",\"name\":\"NOX AT10 PRO CUP SOFT BY AGUSTIN TAPIA 2026 - Revolution Padel Store\",\"isPartOf\":{\"@id\":\"https:\\\/\\\/revolutionpadelstore.com\\\/fr\\\/#website\"},\"primaryImageOfPage\":{\"@id\":\"https:\\\/\\\/revolutionpadelstore.com\\\/fr\\\/produit\\\/nox-at10-pro-cup-soft-by-agustin-tapia-2026-2\\\/#primaryimage\"},\"image\":{\"@id\":\"https:\\\/\\\/revolutionpadelstore.com\\\/fr\\\/produit\\\/nox-at10-pro-cup-soft-by-agustin-tapia-2026-2\\\/#primaryimage\"},\"thumbnailUrl\":\"https:\\\/\\\/revolutionpadelstore.com\\\/wp-content\\\/uploads\\\/2025\\\/09\\\/120974-pala-nox-at10-pro-cup-soft-by-agustin-tapia-pat10pcs26-1500x1500-1.webp\",\"datePublished\":\"2025-09-26T22:06:19+00:00\",\"dateModified\":\"2026-04-16T00:02:20+00:00\",\"description\":\"Descubre la nueva Nox AT10 Pro Cup Soft by Agust\u00edn Tapia 2026, una pala profesional con tacto suave, ideal para jugadores que buscan control, comodidad y gran salida de bola. \u00a1C\u00f3mprala al mejor precio en Revolution Padel Store!\",\"breadcrumb\":{\"@id\":\"https:\\\/\\\/revolutionpadelstore.com\\\/fr\\\/produit\\\/nox-at10-pro-cup-soft-by-agustin-tapia-2026-2\\\/#breadcrumb\"},\"inLanguage\":\"fr-FR\",\"potentialAction\":[{\"@type\":\"ReadAction\",\"target\":[\"https:\\\/\\\/revolutionpadelstore.com\\\/fr\\\/produit\\\/nox-at10-pro-cup-soft-by-agustin-tapia-2026-2\\\/\"]}]},{\"@type\":\"ImageObject\",\"inLanguage\":\"fr-FR\",\"@id\":\"https:\\\/\\\/revolutionpadelstore.com\\\/fr\\\/produit\\\/nox-at10-pro-cup-soft-by-agustin-tapia-2026-2\\\/#primaryimage\",\"url\":\"https:\\\/\\\/revolutionpadelstore.com\\\/wp-content\\\/uploads\\\/2025\\\/09\\\/120974-pala-nox-at10-pro-cup-soft-by-agustin-tapia-pat10pcs26-1500x1500-1.webp\",\"contentUrl\":\"https:\\\/\\\/revolutionpadelstore.com\\\/wp-content\\\/uploads\\\/2025\\\/09\\\/120974-pala-nox-at10-pro-cup-soft-by-agustin-tapia-pat10pcs26-1500x1500-1.webp\",\"width\":1500,\"height\":1500},{\"@type\":\"BreadcrumbList\",\"@id\":\"https:\\\/\\\/revolutionpadelstore.com\\\/fr\\\/produit\\\/nox-at10-pro-cup-soft-by-agustin-tapia-2026-2\\\/#breadcrumb\",\"itemListElement\":[{\"@type\":\"ListItem\",\"position\":1,\"name\":\"Portada\",\"item\":\"https:\\\/\\\/revolutionpadelstore.com\\\/fr\\\/\"},{\"@type\":\"ListItem\",\"position\":2,\"name\":\"Boutique\",\"item\":\"https:\\\/\\\/revolutionpadelstore.com\\\/fr\\\/tienda\\\/\"},{\"@type\":\"ListItem\",\"position\":3,\"name\":\"NOX AT10 PRO CUP SOFT BY AGUSTIN TAPIA 2026\"}]},{\"@type\":\"WebSite\",\"@id\":\"https:\\\/\\\/revolutionpadelstore.com\\\/fr\\\/#website\",\"url\":\"https:\\\/\\\/revolutionpadelstore.com\\\/fr\\\/\",\"name\":\"Revolution Padel Store\",\"description\":\"\",\"publisher\":{\"@id\":\"https:\\\/\\\/revolutionpadelstore.com\\\/fr\\\/#organization\"},\"potentialAction\":[{\"@type\":\"SearchAction\",\"target\":{\"@type\":\"EntryPoint\",\"urlTemplate\":\"https:\\\/\\\/revolutionpadelstore.com\\\/fr\\\/?s={search_term_string}\"},\"query-input\":{\"@type\":\"PropertyValueSpecification\",\"valueRequired\":true,\"valueName\":\"search_term_string\"}}],\"inLanguage\":\"fr-FR\"},{\"@type\":\"Organization\",\"@id\":\"https:\\\/\\\/revolutionpadelstore.com\\\/fr\\\/#organization\",\"name\":\"Revolution Padel Store\",\"url\":\"https:\\\/\\\/revolutionpadelstore.com\\\/fr\\\/\",\"logo\":{\"@type\":\"ImageObject\",\"inLanguage\":\"fr-FR\",\"@id\":\"https:\\\/\\\/revolutionpadelstore.com\\\/fr\\\/#\\\/schema\\\/logo\\\/image\\\/\",\"url\":\"https:\\\/\\\/revolutionpadelstore.com\\\/wp-content\\\/uploads\\\/2026\\\/02\\\/revolution-padel-store.jpg\",\"contentUrl\":\"https:\\\/\\\/revolutionpadelstore.com\\\/wp-content\\\/uploads\\\/2026\\\/02\\\/revolution-padel-store.jpg\",\"width\":2000,\"height\":2000,\"caption\":\"Revolution Padel Store\"},\"image\":{\"@id\":\"https:\\\/\\\/revolutionpadelstore.com\\\/fr\\\/#\\\/schema\\\/logo\\\/image\\\/\"},\"sameAs\":[\"https:\\\/\\\/www.instagram.com\\\/revolutionpadelstore\\\/\"]}]}<\/script>\n<!-- \/ Yoast SEO plugin. -->","yoast_head_json":{"title":"NOX AT10 PRO CUP SOFT BY AGUSTIN TAPIA 2026 - Revolution Padel Store","description":"Descubre la nueva Nox AT10 Pro Cup Soft by Agust\u00edn Tapia 2026, una pala profesional con tacto suave, ideal para jugadores que buscan control, comodidad y gran salida de bola. \u00a1C\u00f3mprala al mejor precio en Revolution Padel Store!","robots":{"index":"index","follow":"follow","max-snippet":"max-snippet:-1","max-image-preview":"max-image-preview:large","max-video-preview":"max-video-preview:-1"},"canonical":"https:\/\/revolutionpadelstore.com\/fr\/produit\/nox-at10-pro-cup-soft-by-agustin-tapia-2026-2\/","og_locale":"fr_FR","og_type":"article","og_title":"NOX AT10 PRO CUP SOFT BY AGUSTIN TAPIA 2026 - Revolution Padel Store","og_description":"Descubre la nueva Nox AT10 Pro Cup Soft by Agust\u00edn Tapia 2026, una pala profesional con tacto suave, ideal para jugadores que buscan control, comodidad y gran salida de bola. \u00a1C\u00f3mprala al mejor precio en Revolution Padel Store!","og_url":"https:\/\/revolutionpadelstore.com\/fr\/produit\/nox-at10-pro-cup-soft-by-agustin-tapia-2026-2\/","og_site_name":"Revolution Padel Store","article_modified_time":"2026-04-16T00:02:20+00:00","og_image":[{"width":1500,"height":1500,"url":"https:\/\/revolutionpadelstore.com\/wp-content\/uploads\/2025\/09\/120974-pala-nox-at10-pro-cup-soft-by-agustin-tapia-pat10pcs26-1500x1500-1.webp","type":"image\/webp"}],"twitter_card":"summary_large_image","twitter_misc":{"Dur\u00e9e de lecture estim\u00e9e":"3 minutes"},"schema":{"@context":"https:\/\/schema.org","@graph":[{"@type":"WebPage","@id":"https:\/\/revolutionpadelstore.com\/fr\/produit\/nox-at10-pro-cup-soft-by-agustin-tapia-2026-2\/","url":"https:\/\/revolutionpadelstore.com\/fr\/produit\/nox-at10-pro-cup-soft-by-agustin-tapia-2026-2\/","name":"NOX AT10 PRO CUP SOFT BY AGUSTIN TAPIA 2026 - Revolution Padel Store","isPartOf":{"@id":"https:\/\/revolutionpadelstore.com\/fr\/#website"},"primaryImageOfPage":{"@id":"https:\/\/revolutionpadelstore.com\/fr\/produit\/nox-at10-pro-cup-soft-by-agustin-tapia-2026-2\/#primaryimage"},"image":{"@id":"https:\/\/revolutionpadelstore.com\/fr\/produit\/nox-at10-pro-cup-soft-by-agustin-tapia-2026-2\/#primaryimage"},"thumbnailUrl":"https:\/\/revolutionpadelstore.com\/wp-content\/uploads\/2025\/09\/120974-pala-nox-at10-pro-cup-soft-by-agustin-tapia-pat10pcs26-1500x1500-1.webp","datePublished":"2025-09-26T22:06:19+00:00","dateModified":"2026-04-16T00:02:20+00:00","description":"Descubre la nueva Nox AT10 Pro Cup Soft by Agust\u00edn Tapia 2026, una pala profesional con tacto suave, ideal para jugadores que buscan control, comodidad y gran salida de bola. \u00a1C\u00f3mprala al mejor precio en Revolution Padel Store!","breadcrumb":{"@id":"https:\/\/revolutionpadelstore.com\/fr\/produit\/nox-at10-pro-cup-soft-by-agustin-tapia-2026-2\/#breadcrumb"},"inLanguage":"fr-FR","potentialAction":[{"@type":"ReadAction","target":["https:\/\/revolutionpadelstore.com\/fr\/produit\/nox-at10-pro-cup-soft-by-agustin-tapia-2026-2\/"]}]},{"@type":"ImageObject","inLanguage":"fr-FR","@id":"https:\/\/revolutionpadelstore.com\/fr\/produit\/nox-at10-pro-cup-soft-by-agustin-tapia-2026-2\/#primaryimage","url":"https:\/\/revolutionpadelstore.com\/wp-content\/uploads\/2025\/09\/120974-pala-nox-at10-pro-cup-soft-by-agustin-tapia-pat10pcs26-1500x1500-1.webp","contentUrl":"https:\/\/revolutionpadelstore.com\/wp-content\/uploads\/2025\/09\/120974-pala-nox-at10-pro-cup-soft-by-agustin-tapia-pat10pcs26-1500x1500-1.webp","width":1500,"height":1500},{"@type":"BreadcrumbList","@id":"https:\/\/revolutionpadelstore.com\/fr\/produit\/nox-at10-pro-cup-soft-by-agustin-tapia-2026-2\/#breadcrumb","itemListElement":[{"@type":"ListItem","position":1,"name":"Portada","item":"https:\/\/revolutionpadelstore.com\/fr\/"},{"@type":"ListItem","position":2,"name":"Boutique","item":"https:\/\/revolutionpadelstore.com\/fr\/tienda\/"},{"@type":"ListItem","position":3,"name":"NOX AT10 PRO CUP SOFT BY AGUSTIN TAPIA 2026"}]},{"@type":"WebSite","@id":"https:\/\/revolutionpadelstore.com\/fr\/#website","url":"https:\/\/revolutionpadelstore.com\/fr\/","name":"Revolution Padel Store","description":"","publisher":{"@id":"https:\/\/revolutionpadelstore.com\/fr\/#organization"},"potentialAction":[{"@type":"SearchAction","target":{"@type":"EntryPoint","urlTemplate":"https:\/\/revolutionpadelstore.com\/fr\/?s={search_term_string}"},"query-input":{"@type":"PropertyValueSpecification","valueRequired":true,"valueName":"search_term_string"}}],"inLanguage":"fr-FR"},{"@type":"Organization","@id":"https:\/\/revolutionpadelstore.com\/fr\/#organization","name":"Revolution Padel Store","url":"https:\/\/revolutionpadelstore.com\/fr\/","logo":{"@type":"ImageObject","inLanguage":"fr-FR","@id":"https:\/\/revolutionpadelstore.com\/fr\/#\/schema\/logo\/image\/","url":"https:\/\/revolutionpadelstore.com\/wp-content\/uploads\/2026\/02\/revolution-padel-store.jpg","contentUrl":"https:\/\/revolutionpadelstore.com\/wp-content\/uploads\/2026\/02\/revolution-padel-store.jpg","width":2000,"height":2000,"caption":"Revolution Padel Store"},"image":{"@id":"https:\/\/revolutionpadelstore.com\/fr\/#\/schema\/logo\/image\/"},"sameAs":["https:\/\/www.instagram.com\/revolutionpadelstore\/"]}]}},"_links":{"self":[{"href":"https:\/\/revolutionpadelstore.com\/fr\/wp-json\/wp\/v2\/product\/269732","targetHints":{"allow":["GET"]}}],"collection":[{"href":"https:\/\/revolutionpadelstore.com\/fr\/wp-json\/wp\/v2\/product"}],"about":[{"href":"https:\/\/revolutionpadelstore.com\/fr\/wp-json\/wp\/v2\/types\/product"}],"replies":[{"embeddable":true,"href":"https:\/\/revolutionpadelstore.com\/fr\/wp-json\/wp\/v2\/comments?post=269732"}],"wp:featuredmedia":[{"embeddable":true,"href":"https:\/\/revolutionpadelstore.com\/fr\/wp-json\/wp\/v2\/media\/269727"}],"wp:attachment":[{"href":"https:\/\/revolutionpadelstore.com\/fr\/wp-json\/wp\/v2\/media?parent=269732"}],"wp:term":[{"taxonomy":"acabado","embeddable":true,"href":"https:\/\/revolutionpadelstore.com\/fr\/wp-json\/wp\/v2\/acabado?post=269732"},{"taxonomy":"balance","embeddable":true,"href":"https:\/\/revolutionpadelstore.com\/fr\/wp-json\/wp\/v2\/balance?post=269732"},{"taxonomy":"dureza","embeddable":true,"href":"https:\/\/revolutionpadelstore.com\/fr\/wp-json\/wp\/v2\/dureza?post=269732"},{"taxonomy":"forma","embeddable":true,"href":"https:\/\/revolutionpadelstore.com\/fr\/wp-json\/wp\/v2\/forma?post=269732"},{"taxonomy":"jugador","embeddable":true,"href":"https:\/\/revolutionpadelstore.com\/fr\/wp-json\/wp\/v2\/jugador?post=269732"},{"taxonomy":"marca","embeddable":true,"href":"https:\/\/revolutionpadelstore.com\/fr\/wp-json\/wp\/v2\/marca?post=269732"},{"taxonomy":"nivel-de-juego","embeddable":true,"href":"https:\/\/revolutionpadelstore.com\/fr\/wp-json\/wp\/v2\/nivel-de-juego?post=269732"},{"taxonomy":"superficie","embeddable":true,"href":"https:\/\/revolutionpadelstore.com\/fr\/wp-json\/wp\/v2\/superficie?post=269732"},{"taxonomy":"tipo-de-juego","embeddable":true,"href":"https:\/\/revolutionpadelstore.com\/fr\/wp-json\/wp\/v2\/tipo-de-juego?post=269732"},{"taxonomy":"product_brand","embeddable":true,"href":"https:\/\/revolutionpadelstore.com\/fr\/wp-json\/wp\/v2\/product_brand?post=269732"},{"taxonomy":"product_cat","embeddable":true,"href":"https:\/\/revolutionpadelstore.com\/fr\/wp-json\/wp\/v2\/product_cat?post=269732"},{"taxonomy":"product_tag","embeddable":true,"href":"https:\/\/revolutionpadelstore.com\/fr\/wp-json\/wp\/v2\/product_tag?post=269732"}],"curies":[{"name":"wp","href":"https:\/\/api.w.org\/{rel}","templated":true}]}}