{"id":269606,"date":"2025-09-26T23:51:19","date_gmt":"2025-09-26T21:51:19","guid":{"rendered":"https:\/\/revolutionpadelstore.com\/?post_type=product&#038;p=269606"},"modified":"2026-04-01T00:48:18","modified_gmt":"2026-03-31T22:48:18","slug":"nox-at10-pro-cup-hard-by-agustin-tapia-2026-2","status":"publish","type":"product","link":"https:\/\/revolutionpadelstore.com\/fr\/produit\/nox-at10-pro-cup-hard-by-agustin-tapia-2026-2\/","title":{"rendered":"NOX AT10 PRO CUP HARD BY AGUSTIN TAPIA 2026"},"content":{"rendered":"<h2>Nox AT10 Pro Cup Hard Par Agust\u00edn Tapia 2026 \u2013 Puissance et pr\u00e9cision sans compromis<\/h2>\n<p>D\u00e9couvrez l&#8217;\u00e9volution d&#8217;une pelle l\u00e9gendaire. Le <strong>Nox AT10 Pro Cup Hard By Agust\u00edn Tapia 2026<\/strong> a \u00e9t\u00e9 con\u00e7u pour les joueurs qui exigent des performances maximales sur chaque point. Inspir\u00e9e du moule que Tapia lui-m\u00eame a utilis\u00e9 lors de la saison 2025, cette nouvelle version fait partie de la <strong>collection exclusive <strong>Luxury 2026<\/strong> de NOX, int\u00e9grant <strong>les technologies les plus avanc\u00e9es du march\u00e9<\/strong>.<\/p>\n<p>Avec un design renouvel\u00e9 et \u00e9l\u00e9gant, cette raquette est con\u00e7ue pour les <strong>joueurs avanc\u00e9s et professionnels<\/strong> qui recherchent un \u00e9quilibre parfait entre <strong>contr\u00f4le et puissance<\/strong>, mais avec une orientation offensive claire.<\/p>\n<h2>Technologies en vedette<\/h2>\n<p><strong>-HR3 Hard EVA<\/strong> : Noyau en caoutchouc haute densit\u00e9 qui am\u00e9liore les coups offensifs sans perdre le contr\u00f4le. Id\u00e9al pour les joueurs agressifs.<\/p>\n<p><strong>-Fiber Glass Silver (FGS)<\/strong> : Finition m\u00e9tallis\u00e9e sur les faces qui apporte une r\u00e9activit\u00e9 et une plus grande rigidit\u00e9 \u00e0 l&#8217;ensemble.<\/p>\n<p><strong>-EOS Flap<\/strong> : syst\u00e8me de perforation lat\u00e9rale qui am\u00e9liore l&#8217;a\u00e9rodynamisme et la maniabilit\u00e9.<\/p>\n<p><strong>-Pulse System<\/strong> : inserts strat\u00e9giques en caoutchouc qui r\u00e9duisent les vibrations pour un jeu plus confortable et prot\u00e9g\u00e9.<\/p>\n<p><strong>-Exclusive Spin<\/strong> : Surface rugueuse \u00e0 double texture (hexagonale 3D + sabl\u00e9e) pour am\u00e9liorer la g\u00e9n\u00e9ration d&#8217;effets.<\/p>\n<p><strong>-Structure composite dynamique (DCS)<\/strong> : renforce la zone entre le cadre et la face pour \u00e9viter la casse et augmenter la dur\u00e9e de vie utile.<\/p>\n<p><strong>-SmartStrap\u00ae<\/strong> : Syst\u00e8me de cordon de s\u00e9curit\u00e9 rempla\u00e7able, plus hygi\u00e9nique et personnalisable.<\/p>\n<h2>Pour qui cette raquette est-elle id\u00e9ale ?<\/h2>\n<p>La <strong>Nox AT10 Pro Cup Hard 2026<\/strong> s&#8217;adresse aux <strong>joueurs de niveau avanc\u00e9 ou professionnel<\/strong> qui recherchent une raquette de padel polyvalente mais avec une puissance suppl\u00e9mentaire. Son toucher ferme et sa grande capacit\u00e9 de r\u00e9action lui permettent de dominer le jeu offensif sans compromettre la d\u00e9fense. Si votre style est bas\u00e9 sur un contr\u00f4le agressif et des coups gagnants, c&#8217;est votre choix.<\/p>\n<h2>Avantages du Nox AT10 Pro Cup Hard 2026<\/h2>\n<p>-Plus de puissance sans sacrifier le contr\u00f4le<br \/>\n-Excellent comportement en vol\u00e9e et en smash<br \/>\n-Confort dans le jeu gr\u00e2ce \u00e0 des vibrations r\u00e9duites<br \/>\n-Technologie Elite test\u00e9e par Agust\u00edn Tapia<br \/>\n-Esth\u00e9tique moderne avec des finitions haut de gamme<\/p>\n<h2>Faites le saut vers le jeu professionnel !<\/h2>\n<p>Ne vous contentez pas de moins. Le <strong>Nox AT10 Pro Cup Hard By Agust\u00edn Tapia 2026<\/strong> est votre alli\u00e9 parfait pour am\u00e9liorer vos performances sur piste. Ressentez chaque coup avec pr\u00e9cision, imprimez une puissance sans effort et jouez comme les grands du circuit.<\/p>\n<h2>Maintenant disponible dans notre boutique en ligne !<\/h2>\n<p>Procurez-vous cette raquette de padel sur <a href=\"https:\/\/www.revolutionpadelstore.com\/\">www.revolutionpadelstore.com<\/a>, <strong>probablement au meilleur prix du march\u00e9<\/strong>.<\/p>\n<h2>Nox AT10 Pro Cup Hard By Agust\u00edn Tapia 2026 \u2013 Potencia y precisi\u00f3n sin concesiones<\/h2>\n","protected":false},"excerpt":{"rendered":"<p>D\u00e9couvrez la NOX AT10 Pro Cup Hard 2026, une raquette polyvalente qui combine un toucher ferme avec une grande puissance et les derni\u00e8res technologies avanc\u00e9es.<\/p>\n","protected":false},"featured_media":269666,"comment_status":"open","ping_status":"closed","template":"","meta":{"_acf_changed":false,"_joinchat":[]},"acabado":[1107,1092],"balance":[1142],"dureza":[1162,1157],"forma":[1187],"jugador":[1192],"marca":[1262],"nivel-de-juego":[1337],"superficie":[1362],"tipo-de-juego":[1387],"product_brand":[],"product_cat":[302],"product_tag":[],"class_list":{"0":"post-269606","1":"product","2":"type-product","3":"status-publish","4":"has-post-thumbnail","6":"acabado-brut","7":"acabado-soulager-la-3d","8":"balance-moyen","9":"dureza-dure","10":"dureza-media-fr","11":"forma-lagrima-fr","12":"jugador-homme","13":"marca-nox-fr","14":"superficie-rugosa-fr","15":"tipo-de-juego-polivalente-fr","16":"product_cat-palas-de-padel-fr","18":"first","19":"instock","20":"sale","21":"taxable","22":"shipping-taxable","23":"purchasable","24":"product-type-simple"},"acf":[],"yoast_head":"<!-- This site is optimized with the Yoast SEO plugin v27.3 - https:\/\/yoast.com\/product\/yoast-seo-wordpress\/ -->\n<title>NOX AT10 PRO CUP HARD BY AGUSTIN TAPIA 2026 - Revolution Padel Store<\/title>\n<meta name=\"description\" content=\"Descubre la Nox AT10 Pro Cup Hard 2026 by Agust\u00edn Tapia: pala profesional con n\u00facleo HR3 Hard EVA, superficie rugosa y tecnolog\u00edas avanzadas. Potencia, control y dise\u00f1o exclusivo. \u00a1C\u00f3mprala ahora en Revolution Padel Store al mejor preci\" \/>\n<meta name=\"robots\" content=\"index, follow, max-snippet:-1, max-image-preview:large, max-video-preview:-1\" \/>\n<link rel=\"canonical\" href=\"https:\/\/revolutionpadelstore.com\/fr\/produit\/nox-at10-pro-cup-hard-by-agustin-tapia-2026-2\/\" \/>\n<meta property=\"og:locale\" content=\"fr_FR\" \/>\n<meta property=\"og:type\" content=\"article\" \/>\n<meta property=\"og:title\" content=\"NOX AT10 PRO CUP HARD BY AGUSTIN TAPIA 2026 - Revolution Padel Store\" \/>\n<meta property=\"og:description\" content=\"Descubre la Nox AT10 Pro Cup Hard 2026 by Agust\u00edn Tapia: pala profesional con n\u00facleo HR3 Hard EVA, superficie rugosa y tecnolog\u00edas avanzadas. Potencia, control y dise\u00f1o exclusivo. \u00a1C\u00f3mprala ahora en Revolution Padel Store al mejor preci\" \/>\n<meta property=\"og:url\" content=\"https:\/\/revolutionpadelstore.com\/fr\/produit\/nox-at10-pro-cup-hard-by-agustin-tapia-2026-2\/\" \/>\n<meta property=\"og:site_name\" content=\"Revolution Padel Store\" \/>\n<meta property=\"article:modified_time\" content=\"2026-03-31T22:48:18+00:00\" \/>\n<meta property=\"og:image\" content=\"https:\/\/revolutionpadelstore.com\/wp-content\/uploads\/2025\/09\/120973-pala-nox-at10-pro-cup-hard-by-agustin-tapia-pat10pch26-1500x1500-1.webp\" \/>\n\t<meta property=\"og:image:width\" content=\"1500\" \/>\n\t<meta property=\"og:image:height\" content=\"1500\" \/>\n\t<meta property=\"og:image:type\" content=\"image\/webp\" \/>\n<meta name=\"twitter:card\" content=\"summary_large_image\" \/>\n<meta name=\"twitter:label1\" content=\"Dur\u00e9e de lecture estim\u00e9e\" \/>\n\t<meta name=\"twitter:data1\" content=\"2 minutes\" \/>\n<script type=\"application\/ld+json\" class=\"yoast-schema-graph\">{\"@context\":\"https:\\\/\\\/schema.org\",\"@graph\":[{\"@type\":\"WebPage\",\"@id\":\"https:\\\/\\\/revolutionpadelstore.com\\\/fr\\\/produit\\\/nox-at10-pro-cup-hard-by-agustin-tapia-2026-2\\\/\",\"url\":\"https:\\\/\\\/revolutionpadelstore.com\\\/fr\\\/produit\\\/nox-at10-pro-cup-hard-by-agustin-tapia-2026-2\\\/\",\"name\":\"NOX AT10 PRO CUP HARD BY AGUSTIN TAPIA 2026 - Revolution Padel Store\",\"isPartOf\":{\"@id\":\"https:\\\/\\\/revolutionpadelstore.com\\\/fr\\\/#website\"},\"primaryImageOfPage\":{\"@id\":\"https:\\\/\\\/revolutionpadelstore.com\\\/fr\\\/produit\\\/nox-at10-pro-cup-hard-by-agustin-tapia-2026-2\\\/#primaryimage\"},\"image\":{\"@id\":\"https:\\\/\\\/revolutionpadelstore.com\\\/fr\\\/produit\\\/nox-at10-pro-cup-hard-by-agustin-tapia-2026-2\\\/#primaryimage\"},\"thumbnailUrl\":\"https:\\\/\\\/revolutionpadelstore.com\\\/wp-content\\\/uploads\\\/2025\\\/09\\\/120973-pala-nox-at10-pro-cup-hard-by-agustin-tapia-pat10pch26-1500x1500-1.webp\",\"datePublished\":\"2025-09-26T21:51:19+00:00\",\"dateModified\":\"2026-03-31T22:48:18+00:00\",\"description\":\"Descubre la Nox AT10 Pro Cup Hard 2026 by Agust\u00edn Tapia: pala profesional con n\u00facleo HR3 Hard EVA, superficie rugosa y tecnolog\u00edas avanzadas. Potencia, control y dise\u00f1o exclusivo. \u00a1C\u00f3mprala ahora en Revolution Padel Store al mejor preci\",\"breadcrumb\":{\"@id\":\"https:\\\/\\\/revolutionpadelstore.com\\\/fr\\\/produit\\\/nox-at10-pro-cup-hard-by-agustin-tapia-2026-2\\\/#breadcrumb\"},\"inLanguage\":\"fr-FR\",\"potentialAction\":[{\"@type\":\"ReadAction\",\"target\":[\"https:\\\/\\\/revolutionpadelstore.com\\\/fr\\\/produit\\\/nox-at10-pro-cup-hard-by-agustin-tapia-2026-2\\\/\"]}]},{\"@type\":\"ImageObject\",\"inLanguage\":\"fr-FR\",\"@id\":\"https:\\\/\\\/revolutionpadelstore.com\\\/fr\\\/produit\\\/nox-at10-pro-cup-hard-by-agustin-tapia-2026-2\\\/#primaryimage\",\"url\":\"https:\\\/\\\/revolutionpadelstore.com\\\/wp-content\\\/uploads\\\/2025\\\/09\\\/120973-pala-nox-at10-pro-cup-hard-by-agustin-tapia-pat10pch26-1500x1500-1.webp\",\"contentUrl\":\"https:\\\/\\\/revolutionpadelstore.com\\\/wp-content\\\/uploads\\\/2025\\\/09\\\/120973-pala-nox-at10-pro-cup-hard-by-agustin-tapia-pat10pch26-1500x1500-1.webp\",\"width\":1500,\"height\":1500},{\"@type\":\"BreadcrumbList\",\"@id\":\"https:\\\/\\\/revolutionpadelstore.com\\\/fr\\\/produit\\\/nox-at10-pro-cup-hard-by-agustin-tapia-2026-2\\\/#breadcrumb\",\"itemListElement\":[{\"@type\":\"ListItem\",\"position\":1,\"name\":\"Portada\",\"item\":\"https:\\\/\\\/revolutionpadelstore.com\\\/fr\\\/\"},{\"@type\":\"ListItem\",\"position\":2,\"name\":\"Boutique\",\"item\":\"https:\\\/\\\/revolutionpadelstore.com\\\/fr\\\/tienda\\\/\"},{\"@type\":\"ListItem\",\"position\":3,\"name\":\"NOX AT10 PRO CUP HARD BY AGUSTIN TAPIA 2026\"}]},{\"@type\":\"WebSite\",\"@id\":\"https:\\\/\\\/revolutionpadelstore.com\\\/fr\\\/#website\",\"url\":\"https:\\\/\\\/revolutionpadelstore.com\\\/fr\\\/\",\"name\":\"Revolution Padel Store\",\"description\":\"\",\"publisher\":{\"@id\":\"https:\\\/\\\/revolutionpadelstore.com\\\/fr\\\/#organization\"},\"potentialAction\":[{\"@type\":\"SearchAction\",\"target\":{\"@type\":\"EntryPoint\",\"urlTemplate\":\"https:\\\/\\\/revolutionpadelstore.com\\\/fr\\\/?s={search_term_string}\"},\"query-input\":{\"@type\":\"PropertyValueSpecification\",\"valueRequired\":true,\"valueName\":\"search_term_string\"}}],\"inLanguage\":\"fr-FR\"},{\"@type\":\"Organization\",\"@id\":\"https:\\\/\\\/revolutionpadelstore.com\\\/fr\\\/#organization\",\"name\":\"Revolution Padel Store\",\"url\":\"https:\\\/\\\/revolutionpadelstore.com\\\/fr\\\/\",\"logo\":{\"@type\":\"ImageObject\",\"inLanguage\":\"fr-FR\",\"@id\":\"https:\\\/\\\/revolutionpadelstore.com\\\/fr\\\/#\\\/schema\\\/logo\\\/image\\\/\",\"url\":\"https:\\\/\\\/revolutionpadelstore.com\\\/wp-content\\\/uploads\\\/2026\\\/02\\\/revolution-padel-store.jpg\",\"contentUrl\":\"https:\\\/\\\/revolutionpadelstore.com\\\/wp-content\\\/uploads\\\/2026\\\/02\\\/revolution-padel-store.jpg\",\"width\":2000,\"height\":2000,\"caption\":\"Revolution Padel Store\"},\"image\":{\"@id\":\"https:\\\/\\\/revolutionpadelstore.com\\\/fr\\\/#\\\/schema\\\/logo\\\/image\\\/\"},\"sameAs\":[\"https:\\\/\\\/www.instagram.com\\\/revolutionpadelstore\\\/\"]}]}<\/script>\n<!-- \/ Yoast SEO plugin. -->","yoast_head_json":{"title":"NOX AT10 PRO CUP HARD BY AGUSTIN TAPIA 2026 - Revolution Padel Store","description":"Descubre la Nox AT10 Pro Cup Hard 2026 by Agust\u00edn Tapia: pala profesional con n\u00facleo HR3 Hard EVA, superficie rugosa y tecnolog\u00edas avanzadas. Potencia, control y dise\u00f1o exclusivo. \u00a1C\u00f3mprala ahora en Revolution Padel Store al mejor preci","robots":{"index":"index","follow":"follow","max-snippet":"max-snippet:-1","max-image-preview":"max-image-preview:large","max-video-preview":"max-video-preview:-1"},"canonical":"https:\/\/revolutionpadelstore.com\/fr\/produit\/nox-at10-pro-cup-hard-by-agustin-tapia-2026-2\/","og_locale":"fr_FR","og_type":"article","og_title":"NOX AT10 PRO CUP HARD BY AGUSTIN TAPIA 2026 - Revolution Padel Store","og_description":"Descubre la Nox AT10 Pro Cup Hard 2026 by Agust\u00edn Tapia: pala profesional con n\u00facleo HR3 Hard EVA, superficie rugosa y tecnolog\u00edas avanzadas. Potencia, control y dise\u00f1o exclusivo. \u00a1C\u00f3mprala ahora en Revolution Padel Store al mejor preci","og_url":"https:\/\/revolutionpadelstore.com\/fr\/produit\/nox-at10-pro-cup-hard-by-agustin-tapia-2026-2\/","og_site_name":"Revolution Padel Store","article_modified_time":"2026-03-31T22:48:18+00:00","og_image":[{"width":1500,"height":1500,"url":"https:\/\/revolutionpadelstore.com\/wp-content\/uploads\/2025\/09\/120973-pala-nox-at10-pro-cup-hard-by-agustin-tapia-pat10pch26-1500x1500-1.webp","type":"image\/webp"}],"twitter_card":"summary_large_image","twitter_misc":{"Dur\u00e9e de lecture estim\u00e9e":"2 minutes"},"schema":{"@context":"https:\/\/schema.org","@graph":[{"@type":"WebPage","@id":"https:\/\/revolutionpadelstore.com\/fr\/produit\/nox-at10-pro-cup-hard-by-agustin-tapia-2026-2\/","url":"https:\/\/revolutionpadelstore.com\/fr\/produit\/nox-at10-pro-cup-hard-by-agustin-tapia-2026-2\/","name":"NOX AT10 PRO CUP HARD BY AGUSTIN TAPIA 2026 - Revolution Padel Store","isPartOf":{"@id":"https:\/\/revolutionpadelstore.com\/fr\/#website"},"primaryImageOfPage":{"@id":"https:\/\/revolutionpadelstore.com\/fr\/produit\/nox-at10-pro-cup-hard-by-agustin-tapia-2026-2\/#primaryimage"},"image":{"@id":"https:\/\/revolutionpadelstore.com\/fr\/produit\/nox-at10-pro-cup-hard-by-agustin-tapia-2026-2\/#primaryimage"},"thumbnailUrl":"https:\/\/revolutionpadelstore.com\/wp-content\/uploads\/2025\/09\/120973-pala-nox-at10-pro-cup-hard-by-agustin-tapia-pat10pch26-1500x1500-1.webp","datePublished":"2025-09-26T21:51:19+00:00","dateModified":"2026-03-31T22:48:18+00:00","description":"Descubre la Nox AT10 Pro Cup Hard 2026 by Agust\u00edn Tapia: pala profesional con n\u00facleo HR3 Hard EVA, superficie rugosa y tecnolog\u00edas avanzadas. Potencia, control y dise\u00f1o exclusivo. \u00a1C\u00f3mprala ahora en Revolution Padel Store al mejor preci","breadcrumb":{"@id":"https:\/\/revolutionpadelstore.com\/fr\/produit\/nox-at10-pro-cup-hard-by-agustin-tapia-2026-2\/#breadcrumb"},"inLanguage":"fr-FR","potentialAction":[{"@type":"ReadAction","target":["https:\/\/revolutionpadelstore.com\/fr\/produit\/nox-at10-pro-cup-hard-by-agustin-tapia-2026-2\/"]}]},{"@type":"ImageObject","inLanguage":"fr-FR","@id":"https:\/\/revolutionpadelstore.com\/fr\/produit\/nox-at10-pro-cup-hard-by-agustin-tapia-2026-2\/#primaryimage","url":"https:\/\/revolutionpadelstore.com\/wp-content\/uploads\/2025\/09\/120973-pala-nox-at10-pro-cup-hard-by-agustin-tapia-pat10pch26-1500x1500-1.webp","contentUrl":"https:\/\/revolutionpadelstore.com\/wp-content\/uploads\/2025\/09\/120973-pala-nox-at10-pro-cup-hard-by-agustin-tapia-pat10pch26-1500x1500-1.webp","width":1500,"height":1500},{"@type":"BreadcrumbList","@id":"https:\/\/revolutionpadelstore.com\/fr\/produit\/nox-at10-pro-cup-hard-by-agustin-tapia-2026-2\/#breadcrumb","itemListElement":[{"@type":"ListItem","position":1,"name":"Portada","item":"https:\/\/revolutionpadelstore.com\/fr\/"},{"@type":"ListItem","position":2,"name":"Boutique","item":"https:\/\/revolutionpadelstore.com\/fr\/tienda\/"},{"@type":"ListItem","position":3,"name":"NOX AT10 PRO CUP HARD BY AGUSTIN TAPIA 2026"}]},{"@type":"WebSite","@id":"https:\/\/revolutionpadelstore.com\/fr\/#website","url":"https:\/\/revolutionpadelstore.com\/fr\/","name":"Revolution Padel Store","description":"","publisher":{"@id":"https:\/\/revolutionpadelstore.com\/fr\/#organization"},"potentialAction":[{"@type":"SearchAction","target":{"@type":"EntryPoint","urlTemplate":"https:\/\/revolutionpadelstore.com\/fr\/?s={search_term_string}"},"query-input":{"@type":"PropertyValueSpecification","valueRequired":true,"valueName":"search_term_string"}}],"inLanguage":"fr-FR"},{"@type":"Organization","@id":"https:\/\/revolutionpadelstore.com\/fr\/#organization","name":"Revolution Padel Store","url":"https:\/\/revolutionpadelstore.com\/fr\/","logo":{"@type":"ImageObject","inLanguage":"fr-FR","@id":"https:\/\/revolutionpadelstore.com\/fr\/#\/schema\/logo\/image\/","url":"https:\/\/revolutionpadelstore.com\/wp-content\/uploads\/2026\/02\/revolution-padel-store.jpg","contentUrl":"https:\/\/revolutionpadelstore.com\/wp-content\/uploads\/2026\/02\/revolution-padel-store.jpg","width":2000,"height":2000,"caption":"Revolution Padel Store"},"image":{"@id":"https:\/\/revolutionpadelstore.com\/fr\/#\/schema\/logo\/image\/"},"sameAs":["https:\/\/www.instagram.com\/revolutionpadelstore\/"]}]}},"_links":{"self":[{"href":"https:\/\/revolutionpadelstore.com\/fr\/wp-json\/wp\/v2\/product\/269606","targetHints":{"allow":["GET"]}}],"collection":[{"href":"https:\/\/revolutionpadelstore.com\/fr\/wp-json\/wp\/v2\/product"}],"about":[{"href":"https:\/\/revolutionpadelstore.com\/fr\/wp-json\/wp\/v2\/types\/product"}],"replies":[{"embeddable":true,"href":"https:\/\/revolutionpadelstore.com\/fr\/wp-json\/wp\/v2\/comments?post=269606"}],"wp:featuredmedia":[{"embeddable":true,"href":"https:\/\/revolutionpadelstore.com\/fr\/wp-json\/wp\/v2\/media\/269666"}],"wp:attachment":[{"href":"https:\/\/revolutionpadelstore.com\/fr\/wp-json\/wp\/v2\/media?parent=269606"}],"wp:term":[{"taxonomy":"acabado","embeddable":true,"href":"https:\/\/revolutionpadelstore.com\/fr\/wp-json\/wp\/v2\/acabado?post=269606"},{"taxonomy":"balance","embeddable":true,"href":"https:\/\/revolutionpadelstore.com\/fr\/wp-json\/wp\/v2\/balance?post=269606"},{"taxonomy":"dureza","embeddable":true,"href":"https:\/\/revolutionpadelstore.com\/fr\/wp-json\/wp\/v2\/dureza?post=269606"},{"taxonomy":"forma","embeddable":true,"href":"https:\/\/revolutionpadelstore.com\/fr\/wp-json\/wp\/v2\/forma?post=269606"},{"taxonomy":"jugador","embeddable":true,"href":"https:\/\/revolutionpadelstore.com\/fr\/wp-json\/wp\/v2\/jugador?post=269606"},{"taxonomy":"marca","embeddable":true,"href":"https:\/\/revolutionpadelstore.com\/fr\/wp-json\/wp\/v2\/marca?post=269606"},{"taxonomy":"nivel-de-juego","embeddable":true,"href":"https:\/\/revolutionpadelstore.com\/fr\/wp-json\/wp\/v2\/nivel-de-juego?post=269606"},{"taxonomy":"superficie","embeddable":true,"href":"https:\/\/revolutionpadelstore.com\/fr\/wp-json\/wp\/v2\/superficie?post=269606"},{"taxonomy":"tipo-de-juego","embeddable":true,"href":"https:\/\/revolutionpadelstore.com\/fr\/wp-json\/wp\/v2\/tipo-de-juego?post=269606"},{"taxonomy":"product_brand","embeddable":true,"href":"https:\/\/revolutionpadelstore.com\/fr\/wp-json\/wp\/v2\/product_brand?post=269606"},{"taxonomy":"product_cat","embeddable":true,"href":"https:\/\/revolutionpadelstore.com\/fr\/wp-json\/wp\/v2\/product_cat?post=269606"},{"taxonomy":"product_tag","embeddable":true,"href":"https:\/\/revolutionpadelstore.com\/fr\/wp-json\/wp\/v2\/product_tag?post=269606"}],"curies":[{"name":"wp","href":"https:\/\/api.w.org\/{rel}","templated":true}]}}