{"id":269600,"date":"2025-09-26T23:32:10","date_gmt":"2025-09-26T21:32:10","guid":{"rendered":"https:\/\/revolutionpadelstore.com\/nox-ventus-hybrid-12k-lite\/"},"modified":"2026-04-01T00:48:37","modified_gmt":"2026-03-31T22:48:37","slug":"nox-ventus-hybrid-12k-lite-2026-2","status":"publish","type":"product","link":"https:\/\/revolutionpadelstore.com\/fr\/produit\/nox-ventus-hybrid-12k-lite-2026-2\/","title":{"rendered":"NOX VENTUS HYBRID 12K LITE 2026"},"content":{"rendered":"<h2>Raquette Nox Ventus Hybrid 12K Lite \u2013 Puissance, contr\u00f4le et l\u00e9g\u00e8ret\u00e9 \u00e0 l&#8217;\u00e9tat pur<\/h2>\n<p>La <strong>Nox Ventus Hybrid 12K Lite<\/strong> est une raquette professionnelle con\u00e7ue pour ceux qui exigent des performances maximales sur le terrain. L\u00e9g\u00e8re, maniable et dot\u00e9e d&#8217;une construction haut de gamme, cette raquette offre l&#8217;\u00e9quilibre parfait entre <strong>puissance, contr\u00f4le et confort<\/strong>, id\u00e9ale pour les joueurs qui souhaitent se d\u00e9marquer aussi bien en d\u00e9fense qu&#8217;en attaque.<\/p>\n<h2>Des performances professionnelles avec une g\u00e9rabilit\u00e9 maximale<\/h2>\n<p>Gr\u00e2ce \u00e0 son poids r\u00e9duit (355-365 g), cette raquette permet une <strong>r\u00e9ponse rapide en d\u00e9fense<\/strong> et des <strong>coups offensifs plus s\u00fbrs<\/strong>, r\u00e9duisant ainsi la fatigue lors des matchs intenses. Le nouveau moule de la <strong>collection Luxe 2026<\/strong> am\u00e9liore l&#8217;a\u00e9rodynamisme, offrant plus de vitesse et de pr\u00e9cision dans chaque mouvement.<\/p>\n<h2>Caract\u00e9ristiques techniques de haut niveau<\/h2>\n<p><strong>-Forme ronde :<\/strong> pr\u00e9cision millim\u00e9trique et contr\u00f4le sup\u00e9rieur.<\/p>\n<p><strong>-Equilibre moyen :<\/strong> \u00e9quilibre id\u00e9al pour un jeu polyvalent.<\/p>\n<p><strong>-Cadre 100% carbone :<\/strong> une plus grande r\u00e9sistance et durabilit\u00e9.<\/p>\n<p><strong>-Noyau MLD Black Eva :<\/strong> excellent rendement de balle et fermet\u00e9 \u00e0 la frappe.<\/p>\n<p><strong>-Faces en carbone 12K :<\/strong> puissance sans perte de stabilit\u00e9.<\/p>\n<p><strong>-Surface rugueuse Dual Spin :<\/strong> augmente la rotation sur les coups tranch\u00e9s et lift\u00e9s.<\/p>\n<p><strong>-Toucher doux :<\/strong> plus de confort, une meilleure sensibilit\u00e9 et moins de vibrations.<\/p>\n<p><strong>-Niveau recommand\u00e9 :<\/strong> joueurs professionnels ou avanc\u00e9s.<\/p>\n<h2>Pourquoi choisir le Ventus Hybrid 12K Lite ?<\/h2>\n<p>&#8211; Parfaite pour les joueurs recherchant une raquette de padel l\u00e9g\u00e8re mais puissante.<\/p>\n<p>&#8211; Technologie avanc\u00e9e qui am\u00e9liore le confort, la pr\u00e9cision et l&#8217;effet en chaque point.<\/p>\n<p>&#8211; Polyvalence totale pour dominer aussi bien en d\u00e9fense qu&#8217;en attaque.<\/p>\n<p>&#8211; Qualit\u00e9 professionnelle avec des mat\u00e9riaux de pointe.<\/p>\n<h2>Osez dominer la piste<\/h2>\n<p>Si votre objectif est de jouer comme un professionnel, cette raquette est votre parfaite alli\u00e9e. Le <strong>Nox Ventus Hybrid 12K Lite<\/strong> combine innovation, mat\u00e9riaux haut de gamme et un design con\u00e7u pour am\u00e9liorer vos performances d\u00e8s le premier match.<\/p>\n<h2>Obtenez-le maintenant !<\/h2>\n<p>Ne manquez pas l&#8217;occasion d&#8217;am\u00e9liorer votre jeu avec l&#8217;une des <strong>meilleures raquettes de padel professionnelles<\/strong> du march\u00e9. Disponible d\u00e8s maintenant dans notre boutique en ligne <strong><a href=\"https:\/\/www.revolutionpadelstore.com\/\">www.revolutionpadelstore.com<\/a><\/strong>, <strong>probablement au meilleur prix du march\u00e9<\/strong>. Passez votre commande aujourd&#8217;hui et ressentez la diff\u00e9rence sur le terrain !<\/p>\n<h2>Pala Nox Ventus Hybrid 12K Lite \u2013 Potencia, control y ligereza en estado puro<\/h2>\n","protected":false},"excerpt":{"rendered":"<p>D\u00e9couvrez la Ventus Hybrid 12K Lite, une raquette ronde et polyvalente, con\u00e7ue pour \u00e9quilibrer contr\u00f4le, puissance et l\u00e9g\u00e8ret\u00e9, id\u00e9ale pour les performances professionnelles.<\/p>\n","protected":false},"featured_media":269595,"comment_status":"open","ping_status":"closed","template":"","meta":{"_acf_changed":false,"_joinchat":[]},"acabado":[1087,1092],"balance":[1142],"dureza":[1152,1157],"forma":[1182],"jugador":[1197],"marca":[1262],"nivel-de-juego":[1337,1347],"superficie":[1362],"tipo-de-juego":[1387],"product_brand":[],"product_cat":[302],"product_tag":[],"class_list":{"0":"post-269600","1":"product","2":"type-product","3":"status-publish","4":"has-post-thumbnail","6":"acabado-mon-pote","7":"acabado-soulager-la-3d","8":"balance-moyen","9":"dureza-blanda-fr","10":"dureza-media-fr","11":"forma-rond","12":"jugador-mujer-fr","13":"marca-nox-fr","14":"superficie-rugosa-fr","15":"tipo-de-juego-polivalente-fr","16":"product_cat-palas-de-padel-fr","18":"first","19":"instock","20":"sale","21":"taxable","22":"shipping-taxable","23":"purchasable","24":"product-type-simple"},"acf":[],"yoast_head":"<!-- This site is optimized with the Yoast SEO plugin v27.3 - https:\/\/yoast.com\/product\/yoast-seo-wordpress\/ -->\n<title>NOX VENTUS HYBRID 12K LITE 2026 - Revolution Padel Store<\/title>\n<meta name=\"description\" content=\"Descubre la Nox Ventus Hybrid 12K Lite: pala profesional ligera, con carbono 12K, n\u00facleo Black Eva y tecnolog\u00eda Dual Spin. C\u00f3mprala en Revolution Padel Store al mejor precio.\" \/>\n<meta name=\"robots\" content=\"index, follow, max-snippet:-1, max-image-preview:large, max-video-preview:-1\" \/>\n<link rel=\"canonical\" href=\"https:\/\/revolutionpadelstore.com\/fr\/produit\/nox-ventus-hybrid-12k-lite-2026-2\/\" \/>\n<meta property=\"og:locale\" content=\"fr_FR\" \/>\n<meta property=\"og:type\" content=\"article\" \/>\n<meta property=\"og:title\" content=\"NOX VENTUS HYBRID 12K LITE 2026 - Revolution Padel Store\" \/>\n<meta property=\"og:description\" content=\"Descubre la Nox Ventus Hybrid 12K Lite: pala profesional ligera, con carbono 12K, n\u00facleo Black Eva y tecnolog\u00eda Dual Spin. C\u00f3mprala en Revolution Padel Store al mejor precio.\" \/>\n<meta property=\"og:url\" content=\"https:\/\/revolutionpadelstore.com\/fr\/produit\/nox-ventus-hybrid-12k-lite-2026-2\/\" \/>\n<meta property=\"og:site_name\" content=\"Revolution Padel Store\" \/>\n<meta property=\"article:modified_time\" content=\"2026-03-31T22:48:37+00:00\" \/>\n<meta property=\"og:image\" content=\"https:\/\/revolutionpadelstore.com\/wp-content\/uploads\/2025\/09\/120980-pala-nox-ventus-hybrid-12k-lite-pventus12h-1500x1500-1.webp\" \/>\n\t<meta property=\"og:image:width\" content=\"1500\" \/>\n\t<meta property=\"og:image:height\" content=\"1500\" \/>\n\t<meta property=\"og:image:type\" content=\"image\/webp\" \/>\n<meta name=\"twitter:card\" content=\"summary_large_image\" \/>\n<meta name=\"twitter:label1\" content=\"Dur\u00e9e de lecture estim\u00e9e\" \/>\n\t<meta name=\"twitter:data1\" content=\"2 minutes\" \/>\n<script type=\"application\/ld+json\" class=\"yoast-schema-graph\">{\"@context\":\"https:\\\/\\\/schema.org\",\"@graph\":[{\"@type\":\"WebPage\",\"@id\":\"https:\\\/\\\/revolutionpadelstore.com\\\/fr\\\/produit\\\/nox-ventus-hybrid-12k-lite-2026-2\\\/\",\"url\":\"https:\\\/\\\/revolutionpadelstore.com\\\/fr\\\/produit\\\/nox-ventus-hybrid-12k-lite-2026-2\\\/\",\"name\":\"NOX VENTUS HYBRID 12K LITE 2026 - Revolution Padel Store\",\"isPartOf\":{\"@id\":\"https:\\\/\\\/revolutionpadelstore.com\\\/fr\\\/#website\"},\"primaryImageOfPage\":{\"@id\":\"https:\\\/\\\/revolutionpadelstore.com\\\/fr\\\/produit\\\/nox-ventus-hybrid-12k-lite-2026-2\\\/#primaryimage\"},\"image\":{\"@id\":\"https:\\\/\\\/revolutionpadelstore.com\\\/fr\\\/produit\\\/nox-ventus-hybrid-12k-lite-2026-2\\\/#primaryimage\"},\"thumbnailUrl\":\"https:\\\/\\\/revolutionpadelstore.com\\\/wp-content\\\/uploads\\\/2025\\\/09\\\/120980-pala-nox-ventus-hybrid-12k-lite-pventus12h-1500x1500-1.webp\",\"datePublished\":\"2025-09-26T21:32:10+00:00\",\"dateModified\":\"2026-03-31T22:48:37+00:00\",\"description\":\"Descubre la Nox Ventus Hybrid 12K Lite: pala profesional ligera, con carbono 12K, n\u00facleo Black Eva y tecnolog\u00eda Dual Spin. C\u00f3mprala en Revolution Padel Store al mejor precio.\",\"breadcrumb\":{\"@id\":\"https:\\\/\\\/revolutionpadelstore.com\\\/fr\\\/produit\\\/nox-ventus-hybrid-12k-lite-2026-2\\\/#breadcrumb\"},\"inLanguage\":\"fr-FR\",\"potentialAction\":[{\"@type\":\"ReadAction\",\"target\":[\"https:\\\/\\\/revolutionpadelstore.com\\\/fr\\\/produit\\\/nox-ventus-hybrid-12k-lite-2026-2\\\/\"]}]},{\"@type\":\"ImageObject\",\"inLanguage\":\"fr-FR\",\"@id\":\"https:\\\/\\\/revolutionpadelstore.com\\\/fr\\\/produit\\\/nox-ventus-hybrid-12k-lite-2026-2\\\/#primaryimage\",\"url\":\"https:\\\/\\\/revolutionpadelstore.com\\\/wp-content\\\/uploads\\\/2025\\\/09\\\/120980-pala-nox-ventus-hybrid-12k-lite-pventus12h-1500x1500-1.webp\",\"contentUrl\":\"https:\\\/\\\/revolutionpadelstore.com\\\/wp-content\\\/uploads\\\/2025\\\/09\\\/120980-pala-nox-ventus-hybrid-12k-lite-pventus12h-1500x1500-1.webp\",\"width\":1500,\"height\":1500},{\"@type\":\"BreadcrumbList\",\"@id\":\"https:\\\/\\\/revolutionpadelstore.com\\\/fr\\\/produit\\\/nox-ventus-hybrid-12k-lite-2026-2\\\/#breadcrumb\",\"itemListElement\":[{\"@type\":\"ListItem\",\"position\":1,\"name\":\"Portada\",\"item\":\"https:\\\/\\\/revolutionpadelstore.com\\\/fr\\\/\"},{\"@type\":\"ListItem\",\"position\":2,\"name\":\"Boutique\",\"item\":\"https:\\\/\\\/revolutionpadelstore.com\\\/fr\\\/tienda\\\/\"},{\"@type\":\"ListItem\",\"position\":3,\"name\":\"NOX VENTUS HYBRID 12K LITE 2026\"}]},{\"@type\":\"WebSite\",\"@id\":\"https:\\\/\\\/revolutionpadelstore.com\\\/fr\\\/#website\",\"url\":\"https:\\\/\\\/revolutionpadelstore.com\\\/fr\\\/\",\"name\":\"Revolution Padel Store\",\"description\":\"\",\"publisher\":{\"@id\":\"https:\\\/\\\/revolutionpadelstore.com\\\/fr\\\/#organization\"},\"potentialAction\":[{\"@type\":\"SearchAction\",\"target\":{\"@type\":\"EntryPoint\",\"urlTemplate\":\"https:\\\/\\\/revolutionpadelstore.com\\\/fr\\\/?s={search_term_string}\"},\"query-input\":{\"@type\":\"PropertyValueSpecification\",\"valueRequired\":true,\"valueName\":\"search_term_string\"}}],\"inLanguage\":\"fr-FR\"},{\"@type\":\"Organization\",\"@id\":\"https:\\\/\\\/revolutionpadelstore.com\\\/fr\\\/#organization\",\"name\":\"Revolution Padel Store\",\"url\":\"https:\\\/\\\/revolutionpadelstore.com\\\/fr\\\/\",\"logo\":{\"@type\":\"ImageObject\",\"inLanguage\":\"fr-FR\",\"@id\":\"https:\\\/\\\/revolutionpadelstore.com\\\/fr\\\/#\\\/schema\\\/logo\\\/image\\\/\",\"url\":\"https:\\\/\\\/revolutionpadelstore.com\\\/wp-content\\\/uploads\\\/2026\\\/02\\\/revolution-padel-store.jpg\",\"contentUrl\":\"https:\\\/\\\/revolutionpadelstore.com\\\/wp-content\\\/uploads\\\/2026\\\/02\\\/revolution-padel-store.jpg\",\"width\":2000,\"height\":2000,\"caption\":\"Revolution Padel Store\"},\"image\":{\"@id\":\"https:\\\/\\\/revolutionpadelstore.com\\\/fr\\\/#\\\/schema\\\/logo\\\/image\\\/\"},\"sameAs\":[\"https:\\\/\\\/www.instagram.com\\\/revolutionpadelstore\\\/\"]}]}<\/script>\n<!-- \/ Yoast SEO plugin. -->","yoast_head_json":{"title":"NOX VENTUS HYBRID 12K LITE 2026 - Revolution Padel Store","description":"Descubre la Nox Ventus Hybrid 12K Lite: pala profesional ligera, con carbono 12K, n\u00facleo Black Eva y tecnolog\u00eda Dual Spin. C\u00f3mprala en Revolution Padel Store al mejor precio.","robots":{"index":"index","follow":"follow","max-snippet":"max-snippet:-1","max-image-preview":"max-image-preview:large","max-video-preview":"max-video-preview:-1"},"canonical":"https:\/\/revolutionpadelstore.com\/fr\/produit\/nox-ventus-hybrid-12k-lite-2026-2\/","og_locale":"fr_FR","og_type":"article","og_title":"NOX VENTUS HYBRID 12K LITE 2026 - Revolution Padel Store","og_description":"Descubre la Nox Ventus Hybrid 12K Lite: pala profesional ligera, con carbono 12K, n\u00facleo Black Eva y tecnolog\u00eda Dual Spin. C\u00f3mprala en Revolution Padel Store al mejor precio.","og_url":"https:\/\/revolutionpadelstore.com\/fr\/produit\/nox-ventus-hybrid-12k-lite-2026-2\/","og_site_name":"Revolution Padel Store","article_modified_time":"2026-03-31T22:48:37+00:00","og_image":[{"width":1500,"height":1500,"url":"https:\/\/revolutionpadelstore.com\/wp-content\/uploads\/2025\/09\/120980-pala-nox-ventus-hybrid-12k-lite-pventus12h-1500x1500-1.webp","type":"image\/webp"}],"twitter_card":"summary_large_image","twitter_misc":{"Dur\u00e9e de lecture estim\u00e9e":"2 minutes"},"schema":{"@context":"https:\/\/schema.org","@graph":[{"@type":"WebPage","@id":"https:\/\/revolutionpadelstore.com\/fr\/produit\/nox-ventus-hybrid-12k-lite-2026-2\/","url":"https:\/\/revolutionpadelstore.com\/fr\/produit\/nox-ventus-hybrid-12k-lite-2026-2\/","name":"NOX VENTUS HYBRID 12K LITE 2026 - Revolution Padel Store","isPartOf":{"@id":"https:\/\/revolutionpadelstore.com\/fr\/#website"},"primaryImageOfPage":{"@id":"https:\/\/revolutionpadelstore.com\/fr\/produit\/nox-ventus-hybrid-12k-lite-2026-2\/#primaryimage"},"image":{"@id":"https:\/\/revolutionpadelstore.com\/fr\/produit\/nox-ventus-hybrid-12k-lite-2026-2\/#primaryimage"},"thumbnailUrl":"https:\/\/revolutionpadelstore.com\/wp-content\/uploads\/2025\/09\/120980-pala-nox-ventus-hybrid-12k-lite-pventus12h-1500x1500-1.webp","datePublished":"2025-09-26T21:32:10+00:00","dateModified":"2026-03-31T22:48:37+00:00","description":"Descubre la Nox Ventus Hybrid 12K Lite: pala profesional ligera, con carbono 12K, n\u00facleo Black Eva y tecnolog\u00eda Dual Spin. C\u00f3mprala en Revolution Padel Store al mejor precio.","breadcrumb":{"@id":"https:\/\/revolutionpadelstore.com\/fr\/produit\/nox-ventus-hybrid-12k-lite-2026-2\/#breadcrumb"},"inLanguage":"fr-FR","potentialAction":[{"@type":"ReadAction","target":["https:\/\/revolutionpadelstore.com\/fr\/produit\/nox-ventus-hybrid-12k-lite-2026-2\/"]}]},{"@type":"ImageObject","inLanguage":"fr-FR","@id":"https:\/\/revolutionpadelstore.com\/fr\/produit\/nox-ventus-hybrid-12k-lite-2026-2\/#primaryimage","url":"https:\/\/revolutionpadelstore.com\/wp-content\/uploads\/2025\/09\/120980-pala-nox-ventus-hybrid-12k-lite-pventus12h-1500x1500-1.webp","contentUrl":"https:\/\/revolutionpadelstore.com\/wp-content\/uploads\/2025\/09\/120980-pala-nox-ventus-hybrid-12k-lite-pventus12h-1500x1500-1.webp","width":1500,"height":1500},{"@type":"BreadcrumbList","@id":"https:\/\/revolutionpadelstore.com\/fr\/produit\/nox-ventus-hybrid-12k-lite-2026-2\/#breadcrumb","itemListElement":[{"@type":"ListItem","position":1,"name":"Portada","item":"https:\/\/revolutionpadelstore.com\/fr\/"},{"@type":"ListItem","position":2,"name":"Boutique","item":"https:\/\/revolutionpadelstore.com\/fr\/tienda\/"},{"@type":"ListItem","position":3,"name":"NOX VENTUS HYBRID 12K LITE 2026"}]},{"@type":"WebSite","@id":"https:\/\/revolutionpadelstore.com\/fr\/#website","url":"https:\/\/revolutionpadelstore.com\/fr\/","name":"Revolution Padel Store","description":"","publisher":{"@id":"https:\/\/revolutionpadelstore.com\/fr\/#organization"},"potentialAction":[{"@type":"SearchAction","target":{"@type":"EntryPoint","urlTemplate":"https:\/\/revolutionpadelstore.com\/fr\/?s={search_term_string}"},"query-input":{"@type":"PropertyValueSpecification","valueRequired":true,"valueName":"search_term_string"}}],"inLanguage":"fr-FR"},{"@type":"Organization","@id":"https:\/\/revolutionpadelstore.com\/fr\/#organization","name":"Revolution Padel Store","url":"https:\/\/revolutionpadelstore.com\/fr\/","logo":{"@type":"ImageObject","inLanguage":"fr-FR","@id":"https:\/\/revolutionpadelstore.com\/fr\/#\/schema\/logo\/image\/","url":"https:\/\/revolutionpadelstore.com\/wp-content\/uploads\/2026\/02\/revolution-padel-store.jpg","contentUrl":"https:\/\/revolutionpadelstore.com\/wp-content\/uploads\/2026\/02\/revolution-padel-store.jpg","width":2000,"height":2000,"caption":"Revolution Padel Store"},"image":{"@id":"https:\/\/revolutionpadelstore.com\/fr\/#\/schema\/logo\/image\/"},"sameAs":["https:\/\/www.instagram.com\/revolutionpadelstore\/"]}]}},"_links":{"self":[{"href":"https:\/\/revolutionpadelstore.com\/fr\/wp-json\/wp\/v2\/product\/269600","targetHints":{"allow":["GET"]}}],"collection":[{"href":"https:\/\/revolutionpadelstore.com\/fr\/wp-json\/wp\/v2\/product"}],"about":[{"href":"https:\/\/revolutionpadelstore.com\/fr\/wp-json\/wp\/v2\/types\/product"}],"replies":[{"embeddable":true,"href":"https:\/\/revolutionpadelstore.com\/fr\/wp-json\/wp\/v2\/comments?post=269600"}],"wp:featuredmedia":[{"embeddable":true,"href":"https:\/\/revolutionpadelstore.com\/fr\/wp-json\/wp\/v2\/media\/269595"}],"wp:attachment":[{"href":"https:\/\/revolutionpadelstore.com\/fr\/wp-json\/wp\/v2\/media?parent=269600"}],"wp:term":[{"taxonomy":"acabado","embeddable":true,"href":"https:\/\/revolutionpadelstore.com\/fr\/wp-json\/wp\/v2\/acabado?post=269600"},{"taxonomy":"balance","embeddable":true,"href":"https:\/\/revolutionpadelstore.com\/fr\/wp-json\/wp\/v2\/balance?post=269600"},{"taxonomy":"dureza","embeddable":true,"href":"https:\/\/revolutionpadelstore.com\/fr\/wp-json\/wp\/v2\/dureza?post=269600"},{"taxonomy":"forma","embeddable":true,"href":"https:\/\/revolutionpadelstore.com\/fr\/wp-json\/wp\/v2\/forma?post=269600"},{"taxonomy":"jugador","embeddable":true,"href":"https:\/\/revolutionpadelstore.com\/fr\/wp-json\/wp\/v2\/jugador?post=269600"},{"taxonomy":"marca","embeddable":true,"href":"https:\/\/revolutionpadelstore.com\/fr\/wp-json\/wp\/v2\/marca?post=269600"},{"taxonomy":"nivel-de-juego","embeddable":true,"href":"https:\/\/revolutionpadelstore.com\/fr\/wp-json\/wp\/v2\/nivel-de-juego?post=269600"},{"taxonomy":"superficie","embeddable":true,"href":"https:\/\/revolutionpadelstore.com\/fr\/wp-json\/wp\/v2\/superficie?post=269600"},{"taxonomy":"tipo-de-juego","embeddable":true,"href":"https:\/\/revolutionpadelstore.com\/fr\/wp-json\/wp\/v2\/tipo-de-juego?post=269600"},{"taxonomy":"product_brand","embeddable":true,"href":"https:\/\/revolutionpadelstore.com\/fr\/wp-json\/wp\/v2\/product_brand?post=269600"},{"taxonomy":"product_cat","embeddable":true,"href":"https:\/\/revolutionpadelstore.com\/fr\/wp-json\/wp\/v2\/product_cat?post=269600"},{"taxonomy":"product_tag","embeddable":true,"href":"https:\/\/revolutionpadelstore.com\/fr\/wp-json\/wp\/v2\/product_tag?post=269600"}],"curies":[{"name":"wp","href":"https:\/\/api.w.org\/{rel}","templated":true}]}}