{"id":269377,"date":"2025-09-26T01:09:25","date_gmt":"2025-09-25T23:09:25","guid":{"rendered":"https:\/\/revolutionpadelstore.com\/nox-ea10-ventus-attack-12k-xtreme-by-edu-alonso-2026\/"},"modified":"2026-04-01T00:49:33","modified_gmt":"2026-03-31T22:49:33","slug":"nox-ea10-ventus-attack-12k-xtreme-by-edu-alonso-2026-3","status":"publish","type":"product","link":"https:\/\/revolutionpadelstore.com\/fr\/produit\/nox-ea10-ventus-attack-12k-xtreme-by-edu-alonso-2026-3\/","title":{"rendered":"NOX EA10 VENTUS ATTACK 12K XTREME BY EDU ALONSO 2026"},"content":{"rendered":"<h2>Nox EA10 Ventus Attack 12K Xtrem \u2013 Puissance et pr\u00e9cision par Edu Alonso<\/h2>\n<p>La Nox EA10 Ventus Attack 12K Avec son format en diamant, son \u00e9quilibre \u00e9lev\u00e9 et son poing allong\u00e9, cette raquette est con\u00e7ue pour d\u00e9ployer un maximum de puissance dans les pointes, les vol\u00e9es et les frappes agressives qui font la diff\u00e9rence sur le court.<\/p>\n<h2>Puissance explosive avec contr\u00f4le total<\/h2>\n<p>Pesant entre <strong>360 et 375 grammes<\/strong>, l&#8217;EA10 Ventus Attack offre la consistance parfaite pour maintenir la stabilit\u00e9 dans les moments d\u00e9cisifs. Sa construction en <strong>cadre 100% carbone<\/strong> et <strong>faces en fibre de carbone Xtrem 12K<\/strong> assure une raquette r\u00e9sistante, stable et tr\u00e8s durable, sans perte de r\u00e9activit\u00e9 ni de sortie de balle.<\/p>\n<h2>Pour les joueurs offensifs qui dominent le filet<\/h2>\n<p>Si votre style de jeu est bas\u00e9 sur la prise d&#8217;initiative d\u00e8s le premier point, cette raquette deviendra votre meilleure alli\u00e9e. Son <strong>toucher moyennement dur<\/strong> garantit une r\u00e9ponse ferme et stable, parfaite pour ceux qui ont une technique raffin\u00e9e et cherchent \u00e0 fermer les points avec des coups puissants.<\/p>\n<h2>Technologies en vedette de l&#8217;EA10 Ventus Attack 12K Xtrem<\/h2>\n<p><strong>-Carbon 12K Xtrem<\/strong> : plus grande rigidit\u00e9, durabilit\u00e9 et uniformit\u00e9 de surface.<\/p>\n<p><strong>-MLD Black EVA<\/strong> : noyau multicouche qui am\u00e9liore la sortie et la puissance de la balle.<\/p>\n<p><strong>-Carbon Frame<\/strong> : cadre en carbone pour une r\u00e9sistance maximale.<\/p>\n<p><strong>-Dual Spin<\/strong> : texture 3D + sablage pour de meilleurs effets \u00e0 chaque coup.<\/p>\n<p><strong>-DCS<\/strong> : syst\u00e8me structurel qui r\u00e9duit les risques de casse.<\/p>\n<p><strong>-Pulse System<\/strong> : absorption des vibrations pour un plus grand confort.<\/p>\n<p><strong>-Custom Grip\u00ae<\/strong> : adh\u00e9rence am\u00e9lior\u00e9e avec r\u00e9duction des vibrations.<\/p>\n<p><strong>-Smart Strap\u00ae<\/strong> : longe de s\u00e9curit\u00e9 interchangeable et personnalisable.<\/p>\n<p><strong>-EOS Tunnel<\/strong> : a\u00e9rodynamisme avanc\u00e9 qui am\u00e9liore la maniabilit\u00e9 et la r\u00e9partition du poids.<\/p>\n<h2>Pourquoi choisir le Nox EA10 Ventus Attack ?<\/h2>\n<p>-La raquette officielle d&#8217;Edu Alonso, id\u00e9ale pour le <strong>jeu offensif professionnel<\/strong>.<\/p>\n<p>-\u00c9quilibre parfait entre <strong>puissance, contr\u00f4le et technologies de derni\u00e8re g\u00e9n\u00e9ration<\/strong>.<\/p>\n<p>-Con\u00e7u pour ceux qui cherchent \u00e0 faire la diff\u00e9rence sur le terrain avec une <strong>attaque mortelle<\/strong>.<\/p>\n<h2>Obtenez le Nox EA10 Ventus Attack 12K Xtrem au meilleur prix<\/h2>\n<p>Procurez-vous cette raquette exclusive de <strong>Nox<\/strong> et faites passer votre jeu au niveau sup\u00e9rieur. Disponible dans notre boutique en ligne <strong><a href=\"https:\/\/www.revolutionpadelstore.com\/\">Revolution Padel Store<\/a><\/strong> probablement au meilleur prix du march\u00e9.<\/p>\n<h2>Nox EA10 Ventus Attack 12K Xtrem \u2013 Potencia y precisi\u00f3n de Edu Alonso<\/h2>\n","protected":false},"excerpt":{"rendered":"<p>Dominez le jeu de vol\u00e9e gr\u00e2ce \u00e0 la raquette Nox au format diamant, \u00e9dition officielle d&#8217;Edu Alonso, qui int\u00e8gre des avions en carbone 12K Xtrem pour maximiser la puissance \u00e0 chaque coup.<\/p>\n","protected":false},"featured_media":269372,"comment_status":"open","ping_status":"closed","template":"","meta":{"_acf_changed":false,"_joinchat":[]},"acabado":[1087,1097],"balance":[1137],"dureza":[1162,1157],"forma":[1172],"jugador":[1192],"marca":[1262],"nivel-de-juego":[1337,1347],"superficie":[1362],"tipo-de-juego":[1377],"product_brand":[],"product_cat":[302],"product_tag":[],"class_list":{"0":"post-269377","1":"product","2":"type-product","3":"status-publish","4":"has-post-thumbnail","6":"acabado-mon-pote","7":"acabado-sable","8":"balance-eleve","9":"dureza-dure","10":"dureza-media-fr","11":"forma-diamant","12":"jugador-homme","13":"marca-nox-fr","14":"superficie-rugosa-fr","15":"tipo-de-juego-puissance","16":"product_cat-palas-de-padel-fr","18":"first","19":"instock","20":"sale","21":"taxable","22":"shipping-taxable","23":"purchasable","24":"product-type-simple"},"acf":[],"yoast_head":"<!-- This site is optimized with the Yoast SEO plugin v27.3 - https:\/\/yoast.com\/product\/yoast-seo-wordpress\/ -->\n<title>NOX EA10 VENTUS ATTACK 12K XTREME BY EDU ALONSO 2026 - Revolution Padel Store<\/title>\n<meta name=\"description\" content=\"Compra la Nox EA10 Ventus Attack 12K Xtrem de Edu Alonso, una pala de p\u00e1del profesional en formato diamante con Carbon 12K Xtrem, MLD Black EVA y tecnolog\u00edas avanzadas. Potencia y control para jugadores ofensivos. Disponible en Revolution Padel Store al mejor precio.\" \/>\n<meta name=\"robots\" content=\"index, follow, max-snippet:-1, max-image-preview:large, max-video-preview:-1\" \/>\n<link rel=\"canonical\" href=\"https:\/\/revolutionpadelstore.com\/fr\/produit\/nox-ea10-ventus-attack-12k-xtreme-by-edu-alonso-2026-3\/\" \/>\n<meta property=\"og:locale\" content=\"fr_FR\" \/>\n<meta property=\"og:type\" content=\"article\" \/>\n<meta property=\"og:title\" content=\"NOX EA10 VENTUS ATTACK 12K XTREME BY EDU ALONSO 2026 - Revolution Padel Store\" \/>\n<meta property=\"og:description\" content=\"Compra la Nox EA10 Ventus Attack 12K Xtrem de Edu Alonso, una pala de p\u00e1del profesional en formato diamante con Carbon 12K Xtrem, MLD Black EVA y tecnolog\u00edas avanzadas. Potencia y control para jugadores ofensivos. Disponible en Revolution Padel Store al mejor precio.\" \/>\n<meta property=\"og:url\" content=\"https:\/\/revolutionpadelstore.com\/fr\/produit\/nox-ea10-ventus-attack-12k-xtreme-by-edu-alonso-2026-3\/\" \/>\n<meta property=\"og:site_name\" content=\"Revolution Padel Store\" \/>\n<meta property=\"article:modified_time\" content=\"2026-03-31T22:49:33+00:00\" \/>\n<meta property=\"og:image\" content=\"https:\/\/revolutionpadelstore.com\/wp-content\/uploads\/2025\/09\/120975-pala-nox-ea10-ventus-attack-12k-xtreme-by-edu-alonso-1500x1500-1.webp\" \/>\n\t<meta property=\"og:image:width\" content=\"1500\" \/>\n\t<meta property=\"og:image:height\" content=\"1500\" \/>\n\t<meta property=\"og:image:type\" content=\"image\/webp\" \/>\n<meta name=\"twitter:card\" content=\"summary_large_image\" \/>\n<meta name=\"twitter:label1\" content=\"Dur\u00e9e de lecture estim\u00e9e\" \/>\n\t<meta name=\"twitter:data1\" content=\"2 minutes\" \/>\n<script type=\"application\/ld+json\" class=\"yoast-schema-graph\">{\"@context\":\"https:\\\/\\\/schema.org\",\"@graph\":[{\"@type\":\"WebPage\",\"@id\":\"https:\\\/\\\/revolutionpadelstore.com\\\/fr\\\/produit\\\/nox-ea10-ventus-attack-12k-xtreme-by-edu-alonso-2026-3\\\/\",\"url\":\"https:\\\/\\\/revolutionpadelstore.com\\\/fr\\\/produit\\\/nox-ea10-ventus-attack-12k-xtreme-by-edu-alonso-2026-3\\\/\",\"name\":\"NOX EA10 VENTUS ATTACK 12K XTREME BY EDU ALONSO 2026 - Revolution Padel Store\",\"isPartOf\":{\"@id\":\"https:\\\/\\\/revolutionpadelstore.com\\\/fr\\\/#website\"},\"primaryImageOfPage\":{\"@id\":\"https:\\\/\\\/revolutionpadelstore.com\\\/fr\\\/produit\\\/nox-ea10-ventus-attack-12k-xtreme-by-edu-alonso-2026-3\\\/#primaryimage\"},\"image\":{\"@id\":\"https:\\\/\\\/revolutionpadelstore.com\\\/fr\\\/produit\\\/nox-ea10-ventus-attack-12k-xtreme-by-edu-alonso-2026-3\\\/#primaryimage\"},\"thumbnailUrl\":\"https:\\\/\\\/revolutionpadelstore.com\\\/wp-content\\\/uploads\\\/2025\\\/09\\\/120975-pala-nox-ea10-ventus-attack-12k-xtreme-by-edu-alonso-1500x1500-1.webp\",\"datePublished\":\"2025-09-25T23:09:25+00:00\",\"dateModified\":\"2026-03-31T22:49:33+00:00\",\"description\":\"Compra la Nox EA10 Ventus Attack 12K Xtrem de Edu Alonso, una pala de p\u00e1del profesional en formato diamante con Carbon 12K Xtrem, MLD Black EVA y tecnolog\u00edas avanzadas. Potencia y control para jugadores ofensivos. Disponible en Revolution Padel Store al mejor precio.\",\"breadcrumb\":{\"@id\":\"https:\\\/\\\/revolutionpadelstore.com\\\/fr\\\/produit\\\/nox-ea10-ventus-attack-12k-xtreme-by-edu-alonso-2026-3\\\/#breadcrumb\"},\"inLanguage\":\"fr-FR\",\"potentialAction\":[{\"@type\":\"ReadAction\",\"target\":[\"https:\\\/\\\/revolutionpadelstore.com\\\/fr\\\/produit\\\/nox-ea10-ventus-attack-12k-xtreme-by-edu-alonso-2026-3\\\/\"]}]},{\"@type\":\"ImageObject\",\"inLanguage\":\"fr-FR\",\"@id\":\"https:\\\/\\\/revolutionpadelstore.com\\\/fr\\\/produit\\\/nox-ea10-ventus-attack-12k-xtreme-by-edu-alonso-2026-3\\\/#primaryimage\",\"url\":\"https:\\\/\\\/revolutionpadelstore.com\\\/wp-content\\\/uploads\\\/2025\\\/09\\\/120975-pala-nox-ea10-ventus-attack-12k-xtreme-by-edu-alonso-1500x1500-1.webp\",\"contentUrl\":\"https:\\\/\\\/revolutionpadelstore.com\\\/wp-content\\\/uploads\\\/2025\\\/09\\\/120975-pala-nox-ea10-ventus-attack-12k-xtreme-by-edu-alonso-1500x1500-1.webp\",\"width\":1500,\"height\":1500},{\"@type\":\"BreadcrumbList\",\"@id\":\"https:\\\/\\\/revolutionpadelstore.com\\\/fr\\\/produit\\\/nox-ea10-ventus-attack-12k-xtreme-by-edu-alonso-2026-3\\\/#breadcrumb\",\"itemListElement\":[{\"@type\":\"ListItem\",\"position\":1,\"name\":\"Portada\",\"item\":\"https:\\\/\\\/revolutionpadelstore.com\\\/fr\\\/\"},{\"@type\":\"ListItem\",\"position\":2,\"name\":\"Boutique\",\"item\":\"https:\\\/\\\/revolutionpadelstore.com\\\/fr\\\/tienda\\\/\"},{\"@type\":\"ListItem\",\"position\":3,\"name\":\"NOX EA10 VENTUS ATTACK 12K XTREME BY EDU ALONSO 2026\"}]},{\"@type\":\"WebSite\",\"@id\":\"https:\\\/\\\/revolutionpadelstore.com\\\/fr\\\/#website\",\"url\":\"https:\\\/\\\/revolutionpadelstore.com\\\/fr\\\/\",\"name\":\"Revolution Padel Store\",\"description\":\"\",\"publisher\":{\"@id\":\"https:\\\/\\\/revolutionpadelstore.com\\\/fr\\\/#organization\"},\"potentialAction\":[{\"@type\":\"SearchAction\",\"target\":{\"@type\":\"EntryPoint\",\"urlTemplate\":\"https:\\\/\\\/revolutionpadelstore.com\\\/fr\\\/?s={search_term_string}\"},\"query-input\":{\"@type\":\"PropertyValueSpecification\",\"valueRequired\":true,\"valueName\":\"search_term_string\"}}],\"inLanguage\":\"fr-FR\"},{\"@type\":\"Organization\",\"@id\":\"https:\\\/\\\/revolutionpadelstore.com\\\/fr\\\/#organization\",\"name\":\"Revolution Padel Store\",\"url\":\"https:\\\/\\\/revolutionpadelstore.com\\\/fr\\\/\",\"logo\":{\"@type\":\"ImageObject\",\"inLanguage\":\"fr-FR\",\"@id\":\"https:\\\/\\\/revolutionpadelstore.com\\\/fr\\\/#\\\/schema\\\/logo\\\/image\\\/\",\"url\":\"https:\\\/\\\/revolutionpadelstore.com\\\/wp-content\\\/uploads\\\/2026\\\/02\\\/revolution-padel-store.jpg\",\"contentUrl\":\"https:\\\/\\\/revolutionpadelstore.com\\\/wp-content\\\/uploads\\\/2026\\\/02\\\/revolution-padel-store.jpg\",\"width\":2000,\"height\":2000,\"caption\":\"Revolution Padel Store\"},\"image\":{\"@id\":\"https:\\\/\\\/revolutionpadelstore.com\\\/fr\\\/#\\\/schema\\\/logo\\\/image\\\/\"},\"sameAs\":[\"https:\\\/\\\/www.instagram.com\\\/revolutionpadelstore\\\/\"]}]}<\/script>\n<!-- \/ Yoast SEO plugin. -->","yoast_head_json":{"title":"NOX EA10 VENTUS ATTACK 12K XTREME BY EDU ALONSO 2026 - Revolution Padel Store","description":"Compra la Nox EA10 Ventus Attack 12K Xtrem de Edu Alonso, una pala de p\u00e1del profesional en formato diamante con Carbon 12K Xtrem, MLD Black EVA y tecnolog\u00edas avanzadas. Potencia y control para jugadores ofensivos. Disponible en Revolution Padel Store al mejor precio.","robots":{"index":"index","follow":"follow","max-snippet":"max-snippet:-1","max-image-preview":"max-image-preview:large","max-video-preview":"max-video-preview:-1"},"canonical":"https:\/\/revolutionpadelstore.com\/fr\/produit\/nox-ea10-ventus-attack-12k-xtreme-by-edu-alonso-2026-3\/","og_locale":"fr_FR","og_type":"article","og_title":"NOX EA10 VENTUS ATTACK 12K XTREME BY EDU ALONSO 2026 - Revolution Padel Store","og_description":"Compra la Nox EA10 Ventus Attack 12K Xtrem de Edu Alonso, una pala de p\u00e1del profesional en formato diamante con Carbon 12K Xtrem, MLD Black EVA y tecnolog\u00edas avanzadas. Potencia y control para jugadores ofensivos. Disponible en Revolution Padel Store al mejor precio.","og_url":"https:\/\/revolutionpadelstore.com\/fr\/produit\/nox-ea10-ventus-attack-12k-xtreme-by-edu-alonso-2026-3\/","og_site_name":"Revolution Padel Store","article_modified_time":"2026-03-31T22:49:33+00:00","og_image":[{"width":1500,"height":1500,"url":"https:\/\/revolutionpadelstore.com\/wp-content\/uploads\/2025\/09\/120975-pala-nox-ea10-ventus-attack-12k-xtreme-by-edu-alonso-1500x1500-1.webp","type":"image\/webp"}],"twitter_card":"summary_large_image","twitter_misc":{"Dur\u00e9e de lecture estim\u00e9e":"2 minutes"},"schema":{"@context":"https:\/\/schema.org","@graph":[{"@type":"WebPage","@id":"https:\/\/revolutionpadelstore.com\/fr\/produit\/nox-ea10-ventus-attack-12k-xtreme-by-edu-alonso-2026-3\/","url":"https:\/\/revolutionpadelstore.com\/fr\/produit\/nox-ea10-ventus-attack-12k-xtreme-by-edu-alonso-2026-3\/","name":"NOX EA10 VENTUS ATTACK 12K XTREME BY EDU ALONSO 2026 - Revolution Padel Store","isPartOf":{"@id":"https:\/\/revolutionpadelstore.com\/fr\/#website"},"primaryImageOfPage":{"@id":"https:\/\/revolutionpadelstore.com\/fr\/produit\/nox-ea10-ventus-attack-12k-xtreme-by-edu-alonso-2026-3\/#primaryimage"},"image":{"@id":"https:\/\/revolutionpadelstore.com\/fr\/produit\/nox-ea10-ventus-attack-12k-xtreme-by-edu-alonso-2026-3\/#primaryimage"},"thumbnailUrl":"https:\/\/revolutionpadelstore.com\/wp-content\/uploads\/2025\/09\/120975-pala-nox-ea10-ventus-attack-12k-xtreme-by-edu-alonso-1500x1500-1.webp","datePublished":"2025-09-25T23:09:25+00:00","dateModified":"2026-03-31T22:49:33+00:00","description":"Compra la Nox EA10 Ventus Attack 12K Xtrem de Edu Alonso, una pala de p\u00e1del profesional en formato diamante con Carbon 12K Xtrem, MLD Black EVA y tecnolog\u00edas avanzadas. Potencia y control para jugadores ofensivos. Disponible en Revolution Padel Store al mejor precio.","breadcrumb":{"@id":"https:\/\/revolutionpadelstore.com\/fr\/produit\/nox-ea10-ventus-attack-12k-xtreme-by-edu-alonso-2026-3\/#breadcrumb"},"inLanguage":"fr-FR","potentialAction":[{"@type":"ReadAction","target":["https:\/\/revolutionpadelstore.com\/fr\/produit\/nox-ea10-ventus-attack-12k-xtreme-by-edu-alonso-2026-3\/"]}]},{"@type":"ImageObject","inLanguage":"fr-FR","@id":"https:\/\/revolutionpadelstore.com\/fr\/produit\/nox-ea10-ventus-attack-12k-xtreme-by-edu-alonso-2026-3\/#primaryimage","url":"https:\/\/revolutionpadelstore.com\/wp-content\/uploads\/2025\/09\/120975-pala-nox-ea10-ventus-attack-12k-xtreme-by-edu-alonso-1500x1500-1.webp","contentUrl":"https:\/\/revolutionpadelstore.com\/wp-content\/uploads\/2025\/09\/120975-pala-nox-ea10-ventus-attack-12k-xtreme-by-edu-alonso-1500x1500-1.webp","width":1500,"height":1500},{"@type":"BreadcrumbList","@id":"https:\/\/revolutionpadelstore.com\/fr\/produit\/nox-ea10-ventus-attack-12k-xtreme-by-edu-alonso-2026-3\/#breadcrumb","itemListElement":[{"@type":"ListItem","position":1,"name":"Portada","item":"https:\/\/revolutionpadelstore.com\/fr\/"},{"@type":"ListItem","position":2,"name":"Boutique","item":"https:\/\/revolutionpadelstore.com\/fr\/tienda\/"},{"@type":"ListItem","position":3,"name":"NOX EA10 VENTUS ATTACK 12K XTREME BY EDU ALONSO 2026"}]},{"@type":"WebSite","@id":"https:\/\/revolutionpadelstore.com\/fr\/#website","url":"https:\/\/revolutionpadelstore.com\/fr\/","name":"Revolution Padel Store","description":"","publisher":{"@id":"https:\/\/revolutionpadelstore.com\/fr\/#organization"},"potentialAction":[{"@type":"SearchAction","target":{"@type":"EntryPoint","urlTemplate":"https:\/\/revolutionpadelstore.com\/fr\/?s={search_term_string}"},"query-input":{"@type":"PropertyValueSpecification","valueRequired":true,"valueName":"search_term_string"}}],"inLanguage":"fr-FR"},{"@type":"Organization","@id":"https:\/\/revolutionpadelstore.com\/fr\/#organization","name":"Revolution Padel Store","url":"https:\/\/revolutionpadelstore.com\/fr\/","logo":{"@type":"ImageObject","inLanguage":"fr-FR","@id":"https:\/\/revolutionpadelstore.com\/fr\/#\/schema\/logo\/image\/","url":"https:\/\/revolutionpadelstore.com\/wp-content\/uploads\/2026\/02\/revolution-padel-store.jpg","contentUrl":"https:\/\/revolutionpadelstore.com\/wp-content\/uploads\/2026\/02\/revolution-padel-store.jpg","width":2000,"height":2000,"caption":"Revolution Padel Store"},"image":{"@id":"https:\/\/revolutionpadelstore.com\/fr\/#\/schema\/logo\/image\/"},"sameAs":["https:\/\/www.instagram.com\/revolutionpadelstore\/"]}]}},"_links":{"self":[{"href":"https:\/\/revolutionpadelstore.com\/fr\/wp-json\/wp\/v2\/product\/269377","targetHints":{"allow":["GET"]}}],"collection":[{"href":"https:\/\/revolutionpadelstore.com\/fr\/wp-json\/wp\/v2\/product"}],"about":[{"href":"https:\/\/revolutionpadelstore.com\/fr\/wp-json\/wp\/v2\/types\/product"}],"replies":[{"embeddable":true,"href":"https:\/\/revolutionpadelstore.com\/fr\/wp-json\/wp\/v2\/comments?post=269377"}],"wp:featuredmedia":[{"embeddable":true,"href":"https:\/\/revolutionpadelstore.com\/fr\/wp-json\/wp\/v2\/media\/269372"}],"wp:attachment":[{"href":"https:\/\/revolutionpadelstore.com\/fr\/wp-json\/wp\/v2\/media?parent=269377"}],"wp:term":[{"taxonomy":"acabado","embeddable":true,"href":"https:\/\/revolutionpadelstore.com\/fr\/wp-json\/wp\/v2\/acabado?post=269377"},{"taxonomy":"balance","embeddable":true,"href":"https:\/\/revolutionpadelstore.com\/fr\/wp-json\/wp\/v2\/balance?post=269377"},{"taxonomy":"dureza","embeddable":true,"href":"https:\/\/revolutionpadelstore.com\/fr\/wp-json\/wp\/v2\/dureza?post=269377"},{"taxonomy":"forma","embeddable":true,"href":"https:\/\/revolutionpadelstore.com\/fr\/wp-json\/wp\/v2\/forma?post=269377"},{"taxonomy":"jugador","embeddable":true,"href":"https:\/\/revolutionpadelstore.com\/fr\/wp-json\/wp\/v2\/jugador?post=269377"},{"taxonomy":"marca","embeddable":true,"href":"https:\/\/revolutionpadelstore.com\/fr\/wp-json\/wp\/v2\/marca?post=269377"},{"taxonomy":"nivel-de-juego","embeddable":true,"href":"https:\/\/revolutionpadelstore.com\/fr\/wp-json\/wp\/v2\/nivel-de-juego?post=269377"},{"taxonomy":"superficie","embeddable":true,"href":"https:\/\/revolutionpadelstore.com\/fr\/wp-json\/wp\/v2\/superficie?post=269377"},{"taxonomy":"tipo-de-juego","embeddable":true,"href":"https:\/\/revolutionpadelstore.com\/fr\/wp-json\/wp\/v2\/tipo-de-juego?post=269377"},{"taxonomy":"product_brand","embeddable":true,"href":"https:\/\/revolutionpadelstore.com\/fr\/wp-json\/wp\/v2\/product_brand?post=269377"},{"taxonomy":"product_cat","embeddable":true,"href":"https:\/\/revolutionpadelstore.com\/fr\/wp-json\/wp\/v2\/product_cat?post=269377"},{"taxonomy":"product_tag","embeddable":true,"href":"https:\/\/revolutionpadelstore.com\/fr\/wp-json\/wp\/v2\/product_tag?post=269377"}],"curies":[{"name":"wp","href":"https:\/\/api.w.org\/{rel}","templated":true}]}}