{"id":269311,"date":"2025-09-26T00:53:32","date_gmt":"2025-09-25T22:53:32","guid":{"rendered":"https:\/\/revolutionpadelstore.com\/nox-ml10-ventus-control-3k-by-miguel-lamperti-2026\/"},"modified":"2026-04-01T00:49:51","modified_gmt":"2026-03-31T22:49:51","slug":"nox-ml10-ventus-control-3k-by-miguel-lamperti-2026-3","status":"publish","type":"product","link":"https:\/\/revolutionpadelstore.com\/fr\/produit\/nox-ml10-ventus-control-3k-by-miguel-lamperti-2026-3\/","title":{"rendered":"NOX ML10 VENTUS CONTROL 3K BY MIGUEL LAMPERTI 2026"},"content":{"rendered":"<h2><strong>Nox ML10 Ventus Control 3K \u2013 Pr\u00e9cision totale avec le sceau de Miguel Lamperti<\/strong><\/h2>\n<p>Le Nox ML10 Ventus Control 3K repr\u00e9sente l&#8217;\u00e9volution d&#8217;un des grands classiques du padel. Con\u00e7u avec un format rond et un \u00e9quilibre moyen, il offre un large sweet spot qui garantit un contr\u00f4le exceptionnel et une grande stabilit\u00e9 \u00e0 chaque coup. C&#8217;est la raquette id\u00e9ale pour ceux qui aiment dominer le rythme du jeu avec intelligence et pr\u00e9cision.<\/p>\n<p>Avec un poids compris entre 360 \u200b\u200bet 375 grammes et une \u00e9paisseur de 38 mm, cette raquette atteint un \u00e9quilibre parfait entre l\u00e9g\u00e8ret\u00e9 et fermet\u00e9, offrant une grande maniabilit\u00e9 m\u00eame dans les points les plus exigeants.<\/p>\n<h2><strong>Principales caract\u00e9ristiques techniques<\/strong><\/h2>\n<p>-Forme ronde pour plus de contr\u00f4le et de pr\u00e9cision<\/p>\n<p>-Cadre 100% carbone (Carbon Frame) qui am\u00e9liore la rigidit\u00e9 et la durabilit\u00e9<\/p>\n<p>-Faces en carbone 3K (Carbon Fiber 3K) pour une meilleure sortie de balle et une meilleure r\u00e9sistance<\/p>\n<p>-Noyau HR3 Color EVA : toucher confortable et interm\u00e9diaire, id\u00e9al pour le contr\u00f4le<\/p>\n<p>-Poids de 360-375 g et \u00e9paisseur de 38 mm : \u00e9quilibre et performance<\/p>\n<h2><strong>Technologies Nox innovantes<\/strong><\/h2>\n<p>-Dual Spin : surface rugueuse mixte pour une meilleure g\u00e9n\u00e9ration d&#8217;effets<\/p>\n<p>-DCS (Dynamic Composite Structure) : renforce le cadre et \u00e9vite la casse<\/p>\n<p>-Pulse System : r\u00e9duit les vibrations et am\u00e9liore le confort<\/p>\n<p>-Custom Grip : optimise l\u2019adh\u00e9rence et r\u00e9duit la fatigue<\/p>\n<p>-Smart Strap : cordon interchangeable, pratique et hygi\u00e9nique<\/p>\n<p>-EOS Tunnel : am\u00e9liore l&#8217;a\u00e9rodynamisme et la maniabilit\u00e9<\/p>\n<h2><strong>\u00c0 qui est destin\u00e9e cette pelle ?<\/strong><\/h2>\n<p>Le ML10 Ventus Control 3K a \u00e9t\u00e9 d\u00e9velopp\u00e9 en collaboration avec Miguel Lamperti et s&#8217;adresse aux joueurs avanc\u00e9s ou professionnels qui privil\u00e9gient la strat\u00e9gie et la pr\u00e9cision plut\u00f4t que la puissance. Il est id\u00e9al pour ceux qui construisent chaque point avec confiance et recherchent un contr\u00f4le maximum sans renoncer au confort et au toucher solide.<\/p>\n<h2><strong>Avantages exceptionnels<\/strong><\/h2>\n<p>-Pr\u00e9cision millim\u00e9trique \u00e0 chaque coup<\/p>\n<p>-Confort et contr\u00f4le avec une sensation interm\u00e9diaire<\/p>\n<p>-Technologie de derni\u00e8re g\u00e9n\u00e9ration avec le soutien d&#8217;une marque leader<\/p>\n<p>-Design exclusif avec le sceau Miguel Lamperti<\/p>\n<h2><strong>Obtenez d\u00e8s maintenant le ML10 Ventus Control 3K au meilleur prix<\/strong><\/h2>\n<p>Vous pouvez d\u00e9sormais acheter le Nox ML10 Ventus Control 3K dans notre boutique en ligne <a href=\"http:\/\/www.revolutionpadelstore.com\/\">www.revolutionpadelstore.com<\/a>, probablement au meilleur prix du march\u00e9. Une raquette professionnelle qui a tout pour vous aider \u00e0 dominer le terrain avec intelligence, technique et s\u00e9curit\u00e9.<\/p>\n<h2><strong>Nox ML10 Ventus Control 3K \u2013 Precisi\u00f3n total con el sello de Miguel Lamperti<\/strong><\/p>\n","protected":false},"excerpt":{"rendered":"<p>Contr\u00f4le et pr\u00e9cision maximum dans une raquette ronde Nox pour niveau professionnel, avec faces en carbone 3K et finition sabl\u00e9e.<\/p>\n","protected":false},"featured_media":269306,"comment_status":"open","ping_status":"closed","template":"","meta":{"_acf_changed":false,"_joinchat":[]},"acabado":[1087,1097],"balance":[1142],"dureza":[1157],"forma":[1182],"jugador":[1192,1202],"marca":[1262],"nivel-de-juego":[1337,1347],"superficie":[1362],"tipo-de-juego":[1372],"product_brand":[],"product_cat":[302],"product_tag":[],"class_list":{"0":"post-269311","1":"product","2":"type-product","3":"status-publish","4":"has-post-thumbnail","6":"acabado-mon-pote","7":"acabado-sable","8":"balance-moyen","9":"dureza-media-fr","10":"forma-rond","11":"jugador-homme","12":"jugador-polivalente-fr","13":"marca-nox-fr","14":"superficie-rugosa-fr","15":"tipo-de-juego-control-fr","16":"product_cat-palas-de-padel-fr","18":"first","19":"instock","20":"sale","21":"taxable","22":"shipping-taxable","23":"purchasable","24":"product-type-simple"},"acf":[],"yoast_head":"<!-- This site is optimized with the Yoast SEO plugin v27.3 - https:\/\/yoast.com\/product\/yoast-seo-wordpress\/ -->\n<title>NOX ML10 VENTUS CONTROL 3K BY MIGUEL LAMPERTI 2026 - Revolution Padel Store<\/title>\n<meta name=\"description\" content=\"Compra la Nox ML10 Ventus Control 3K en Revolution Padel Store. Pala profesional de control con carbono 3K, HR3 EVA y tecnolog\u00edas exclusivas. Precisi\u00f3n total al mejor precio.\" \/>\n<meta name=\"robots\" content=\"index, follow, max-snippet:-1, max-image-preview:large, max-video-preview:-1\" \/>\n<link rel=\"canonical\" href=\"https:\/\/revolutionpadelstore.com\/fr\/produit\/nox-ml10-ventus-control-3k-by-miguel-lamperti-2026-3\/\" \/>\n<meta property=\"og:locale\" content=\"fr_FR\" \/>\n<meta property=\"og:type\" content=\"article\" \/>\n<meta property=\"og:title\" content=\"NOX ML10 VENTUS CONTROL 3K BY MIGUEL LAMPERTI 2026 - Revolution Padel Store\" \/>\n<meta property=\"og:description\" content=\"Compra la Nox ML10 Ventus Control 3K en Revolution Padel Store. Pala profesional de control con carbono 3K, HR3 EVA y tecnolog\u00edas exclusivas. Precisi\u00f3n total al mejor precio.\" \/>\n<meta property=\"og:url\" content=\"https:\/\/revolutionpadelstore.com\/fr\/produit\/nox-ml10-ventus-control-3k-by-miguel-lamperti-2026-3\/\" \/>\n<meta property=\"og:site_name\" content=\"Revolution Padel Store\" \/>\n<meta property=\"article:modified_time\" content=\"2026-03-31T22:49:51+00:00\" \/>\n<meta property=\"og:image\" content=\"https:\/\/revolutionpadelstore.com\/wp-content\/uploads\/2025\/09\/120979-pala-nox-ml10-ventus-control-3k-1500x1500-1.webp\" \/>\n\t<meta property=\"og:image:width\" content=\"1500\" \/>\n\t<meta property=\"og:image:height\" content=\"1500\" \/>\n\t<meta property=\"og:image:type\" content=\"image\/webp\" \/>\n<meta name=\"twitter:card\" content=\"summary_large_image\" \/>\n<meta name=\"twitter:label1\" content=\"Dur\u00e9e de lecture estim\u00e9e\" \/>\n\t<meta name=\"twitter:data1\" content=\"2 minutes\" \/>\n<script type=\"application\/ld+json\" class=\"yoast-schema-graph\">{\"@context\":\"https:\\\/\\\/schema.org\",\"@graph\":[{\"@type\":\"WebPage\",\"@id\":\"https:\\\/\\\/revolutionpadelstore.com\\\/fr\\\/produit\\\/nox-ml10-ventus-control-3k-by-miguel-lamperti-2026-3\\\/\",\"url\":\"https:\\\/\\\/revolutionpadelstore.com\\\/fr\\\/produit\\\/nox-ml10-ventus-control-3k-by-miguel-lamperti-2026-3\\\/\",\"name\":\"NOX ML10 VENTUS CONTROL 3K BY MIGUEL LAMPERTI 2026 - Revolution Padel Store\",\"isPartOf\":{\"@id\":\"https:\\\/\\\/revolutionpadelstore.com\\\/fr\\\/#website\"},\"primaryImageOfPage\":{\"@id\":\"https:\\\/\\\/revolutionpadelstore.com\\\/fr\\\/produit\\\/nox-ml10-ventus-control-3k-by-miguel-lamperti-2026-3\\\/#primaryimage\"},\"image\":{\"@id\":\"https:\\\/\\\/revolutionpadelstore.com\\\/fr\\\/produit\\\/nox-ml10-ventus-control-3k-by-miguel-lamperti-2026-3\\\/#primaryimage\"},\"thumbnailUrl\":\"https:\\\/\\\/revolutionpadelstore.com\\\/wp-content\\\/uploads\\\/2025\\\/09\\\/120979-pala-nox-ml10-ventus-control-3k-1500x1500-1.webp\",\"datePublished\":\"2025-09-25T22:53:32+00:00\",\"dateModified\":\"2026-03-31T22:49:51+00:00\",\"description\":\"Compra la Nox ML10 Ventus Control 3K en Revolution Padel Store. Pala profesional de control con carbono 3K, HR3 EVA y tecnolog\u00edas exclusivas. Precisi\u00f3n total al mejor precio.\",\"breadcrumb\":{\"@id\":\"https:\\\/\\\/revolutionpadelstore.com\\\/fr\\\/produit\\\/nox-ml10-ventus-control-3k-by-miguel-lamperti-2026-3\\\/#breadcrumb\"},\"inLanguage\":\"fr-FR\",\"potentialAction\":[{\"@type\":\"ReadAction\",\"target\":[\"https:\\\/\\\/revolutionpadelstore.com\\\/fr\\\/produit\\\/nox-ml10-ventus-control-3k-by-miguel-lamperti-2026-3\\\/\"]}]},{\"@type\":\"ImageObject\",\"inLanguage\":\"fr-FR\",\"@id\":\"https:\\\/\\\/revolutionpadelstore.com\\\/fr\\\/produit\\\/nox-ml10-ventus-control-3k-by-miguel-lamperti-2026-3\\\/#primaryimage\",\"url\":\"https:\\\/\\\/revolutionpadelstore.com\\\/wp-content\\\/uploads\\\/2025\\\/09\\\/120979-pala-nox-ml10-ventus-control-3k-1500x1500-1.webp\",\"contentUrl\":\"https:\\\/\\\/revolutionpadelstore.com\\\/wp-content\\\/uploads\\\/2025\\\/09\\\/120979-pala-nox-ml10-ventus-control-3k-1500x1500-1.webp\",\"width\":1500,\"height\":1500},{\"@type\":\"BreadcrumbList\",\"@id\":\"https:\\\/\\\/revolutionpadelstore.com\\\/fr\\\/produit\\\/nox-ml10-ventus-control-3k-by-miguel-lamperti-2026-3\\\/#breadcrumb\",\"itemListElement\":[{\"@type\":\"ListItem\",\"position\":1,\"name\":\"Portada\",\"item\":\"https:\\\/\\\/revolutionpadelstore.com\\\/fr\\\/\"},{\"@type\":\"ListItem\",\"position\":2,\"name\":\"Boutique\",\"item\":\"https:\\\/\\\/revolutionpadelstore.com\\\/fr\\\/tienda\\\/\"},{\"@type\":\"ListItem\",\"position\":3,\"name\":\"NOX ML10 VENTUS CONTROL 3K BY MIGUEL LAMPERTI 2026\"}]},{\"@type\":\"WebSite\",\"@id\":\"https:\\\/\\\/revolutionpadelstore.com\\\/fr\\\/#website\",\"url\":\"https:\\\/\\\/revolutionpadelstore.com\\\/fr\\\/\",\"name\":\"Revolution Padel Store\",\"description\":\"\",\"publisher\":{\"@id\":\"https:\\\/\\\/revolutionpadelstore.com\\\/fr\\\/#organization\"},\"potentialAction\":[{\"@type\":\"SearchAction\",\"target\":{\"@type\":\"EntryPoint\",\"urlTemplate\":\"https:\\\/\\\/revolutionpadelstore.com\\\/fr\\\/?s={search_term_string}\"},\"query-input\":{\"@type\":\"PropertyValueSpecification\",\"valueRequired\":true,\"valueName\":\"search_term_string\"}}],\"inLanguage\":\"fr-FR\"},{\"@type\":\"Organization\",\"@id\":\"https:\\\/\\\/revolutionpadelstore.com\\\/fr\\\/#organization\",\"name\":\"Revolution Padel Store\",\"url\":\"https:\\\/\\\/revolutionpadelstore.com\\\/fr\\\/\",\"logo\":{\"@type\":\"ImageObject\",\"inLanguage\":\"fr-FR\",\"@id\":\"https:\\\/\\\/revolutionpadelstore.com\\\/fr\\\/#\\\/schema\\\/logo\\\/image\\\/\",\"url\":\"https:\\\/\\\/revolutionpadelstore.com\\\/wp-content\\\/uploads\\\/2026\\\/02\\\/revolution-padel-store.jpg\",\"contentUrl\":\"https:\\\/\\\/revolutionpadelstore.com\\\/wp-content\\\/uploads\\\/2026\\\/02\\\/revolution-padel-store.jpg\",\"width\":2000,\"height\":2000,\"caption\":\"Revolution Padel Store\"},\"image\":{\"@id\":\"https:\\\/\\\/revolutionpadelstore.com\\\/fr\\\/#\\\/schema\\\/logo\\\/image\\\/\"},\"sameAs\":[\"https:\\\/\\\/www.instagram.com\\\/revolutionpadelstore\\\/\"]}]}<\/script>\n<!-- \/ Yoast SEO plugin. -->","yoast_head_json":{"title":"NOX ML10 VENTUS CONTROL 3K BY MIGUEL LAMPERTI 2026 - Revolution Padel Store","description":"Compra la Nox ML10 Ventus Control 3K en Revolution Padel Store. Pala profesional de control con carbono 3K, HR3 EVA y tecnolog\u00edas exclusivas. Precisi\u00f3n total al mejor precio.","robots":{"index":"index","follow":"follow","max-snippet":"max-snippet:-1","max-image-preview":"max-image-preview:large","max-video-preview":"max-video-preview:-1"},"canonical":"https:\/\/revolutionpadelstore.com\/fr\/produit\/nox-ml10-ventus-control-3k-by-miguel-lamperti-2026-3\/","og_locale":"fr_FR","og_type":"article","og_title":"NOX ML10 VENTUS CONTROL 3K BY MIGUEL LAMPERTI 2026 - Revolution Padel Store","og_description":"Compra la Nox ML10 Ventus Control 3K en Revolution Padel Store. Pala profesional de control con carbono 3K, HR3 EVA y tecnolog\u00edas exclusivas. Precisi\u00f3n total al mejor precio.","og_url":"https:\/\/revolutionpadelstore.com\/fr\/produit\/nox-ml10-ventus-control-3k-by-miguel-lamperti-2026-3\/","og_site_name":"Revolution Padel Store","article_modified_time":"2026-03-31T22:49:51+00:00","og_image":[{"width":1500,"height":1500,"url":"https:\/\/revolutionpadelstore.com\/wp-content\/uploads\/2025\/09\/120979-pala-nox-ml10-ventus-control-3k-1500x1500-1.webp","type":"image\/webp"}],"twitter_card":"summary_large_image","twitter_misc":{"Dur\u00e9e de lecture estim\u00e9e":"2 minutes"},"schema":{"@context":"https:\/\/schema.org","@graph":[{"@type":"WebPage","@id":"https:\/\/revolutionpadelstore.com\/fr\/produit\/nox-ml10-ventus-control-3k-by-miguel-lamperti-2026-3\/","url":"https:\/\/revolutionpadelstore.com\/fr\/produit\/nox-ml10-ventus-control-3k-by-miguel-lamperti-2026-3\/","name":"NOX ML10 VENTUS CONTROL 3K BY MIGUEL LAMPERTI 2026 - Revolution Padel Store","isPartOf":{"@id":"https:\/\/revolutionpadelstore.com\/fr\/#website"},"primaryImageOfPage":{"@id":"https:\/\/revolutionpadelstore.com\/fr\/produit\/nox-ml10-ventus-control-3k-by-miguel-lamperti-2026-3\/#primaryimage"},"image":{"@id":"https:\/\/revolutionpadelstore.com\/fr\/produit\/nox-ml10-ventus-control-3k-by-miguel-lamperti-2026-3\/#primaryimage"},"thumbnailUrl":"https:\/\/revolutionpadelstore.com\/wp-content\/uploads\/2025\/09\/120979-pala-nox-ml10-ventus-control-3k-1500x1500-1.webp","datePublished":"2025-09-25T22:53:32+00:00","dateModified":"2026-03-31T22:49:51+00:00","description":"Compra la Nox ML10 Ventus Control 3K en Revolution Padel Store. Pala profesional de control con carbono 3K, HR3 EVA y tecnolog\u00edas exclusivas. Precisi\u00f3n total al mejor precio.","breadcrumb":{"@id":"https:\/\/revolutionpadelstore.com\/fr\/produit\/nox-ml10-ventus-control-3k-by-miguel-lamperti-2026-3\/#breadcrumb"},"inLanguage":"fr-FR","potentialAction":[{"@type":"ReadAction","target":["https:\/\/revolutionpadelstore.com\/fr\/produit\/nox-ml10-ventus-control-3k-by-miguel-lamperti-2026-3\/"]}]},{"@type":"ImageObject","inLanguage":"fr-FR","@id":"https:\/\/revolutionpadelstore.com\/fr\/produit\/nox-ml10-ventus-control-3k-by-miguel-lamperti-2026-3\/#primaryimage","url":"https:\/\/revolutionpadelstore.com\/wp-content\/uploads\/2025\/09\/120979-pala-nox-ml10-ventus-control-3k-1500x1500-1.webp","contentUrl":"https:\/\/revolutionpadelstore.com\/wp-content\/uploads\/2025\/09\/120979-pala-nox-ml10-ventus-control-3k-1500x1500-1.webp","width":1500,"height":1500},{"@type":"BreadcrumbList","@id":"https:\/\/revolutionpadelstore.com\/fr\/produit\/nox-ml10-ventus-control-3k-by-miguel-lamperti-2026-3\/#breadcrumb","itemListElement":[{"@type":"ListItem","position":1,"name":"Portada","item":"https:\/\/revolutionpadelstore.com\/fr\/"},{"@type":"ListItem","position":2,"name":"Boutique","item":"https:\/\/revolutionpadelstore.com\/fr\/tienda\/"},{"@type":"ListItem","position":3,"name":"NOX ML10 VENTUS CONTROL 3K BY MIGUEL LAMPERTI 2026"}]},{"@type":"WebSite","@id":"https:\/\/revolutionpadelstore.com\/fr\/#website","url":"https:\/\/revolutionpadelstore.com\/fr\/","name":"Revolution Padel Store","description":"","publisher":{"@id":"https:\/\/revolutionpadelstore.com\/fr\/#organization"},"potentialAction":[{"@type":"SearchAction","target":{"@type":"EntryPoint","urlTemplate":"https:\/\/revolutionpadelstore.com\/fr\/?s={search_term_string}"},"query-input":{"@type":"PropertyValueSpecification","valueRequired":true,"valueName":"search_term_string"}}],"inLanguage":"fr-FR"},{"@type":"Organization","@id":"https:\/\/revolutionpadelstore.com\/fr\/#organization","name":"Revolution Padel Store","url":"https:\/\/revolutionpadelstore.com\/fr\/","logo":{"@type":"ImageObject","inLanguage":"fr-FR","@id":"https:\/\/revolutionpadelstore.com\/fr\/#\/schema\/logo\/image\/","url":"https:\/\/revolutionpadelstore.com\/wp-content\/uploads\/2026\/02\/revolution-padel-store.jpg","contentUrl":"https:\/\/revolutionpadelstore.com\/wp-content\/uploads\/2026\/02\/revolution-padel-store.jpg","width":2000,"height":2000,"caption":"Revolution Padel Store"},"image":{"@id":"https:\/\/revolutionpadelstore.com\/fr\/#\/schema\/logo\/image\/"},"sameAs":["https:\/\/www.instagram.com\/revolutionpadelstore\/"]}]}},"_links":{"self":[{"href":"https:\/\/revolutionpadelstore.com\/fr\/wp-json\/wp\/v2\/product\/269311","targetHints":{"allow":["GET"]}}],"collection":[{"href":"https:\/\/revolutionpadelstore.com\/fr\/wp-json\/wp\/v2\/product"}],"about":[{"href":"https:\/\/revolutionpadelstore.com\/fr\/wp-json\/wp\/v2\/types\/product"}],"replies":[{"embeddable":true,"href":"https:\/\/revolutionpadelstore.com\/fr\/wp-json\/wp\/v2\/comments?post=269311"}],"wp:featuredmedia":[{"embeddable":true,"href":"https:\/\/revolutionpadelstore.com\/fr\/wp-json\/wp\/v2\/media\/269306"}],"wp:attachment":[{"href":"https:\/\/revolutionpadelstore.com\/fr\/wp-json\/wp\/v2\/media?parent=269311"}],"wp:term":[{"taxonomy":"acabado","embeddable":true,"href":"https:\/\/revolutionpadelstore.com\/fr\/wp-json\/wp\/v2\/acabado?post=269311"},{"taxonomy":"balance","embeddable":true,"href":"https:\/\/revolutionpadelstore.com\/fr\/wp-json\/wp\/v2\/balance?post=269311"},{"taxonomy":"dureza","embeddable":true,"href":"https:\/\/revolutionpadelstore.com\/fr\/wp-json\/wp\/v2\/dureza?post=269311"},{"taxonomy":"forma","embeddable":true,"href":"https:\/\/revolutionpadelstore.com\/fr\/wp-json\/wp\/v2\/forma?post=269311"},{"taxonomy":"jugador","embeddable":true,"href":"https:\/\/revolutionpadelstore.com\/fr\/wp-json\/wp\/v2\/jugador?post=269311"},{"taxonomy":"marca","embeddable":true,"href":"https:\/\/revolutionpadelstore.com\/fr\/wp-json\/wp\/v2\/marca?post=269311"},{"taxonomy":"nivel-de-juego","embeddable":true,"href":"https:\/\/revolutionpadelstore.com\/fr\/wp-json\/wp\/v2\/nivel-de-juego?post=269311"},{"taxonomy":"superficie","embeddable":true,"href":"https:\/\/revolutionpadelstore.com\/fr\/wp-json\/wp\/v2\/superficie?post=269311"},{"taxonomy":"tipo-de-juego","embeddable":true,"href":"https:\/\/revolutionpadelstore.com\/fr\/wp-json\/wp\/v2\/tipo-de-juego?post=269311"},{"taxonomy":"product_brand","embeddable":true,"href":"https:\/\/revolutionpadelstore.com\/fr\/wp-json\/wp\/v2\/product_brand?post=269311"},{"taxonomy":"product_cat","embeddable":true,"href":"https:\/\/revolutionpadelstore.com\/fr\/wp-json\/wp\/v2\/product_cat?post=269311"},{"taxonomy":"product_tag","embeddable":true,"href":"https:\/\/revolutionpadelstore.com\/fr\/wp-json\/wp\/v2\/product_tag?post=269311"}],"curies":[{"name":"wp","href":"https:\/\/api.w.org\/{rel}","templated":true}]}}