{"id":269245,"date":"2025-09-26T00:39:52","date_gmt":"2025-09-25T22:39:52","guid":{"rendered":"https:\/\/revolutionpadelstore.com\/nox-at10-genius-12k-alum-xtrem-lite-by-agustin-tapia-2026\/"},"modified":"2026-04-01T00:50:11","modified_gmt":"2026-03-31T22:50:11","slug":"nox-at10-genius-12k-alum-xtrem-lite-by-agustin-tapia-2026-3","status":"publish","type":"product","link":"https:\/\/revolutionpadelstore.com\/fr\/produit\/nox-at10-genius-12k-alum-xtrem-lite-by-agustin-tapia-2026-3\/","title":{"rendered":"NOX AT10 GENIUS 12K ALUM XTREM LITE BY AGUST\u00cdN TAPIA 2026"},"content":{"rendered":"<h2>Nox AT10 12K Alum XTREM Lite 2026 \u2013 L\u00e9g\u00e8ret\u00e9, puissance et contr\u00f4le total<\/h2>\n<p>D\u00e9couvrez la <strong>Nox AT10 12K Alum Son format en forme de goutte garantit l&#8217;\u00e9quilibre parfait entre le jeu offensif et d\u00e9fensif, ce qui en fait l&#8217;une des meilleures raquettes de padel professionnelles de 2026.<\/p>\n<h2>Des performances l\u00e9g\u00e8res et agiles sur chaque point<\/h2>\n<p>Avec un poids r\u00e9duit de <strong>355 \u00e0 365 grammes<\/strong>, cette raquette se distingue par sa <strong>maniabilit\u00e9 sup\u00e9rieure<\/strong>, permettant des r\u00e9actions rapides dans les vol\u00e9es, les lay-ups et les tirs, sans sacrifier la stabilit\u00e9 ou la pr\u00e9cision. L&#8217;utilisation du carbone 12K Alum XTREM assure une structure solide, rigide et durable, id\u00e9ale pour r\u00e9sister \u00e0 des sessions de jeu intenses.<\/p>\n<p>Le noyau <strong>HR3 White EVA<\/strong> de faible densit\u00e9 offre un <strong>toucher doux<\/strong>, optimisant la <strong>sensation de contr\u00f4le et de confort<\/strong> \u00e0 chaque tir.<\/p>\n<h2>Raquette Nox AT10 12K Alum XTREM Lite : des performances pour les joueurs exigeants<\/h2>\n<p>Con\u00e7ue pour les <strong>joueurs avanc\u00e9s et professionnels<\/strong>, cette raquette est id\u00e9ale pour ceux qui souhaitent un <strong>jeu polyvalent<\/strong>, capable de combiner <strong>puissance en attaque<\/strong> avec une excellente r\u00e9ponse en d\u00e9fense.<\/p>\n<p>Sa structure l\u00e9g\u00e8re, ainsi que ses technologies exclusives, en font le compagnon id\u00e9al des joueurs en qu\u00eate de <strong>confiance, pr\u00e9cision et confort \u00e0 chaque instant<\/strong>.<\/p>\n<h2>Technologies et fonctionnalit\u00e9s phares<\/h2>\n<p><strong>-Carbon 12K Alum XTREM<\/strong> : plus grande rigidit\u00e9, r\u00e9sistance structurelle et tol\u00e9rance aux temp\u00e9ratures extr\u00eames.<\/p>\n<p><strong>-HR3 White EVA<\/strong> : noyau en caoutchouc souple qui am\u00e9liore le contr\u00f4le et le confort.<\/p>\n<p><strong>-Weight Balance System<\/strong> : syst\u00e8me de contrepoids interchangeables pour personnaliser l&#8217;\u00e9quilibre et le poids.<\/p>\n<p><strong>-Carbon Frame<\/strong> : cadre 100% carbone pour une plus grande durabilit\u00e9 et fermet\u00e9.<\/p>\n<p><strong>-Dual Spin<\/strong> : surface rugueuse 3D + sablage qui maximise les effets et le contr\u00f4le du coup.<\/p>\n<p><strong>-EOS Tunnel<\/strong> : technologie de per\u00e7age dans le m\u00e2t qui am\u00e9liore l&#8217;a\u00e9rodynamisme et la pr\u00e9cision.<\/p>\n<p><strong>-DCS (Dynamic Composite Structure)<\/strong> : renfort structurel qui augmente la r\u00e9sistance de la monture au visage.<\/p>\n<p><strong>-Oversize Grip<\/strong> : poign\u00e9e plus longue pour une meilleure adaptation et un meilleur confort.<\/p>\n<p><strong>-Pulse System<\/strong> : caoutchoucs lat\u00e9raux qui r\u00e9duisent consid\u00e9rablement les vibrations.<\/p>\n<p><strong>-Custom Grip\u00ae<\/strong> : syst\u00e8me de pr\u00e9hension am\u00e9lior\u00e9 qui r\u00e9duit les vibrations, certifi\u00e9 par Testea P\u00e1del.<\/p>\n<p><strong>-SmartStrap\u00ae<\/strong> : longe de s\u00e9curit\u00e9 interchangeable facile \u00e0 remplacer.<\/p>\n<h2>Pourquoi choisir le Nox AT10 12K Alum XTREM Lite 2026 ?<\/h2>\n<p>Parce que c&#8217;est l&#8217;une des raquettes les plus compl\u00e8tes et les plus l\u00e9g\u00e8res du march\u00e9. D\u00e9velopp\u00e9e avec les technologies les plus avanc\u00e9es, elle est id\u00e9ale pour ceux qui recherchent <strong>puissance, contr\u00f4le et l\u00e9g\u00e8ret\u00e9 dans une seule raquette<\/strong>. Son design exclusif et le soutien du joueur Agust\u00edn Tapia la positionnent comme l&#8217;une des <strong>meilleures raquettes de l&#8217;ann\u00e9e<\/strong>.<\/p>\n<h2>Obtenez le v\u00f4tre maintenant !<\/h2>\n<p>Le <strong>Nox AT10 12K Alum XTREM Lite 2026<\/strong> est d\u00e9sormais disponible dans notre boutique en ligne. Si vous recherchez une raquette de padel professionnelle qui vous accompagne \u00e0 chaque instant avec des performances sup\u00e9rieures, c&#8217;est votre meilleur choix.<\/p>\n<p><strong>Achetez-le maintenant sur <a href=\"https:\/\/www.revolutionpadelstore.com\/\">www.revolutionpadelstore.com<\/a>, probablement au meilleur prix du march\u00e9.<\/strong><\/p>\n","protected":false},"excerpt":{"rendered":"<p>Passez au niveau sup\u00e9rieur avec la raquette de padel Nox d&#8217;Agust\u00edn Tapia, en forme de goutte, parfaite pour les joueurs avanc\u00e9s qui recherchent de la polyvalence sur le terrain.<\/p>\n","protected":false},"featured_media":269240,"comment_status":"open","ping_status":"closed","template":"","meta":{"_acf_changed":false,"_joinchat":[]},"acabado":[1087,1097],"balance":[1142],"dureza":[1152],"forma":[1187],"jugador":[1192,1197,1202],"marca":[1262],"nivel-de-juego":[1337,1347],"superficie":[1362],"tipo-de-juego":[1387],"product_brand":[],"product_cat":[302],"product_tag":[],"class_list":{"0":"post-269245","1":"product","2":"type-product","3":"status-publish","4":"has-post-thumbnail","6":"acabado-mon-pote","7":"acabado-sable","8":"balance-moyen","9":"dureza-blanda-fr","10":"forma-lagrima-fr","11":"jugador-homme","12":"jugador-mujer-fr","13":"jugador-polivalente-fr","14":"marca-nox-fr","15":"superficie-rugosa-fr","16":"tipo-de-juego-polivalente-fr","17":"product_cat-palas-de-padel-fr","19":"first","20":"instock","21":"sale","22":"taxable","23":"shipping-taxable","24":"purchasable","25":"product-type-simple"},"acf":[],"yoast_head":"<!-- This site is optimized with the Yoast SEO plugin v27.3 - https:\/\/yoast.com\/product\/yoast-seo-wordpress\/ -->\n<title>NOX AT10 GENIUS 12K ALUM XTREM LITE BY AGUST\u00cdN TAPIA 2026 - Revolution Padel Store<\/title>\n<meta name=\"description\" content=\"Compra la pala Nox AT10 12K Alum XTREM Lite 2026 en Revolution Padel Store. Ligera, potente y precisa, con tecnolog\u00edas exclusivas para jugadores profesionales. \u00a1Mejor precio online!\" \/>\n<meta name=\"robots\" content=\"index, follow, max-snippet:-1, max-image-preview:large, max-video-preview:-1\" \/>\n<link rel=\"canonical\" href=\"https:\/\/revolutionpadelstore.com\/fr\/produit\/nox-at10-genius-12k-alum-xtrem-lite-by-agustin-tapia-2026-3\/\" \/>\n<meta property=\"og:locale\" content=\"fr_FR\" \/>\n<meta property=\"og:type\" content=\"article\" \/>\n<meta property=\"og:title\" content=\"NOX AT10 GENIUS 12K ALUM XTREM LITE BY AGUST\u00cdN TAPIA 2026 - Revolution Padel Store\" \/>\n<meta property=\"og:description\" content=\"Compra la pala Nox AT10 12K Alum XTREM Lite 2026 en Revolution Padel Store. Ligera, potente y precisa, con tecnolog\u00edas exclusivas para jugadores profesionales. \u00a1Mejor precio online!\" \/>\n<meta property=\"og:url\" content=\"https:\/\/revolutionpadelstore.com\/fr\/produit\/nox-at10-genius-12k-alum-xtrem-lite-by-agustin-tapia-2026-3\/\" \/>\n<meta property=\"og:site_name\" content=\"Revolution Padel Store\" \/>\n<meta property=\"article:modified_time\" content=\"2026-03-31T22:50:11+00:00\" \/>\n<meta property=\"og:image\" content=\"https:\/\/revolutionpadelstore.com\/wp-content\/uploads\/2025\/09\/120969-pala-nox-at10-genius-12k-alum-xtreme-lite-by-agustin-tapia-1500x1500-1.webp\" \/>\n\t<meta property=\"og:image:width\" content=\"1500\" \/>\n\t<meta property=\"og:image:height\" content=\"1500\" \/>\n\t<meta property=\"og:image:type\" content=\"image\/webp\" \/>\n<meta name=\"twitter:card\" content=\"summary_large_image\" \/>\n<meta name=\"twitter:label1\" content=\"Dur\u00e9e de lecture estim\u00e9e\" \/>\n\t<meta name=\"twitter:data1\" content=\"3 minutes\" \/>\n<script type=\"application\/ld+json\" class=\"yoast-schema-graph\">{\"@context\":\"https:\\\/\\\/schema.org\",\"@graph\":[{\"@type\":\"WebPage\",\"@id\":\"https:\\\/\\\/revolutionpadelstore.com\\\/fr\\\/produit\\\/nox-at10-genius-12k-alum-xtrem-lite-by-agustin-tapia-2026-3\\\/\",\"url\":\"https:\\\/\\\/revolutionpadelstore.com\\\/fr\\\/produit\\\/nox-at10-genius-12k-alum-xtrem-lite-by-agustin-tapia-2026-3\\\/\",\"name\":\"NOX AT10 GENIUS 12K ALUM XTREM LITE BY AGUST\u00cdN TAPIA 2026 - Revolution Padel Store\",\"isPartOf\":{\"@id\":\"https:\\\/\\\/revolutionpadelstore.com\\\/fr\\\/#website\"},\"primaryImageOfPage\":{\"@id\":\"https:\\\/\\\/revolutionpadelstore.com\\\/fr\\\/produit\\\/nox-at10-genius-12k-alum-xtrem-lite-by-agustin-tapia-2026-3\\\/#primaryimage\"},\"image\":{\"@id\":\"https:\\\/\\\/revolutionpadelstore.com\\\/fr\\\/produit\\\/nox-at10-genius-12k-alum-xtrem-lite-by-agustin-tapia-2026-3\\\/#primaryimage\"},\"thumbnailUrl\":\"https:\\\/\\\/revolutionpadelstore.com\\\/wp-content\\\/uploads\\\/2025\\\/09\\\/120969-pala-nox-at10-genius-12k-alum-xtreme-lite-by-agustin-tapia-1500x1500-1.webp\",\"datePublished\":\"2025-09-25T22:39:52+00:00\",\"dateModified\":\"2026-03-31T22:50:11+00:00\",\"description\":\"Compra la pala Nox AT10 12K Alum XTREM Lite 2026 en Revolution Padel Store. Ligera, potente y precisa, con tecnolog\u00edas exclusivas para jugadores profesionales. \u00a1Mejor precio online!\",\"breadcrumb\":{\"@id\":\"https:\\\/\\\/revolutionpadelstore.com\\\/fr\\\/produit\\\/nox-at10-genius-12k-alum-xtrem-lite-by-agustin-tapia-2026-3\\\/#breadcrumb\"},\"inLanguage\":\"fr-FR\",\"potentialAction\":[{\"@type\":\"ReadAction\",\"target\":[\"https:\\\/\\\/revolutionpadelstore.com\\\/fr\\\/produit\\\/nox-at10-genius-12k-alum-xtrem-lite-by-agustin-tapia-2026-3\\\/\"]}]},{\"@type\":\"ImageObject\",\"inLanguage\":\"fr-FR\",\"@id\":\"https:\\\/\\\/revolutionpadelstore.com\\\/fr\\\/produit\\\/nox-at10-genius-12k-alum-xtrem-lite-by-agustin-tapia-2026-3\\\/#primaryimage\",\"url\":\"https:\\\/\\\/revolutionpadelstore.com\\\/wp-content\\\/uploads\\\/2025\\\/09\\\/120969-pala-nox-at10-genius-12k-alum-xtreme-lite-by-agustin-tapia-1500x1500-1.webp\",\"contentUrl\":\"https:\\\/\\\/revolutionpadelstore.com\\\/wp-content\\\/uploads\\\/2025\\\/09\\\/120969-pala-nox-at10-genius-12k-alum-xtreme-lite-by-agustin-tapia-1500x1500-1.webp\",\"width\":1500,\"height\":1500},{\"@type\":\"BreadcrumbList\",\"@id\":\"https:\\\/\\\/revolutionpadelstore.com\\\/fr\\\/produit\\\/nox-at10-genius-12k-alum-xtrem-lite-by-agustin-tapia-2026-3\\\/#breadcrumb\",\"itemListElement\":[{\"@type\":\"ListItem\",\"position\":1,\"name\":\"Portada\",\"item\":\"https:\\\/\\\/revolutionpadelstore.com\\\/fr\\\/\"},{\"@type\":\"ListItem\",\"position\":2,\"name\":\"Boutique\",\"item\":\"https:\\\/\\\/revolutionpadelstore.com\\\/fr\\\/tienda\\\/\"},{\"@type\":\"ListItem\",\"position\":3,\"name\":\"NOX AT10 GENIUS 12K ALUM XTREM LITE BY AGUST\u00cdN TAPIA 2026\"}]},{\"@type\":\"WebSite\",\"@id\":\"https:\\\/\\\/revolutionpadelstore.com\\\/fr\\\/#website\",\"url\":\"https:\\\/\\\/revolutionpadelstore.com\\\/fr\\\/\",\"name\":\"Revolution Padel Store\",\"description\":\"\",\"publisher\":{\"@id\":\"https:\\\/\\\/revolutionpadelstore.com\\\/fr\\\/#organization\"},\"potentialAction\":[{\"@type\":\"SearchAction\",\"target\":{\"@type\":\"EntryPoint\",\"urlTemplate\":\"https:\\\/\\\/revolutionpadelstore.com\\\/fr\\\/?s={search_term_string}\"},\"query-input\":{\"@type\":\"PropertyValueSpecification\",\"valueRequired\":true,\"valueName\":\"search_term_string\"}}],\"inLanguage\":\"fr-FR\"},{\"@type\":\"Organization\",\"@id\":\"https:\\\/\\\/revolutionpadelstore.com\\\/fr\\\/#organization\",\"name\":\"Revolution Padel Store\",\"url\":\"https:\\\/\\\/revolutionpadelstore.com\\\/fr\\\/\",\"logo\":{\"@type\":\"ImageObject\",\"inLanguage\":\"fr-FR\",\"@id\":\"https:\\\/\\\/revolutionpadelstore.com\\\/fr\\\/#\\\/schema\\\/logo\\\/image\\\/\",\"url\":\"https:\\\/\\\/revolutionpadelstore.com\\\/wp-content\\\/uploads\\\/2026\\\/02\\\/revolution-padel-store.jpg\",\"contentUrl\":\"https:\\\/\\\/revolutionpadelstore.com\\\/wp-content\\\/uploads\\\/2026\\\/02\\\/revolution-padel-store.jpg\",\"width\":2000,\"height\":2000,\"caption\":\"Revolution Padel Store\"},\"image\":{\"@id\":\"https:\\\/\\\/revolutionpadelstore.com\\\/fr\\\/#\\\/schema\\\/logo\\\/image\\\/\"},\"sameAs\":[\"https:\\\/\\\/www.instagram.com\\\/revolutionpadelstore\\\/\"]}]}<\/script>\n<!-- \/ Yoast SEO plugin. -->","yoast_head_json":{"title":"NOX AT10 GENIUS 12K ALUM XTREM LITE BY AGUST\u00cdN TAPIA 2026 - Revolution Padel Store","description":"Compra la pala Nox AT10 12K Alum XTREM Lite 2026 en Revolution Padel Store. Ligera, potente y precisa, con tecnolog\u00edas exclusivas para jugadores profesionales. \u00a1Mejor precio online!","robots":{"index":"index","follow":"follow","max-snippet":"max-snippet:-1","max-image-preview":"max-image-preview:large","max-video-preview":"max-video-preview:-1"},"canonical":"https:\/\/revolutionpadelstore.com\/fr\/produit\/nox-at10-genius-12k-alum-xtrem-lite-by-agustin-tapia-2026-3\/","og_locale":"fr_FR","og_type":"article","og_title":"NOX AT10 GENIUS 12K ALUM XTREM LITE BY AGUST\u00cdN TAPIA 2026 - Revolution Padel Store","og_description":"Compra la pala Nox AT10 12K Alum XTREM Lite 2026 en Revolution Padel Store. Ligera, potente y precisa, con tecnolog\u00edas exclusivas para jugadores profesionales. \u00a1Mejor precio online!","og_url":"https:\/\/revolutionpadelstore.com\/fr\/produit\/nox-at10-genius-12k-alum-xtrem-lite-by-agustin-tapia-2026-3\/","og_site_name":"Revolution Padel Store","article_modified_time":"2026-03-31T22:50:11+00:00","og_image":[{"width":1500,"height":1500,"url":"https:\/\/revolutionpadelstore.com\/wp-content\/uploads\/2025\/09\/120969-pala-nox-at10-genius-12k-alum-xtreme-lite-by-agustin-tapia-1500x1500-1.webp","type":"image\/webp"}],"twitter_card":"summary_large_image","twitter_misc":{"Dur\u00e9e de lecture estim\u00e9e":"3 minutes"},"schema":{"@context":"https:\/\/schema.org","@graph":[{"@type":"WebPage","@id":"https:\/\/revolutionpadelstore.com\/fr\/produit\/nox-at10-genius-12k-alum-xtrem-lite-by-agustin-tapia-2026-3\/","url":"https:\/\/revolutionpadelstore.com\/fr\/produit\/nox-at10-genius-12k-alum-xtrem-lite-by-agustin-tapia-2026-3\/","name":"NOX AT10 GENIUS 12K ALUM XTREM LITE BY AGUST\u00cdN TAPIA 2026 - Revolution Padel Store","isPartOf":{"@id":"https:\/\/revolutionpadelstore.com\/fr\/#website"},"primaryImageOfPage":{"@id":"https:\/\/revolutionpadelstore.com\/fr\/produit\/nox-at10-genius-12k-alum-xtrem-lite-by-agustin-tapia-2026-3\/#primaryimage"},"image":{"@id":"https:\/\/revolutionpadelstore.com\/fr\/produit\/nox-at10-genius-12k-alum-xtrem-lite-by-agustin-tapia-2026-3\/#primaryimage"},"thumbnailUrl":"https:\/\/revolutionpadelstore.com\/wp-content\/uploads\/2025\/09\/120969-pala-nox-at10-genius-12k-alum-xtreme-lite-by-agustin-tapia-1500x1500-1.webp","datePublished":"2025-09-25T22:39:52+00:00","dateModified":"2026-03-31T22:50:11+00:00","description":"Compra la pala Nox AT10 12K Alum XTREM Lite 2026 en Revolution Padel Store. Ligera, potente y precisa, con tecnolog\u00edas exclusivas para jugadores profesionales. \u00a1Mejor precio online!","breadcrumb":{"@id":"https:\/\/revolutionpadelstore.com\/fr\/produit\/nox-at10-genius-12k-alum-xtrem-lite-by-agustin-tapia-2026-3\/#breadcrumb"},"inLanguage":"fr-FR","potentialAction":[{"@type":"ReadAction","target":["https:\/\/revolutionpadelstore.com\/fr\/produit\/nox-at10-genius-12k-alum-xtrem-lite-by-agustin-tapia-2026-3\/"]}]},{"@type":"ImageObject","inLanguage":"fr-FR","@id":"https:\/\/revolutionpadelstore.com\/fr\/produit\/nox-at10-genius-12k-alum-xtrem-lite-by-agustin-tapia-2026-3\/#primaryimage","url":"https:\/\/revolutionpadelstore.com\/wp-content\/uploads\/2025\/09\/120969-pala-nox-at10-genius-12k-alum-xtreme-lite-by-agustin-tapia-1500x1500-1.webp","contentUrl":"https:\/\/revolutionpadelstore.com\/wp-content\/uploads\/2025\/09\/120969-pala-nox-at10-genius-12k-alum-xtreme-lite-by-agustin-tapia-1500x1500-1.webp","width":1500,"height":1500},{"@type":"BreadcrumbList","@id":"https:\/\/revolutionpadelstore.com\/fr\/produit\/nox-at10-genius-12k-alum-xtrem-lite-by-agustin-tapia-2026-3\/#breadcrumb","itemListElement":[{"@type":"ListItem","position":1,"name":"Portada","item":"https:\/\/revolutionpadelstore.com\/fr\/"},{"@type":"ListItem","position":2,"name":"Boutique","item":"https:\/\/revolutionpadelstore.com\/fr\/tienda\/"},{"@type":"ListItem","position":3,"name":"NOX AT10 GENIUS 12K ALUM XTREM LITE BY AGUST\u00cdN TAPIA 2026"}]},{"@type":"WebSite","@id":"https:\/\/revolutionpadelstore.com\/fr\/#website","url":"https:\/\/revolutionpadelstore.com\/fr\/","name":"Revolution Padel Store","description":"","publisher":{"@id":"https:\/\/revolutionpadelstore.com\/fr\/#organization"},"potentialAction":[{"@type":"SearchAction","target":{"@type":"EntryPoint","urlTemplate":"https:\/\/revolutionpadelstore.com\/fr\/?s={search_term_string}"},"query-input":{"@type":"PropertyValueSpecification","valueRequired":true,"valueName":"search_term_string"}}],"inLanguage":"fr-FR"},{"@type":"Organization","@id":"https:\/\/revolutionpadelstore.com\/fr\/#organization","name":"Revolution Padel Store","url":"https:\/\/revolutionpadelstore.com\/fr\/","logo":{"@type":"ImageObject","inLanguage":"fr-FR","@id":"https:\/\/revolutionpadelstore.com\/fr\/#\/schema\/logo\/image\/","url":"https:\/\/revolutionpadelstore.com\/wp-content\/uploads\/2026\/02\/revolution-padel-store.jpg","contentUrl":"https:\/\/revolutionpadelstore.com\/wp-content\/uploads\/2026\/02\/revolution-padel-store.jpg","width":2000,"height":2000,"caption":"Revolution Padel Store"},"image":{"@id":"https:\/\/revolutionpadelstore.com\/fr\/#\/schema\/logo\/image\/"},"sameAs":["https:\/\/www.instagram.com\/revolutionpadelstore\/"]}]}},"_links":{"self":[{"href":"https:\/\/revolutionpadelstore.com\/fr\/wp-json\/wp\/v2\/product\/269245","targetHints":{"allow":["GET"]}}],"collection":[{"href":"https:\/\/revolutionpadelstore.com\/fr\/wp-json\/wp\/v2\/product"}],"about":[{"href":"https:\/\/revolutionpadelstore.com\/fr\/wp-json\/wp\/v2\/types\/product"}],"replies":[{"embeddable":true,"href":"https:\/\/revolutionpadelstore.com\/fr\/wp-json\/wp\/v2\/comments?post=269245"}],"wp:featuredmedia":[{"embeddable":true,"href":"https:\/\/revolutionpadelstore.com\/fr\/wp-json\/wp\/v2\/media\/269240"}],"wp:attachment":[{"href":"https:\/\/revolutionpadelstore.com\/fr\/wp-json\/wp\/v2\/media?parent=269245"}],"wp:term":[{"taxonomy":"acabado","embeddable":true,"href":"https:\/\/revolutionpadelstore.com\/fr\/wp-json\/wp\/v2\/acabado?post=269245"},{"taxonomy":"balance","embeddable":true,"href":"https:\/\/revolutionpadelstore.com\/fr\/wp-json\/wp\/v2\/balance?post=269245"},{"taxonomy":"dureza","embeddable":true,"href":"https:\/\/revolutionpadelstore.com\/fr\/wp-json\/wp\/v2\/dureza?post=269245"},{"taxonomy":"forma","embeddable":true,"href":"https:\/\/revolutionpadelstore.com\/fr\/wp-json\/wp\/v2\/forma?post=269245"},{"taxonomy":"jugador","embeddable":true,"href":"https:\/\/revolutionpadelstore.com\/fr\/wp-json\/wp\/v2\/jugador?post=269245"},{"taxonomy":"marca","embeddable":true,"href":"https:\/\/revolutionpadelstore.com\/fr\/wp-json\/wp\/v2\/marca?post=269245"},{"taxonomy":"nivel-de-juego","embeddable":true,"href":"https:\/\/revolutionpadelstore.com\/fr\/wp-json\/wp\/v2\/nivel-de-juego?post=269245"},{"taxonomy":"superficie","embeddable":true,"href":"https:\/\/revolutionpadelstore.com\/fr\/wp-json\/wp\/v2\/superficie?post=269245"},{"taxonomy":"tipo-de-juego","embeddable":true,"href":"https:\/\/revolutionpadelstore.com\/fr\/wp-json\/wp\/v2\/tipo-de-juego?post=269245"},{"taxonomy":"product_brand","embeddable":true,"href":"https:\/\/revolutionpadelstore.com\/fr\/wp-json\/wp\/v2\/product_brand?post=269245"},{"taxonomy":"product_cat","embeddable":true,"href":"https:\/\/revolutionpadelstore.com\/fr\/wp-json\/wp\/v2\/product_cat?post=269245"},{"taxonomy":"product_tag","embeddable":true,"href":"https:\/\/revolutionpadelstore.com\/fr\/wp-json\/wp\/v2\/product_tag?post=269245"}],"curies":[{"name":"wp","href":"https:\/\/api.w.org\/{rel}","templated":true}]}}