{"id":269167,"date":"2025-09-26T00:30:02","date_gmt":"2025-09-25T22:30:02","guid":{"rendered":"https:\/\/revolutionpadelstore.com\/nox-at10-genius-attack-18k-alum-by-agustin-tapia-2026\/"},"modified":"2026-04-01T00:50:29","modified_gmt":"2026-03-31T22:50:29","slug":"nox-at10-genius-attack-18k-alum-by-agustin-tapia-2026-3","status":"publish","type":"product","link":"https:\/\/revolutionpadelstore.com\/fr\/produit\/nox-at10-genius-attack-18k-alum-by-agustin-tapia-2026-3\/","title":{"rendered":"NOX AT10 GENIUS ATTACK 18K ALUM BY AGUST\u00cdN TAPIA 2026"},"content":{"rendered":"<h2>Nox AT10 Genius Attack 18K Alum 2026 \u2013 Puissance offensive illimit\u00e9e<\/h2>\n<p>Le <strong>Nox AT10 Genius Attack 18K Alum 2026<\/strong> est la nouvelle arme d&#8217;attaque d\u00e9velopp\u00e9e en collaboration avec <em>Agust\u00edn Tapia<\/em> pour les joueurs cherchant \u00e0 dominer chaque point avec puissance et pr\u00e9cision. Cette raquette de padel professionnelle se distingue par son format en diamant, son \u00e9quilibre \u00e9lev\u00e9 et son poids compris entre 360 \u200b\u200bet 375 grammes, offrant des performances explosives \u00e0 chaque coup.<\/p>\n<p>Fabriqu\u00e9 avec des mat\u00e9riaux de derni\u00e8re g\u00e9n\u00e9ration, sa face en <strong>Carbone aluminis\u00e9 18K<\/strong> et son noyau <strong>MLD Black EVA<\/strong> garantissent une sortie de balle puissante, un toucher ferme et une adaptation id\u00e9ale \u00e0 toutes les conditions m\u00e9t\u00e9orologiques. Le design et les technologies de cette raquette Nox 2026 en font une option imbattable pour le jeu offensif.<\/p>\n<h2>AT10 Genius Attack 2026 : Pour les joueurs agressifs et exigeants<\/h2>\n<p>Con\u00e7u pour les <strong>joueurs avanc\u00e9s et professionnels<\/strong>, l&#8217;AT10 Genius Attack 18K Alum est id\u00e9al pour ceux qui jouent un style de jeu <strong>agressif et dominant<\/strong>. Son nouveau moule et l&#8217;innovant <strong>Weight Balance System<\/strong> vous permettent de personnaliser l&#8217;\u00e9quilibre de la raquette, en l&#8217;ajustant aux pr\u00e9f\u00e9rences du joueur.<\/p>\n<p>Son toucher moyen offre un \u00e9quilibre parfait entre <strong>contr\u00f4le et puissance<\/strong>, m\u00eame s&#8217;il brille particuli\u00e8rement dans les actions offensives telles que les smashs, les vipers et les layups avec effets.<\/p>\n<h2>Caract\u00e9ristiques techniques mises en avant<\/h2>\n<p><strong>-Carbon 18K Alum<\/strong> : surface en carbone aluminis\u00e9 qui am\u00e9liore la rigidit\u00e9 structurelle et la stabilit\u00e9 thermique.<\/p>\n<p><strong>-MLD Black EVA<\/strong> : noyau multicouche qui maximise la puissance et le rendement de la balle.<\/p>\n<p><strong>-Weight Balance System<\/strong> : syst\u00e8me de contrepoids interchangeables pour ajuster l&#8217;\u00e9quilibre et le poids en fonction du style de jeu.<\/p>\n<p><strong>-Dual Spin<\/strong> : texture rugueuse 3D et sable de silice pour g\u00e9n\u00e9rer des effets extr\u00eames.<\/p>\n<p><strong>-EOS Tunnel<\/strong> : nouvelle structure perfor\u00e9e dans le m\u00e2t qui augmente la maniabilit\u00e9 et l&#8217;a\u00e9rodynamisme.<\/p>\n<p><strong>-Pulse System<\/strong> : syst\u00e8me anti-vibration qui am\u00e9liore le confort \u00e0 chaque coup.<\/p>\n<p><strong>-Oversize Grip<\/strong> : poign\u00e9e plus longue pour une meilleure adh\u00e9rence et un meilleur confort.<\/p>\n<p><strong>&#8211; SmartStrap<\/strong> : cordon de pr\u00e9hension interchangeable rapidement et en toute s\u00e9curit\u00e9.<\/p>\n<p><strong>&#8211; Peinture hotochromique<\/strong> : peinture qui r\u00e9agit \u00e0 la lumi\u00e8re en changeant de couleur.<\/p>\n<p><strong>&#8211; Custom Grip<\/strong> : grip personnalisable avec syst\u00e8me anti-vibration certifi\u00e9 par Testea P\u00e1del.<\/p>\n<h2>Pourquoi choisir l&#8217;AT10 Genius Attack 2026 ?<\/h2>\n<p>-Parfait pour un style de jeu <strong>offensif et agressif<\/strong><\/p>\n<p>-Personnalisable selon votre fa\u00e7on de jouer<\/p>\n<p>-Confort, puissance et design professionnel<\/p>\n<p>-D\u00e9velopp\u00e9 par et pour des joueurs d&#8217;\u00e9lite comme <em>Agust\u00edn Tapia<\/em><\/p>\n<h2>Obtenez la raquette Nox AT10 Genius Attack 2026 au meilleur prix<\/h2>\n<p>Si votre style est bas\u00e9 sur <strong>la puissance, les frappes agressives et le contr\u00f4le offensif<\/strong>, la <strong>Nox AT10 Genius Attack 18K Alum 2026<\/strong> est la raquette dont vous avez besoin pour passer au niveau sup\u00e9rieur. Ma\u00eetrisez chaque point et faites la diff\u00e9rence avec cette raquette haute performance.<\/p>\n<p>Disponible d\u00e8s maintenant dans notre boutique en ligne <strong><a href=\"https:\/\/www.revolutionpadelstore.com\/\">www.revolutionpadelstore.com<\/a><\/strong>, probablement <strong>au meilleur prix du march\u00e9<\/strong>.<\/p>\n<h2>Nox AT10 Genius Attack 18K Alum 2026 \u2013 Potencia ofensiva sin l\u00edmites<\/h2>\n","protected":false},"excerpt":{"rendered":"<p>Ressentez la puissance et la pr\u00e9cision \u00e0 chaque coup, con\u00e7ue pour les joueurs agressifs de haut niveau, avec la raquette Nox d&#8217;Agust\u00edn Tapia.<\/p>\n","protected":false},"featured_media":269162,"comment_status":"open","ping_status":"closed","template":"","meta":{"_acf_changed":false,"_joinchat":[]},"acabado":[1087,1097],"balance":[1137],"dureza":[1157],"forma":[1172],"jugador":[1192],"marca":[1262],"nivel-de-juego":[1337,1347],"superficie":[1362],"tipo-de-juego":[1377],"product_brand":[],"product_cat":[302],"product_tag":[],"class_list":{"0":"post-269167","1":"product","2":"type-product","3":"status-publish","4":"has-post-thumbnail","6":"acabado-mon-pote","7":"acabado-sable","8":"balance-eleve","9":"dureza-media-fr","10":"forma-diamant","11":"jugador-homme","12":"marca-nox-fr","13":"superficie-rugosa-fr","14":"tipo-de-juego-puissance","15":"product_cat-palas-de-padel-fr","17":"first","18":"instock","19":"sale","20":"taxable","21":"shipping-taxable","22":"purchasable","23":"product-type-simple"},"acf":[],"yoast_head":"<!-- This site is optimized with the Yoast SEO plugin v27.3 - https:\/\/yoast.com\/product\/yoast-seo-wordpress\/ -->\n<title>NOX AT10 GENIUS ATTACK 18K ALUM BY AGUST\u00cdN TAPIA 2026 - Revolution Padel Store<\/title>\n<meta name=\"description\" content=\"Descubre la Nox AT10 Genius Attack 18K Alum 2026, la pala de p\u00e1del profesional de Agust\u00edn Tapia con m\u00e1xima potencia, control ofensivo y tecnolog\u00edas exclusivas. \u00a1C\u00f3mprala ya en Revolution Padel Store al mejor precio!\" \/>\n<meta name=\"robots\" content=\"index, follow, max-snippet:-1, max-image-preview:large, max-video-preview:-1\" \/>\n<link rel=\"canonical\" href=\"https:\/\/revolutionpadelstore.com\/fr\/produit\/nox-at10-genius-attack-18k-alum-by-agustin-tapia-2026-3\/\" \/>\n<meta property=\"og:locale\" content=\"fr_FR\" \/>\n<meta property=\"og:type\" content=\"article\" \/>\n<meta property=\"og:title\" content=\"NOX AT10 GENIUS ATTACK 18K ALUM BY AGUST\u00cdN TAPIA 2026 - Revolution Padel Store\" \/>\n<meta property=\"og:description\" content=\"Descubre la Nox AT10 Genius Attack 18K Alum 2026, la pala de p\u00e1del profesional de Agust\u00edn Tapia con m\u00e1xima potencia, control ofensivo y tecnolog\u00edas exclusivas. \u00a1C\u00f3mprala ya en Revolution Padel Store al mejor precio!\" \/>\n<meta property=\"og:url\" content=\"https:\/\/revolutionpadelstore.com\/fr\/produit\/nox-at10-genius-attack-18k-alum-by-agustin-tapia-2026-3\/\" \/>\n<meta property=\"og:site_name\" content=\"Revolution Padel Store\" \/>\n<meta property=\"article:modified_time\" content=\"2026-03-31T22:50:29+00:00\" \/>\n<meta property=\"og:image\" content=\"https:\/\/revolutionpadelstore.com\/wp-content\/uploads\/2025\/09\/120972-pala-nox-at10-genius-attack-18k-alum-by-agustin-tapia-1500x1500-1.webp\" \/>\n\t<meta property=\"og:image:width\" content=\"1500\" \/>\n\t<meta property=\"og:image:height\" content=\"1500\" \/>\n\t<meta property=\"og:image:type\" content=\"image\/webp\" \/>\n<meta name=\"twitter:card\" content=\"summary_large_image\" \/>\n<meta name=\"twitter:label1\" content=\"Dur\u00e9e de lecture estim\u00e9e\" \/>\n\t<meta name=\"twitter:data1\" content=\"3 minutes\" \/>\n<script type=\"application\/ld+json\" class=\"yoast-schema-graph\">{\"@context\":\"https:\\\/\\\/schema.org\",\"@graph\":[{\"@type\":\"WebPage\",\"@id\":\"https:\\\/\\\/revolutionpadelstore.com\\\/fr\\\/produit\\\/nox-at10-genius-attack-18k-alum-by-agustin-tapia-2026-3\\\/\",\"url\":\"https:\\\/\\\/revolutionpadelstore.com\\\/fr\\\/produit\\\/nox-at10-genius-attack-18k-alum-by-agustin-tapia-2026-3\\\/\",\"name\":\"NOX AT10 GENIUS ATTACK 18K ALUM BY AGUST\u00cdN TAPIA 2026 - Revolution Padel Store\",\"isPartOf\":{\"@id\":\"https:\\\/\\\/revolutionpadelstore.com\\\/fr\\\/#website\"},\"primaryImageOfPage\":{\"@id\":\"https:\\\/\\\/revolutionpadelstore.com\\\/fr\\\/produit\\\/nox-at10-genius-attack-18k-alum-by-agustin-tapia-2026-3\\\/#primaryimage\"},\"image\":{\"@id\":\"https:\\\/\\\/revolutionpadelstore.com\\\/fr\\\/produit\\\/nox-at10-genius-attack-18k-alum-by-agustin-tapia-2026-3\\\/#primaryimage\"},\"thumbnailUrl\":\"https:\\\/\\\/revolutionpadelstore.com\\\/wp-content\\\/uploads\\\/2025\\\/09\\\/120972-pala-nox-at10-genius-attack-18k-alum-by-agustin-tapia-1500x1500-1.webp\",\"datePublished\":\"2025-09-25T22:30:02+00:00\",\"dateModified\":\"2026-03-31T22:50:29+00:00\",\"description\":\"Descubre la Nox AT10 Genius Attack 18K Alum 2026, la pala de p\u00e1del profesional de Agust\u00edn Tapia con m\u00e1xima potencia, control ofensivo y tecnolog\u00edas exclusivas. \u00a1C\u00f3mprala ya en Revolution Padel Store al mejor precio!\",\"breadcrumb\":{\"@id\":\"https:\\\/\\\/revolutionpadelstore.com\\\/fr\\\/produit\\\/nox-at10-genius-attack-18k-alum-by-agustin-tapia-2026-3\\\/#breadcrumb\"},\"inLanguage\":\"fr-FR\",\"potentialAction\":[{\"@type\":\"ReadAction\",\"target\":[\"https:\\\/\\\/revolutionpadelstore.com\\\/fr\\\/produit\\\/nox-at10-genius-attack-18k-alum-by-agustin-tapia-2026-3\\\/\"]}]},{\"@type\":\"ImageObject\",\"inLanguage\":\"fr-FR\",\"@id\":\"https:\\\/\\\/revolutionpadelstore.com\\\/fr\\\/produit\\\/nox-at10-genius-attack-18k-alum-by-agustin-tapia-2026-3\\\/#primaryimage\",\"url\":\"https:\\\/\\\/revolutionpadelstore.com\\\/wp-content\\\/uploads\\\/2025\\\/09\\\/120972-pala-nox-at10-genius-attack-18k-alum-by-agustin-tapia-1500x1500-1.webp\",\"contentUrl\":\"https:\\\/\\\/revolutionpadelstore.com\\\/wp-content\\\/uploads\\\/2025\\\/09\\\/120972-pala-nox-at10-genius-attack-18k-alum-by-agustin-tapia-1500x1500-1.webp\",\"width\":1500,\"height\":1500},{\"@type\":\"BreadcrumbList\",\"@id\":\"https:\\\/\\\/revolutionpadelstore.com\\\/fr\\\/produit\\\/nox-at10-genius-attack-18k-alum-by-agustin-tapia-2026-3\\\/#breadcrumb\",\"itemListElement\":[{\"@type\":\"ListItem\",\"position\":1,\"name\":\"Portada\",\"item\":\"https:\\\/\\\/revolutionpadelstore.com\\\/fr\\\/\"},{\"@type\":\"ListItem\",\"position\":2,\"name\":\"Boutique\",\"item\":\"https:\\\/\\\/revolutionpadelstore.com\\\/fr\\\/tienda\\\/\"},{\"@type\":\"ListItem\",\"position\":3,\"name\":\"NOX AT10 GENIUS ATTACK 18K ALUM BY AGUST\u00cdN TAPIA 2026\"}]},{\"@type\":\"WebSite\",\"@id\":\"https:\\\/\\\/revolutionpadelstore.com\\\/fr\\\/#website\",\"url\":\"https:\\\/\\\/revolutionpadelstore.com\\\/fr\\\/\",\"name\":\"Revolution Padel Store\",\"description\":\"\",\"publisher\":{\"@id\":\"https:\\\/\\\/revolutionpadelstore.com\\\/fr\\\/#organization\"},\"potentialAction\":[{\"@type\":\"SearchAction\",\"target\":{\"@type\":\"EntryPoint\",\"urlTemplate\":\"https:\\\/\\\/revolutionpadelstore.com\\\/fr\\\/?s={search_term_string}\"},\"query-input\":{\"@type\":\"PropertyValueSpecification\",\"valueRequired\":true,\"valueName\":\"search_term_string\"}}],\"inLanguage\":\"fr-FR\"},{\"@type\":\"Organization\",\"@id\":\"https:\\\/\\\/revolutionpadelstore.com\\\/fr\\\/#organization\",\"name\":\"Revolution Padel Store\",\"url\":\"https:\\\/\\\/revolutionpadelstore.com\\\/fr\\\/\",\"logo\":{\"@type\":\"ImageObject\",\"inLanguage\":\"fr-FR\",\"@id\":\"https:\\\/\\\/revolutionpadelstore.com\\\/fr\\\/#\\\/schema\\\/logo\\\/image\\\/\",\"url\":\"https:\\\/\\\/revolutionpadelstore.com\\\/wp-content\\\/uploads\\\/2026\\\/02\\\/revolution-padel-store.jpg\",\"contentUrl\":\"https:\\\/\\\/revolutionpadelstore.com\\\/wp-content\\\/uploads\\\/2026\\\/02\\\/revolution-padel-store.jpg\",\"width\":2000,\"height\":2000,\"caption\":\"Revolution Padel Store\"},\"image\":{\"@id\":\"https:\\\/\\\/revolutionpadelstore.com\\\/fr\\\/#\\\/schema\\\/logo\\\/image\\\/\"},\"sameAs\":[\"https:\\\/\\\/www.instagram.com\\\/revolutionpadelstore\\\/\"]}]}<\/script>\n<!-- \/ Yoast SEO plugin. -->","yoast_head_json":{"title":"NOX AT10 GENIUS ATTACK 18K ALUM BY AGUST\u00cdN TAPIA 2026 - Revolution Padel Store","description":"Descubre la Nox AT10 Genius Attack 18K Alum 2026, la pala de p\u00e1del profesional de Agust\u00edn Tapia con m\u00e1xima potencia, control ofensivo y tecnolog\u00edas exclusivas. \u00a1C\u00f3mprala ya en Revolution Padel Store al mejor precio!","robots":{"index":"index","follow":"follow","max-snippet":"max-snippet:-1","max-image-preview":"max-image-preview:large","max-video-preview":"max-video-preview:-1"},"canonical":"https:\/\/revolutionpadelstore.com\/fr\/produit\/nox-at10-genius-attack-18k-alum-by-agustin-tapia-2026-3\/","og_locale":"fr_FR","og_type":"article","og_title":"NOX AT10 GENIUS ATTACK 18K ALUM BY AGUST\u00cdN TAPIA 2026 - Revolution Padel Store","og_description":"Descubre la Nox AT10 Genius Attack 18K Alum 2026, la pala de p\u00e1del profesional de Agust\u00edn Tapia con m\u00e1xima potencia, control ofensivo y tecnolog\u00edas exclusivas. \u00a1C\u00f3mprala ya en Revolution Padel Store al mejor precio!","og_url":"https:\/\/revolutionpadelstore.com\/fr\/produit\/nox-at10-genius-attack-18k-alum-by-agustin-tapia-2026-3\/","og_site_name":"Revolution Padel Store","article_modified_time":"2026-03-31T22:50:29+00:00","og_image":[{"width":1500,"height":1500,"url":"https:\/\/revolutionpadelstore.com\/wp-content\/uploads\/2025\/09\/120972-pala-nox-at10-genius-attack-18k-alum-by-agustin-tapia-1500x1500-1.webp","type":"image\/webp"}],"twitter_card":"summary_large_image","twitter_misc":{"Dur\u00e9e de lecture estim\u00e9e":"3 minutes"},"schema":{"@context":"https:\/\/schema.org","@graph":[{"@type":"WebPage","@id":"https:\/\/revolutionpadelstore.com\/fr\/produit\/nox-at10-genius-attack-18k-alum-by-agustin-tapia-2026-3\/","url":"https:\/\/revolutionpadelstore.com\/fr\/produit\/nox-at10-genius-attack-18k-alum-by-agustin-tapia-2026-3\/","name":"NOX AT10 GENIUS ATTACK 18K ALUM BY AGUST\u00cdN TAPIA 2026 - Revolution Padel Store","isPartOf":{"@id":"https:\/\/revolutionpadelstore.com\/fr\/#website"},"primaryImageOfPage":{"@id":"https:\/\/revolutionpadelstore.com\/fr\/produit\/nox-at10-genius-attack-18k-alum-by-agustin-tapia-2026-3\/#primaryimage"},"image":{"@id":"https:\/\/revolutionpadelstore.com\/fr\/produit\/nox-at10-genius-attack-18k-alum-by-agustin-tapia-2026-3\/#primaryimage"},"thumbnailUrl":"https:\/\/revolutionpadelstore.com\/wp-content\/uploads\/2025\/09\/120972-pala-nox-at10-genius-attack-18k-alum-by-agustin-tapia-1500x1500-1.webp","datePublished":"2025-09-25T22:30:02+00:00","dateModified":"2026-03-31T22:50:29+00:00","description":"Descubre la Nox AT10 Genius Attack 18K Alum 2026, la pala de p\u00e1del profesional de Agust\u00edn Tapia con m\u00e1xima potencia, control ofensivo y tecnolog\u00edas exclusivas. \u00a1C\u00f3mprala ya en Revolution Padel Store al mejor precio!","breadcrumb":{"@id":"https:\/\/revolutionpadelstore.com\/fr\/produit\/nox-at10-genius-attack-18k-alum-by-agustin-tapia-2026-3\/#breadcrumb"},"inLanguage":"fr-FR","potentialAction":[{"@type":"ReadAction","target":["https:\/\/revolutionpadelstore.com\/fr\/produit\/nox-at10-genius-attack-18k-alum-by-agustin-tapia-2026-3\/"]}]},{"@type":"ImageObject","inLanguage":"fr-FR","@id":"https:\/\/revolutionpadelstore.com\/fr\/produit\/nox-at10-genius-attack-18k-alum-by-agustin-tapia-2026-3\/#primaryimage","url":"https:\/\/revolutionpadelstore.com\/wp-content\/uploads\/2025\/09\/120972-pala-nox-at10-genius-attack-18k-alum-by-agustin-tapia-1500x1500-1.webp","contentUrl":"https:\/\/revolutionpadelstore.com\/wp-content\/uploads\/2025\/09\/120972-pala-nox-at10-genius-attack-18k-alum-by-agustin-tapia-1500x1500-1.webp","width":1500,"height":1500},{"@type":"BreadcrumbList","@id":"https:\/\/revolutionpadelstore.com\/fr\/produit\/nox-at10-genius-attack-18k-alum-by-agustin-tapia-2026-3\/#breadcrumb","itemListElement":[{"@type":"ListItem","position":1,"name":"Portada","item":"https:\/\/revolutionpadelstore.com\/fr\/"},{"@type":"ListItem","position":2,"name":"Boutique","item":"https:\/\/revolutionpadelstore.com\/fr\/tienda\/"},{"@type":"ListItem","position":3,"name":"NOX AT10 GENIUS ATTACK 18K ALUM BY AGUST\u00cdN TAPIA 2026"}]},{"@type":"WebSite","@id":"https:\/\/revolutionpadelstore.com\/fr\/#website","url":"https:\/\/revolutionpadelstore.com\/fr\/","name":"Revolution Padel Store","description":"","publisher":{"@id":"https:\/\/revolutionpadelstore.com\/fr\/#organization"},"potentialAction":[{"@type":"SearchAction","target":{"@type":"EntryPoint","urlTemplate":"https:\/\/revolutionpadelstore.com\/fr\/?s={search_term_string}"},"query-input":{"@type":"PropertyValueSpecification","valueRequired":true,"valueName":"search_term_string"}}],"inLanguage":"fr-FR"},{"@type":"Organization","@id":"https:\/\/revolutionpadelstore.com\/fr\/#organization","name":"Revolution Padel Store","url":"https:\/\/revolutionpadelstore.com\/fr\/","logo":{"@type":"ImageObject","inLanguage":"fr-FR","@id":"https:\/\/revolutionpadelstore.com\/fr\/#\/schema\/logo\/image\/","url":"https:\/\/revolutionpadelstore.com\/wp-content\/uploads\/2026\/02\/revolution-padel-store.jpg","contentUrl":"https:\/\/revolutionpadelstore.com\/wp-content\/uploads\/2026\/02\/revolution-padel-store.jpg","width":2000,"height":2000,"caption":"Revolution Padel Store"},"image":{"@id":"https:\/\/revolutionpadelstore.com\/fr\/#\/schema\/logo\/image\/"},"sameAs":["https:\/\/www.instagram.com\/revolutionpadelstore\/"]}]}},"_links":{"self":[{"href":"https:\/\/revolutionpadelstore.com\/fr\/wp-json\/wp\/v2\/product\/269167","targetHints":{"allow":["GET"]}}],"collection":[{"href":"https:\/\/revolutionpadelstore.com\/fr\/wp-json\/wp\/v2\/product"}],"about":[{"href":"https:\/\/revolutionpadelstore.com\/fr\/wp-json\/wp\/v2\/types\/product"}],"replies":[{"embeddable":true,"href":"https:\/\/revolutionpadelstore.com\/fr\/wp-json\/wp\/v2\/comments?post=269167"}],"wp:featuredmedia":[{"embeddable":true,"href":"https:\/\/revolutionpadelstore.com\/fr\/wp-json\/wp\/v2\/media\/269162"}],"wp:attachment":[{"href":"https:\/\/revolutionpadelstore.com\/fr\/wp-json\/wp\/v2\/media?parent=269167"}],"wp:term":[{"taxonomy":"acabado","embeddable":true,"href":"https:\/\/revolutionpadelstore.com\/fr\/wp-json\/wp\/v2\/acabado?post=269167"},{"taxonomy":"balance","embeddable":true,"href":"https:\/\/revolutionpadelstore.com\/fr\/wp-json\/wp\/v2\/balance?post=269167"},{"taxonomy":"dureza","embeddable":true,"href":"https:\/\/revolutionpadelstore.com\/fr\/wp-json\/wp\/v2\/dureza?post=269167"},{"taxonomy":"forma","embeddable":true,"href":"https:\/\/revolutionpadelstore.com\/fr\/wp-json\/wp\/v2\/forma?post=269167"},{"taxonomy":"jugador","embeddable":true,"href":"https:\/\/revolutionpadelstore.com\/fr\/wp-json\/wp\/v2\/jugador?post=269167"},{"taxonomy":"marca","embeddable":true,"href":"https:\/\/revolutionpadelstore.com\/fr\/wp-json\/wp\/v2\/marca?post=269167"},{"taxonomy":"nivel-de-juego","embeddable":true,"href":"https:\/\/revolutionpadelstore.com\/fr\/wp-json\/wp\/v2\/nivel-de-juego?post=269167"},{"taxonomy":"superficie","embeddable":true,"href":"https:\/\/revolutionpadelstore.com\/fr\/wp-json\/wp\/v2\/superficie?post=269167"},{"taxonomy":"tipo-de-juego","embeddable":true,"href":"https:\/\/revolutionpadelstore.com\/fr\/wp-json\/wp\/v2\/tipo-de-juego?post=269167"},{"taxonomy":"product_brand","embeddable":true,"href":"https:\/\/revolutionpadelstore.com\/fr\/wp-json\/wp\/v2\/product_brand?post=269167"},{"taxonomy":"product_cat","embeddable":true,"href":"https:\/\/revolutionpadelstore.com\/fr\/wp-json\/wp\/v2\/product_cat?post=269167"},{"taxonomy":"product_tag","embeddable":true,"href":"https:\/\/revolutionpadelstore.com\/fr\/wp-json\/wp\/v2\/product_tag?post=269167"}],"curies":[{"name":"wp","href":"https:\/\/api.w.org\/{rel}","templated":true}]}}