{"id":269083,"date":"2025-09-25T21:06:14","date_gmt":"2025-09-25T19:06:14","guid":{"rendered":"https:\/\/revolutionpadelstore.com\/nox-at10-genius-attack-12k-alum-xtrem-by-agustin-tapia\/"},"modified":"2026-04-01T00:50:47","modified_gmt":"2026-03-31T22:50:47","slug":"nox-at10-genius-attack-12k-alum-xtrem-by-agustin-tapia-2026-2","status":"publish","type":"product","link":"https:\/\/revolutionpadelstore.com\/fr\/produit\/nox-at10-genius-attack-12k-alum-xtrem-by-agustin-tapia-2026-2\/","title":{"rendered":"NOX AT10 GENIUS ATTACK 12K ALUM XTREM BY AGUST\u00cdN TAPIA 2026"},"content":{"rendered":"<h2>Nox AT10 Genius Attack 12K Alum XTREM 2026 &#8211; Puissance extr\u00eame avec pr\u00e9cision professionnelle<\/h2>\n<p>Dominez le terrain avec la nouvelle raquette <strong>Nox AT10 Genius Attack 12K Alum XTREM 2026<\/strong>, con\u00e7ue en collaboration avec le num\u00e9ro un : <strong>Agust\u00edn Tapia<\/strong>. Cr\u00e9\u00e9e pour les joueurs offensifs recherchant de la puissance sans perdre le contr\u00f4le, cette raquette en forme de diamant et \u00e0 l&#8217;\u00e9quilibre \u00e9lev\u00e9 est con\u00e7ue pour ceux qui veulent d\u00e9cider du point avec autorit\u00e9 d\u00e8s le premier coup.<\/p>\n<h2>Des performances \u00e9lev\u00e9es pour les joueurs d&#8217;\u00e9lite<\/h2>\n<p>Gr\u00e2ce \u00e0 son noyau HR3 Black EVA haute densit\u00e9 et sa face en carbone 12K Alum Xtrem, cette raquette professionnelle offre une r\u00e9ponse explosive \u00e0 chaque coup, sans sacrifier la durabilit\u00e9 ou la stabilit\u00e9, m\u00eame dans des conditions m\u00e9t\u00e9orologiques extr\u00eames.<\/p>\n<p>Id\u00e9al pour les joueurs de niveau <strong>avanc\u00e9 ou professionnel<\/strong>, son toucher moyennement dur permet d&#8217;apporter fermet\u00e9 et pr\u00e9cision dans les tirs agressifs tels que les smashs, les vipers ou les wall drops.<\/p>\n<h2>Personnalisez votre jeu avec une technologie de pointe<\/h2>\n<p>Elle int\u00e8gre le syst\u00e8me <strong>Weight Balance<\/strong>, qui vous permet d&#8217;ajuster l&#8217;\u00e9quilibre de la raquette selon vos pr\u00e9f\u00e9rences. Un outil parfait pour adapter votre style de jeu en fonction de l&#8217;adversaire ou du terrain.<\/p>\n<h2>Technologies en vedette de l&#8217;AT10 Genius Attack 12K Alum XTREM<\/h2>\n<p><strong>-Carbon 12K Alum Xtrem<\/strong> : plus grande rigidit\u00e9 structurelle, durabilit\u00e9 et surface plus uniforme.<\/p>\n<p><strong>-HR3 Black EVA<\/strong> : caoutchouc haute densit\u00e9 avec effet m\u00e9moire pour une puissance brutale.<\/p>\n<p><strong>-Weight Balance<\/strong> : syst\u00e8me de contrepoids pour personnaliser la balance.<\/p>\n<p><strong>-Dual Spin<\/strong> : texture rugueuse 3D avec sable de silice pour des frappes avec effets.<\/p>\n<p><strong>-Carbon Frame<\/strong> : structure enti\u00e8rement en carbone pour une r\u00e9sistance maximale.<\/p>\n<p><strong>-EOS Tunnel<\/strong> : am\u00e9liore l&#8217;a\u00e9rodynamisme et la maniabilit\u00e9 gr\u00e2ce \u00e0 des perforations strat\u00e9giques.<\/p>\n<p><strong>-Structure composite dynamique<\/strong> : renfort interne qui \u00e9vite la casse.<\/p>\n<p><strong>-Oversize Grip<\/strong> : poign\u00e9e plus longue pour plus de confort et de contr\u00f4le.<\/p>\n<p><strong>-Pulse System<\/strong> : r\u00e9duit les vibrations pour prot\u00e9ger vos articulations.<\/p>\n<p><strong>-Custom Grip<\/strong> : grip personnalis\u00e9 certifi\u00e9 par Testea P\u00e1del.<\/p>\n<p><strong>-SmartStrap\u00ae<\/strong> : syst\u00e8me de longe interchangeable et s\u00e9curis\u00e9.<\/p>\n<p><strong>-Peinture Photochromique<\/strong> : peinture qui change en fonction de la lumi\u00e8re, un d\u00e9tail exclusif.<\/p>\n<h2>Pourquoi choisir le Nox AT10 12K Alum XTREM Attack 2026 ?<\/h2>\n<p>-D\u00e9velopp\u00e9 en collaboration avec <strong>Agust\u00edn Tapia<\/strong>, une garantie de haute performance.<\/p>\n<p>-Parfait pour les joueurs qui basent leur jeu sur la <strong>puissance offensive et l&#8217;agressivit\u00e9 tactique<\/strong>.<\/p>\n<p>-Id\u00e9al pour ceux qui recherchent une raquette dot\u00e9e de technologies de pointe, personnalisable et au design exclusif.<\/p>\n<p>Si votre objectif est de dominer le jeu d\u00e8s le premier point, <strong>cette raquette est faite pour vous<\/strong>.<\/p>\n<h2>Obtenez-le maintenant sur <a href=\"http:\/\/www.revolutionpadelstore.com\/\">www.revolutionpadelstore.com<\/a><\/h2>\n<p>Obtenez le <strong>Nox AT10 Genius Attack 12K Alum Profitez de nos offres et pr\u00e9parez-vous \u00e0 jouer comme un vrai professionnel.<\/p>\n<h2>Nox AT10 Genius Attack 12K Alum XTREM 2026 &#8211; Potencia Extrema con Precisi\u00f3n Profesional<\/h2>\n","protected":false},"excerpt":{"rendered":"<p>La raquette officielle Diamond Nox de Tapia vous offre puissance et agressivit\u00e9 dans chaque jeu offensif.<\/p>\n","protected":false},"featured_media":269078,"comment_status":"open","ping_status":"closed","template":"","meta":{"_acf_changed":false,"_joinchat":[]},"acabado":[1087,1097],"balance":[1137],"dureza":[1162,1157],"forma":[1172],"jugador":[1192],"marca":[1262],"nivel-de-juego":[1337,1347],"superficie":[1362],"tipo-de-juego":[1377],"product_brand":[],"product_cat":[302],"product_tag":[],"class_list":{"0":"post-269083","1":"product","2":"type-product","3":"status-publish","4":"has-post-thumbnail","6":"acabado-mon-pote","7":"acabado-sable","8":"balance-eleve","9":"dureza-dure","10":"dureza-media-fr","11":"forma-diamant","12":"jugador-homme","13":"marca-nox-fr","14":"superficie-rugosa-fr","15":"tipo-de-juego-puissance","16":"product_cat-palas-de-padel-fr","18":"first","19":"instock","20":"sale","21":"taxable","22":"shipping-taxable","23":"purchasable","24":"product-type-simple"},"acf":[],"yoast_head":"<!-- This site is optimized with the Yoast SEO plugin v27.3 - https:\/\/yoast.com\/product\/yoast-seo-wordpress\/ -->\n<title>NOX AT10 GENIUS ATTACK 12K ALUM XTREM BY AGUST\u00cdN TAPIA 2026 - Revolution Padel Store<\/title>\n<meta name=\"description\" content=\"Pala Nox AT10 Genius Attack 12K Alum XTREM 2026 dise\u00f1ada por Agust\u00edn Tapia. M\u00e1xima potencia, tecnolog\u00edas avanzadas y materiales premium para jugadores ofensivos. \u00a1C\u00f3mprala al mejor precio en Revolution Padel Store!\" \/>\n<meta name=\"robots\" content=\"index, follow, max-snippet:-1, max-image-preview:large, max-video-preview:-1\" \/>\n<link rel=\"canonical\" href=\"https:\/\/revolutionpadelstore.com\/fr\/produit\/nox-at10-genius-attack-12k-alum-xtrem-by-agustin-tapia-2026-2\/\" \/>\n<meta property=\"og:locale\" content=\"fr_FR\" \/>\n<meta property=\"og:type\" content=\"article\" \/>\n<meta property=\"og:title\" content=\"NOX AT10 GENIUS ATTACK 12K ALUM XTREM BY AGUST\u00cdN TAPIA 2026 - Revolution Padel Store\" \/>\n<meta property=\"og:description\" content=\"Pala Nox AT10 Genius Attack 12K Alum XTREM 2026 dise\u00f1ada por Agust\u00edn Tapia. M\u00e1xima potencia, tecnolog\u00edas avanzadas y materiales premium para jugadores ofensivos. \u00a1C\u00f3mprala al mejor precio en Revolution Padel Store!\" \/>\n<meta property=\"og:url\" content=\"https:\/\/revolutionpadelstore.com\/fr\/produit\/nox-at10-genius-attack-12k-alum-xtrem-by-agustin-tapia-2026-2\/\" \/>\n<meta property=\"og:site_name\" content=\"Revolution Padel Store\" \/>\n<meta property=\"article:modified_time\" content=\"2026-03-31T22:50:47+00:00\" \/>\n<meta property=\"og:image\" content=\"https:\/\/revolutionpadelstore.com\/wp-content\/uploads\/2025\/09\/120971-pala-nox-at10-genius-attack-12k-alum-xtreme-by-agustin-tapia-1500x1500-1.webp\" \/>\n\t<meta property=\"og:image:width\" content=\"1500\" \/>\n\t<meta property=\"og:image:height\" content=\"1500\" \/>\n\t<meta property=\"og:image:type\" content=\"image\/webp\" \/>\n<meta name=\"twitter:card\" content=\"summary_large_image\" \/>\n<meta name=\"twitter:label1\" content=\"Dur\u00e9e de lecture estim\u00e9e\" \/>\n\t<meta name=\"twitter:data1\" content=\"2 minutes\" \/>\n<script type=\"application\/ld+json\" class=\"yoast-schema-graph\">{\"@context\":\"https:\\\/\\\/schema.org\",\"@graph\":[{\"@type\":\"WebPage\",\"@id\":\"https:\\\/\\\/revolutionpadelstore.com\\\/fr\\\/produit\\\/nox-at10-genius-attack-12k-alum-xtrem-by-agustin-tapia-2026-2\\\/\",\"url\":\"https:\\\/\\\/revolutionpadelstore.com\\\/fr\\\/produit\\\/nox-at10-genius-attack-12k-alum-xtrem-by-agustin-tapia-2026-2\\\/\",\"name\":\"NOX AT10 GENIUS ATTACK 12K ALUM XTREM BY AGUST\u00cdN TAPIA 2026 - Revolution Padel Store\",\"isPartOf\":{\"@id\":\"https:\\\/\\\/revolutionpadelstore.com\\\/fr\\\/#website\"},\"primaryImageOfPage\":{\"@id\":\"https:\\\/\\\/revolutionpadelstore.com\\\/fr\\\/produit\\\/nox-at10-genius-attack-12k-alum-xtrem-by-agustin-tapia-2026-2\\\/#primaryimage\"},\"image\":{\"@id\":\"https:\\\/\\\/revolutionpadelstore.com\\\/fr\\\/produit\\\/nox-at10-genius-attack-12k-alum-xtrem-by-agustin-tapia-2026-2\\\/#primaryimage\"},\"thumbnailUrl\":\"https:\\\/\\\/revolutionpadelstore.com\\\/wp-content\\\/uploads\\\/2025\\\/09\\\/120971-pala-nox-at10-genius-attack-12k-alum-xtreme-by-agustin-tapia-1500x1500-1.webp\",\"datePublished\":\"2025-09-25T19:06:14+00:00\",\"dateModified\":\"2026-03-31T22:50:47+00:00\",\"description\":\"Pala Nox AT10 Genius Attack 12K Alum XTREM 2026 dise\u00f1ada por Agust\u00edn Tapia. M\u00e1xima potencia, tecnolog\u00edas avanzadas y materiales premium para jugadores ofensivos. \u00a1C\u00f3mprala al mejor precio en Revolution Padel Store!\",\"breadcrumb\":{\"@id\":\"https:\\\/\\\/revolutionpadelstore.com\\\/fr\\\/produit\\\/nox-at10-genius-attack-12k-alum-xtrem-by-agustin-tapia-2026-2\\\/#breadcrumb\"},\"inLanguage\":\"fr-FR\",\"potentialAction\":[{\"@type\":\"ReadAction\",\"target\":[\"https:\\\/\\\/revolutionpadelstore.com\\\/fr\\\/produit\\\/nox-at10-genius-attack-12k-alum-xtrem-by-agustin-tapia-2026-2\\\/\"]}]},{\"@type\":\"ImageObject\",\"inLanguage\":\"fr-FR\",\"@id\":\"https:\\\/\\\/revolutionpadelstore.com\\\/fr\\\/produit\\\/nox-at10-genius-attack-12k-alum-xtrem-by-agustin-tapia-2026-2\\\/#primaryimage\",\"url\":\"https:\\\/\\\/revolutionpadelstore.com\\\/wp-content\\\/uploads\\\/2025\\\/09\\\/120971-pala-nox-at10-genius-attack-12k-alum-xtreme-by-agustin-tapia-1500x1500-1.webp\",\"contentUrl\":\"https:\\\/\\\/revolutionpadelstore.com\\\/wp-content\\\/uploads\\\/2025\\\/09\\\/120971-pala-nox-at10-genius-attack-12k-alum-xtreme-by-agustin-tapia-1500x1500-1.webp\",\"width\":1500,\"height\":1500},{\"@type\":\"BreadcrumbList\",\"@id\":\"https:\\\/\\\/revolutionpadelstore.com\\\/fr\\\/produit\\\/nox-at10-genius-attack-12k-alum-xtrem-by-agustin-tapia-2026-2\\\/#breadcrumb\",\"itemListElement\":[{\"@type\":\"ListItem\",\"position\":1,\"name\":\"Portada\",\"item\":\"https:\\\/\\\/revolutionpadelstore.com\\\/fr\\\/\"},{\"@type\":\"ListItem\",\"position\":2,\"name\":\"Boutique\",\"item\":\"https:\\\/\\\/revolutionpadelstore.com\\\/fr\\\/tienda\\\/\"},{\"@type\":\"ListItem\",\"position\":3,\"name\":\"NOX AT10 GENIUS ATTACK 12K ALUM XTREM BY AGUST\u00cdN TAPIA 2026\"}]},{\"@type\":\"WebSite\",\"@id\":\"https:\\\/\\\/revolutionpadelstore.com\\\/fr\\\/#website\",\"url\":\"https:\\\/\\\/revolutionpadelstore.com\\\/fr\\\/\",\"name\":\"Revolution Padel Store\",\"description\":\"\",\"publisher\":{\"@id\":\"https:\\\/\\\/revolutionpadelstore.com\\\/fr\\\/#organization\"},\"potentialAction\":[{\"@type\":\"SearchAction\",\"target\":{\"@type\":\"EntryPoint\",\"urlTemplate\":\"https:\\\/\\\/revolutionpadelstore.com\\\/fr\\\/?s={search_term_string}\"},\"query-input\":{\"@type\":\"PropertyValueSpecification\",\"valueRequired\":true,\"valueName\":\"search_term_string\"}}],\"inLanguage\":\"fr-FR\"},{\"@type\":\"Organization\",\"@id\":\"https:\\\/\\\/revolutionpadelstore.com\\\/fr\\\/#organization\",\"name\":\"Revolution Padel Store\",\"url\":\"https:\\\/\\\/revolutionpadelstore.com\\\/fr\\\/\",\"logo\":{\"@type\":\"ImageObject\",\"inLanguage\":\"fr-FR\",\"@id\":\"https:\\\/\\\/revolutionpadelstore.com\\\/fr\\\/#\\\/schema\\\/logo\\\/image\\\/\",\"url\":\"https:\\\/\\\/revolutionpadelstore.com\\\/wp-content\\\/uploads\\\/2026\\\/02\\\/revolution-padel-store.jpg\",\"contentUrl\":\"https:\\\/\\\/revolutionpadelstore.com\\\/wp-content\\\/uploads\\\/2026\\\/02\\\/revolution-padel-store.jpg\",\"width\":2000,\"height\":2000,\"caption\":\"Revolution Padel Store\"},\"image\":{\"@id\":\"https:\\\/\\\/revolutionpadelstore.com\\\/fr\\\/#\\\/schema\\\/logo\\\/image\\\/\"},\"sameAs\":[\"https:\\\/\\\/www.instagram.com\\\/revolutionpadelstore\\\/\"]}]}<\/script>\n<!-- \/ Yoast SEO plugin. -->","yoast_head_json":{"title":"NOX AT10 GENIUS ATTACK 12K ALUM XTREM BY AGUST\u00cdN TAPIA 2026 - Revolution Padel Store","description":"Pala Nox AT10 Genius Attack 12K Alum XTREM 2026 dise\u00f1ada por Agust\u00edn Tapia. M\u00e1xima potencia, tecnolog\u00edas avanzadas y materiales premium para jugadores ofensivos. \u00a1C\u00f3mprala al mejor precio en Revolution Padel Store!","robots":{"index":"index","follow":"follow","max-snippet":"max-snippet:-1","max-image-preview":"max-image-preview:large","max-video-preview":"max-video-preview:-1"},"canonical":"https:\/\/revolutionpadelstore.com\/fr\/produit\/nox-at10-genius-attack-12k-alum-xtrem-by-agustin-tapia-2026-2\/","og_locale":"fr_FR","og_type":"article","og_title":"NOX AT10 GENIUS ATTACK 12K ALUM XTREM BY AGUST\u00cdN TAPIA 2026 - Revolution Padel Store","og_description":"Pala Nox AT10 Genius Attack 12K Alum XTREM 2026 dise\u00f1ada por Agust\u00edn Tapia. M\u00e1xima potencia, tecnolog\u00edas avanzadas y materiales premium para jugadores ofensivos. \u00a1C\u00f3mprala al mejor precio en Revolution Padel Store!","og_url":"https:\/\/revolutionpadelstore.com\/fr\/produit\/nox-at10-genius-attack-12k-alum-xtrem-by-agustin-tapia-2026-2\/","og_site_name":"Revolution Padel Store","article_modified_time":"2026-03-31T22:50:47+00:00","og_image":[{"width":1500,"height":1500,"url":"https:\/\/revolutionpadelstore.com\/wp-content\/uploads\/2025\/09\/120971-pala-nox-at10-genius-attack-12k-alum-xtreme-by-agustin-tapia-1500x1500-1.webp","type":"image\/webp"}],"twitter_card":"summary_large_image","twitter_misc":{"Dur\u00e9e de lecture estim\u00e9e":"2 minutes"},"schema":{"@context":"https:\/\/schema.org","@graph":[{"@type":"WebPage","@id":"https:\/\/revolutionpadelstore.com\/fr\/produit\/nox-at10-genius-attack-12k-alum-xtrem-by-agustin-tapia-2026-2\/","url":"https:\/\/revolutionpadelstore.com\/fr\/produit\/nox-at10-genius-attack-12k-alum-xtrem-by-agustin-tapia-2026-2\/","name":"NOX AT10 GENIUS ATTACK 12K ALUM XTREM BY AGUST\u00cdN TAPIA 2026 - Revolution Padel Store","isPartOf":{"@id":"https:\/\/revolutionpadelstore.com\/fr\/#website"},"primaryImageOfPage":{"@id":"https:\/\/revolutionpadelstore.com\/fr\/produit\/nox-at10-genius-attack-12k-alum-xtrem-by-agustin-tapia-2026-2\/#primaryimage"},"image":{"@id":"https:\/\/revolutionpadelstore.com\/fr\/produit\/nox-at10-genius-attack-12k-alum-xtrem-by-agustin-tapia-2026-2\/#primaryimage"},"thumbnailUrl":"https:\/\/revolutionpadelstore.com\/wp-content\/uploads\/2025\/09\/120971-pala-nox-at10-genius-attack-12k-alum-xtreme-by-agustin-tapia-1500x1500-1.webp","datePublished":"2025-09-25T19:06:14+00:00","dateModified":"2026-03-31T22:50:47+00:00","description":"Pala Nox AT10 Genius Attack 12K Alum XTREM 2026 dise\u00f1ada por Agust\u00edn Tapia. M\u00e1xima potencia, tecnolog\u00edas avanzadas y materiales premium para jugadores ofensivos. \u00a1C\u00f3mprala al mejor precio en Revolution Padel Store!","breadcrumb":{"@id":"https:\/\/revolutionpadelstore.com\/fr\/produit\/nox-at10-genius-attack-12k-alum-xtrem-by-agustin-tapia-2026-2\/#breadcrumb"},"inLanguage":"fr-FR","potentialAction":[{"@type":"ReadAction","target":["https:\/\/revolutionpadelstore.com\/fr\/produit\/nox-at10-genius-attack-12k-alum-xtrem-by-agustin-tapia-2026-2\/"]}]},{"@type":"ImageObject","inLanguage":"fr-FR","@id":"https:\/\/revolutionpadelstore.com\/fr\/produit\/nox-at10-genius-attack-12k-alum-xtrem-by-agustin-tapia-2026-2\/#primaryimage","url":"https:\/\/revolutionpadelstore.com\/wp-content\/uploads\/2025\/09\/120971-pala-nox-at10-genius-attack-12k-alum-xtreme-by-agustin-tapia-1500x1500-1.webp","contentUrl":"https:\/\/revolutionpadelstore.com\/wp-content\/uploads\/2025\/09\/120971-pala-nox-at10-genius-attack-12k-alum-xtreme-by-agustin-tapia-1500x1500-1.webp","width":1500,"height":1500},{"@type":"BreadcrumbList","@id":"https:\/\/revolutionpadelstore.com\/fr\/produit\/nox-at10-genius-attack-12k-alum-xtrem-by-agustin-tapia-2026-2\/#breadcrumb","itemListElement":[{"@type":"ListItem","position":1,"name":"Portada","item":"https:\/\/revolutionpadelstore.com\/fr\/"},{"@type":"ListItem","position":2,"name":"Boutique","item":"https:\/\/revolutionpadelstore.com\/fr\/tienda\/"},{"@type":"ListItem","position":3,"name":"NOX AT10 GENIUS ATTACK 12K ALUM XTREM BY AGUST\u00cdN TAPIA 2026"}]},{"@type":"WebSite","@id":"https:\/\/revolutionpadelstore.com\/fr\/#website","url":"https:\/\/revolutionpadelstore.com\/fr\/","name":"Revolution Padel Store","description":"","publisher":{"@id":"https:\/\/revolutionpadelstore.com\/fr\/#organization"},"potentialAction":[{"@type":"SearchAction","target":{"@type":"EntryPoint","urlTemplate":"https:\/\/revolutionpadelstore.com\/fr\/?s={search_term_string}"},"query-input":{"@type":"PropertyValueSpecification","valueRequired":true,"valueName":"search_term_string"}}],"inLanguage":"fr-FR"},{"@type":"Organization","@id":"https:\/\/revolutionpadelstore.com\/fr\/#organization","name":"Revolution Padel Store","url":"https:\/\/revolutionpadelstore.com\/fr\/","logo":{"@type":"ImageObject","inLanguage":"fr-FR","@id":"https:\/\/revolutionpadelstore.com\/fr\/#\/schema\/logo\/image\/","url":"https:\/\/revolutionpadelstore.com\/wp-content\/uploads\/2026\/02\/revolution-padel-store.jpg","contentUrl":"https:\/\/revolutionpadelstore.com\/wp-content\/uploads\/2026\/02\/revolution-padel-store.jpg","width":2000,"height":2000,"caption":"Revolution Padel Store"},"image":{"@id":"https:\/\/revolutionpadelstore.com\/fr\/#\/schema\/logo\/image\/"},"sameAs":["https:\/\/www.instagram.com\/revolutionpadelstore\/"]}]}},"_links":{"self":[{"href":"https:\/\/revolutionpadelstore.com\/fr\/wp-json\/wp\/v2\/product\/269083","targetHints":{"allow":["GET"]}}],"collection":[{"href":"https:\/\/revolutionpadelstore.com\/fr\/wp-json\/wp\/v2\/product"}],"about":[{"href":"https:\/\/revolutionpadelstore.com\/fr\/wp-json\/wp\/v2\/types\/product"}],"replies":[{"embeddable":true,"href":"https:\/\/revolutionpadelstore.com\/fr\/wp-json\/wp\/v2\/comments?post=269083"}],"wp:featuredmedia":[{"embeddable":true,"href":"https:\/\/revolutionpadelstore.com\/fr\/wp-json\/wp\/v2\/media\/269078"}],"wp:attachment":[{"href":"https:\/\/revolutionpadelstore.com\/fr\/wp-json\/wp\/v2\/media?parent=269083"}],"wp:term":[{"taxonomy":"acabado","embeddable":true,"href":"https:\/\/revolutionpadelstore.com\/fr\/wp-json\/wp\/v2\/acabado?post=269083"},{"taxonomy":"balance","embeddable":true,"href":"https:\/\/revolutionpadelstore.com\/fr\/wp-json\/wp\/v2\/balance?post=269083"},{"taxonomy":"dureza","embeddable":true,"href":"https:\/\/revolutionpadelstore.com\/fr\/wp-json\/wp\/v2\/dureza?post=269083"},{"taxonomy":"forma","embeddable":true,"href":"https:\/\/revolutionpadelstore.com\/fr\/wp-json\/wp\/v2\/forma?post=269083"},{"taxonomy":"jugador","embeddable":true,"href":"https:\/\/revolutionpadelstore.com\/fr\/wp-json\/wp\/v2\/jugador?post=269083"},{"taxonomy":"marca","embeddable":true,"href":"https:\/\/revolutionpadelstore.com\/fr\/wp-json\/wp\/v2\/marca?post=269083"},{"taxonomy":"nivel-de-juego","embeddable":true,"href":"https:\/\/revolutionpadelstore.com\/fr\/wp-json\/wp\/v2\/nivel-de-juego?post=269083"},{"taxonomy":"superficie","embeddable":true,"href":"https:\/\/revolutionpadelstore.com\/fr\/wp-json\/wp\/v2\/superficie?post=269083"},{"taxonomy":"tipo-de-juego","embeddable":true,"href":"https:\/\/revolutionpadelstore.com\/fr\/wp-json\/wp\/v2\/tipo-de-juego?post=269083"},{"taxonomy":"product_brand","embeddable":true,"href":"https:\/\/revolutionpadelstore.com\/fr\/wp-json\/wp\/v2\/product_brand?post=269083"},{"taxonomy":"product_cat","embeddable":true,"href":"https:\/\/revolutionpadelstore.com\/fr\/wp-json\/wp\/v2\/product_cat?post=269083"},{"taxonomy":"product_tag","embeddable":true,"href":"https:\/\/revolutionpadelstore.com\/fr\/wp-json\/wp\/v2\/product_tag?post=269083"}],"curies":[{"name":"wp","href":"https:\/\/api.w.org\/{rel}","templated":true}]}}