{"id":269005,"date":"2025-09-25T20:52:27","date_gmt":"2025-09-25T18:52:27","guid":{"rendered":"https:\/\/revolutionpadelstore.com\/nox-at10-genius-18k-alum-by-agustin-tapia-2026\/"},"modified":"2026-04-20T02:02:06","modified_gmt":"2026-04-20T00:02:06","slug":"nox-at10-genius-18k-alum-by-agustin-tapia-2026-3","status":"publish","type":"product","link":"https:\/\/revolutionpadelstore.com\/fr\/produit\/nox-at10-genius-18k-alum-by-agustin-tapia-2026-3\/","title":{"rendered":"NOX AT10 GENIUS 18K ALUM BY AGUSTIN TAPIA 2026"},"content":{"rendered":"<h2>Nox AT10 Genius 18K Alum 2026 \u2013 Pr\u00e9cision et puissance au service du joueur professionnel<\/h2>\n<p>D\u00e9couvrez la nouvelle <strong>Nox AT10 Genius 18K Alum 2026<\/strong>, la raquette officielle de <strong>Agust\u00edn Tapia<\/strong> qui red\u00e9finit le jeu polyvalent. Con\u00e7ue en forme de larme et \u00e9quip\u00e9e des derni\u00e8res innovations technologiques de NOX, cette raquette offre un \u00e9quilibre parfait entre puissance et contr\u00f4le, id\u00e9al pour les <strong>joueurs avanc\u00e9s et professionnels<\/strong> qui recherchent un maximum de performances et de personnalisation \u00e0 chaque instant.<\/p>\n<p>Avec un poids compris entre <strong>360 et 375 grammes<\/strong> et un profil <strong>38 mm<\/strong>, cette raquette de padel offre une maniabilit\u00e9 exceptionnelle sans sacrifier la stabilit\u00e9. Sa surface avec finition <strong>Dual Spin<\/strong>, qui combine texture sabl\u00e9e et rugosit\u00e9 3D, multiplie la g\u00e9n\u00e9ration d&#8217;effets, tandis que sa peinture photochromique r\u00e9active lui conf\u00e8re un design moderne et marquant sur le court.<\/p>\n<h2>Des performances professionnelles pour les joueurs exigeants<\/h2>\n<p>L&#8217;<strong>AT10 Genius 18K Alum 2026<\/strong> se distingue par son toucher interm\u00e9diaire, offrant une sortie de balle efficace en d\u00e9fense et une puissance explosive en attaque. Gr\u00e2ce au syst\u00e8me <strong>Weight Balance<\/strong>, vous pouvez r\u00e9gler l&#8217;\u00e9quilibre de la raquette avec des contrepoids interchangeables (2g et 4g), en adaptant votre style de jeu en fonction de chaque situation.<\/p>\n<p>C&#8217;est le choix d\u00e9finitif pour les joueurs \u00e0 la recherche de polyvalence, d&#8217;innovation et de design avant-gardiste.<\/p>\n<h2>Technologies et fonctionnalit\u00e9s phares<\/h2>\n<p><strong>-Carbon 18K Alum<\/strong> : fibres de carbone aluminis\u00e9es pour une plus grande durabilit\u00e9 et une sensation de confort.<\/p>\n<p><strong>-MLD Black EVA<\/strong> : noyau multicouche qui optimise la sortie de balle et fournit une puissance suppl\u00e9mentaire.<\/p>\n<p><strong>-Syst\u00e8me d&#8217;\u00e9quilibre des poids<\/strong> : personnalisez l&#8217;\u00e9quilibre en fonction de vos besoins offensifs ou d\u00e9fensifs.<\/p>\n<p><strong>-Carbon Frame<\/strong> : cadre 100% carbone pour un maximum de rigidit\u00e9 et de r\u00e9sistance.<\/p>\n<p><strong>-Dual Spin<\/strong> : surface textur\u00e9e rugueuse 3D et sable de silice pour des effets sup\u00e9rieurs.<\/p>\n<p><strong>-EOS Tunnel<\/strong> : syst\u00e8me de perforation lat\u00e9rale qui am\u00e9liore l&#8217;a\u00e9rodynamisme et la pr\u00e9cision.<\/p>\n<p><strong>-Oversize Grip<\/strong> : poign\u00e9e allong\u00e9e pour am\u00e9liorer la pr\u00e9hension, id\u00e9ale pour les deux mains ou les grandes mains.<\/p>\n<p><strong>-Pulse System<\/strong> : absorption des vibrations gr\u00e2ce \u00e0 des caoutchoucs lat\u00e9raux strat\u00e9giques.<\/p>\n<p><strong>-Custom Grip<\/strong> : technologie exclusive certifi\u00e9e NOX qui am\u00e9liore l&#8217;adh\u00e9rence et le confort.<\/p>\n<p><strong>-Smartstrap<\/strong> : cordon de s\u00e9curit\u00e9 interchangeable qui am\u00e9liore l&#8217;hygi\u00e8ne et la personnalisation.<\/p>\n<p><strong>-Peinture Photochromique<\/strong> : peinture r\u00e9active qui change en fonction de la lumi\u00e8re, offrant une esth\u00e9tique unique.<\/p>\n<h2>Avis des experts et des joueurs<\/h2>\n<p>La raquette AT10 Genius 18K Alum a \u00e9t\u00e9 d\u00e9velopp\u00e9e en collaboration directe avec <strong>Agust\u00edn Tapia<\/strong>, ce qui garantit une exp\u00e9rience professionnelle \u00e0 chaque coup. Sa combinaison de contr\u00f4le, de puissance et de design exclusif en fait l&#8217;une des <strong>meilleures raquettes de padel de 2026<\/strong> pour les joueurs qui ne se contentent pas de l&#8217;ordinaire.<\/p>\n<h2>Pourquoi acheter l&#8217;AT10 Genius 18K Alum 2026 ?<\/h2>\n<p>-Id\u00e9al pour les joueurs professionnels et avanc\u00e9s<\/p>\n<p>-Technologie NOX exclusive pour la performance et la personnalisation<\/p>\n<p>-Design saisissant et moderne avec peinture photo-r\u00e9active<\/p>\n<p>-R\u00e9glage de l&#8217;\u00e9quilibre en fonction de votre style de jeu<\/p>\n<p>-Excellent \u00e9quilibre entre puissance, contr\u00f4le et effets<\/p>\n<h2>Disponible dans notre boutique en ligne<\/h2>\n<p>Achetez le <strong>Nox AT10 Genius 18K Alum 2026<\/strong> maintenant sur <a href=\"https:\/\/www.revolutionpadelstore.com\/\">www.revolutionpadelstore.com<\/a>, probablement <strong>au meilleur prix du march\u00e9<\/strong>. Ne manquez pas l&#8217;occasion d&#8217;emmener sur le terrain la raquette d&#8217;Agust\u00edn Tapia, dot\u00e9e d&#8217;une technologie de pointe.<\/p>\n<h2>Nox AT10 Genius 18K Alum 2026 \u2013 Precisi\u00f3n y potencia al servicio del jugador profesional<\/h2>\n","protected":false},"excerpt":{"rendered":"<p>Achetez la raquette officielle Agust\u00edn Tapia 2026 et jouez en toute confiance dans toutes les situations de match<\/p>\n","protected":false},"featured_media":269000,"comment_status":"open","ping_status":"closed","template":"","meta":{"_acf_changed":false,"_joinchat":[]},"acabado":[1087,1097],"balance":[1137,1142],"dureza":[1157],"forma":[1187],"jugador":[1192],"marca":[1262],"nivel-de-juego":[1337,1347],"superficie":[1362],"tipo-de-juego":[1387],"product_brand":[],"product_cat":[302],"product_tag":[],"class_list":{"0":"post-269005","1":"product","2":"type-product","3":"status-publish","4":"has-post-thumbnail","6":"acabado-mon-pote","7":"acabado-sable","8":"balance-eleve","9":"balance-moyen","10":"dureza-media-fr","11":"forma-lagrima-fr","12":"jugador-homme","13":"marca-nox-fr","14":"superficie-rugosa-fr","15":"tipo-de-juego-polivalente-fr","16":"product_cat-palas-de-padel-fr","18":"first","19":"instock","20":"sale","21":"taxable","22":"shipping-taxable","23":"purchasable","24":"product-type-simple"},"acf":[],"yoast_head":"<!-- This site is optimized with the Yoast SEO plugin v27.4 - https:\/\/yoast.com\/product\/yoast-seo-wordpress\/ -->\n<title>NOX AT10 GENIUS 18K ALUM BY AGUSTIN TAPIA 2026 - Revolution Padel Store<\/title>\n<meta name=\"description\" content=\"Descubre la nueva pala Nox AT10 Genius 18K Alum 2026, ideal para jugadores avanzados y profesionales. Potencia, control y personalizaci\u00f3n en un dise\u00f1o exclusivo. \u00a1Disponible ya en www.revolutionpadelstore.com!\" \/>\n<meta name=\"robots\" content=\"index, follow, max-snippet:-1, max-image-preview:large, max-video-preview:-1\" \/>\n<link rel=\"canonical\" href=\"https:\/\/revolutionpadelstore.com\/fr\/produit\/nox-at10-genius-18k-alum-by-agustin-tapia-2026-3\/\" \/>\n<meta property=\"og:locale\" content=\"fr_FR\" \/>\n<meta property=\"og:type\" content=\"article\" \/>\n<meta property=\"og:title\" content=\"NOX AT10 GENIUS 18K ALUM BY AGUSTIN TAPIA 2026 - Revolution Padel Store\" \/>\n<meta property=\"og:description\" content=\"Descubre la nueva pala Nox AT10 Genius 18K Alum 2026, ideal para jugadores avanzados y profesionales. Potencia, control y personalizaci\u00f3n en un dise\u00f1o exclusivo. \u00a1Disponible ya en www.revolutionpadelstore.com!\" \/>\n<meta property=\"og:url\" content=\"https:\/\/revolutionpadelstore.com\/fr\/produit\/nox-at10-genius-18k-alum-by-agustin-tapia-2026-3\/\" \/>\n<meta property=\"og:site_name\" content=\"Revolution Padel Store\" \/>\n<meta property=\"article:modified_time\" content=\"2026-04-20T00:02:06+00:00\" \/>\n<meta property=\"og:image\" content=\"https:\/\/revolutionpadelstore.com\/wp-content\/uploads\/2025\/09\/120970-pala-nox-at10-genius-18k-alumby-agustin-tapia-1500x1500-1.webp\" \/>\n\t<meta property=\"og:image:width\" content=\"1500\" \/>\n\t<meta property=\"og:image:height\" content=\"1500\" \/>\n\t<meta property=\"og:image:type\" content=\"image\/webp\" \/>\n<meta name=\"twitter:card\" content=\"summary_large_image\" \/>\n<meta name=\"twitter:label1\" content=\"Dur\u00e9e de lecture estim\u00e9e\" \/>\n\t<meta name=\"twitter:data1\" content=\"3 minutes\" \/>\n<script type=\"application\/ld+json\" class=\"yoast-schema-graph\">{\"@context\":\"https:\\\/\\\/schema.org\",\"@graph\":[{\"@type\":\"WebPage\",\"@id\":\"https:\\\/\\\/revolutionpadelstore.com\\\/fr\\\/produit\\\/nox-at10-genius-18k-alum-by-agustin-tapia-2026-3\\\/\",\"url\":\"https:\\\/\\\/revolutionpadelstore.com\\\/fr\\\/produit\\\/nox-at10-genius-18k-alum-by-agustin-tapia-2026-3\\\/\",\"name\":\"NOX AT10 GENIUS 18K ALUM BY AGUSTIN TAPIA 2026 - Revolution Padel Store\",\"isPartOf\":{\"@id\":\"https:\\\/\\\/revolutionpadelstore.com\\\/fr\\\/#website\"},\"primaryImageOfPage\":{\"@id\":\"https:\\\/\\\/revolutionpadelstore.com\\\/fr\\\/produit\\\/nox-at10-genius-18k-alum-by-agustin-tapia-2026-3\\\/#primaryimage\"},\"image\":{\"@id\":\"https:\\\/\\\/revolutionpadelstore.com\\\/fr\\\/produit\\\/nox-at10-genius-18k-alum-by-agustin-tapia-2026-3\\\/#primaryimage\"},\"thumbnailUrl\":\"https:\\\/\\\/revolutionpadelstore.com\\\/wp-content\\\/uploads\\\/2025\\\/09\\\/120970-pala-nox-at10-genius-18k-alumby-agustin-tapia-1500x1500-1.webp\",\"datePublished\":\"2025-09-25T18:52:27+00:00\",\"dateModified\":\"2026-04-20T00:02:06+00:00\",\"description\":\"Descubre la nueva pala Nox AT10 Genius 18K Alum 2026, ideal para jugadores avanzados y profesionales. Potencia, control y personalizaci\u00f3n en un dise\u00f1o exclusivo. \u00a1Disponible ya en www.revolutionpadelstore.com!\",\"breadcrumb\":{\"@id\":\"https:\\\/\\\/revolutionpadelstore.com\\\/fr\\\/produit\\\/nox-at10-genius-18k-alum-by-agustin-tapia-2026-3\\\/#breadcrumb\"},\"inLanguage\":\"fr-FR\",\"potentialAction\":[{\"@type\":\"ReadAction\",\"target\":[\"https:\\\/\\\/revolutionpadelstore.com\\\/fr\\\/produit\\\/nox-at10-genius-18k-alum-by-agustin-tapia-2026-3\\\/\"]}]},{\"@type\":\"ImageObject\",\"inLanguage\":\"fr-FR\",\"@id\":\"https:\\\/\\\/revolutionpadelstore.com\\\/fr\\\/produit\\\/nox-at10-genius-18k-alum-by-agustin-tapia-2026-3\\\/#primaryimage\",\"url\":\"https:\\\/\\\/revolutionpadelstore.com\\\/wp-content\\\/uploads\\\/2025\\\/09\\\/120970-pala-nox-at10-genius-18k-alumby-agustin-tapia-1500x1500-1.webp\",\"contentUrl\":\"https:\\\/\\\/revolutionpadelstore.com\\\/wp-content\\\/uploads\\\/2025\\\/09\\\/120970-pala-nox-at10-genius-18k-alumby-agustin-tapia-1500x1500-1.webp\",\"width\":1500,\"height\":1500},{\"@type\":\"BreadcrumbList\",\"@id\":\"https:\\\/\\\/revolutionpadelstore.com\\\/fr\\\/produit\\\/nox-at10-genius-18k-alum-by-agustin-tapia-2026-3\\\/#breadcrumb\",\"itemListElement\":[{\"@type\":\"ListItem\",\"position\":1,\"name\":\"Portada\",\"item\":\"https:\\\/\\\/revolutionpadelstore.com\\\/fr\\\/\"},{\"@type\":\"ListItem\",\"position\":2,\"name\":\"Boutique\",\"item\":\"https:\\\/\\\/revolutionpadelstore.com\\\/fr\\\/tienda\\\/\"},{\"@type\":\"ListItem\",\"position\":3,\"name\":\"NOX AT10 GENIUS 18K ALUM BY AGUSTIN TAPIA 2026\"}]},{\"@type\":\"WebSite\",\"@id\":\"https:\\\/\\\/revolutionpadelstore.com\\\/fr\\\/#website\",\"url\":\"https:\\\/\\\/revolutionpadelstore.com\\\/fr\\\/\",\"name\":\"Revolution Padel Store\",\"description\":\"\",\"publisher\":{\"@id\":\"https:\\\/\\\/revolutionpadelstore.com\\\/fr\\\/#organization\"},\"potentialAction\":[{\"@type\":\"SearchAction\",\"target\":{\"@type\":\"EntryPoint\",\"urlTemplate\":\"https:\\\/\\\/revolutionpadelstore.com\\\/fr\\\/?s={search_term_string}\"},\"query-input\":{\"@type\":\"PropertyValueSpecification\",\"valueRequired\":true,\"valueName\":\"search_term_string\"}}],\"inLanguage\":\"fr-FR\"},{\"@type\":\"Organization\",\"@id\":\"https:\\\/\\\/revolutionpadelstore.com\\\/fr\\\/#organization\",\"name\":\"Revolution Padel Store\",\"url\":\"https:\\\/\\\/revolutionpadelstore.com\\\/fr\\\/\",\"logo\":{\"@type\":\"ImageObject\",\"inLanguage\":\"fr-FR\",\"@id\":\"https:\\\/\\\/revolutionpadelstore.com\\\/fr\\\/#\\\/schema\\\/logo\\\/image\\\/\",\"url\":\"https:\\\/\\\/revolutionpadelstore.com\\\/wp-content\\\/uploads\\\/2026\\\/02\\\/revolution-padel-store.jpg\",\"contentUrl\":\"https:\\\/\\\/revolutionpadelstore.com\\\/wp-content\\\/uploads\\\/2026\\\/02\\\/revolution-padel-store.jpg\",\"width\":2000,\"height\":2000,\"caption\":\"Revolution Padel Store\"},\"image\":{\"@id\":\"https:\\\/\\\/revolutionpadelstore.com\\\/fr\\\/#\\\/schema\\\/logo\\\/image\\\/\"},\"sameAs\":[\"https:\\\/\\\/www.instagram.com\\\/revolutionpadelstore\\\/\"]}]}<\/script>\n<!-- \/ Yoast SEO plugin. -->","yoast_head_json":{"title":"NOX AT10 GENIUS 18K ALUM BY AGUSTIN TAPIA 2026 - Revolution Padel Store","description":"Descubre la nueva pala Nox AT10 Genius 18K Alum 2026, ideal para jugadores avanzados y profesionales. Potencia, control y personalizaci\u00f3n en un dise\u00f1o exclusivo. \u00a1Disponible ya en www.revolutionpadelstore.com!","robots":{"index":"index","follow":"follow","max-snippet":"max-snippet:-1","max-image-preview":"max-image-preview:large","max-video-preview":"max-video-preview:-1"},"canonical":"https:\/\/revolutionpadelstore.com\/fr\/produit\/nox-at10-genius-18k-alum-by-agustin-tapia-2026-3\/","og_locale":"fr_FR","og_type":"article","og_title":"NOX AT10 GENIUS 18K ALUM BY AGUSTIN TAPIA 2026 - Revolution Padel Store","og_description":"Descubre la nueva pala Nox AT10 Genius 18K Alum 2026, ideal para jugadores avanzados y profesionales. Potencia, control y personalizaci\u00f3n en un dise\u00f1o exclusivo. \u00a1Disponible ya en www.revolutionpadelstore.com!","og_url":"https:\/\/revolutionpadelstore.com\/fr\/produit\/nox-at10-genius-18k-alum-by-agustin-tapia-2026-3\/","og_site_name":"Revolution Padel Store","article_modified_time":"2026-04-20T00:02:06+00:00","og_image":[{"width":1500,"height":1500,"url":"https:\/\/revolutionpadelstore.com\/wp-content\/uploads\/2025\/09\/120970-pala-nox-at10-genius-18k-alumby-agustin-tapia-1500x1500-1.webp","type":"image\/webp"}],"twitter_card":"summary_large_image","twitter_misc":{"Dur\u00e9e de lecture estim\u00e9e":"3 minutes"},"schema":{"@context":"https:\/\/schema.org","@graph":[{"@type":"WebPage","@id":"https:\/\/revolutionpadelstore.com\/fr\/produit\/nox-at10-genius-18k-alum-by-agustin-tapia-2026-3\/","url":"https:\/\/revolutionpadelstore.com\/fr\/produit\/nox-at10-genius-18k-alum-by-agustin-tapia-2026-3\/","name":"NOX AT10 GENIUS 18K ALUM BY AGUSTIN TAPIA 2026 - Revolution Padel Store","isPartOf":{"@id":"https:\/\/revolutionpadelstore.com\/fr\/#website"},"primaryImageOfPage":{"@id":"https:\/\/revolutionpadelstore.com\/fr\/produit\/nox-at10-genius-18k-alum-by-agustin-tapia-2026-3\/#primaryimage"},"image":{"@id":"https:\/\/revolutionpadelstore.com\/fr\/produit\/nox-at10-genius-18k-alum-by-agustin-tapia-2026-3\/#primaryimage"},"thumbnailUrl":"https:\/\/revolutionpadelstore.com\/wp-content\/uploads\/2025\/09\/120970-pala-nox-at10-genius-18k-alumby-agustin-tapia-1500x1500-1.webp","datePublished":"2025-09-25T18:52:27+00:00","dateModified":"2026-04-20T00:02:06+00:00","description":"Descubre la nueva pala Nox AT10 Genius 18K Alum 2026, ideal para jugadores avanzados y profesionales. Potencia, control y personalizaci\u00f3n en un dise\u00f1o exclusivo. \u00a1Disponible ya en www.revolutionpadelstore.com!","breadcrumb":{"@id":"https:\/\/revolutionpadelstore.com\/fr\/produit\/nox-at10-genius-18k-alum-by-agustin-tapia-2026-3\/#breadcrumb"},"inLanguage":"fr-FR","potentialAction":[{"@type":"ReadAction","target":["https:\/\/revolutionpadelstore.com\/fr\/produit\/nox-at10-genius-18k-alum-by-agustin-tapia-2026-3\/"]}]},{"@type":"ImageObject","inLanguage":"fr-FR","@id":"https:\/\/revolutionpadelstore.com\/fr\/produit\/nox-at10-genius-18k-alum-by-agustin-tapia-2026-3\/#primaryimage","url":"https:\/\/revolutionpadelstore.com\/wp-content\/uploads\/2025\/09\/120970-pala-nox-at10-genius-18k-alumby-agustin-tapia-1500x1500-1.webp","contentUrl":"https:\/\/revolutionpadelstore.com\/wp-content\/uploads\/2025\/09\/120970-pala-nox-at10-genius-18k-alumby-agustin-tapia-1500x1500-1.webp","width":1500,"height":1500},{"@type":"BreadcrumbList","@id":"https:\/\/revolutionpadelstore.com\/fr\/produit\/nox-at10-genius-18k-alum-by-agustin-tapia-2026-3\/#breadcrumb","itemListElement":[{"@type":"ListItem","position":1,"name":"Portada","item":"https:\/\/revolutionpadelstore.com\/fr\/"},{"@type":"ListItem","position":2,"name":"Boutique","item":"https:\/\/revolutionpadelstore.com\/fr\/tienda\/"},{"@type":"ListItem","position":3,"name":"NOX AT10 GENIUS 18K ALUM BY AGUSTIN TAPIA 2026"}]},{"@type":"WebSite","@id":"https:\/\/revolutionpadelstore.com\/fr\/#website","url":"https:\/\/revolutionpadelstore.com\/fr\/","name":"Revolution Padel Store","description":"","publisher":{"@id":"https:\/\/revolutionpadelstore.com\/fr\/#organization"},"potentialAction":[{"@type":"SearchAction","target":{"@type":"EntryPoint","urlTemplate":"https:\/\/revolutionpadelstore.com\/fr\/?s={search_term_string}"},"query-input":{"@type":"PropertyValueSpecification","valueRequired":true,"valueName":"search_term_string"}}],"inLanguage":"fr-FR"},{"@type":"Organization","@id":"https:\/\/revolutionpadelstore.com\/fr\/#organization","name":"Revolution Padel Store","url":"https:\/\/revolutionpadelstore.com\/fr\/","logo":{"@type":"ImageObject","inLanguage":"fr-FR","@id":"https:\/\/revolutionpadelstore.com\/fr\/#\/schema\/logo\/image\/","url":"https:\/\/revolutionpadelstore.com\/wp-content\/uploads\/2026\/02\/revolution-padel-store.jpg","contentUrl":"https:\/\/revolutionpadelstore.com\/wp-content\/uploads\/2026\/02\/revolution-padel-store.jpg","width":2000,"height":2000,"caption":"Revolution Padel Store"},"image":{"@id":"https:\/\/revolutionpadelstore.com\/fr\/#\/schema\/logo\/image\/"},"sameAs":["https:\/\/www.instagram.com\/revolutionpadelstore\/"]}]}},"_links":{"self":[{"href":"https:\/\/revolutionpadelstore.com\/fr\/wp-json\/wp\/v2\/product\/269005","targetHints":{"allow":["GET"]}}],"collection":[{"href":"https:\/\/revolutionpadelstore.com\/fr\/wp-json\/wp\/v2\/product"}],"about":[{"href":"https:\/\/revolutionpadelstore.com\/fr\/wp-json\/wp\/v2\/types\/product"}],"replies":[{"embeddable":true,"href":"https:\/\/revolutionpadelstore.com\/fr\/wp-json\/wp\/v2\/comments?post=269005"}],"wp:featuredmedia":[{"embeddable":true,"href":"https:\/\/revolutionpadelstore.com\/fr\/wp-json\/wp\/v2\/media\/269000"}],"wp:attachment":[{"href":"https:\/\/revolutionpadelstore.com\/fr\/wp-json\/wp\/v2\/media?parent=269005"}],"wp:term":[{"taxonomy":"acabado","embeddable":true,"href":"https:\/\/revolutionpadelstore.com\/fr\/wp-json\/wp\/v2\/acabado?post=269005"},{"taxonomy":"balance","embeddable":true,"href":"https:\/\/revolutionpadelstore.com\/fr\/wp-json\/wp\/v2\/balance?post=269005"},{"taxonomy":"dureza","embeddable":true,"href":"https:\/\/revolutionpadelstore.com\/fr\/wp-json\/wp\/v2\/dureza?post=269005"},{"taxonomy":"forma","embeddable":true,"href":"https:\/\/revolutionpadelstore.com\/fr\/wp-json\/wp\/v2\/forma?post=269005"},{"taxonomy":"jugador","embeddable":true,"href":"https:\/\/revolutionpadelstore.com\/fr\/wp-json\/wp\/v2\/jugador?post=269005"},{"taxonomy":"marca","embeddable":true,"href":"https:\/\/revolutionpadelstore.com\/fr\/wp-json\/wp\/v2\/marca?post=269005"},{"taxonomy":"nivel-de-juego","embeddable":true,"href":"https:\/\/revolutionpadelstore.com\/fr\/wp-json\/wp\/v2\/nivel-de-juego?post=269005"},{"taxonomy":"superficie","embeddable":true,"href":"https:\/\/revolutionpadelstore.com\/fr\/wp-json\/wp\/v2\/superficie?post=269005"},{"taxonomy":"tipo-de-juego","embeddable":true,"href":"https:\/\/revolutionpadelstore.com\/fr\/wp-json\/wp\/v2\/tipo-de-juego?post=269005"},{"taxonomy":"product_brand","embeddable":true,"href":"https:\/\/revolutionpadelstore.com\/fr\/wp-json\/wp\/v2\/product_brand?post=269005"},{"taxonomy":"product_cat","embeddable":true,"href":"https:\/\/revolutionpadelstore.com\/fr\/wp-json\/wp\/v2\/product_cat?post=269005"},{"taxonomy":"product_tag","embeddable":true,"href":"https:\/\/revolutionpadelstore.com\/fr\/wp-json\/wp\/v2\/product_tag?post=269005"}],"curies":[{"name":"wp","href":"https:\/\/api.w.org\/{rel}","templated":true}]}}