{"id":268409,"date":"2025-09-11T16:08:40","date_gmt":"2025-09-11T14:08:40","guid":{"rendered":"https:\/\/revolutionpadelstore.com\/?post_type=product&#038;p=268409"},"modified":"2026-04-10T14:04:53","modified_gmt":"2026-04-10T12:04:53","slug":"joma-slam-lady-2525-beige-3","status":"publish","type":"product","link":"https:\/\/revolutionpadelstore.com\/fr\/produit\/joma-slam-lady-2525-beige-3\/","title":{"rendered":"JOMA SLAM LADY 2525 BEIGE"},"content":{"rendered":"<h2>JOMA SLAM LADY 2525 BEIGE \u2013 Performance professionnelle, stabilit\u00e9 totale<\/h2>\n<p>Ces chaussures de padel haut de gamme sont con\u00e7ues pour les joueurs poss\u00e9dant une bonne technique qui recherchent un niveau plus \u00e9lev\u00e9 de stabilit\u00e9, d&#8217;amorti et de r\u00e9activit\u00e9. Id\u00e9ales pour les entra\u00eenements exigeants et les matchs performants, elles ont \u00e9t\u00e9 test\u00e9es par des joueurs professionnels comme Vero Virseda, ce qui garantit leur qualit\u00e9 et leur fiabilit\u00e9 sur le terrain.<\/p>\n<h2>Caract\u00e9ristiques techniques<\/h2>\n<p>-Tige en mesh respirant avec microperforations strat\u00e9giques qui favorisent une ventilation constante, gardant vos pieds au frais et au sec m\u00eame lors de matchs intenses.<\/p>\n<p>-Technologie JOMA SPORTECH thermoscell\u00e9e qui offre un ajustement pr\u00e9cis et confortable sans augmenter le poids de la chaussure.<\/p>\n<p>-Syst\u00e8me PROTECTION avec renforts en caoutchouc dans les zones cl\u00e9s pour prot\u00e9ger contre les frottements et les coups, sans affecter la flexibilit\u00e9 de la chaussure.<\/p>\n<p>-Semelle interm\u00e9diaire double densit\u00e9 DUAL REACTIVE :<\/p>\n<p>-Phylon sup\u00e9rieur qui am\u00e9liore le retour d&#8217;\u00e9nergie.<\/p>\n<p>-REACTIVE BALL inf\u00e9rieur qui offre un amorti efficace et doux.<\/p>\n<p>-Pi\u00e8ce STABILIS au milieu du pied qui emp\u00eache la torsion et assure la stabilit\u00e9 lors des mouvements lat\u00e9raux.<\/p>\n<p>-Semelle Omni avec technologie DURABILITY, en caoutchouc r\u00e9sistant avec de petits crampons circulaires qui am\u00e9liorent la traction, permettent un glissement contr\u00f4l\u00e9 et augmentent la durabilit\u00e9 sur les surfaces dures.<\/p>\n<h2>Avantages pr\u00e9sent\u00e9s<\/h2>\n<p>-Stabilit\u00e9 maximale pour des mouvements et changements de direction rapides.<\/p>\n<p>-Excellente combinaison d&#8217;amorti et de r\u00e9activit\u00e9.<\/p>\n<p>-L\u00e9g\u00e8ret\u00e9 sans renoncer \u00e0 la protection.<\/p>\n<p>-D\u00e9velopp\u00e9 avec la validation des joueurs professionnels du circuit.<\/p>\n<p>-Performances optimis\u00e9es pour les joueurs avanc\u00e9s ou professionnels.<\/p>\n<h2>Pourquoi choisir ces baskets ?<\/h2>\n<p>Si vous \u00eates une joueuse exigeante \u00e0 la recherche du meilleur des chaussures de padel pour femme, ce mod\u00e8le est le choix parfait. Ils offrent innovation, confort et soutien \u00e0 chaque instant. Que ce soit pour la comp\u00e9tition ou l&#8217;entra\u00eenement de haute intensit\u00e9, ces chaussures sont con\u00e7ues pour faire passer votre jeu au niveau sup\u00e9rieur.<\/p>\n<p>Commandez d\u00e8s aujourd&#8217;hui et d\u00e9couvrez de v\u00e9ritables performances professionnelles sur la piste.<\/p>\n<p><strong>Disponible d\u00e8s maintenant sur <a href=\"http:\/\/www.revolutionpadelstore.com\/\">www.revolutionpadelstore.com<\/a>, probablement au meilleur prix du march\u00e9.<\/strong><\/p>\n","protected":false},"excerpt":{"rendered":"<p>D\u00e9couvrez les chaussures de padel qui font passer votre jeu au niveau sup\u00e9rieur. Con\u00e7ues pour les joueurs exigeants qui recherchent un maximum de stabilit\u00e9, d&#8217;amorti et d&#8217;explosivit\u00e9 \u00e0 chaque instant, elles sont l&#8217;alli\u00e9e parfaite des entra\u00eenements intenses et des matchs d\u00e9cisifs. Soutenus par des professionnels d&#8217;\u00e9lite comme Vero Virseda, ils offrent la confiance, la qualit\u00e9 et les performances dont vous avez besoin pour dominer le terrain.<\/p>\n","protected":false},"featured_media":268439,"comment_status":"open","ping_status":"closed","template":"","meta":{"_acf_changed":false,"_joinchat":[]},"acabado":[],"balance":[],"dureza":[],"forma":[],"jugador":[],"marca":[1227],"nivel-de-juego":[],"superficie":[],"tipo-de-juego":[],"product_brand":[],"product_cat":[830,456],"product_tag":[],"class_list":{"0":"post-268409","1":"product","2":"type-product","3":"status-publish","4":"has-post-thumbnail","6":"marca-joma-fr","7":"product_cat-baskets","8":"product_cat-sneakers-pour-femme","10":"first","11":"outofstock","12":"sale","13":"taxable","14":"shipping-taxable","15":"purchasable","16":"product-type-variable"},"acf":[],"yoast_head":"<!-- This site is optimized with the Yoast SEO plugin v27.4 - https:\/\/yoast.com\/product\/yoast-seo-wordpress\/ -->\n<title>JOMA SLAM LADY 2525 BEIGE - Revolution Padel Store<\/title>\n<meta name=\"description\" content=\"Zapatillas de p\u00e1del para mujer profesionales con m\u00e1xima estabilidad, amortiguaci\u00f3n y tecnolog\u00edas avanzadas. Compra online en revolutionpadelstore.com al mejor precio.\" \/>\n<meta name=\"robots\" content=\"index, follow, max-snippet:-1, max-image-preview:large, max-video-preview:-1\" \/>\n<link rel=\"canonical\" href=\"https:\/\/revolutionpadelstore.com\/fr\/produit\/joma-slam-lady-2525-beige-3\/\" \/>\n<meta property=\"og:locale\" content=\"fr_FR\" \/>\n<meta property=\"og:type\" content=\"article\" \/>\n<meta property=\"og:title\" content=\"JOMA SLAM LADY 2525 BEIGE - Revolution Padel Store\" \/>\n<meta property=\"og:description\" content=\"Zapatillas de p\u00e1del para mujer profesionales con m\u00e1xima estabilidad, amortiguaci\u00f3n y tecnolog\u00edas avanzadas. Compra online en revolutionpadelstore.com al mejor precio.\" \/>\n<meta property=\"og:url\" content=\"https:\/\/revolutionpadelstore.com\/fr\/produit\/joma-slam-lady-2525-beige-3\/\" \/>\n<meta property=\"og:site_name\" content=\"Revolution Padel Store\" \/>\n<meta property=\"article:modified_time\" content=\"2026-04-10T12:04:53+00:00\" \/>\n<meta property=\"og:image\" content=\"https:\/\/revolutionpadelstore.com\/wp-content\/uploads\/2025\/09\/FOTO-PALAS-32.png\" \/>\n\t<meta property=\"og:image:width\" content=\"1500\" \/>\n\t<meta property=\"og:image:height\" content=\"1500\" \/>\n\t<meta property=\"og:image:type\" content=\"image\/png\" \/>\n<meta name=\"twitter:card\" content=\"summary_large_image\" \/>\n<meta name=\"twitter:label1\" content=\"Dur\u00e9e de lecture estim\u00e9e\" \/>\n\t<meta name=\"twitter:data1\" content=\"2 minutes\" \/>\n<script type=\"application\/ld+json\" class=\"yoast-schema-graph\">{\"@context\":\"https:\\\/\\\/schema.org\",\"@graph\":[{\"@type\":\"WebPage\",\"@id\":\"https:\\\/\\\/revolutionpadelstore.com\\\/fr\\\/produit\\\/joma-slam-lady-2525-beige-3\\\/\",\"url\":\"https:\\\/\\\/revolutionpadelstore.com\\\/fr\\\/produit\\\/joma-slam-lady-2525-beige-3\\\/\",\"name\":\"JOMA SLAM LADY 2525 BEIGE - Revolution Padel Store\",\"isPartOf\":{\"@id\":\"https:\\\/\\\/revolutionpadelstore.com\\\/fr\\\/#website\"},\"primaryImageOfPage\":{\"@id\":\"https:\\\/\\\/revolutionpadelstore.com\\\/fr\\\/produit\\\/joma-slam-lady-2525-beige-3\\\/#primaryimage\"},\"image\":{\"@id\":\"https:\\\/\\\/revolutionpadelstore.com\\\/fr\\\/produit\\\/joma-slam-lady-2525-beige-3\\\/#primaryimage\"},\"thumbnailUrl\":\"https:\\\/\\\/revolutionpadelstore.com\\\/wp-content\\\/uploads\\\/2025\\\/09\\\/FOTO-PALAS-32.png\",\"datePublished\":\"2025-09-11T14:08:40+00:00\",\"dateModified\":\"2026-04-10T12:04:53+00:00\",\"description\":\"Zapatillas de p\u00e1del para mujer profesionales con m\u00e1xima estabilidad, amortiguaci\u00f3n y tecnolog\u00edas avanzadas. Compra online en revolutionpadelstore.com al mejor precio.\",\"breadcrumb\":{\"@id\":\"https:\\\/\\\/revolutionpadelstore.com\\\/fr\\\/produit\\\/joma-slam-lady-2525-beige-3\\\/#breadcrumb\"},\"inLanguage\":\"fr-FR\",\"potentialAction\":[{\"@type\":\"ReadAction\",\"target\":[\"https:\\\/\\\/revolutionpadelstore.com\\\/fr\\\/produit\\\/joma-slam-lady-2525-beige-3\\\/\"]}]},{\"@type\":\"ImageObject\",\"inLanguage\":\"fr-FR\",\"@id\":\"https:\\\/\\\/revolutionpadelstore.com\\\/fr\\\/produit\\\/joma-slam-lady-2525-beige-3\\\/#primaryimage\",\"url\":\"https:\\\/\\\/revolutionpadelstore.com\\\/wp-content\\\/uploads\\\/2025\\\/09\\\/FOTO-PALAS-32.png\",\"contentUrl\":\"https:\\\/\\\/revolutionpadelstore.com\\\/wp-content\\\/uploads\\\/2025\\\/09\\\/FOTO-PALAS-32.png\",\"width\":1500,\"height\":1500},{\"@type\":\"BreadcrumbList\",\"@id\":\"https:\\\/\\\/revolutionpadelstore.com\\\/fr\\\/produit\\\/joma-slam-lady-2525-beige-3\\\/#breadcrumb\",\"itemListElement\":[{\"@type\":\"ListItem\",\"position\":1,\"name\":\"Portada\",\"item\":\"https:\\\/\\\/revolutionpadelstore.com\\\/fr\\\/\"},{\"@type\":\"ListItem\",\"position\":2,\"name\":\"Boutique\",\"item\":\"https:\\\/\\\/revolutionpadelstore.com\\\/fr\\\/tienda\\\/\"},{\"@type\":\"ListItem\",\"position\":3,\"name\":\"JOMA SLAM LADY 2525 BEIGE\"}]},{\"@type\":\"WebSite\",\"@id\":\"https:\\\/\\\/revolutionpadelstore.com\\\/fr\\\/#website\",\"url\":\"https:\\\/\\\/revolutionpadelstore.com\\\/fr\\\/\",\"name\":\"Revolution Padel Store\",\"description\":\"\",\"publisher\":{\"@id\":\"https:\\\/\\\/revolutionpadelstore.com\\\/fr\\\/#organization\"},\"potentialAction\":[{\"@type\":\"SearchAction\",\"target\":{\"@type\":\"EntryPoint\",\"urlTemplate\":\"https:\\\/\\\/revolutionpadelstore.com\\\/fr\\\/?s={search_term_string}\"},\"query-input\":{\"@type\":\"PropertyValueSpecification\",\"valueRequired\":true,\"valueName\":\"search_term_string\"}}],\"inLanguage\":\"fr-FR\"},{\"@type\":\"Organization\",\"@id\":\"https:\\\/\\\/revolutionpadelstore.com\\\/fr\\\/#organization\",\"name\":\"Revolution Padel Store\",\"url\":\"https:\\\/\\\/revolutionpadelstore.com\\\/fr\\\/\",\"logo\":{\"@type\":\"ImageObject\",\"inLanguage\":\"fr-FR\",\"@id\":\"https:\\\/\\\/revolutionpadelstore.com\\\/fr\\\/#\\\/schema\\\/logo\\\/image\\\/\",\"url\":\"https:\\\/\\\/revolutionpadelstore.com\\\/wp-content\\\/uploads\\\/2026\\\/02\\\/revolution-padel-store.jpg\",\"contentUrl\":\"https:\\\/\\\/revolutionpadelstore.com\\\/wp-content\\\/uploads\\\/2026\\\/02\\\/revolution-padel-store.jpg\",\"width\":2000,\"height\":2000,\"caption\":\"Revolution Padel Store\"},\"image\":{\"@id\":\"https:\\\/\\\/revolutionpadelstore.com\\\/fr\\\/#\\\/schema\\\/logo\\\/image\\\/\"},\"sameAs\":[\"https:\\\/\\\/www.instagram.com\\\/revolutionpadelstore\\\/\"]}]}<\/script>\n<!-- \/ Yoast SEO plugin. -->","yoast_head_json":{"title":"JOMA SLAM LADY 2525 BEIGE - Revolution Padel Store","description":"Zapatillas de p\u00e1del para mujer profesionales con m\u00e1xima estabilidad, amortiguaci\u00f3n y tecnolog\u00edas avanzadas. Compra online en revolutionpadelstore.com al mejor precio.","robots":{"index":"index","follow":"follow","max-snippet":"max-snippet:-1","max-image-preview":"max-image-preview:large","max-video-preview":"max-video-preview:-1"},"canonical":"https:\/\/revolutionpadelstore.com\/fr\/produit\/joma-slam-lady-2525-beige-3\/","og_locale":"fr_FR","og_type":"article","og_title":"JOMA SLAM LADY 2525 BEIGE - Revolution Padel Store","og_description":"Zapatillas de p\u00e1del para mujer profesionales con m\u00e1xima estabilidad, amortiguaci\u00f3n y tecnolog\u00edas avanzadas. Compra online en revolutionpadelstore.com al mejor precio.","og_url":"https:\/\/revolutionpadelstore.com\/fr\/produit\/joma-slam-lady-2525-beige-3\/","og_site_name":"Revolution Padel Store","article_modified_time":"2026-04-10T12:04:53+00:00","og_image":[{"width":1500,"height":1500,"url":"https:\/\/revolutionpadelstore.com\/wp-content\/uploads\/2025\/09\/FOTO-PALAS-32.png","type":"image\/png"}],"twitter_card":"summary_large_image","twitter_misc":{"Dur\u00e9e de lecture estim\u00e9e":"2 minutes"},"schema":{"@context":"https:\/\/schema.org","@graph":[{"@type":"WebPage","@id":"https:\/\/revolutionpadelstore.com\/fr\/produit\/joma-slam-lady-2525-beige-3\/","url":"https:\/\/revolutionpadelstore.com\/fr\/produit\/joma-slam-lady-2525-beige-3\/","name":"JOMA SLAM LADY 2525 BEIGE - Revolution Padel Store","isPartOf":{"@id":"https:\/\/revolutionpadelstore.com\/fr\/#website"},"primaryImageOfPage":{"@id":"https:\/\/revolutionpadelstore.com\/fr\/produit\/joma-slam-lady-2525-beige-3\/#primaryimage"},"image":{"@id":"https:\/\/revolutionpadelstore.com\/fr\/produit\/joma-slam-lady-2525-beige-3\/#primaryimage"},"thumbnailUrl":"https:\/\/revolutionpadelstore.com\/wp-content\/uploads\/2025\/09\/FOTO-PALAS-32.png","datePublished":"2025-09-11T14:08:40+00:00","dateModified":"2026-04-10T12:04:53+00:00","description":"Zapatillas de p\u00e1del para mujer profesionales con m\u00e1xima estabilidad, amortiguaci\u00f3n y tecnolog\u00edas avanzadas. Compra online en revolutionpadelstore.com al mejor precio.","breadcrumb":{"@id":"https:\/\/revolutionpadelstore.com\/fr\/produit\/joma-slam-lady-2525-beige-3\/#breadcrumb"},"inLanguage":"fr-FR","potentialAction":[{"@type":"ReadAction","target":["https:\/\/revolutionpadelstore.com\/fr\/produit\/joma-slam-lady-2525-beige-3\/"]}]},{"@type":"ImageObject","inLanguage":"fr-FR","@id":"https:\/\/revolutionpadelstore.com\/fr\/produit\/joma-slam-lady-2525-beige-3\/#primaryimage","url":"https:\/\/revolutionpadelstore.com\/wp-content\/uploads\/2025\/09\/FOTO-PALAS-32.png","contentUrl":"https:\/\/revolutionpadelstore.com\/wp-content\/uploads\/2025\/09\/FOTO-PALAS-32.png","width":1500,"height":1500},{"@type":"BreadcrumbList","@id":"https:\/\/revolutionpadelstore.com\/fr\/produit\/joma-slam-lady-2525-beige-3\/#breadcrumb","itemListElement":[{"@type":"ListItem","position":1,"name":"Portada","item":"https:\/\/revolutionpadelstore.com\/fr\/"},{"@type":"ListItem","position":2,"name":"Boutique","item":"https:\/\/revolutionpadelstore.com\/fr\/tienda\/"},{"@type":"ListItem","position":3,"name":"JOMA SLAM LADY 2525 BEIGE"}]},{"@type":"WebSite","@id":"https:\/\/revolutionpadelstore.com\/fr\/#website","url":"https:\/\/revolutionpadelstore.com\/fr\/","name":"Revolution Padel Store","description":"","publisher":{"@id":"https:\/\/revolutionpadelstore.com\/fr\/#organization"},"potentialAction":[{"@type":"SearchAction","target":{"@type":"EntryPoint","urlTemplate":"https:\/\/revolutionpadelstore.com\/fr\/?s={search_term_string}"},"query-input":{"@type":"PropertyValueSpecification","valueRequired":true,"valueName":"search_term_string"}}],"inLanguage":"fr-FR"},{"@type":"Organization","@id":"https:\/\/revolutionpadelstore.com\/fr\/#organization","name":"Revolution Padel Store","url":"https:\/\/revolutionpadelstore.com\/fr\/","logo":{"@type":"ImageObject","inLanguage":"fr-FR","@id":"https:\/\/revolutionpadelstore.com\/fr\/#\/schema\/logo\/image\/","url":"https:\/\/revolutionpadelstore.com\/wp-content\/uploads\/2026\/02\/revolution-padel-store.jpg","contentUrl":"https:\/\/revolutionpadelstore.com\/wp-content\/uploads\/2026\/02\/revolution-padel-store.jpg","width":2000,"height":2000,"caption":"Revolution Padel Store"},"image":{"@id":"https:\/\/revolutionpadelstore.com\/fr\/#\/schema\/logo\/image\/"},"sameAs":["https:\/\/www.instagram.com\/revolutionpadelstore\/"]}]}},"_links":{"self":[{"href":"https:\/\/revolutionpadelstore.com\/fr\/wp-json\/wp\/v2\/product\/268409","targetHints":{"allow":["GET"]}}],"collection":[{"href":"https:\/\/revolutionpadelstore.com\/fr\/wp-json\/wp\/v2\/product"}],"about":[{"href":"https:\/\/revolutionpadelstore.com\/fr\/wp-json\/wp\/v2\/types\/product"}],"replies":[{"embeddable":true,"href":"https:\/\/revolutionpadelstore.com\/fr\/wp-json\/wp\/v2\/comments?post=268409"}],"wp:featuredmedia":[{"embeddable":true,"href":"https:\/\/revolutionpadelstore.com\/fr\/wp-json\/wp\/v2\/media\/268439"}],"wp:attachment":[{"href":"https:\/\/revolutionpadelstore.com\/fr\/wp-json\/wp\/v2\/media?parent=268409"}],"wp:term":[{"taxonomy":"acabado","embeddable":true,"href":"https:\/\/revolutionpadelstore.com\/fr\/wp-json\/wp\/v2\/acabado?post=268409"},{"taxonomy":"balance","embeddable":true,"href":"https:\/\/revolutionpadelstore.com\/fr\/wp-json\/wp\/v2\/balance?post=268409"},{"taxonomy":"dureza","embeddable":true,"href":"https:\/\/revolutionpadelstore.com\/fr\/wp-json\/wp\/v2\/dureza?post=268409"},{"taxonomy":"forma","embeddable":true,"href":"https:\/\/revolutionpadelstore.com\/fr\/wp-json\/wp\/v2\/forma?post=268409"},{"taxonomy":"jugador","embeddable":true,"href":"https:\/\/revolutionpadelstore.com\/fr\/wp-json\/wp\/v2\/jugador?post=268409"},{"taxonomy":"marca","embeddable":true,"href":"https:\/\/revolutionpadelstore.com\/fr\/wp-json\/wp\/v2\/marca?post=268409"},{"taxonomy":"nivel-de-juego","embeddable":true,"href":"https:\/\/revolutionpadelstore.com\/fr\/wp-json\/wp\/v2\/nivel-de-juego?post=268409"},{"taxonomy":"superficie","embeddable":true,"href":"https:\/\/revolutionpadelstore.com\/fr\/wp-json\/wp\/v2\/superficie?post=268409"},{"taxonomy":"tipo-de-juego","embeddable":true,"href":"https:\/\/revolutionpadelstore.com\/fr\/wp-json\/wp\/v2\/tipo-de-juego?post=268409"},{"taxonomy":"product_brand","embeddable":true,"href":"https:\/\/revolutionpadelstore.com\/fr\/wp-json\/wp\/v2\/product_brand?post=268409"},{"taxonomy":"product_cat","embeddable":true,"href":"https:\/\/revolutionpadelstore.com\/fr\/wp-json\/wp\/v2\/product_cat?post=268409"},{"taxonomy":"product_tag","embeddable":true,"href":"https:\/\/revolutionpadelstore.com\/fr\/wp-json\/wp\/v2\/product_tag?post=268409"}],"curies":[{"name":"wp","href":"https:\/\/api.w.org\/{rel}","templated":true}]}}