{"id":268160,"date":"2025-08-28T19:44:15","date_gmt":"2025-08-28T17:44:15","guid":{"rendered":"https:\/\/revolutionpadelstore.com\/head-extreme-motion-2025\/"},"modified":"2026-04-08T03:59:45","modified_gmt":"2026-04-08T01:59:45","slug":"head-extreme-motion-2025-3","status":"publish","type":"product","link":"https:\/\/revolutionpadelstore.com\/fr\/produit\/head-extreme-motion-2025-3\/","title":{"rendered":"HEAD EXTREME MOTION 2025"},"content":{"rendered":"<h2>Head Extreme Motion 2025 \u2013 Puissance offensive avec une maniabilit\u00e9 maximale<\/h2>\n<p>La Head Extreme Motion 2025 est la raquette parfaite pour ceux qui recherchent un jeu offensif, direct et agressif, sans renoncer au contr\u00f4le ni \u00e0 la l\u00e9g\u00e8ret\u00e9. Con\u00e7u avec des mat\u00e9riaux de pointe, il est destin\u00e9 aux joueurs de niveau avanc\u00e9 qui souhaitent dominer le terrain d\u00e8s le premier point.<\/p>\n<p>Recommand\u00e9e par Paula Josemar\u00eda, actuelle num\u00e9ro un au classement mondial, cette raquette allie puissance explosive, pr\u00e9cision et sensation de frappe solide et confortable.<\/p>\n<h2>Pourquoi choisir le Head Extreme Motion 2025 ?<\/h2>\n<p>-L\u00e9g\u00e8ret\u00e9 sup\u00e9rieure pour une maniabilit\u00e9 rapide sur les vol\u00e9es, les lay-ups et les tirs.<\/p>\n<p>-Une vraie puissance gr\u00e2ce \u00e0 la combinaison de Power Foam et de carbone unidirectionnel.<\/p>\n<p>-Surface rugueuse Extreme Spin pour un plus grand effet.<\/p>\n<p>-Design moderne et sportif, id\u00e9al pour un style de jeu agressif.<\/p>\n<p>-Renforc\u00e9 pour une plus grande durabilit\u00e9 sans perte de sensibilit\u00e9.<\/p>\n<h2>Technologies en vedette<\/h2>\n<p>-Carbone unidirectionnel dans le cadre : plus grande rigidit\u00e9 et meilleure transmission de puissance.<\/p>\n<p>-Power Foam : rebond puissant et contr\u00f4l\u00e9.<\/p>\n<p>-Technologie Auxetic 2.0 : meilleure r\u00e9partition des vibrations et sensation plus solide.<\/p>\n<p>-Surface rugueuse avec Extreme Spin : plus d&#8217;effets \u00e0 chaque coup.<\/p>\n<p>-Mod\u00e8le de trous optimis\u00e9 : sweet spot \u00e9largi.<\/p>\n<p>-Smart Bridge : bridge adapt\u00e9 au jeu offensif.<\/p>\n<p>-Protecteur de peau anti-choc: plus grande r\u00e9sistance aux rayures et aux chocs.<\/p>\n<p>-Poign\u00e9e Soft Cap+ : personnalisable et plus ergonomique.<\/p>\n<h2>Caract\u00e9ristiques techniques<\/h2>\n<p>-Niveau de jeu : Avanc\u00e9 \/ Professionnel<\/p>\n<p>-Style de jeu : Offensif<\/p>\n<p>-Poids : L\u00e9ger<\/p>\n<p>-Forme : Diamant<\/p>\n<p>-\u00c9quilibre : Moyen-\u00e9lev\u00e9<\/p>\n<p>-Noyau : mousse puissante<\/p>\n<p>-Surface : Carbone + finition rugueuse<\/p>\n<p>-Cadre : Carbone unidirectionnel<\/p>\n<p>-Technologies : Auxetic 2.0, Smart Bridge, Anti Shock Skin, Soft Cap+<\/p>\n<h2>Pelle officielle des champions<\/h2>\n<p>La Head Extreme Motion 2025 n&#8217;est pas qu&#8217;une raquette, c&#8217;est une d\u00e9claration d&#8217;intention pour les joueurs qui souhaitent imposer leur rythme d\u00e8s le premier point. Id\u00e9al pour ceux qui ne se contentent pas de d\u00e9fendre, mais veulent attaquer sans limites. Chaque vip\u00e8re, pointe ou vol\u00e9e devient un coup gagnant.<\/p>\n<p>Disponible d\u00e8s maintenant dans notre boutique en ligne <a href=\"http:\/\/www.revolutionpadelstore.com\/\">www.revolutionpadelstore.com<\/a>, probablement au meilleur prix du march\u00e9. Obtenez-le et augmentez votre niveau de jeu !<\/p>\n<h2>Head Extreme Motion 2025 \u2013 Potencia ofensiva con m\u00e1xima manejabilidad<\/h2>\n","protected":false},"excerpt":{"rendered":"<p>La HEAD Extreme Motion 2025 est une raquette rapide et puissante, con\u00e7ue pour les joueurs offensifs recherchant un maximum de contr\u00f4le et d&#8217;agilit\u00e9 sans renoncer \u00e0 la force lors des frappes d\u00e9cisives.<\/p>\n","protected":false},"featured_media":268190,"comment_status":"open","ping_status":"closed","template":"","meta":{"_acf_changed":false,"_joinchat":[]},"acabado":[1107],"balance":[1137],"dureza":[1152,1157],"forma":[1172],"jugador":[1192,1197],"marca":[1222],"nivel-de-juego":[1337],"superficie":[1362],"tipo-de-juego":[1377],"product_brand":[],"product_cat":[302],"product_tag":[],"class_list":{"0":"post-268160","1":"product","2":"type-product","3":"status-publish","4":"has-post-thumbnail","6":"acabado-brut","7":"balance-eleve","8":"dureza-blanda-fr","9":"dureza-media-fr","10":"forma-diamant","11":"jugador-homme","12":"jugador-mujer-fr","13":"marca-tete","14":"superficie-rugosa-fr","15":"tipo-de-juego-puissance","16":"product_cat-palas-de-padel-fr","18":"first","19":"instock","20":"taxable","21":"shipping-taxable","22":"purchasable","23":"product-type-simple"},"acf":[],"yoast_head":"<!-- This site is optimized with the Yoast SEO plugin v27.4 - https:\/\/yoast.com\/product\/yoast-seo-wordpress\/ -->\n<title>HEAD EXTREME MOTION 2025 - Revolution Padel Store<\/title>\n<meta name=\"description\" content=\"Head Extreme Motion 2025 \u2013 Pala de p\u00e1del profesional ligera y potente, recomendada por Paula Josemar\u00eda. Ideal para jugadores ofensivos. \u00a1Cons\u00edguela al mejor precio en Revolution Padel Store!\" \/>\n<meta name=\"robots\" content=\"index, follow, max-snippet:-1, max-image-preview:large, max-video-preview:-1\" \/>\n<link rel=\"canonical\" href=\"https:\/\/revolutionpadelstore.com\/fr\/produit\/head-extreme-motion-2025-3\/\" \/>\n<meta property=\"og:locale\" content=\"fr_FR\" \/>\n<meta property=\"og:type\" content=\"article\" \/>\n<meta property=\"og:title\" content=\"HEAD EXTREME MOTION 2025 - Revolution Padel Store\" \/>\n<meta property=\"og:description\" content=\"Head Extreme Motion 2025 \u2013 Pala de p\u00e1del profesional ligera y potente, recomendada por Paula Josemar\u00eda. Ideal para jugadores ofensivos. \u00a1Cons\u00edguela al mejor precio en Revolution Padel Store!\" \/>\n<meta property=\"og:url\" content=\"https:\/\/revolutionpadelstore.com\/fr\/produit\/head-extreme-motion-2025-3\/\" \/>\n<meta property=\"og:site_name\" content=\"Revolution Padel Store\" \/>\n<meta property=\"article:modified_time\" content=\"2026-04-08T01:59:45+00:00\" \/>\n<meta property=\"og:image\" content=\"https:\/\/revolutionpadelstore.com\/wp-content\/uploads\/2025\/08\/120641-pala-head-extreme-motion-2025-223135-1500x1500-1.webp\" \/>\n\t<meta property=\"og:image:width\" content=\"1500\" \/>\n\t<meta property=\"og:image:height\" content=\"1500\" \/>\n\t<meta property=\"og:image:type\" content=\"image\/webp\" \/>\n<meta name=\"twitter:card\" content=\"summary_large_image\" \/>\n<meta name=\"twitter:label1\" content=\"Dur\u00e9e de lecture estim\u00e9e\" \/>\n\t<meta name=\"twitter:data1\" content=\"2 minutes\" \/>\n<script type=\"application\/ld+json\" class=\"yoast-schema-graph\">{\"@context\":\"https:\\\/\\\/schema.org\",\"@graph\":[{\"@type\":\"WebPage\",\"@id\":\"https:\\\/\\\/revolutionpadelstore.com\\\/fr\\\/produit\\\/head-extreme-motion-2025-3\\\/\",\"url\":\"https:\\\/\\\/revolutionpadelstore.com\\\/fr\\\/produit\\\/head-extreme-motion-2025-3\\\/\",\"name\":\"HEAD EXTREME MOTION 2025 - Revolution Padel Store\",\"isPartOf\":{\"@id\":\"https:\\\/\\\/revolutionpadelstore.com\\\/fr\\\/#website\"},\"primaryImageOfPage\":{\"@id\":\"https:\\\/\\\/revolutionpadelstore.com\\\/fr\\\/produit\\\/head-extreme-motion-2025-3\\\/#primaryimage\"},\"image\":{\"@id\":\"https:\\\/\\\/revolutionpadelstore.com\\\/fr\\\/produit\\\/head-extreme-motion-2025-3\\\/#primaryimage\"},\"thumbnailUrl\":\"https:\\\/\\\/revolutionpadelstore.com\\\/wp-content\\\/uploads\\\/2025\\\/08\\\/120641-pala-head-extreme-motion-2025-223135-1500x1500-1.webp\",\"datePublished\":\"2025-08-28T17:44:15+00:00\",\"dateModified\":\"2026-04-08T01:59:45+00:00\",\"description\":\"Head Extreme Motion 2025 \u2013 Pala de p\u00e1del profesional ligera y potente, recomendada por Paula Josemar\u00eda. Ideal para jugadores ofensivos. \u00a1Cons\u00edguela al mejor precio en Revolution Padel Store!\",\"breadcrumb\":{\"@id\":\"https:\\\/\\\/revolutionpadelstore.com\\\/fr\\\/produit\\\/head-extreme-motion-2025-3\\\/#breadcrumb\"},\"inLanguage\":\"fr-FR\",\"potentialAction\":[{\"@type\":\"ReadAction\",\"target\":[\"https:\\\/\\\/revolutionpadelstore.com\\\/fr\\\/produit\\\/head-extreme-motion-2025-3\\\/\"]}]},{\"@type\":\"ImageObject\",\"inLanguage\":\"fr-FR\",\"@id\":\"https:\\\/\\\/revolutionpadelstore.com\\\/fr\\\/produit\\\/head-extreme-motion-2025-3\\\/#primaryimage\",\"url\":\"https:\\\/\\\/revolutionpadelstore.com\\\/wp-content\\\/uploads\\\/2025\\\/08\\\/120641-pala-head-extreme-motion-2025-223135-1500x1500-1.webp\",\"contentUrl\":\"https:\\\/\\\/revolutionpadelstore.com\\\/wp-content\\\/uploads\\\/2025\\\/08\\\/120641-pala-head-extreme-motion-2025-223135-1500x1500-1.webp\",\"width\":1500,\"height\":1500},{\"@type\":\"BreadcrumbList\",\"@id\":\"https:\\\/\\\/revolutionpadelstore.com\\\/fr\\\/produit\\\/head-extreme-motion-2025-3\\\/#breadcrumb\",\"itemListElement\":[{\"@type\":\"ListItem\",\"position\":1,\"name\":\"Portada\",\"item\":\"https:\\\/\\\/revolutionpadelstore.com\\\/fr\\\/\"},{\"@type\":\"ListItem\",\"position\":2,\"name\":\"Boutique\",\"item\":\"https:\\\/\\\/revolutionpadelstore.com\\\/fr\\\/tienda\\\/\"},{\"@type\":\"ListItem\",\"position\":3,\"name\":\"HEAD EXTREME MOTION 2025\"}]},{\"@type\":\"WebSite\",\"@id\":\"https:\\\/\\\/revolutionpadelstore.com\\\/fr\\\/#website\",\"url\":\"https:\\\/\\\/revolutionpadelstore.com\\\/fr\\\/\",\"name\":\"Revolution Padel Store\",\"description\":\"\",\"publisher\":{\"@id\":\"https:\\\/\\\/revolutionpadelstore.com\\\/fr\\\/#organization\"},\"potentialAction\":[{\"@type\":\"SearchAction\",\"target\":{\"@type\":\"EntryPoint\",\"urlTemplate\":\"https:\\\/\\\/revolutionpadelstore.com\\\/fr\\\/?s={search_term_string}\"},\"query-input\":{\"@type\":\"PropertyValueSpecification\",\"valueRequired\":true,\"valueName\":\"search_term_string\"}}],\"inLanguage\":\"fr-FR\"},{\"@type\":\"Organization\",\"@id\":\"https:\\\/\\\/revolutionpadelstore.com\\\/fr\\\/#organization\",\"name\":\"Revolution Padel Store\",\"url\":\"https:\\\/\\\/revolutionpadelstore.com\\\/fr\\\/\",\"logo\":{\"@type\":\"ImageObject\",\"inLanguage\":\"fr-FR\",\"@id\":\"https:\\\/\\\/revolutionpadelstore.com\\\/fr\\\/#\\\/schema\\\/logo\\\/image\\\/\",\"url\":\"https:\\\/\\\/revolutionpadelstore.com\\\/wp-content\\\/uploads\\\/2026\\\/02\\\/revolution-padel-store.jpg\",\"contentUrl\":\"https:\\\/\\\/revolutionpadelstore.com\\\/wp-content\\\/uploads\\\/2026\\\/02\\\/revolution-padel-store.jpg\",\"width\":2000,\"height\":2000,\"caption\":\"Revolution Padel Store\"},\"image\":{\"@id\":\"https:\\\/\\\/revolutionpadelstore.com\\\/fr\\\/#\\\/schema\\\/logo\\\/image\\\/\"},\"sameAs\":[\"https:\\\/\\\/www.instagram.com\\\/revolutionpadelstore\\\/\"]}]}<\/script>\n<!-- \/ Yoast SEO plugin. -->","yoast_head_json":{"title":"HEAD EXTREME MOTION 2025 - Revolution Padel Store","description":"Head Extreme Motion 2025 \u2013 Pala de p\u00e1del profesional ligera y potente, recomendada por Paula Josemar\u00eda. Ideal para jugadores ofensivos. \u00a1Cons\u00edguela al mejor precio en Revolution Padel Store!","robots":{"index":"index","follow":"follow","max-snippet":"max-snippet:-1","max-image-preview":"max-image-preview:large","max-video-preview":"max-video-preview:-1"},"canonical":"https:\/\/revolutionpadelstore.com\/fr\/produit\/head-extreme-motion-2025-3\/","og_locale":"fr_FR","og_type":"article","og_title":"HEAD EXTREME MOTION 2025 - Revolution Padel Store","og_description":"Head Extreme Motion 2025 \u2013 Pala de p\u00e1del profesional ligera y potente, recomendada por Paula Josemar\u00eda. Ideal para jugadores ofensivos. \u00a1Cons\u00edguela al mejor precio en Revolution Padel Store!","og_url":"https:\/\/revolutionpadelstore.com\/fr\/produit\/head-extreme-motion-2025-3\/","og_site_name":"Revolution Padel Store","article_modified_time":"2026-04-08T01:59:45+00:00","og_image":[{"width":1500,"height":1500,"url":"https:\/\/revolutionpadelstore.com\/wp-content\/uploads\/2025\/08\/120641-pala-head-extreme-motion-2025-223135-1500x1500-1.webp","type":"image\/webp"}],"twitter_card":"summary_large_image","twitter_misc":{"Dur\u00e9e de lecture estim\u00e9e":"2 minutes"},"schema":{"@context":"https:\/\/schema.org","@graph":[{"@type":"WebPage","@id":"https:\/\/revolutionpadelstore.com\/fr\/produit\/head-extreme-motion-2025-3\/","url":"https:\/\/revolutionpadelstore.com\/fr\/produit\/head-extreme-motion-2025-3\/","name":"HEAD EXTREME MOTION 2025 - Revolution Padel Store","isPartOf":{"@id":"https:\/\/revolutionpadelstore.com\/fr\/#website"},"primaryImageOfPage":{"@id":"https:\/\/revolutionpadelstore.com\/fr\/produit\/head-extreme-motion-2025-3\/#primaryimage"},"image":{"@id":"https:\/\/revolutionpadelstore.com\/fr\/produit\/head-extreme-motion-2025-3\/#primaryimage"},"thumbnailUrl":"https:\/\/revolutionpadelstore.com\/wp-content\/uploads\/2025\/08\/120641-pala-head-extreme-motion-2025-223135-1500x1500-1.webp","datePublished":"2025-08-28T17:44:15+00:00","dateModified":"2026-04-08T01:59:45+00:00","description":"Head Extreme Motion 2025 \u2013 Pala de p\u00e1del profesional ligera y potente, recomendada por Paula Josemar\u00eda. Ideal para jugadores ofensivos. \u00a1Cons\u00edguela al mejor precio en Revolution Padel Store!","breadcrumb":{"@id":"https:\/\/revolutionpadelstore.com\/fr\/produit\/head-extreme-motion-2025-3\/#breadcrumb"},"inLanguage":"fr-FR","potentialAction":[{"@type":"ReadAction","target":["https:\/\/revolutionpadelstore.com\/fr\/produit\/head-extreme-motion-2025-3\/"]}]},{"@type":"ImageObject","inLanguage":"fr-FR","@id":"https:\/\/revolutionpadelstore.com\/fr\/produit\/head-extreme-motion-2025-3\/#primaryimage","url":"https:\/\/revolutionpadelstore.com\/wp-content\/uploads\/2025\/08\/120641-pala-head-extreme-motion-2025-223135-1500x1500-1.webp","contentUrl":"https:\/\/revolutionpadelstore.com\/wp-content\/uploads\/2025\/08\/120641-pala-head-extreme-motion-2025-223135-1500x1500-1.webp","width":1500,"height":1500},{"@type":"BreadcrumbList","@id":"https:\/\/revolutionpadelstore.com\/fr\/produit\/head-extreme-motion-2025-3\/#breadcrumb","itemListElement":[{"@type":"ListItem","position":1,"name":"Portada","item":"https:\/\/revolutionpadelstore.com\/fr\/"},{"@type":"ListItem","position":2,"name":"Boutique","item":"https:\/\/revolutionpadelstore.com\/fr\/tienda\/"},{"@type":"ListItem","position":3,"name":"HEAD EXTREME MOTION 2025"}]},{"@type":"WebSite","@id":"https:\/\/revolutionpadelstore.com\/fr\/#website","url":"https:\/\/revolutionpadelstore.com\/fr\/","name":"Revolution Padel Store","description":"","publisher":{"@id":"https:\/\/revolutionpadelstore.com\/fr\/#organization"},"potentialAction":[{"@type":"SearchAction","target":{"@type":"EntryPoint","urlTemplate":"https:\/\/revolutionpadelstore.com\/fr\/?s={search_term_string}"},"query-input":{"@type":"PropertyValueSpecification","valueRequired":true,"valueName":"search_term_string"}}],"inLanguage":"fr-FR"},{"@type":"Organization","@id":"https:\/\/revolutionpadelstore.com\/fr\/#organization","name":"Revolution Padel Store","url":"https:\/\/revolutionpadelstore.com\/fr\/","logo":{"@type":"ImageObject","inLanguage":"fr-FR","@id":"https:\/\/revolutionpadelstore.com\/fr\/#\/schema\/logo\/image\/","url":"https:\/\/revolutionpadelstore.com\/wp-content\/uploads\/2026\/02\/revolution-padel-store.jpg","contentUrl":"https:\/\/revolutionpadelstore.com\/wp-content\/uploads\/2026\/02\/revolution-padel-store.jpg","width":2000,"height":2000,"caption":"Revolution Padel Store"},"image":{"@id":"https:\/\/revolutionpadelstore.com\/fr\/#\/schema\/logo\/image\/"},"sameAs":["https:\/\/www.instagram.com\/revolutionpadelstore\/"]}]}},"_links":{"self":[{"href":"https:\/\/revolutionpadelstore.com\/fr\/wp-json\/wp\/v2\/product\/268160","targetHints":{"allow":["GET"]}}],"collection":[{"href":"https:\/\/revolutionpadelstore.com\/fr\/wp-json\/wp\/v2\/product"}],"about":[{"href":"https:\/\/revolutionpadelstore.com\/fr\/wp-json\/wp\/v2\/types\/product"}],"replies":[{"embeddable":true,"href":"https:\/\/revolutionpadelstore.com\/fr\/wp-json\/wp\/v2\/comments?post=268160"}],"wp:featuredmedia":[{"embeddable":true,"href":"https:\/\/revolutionpadelstore.com\/fr\/wp-json\/wp\/v2\/media\/268190"}],"wp:attachment":[{"href":"https:\/\/revolutionpadelstore.com\/fr\/wp-json\/wp\/v2\/media?parent=268160"}],"wp:term":[{"taxonomy":"acabado","embeddable":true,"href":"https:\/\/revolutionpadelstore.com\/fr\/wp-json\/wp\/v2\/acabado?post=268160"},{"taxonomy":"balance","embeddable":true,"href":"https:\/\/revolutionpadelstore.com\/fr\/wp-json\/wp\/v2\/balance?post=268160"},{"taxonomy":"dureza","embeddable":true,"href":"https:\/\/revolutionpadelstore.com\/fr\/wp-json\/wp\/v2\/dureza?post=268160"},{"taxonomy":"forma","embeddable":true,"href":"https:\/\/revolutionpadelstore.com\/fr\/wp-json\/wp\/v2\/forma?post=268160"},{"taxonomy":"jugador","embeddable":true,"href":"https:\/\/revolutionpadelstore.com\/fr\/wp-json\/wp\/v2\/jugador?post=268160"},{"taxonomy":"marca","embeddable":true,"href":"https:\/\/revolutionpadelstore.com\/fr\/wp-json\/wp\/v2\/marca?post=268160"},{"taxonomy":"nivel-de-juego","embeddable":true,"href":"https:\/\/revolutionpadelstore.com\/fr\/wp-json\/wp\/v2\/nivel-de-juego?post=268160"},{"taxonomy":"superficie","embeddable":true,"href":"https:\/\/revolutionpadelstore.com\/fr\/wp-json\/wp\/v2\/superficie?post=268160"},{"taxonomy":"tipo-de-juego","embeddable":true,"href":"https:\/\/revolutionpadelstore.com\/fr\/wp-json\/wp\/v2\/tipo-de-juego?post=268160"},{"taxonomy":"product_brand","embeddable":true,"href":"https:\/\/revolutionpadelstore.com\/fr\/wp-json\/wp\/v2\/product_brand?post=268160"},{"taxonomy":"product_cat","embeddable":true,"href":"https:\/\/revolutionpadelstore.com\/fr\/wp-json\/wp\/v2\/product_cat?post=268160"},{"taxonomy":"product_tag","embeddable":true,"href":"https:\/\/revolutionpadelstore.com\/fr\/wp-json\/wp\/v2\/product_tag?post=268160"}],"curies":[{"name":"wp","href":"https:\/\/api.w.org\/{rel}","templated":true}]}}