{"id":267740,"date":"2025-08-23T10:11:56","date_gmt":"2025-08-23T08:11:56","guid":{"rendered":"https:\/\/revolutionpadelstore.com\/bullpadel-hack-04-hybrid-26\/"},"modified":"2026-04-08T04:28:24","modified_gmt":"2026-04-08T02:28:24","slug":"bullpadel-hack-04-hybrid-26-3","status":"publish","type":"product","link":"https:\/\/revolutionpadelstore.com\/fr\/produit\/bullpadel-hack-04-hybrid-26-3\/","title":{"rendered":"BULLPADEL HACK 04 HYBRID 26"},"content":{"rendered":"<h2>Bullpadel Hack 04 Hybrid 26 &#8211; Puissance et contr\u00f4le pour le joueur avanc\u00e9<\/h2>\n<p>La <strong>Bullpadel Hack 04 Hybrid 26<\/strong> est une raquette de padel haute performance con\u00e7ue pour les joueurs avanc\u00e9s et professionnels \u00e0 la recherche d&#8217;une combinaison parfaite de <strong>puissance, contr\u00f4le et polyvalence<\/strong> dans chaque point. Son <strong>format diamant hybride<\/strong> exclusif s&#8217;adapte pr\u00e9cis\u00e9ment \u00e0 la fois \u00e0 l&#8217;attaque explosive et \u00e0 la d\u00e9fense intelligente.<\/p>\n<h2>La technologie au service de la performance<\/h2>\n<p>Cette raquette int\u00e8gre la <strong>technologie innovante Total Channel<\/strong> ainsi qu&#8217;un <strong>triple pont au c\u0153ur<\/strong>, qui renforce sa structure et r\u00e9duit les vibrations, offrant ainsi une plus grande <strong>stabilit\u00e9 et pr\u00e9cision dans la frappe<\/strong>.<\/p>\n<p>Gr\u00e2ce \u00e0 son <strong>poids de 365-375 grammes<\/strong> et \u00e0 un <strong>\u00e9quilibre moyen-haut (environ 25 cm)<\/strong>, il offre une excellente maniabilit\u00e9 sans renoncer \u00e0 la force n\u00e9cessaire dans les moments cl\u00e9s. Son <strong>toucher interm\u00e9diaire-doux<\/strong> favorise une sensation plus confortable, id\u00e9ale pour les blocages et les sorties du fond du terrain.<\/p>\n<h2>Principales fonctionnalit\u00e9s<\/h2>\n<p><strong>-Format hybride en forme de diamant<\/strong> : \u00e9quilibre parfait entre puissance et contr\u00f4le.<\/p>\n<p><strong>-Total Channel + triple pont<\/strong> : am\u00e9liore la rigidit\u00e9 et absorbe les vibrations.<\/p>\n<p><strong>-Carbone Tricarbone 18K<\/strong> : plus de durabilit\u00e9 et de r\u00e9ponse \u00e0 chaque coup.<\/p>\n<p><strong>-Multieva Core<\/strong> : double densit\u00e9 qui adapte la sortie de balle en fonction de l&#8217;intensit\u00e9 du coup.<\/p>\n<p><strong>-Surface rugueuse 3D Grain<\/strong> : optimise les effets et l&#8217;adh\u00e9rence de la balle.<\/p>\n<p><strong>-Toucher interm\u00e9diaire-doux<\/strong> : id\u00e9al pour ceux qui recherchent le confort sans sacrifier la pr\u00e9cision.<\/p>\n<p><strong>Profil -38 mm<\/strong> : mesures professionnelles pour des performances maximales.<\/p>\n<h2>\u00c0 qui est destin\u00e9 le Bullpadel Hack 04 Hybrid 26 ?<\/h2>\n<p>C&#8217;est le choix parfait pour les joueurs exigeants et strat\u00e9giques qui recherchent une raquette de padel aux <strong>performances polyvalentes<\/strong>. Sa conception vous permet de garder le contr\u00f4le lors du jeu d\u00e9fensif et de r\u00e9pondre avec puissance lorsque vient le temps d&#8217;attaquer.<\/p>\n<p>Avec des mat\u00e9riaux de pointe et des technologies exclusives <strong>Bullpadel<\/strong>, cette raquette est synonyme de <strong>fiabilit\u00e9, pr\u00e9cision et adaptabilit\u00e9<\/strong>.<\/p>\n<h2>Ma\u00eetrisez tous les aspects du jeu avec le Hack 04 Hybrid 26 !<\/h2>\n<p>Procurez-vous l&#8217;une des <strong>meilleures raquettes de padel professionnelles<\/strong> du march\u00e9 et faites passer vos performances au niveau sup\u00e9rieur.<\/p>\n<p>Disponible d\u00e8s maintenant dans notre boutique en ligne :<br \/>\n<strong><a href=\"https:\/\/www.revolutionpadelstore.com\/\">www.revolutionpadelstore.com<\/a><\/strong>, <strong>probablement au meilleur prix du march\u00e9 !<\/strong><\/p>\n","protected":false},"excerpt":{"rendered":"<p>Le Bullpadel Hack 04 Hybrid 26 offre un \u00e9quilibre entre puissance et contr\u00f4le gr\u00e2ce \u00e0 sa conception hybride, sa composition Tricarbone 18K et son noyau Multieva.<\/p>\n","protected":false},"featured_media":267764,"comment_status":"open","ping_status":"closed","template":"","meta":{"_acf_changed":false,"_joinchat":[]},"acabado":[1092],"balance":[1147,1142],"dureza":[1152,1157],"forma":[1172],"jugador":[],"marca":[1257],"nivel-de-juego":[1337,1347],"superficie":[1362],"tipo-de-juego":[1387],"product_brand":[],"product_cat":[302],"product_tag":[],"class_list":{"0":"post-267740","1":"product","2":"type-product","3":"status-publish","4":"has-post-thumbnail","6":"acabado-soulager-la-3d","7":"balance-faible","8":"balance-moyen","9":"dureza-blanda-fr","10":"dureza-media-fr","11":"forma-diamant","12":"marca-bullpadel-fr","13":"superficie-rugosa-fr","14":"tipo-de-juego-polivalente-fr","15":"product_cat-palas-de-padel-fr","17":"first","18":"instock","19":"sale","20":"taxable","21":"shipping-taxable","22":"purchasable","23":"product-type-simple"},"acf":[],"yoast_head":"<!-- This site is optimized with the Yoast SEO plugin v27.4 - https:\/\/yoast.com\/product\/yoast-seo-wordpress\/ -->\n<title>BULLPADEL HACK 04 HYBRID 26 - Revolution Padel Store<\/title>\n<meta name=\"description\" content=\"Descubre la Bullpadel Hack 04 Hybrid 26, una pala profesional con potencia y control para jugadores avanzados. Compra online al mejor precio en Revolution Padel Store.\" \/>\n<meta name=\"robots\" content=\"index, follow, max-snippet:-1, max-image-preview:large, max-video-preview:-1\" \/>\n<link rel=\"canonical\" href=\"https:\/\/revolutionpadelstore.com\/fr\/produit\/bullpadel-hack-04-hybrid-26-3\/\" \/>\n<meta property=\"og:locale\" content=\"fr_FR\" \/>\n<meta property=\"og:type\" content=\"article\" \/>\n<meta property=\"og:title\" content=\"BULLPADEL HACK 04 HYBRID 26 - Revolution Padel Store\" \/>\n<meta property=\"og:description\" content=\"Descubre la Bullpadel Hack 04 Hybrid 26, una pala profesional con potencia y control para jugadores avanzados. Compra online al mejor precio en Revolution Padel Store.\" \/>\n<meta property=\"og:url\" content=\"https:\/\/revolutionpadelstore.com\/fr\/produit\/bullpadel-hack-04-hybrid-26-3\/\" \/>\n<meta property=\"og:site_name\" content=\"Revolution Padel Store\" \/>\n<meta property=\"article:modified_time\" content=\"2026-04-08T02:28:24+00:00\" \/>\n<meta property=\"og:image\" content=\"https:\/\/revolutionpadelstore.com\/wp-content\/uploads\/2025\/08\/120894-pala-bullpadel-hack-04-hybrid-26-494393-1200x1200-1.webp\" \/>\n\t<meta property=\"og:image:width\" content=\"1200\" \/>\n\t<meta property=\"og:image:height\" content=\"1200\" \/>\n\t<meta property=\"og:image:type\" content=\"image\/webp\" \/>\n<meta name=\"twitter:card\" content=\"summary_large_image\" \/>\n<meta name=\"twitter:label1\" content=\"Dur\u00e9e de lecture estim\u00e9e\" \/>\n\t<meta name=\"twitter:data1\" content=\"2 minutes\" \/>\n<script type=\"application\/ld+json\" class=\"yoast-schema-graph\">{\"@context\":\"https:\\\/\\\/schema.org\",\"@graph\":[{\"@type\":\"WebPage\",\"@id\":\"https:\\\/\\\/revolutionpadelstore.com\\\/fr\\\/produit\\\/bullpadel-hack-04-hybrid-26-3\\\/\",\"url\":\"https:\\\/\\\/revolutionpadelstore.com\\\/fr\\\/produit\\\/bullpadel-hack-04-hybrid-26-3\\\/\",\"name\":\"BULLPADEL HACK 04 HYBRID 26 - Revolution Padel Store\",\"isPartOf\":{\"@id\":\"https:\\\/\\\/revolutionpadelstore.com\\\/fr\\\/#website\"},\"primaryImageOfPage\":{\"@id\":\"https:\\\/\\\/revolutionpadelstore.com\\\/fr\\\/produit\\\/bullpadel-hack-04-hybrid-26-3\\\/#primaryimage\"},\"image\":{\"@id\":\"https:\\\/\\\/revolutionpadelstore.com\\\/fr\\\/produit\\\/bullpadel-hack-04-hybrid-26-3\\\/#primaryimage\"},\"thumbnailUrl\":\"https:\\\/\\\/revolutionpadelstore.com\\\/wp-content\\\/uploads\\\/2025\\\/08\\\/120894-pala-bullpadel-hack-04-hybrid-26-494393-1200x1200-1.webp\",\"datePublished\":\"2025-08-23T08:11:56+00:00\",\"dateModified\":\"2026-04-08T02:28:24+00:00\",\"description\":\"Descubre la Bullpadel Hack 04 Hybrid 26, una pala profesional con potencia y control para jugadores avanzados. Compra online al mejor precio en Revolution Padel Store.\",\"breadcrumb\":{\"@id\":\"https:\\\/\\\/revolutionpadelstore.com\\\/fr\\\/produit\\\/bullpadel-hack-04-hybrid-26-3\\\/#breadcrumb\"},\"inLanguage\":\"fr-FR\",\"potentialAction\":[{\"@type\":\"ReadAction\",\"target\":[\"https:\\\/\\\/revolutionpadelstore.com\\\/fr\\\/produit\\\/bullpadel-hack-04-hybrid-26-3\\\/\"]}]},{\"@type\":\"ImageObject\",\"inLanguage\":\"fr-FR\",\"@id\":\"https:\\\/\\\/revolutionpadelstore.com\\\/fr\\\/produit\\\/bullpadel-hack-04-hybrid-26-3\\\/#primaryimage\",\"url\":\"https:\\\/\\\/revolutionpadelstore.com\\\/wp-content\\\/uploads\\\/2025\\\/08\\\/120894-pala-bullpadel-hack-04-hybrid-26-494393-1200x1200-1.webp\",\"contentUrl\":\"https:\\\/\\\/revolutionpadelstore.com\\\/wp-content\\\/uploads\\\/2025\\\/08\\\/120894-pala-bullpadel-hack-04-hybrid-26-494393-1200x1200-1.webp\",\"width\":1200,\"height\":1200},{\"@type\":\"BreadcrumbList\",\"@id\":\"https:\\\/\\\/revolutionpadelstore.com\\\/fr\\\/produit\\\/bullpadel-hack-04-hybrid-26-3\\\/#breadcrumb\",\"itemListElement\":[{\"@type\":\"ListItem\",\"position\":1,\"name\":\"Portada\",\"item\":\"https:\\\/\\\/revolutionpadelstore.com\\\/fr\\\/\"},{\"@type\":\"ListItem\",\"position\":2,\"name\":\"Boutique\",\"item\":\"https:\\\/\\\/revolutionpadelstore.com\\\/fr\\\/tienda\\\/\"},{\"@type\":\"ListItem\",\"position\":3,\"name\":\"BULLPADEL HACK 04 HYBRID 26\"}]},{\"@type\":\"WebSite\",\"@id\":\"https:\\\/\\\/revolutionpadelstore.com\\\/fr\\\/#website\",\"url\":\"https:\\\/\\\/revolutionpadelstore.com\\\/fr\\\/\",\"name\":\"Revolution Padel Store\",\"description\":\"\",\"publisher\":{\"@id\":\"https:\\\/\\\/revolutionpadelstore.com\\\/fr\\\/#organization\"},\"potentialAction\":[{\"@type\":\"SearchAction\",\"target\":{\"@type\":\"EntryPoint\",\"urlTemplate\":\"https:\\\/\\\/revolutionpadelstore.com\\\/fr\\\/?s={search_term_string}\"},\"query-input\":{\"@type\":\"PropertyValueSpecification\",\"valueRequired\":true,\"valueName\":\"search_term_string\"}}],\"inLanguage\":\"fr-FR\"},{\"@type\":\"Organization\",\"@id\":\"https:\\\/\\\/revolutionpadelstore.com\\\/fr\\\/#organization\",\"name\":\"Revolution Padel Store\",\"url\":\"https:\\\/\\\/revolutionpadelstore.com\\\/fr\\\/\",\"logo\":{\"@type\":\"ImageObject\",\"inLanguage\":\"fr-FR\",\"@id\":\"https:\\\/\\\/revolutionpadelstore.com\\\/fr\\\/#\\\/schema\\\/logo\\\/image\\\/\",\"url\":\"https:\\\/\\\/revolutionpadelstore.com\\\/wp-content\\\/uploads\\\/2026\\\/02\\\/revolution-padel-store.jpg\",\"contentUrl\":\"https:\\\/\\\/revolutionpadelstore.com\\\/wp-content\\\/uploads\\\/2026\\\/02\\\/revolution-padel-store.jpg\",\"width\":2000,\"height\":2000,\"caption\":\"Revolution Padel Store\"},\"image\":{\"@id\":\"https:\\\/\\\/revolutionpadelstore.com\\\/fr\\\/#\\\/schema\\\/logo\\\/image\\\/\"},\"sameAs\":[\"https:\\\/\\\/www.instagram.com\\\/revolutionpadelstore\\\/\"]}]}<\/script>\n<!-- \/ Yoast SEO plugin. -->","yoast_head_json":{"title":"BULLPADEL HACK 04 HYBRID 26 - Revolution Padel Store","description":"Descubre la Bullpadel Hack 04 Hybrid 26, una pala profesional con potencia y control para jugadores avanzados. Compra online al mejor precio en Revolution Padel Store.","robots":{"index":"index","follow":"follow","max-snippet":"max-snippet:-1","max-image-preview":"max-image-preview:large","max-video-preview":"max-video-preview:-1"},"canonical":"https:\/\/revolutionpadelstore.com\/fr\/produit\/bullpadel-hack-04-hybrid-26-3\/","og_locale":"fr_FR","og_type":"article","og_title":"BULLPADEL HACK 04 HYBRID 26 - Revolution Padel Store","og_description":"Descubre la Bullpadel Hack 04 Hybrid 26, una pala profesional con potencia y control para jugadores avanzados. Compra online al mejor precio en Revolution Padel Store.","og_url":"https:\/\/revolutionpadelstore.com\/fr\/produit\/bullpadel-hack-04-hybrid-26-3\/","og_site_name":"Revolution Padel Store","article_modified_time":"2026-04-08T02:28:24+00:00","og_image":[{"width":1200,"height":1200,"url":"https:\/\/revolutionpadelstore.com\/wp-content\/uploads\/2025\/08\/120894-pala-bullpadel-hack-04-hybrid-26-494393-1200x1200-1.webp","type":"image\/webp"}],"twitter_card":"summary_large_image","twitter_misc":{"Dur\u00e9e de lecture estim\u00e9e":"2 minutes"},"schema":{"@context":"https:\/\/schema.org","@graph":[{"@type":"WebPage","@id":"https:\/\/revolutionpadelstore.com\/fr\/produit\/bullpadel-hack-04-hybrid-26-3\/","url":"https:\/\/revolutionpadelstore.com\/fr\/produit\/bullpadel-hack-04-hybrid-26-3\/","name":"BULLPADEL HACK 04 HYBRID 26 - Revolution Padel Store","isPartOf":{"@id":"https:\/\/revolutionpadelstore.com\/fr\/#website"},"primaryImageOfPage":{"@id":"https:\/\/revolutionpadelstore.com\/fr\/produit\/bullpadel-hack-04-hybrid-26-3\/#primaryimage"},"image":{"@id":"https:\/\/revolutionpadelstore.com\/fr\/produit\/bullpadel-hack-04-hybrid-26-3\/#primaryimage"},"thumbnailUrl":"https:\/\/revolutionpadelstore.com\/wp-content\/uploads\/2025\/08\/120894-pala-bullpadel-hack-04-hybrid-26-494393-1200x1200-1.webp","datePublished":"2025-08-23T08:11:56+00:00","dateModified":"2026-04-08T02:28:24+00:00","description":"Descubre la Bullpadel Hack 04 Hybrid 26, una pala profesional con potencia y control para jugadores avanzados. Compra online al mejor precio en Revolution Padel Store.","breadcrumb":{"@id":"https:\/\/revolutionpadelstore.com\/fr\/produit\/bullpadel-hack-04-hybrid-26-3\/#breadcrumb"},"inLanguage":"fr-FR","potentialAction":[{"@type":"ReadAction","target":["https:\/\/revolutionpadelstore.com\/fr\/produit\/bullpadel-hack-04-hybrid-26-3\/"]}]},{"@type":"ImageObject","inLanguage":"fr-FR","@id":"https:\/\/revolutionpadelstore.com\/fr\/produit\/bullpadel-hack-04-hybrid-26-3\/#primaryimage","url":"https:\/\/revolutionpadelstore.com\/wp-content\/uploads\/2025\/08\/120894-pala-bullpadel-hack-04-hybrid-26-494393-1200x1200-1.webp","contentUrl":"https:\/\/revolutionpadelstore.com\/wp-content\/uploads\/2025\/08\/120894-pala-bullpadel-hack-04-hybrid-26-494393-1200x1200-1.webp","width":1200,"height":1200},{"@type":"BreadcrumbList","@id":"https:\/\/revolutionpadelstore.com\/fr\/produit\/bullpadel-hack-04-hybrid-26-3\/#breadcrumb","itemListElement":[{"@type":"ListItem","position":1,"name":"Portada","item":"https:\/\/revolutionpadelstore.com\/fr\/"},{"@type":"ListItem","position":2,"name":"Boutique","item":"https:\/\/revolutionpadelstore.com\/fr\/tienda\/"},{"@type":"ListItem","position":3,"name":"BULLPADEL HACK 04 HYBRID 26"}]},{"@type":"WebSite","@id":"https:\/\/revolutionpadelstore.com\/fr\/#website","url":"https:\/\/revolutionpadelstore.com\/fr\/","name":"Revolution Padel Store","description":"","publisher":{"@id":"https:\/\/revolutionpadelstore.com\/fr\/#organization"},"potentialAction":[{"@type":"SearchAction","target":{"@type":"EntryPoint","urlTemplate":"https:\/\/revolutionpadelstore.com\/fr\/?s={search_term_string}"},"query-input":{"@type":"PropertyValueSpecification","valueRequired":true,"valueName":"search_term_string"}}],"inLanguage":"fr-FR"},{"@type":"Organization","@id":"https:\/\/revolutionpadelstore.com\/fr\/#organization","name":"Revolution Padel Store","url":"https:\/\/revolutionpadelstore.com\/fr\/","logo":{"@type":"ImageObject","inLanguage":"fr-FR","@id":"https:\/\/revolutionpadelstore.com\/fr\/#\/schema\/logo\/image\/","url":"https:\/\/revolutionpadelstore.com\/wp-content\/uploads\/2026\/02\/revolution-padel-store.jpg","contentUrl":"https:\/\/revolutionpadelstore.com\/wp-content\/uploads\/2026\/02\/revolution-padel-store.jpg","width":2000,"height":2000,"caption":"Revolution Padel Store"},"image":{"@id":"https:\/\/revolutionpadelstore.com\/fr\/#\/schema\/logo\/image\/"},"sameAs":["https:\/\/www.instagram.com\/revolutionpadelstore\/"]}]}},"_links":{"self":[{"href":"https:\/\/revolutionpadelstore.com\/fr\/wp-json\/wp\/v2\/product\/267740","targetHints":{"allow":["GET"]}}],"collection":[{"href":"https:\/\/revolutionpadelstore.com\/fr\/wp-json\/wp\/v2\/product"}],"about":[{"href":"https:\/\/revolutionpadelstore.com\/fr\/wp-json\/wp\/v2\/types\/product"}],"replies":[{"embeddable":true,"href":"https:\/\/revolutionpadelstore.com\/fr\/wp-json\/wp\/v2\/comments?post=267740"}],"wp:featuredmedia":[{"embeddable":true,"href":"https:\/\/revolutionpadelstore.com\/fr\/wp-json\/wp\/v2\/media\/267764"}],"wp:attachment":[{"href":"https:\/\/revolutionpadelstore.com\/fr\/wp-json\/wp\/v2\/media?parent=267740"}],"wp:term":[{"taxonomy":"acabado","embeddable":true,"href":"https:\/\/revolutionpadelstore.com\/fr\/wp-json\/wp\/v2\/acabado?post=267740"},{"taxonomy":"balance","embeddable":true,"href":"https:\/\/revolutionpadelstore.com\/fr\/wp-json\/wp\/v2\/balance?post=267740"},{"taxonomy":"dureza","embeddable":true,"href":"https:\/\/revolutionpadelstore.com\/fr\/wp-json\/wp\/v2\/dureza?post=267740"},{"taxonomy":"forma","embeddable":true,"href":"https:\/\/revolutionpadelstore.com\/fr\/wp-json\/wp\/v2\/forma?post=267740"},{"taxonomy":"jugador","embeddable":true,"href":"https:\/\/revolutionpadelstore.com\/fr\/wp-json\/wp\/v2\/jugador?post=267740"},{"taxonomy":"marca","embeddable":true,"href":"https:\/\/revolutionpadelstore.com\/fr\/wp-json\/wp\/v2\/marca?post=267740"},{"taxonomy":"nivel-de-juego","embeddable":true,"href":"https:\/\/revolutionpadelstore.com\/fr\/wp-json\/wp\/v2\/nivel-de-juego?post=267740"},{"taxonomy":"superficie","embeddable":true,"href":"https:\/\/revolutionpadelstore.com\/fr\/wp-json\/wp\/v2\/superficie?post=267740"},{"taxonomy":"tipo-de-juego","embeddable":true,"href":"https:\/\/revolutionpadelstore.com\/fr\/wp-json\/wp\/v2\/tipo-de-juego?post=267740"},{"taxonomy":"product_brand","embeddable":true,"href":"https:\/\/revolutionpadelstore.com\/fr\/wp-json\/wp\/v2\/product_brand?post=267740"},{"taxonomy":"product_cat","embeddable":true,"href":"https:\/\/revolutionpadelstore.com\/fr\/wp-json\/wp\/v2\/product_cat?post=267740"},{"taxonomy":"product_tag","embeddable":true,"href":"https:\/\/revolutionpadelstore.com\/fr\/wp-json\/wp\/v2\/product_tag?post=267740"}],"curies":[{"name":"wp","href":"https:\/\/api.w.org\/{rel}","templated":true}]}}