{"id":267628,"date":"2025-08-23T09:41:21","date_gmt":"2025-08-23T07:41:21","guid":{"rendered":"https:\/\/revolutionpadelstore.com\/bullpadel-hack-04-26\/"},"modified":"2026-04-20T02:01:43","modified_gmt":"2026-04-20T00:01:43","slug":"bullpadel-hack-04-26-3","status":"publish","type":"product","link":"https:\/\/revolutionpadelstore.com\/fr\/produit\/bullpadel-hack-04-26-3\/","title":{"rendered":"BULLPADEL HACK 04 26"},"content":{"rendered":"<h2>Bullpadel Hack 04 26 \u2013 Puissance dynamique pour dominer le terrain<\/h2>\n<p><strong>Le Bullpadel Hack 04 26<\/strong> marque un avant et un apr\u00e8s dans le monde du padel professionnel. Con\u00e7ue pour les joueurs offensifs qui exigent des performances maximales, cette raquette repr\u00e9sente le r\u00e9sultat de plus de 10 ans d&#8217;innovation au sein de la gamme Hack. Pr\u00e9parez-vous \u00e0 lib\u00e9rer une puissance sans pr\u00e9c\u00e9dent \u00e0 chaque coup !<\/p>\n<h2>Nouvelle g\u00e9n\u00e9ration : puissance dynamique<\/h2>\n<p>La grande r\u00e9volution de cette raquette est le concept de <strong>puissance dynamique<\/strong>, une technologie qui non seulement profite de la force brute du joueur, mais transforme \u00e9galement l&#8217;<strong>\u00e9nergie cin\u00e9tique du mouvement en frappes plus puissantes et pr\u00e9cises<\/strong>. Il ne s\u2019agit plus seulement de frapper fort, mais de frapper intelligemment et efficacement.<\/p>\n<p>Du fond du terrain au tir le plus agressif au filet, le <strong>Hack 04 26<\/strong> transforme la vitesse de swing en impact d\u00e9vastateur. Id\u00e9al pour ceux qui cherchent \u00e0 ma\u00eetriser chaque point avec autorit\u00e9.<\/p>\n<h2>Sp\u00e9cifications techniques du Bullpadel Hack 04 26<\/h2>\n<p><strong>-Poids<\/strong> : 365 &#8211; 375 g \u2013 \u00c9quilibre parfait entre contr\u00f4le et puissance.<\/p>\n<p><strong>-Profil<\/strong> : 38 mm \u2013 Standard dans les raquettes de comp\u00e9tition.<\/p>\n<p><strong>-Form<\/strong> : Diamant \u2013 Pour maximiser la puissance des coups offensifs.<\/p>\n<p><strong>-\u00c9quilibre<\/strong> : \u2248 26 \u2013 \u00c9lev\u00e9, id\u00e9al pour le jeu a\u00e9rien et la finition.<\/p>\n<p><strong>-Faces<\/strong> : Carbone <strong>Tricarbon 18K<\/strong> \u2013 Plus de rigidit\u00e9 et de durabilit\u00e9.<\/p>\n<p><strong>-Noyau interne<\/strong> : <strong>MultiEva<\/strong> \u2013 Double densit\u00e9 pour adapter la frappe \u00e0 l&#8217;intensit\u00e9 du jeu.<\/p>\n<p><strong>-Surface rugueuse 3D Grain<\/strong> \u2013 Am\u00e9liore la rotation sur les coups lift\u00e9s.<\/p>\n<p><strong>-Touch<\/strong> : Moyen-dur \u2013 R\u00e9ponse ferme, id\u00e9al pour les joueurs professionnels.<\/p>\n<h2>A qui est destin\u00e9e cette pelle ?<\/h2>\n<p>Cette raquette est con\u00e7ue pour le <strong>joueur professionnel au profil offensif<\/strong> qui recherche un maximum de puissance sans sacrifier le contr\u00f4le. Si votre style de jeu est agressif et que votre objectif est de dominer le match d\u00e8s le premier point, le <strong>Bullpadel Hack 04 26<\/strong> est votre alli\u00e9 id\u00e9al.<\/p>\n<p>Sa construction avec des mat\u00e9riaux haut de gamme et l&#8217;incorporation de technologies avanc\u00e9es telles que le carbone Tricarbon 18K et le noyau MultiEva en font une raquette <strong>explosive, pr\u00e9cise et mortelle<\/strong>.<\/p>\n<h2>Pourquoi choisir le Bullpadel Hack 04 26 ?<\/h2>\n<p>-Puissance in\u00e9gal\u00e9e avec pr\u00e9cision chirurgicale<\/p>\n<p>&#8211; Mat\u00e9riaux Elite pour une raquette durable et r\u00e9sistante<\/p>\n<p>&#8211; Technologie de puissance dynamique innovante<\/p>\n<p>-Id\u00e9al pour les professionnels qui exigent des performances au plus haut niveau<\/p>\n<p>-Disponible dans notre magasin avec livraison rapide et garantie<\/p>\n<p><strong>Profitez de cette \u00e9volution de puissance et faites passer votre jeu au niveau sup\u00e9rieur !<\/strong><\/p>\n<p>Vous pouvez d\u00e9sormais acheter le <strong>Bullpadel Hack 04 26<\/strong> dans notre boutique en ligne <a href=\"https:\/\/www.revolutionpadelstore.com\/\">www.revolutionpadelstore.com<\/a>, probablement au meilleur prix du march\u00e9.<\/p>\n<h2>Bullpadel Hack 04 26 \u2013 Potencia din\u00e1mica para dominar la pista<\/h2>\n","protected":false},"excerpt":{"rendered":"<p>La Bullpadel Hack 04 26 arrive pour r\u00e9volutionner votre jeu : une raquette professionnelle qui transforme votre vitesse en puissance pure, avec des impacts explosifs et pr\u00e9cis.<\/p>\n","protected":false},"featured_media":267639,"comment_status":"open","ping_status":"closed","template":"","meta":{"_acf_changed":false,"_joinchat":[]},"acabado":[1092],"balance":[1137,1142],"dureza":[1162,1157],"forma":[1172],"jugador":[1192],"marca":[1257],"nivel-de-juego":[1337,1347],"superficie":[1362],"tipo-de-juego":[1377],"product_brand":[],"product_cat":[302],"product_tag":[],"class_list":{"0":"post-267628","1":"product","2":"type-product","3":"status-publish","4":"has-post-thumbnail","6":"acabado-soulager-la-3d","7":"balance-eleve","8":"balance-moyen","9":"dureza-dure","10":"dureza-media-fr","11":"forma-diamant","12":"jugador-homme","13":"marca-bullpadel-fr","14":"superficie-rugosa-fr","15":"tipo-de-juego-puissance","16":"product_cat-palas-de-padel-fr","18":"first","19":"instock","20":"sale","21":"taxable","22":"shipping-taxable","23":"purchasable","24":"product-type-simple"},"acf":[],"yoast_head":"<!-- This site is optimized with the Yoast SEO plugin v27.4 - https:\/\/yoast.com\/product\/yoast-seo-wordpress\/ -->\n<title>BULLPADEL HACK 04 26 - Revolution Padel Store<\/title>\n<meta name=\"description\" content=\"Descubre la Bullpadel Hack 04 26, una pala profesional con potencia din\u00e1mica, carbono Tricarbon 18K y n\u00facleo MultiEva. \u00a1Disponible en Revolution Padel Store al mejor precio!\" \/>\n<meta name=\"robots\" content=\"index, follow, max-snippet:-1, max-image-preview:large, max-video-preview:-1\" \/>\n<link rel=\"canonical\" href=\"https:\/\/revolutionpadelstore.com\/fr\/produit\/bullpadel-hack-04-26-3\/\" \/>\n<meta property=\"og:locale\" content=\"fr_FR\" \/>\n<meta property=\"og:type\" content=\"article\" \/>\n<meta property=\"og:title\" content=\"BULLPADEL HACK 04 26 - Revolution Padel Store\" \/>\n<meta property=\"og:description\" content=\"Descubre la Bullpadel Hack 04 26, una pala profesional con potencia din\u00e1mica, carbono Tricarbon 18K y n\u00facleo MultiEva. \u00a1Disponible en Revolution Padel Store al mejor precio!\" \/>\n<meta property=\"og:url\" content=\"https:\/\/revolutionpadelstore.com\/fr\/produit\/bullpadel-hack-04-26-3\/\" \/>\n<meta property=\"og:site_name\" content=\"Revolution Padel Store\" \/>\n<meta property=\"article:modified_time\" content=\"2026-04-20T00:01:43+00:00\" \/>\n<meta property=\"og:image\" content=\"https:\/\/revolutionpadelstore.com\/wp-content\/uploads\/2025\/08\/120892-pala-bullpadel-hack-04-26-494392-1200x1200-1.webp\" \/>\n\t<meta property=\"og:image:width\" content=\"1200\" \/>\n\t<meta property=\"og:image:height\" content=\"1200\" \/>\n\t<meta property=\"og:image:type\" content=\"image\/webp\" \/>\n<meta name=\"twitter:card\" content=\"summary_large_image\" \/>\n<meta name=\"twitter:label1\" content=\"Dur\u00e9e de lecture estim\u00e9e\" \/>\n\t<meta name=\"twitter:data1\" content=\"2 minutes\" \/>\n<script type=\"application\/ld+json\" class=\"yoast-schema-graph\">{\"@context\":\"https:\\\/\\\/schema.org\",\"@graph\":[{\"@type\":\"WebPage\",\"@id\":\"https:\\\/\\\/revolutionpadelstore.com\\\/fr\\\/produit\\\/bullpadel-hack-04-26-3\\\/\",\"url\":\"https:\\\/\\\/revolutionpadelstore.com\\\/fr\\\/produit\\\/bullpadel-hack-04-26-3\\\/\",\"name\":\"BULLPADEL HACK 04 26 - Revolution Padel Store\",\"isPartOf\":{\"@id\":\"https:\\\/\\\/revolutionpadelstore.com\\\/fr\\\/#website\"},\"primaryImageOfPage\":{\"@id\":\"https:\\\/\\\/revolutionpadelstore.com\\\/fr\\\/produit\\\/bullpadel-hack-04-26-3\\\/#primaryimage\"},\"image\":{\"@id\":\"https:\\\/\\\/revolutionpadelstore.com\\\/fr\\\/produit\\\/bullpadel-hack-04-26-3\\\/#primaryimage\"},\"thumbnailUrl\":\"https:\\\/\\\/revolutionpadelstore.com\\\/wp-content\\\/uploads\\\/2025\\\/08\\\/120892-pala-bullpadel-hack-04-26-494392-1200x1200-1.webp\",\"datePublished\":\"2025-08-23T07:41:21+00:00\",\"dateModified\":\"2026-04-20T00:01:43+00:00\",\"description\":\"Descubre la Bullpadel Hack 04 26, una pala profesional con potencia din\u00e1mica, carbono Tricarbon 18K y n\u00facleo MultiEva. \u00a1Disponible en Revolution Padel Store al mejor precio!\",\"breadcrumb\":{\"@id\":\"https:\\\/\\\/revolutionpadelstore.com\\\/fr\\\/produit\\\/bullpadel-hack-04-26-3\\\/#breadcrumb\"},\"inLanguage\":\"fr-FR\",\"potentialAction\":[{\"@type\":\"ReadAction\",\"target\":[\"https:\\\/\\\/revolutionpadelstore.com\\\/fr\\\/produit\\\/bullpadel-hack-04-26-3\\\/\"]}]},{\"@type\":\"ImageObject\",\"inLanguage\":\"fr-FR\",\"@id\":\"https:\\\/\\\/revolutionpadelstore.com\\\/fr\\\/produit\\\/bullpadel-hack-04-26-3\\\/#primaryimage\",\"url\":\"https:\\\/\\\/revolutionpadelstore.com\\\/wp-content\\\/uploads\\\/2025\\\/08\\\/120892-pala-bullpadel-hack-04-26-494392-1200x1200-1.webp\",\"contentUrl\":\"https:\\\/\\\/revolutionpadelstore.com\\\/wp-content\\\/uploads\\\/2025\\\/08\\\/120892-pala-bullpadel-hack-04-26-494392-1200x1200-1.webp\",\"width\":1200,\"height\":1200},{\"@type\":\"BreadcrumbList\",\"@id\":\"https:\\\/\\\/revolutionpadelstore.com\\\/fr\\\/produit\\\/bullpadel-hack-04-26-3\\\/#breadcrumb\",\"itemListElement\":[{\"@type\":\"ListItem\",\"position\":1,\"name\":\"Portada\",\"item\":\"https:\\\/\\\/revolutionpadelstore.com\\\/fr\\\/\"},{\"@type\":\"ListItem\",\"position\":2,\"name\":\"Boutique\",\"item\":\"https:\\\/\\\/revolutionpadelstore.com\\\/fr\\\/tienda\\\/\"},{\"@type\":\"ListItem\",\"position\":3,\"name\":\"BULLPADEL HACK 04 26\"}]},{\"@type\":\"WebSite\",\"@id\":\"https:\\\/\\\/revolutionpadelstore.com\\\/fr\\\/#website\",\"url\":\"https:\\\/\\\/revolutionpadelstore.com\\\/fr\\\/\",\"name\":\"Revolution Padel Store\",\"description\":\"\",\"publisher\":{\"@id\":\"https:\\\/\\\/revolutionpadelstore.com\\\/fr\\\/#organization\"},\"potentialAction\":[{\"@type\":\"SearchAction\",\"target\":{\"@type\":\"EntryPoint\",\"urlTemplate\":\"https:\\\/\\\/revolutionpadelstore.com\\\/fr\\\/?s={search_term_string}\"},\"query-input\":{\"@type\":\"PropertyValueSpecification\",\"valueRequired\":true,\"valueName\":\"search_term_string\"}}],\"inLanguage\":\"fr-FR\"},{\"@type\":\"Organization\",\"@id\":\"https:\\\/\\\/revolutionpadelstore.com\\\/fr\\\/#organization\",\"name\":\"Revolution Padel Store\",\"url\":\"https:\\\/\\\/revolutionpadelstore.com\\\/fr\\\/\",\"logo\":{\"@type\":\"ImageObject\",\"inLanguage\":\"fr-FR\",\"@id\":\"https:\\\/\\\/revolutionpadelstore.com\\\/fr\\\/#\\\/schema\\\/logo\\\/image\\\/\",\"url\":\"https:\\\/\\\/revolutionpadelstore.com\\\/wp-content\\\/uploads\\\/2026\\\/02\\\/revolution-padel-store.jpg\",\"contentUrl\":\"https:\\\/\\\/revolutionpadelstore.com\\\/wp-content\\\/uploads\\\/2026\\\/02\\\/revolution-padel-store.jpg\",\"width\":2000,\"height\":2000,\"caption\":\"Revolution Padel Store\"},\"image\":{\"@id\":\"https:\\\/\\\/revolutionpadelstore.com\\\/fr\\\/#\\\/schema\\\/logo\\\/image\\\/\"},\"sameAs\":[\"https:\\\/\\\/www.instagram.com\\\/revolutionpadelstore\\\/\"]}]}<\/script>\n<!-- \/ Yoast SEO plugin. -->","yoast_head_json":{"title":"BULLPADEL HACK 04 26 - Revolution Padel Store","description":"Descubre la Bullpadel Hack 04 26, una pala profesional con potencia din\u00e1mica, carbono Tricarbon 18K y n\u00facleo MultiEva. \u00a1Disponible en Revolution Padel Store al mejor precio!","robots":{"index":"index","follow":"follow","max-snippet":"max-snippet:-1","max-image-preview":"max-image-preview:large","max-video-preview":"max-video-preview:-1"},"canonical":"https:\/\/revolutionpadelstore.com\/fr\/produit\/bullpadel-hack-04-26-3\/","og_locale":"fr_FR","og_type":"article","og_title":"BULLPADEL HACK 04 26 - Revolution Padel Store","og_description":"Descubre la Bullpadel Hack 04 26, una pala profesional con potencia din\u00e1mica, carbono Tricarbon 18K y n\u00facleo MultiEva. \u00a1Disponible en Revolution Padel Store al mejor precio!","og_url":"https:\/\/revolutionpadelstore.com\/fr\/produit\/bullpadel-hack-04-26-3\/","og_site_name":"Revolution Padel Store","article_modified_time":"2026-04-20T00:01:43+00:00","og_image":[{"width":1200,"height":1200,"url":"https:\/\/revolutionpadelstore.com\/wp-content\/uploads\/2025\/08\/120892-pala-bullpadel-hack-04-26-494392-1200x1200-1.webp","type":"image\/webp"}],"twitter_card":"summary_large_image","twitter_misc":{"Dur\u00e9e de lecture estim\u00e9e":"2 minutes"},"schema":{"@context":"https:\/\/schema.org","@graph":[{"@type":"WebPage","@id":"https:\/\/revolutionpadelstore.com\/fr\/produit\/bullpadel-hack-04-26-3\/","url":"https:\/\/revolutionpadelstore.com\/fr\/produit\/bullpadel-hack-04-26-3\/","name":"BULLPADEL HACK 04 26 - Revolution Padel Store","isPartOf":{"@id":"https:\/\/revolutionpadelstore.com\/fr\/#website"},"primaryImageOfPage":{"@id":"https:\/\/revolutionpadelstore.com\/fr\/produit\/bullpadel-hack-04-26-3\/#primaryimage"},"image":{"@id":"https:\/\/revolutionpadelstore.com\/fr\/produit\/bullpadel-hack-04-26-3\/#primaryimage"},"thumbnailUrl":"https:\/\/revolutionpadelstore.com\/wp-content\/uploads\/2025\/08\/120892-pala-bullpadel-hack-04-26-494392-1200x1200-1.webp","datePublished":"2025-08-23T07:41:21+00:00","dateModified":"2026-04-20T00:01:43+00:00","description":"Descubre la Bullpadel Hack 04 26, una pala profesional con potencia din\u00e1mica, carbono Tricarbon 18K y n\u00facleo MultiEva. \u00a1Disponible en Revolution Padel Store al mejor precio!","breadcrumb":{"@id":"https:\/\/revolutionpadelstore.com\/fr\/produit\/bullpadel-hack-04-26-3\/#breadcrumb"},"inLanguage":"fr-FR","potentialAction":[{"@type":"ReadAction","target":["https:\/\/revolutionpadelstore.com\/fr\/produit\/bullpadel-hack-04-26-3\/"]}]},{"@type":"ImageObject","inLanguage":"fr-FR","@id":"https:\/\/revolutionpadelstore.com\/fr\/produit\/bullpadel-hack-04-26-3\/#primaryimage","url":"https:\/\/revolutionpadelstore.com\/wp-content\/uploads\/2025\/08\/120892-pala-bullpadel-hack-04-26-494392-1200x1200-1.webp","contentUrl":"https:\/\/revolutionpadelstore.com\/wp-content\/uploads\/2025\/08\/120892-pala-bullpadel-hack-04-26-494392-1200x1200-1.webp","width":1200,"height":1200},{"@type":"BreadcrumbList","@id":"https:\/\/revolutionpadelstore.com\/fr\/produit\/bullpadel-hack-04-26-3\/#breadcrumb","itemListElement":[{"@type":"ListItem","position":1,"name":"Portada","item":"https:\/\/revolutionpadelstore.com\/fr\/"},{"@type":"ListItem","position":2,"name":"Boutique","item":"https:\/\/revolutionpadelstore.com\/fr\/tienda\/"},{"@type":"ListItem","position":3,"name":"BULLPADEL HACK 04 26"}]},{"@type":"WebSite","@id":"https:\/\/revolutionpadelstore.com\/fr\/#website","url":"https:\/\/revolutionpadelstore.com\/fr\/","name":"Revolution Padel Store","description":"","publisher":{"@id":"https:\/\/revolutionpadelstore.com\/fr\/#organization"},"potentialAction":[{"@type":"SearchAction","target":{"@type":"EntryPoint","urlTemplate":"https:\/\/revolutionpadelstore.com\/fr\/?s={search_term_string}"},"query-input":{"@type":"PropertyValueSpecification","valueRequired":true,"valueName":"search_term_string"}}],"inLanguage":"fr-FR"},{"@type":"Organization","@id":"https:\/\/revolutionpadelstore.com\/fr\/#organization","name":"Revolution Padel Store","url":"https:\/\/revolutionpadelstore.com\/fr\/","logo":{"@type":"ImageObject","inLanguage":"fr-FR","@id":"https:\/\/revolutionpadelstore.com\/fr\/#\/schema\/logo\/image\/","url":"https:\/\/revolutionpadelstore.com\/wp-content\/uploads\/2026\/02\/revolution-padel-store.jpg","contentUrl":"https:\/\/revolutionpadelstore.com\/wp-content\/uploads\/2026\/02\/revolution-padel-store.jpg","width":2000,"height":2000,"caption":"Revolution Padel Store"},"image":{"@id":"https:\/\/revolutionpadelstore.com\/fr\/#\/schema\/logo\/image\/"},"sameAs":["https:\/\/www.instagram.com\/revolutionpadelstore\/"]}]}},"_links":{"self":[{"href":"https:\/\/revolutionpadelstore.com\/fr\/wp-json\/wp\/v2\/product\/267628","targetHints":{"allow":["GET"]}}],"collection":[{"href":"https:\/\/revolutionpadelstore.com\/fr\/wp-json\/wp\/v2\/product"}],"about":[{"href":"https:\/\/revolutionpadelstore.com\/fr\/wp-json\/wp\/v2\/types\/product"}],"replies":[{"embeddable":true,"href":"https:\/\/revolutionpadelstore.com\/fr\/wp-json\/wp\/v2\/comments?post=267628"}],"wp:featuredmedia":[{"embeddable":true,"href":"https:\/\/revolutionpadelstore.com\/fr\/wp-json\/wp\/v2\/media\/267639"}],"wp:attachment":[{"href":"https:\/\/revolutionpadelstore.com\/fr\/wp-json\/wp\/v2\/media?parent=267628"}],"wp:term":[{"taxonomy":"acabado","embeddable":true,"href":"https:\/\/revolutionpadelstore.com\/fr\/wp-json\/wp\/v2\/acabado?post=267628"},{"taxonomy":"balance","embeddable":true,"href":"https:\/\/revolutionpadelstore.com\/fr\/wp-json\/wp\/v2\/balance?post=267628"},{"taxonomy":"dureza","embeddable":true,"href":"https:\/\/revolutionpadelstore.com\/fr\/wp-json\/wp\/v2\/dureza?post=267628"},{"taxonomy":"forma","embeddable":true,"href":"https:\/\/revolutionpadelstore.com\/fr\/wp-json\/wp\/v2\/forma?post=267628"},{"taxonomy":"jugador","embeddable":true,"href":"https:\/\/revolutionpadelstore.com\/fr\/wp-json\/wp\/v2\/jugador?post=267628"},{"taxonomy":"marca","embeddable":true,"href":"https:\/\/revolutionpadelstore.com\/fr\/wp-json\/wp\/v2\/marca?post=267628"},{"taxonomy":"nivel-de-juego","embeddable":true,"href":"https:\/\/revolutionpadelstore.com\/fr\/wp-json\/wp\/v2\/nivel-de-juego?post=267628"},{"taxonomy":"superficie","embeddable":true,"href":"https:\/\/revolutionpadelstore.com\/fr\/wp-json\/wp\/v2\/superficie?post=267628"},{"taxonomy":"tipo-de-juego","embeddable":true,"href":"https:\/\/revolutionpadelstore.com\/fr\/wp-json\/wp\/v2\/tipo-de-juego?post=267628"},{"taxonomy":"product_brand","embeddable":true,"href":"https:\/\/revolutionpadelstore.com\/fr\/wp-json\/wp\/v2\/product_brand?post=267628"},{"taxonomy":"product_cat","embeddable":true,"href":"https:\/\/revolutionpadelstore.com\/fr\/wp-json\/wp\/v2\/product_cat?post=267628"},{"taxonomy":"product_tag","embeddable":true,"href":"https:\/\/revolutionpadelstore.com\/fr\/wp-json\/wp\/v2\/product_tag?post=267628"}],"curies":[{"name":"wp","href":"https:\/\/api.w.org\/{rel}","templated":true}]}}