{"id":267622,"date":"2025-08-23T10:19:04","date_gmt":"2025-08-23T08:19:04","guid":{"rendered":"https:\/\/revolutionpadelstore.com\/bullpadel-neuron-02\/"},"modified":"2026-04-10T02:01:49","modified_gmt":"2026-04-10T00:01:49","slug":"bullpadel-neuron-02-3","status":"publish","type":"product","link":"https:\/\/revolutionpadelstore.com\/fr\/produit\/bullpadel-neuron-02-3\/","title":{"rendered":"BULLPADEL NEURON 02"},"content":{"rendered":"<h2><strong>Bullpadel Neuron 02 \u2013 Pr\u00e9cision et contr\u00f4le total au bout des doigts<\/strong><\/h2>\n<p>La <strong>Bullpadel Neuron 02<\/strong>, raquette officielle du joueur professionnel <strong>Fede Chingotto<\/strong>, est con\u00e7ue pour red\u00e9finir le jeu de contr\u00f4le avec une touche de puissance mesur\u00e9e. Cette raquette de padel est un choix parfait pour les <strong>joueurs avanc\u00e9s et professionnels<\/strong> qui recherchent une ma\u00eetrise absolue du rythme et de la direction \u00e0 chaque point.<\/p>\n<h2>Technologie neuronale : contr\u00f4le intelligent et puissance \u00e9quilibr\u00e9e<\/h2>\n<p>Le c\u0153ur de cette raquette est sa <strong>nouvelle structure Neuron<\/strong> associ\u00e9e au profil innovant <strong>Edge Crystal<\/strong> \u00e0 multiples facettes, une combinaison qui offre des performances sans pr\u00e9c\u00e9dent sur le circuit professionnel. Il atteint une <strong>stabilit\u00e9 sup\u00e9rieure<\/strong>, une <strong>r\u00e9ponse pr\u00e9cise \u00e0 chaque tir<\/strong> et une excellente sortie de balle sans perte de sensations.<\/p>\n<h2>Principales caract\u00e9ristiques techniques<\/h2>\n<p><strong>-Poids :<\/strong> 365 &#8211; 375 g \u2013 \u00e9quilibre parfait entre maniabilit\u00e9 et solidit\u00e9.<\/p>\n<p><strong>-Profil :<\/strong> 38 mm \u2013 mesure standard dans les raquettes de comp\u00e9tition.<\/p>\n<p><strong>-Forme :<\/strong> Hybride \u2013 m\u00e9lange id\u00e9al de contr\u00f4le et de puissance.<\/p>\n<p><strong>-\u00c9quilibre :<\/strong> Moyen \u2013 polyvalence tactique totale dans chaque jeu.<\/p>\n<p><strong>-Composition ext\u00e9rieure :<\/strong> 3K Real Carbon \u2013 haute r\u00e9sistance et durabilit\u00e9.<\/p>\n<p><strong>-Composition int\u00e9rieure :<\/strong> Noyau MultiEva \u2013 double densit\u00e9 qui s&#8217;adapte \u00e0 l&#8217;intensit\u00e9 du coup.<\/p>\n<p><strong>-Surface :<\/strong> Rough 3D Grain \u2013 maximise les effets et les effets.<\/p>\n<p><strong>-Toucher :<\/strong> Dur \u2013 plus de fermet\u00e9 et de pr\u00e9cision au contact.<\/p>\n<p><strong>-Niveau de joueur :<\/strong> Professionnel \u2013 sp\u00e9cialement con\u00e7u pour les joueurs tactiques et d\u00e9fensifs.<\/p>\n<h2>Id\u00e9al pour les joueurs strat\u00e9giques<\/h2>\n<p>La <strong>Bullpadel Neuron 02<\/strong> est une raquette cr\u00e9\u00e9e pour les strat\u00e8ges, pour ceux qui contr\u00f4lent le timing du match et privil\u00e9gient un positionnement intelligent. Son format hybride et son \u00e9quilibre moyen permettent une adaptation totale aussi bien en d\u00e9fense qu&#8217;en attaques sp\u00e9cifiques avec effet et pr\u00e9cision chirurgicale.<\/p>\n<p>De plus, sa construction en <strong>mat\u00e9riaux haut de gamme<\/strong>, tels que le carbone 3K, et le noyau en caoutchouc MultiEva offrent une exp\u00e9rience de jeu sup\u00e9rieure et une grande durabilit\u00e9 m\u00eame lors d&#8217;entra\u00eenements intenses ou de matchs exigeants.<\/p>\n<h2>Pourquoi choisir le Bullpadel Neuron 02 ?<\/h2>\n<p>-C&#8217;est la raquette officielle de <strong>Fede Chingotto<\/strong>, une garantie de performance professionnelle.<\/p>\n<p>-Offre un <strong>\u00e9quilibre parfait entre contr\u00f4le, effets et puissance<\/strong>.<\/p>\n<p>-Int\u00e8gre des technologies exclusives pour maximiser votre jeu tactique.<\/p>\n<p>-Id\u00e9al pour les joueurs qui souhaitent se d\u00e9marquer lors des tournois ou am\u00e9liorer leur jeu d\u00e9fensif.<\/p>\n<h2>Obtenez-le maintenant !<\/h2>\n<p>Ne manquez pas l&#8217;occasion de faire passer votre jeu au niveau sup\u00e9rieur avec le <strong>Bullpadel Neuron 02<\/strong>. Disponible d\u00e8s maintenant dans notre boutique en ligne <strong><a href=\"https:\/\/www.revolutionpadelstore.com\/\">www.revolutionpadelstore.com<\/a><\/strong>, probablement au <strong>meilleur prix du march\u00e9<\/strong>. Ma\u00eetrisez le terrain comme un pro !<\/p>\n<h2><strong>Bullpadel Neuron 02 \u2013 Precisi\u00f3n y Control Total al Alcance de tu Mano<\/strong><\/p>\n","protected":false},"excerpt":{"rendered":"<p>D\u00e9couvrez la nouvelle Bullpadel Neuron 02, la raquette Chingotto qui \u00e9l\u00e8ve votre jeu avec un contr\u00f4le impeccable, une puissance explosive et un design r\u00e9volutionnaire cr\u00e9\u00e9 pour gagner chaque point.<\/p>\n","protected":false},"featured_media":267575,"comment_status":"open","ping_status":"closed","template":"","meta":{"_acf_changed":false,"_joinchat":[]},"acabado":[1092],"balance":[1142],"dureza":[1157],"forma":[1177],"jugador":[1192],"marca":[1257],"nivel-de-juego":[1337,1347],"superficie":[1362],"tipo-de-juego":[1387],"product_brand":[],"product_cat":[302],"product_tag":[],"class_list":{"0":"post-267622","1":"product","2":"type-product","3":"status-publish","4":"has-post-thumbnail","6":"acabado-soulager-la-3d","7":"balance-moyen","8":"dureza-media-fr","9":"forma-hybride","10":"jugador-homme","11":"marca-bullpadel-fr","12":"superficie-rugosa-fr","13":"tipo-de-juego-polivalente-fr","14":"product_cat-palas-de-padel-fr","16":"first","17":"instock","18":"sale","19":"taxable","20":"shipping-taxable","21":"purchasable","22":"product-type-simple"},"acf":[],"yoast_head":"<!-- This site is optimized with the Yoast SEO plugin v27.4 - https:\/\/yoast.com\/product\/yoast-seo-wordpress\/ -->\n<title>BULLPADEL NEURON 02 - Revolution Padel Store<\/title>\n<meta name=\"description\" content=\"Descubre la Bullpadel Neuron 02, pala oficial de Fede Chingotto. Dise\u00f1ada para jugadores profesionales que buscan control total, estabilidad y precisi\u00f3n. \u00a1C\u00f3mprala en Revolution Padel Store al mejor precio!\" \/>\n<meta name=\"robots\" content=\"index, follow, max-snippet:-1, max-image-preview:large, max-video-preview:-1\" \/>\n<link rel=\"canonical\" href=\"https:\/\/revolutionpadelstore.com\/fr\/produit\/bullpadel-neuron-02-3\/\" \/>\n<meta property=\"og:locale\" content=\"fr_FR\" \/>\n<meta property=\"og:type\" content=\"article\" \/>\n<meta property=\"og:title\" content=\"BULLPADEL NEURON 02 - Revolution Padel Store\" \/>\n<meta property=\"og:description\" content=\"Descubre la Bullpadel Neuron 02, pala oficial de Fede Chingotto. Dise\u00f1ada para jugadores profesionales que buscan control total, estabilidad y precisi\u00f3n. \u00a1C\u00f3mprala en Revolution Padel Store al mejor precio!\" \/>\n<meta property=\"og:url\" content=\"https:\/\/revolutionpadelstore.com\/fr\/produit\/bullpadel-neuron-02-3\/\" \/>\n<meta property=\"og:site_name\" content=\"Revolution Padel Store\" \/>\n<meta property=\"article:modified_time\" content=\"2026-04-10T00:01:49+00:00\" \/>\n<meta property=\"og:image\" content=\"https:\/\/revolutionpadelstore.com\/wp-content\/uploads\/2025\/08\/120907-pala-bullpadel-neuron-02-494402-1200x1200-1.webp\" \/>\n\t<meta property=\"og:image:width\" content=\"1200\" \/>\n\t<meta property=\"og:image:height\" content=\"1200\" \/>\n\t<meta property=\"og:image:type\" content=\"image\/webp\" \/>\n<meta name=\"twitter:card\" content=\"summary_large_image\" \/>\n<meta name=\"twitter:label1\" content=\"Dur\u00e9e de lecture estim\u00e9e\" \/>\n\t<meta name=\"twitter:data1\" content=\"2 minutes\" \/>\n<script type=\"application\/ld+json\" class=\"yoast-schema-graph\">{\"@context\":\"https:\\\/\\\/schema.org\",\"@graph\":[{\"@type\":\"WebPage\",\"@id\":\"https:\\\/\\\/revolutionpadelstore.com\\\/fr\\\/produit\\\/bullpadel-neuron-02-3\\\/\",\"url\":\"https:\\\/\\\/revolutionpadelstore.com\\\/fr\\\/produit\\\/bullpadel-neuron-02-3\\\/\",\"name\":\"BULLPADEL NEURON 02 - Revolution Padel Store\",\"isPartOf\":{\"@id\":\"https:\\\/\\\/revolutionpadelstore.com\\\/fr\\\/#website\"},\"primaryImageOfPage\":{\"@id\":\"https:\\\/\\\/revolutionpadelstore.com\\\/fr\\\/produit\\\/bullpadel-neuron-02-3\\\/#primaryimage\"},\"image\":{\"@id\":\"https:\\\/\\\/revolutionpadelstore.com\\\/fr\\\/produit\\\/bullpadel-neuron-02-3\\\/#primaryimage\"},\"thumbnailUrl\":\"https:\\\/\\\/revolutionpadelstore.com\\\/wp-content\\\/uploads\\\/2025\\\/08\\\/120907-pala-bullpadel-neuron-02-494402-1200x1200-1.webp\",\"datePublished\":\"2025-08-23T08:19:04+00:00\",\"dateModified\":\"2026-04-10T00:01:49+00:00\",\"description\":\"Descubre la Bullpadel Neuron 02, pala oficial de Fede Chingotto. Dise\u00f1ada para jugadores profesionales que buscan control total, estabilidad y precisi\u00f3n. \u00a1C\u00f3mprala en Revolution Padel Store al mejor precio!\",\"breadcrumb\":{\"@id\":\"https:\\\/\\\/revolutionpadelstore.com\\\/fr\\\/produit\\\/bullpadel-neuron-02-3\\\/#breadcrumb\"},\"inLanguage\":\"fr-FR\",\"potentialAction\":[{\"@type\":\"ReadAction\",\"target\":[\"https:\\\/\\\/revolutionpadelstore.com\\\/fr\\\/produit\\\/bullpadel-neuron-02-3\\\/\"]}]},{\"@type\":\"ImageObject\",\"inLanguage\":\"fr-FR\",\"@id\":\"https:\\\/\\\/revolutionpadelstore.com\\\/fr\\\/produit\\\/bullpadel-neuron-02-3\\\/#primaryimage\",\"url\":\"https:\\\/\\\/revolutionpadelstore.com\\\/wp-content\\\/uploads\\\/2025\\\/08\\\/120907-pala-bullpadel-neuron-02-494402-1200x1200-1.webp\",\"contentUrl\":\"https:\\\/\\\/revolutionpadelstore.com\\\/wp-content\\\/uploads\\\/2025\\\/08\\\/120907-pala-bullpadel-neuron-02-494402-1200x1200-1.webp\",\"width\":1200,\"height\":1200},{\"@type\":\"BreadcrumbList\",\"@id\":\"https:\\\/\\\/revolutionpadelstore.com\\\/fr\\\/produit\\\/bullpadel-neuron-02-3\\\/#breadcrumb\",\"itemListElement\":[{\"@type\":\"ListItem\",\"position\":1,\"name\":\"Portada\",\"item\":\"https:\\\/\\\/revolutionpadelstore.com\\\/fr\\\/\"},{\"@type\":\"ListItem\",\"position\":2,\"name\":\"Boutique\",\"item\":\"https:\\\/\\\/revolutionpadelstore.com\\\/fr\\\/tienda\\\/\"},{\"@type\":\"ListItem\",\"position\":3,\"name\":\"BULLPADEL NEURON 02\"}]},{\"@type\":\"WebSite\",\"@id\":\"https:\\\/\\\/revolutionpadelstore.com\\\/fr\\\/#website\",\"url\":\"https:\\\/\\\/revolutionpadelstore.com\\\/fr\\\/\",\"name\":\"Revolution Padel Store\",\"description\":\"\",\"publisher\":{\"@id\":\"https:\\\/\\\/revolutionpadelstore.com\\\/fr\\\/#organization\"},\"potentialAction\":[{\"@type\":\"SearchAction\",\"target\":{\"@type\":\"EntryPoint\",\"urlTemplate\":\"https:\\\/\\\/revolutionpadelstore.com\\\/fr\\\/?s={search_term_string}\"},\"query-input\":{\"@type\":\"PropertyValueSpecification\",\"valueRequired\":true,\"valueName\":\"search_term_string\"}}],\"inLanguage\":\"fr-FR\"},{\"@type\":\"Organization\",\"@id\":\"https:\\\/\\\/revolutionpadelstore.com\\\/fr\\\/#organization\",\"name\":\"Revolution Padel Store\",\"url\":\"https:\\\/\\\/revolutionpadelstore.com\\\/fr\\\/\",\"logo\":{\"@type\":\"ImageObject\",\"inLanguage\":\"fr-FR\",\"@id\":\"https:\\\/\\\/revolutionpadelstore.com\\\/fr\\\/#\\\/schema\\\/logo\\\/image\\\/\",\"url\":\"https:\\\/\\\/revolutionpadelstore.com\\\/wp-content\\\/uploads\\\/2026\\\/02\\\/revolution-padel-store.jpg\",\"contentUrl\":\"https:\\\/\\\/revolutionpadelstore.com\\\/wp-content\\\/uploads\\\/2026\\\/02\\\/revolution-padel-store.jpg\",\"width\":2000,\"height\":2000,\"caption\":\"Revolution Padel Store\"},\"image\":{\"@id\":\"https:\\\/\\\/revolutionpadelstore.com\\\/fr\\\/#\\\/schema\\\/logo\\\/image\\\/\"},\"sameAs\":[\"https:\\\/\\\/www.instagram.com\\\/revolutionpadelstore\\\/\"]}]}<\/script>\n<!-- \/ Yoast SEO plugin. -->","yoast_head_json":{"title":"BULLPADEL NEURON 02 - Revolution Padel Store","description":"Descubre la Bullpadel Neuron 02, pala oficial de Fede Chingotto. Dise\u00f1ada para jugadores profesionales que buscan control total, estabilidad y precisi\u00f3n. \u00a1C\u00f3mprala en Revolution Padel Store al mejor precio!","robots":{"index":"index","follow":"follow","max-snippet":"max-snippet:-1","max-image-preview":"max-image-preview:large","max-video-preview":"max-video-preview:-1"},"canonical":"https:\/\/revolutionpadelstore.com\/fr\/produit\/bullpadel-neuron-02-3\/","og_locale":"fr_FR","og_type":"article","og_title":"BULLPADEL NEURON 02 - Revolution Padel Store","og_description":"Descubre la Bullpadel Neuron 02, pala oficial de Fede Chingotto. Dise\u00f1ada para jugadores profesionales que buscan control total, estabilidad y precisi\u00f3n. \u00a1C\u00f3mprala en Revolution Padel Store al mejor precio!","og_url":"https:\/\/revolutionpadelstore.com\/fr\/produit\/bullpadel-neuron-02-3\/","og_site_name":"Revolution Padel Store","article_modified_time":"2026-04-10T00:01:49+00:00","og_image":[{"width":1200,"height":1200,"url":"https:\/\/revolutionpadelstore.com\/wp-content\/uploads\/2025\/08\/120907-pala-bullpadel-neuron-02-494402-1200x1200-1.webp","type":"image\/webp"}],"twitter_card":"summary_large_image","twitter_misc":{"Dur\u00e9e de lecture estim\u00e9e":"2 minutes"},"schema":{"@context":"https:\/\/schema.org","@graph":[{"@type":"WebPage","@id":"https:\/\/revolutionpadelstore.com\/fr\/produit\/bullpadel-neuron-02-3\/","url":"https:\/\/revolutionpadelstore.com\/fr\/produit\/bullpadel-neuron-02-3\/","name":"BULLPADEL NEURON 02 - Revolution Padel Store","isPartOf":{"@id":"https:\/\/revolutionpadelstore.com\/fr\/#website"},"primaryImageOfPage":{"@id":"https:\/\/revolutionpadelstore.com\/fr\/produit\/bullpadel-neuron-02-3\/#primaryimage"},"image":{"@id":"https:\/\/revolutionpadelstore.com\/fr\/produit\/bullpadel-neuron-02-3\/#primaryimage"},"thumbnailUrl":"https:\/\/revolutionpadelstore.com\/wp-content\/uploads\/2025\/08\/120907-pala-bullpadel-neuron-02-494402-1200x1200-1.webp","datePublished":"2025-08-23T08:19:04+00:00","dateModified":"2026-04-10T00:01:49+00:00","description":"Descubre la Bullpadel Neuron 02, pala oficial de Fede Chingotto. Dise\u00f1ada para jugadores profesionales que buscan control total, estabilidad y precisi\u00f3n. \u00a1C\u00f3mprala en Revolution Padel Store al mejor precio!","breadcrumb":{"@id":"https:\/\/revolutionpadelstore.com\/fr\/produit\/bullpadel-neuron-02-3\/#breadcrumb"},"inLanguage":"fr-FR","potentialAction":[{"@type":"ReadAction","target":["https:\/\/revolutionpadelstore.com\/fr\/produit\/bullpadel-neuron-02-3\/"]}]},{"@type":"ImageObject","inLanguage":"fr-FR","@id":"https:\/\/revolutionpadelstore.com\/fr\/produit\/bullpadel-neuron-02-3\/#primaryimage","url":"https:\/\/revolutionpadelstore.com\/wp-content\/uploads\/2025\/08\/120907-pala-bullpadel-neuron-02-494402-1200x1200-1.webp","contentUrl":"https:\/\/revolutionpadelstore.com\/wp-content\/uploads\/2025\/08\/120907-pala-bullpadel-neuron-02-494402-1200x1200-1.webp","width":1200,"height":1200},{"@type":"BreadcrumbList","@id":"https:\/\/revolutionpadelstore.com\/fr\/produit\/bullpadel-neuron-02-3\/#breadcrumb","itemListElement":[{"@type":"ListItem","position":1,"name":"Portada","item":"https:\/\/revolutionpadelstore.com\/fr\/"},{"@type":"ListItem","position":2,"name":"Boutique","item":"https:\/\/revolutionpadelstore.com\/fr\/tienda\/"},{"@type":"ListItem","position":3,"name":"BULLPADEL NEURON 02"}]},{"@type":"WebSite","@id":"https:\/\/revolutionpadelstore.com\/fr\/#website","url":"https:\/\/revolutionpadelstore.com\/fr\/","name":"Revolution Padel Store","description":"","publisher":{"@id":"https:\/\/revolutionpadelstore.com\/fr\/#organization"},"potentialAction":[{"@type":"SearchAction","target":{"@type":"EntryPoint","urlTemplate":"https:\/\/revolutionpadelstore.com\/fr\/?s={search_term_string}"},"query-input":{"@type":"PropertyValueSpecification","valueRequired":true,"valueName":"search_term_string"}}],"inLanguage":"fr-FR"},{"@type":"Organization","@id":"https:\/\/revolutionpadelstore.com\/fr\/#organization","name":"Revolution Padel Store","url":"https:\/\/revolutionpadelstore.com\/fr\/","logo":{"@type":"ImageObject","inLanguage":"fr-FR","@id":"https:\/\/revolutionpadelstore.com\/fr\/#\/schema\/logo\/image\/","url":"https:\/\/revolutionpadelstore.com\/wp-content\/uploads\/2026\/02\/revolution-padel-store.jpg","contentUrl":"https:\/\/revolutionpadelstore.com\/wp-content\/uploads\/2026\/02\/revolution-padel-store.jpg","width":2000,"height":2000,"caption":"Revolution Padel Store"},"image":{"@id":"https:\/\/revolutionpadelstore.com\/fr\/#\/schema\/logo\/image\/"},"sameAs":["https:\/\/www.instagram.com\/revolutionpadelstore\/"]}]}},"_links":{"self":[{"href":"https:\/\/revolutionpadelstore.com\/fr\/wp-json\/wp\/v2\/product\/267622","targetHints":{"allow":["GET"]}}],"collection":[{"href":"https:\/\/revolutionpadelstore.com\/fr\/wp-json\/wp\/v2\/product"}],"about":[{"href":"https:\/\/revolutionpadelstore.com\/fr\/wp-json\/wp\/v2\/types\/product"}],"replies":[{"embeddable":true,"href":"https:\/\/revolutionpadelstore.com\/fr\/wp-json\/wp\/v2\/comments?post=267622"}],"wp:featuredmedia":[{"embeddable":true,"href":"https:\/\/revolutionpadelstore.com\/fr\/wp-json\/wp\/v2\/media\/267575"}],"wp:attachment":[{"href":"https:\/\/revolutionpadelstore.com\/fr\/wp-json\/wp\/v2\/media?parent=267622"}],"wp:term":[{"taxonomy":"acabado","embeddable":true,"href":"https:\/\/revolutionpadelstore.com\/fr\/wp-json\/wp\/v2\/acabado?post=267622"},{"taxonomy":"balance","embeddable":true,"href":"https:\/\/revolutionpadelstore.com\/fr\/wp-json\/wp\/v2\/balance?post=267622"},{"taxonomy":"dureza","embeddable":true,"href":"https:\/\/revolutionpadelstore.com\/fr\/wp-json\/wp\/v2\/dureza?post=267622"},{"taxonomy":"forma","embeddable":true,"href":"https:\/\/revolutionpadelstore.com\/fr\/wp-json\/wp\/v2\/forma?post=267622"},{"taxonomy":"jugador","embeddable":true,"href":"https:\/\/revolutionpadelstore.com\/fr\/wp-json\/wp\/v2\/jugador?post=267622"},{"taxonomy":"marca","embeddable":true,"href":"https:\/\/revolutionpadelstore.com\/fr\/wp-json\/wp\/v2\/marca?post=267622"},{"taxonomy":"nivel-de-juego","embeddable":true,"href":"https:\/\/revolutionpadelstore.com\/fr\/wp-json\/wp\/v2\/nivel-de-juego?post=267622"},{"taxonomy":"superficie","embeddable":true,"href":"https:\/\/revolutionpadelstore.com\/fr\/wp-json\/wp\/v2\/superficie?post=267622"},{"taxonomy":"tipo-de-juego","embeddable":true,"href":"https:\/\/revolutionpadelstore.com\/fr\/wp-json\/wp\/v2\/tipo-de-juego?post=267622"},{"taxonomy":"product_brand","embeddable":true,"href":"https:\/\/revolutionpadelstore.com\/fr\/wp-json\/wp\/v2\/product_brand?post=267622"},{"taxonomy":"product_cat","embeddable":true,"href":"https:\/\/revolutionpadelstore.com\/fr\/wp-json\/wp\/v2\/product_cat?post=267622"},{"taxonomy":"product_tag","embeddable":true,"href":"https:\/\/revolutionpadelstore.com\/fr\/wp-json\/wp\/v2\/product_tag?post=267622"}],"curies":[{"name":"wp","href":"https:\/\/api.w.org\/{rel}","templated":true}]}}