{"id":267472,"date":"2025-07-27T16:26:51","date_gmt":"2025-07-27T14:26:51","guid":{"rendered":"https:\/\/revolutionpadelstore.com\/bullpadel-vertex-05-woman\/"},"modified":"2026-04-10T02:01:35","modified_gmt":"2026-04-10T00:01:35","slug":"bullpadel-vertex-05-woman-3","status":"publish","type":"product","link":"https:\/\/revolutionpadelstore.com\/fr\/produit\/bullpadel-vertex-05-woman-3\/","title":{"rendered":"BULLPADEL VERTEX 05 WOMAN"},"content":{"rendered":"<h2>Bullpadel Vertex 05 Woman \u2013 Puissance, l\u00e9g\u00e8ret\u00e9 et pr\u00e9cision pour les joueuses exigeantes<\/h2>\n<p>La <strong>Bullpadel Vertex 05 Woman<\/strong> est la raquette d\u00e9finitive pour les joueurs de niveau avanc\u00e9 qui recherchent <strong>une puissance maximale sans renoncer au contr\u00f4le et \u00e0 la maniabilit\u00e9<\/strong>. Avec un design en forme de diamant, un poids l\u00e9ger (350-360 g) et un \u00e9quilibre moyen-haut, cette raquette offre des performances exceptionnelles \u00e0 chaque instant.<\/p>\n<h2>Con\u00e7u pour un jeu dynamique et complet<\/h2>\n<p>Cr\u00e9\u00e9e en collaboration avec le professionnel <strong>Delfi Brea<\/strong>, cette raquette a \u00e9t\u00e9 con\u00e7ue pour les joueurs qui dominent le court avec un jeu agile et r\u00e9actif. Sa structure permet une <strong>excellente r\u00e9ponse en d\u00e9fense et en attaque<\/strong>, s&#8217;adaptant \u00e0 n&#8217;importe quelle situation de match.<\/p>\n<h2>Caract\u00e9ristiques techniques mises en avant<\/h2>\n<p><strong>-Forme<\/strong> : Diamant<\/p>\n<p><strong>-Poids<\/strong> : 350-360 grammes<\/p>\n<p><strong>-\u00c9quilibre<\/strong> : moyen-\u00e9lev\u00e9<\/p>\n<p><strong>-Niveau du joueur<\/strong> : Avanc\u00e9\/professionnel<\/p>\n<p><strong>-Top Spin Texture<\/strong> : augmente la rotation et la pr\u00e9cision \u00e0 chaque coup<\/p>\n<h2>Technologies Bullpadel de derni\u00e8re g\u00e9n\u00e9ration<\/h2>\n<p>Le Vertex 05 Woman int\u00e8gre les technologies les plus avanc\u00e9es de Bullpadel, garantissant confort, durabilit\u00e9 et performance \u00e0 chaque coup :<\/p>\n<p><strong>-Fibrix<\/strong> : Combinaison de fibre de verre et de carbone pour une plus grande flexibilit\u00e9 et un toucher confortable.<\/p>\n<p><strong>-Multieva<\/strong> : Noyau double densit\u00e9 qui am\u00e9liore la puissance dans les coups forts et le contr\u00f4le dans les coups doux.<\/p>\n<p><strong>-Carbontube<\/strong> : cadre 100% carbone pour une r\u00e9sistance maximale.<\/p>\n<p><strong>-CurvAktiv<\/strong> : R\u00e9duit les vibrations et am\u00e9liore la fermet\u00e9 du cadre.<\/p>\n<p><strong>-Air Power<\/strong> : Structure canalis\u00e9e pour une raquette plus l\u00e9g\u00e8re et plus a\u00e9rodynamique.<\/p>\n<p><strong>-Vertex Core<\/strong> : Nouveau noyau qui augmente la stabilit\u00e9 et la pr\u00e9cision.<\/p>\n<p><strong>-Custom Weight<\/strong> : Possibilit\u00e9 de personnaliser l&#8217;\u00e9quilibre et la puissance.<\/p>\n<p><strong>-Top Spin<\/strong> : Surface rugueuse qui permet des frappes avec plus d&#8217;effet et de contr\u00f4le.<\/p>\n<h2>Id\u00e9al pour les joueurs qui veulent tout<\/h2>\n<p>La <strong>Bullpadel Vertex 05 Woman<\/strong> offre l&#8217;\u00e9quilibre parfait entre l\u00e9g\u00e8ret\u00e9, puissance et contr\u00f4le. C&#8217;est l&#8217;alli\u00e9 parfait pour les joueurs recherchant :<\/p>\n<p>-Une plus grande mobilit\u00e9 et vitesse de r\u00e9action<\/p>\n<p>-Puissance dans les coups offensifs<\/p>\n<p>-Pr\u00e9cision dans les situations d\u00e9fensives<\/p>\n<p>-Confort dans la manipulation tout au long du jeu<\/p>\n<h2> Pourquoi choisir le Vertex 05 Woman chez Revolution Padel Store ?<\/h2>\n<p>Sur <strong><a href=\"http:\/\/www.revolutionpadelstore.com\/\">www.revolutionpadelstore.com<\/a><\/strong> vous trouverez cette raquette Bullpadel <strong>probablement au meilleur prix du march\u00e9<\/strong>, avec une disponibilit\u00e9 imm\u00e9diate et la confiance d&#8217;acheter dans un magasin sp\u00e9cialis\u00e9 dans le padel. Commandez d\u00e8s aujourd&#8217;hui et d\u00e9couvrez le prochain niveau de jeu !<\/p>\n<h2>Bullpadel Vertex 05 Woman \u2013 Potencia, ligereza y precisi\u00f3n para jugadoras exigentes<\/h2>\n","protected":false},"excerpt":{"rendered":"<p>Dominez le terrain avec une raquette en forme de diamant, cr\u00e9\u00e9e pour les joueurs avanc\u00e9s \u00e0 la recherche de polyvalence, en collaboration avec Delfi Brea.<\/p>\n","protected":false},"featured_media":267478,"comment_status":"open","ping_status":"closed","template":"","meta":{"_acf_changed":false,"_joinchat":[]},"acabado":[1107],"balance":[1137,1142],"dureza":[1157],"forma":[1172],"jugador":[1197],"marca":[1257],"nivel-de-juego":[1337],"superficie":[1362],"tipo-de-juego":[1387],"product_brand":[],"product_cat":[302],"product_tag":[],"class_list":{"0":"post-267472","1":"product","2":"type-product","3":"status-publish","4":"has-post-thumbnail","6":"acabado-brut","7":"balance-eleve","8":"balance-moyen","9":"dureza-media-fr","10":"forma-diamant","11":"jugador-mujer-fr","12":"marca-bullpadel-fr","13":"superficie-rugosa-fr","14":"tipo-de-juego-polivalente-fr","15":"product_cat-palas-de-padel-fr","17":"first","18":"instock","19":"sale","20":"taxable","21":"shipping-taxable","22":"purchasable","23":"product-type-simple"},"acf":[],"yoast_head":"<!-- This site is optimized with the Yoast SEO plugin v27.3 - https:\/\/yoast.com\/product\/yoast-seo-wordpress\/ -->\n<title>BULLPADEL VERTEX 05 WOMAN - Revolution Padel Store<\/title>\n<meta name=\"description\" content=\"Compra la Bullpadel Vertex 05 Woman al mejor precio en Revolution Padel Store. Pala de p\u00e1del para mujer, nivel avanzado, ligera, potente y precisa, con tecnolog\u00edas Top Spin, Multieva y Fibrix.\" \/>\n<meta name=\"robots\" content=\"index, follow, max-snippet:-1, max-image-preview:large, max-video-preview:-1\" \/>\n<link rel=\"canonical\" href=\"https:\/\/revolutionpadelstore.com\/fr\/produit\/bullpadel-vertex-05-woman-3\/\" \/>\n<meta property=\"og:locale\" content=\"fr_FR\" \/>\n<meta property=\"og:type\" content=\"article\" \/>\n<meta property=\"og:title\" content=\"BULLPADEL VERTEX 05 WOMAN - Revolution Padel Store\" \/>\n<meta property=\"og:description\" content=\"Compra la Bullpadel Vertex 05 Woman al mejor precio en Revolution Padel Store. Pala de p\u00e1del para mujer, nivel avanzado, ligera, potente y precisa, con tecnolog\u00edas Top Spin, Multieva y Fibrix.\" \/>\n<meta property=\"og:url\" content=\"https:\/\/revolutionpadelstore.com\/fr\/produit\/bullpadel-vertex-05-woman-3\/\" \/>\n<meta property=\"og:site_name\" content=\"Revolution Padel Store\" \/>\n<meta property=\"article:modified_time\" content=\"2026-04-10T00:01:35+00:00\" \/>\n<meta property=\"og:image\" content=\"https:\/\/revolutionpadelstore.com\/wp-content\/uploads\/2025\/07\/120914-pala-bullpadel-vertex-05-w-494399-mujer-1200x1200-1.webp\" \/>\n\t<meta property=\"og:image:width\" content=\"1200\" \/>\n\t<meta property=\"og:image:height\" content=\"1200\" \/>\n\t<meta property=\"og:image:type\" content=\"image\/webp\" \/>\n<meta name=\"twitter:card\" content=\"summary_large_image\" \/>\n<meta name=\"twitter:label1\" content=\"Dur\u00e9e de lecture estim\u00e9e\" \/>\n\t<meta name=\"twitter:data1\" content=\"2 minutes\" \/>\n<script type=\"application\/ld+json\" class=\"yoast-schema-graph\">{\"@context\":\"https:\\\/\\\/schema.org\",\"@graph\":[{\"@type\":\"WebPage\",\"@id\":\"https:\\\/\\\/revolutionpadelstore.com\\\/fr\\\/produit\\\/bullpadel-vertex-05-woman-3\\\/\",\"url\":\"https:\\\/\\\/revolutionpadelstore.com\\\/fr\\\/produit\\\/bullpadel-vertex-05-woman-3\\\/\",\"name\":\"BULLPADEL VERTEX 05 WOMAN - Revolution Padel Store\",\"isPartOf\":{\"@id\":\"https:\\\/\\\/revolutionpadelstore.com\\\/fr\\\/#website\"},\"primaryImageOfPage\":{\"@id\":\"https:\\\/\\\/revolutionpadelstore.com\\\/fr\\\/produit\\\/bullpadel-vertex-05-woman-3\\\/#primaryimage\"},\"image\":{\"@id\":\"https:\\\/\\\/revolutionpadelstore.com\\\/fr\\\/produit\\\/bullpadel-vertex-05-woman-3\\\/#primaryimage\"},\"thumbnailUrl\":\"https:\\\/\\\/revolutionpadelstore.com\\\/wp-content\\\/uploads\\\/2025\\\/07\\\/120914-pala-bullpadel-vertex-05-w-494399-mujer-1200x1200-1.webp\",\"datePublished\":\"2025-07-27T14:26:51+00:00\",\"dateModified\":\"2026-04-10T00:01:35+00:00\",\"description\":\"Compra la Bullpadel Vertex 05 Woman al mejor precio en Revolution Padel Store. Pala de p\u00e1del para mujer, nivel avanzado, ligera, potente y precisa, con tecnolog\u00edas Top Spin, Multieva y Fibrix.\",\"breadcrumb\":{\"@id\":\"https:\\\/\\\/revolutionpadelstore.com\\\/fr\\\/produit\\\/bullpadel-vertex-05-woman-3\\\/#breadcrumb\"},\"inLanguage\":\"fr-FR\",\"potentialAction\":[{\"@type\":\"ReadAction\",\"target\":[\"https:\\\/\\\/revolutionpadelstore.com\\\/fr\\\/produit\\\/bullpadel-vertex-05-woman-3\\\/\"]}]},{\"@type\":\"ImageObject\",\"inLanguage\":\"fr-FR\",\"@id\":\"https:\\\/\\\/revolutionpadelstore.com\\\/fr\\\/produit\\\/bullpadel-vertex-05-woman-3\\\/#primaryimage\",\"url\":\"https:\\\/\\\/revolutionpadelstore.com\\\/wp-content\\\/uploads\\\/2025\\\/07\\\/120914-pala-bullpadel-vertex-05-w-494399-mujer-1200x1200-1.webp\",\"contentUrl\":\"https:\\\/\\\/revolutionpadelstore.com\\\/wp-content\\\/uploads\\\/2025\\\/07\\\/120914-pala-bullpadel-vertex-05-w-494399-mujer-1200x1200-1.webp\",\"width\":1200,\"height\":1200},{\"@type\":\"BreadcrumbList\",\"@id\":\"https:\\\/\\\/revolutionpadelstore.com\\\/fr\\\/produit\\\/bullpadel-vertex-05-woman-3\\\/#breadcrumb\",\"itemListElement\":[{\"@type\":\"ListItem\",\"position\":1,\"name\":\"Portada\",\"item\":\"https:\\\/\\\/revolutionpadelstore.com\\\/fr\\\/\"},{\"@type\":\"ListItem\",\"position\":2,\"name\":\"Boutique\",\"item\":\"https:\\\/\\\/revolutionpadelstore.com\\\/fr\\\/tienda\\\/\"},{\"@type\":\"ListItem\",\"position\":3,\"name\":\"BULLPADEL VERTEX 05 WOMAN\"}]},{\"@type\":\"WebSite\",\"@id\":\"https:\\\/\\\/revolutionpadelstore.com\\\/fr\\\/#website\",\"url\":\"https:\\\/\\\/revolutionpadelstore.com\\\/fr\\\/\",\"name\":\"Revolution Padel Store\",\"description\":\"\",\"publisher\":{\"@id\":\"https:\\\/\\\/revolutionpadelstore.com\\\/fr\\\/#organization\"},\"potentialAction\":[{\"@type\":\"SearchAction\",\"target\":{\"@type\":\"EntryPoint\",\"urlTemplate\":\"https:\\\/\\\/revolutionpadelstore.com\\\/fr\\\/?s={search_term_string}\"},\"query-input\":{\"@type\":\"PropertyValueSpecification\",\"valueRequired\":true,\"valueName\":\"search_term_string\"}}],\"inLanguage\":\"fr-FR\"},{\"@type\":\"Organization\",\"@id\":\"https:\\\/\\\/revolutionpadelstore.com\\\/fr\\\/#organization\",\"name\":\"Revolution Padel Store\",\"url\":\"https:\\\/\\\/revolutionpadelstore.com\\\/fr\\\/\",\"logo\":{\"@type\":\"ImageObject\",\"inLanguage\":\"fr-FR\",\"@id\":\"https:\\\/\\\/revolutionpadelstore.com\\\/fr\\\/#\\\/schema\\\/logo\\\/image\\\/\",\"url\":\"https:\\\/\\\/revolutionpadelstore.com\\\/wp-content\\\/uploads\\\/2026\\\/02\\\/revolution-padel-store.jpg\",\"contentUrl\":\"https:\\\/\\\/revolutionpadelstore.com\\\/wp-content\\\/uploads\\\/2026\\\/02\\\/revolution-padel-store.jpg\",\"width\":2000,\"height\":2000,\"caption\":\"Revolution Padel Store\"},\"image\":{\"@id\":\"https:\\\/\\\/revolutionpadelstore.com\\\/fr\\\/#\\\/schema\\\/logo\\\/image\\\/\"},\"sameAs\":[\"https:\\\/\\\/www.instagram.com\\\/revolutionpadelstore\\\/\"]}]}<\/script>\n<!-- \/ Yoast SEO plugin. -->","yoast_head_json":{"title":"BULLPADEL VERTEX 05 WOMAN - Revolution Padel Store","description":"Compra la Bullpadel Vertex 05 Woman al mejor precio en Revolution Padel Store. Pala de p\u00e1del para mujer, nivel avanzado, ligera, potente y precisa, con tecnolog\u00edas Top Spin, Multieva y Fibrix.","robots":{"index":"index","follow":"follow","max-snippet":"max-snippet:-1","max-image-preview":"max-image-preview:large","max-video-preview":"max-video-preview:-1"},"canonical":"https:\/\/revolutionpadelstore.com\/fr\/produit\/bullpadel-vertex-05-woman-3\/","og_locale":"fr_FR","og_type":"article","og_title":"BULLPADEL VERTEX 05 WOMAN - Revolution Padel Store","og_description":"Compra la Bullpadel Vertex 05 Woman al mejor precio en Revolution Padel Store. Pala de p\u00e1del para mujer, nivel avanzado, ligera, potente y precisa, con tecnolog\u00edas Top Spin, Multieva y Fibrix.","og_url":"https:\/\/revolutionpadelstore.com\/fr\/produit\/bullpadel-vertex-05-woman-3\/","og_site_name":"Revolution Padel Store","article_modified_time":"2026-04-10T00:01:35+00:00","og_image":[{"width":1200,"height":1200,"url":"https:\/\/revolutionpadelstore.com\/wp-content\/uploads\/2025\/07\/120914-pala-bullpadel-vertex-05-w-494399-mujer-1200x1200-1.webp","type":"image\/webp"}],"twitter_card":"summary_large_image","twitter_misc":{"Dur\u00e9e de lecture estim\u00e9e":"2 minutes"},"schema":{"@context":"https:\/\/schema.org","@graph":[{"@type":"WebPage","@id":"https:\/\/revolutionpadelstore.com\/fr\/produit\/bullpadel-vertex-05-woman-3\/","url":"https:\/\/revolutionpadelstore.com\/fr\/produit\/bullpadel-vertex-05-woman-3\/","name":"BULLPADEL VERTEX 05 WOMAN - Revolution Padel Store","isPartOf":{"@id":"https:\/\/revolutionpadelstore.com\/fr\/#website"},"primaryImageOfPage":{"@id":"https:\/\/revolutionpadelstore.com\/fr\/produit\/bullpadel-vertex-05-woman-3\/#primaryimage"},"image":{"@id":"https:\/\/revolutionpadelstore.com\/fr\/produit\/bullpadel-vertex-05-woman-3\/#primaryimage"},"thumbnailUrl":"https:\/\/revolutionpadelstore.com\/wp-content\/uploads\/2025\/07\/120914-pala-bullpadel-vertex-05-w-494399-mujer-1200x1200-1.webp","datePublished":"2025-07-27T14:26:51+00:00","dateModified":"2026-04-10T00:01:35+00:00","description":"Compra la Bullpadel Vertex 05 Woman al mejor precio en Revolution Padel Store. Pala de p\u00e1del para mujer, nivel avanzado, ligera, potente y precisa, con tecnolog\u00edas Top Spin, Multieva y Fibrix.","breadcrumb":{"@id":"https:\/\/revolutionpadelstore.com\/fr\/produit\/bullpadel-vertex-05-woman-3\/#breadcrumb"},"inLanguage":"fr-FR","potentialAction":[{"@type":"ReadAction","target":["https:\/\/revolutionpadelstore.com\/fr\/produit\/bullpadel-vertex-05-woman-3\/"]}]},{"@type":"ImageObject","inLanguage":"fr-FR","@id":"https:\/\/revolutionpadelstore.com\/fr\/produit\/bullpadel-vertex-05-woman-3\/#primaryimage","url":"https:\/\/revolutionpadelstore.com\/wp-content\/uploads\/2025\/07\/120914-pala-bullpadel-vertex-05-w-494399-mujer-1200x1200-1.webp","contentUrl":"https:\/\/revolutionpadelstore.com\/wp-content\/uploads\/2025\/07\/120914-pala-bullpadel-vertex-05-w-494399-mujer-1200x1200-1.webp","width":1200,"height":1200},{"@type":"BreadcrumbList","@id":"https:\/\/revolutionpadelstore.com\/fr\/produit\/bullpadel-vertex-05-woman-3\/#breadcrumb","itemListElement":[{"@type":"ListItem","position":1,"name":"Portada","item":"https:\/\/revolutionpadelstore.com\/fr\/"},{"@type":"ListItem","position":2,"name":"Boutique","item":"https:\/\/revolutionpadelstore.com\/fr\/tienda\/"},{"@type":"ListItem","position":3,"name":"BULLPADEL VERTEX 05 WOMAN"}]},{"@type":"WebSite","@id":"https:\/\/revolutionpadelstore.com\/fr\/#website","url":"https:\/\/revolutionpadelstore.com\/fr\/","name":"Revolution Padel Store","description":"","publisher":{"@id":"https:\/\/revolutionpadelstore.com\/fr\/#organization"},"potentialAction":[{"@type":"SearchAction","target":{"@type":"EntryPoint","urlTemplate":"https:\/\/revolutionpadelstore.com\/fr\/?s={search_term_string}"},"query-input":{"@type":"PropertyValueSpecification","valueRequired":true,"valueName":"search_term_string"}}],"inLanguage":"fr-FR"},{"@type":"Organization","@id":"https:\/\/revolutionpadelstore.com\/fr\/#organization","name":"Revolution Padel Store","url":"https:\/\/revolutionpadelstore.com\/fr\/","logo":{"@type":"ImageObject","inLanguage":"fr-FR","@id":"https:\/\/revolutionpadelstore.com\/fr\/#\/schema\/logo\/image\/","url":"https:\/\/revolutionpadelstore.com\/wp-content\/uploads\/2026\/02\/revolution-padel-store.jpg","contentUrl":"https:\/\/revolutionpadelstore.com\/wp-content\/uploads\/2026\/02\/revolution-padel-store.jpg","width":2000,"height":2000,"caption":"Revolution Padel Store"},"image":{"@id":"https:\/\/revolutionpadelstore.com\/fr\/#\/schema\/logo\/image\/"},"sameAs":["https:\/\/www.instagram.com\/revolutionpadelstore\/"]}]}},"_links":{"self":[{"href":"https:\/\/revolutionpadelstore.com\/fr\/wp-json\/wp\/v2\/product\/267472","targetHints":{"allow":["GET"]}}],"collection":[{"href":"https:\/\/revolutionpadelstore.com\/fr\/wp-json\/wp\/v2\/product"}],"about":[{"href":"https:\/\/revolutionpadelstore.com\/fr\/wp-json\/wp\/v2\/types\/product"}],"replies":[{"embeddable":true,"href":"https:\/\/revolutionpadelstore.com\/fr\/wp-json\/wp\/v2\/comments?post=267472"}],"wp:featuredmedia":[{"embeddable":true,"href":"https:\/\/revolutionpadelstore.com\/fr\/wp-json\/wp\/v2\/media\/267478"}],"wp:attachment":[{"href":"https:\/\/revolutionpadelstore.com\/fr\/wp-json\/wp\/v2\/media?parent=267472"}],"wp:term":[{"taxonomy":"acabado","embeddable":true,"href":"https:\/\/revolutionpadelstore.com\/fr\/wp-json\/wp\/v2\/acabado?post=267472"},{"taxonomy":"balance","embeddable":true,"href":"https:\/\/revolutionpadelstore.com\/fr\/wp-json\/wp\/v2\/balance?post=267472"},{"taxonomy":"dureza","embeddable":true,"href":"https:\/\/revolutionpadelstore.com\/fr\/wp-json\/wp\/v2\/dureza?post=267472"},{"taxonomy":"forma","embeddable":true,"href":"https:\/\/revolutionpadelstore.com\/fr\/wp-json\/wp\/v2\/forma?post=267472"},{"taxonomy":"jugador","embeddable":true,"href":"https:\/\/revolutionpadelstore.com\/fr\/wp-json\/wp\/v2\/jugador?post=267472"},{"taxonomy":"marca","embeddable":true,"href":"https:\/\/revolutionpadelstore.com\/fr\/wp-json\/wp\/v2\/marca?post=267472"},{"taxonomy":"nivel-de-juego","embeddable":true,"href":"https:\/\/revolutionpadelstore.com\/fr\/wp-json\/wp\/v2\/nivel-de-juego?post=267472"},{"taxonomy":"superficie","embeddable":true,"href":"https:\/\/revolutionpadelstore.com\/fr\/wp-json\/wp\/v2\/superficie?post=267472"},{"taxonomy":"tipo-de-juego","embeddable":true,"href":"https:\/\/revolutionpadelstore.com\/fr\/wp-json\/wp\/v2\/tipo-de-juego?post=267472"},{"taxonomy":"product_brand","embeddable":true,"href":"https:\/\/revolutionpadelstore.com\/fr\/wp-json\/wp\/v2\/product_brand?post=267472"},{"taxonomy":"product_cat","embeddable":true,"href":"https:\/\/revolutionpadelstore.com\/fr\/wp-json\/wp\/v2\/product_cat?post=267472"},{"taxonomy":"product_tag","embeddable":true,"href":"https:\/\/revolutionpadelstore.com\/fr\/wp-json\/wp\/v2\/product_tag?post=267472"}],"curies":[{"name":"wp","href":"https:\/\/api.w.org\/{rel}","templated":true}]}}