{"id":267424,"date":"2025-07-27T16:24:31","date_gmt":"2025-07-27T14:24:31","guid":{"rendered":"https:\/\/revolutionpadelstore.com\/bullpadel-vertex-05-hybrid\/"},"modified":"2026-04-10T02:01:31","modified_gmt":"2026-04-10T00:01:31","slug":"bullpadel-vertex-05-hybrid-3","status":"publish","type":"product","link":"https:\/\/revolutionpadelstore.com\/fr\/produit\/bullpadel-vertex-05-hybrid-3\/","title":{"rendered":"BULLPADEL VERTEX 05 HYBRID"},"content":{"rendered":"<h2>Bullpadel Vertex 05 Hybrid \u2013 Puissance et contr\u00f4le avec une pr\u00e9cision professionnelle<\/h2>\n<p>D\u00e9couvrez la nouvelle <strong>Bullpadel Vertex 05 Hybrid<\/strong>, une raquette de padel haute performance cr\u00e9\u00e9e pour les joueurs exigeants \u00e0 la recherche d&#8217;un <strong>\u00e9quilibre parfait entre puissance et contr\u00f4le<\/strong>. Cette raquette fait partie de la c\u00e9l\u00e8bre gamme <strong>Vertex 05<\/strong> de Bullpadel et est \u00e9quip\u00e9e d&#8217;innovations technologiques qui vous permettront de dominer tous les recoins du terrain, de la zone arri\u00e8re au filet.<\/p>\n<h2> Conception hybride pour un jeu complet<\/h2>\n<p>Avec une <strong>forme hybride<\/strong> et un <strong>\u00e9quilibre moyen<\/strong>, le Vertex 05 Hybrid est id\u00e9al pour les joueurs strat\u00e9giques qui ne veulent pas renoncer au contr\u00f4le ou \u00e0 la puissance. Sa conception innovante comprend un <strong>c\u0153ur avec un pont \u00e0 double diagonale<\/strong> et une g\u00e9om\u00e9trie triangulaire, ce qui se traduit par une plus grande stabilit\u00e9 lors de la frappe et une pr\u00e9cision millim\u00e9trique dans chaque action offensive ou d\u00e9fensive.<\/p>\n<h2> Technologies et sp\u00e9cifications techniques<\/h2>\n<p><strong>-Poids<\/strong> : 365 &#8211; 375 g \u2192 parfait pour une manipulation agile sans perdre en stabilit\u00e9.<\/p>\n<p><strong>-Profil<\/strong> : 38 mm \u2192 standard professionnel pour des performances optimales.<\/p>\n<p><strong>-Forme<\/strong> : Hybride \u2192 combinaison id\u00e9ale entre lame ronde et lame diamant\u00e9e.<\/p>\n<p><strong>-Balance<\/strong> : Moyen \u2192 \u00e9quilibre entre contr\u00f4le et agressivit\u00e9.<\/p>\n<p><strong>-Faces<\/strong> : <strong>Carbone 12K<\/strong> \u2192 r\u00e9sistance sup\u00e9rieure et durabilit\u00e9 prolong\u00e9e.<\/p>\n<p><strong>-Core<\/strong> : <strong>MultiEva<\/strong> \u2192 double densit\u00e9 qui s&#8217;adapte \u00e0 chaque type de coup.<\/p>\n<p><strong>-Surface rugueuse Top Skin<\/strong> \u2192 favorise la rotation et am\u00e9liore le contact avec le ballon.<\/p>\n<p><strong>-Toucher interm\u00e9diaire<\/strong> \u2192 confort et pr\u00e9cision sans compromis sur la puissance.<\/p>\n<h2> \u00c0 qui est-il destin\u00e9 ?<\/h2>\n<p>Cette raquette a \u00e9t\u00e9 con\u00e7ue pour les <strong>joueurs adultes de niveau avanc\u00e9 ou professionnel<\/strong>, qui souhaitent contr\u00f4ler le rythme du match et ex\u00e9cuter des coups techniques en toute confiance. Sa structure et sa technologie lui permettent de r\u00e9agir de mani\u00e8re agressive lorsque cela est n\u00e9cessaire, mais aussi de d\u00e9fendre solidement depuis le fond du terrain.<\/p>\n<h2> Avantages du Bullpadel Vertex 05 Hybrid<\/h2>\n<p>-Excellente <strong>polyvalence<\/strong> pour jouer aussi bien en d\u00e9fense qu&#8217;en attaque.<\/p>\n<p>-Haute <strong>durabilit\u00e9<\/strong> gr\u00e2ce \u00e0 des mat\u00e9riaux haut de gamme.<\/p>\n<p>-Parfait pour les <strong>effets et coups techniques<\/strong> gr\u00e2ce \u00e0 sa surface rugueuse.<\/p>\n<p><strong>-Stabilit\u00e9 am\u00e9lior\u00e9e<\/strong> avec son nouveau design \u00e0 double pont au c\u0153ur.<\/p>\n<h2>Obtenez-le maintenant !<\/h2>\n<p>Ne manquez pas l&#8217;occasion d&#8217;\u00e9lever votre jeu avec l&#8217;une des <strong>meilleures raquettes de padel professionnelles du march\u00e9<\/strong>. Le Bullpadel Vertex 05 Hybrid rassemble les derni\u00e8res technologies Bullpadel pour les joueurs qui veulent tout : <strong>contr\u00f4le, puissance, effets et maniabilit\u00e9<\/strong>.<\/p>\n<p>Disponible dans notre boutique en ligne <a href=\"https:\/\/www.revolutionpadelstore.com\/\">www.revolutionpadelstore.com<\/a>, probablement au <strong>meilleur prix du march\u00e9<\/strong>.<\/p>\n<h2>Bullpadel Vertex 05 Hybrid \u2013 Potencia y control con precisi\u00f3n profesional<\/h2>\n","protected":false},"excerpt":{"rendered":"<p>Avec le Bullpadel Vertex 05 Hybrid, vous b\u00e9n\u00e9ficierez d&#8217;un \u00e9quilibre parfait entre contr\u00f4le et puissance, gr\u00e2ce \u00e0 son design innovant et \u00e0 sa technologie mat\u00e9rielle de pointe.<\/p>\n","protected":false},"featured_media":267430,"comment_status":"open","ping_status":"closed","template":"","meta":{"_acf_changed":false,"_joinchat":[]},"acabado":[1107],"balance":[1142],"dureza":[1157],"forma":[1177],"jugador":[1192],"marca":[1257],"nivel-de-juego":[1337,1347],"superficie":[],"tipo-de-juego":[1387],"product_brand":[],"product_cat":[302],"product_tag":[],"class_list":{"0":"post-267424","1":"product","2":"type-product","3":"status-publish","4":"has-post-thumbnail","6":"acabado-brut","7":"balance-moyen","8":"dureza-media-fr","9":"forma-hybride","10":"jugador-homme","11":"marca-bullpadel-fr","12":"tipo-de-juego-polivalente-fr","13":"product_cat-palas-de-padel-fr","15":"first","16":"instock","17":"sale","18":"taxable","19":"shipping-taxable","20":"purchasable","21":"product-type-simple"},"acf":[],"yoast_head":"<!-- This site is optimized with the Yoast SEO plugin v27.3 - https:\/\/yoast.com\/product\/yoast-seo-wordpress\/ -->\n<title>BULLPADEL VERTEX 05 HYBRID - Revolution Padel Store<\/title>\n<meta name=\"description\" content=\"Compra la nueva pala Bullpadel Vertex 05 Hybrid en Revolution Padel Store. Control, potencia y tecnolog\u00eda de alto nivel para jugadores avanzados. \u00a1Desc\u00fabrela al mejor precio online!\" \/>\n<meta name=\"robots\" content=\"index, follow, max-snippet:-1, max-image-preview:large, max-video-preview:-1\" \/>\n<link rel=\"canonical\" href=\"https:\/\/revolutionpadelstore.com\/fr\/produit\/bullpadel-vertex-05-hybrid-3\/\" \/>\n<meta property=\"og:locale\" content=\"fr_FR\" \/>\n<meta property=\"og:type\" content=\"article\" \/>\n<meta property=\"og:title\" content=\"BULLPADEL VERTEX 05 HYBRID - Revolution Padel Store\" \/>\n<meta property=\"og:description\" content=\"Compra la nueva pala Bullpadel Vertex 05 Hybrid en Revolution Padel Store. Control, potencia y tecnolog\u00eda de alto nivel para jugadores avanzados. \u00a1Desc\u00fabrela al mejor precio online!\" \/>\n<meta property=\"og:url\" content=\"https:\/\/revolutionpadelstore.com\/fr\/produit\/bullpadel-vertex-05-hybrid-3\/\" \/>\n<meta property=\"og:site_name\" content=\"Revolution Padel Store\" \/>\n<meta property=\"article:modified_time\" content=\"2026-04-10T00:01:31+00:00\" \/>\n<meta property=\"og:image\" content=\"https:\/\/revolutionpadelstore.com\/wp-content\/uploads\/2025\/07\/120913-pala-bullpadel-vertex-05-hybrid-494397-1200x1200-1.webp\" \/>\n\t<meta property=\"og:image:width\" content=\"1200\" \/>\n\t<meta property=\"og:image:height\" content=\"1200\" \/>\n\t<meta property=\"og:image:type\" content=\"image\/webp\" \/>\n<meta name=\"twitter:card\" content=\"summary_large_image\" \/>\n<meta name=\"twitter:label1\" content=\"Dur\u00e9e de lecture estim\u00e9e\" \/>\n\t<meta name=\"twitter:data1\" content=\"2 minutes\" \/>\n<script type=\"application\/ld+json\" class=\"yoast-schema-graph\">{\"@context\":\"https:\\\/\\\/schema.org\",\"@graph\":[{\"@type\":\"WebPage\",\"@id\":\"https:\\\/\\\/revolutionpadelstore.com\\\/fr\\\/produit\\\/bullpadel-vertex-05-hybrid-3\\\/\",\"url\":\"https:\\\/\\\/revolutionpadelstore.com\\\/fr\\\/produit\\\/bullpadel-vertex-05-hybrid-3\\\/\",\"name\":\"BULLPADEL VERTEX 05 HYBRID - Revolution Padel Store\",\"isPartOf\":{\"@id\":\"https:\\\/\\\/revolutionpadelstore.com\\\/fr\\\/#website\"},\"primaryImageOfPage\":{\"@id\":\"https:\\\/\\\/revolutionpadelstore.com\\\/fr\\\/produit\\\/bullpadel-vertex-05-hybrid-3\\\/#primaryimage\"},\"image\":{\"@id\":\"https:\\\/\\\/revolutionpadelstore.com\\\/fr\\\/produit\\\/bullpadel-vertex-05-hybrid-3\\\/#primaryimage\"},\"thumbnailUrl\":\"https:\\\/\\\/revolutionpadelstore.com\\\/wp-content\\\/uploads\\\/2025\\\/07\\\/120913-pala-bullpadel-vertex-05-hybrid-494397-1200x1200-1.webp\",\"datePublished\":\"2025-07-27T14:24:31+00:00\",\"dateModified\":\"2026-04-10T00:01:31+00:00\",\"description\":\"Compra la nueva pala Bullpadel Vertex 05 Hybrid en Revolution Padel Store. Control, potencia y tecnolog\u00eda de alto nivel para jugadores avanzados. \u00a1Desc\u00fabrela al mejor precio online!\",\"breadcrumb\":{\"@id\":\"https:\\\/\\\/revolutionpadelstore.com\\\/fr\\\/produit\\\/bullpadel-vertex-05-hybrid-3\\\/#breadcrumb\"},\"inLanguage\":\"fr-FR\",\"potentialAction\":[{\"@type\":\"ReadAction\",\"target\":[\"https:\\\/\\\/revolutionpadelstore.com\\\/fr\\\/produit\\\/bullpadel-vertex-05-hybrid-3\\\/\"]}]},{\"@type\":\"ImageObject\",\"inLanguage\":\"fr-FR\",\"@id\":\"https:\\\/\\\/revolutionpadelstore.com\\\/fr\\\/produit\\\/bullpadel-vertex-05-hybrid-3\\\/#primaryimage\",\"url\":\"https:\\\/\\\/revolutionpadelstore.com\\\/wp-content\\\/uploads\\\/2025\\\/07\\\/120913-pala-bullpadel-vertex-05-hybrid-494397-1200x1200-1.webp\",\"contentUrl\":\"https:\\\/\\\/revolutionpadelstore.com\\\/wp-content\\\/uploads\\\/2025\\\/07\\\/120913-pala-bullpadel-vertex-05-hybrid-494397-1200x1200-1.webp\",\"width\":1200,\"height\":1200},{\"@type\":\"BreadcrumbList\",\"@id\":\"https:\\\/\\\/revolutionpadelstore.com\\\/fr\\\/produit\\\/bullpadel-vertex-05-hybrid-3\\\/#breadcrumb\",\"itemListElement\":[{\"@type\":\"ListItem\",\"position\":1,\"name\":\"Portada\",\"item\":\"https:\\\/\\\/revolutionpadelstore.com\\\/fr\\\/\"},{\"@type\":\"ListItem\",\"position\":2,\"name\":\"Boutique\",\"item\":\"https:\\\/\\\/revolutionpadelstore.com\\\/fr\\\/tienda\\\/\"},{\"@type\":\"ListItem\",\"position\":3,\"name\":\"BULLPADEL VERTEX 05 HYBRID\"}]},{\"@type\":\"WebSite\",\"@id\":\"https:\\\/\\\/revolutionpadelstore.com\\\/fr\\\/#website\",\"url\":\"https:\\\/\\\/revolutionpadelstore.com\\\/fr\\\/\",\"name\":\"Revolution Padel Store\",\"description\":\"\",\"publisher\":{\"@id\":\"https:\\\/\\\/revolutionpadelstore.com\\\/fr\\\/#organization\"},\"potentialAction\":[{\"@type\":\"SearchAction\",\"target\":{\"@type\":\"EntryPoint\",\"urlTemplate\":\"https:\\\/\\\/revolutionpadelstore.com\\\/fr\\\/?s={search_term_string}\"},\"query-input\":{\"@type\":\"PropertyValueSpecification\",\"valueRequired\":true,\"valueName\":\"search_term_string\"}}],\"inLanguage\":\"fr-FR\"},{\"@type\":\"Organization\",\"@id\":\"https:\\\/\\\/revolutionpadelstore.com\\\/fr\\\/#organization\",\"name\":\"Revolution Padel Store\",\"url\":\"https:\\\/\\\/revolutionpadelstore.com\\\/fr\\\/\",\"logo\":{\"@type\":\"ImageObject\",\"inLanguage\":\"fr-FR\",\"@id\":\"https:\\\/\\\/revolutionpadelstore.com\\\/fr\\\/#\\\/schema\\\/logo\\\/image\\\/\",\"url\":\"https:\\\/\\\/revolutionpadelstore.com\\\/wp-content\\\/uploads\\\/2026\\\/02\\\/revolution-padel-store.jpg\",\"contentUrl\":\"https:\\\/\\\/revolutionpadelstore.com\\\/wp-content\\\/uploads\\\/2026\\\/02\\\/revolution-padel-store.jpg\",\"width\":2000,\"height\":2000,\"caption\":\"Revolution Padel Store\"},\"image\":{\"@id\":\"https:\\\/\\\/revolutionpadelstore.com\\\/fr\\\/#\\\/schema\\\/logo\\\/image\\\/\"},\"sameAs\":[\"https:\\\/\\\/www.instagram.com\\\/revolutionpadelstore\\\/\"]}]}<\/script>\n<!-- \/ Yoast SEO plugin. -->","yoast_head_json":{"title":"BULLPADEL VERTEX 05 HYBRID - Revolution Padel Store","description":"Compra la nueva pala Bullpadel Vertex 05 Hybrid en Revolution Padel Store. Control, potencia y tecnolog\u00eda de alto nivel para jugadores avanzados. \u00a1Desc\u00fabrela al mejor precio online!","robots":{"index":"index","follow":"follow","max-snippet":"max-snippet:-1","max-image-preview":"max-image-preview:large","max-video-preview":"max-video-preview:-1"},"canonical":"https:\/\/revolutionpadelstore.com\/fr\/produit\/bullpadel-vertex-05-hybrid-3\/","og_locale":"fr_FR","og_type":"article","og_title":"BULLPADEL VERTEX 05 HYBRID - Revolution Padel Store","og_description":"Compra la nueva pala Bullpadel Vertex 05 Hybrid en Revolution Padel Store. Control, potencia y tecnolog\u00eda de alto nivel para jugadores avanzados. \u00a1Desc\u00fabrela al mejor precio online!","og_url":"https:\/\/revolutionpadelstore.com\/fr\/produit\/bullpadel-vertex-05-hybrid-3\/","og_site_name":"Revolution Padel Store","article_modified_time":"2026-04-10T00:01:31+00:00","og_image":[{"width":1200,"height":1200,"url":"https:\/\/revolutionpadelstore.com\/wp-content\/uploads\/2025\/07\/120913-pala-bullpadel-vertex-05-hybrid-494397-1200x1200-1.webp","type":"image\/webp"}],"twitter_card":"summary_large_image","twitter_misc":{"Dur\u00e9e de lecture estim\u00e9e":"2 minutes"},"schema":{"@context":"https:\/\/schema.org","@graph":[{"@type":"WebPage","@id":"https:\/\/revolutionpadelstore.com\/fr\/produit\/bullpadel-vertex-05-hybrid-3\/","url":"https:\/\/revolutionpadelstore.com\/fr\/produit\/bullpadel-vertex-05-hybrid-3\/","name":"BULLPADEL VERTEX 05 HYBRID - Revolution Padel Store","isPartOf":{"@id":"https:\/\/revolutionpadelstore.com\/fr\/#website"},"primaryImageOfPage":{"@id":"https:\/\/revolutionpadelstore.com\/fr\/produit\/bullpadel-vertex-05-hybrid-3\/#primaryimage"},"image":{"@id":"https:\/\/revolutionpadelstore.com\/fr\/produit\/bullpadel-vertex-05-hybrid-3\/#primaryimage"},"thumbnailUrl":"https:\/\/revolutionpadelstore.com\/wp-content\/uploads\/2025\/07\/120913-pala-bullpadel-vertex-05-hybrid-494397-1200x1200-1.webp","datePublished":"2025-07-27T14:24:31+00:00","dateModified":"2026-04-10T00:01:31+00:00","description":"Compra la nueva pala Bullpadel Vertex 05 Hybrid en Revolution Padel Store. Control, potencia y tecnolog\u00eda de alto nivel para jugadores avanzados. \u00a1Desc\u00fabrela al mejor precio online!","breadcrumb":{"@id":"https:\/\/revolutionpadelstore.com\/fr\/produit\/bullpadel-vertex-05-hybrid-3\/#breadcrumb"},"inLanguage":"fr-FR","potentialAction":[{"@type":"ReadAction","target":["https:\/\/revolutionpadelstore.com\/fr\/produit\/bullpadel-vertex-05-hybrid-3\/"]}]},{"@type":"ImageObject","inLanguage":"fr-FR","@id":"https:\/\/revolutionpadelstore.com\/fr\/produit\/bullpadel-vertex-05-hybrid-3\/#primaryimage","url":"https:\/\/revolutionpadelstore.com\/wp-content\/uploads\/2025\/07\/120913-pala-bullpadel-vertex-05-hybrid-494397-1200x1200-1.webp","contentUrl":"https:\/\/revolutionpadelstore.com\/wp-content\/uploads\/2025\/07\/120913-pala-bullpadel-vertex-05-hybrid-494397-1200x1200-1.webp","width":1200,"height":1200},{"@type":"BreadcrumbList","@id":"https:\/\/revolutionpadelstore.com\/fr\/produit\/bullpadel-vertex-05-hybrid-3\/#breadcrumb","itemListElement":[{"@type":"ListItem","position":1,"name":"Portada","item":"https:\/\/revolutionpadelstore.com\/fr\/"},{"@type":"ListItem","position":2,"name":"Boutique","item":"https:\/\/revolutionpadelstore.com\/fr\/tienda\/"},{"@type":"ListItem","position":3,"name":"BULLPADEL VERTEX 05 HYBRID"}]},{"@type":"WebSite","@id":"https:\/\/revolutionpadelstore.com\/fr\/#website","url":"https:\/\/revolutionpadelstore.com\/fr\/","name":"Revolution Padel Store","description":"","publisher":{"@id":"https:\/\/revolutionpadelstore.com\/fr\/#organization"},"potentialAction":[{"@type":"SearchAction","target":{"@type":"EntryPoint","urlTemplate":"https:\/\/revolutionpadelstore.com\/fr\/?s={search_term_string}"},"query-input":{"@type":"PropertyValueSpecification","valueRequired":true,"valueName":"search_term_string"}}],"inLanguage":"fr-FR"},{"@type":"Organization","@id":"https:\/\/revolutionpadelstore.com\/fr\/#organization","name":"Revolution Padel Store","url":"https:\/\/revolutionpadelstore.com\/fr\/","logo":{"@type":"ImageObject","inLanguage":"fr-FR","@id":"https:\/\/revolutionpadelstore.com\/fr\/#\/schema\/logo\/image\/","url":"https:\/\/revolutionpadelstore.com\/wp-content\/uploads\/2026\/02\/revolution-padel-store.jpg","contentUrl":"https:\/\/revolutionpadelstore.com\/wp-content\/uploads\/2026\/02\/revolution-padel-store.jpg","width":2000,"height":2000,"caption":"Revolution Padel Store"},"image":{"@id":"https:\/\/revolutionpadelstore.com\/fr\/#\/schema\/logo\/image\/"},"sameAs":["https:\/\/www.instagram.com\/revolutionpadelstore\/"]}]}},"_links":{"self":[{"href":"https:\/\/revolutionpadelstore.com\/fr\/wp-json\/wp\/v2\/product\/267424","targetHints":{"allow":["GET"]}}],"collection":[{"href":"https:\/\/revolutionpadelstore.com\/fr\/wp-json\/wp\/v2\/product"}],"about":[{"href":"https:\/\/revolutionpadelstore.com\/fr\/wp-json\/wp\/v2\/types\/product"}],"replies":[{"embeddable":true,"href":"https:\/\/revolutionpadelstore.com\/fr\/wp-json\/wp\/v2\/comments?post=267424"}],"wp:featuredmedia":[{"embeddable":true,"href":"https:\/\/revolutionpadelstore.com\/fr\/wp-json\/wp\/v2\/media\/267430"}],"wp:attachment":[{"href":"https:\/\/revolutionpadelstore.com\/fr\/wp-json\/wp\/v2\/media?parent=267424"}],"wp:term":[{"taxonomy":"acabado","embeddable":true,"href":"https:\/\/revolutionpadelstore.com\/fr\/wp-json\/wp\/v2\/acabado?post=267424"},{"taxonomy":"balance","embeddable":true,"href":"https:\/\/revolutionpadelstore.com\/fr\/wp-json\/wp\/v2\/balance?post=267424"},{"taxonomy":"dureza","embeddable":true,"href":"https:\/\/revolutionpadelstore.com\/fr\/wp-json\/wp\/v2\/dureza?post=267424"},{"taxonomy":"forma","embeddable":true,"href":"https:\/\/revolutionpadelstore.com\/fr\/wp-json\/wp\/v2\/forma?post=267424"},{"taxonomy":"jugador","embeddable":true,"href":"https:\/\/revolutionpadelstore.com\/fr\/wp-json\/wp\/v2\/jugador?post=267424"},{"taxonomy":"marca","embeddable":true,"href":"https:\/\/revolutionpadelstore.com\/fr\/wp-json\/wp\/v2\/marca?post=267424"},{"taxonomy":"nivel-de-juego","embeddable":true,"href":"https:\/\/revolutionpadelstore.com\/fr\/wp-json\/wp\/v2\/nivel-de-juego?post=267424"},{"taxonomy":"superficie","embeddable":true,"href":"https:\/\/revolutionpadelstore.com\/fr\/wp-json\/wp\/v2\/superficie?post=267424"},{"taxonomy":"tipo-de-juego","embeddable":true,"href":"https:\/\/revolutionpadelstore.com\/fr\/wp-json\/wp\/v2\/tipo-de-juego?post=267424"},{"taxonomy":"product_brand","embeddable":true,"href":"https:\/\/revolutionpadelstore.com\/fr\/wp-json\/wp\/v2\/product_brand?post=267424"},{"taxonomy":"product_cat","embeddable":true,"href":"https:\/\/revolutionpadelstore.com\/fr\/wp-json\/wp\/v2\/product_cat?post=267424"},{"taxonomy":"product_tag","embeddable":true,"href":"https:\/\/revolutionpadelstore.com\/fr\/wp-json\/wp\/v2\/product_tag?post=267424"}],"curies":[{"name":"wp","href":"https:\/\/api.w.org\/{rel}","templated":true}]}}