{"id":267229,"date":"2025-09-01T20:20:08","date_gmt":"2025-09-01T18:20:08","guid":{"rendered":"https:\/\/revolutionpadelstore.com\/joma-slam-lady-2512-gris\/"},"modified":"2026-04-10T14:04:52","modified_gmt":"2026-04-10T12:04:52","slug":"joma-slam-lady-2512-gris-3","status":"publish","type":"product","link":"https:\/\/revolutionpadelstore.com\/fr\/produit\/joma-slam-lady-2512-gris-3\/","title":{"rendered":"JOMA SLAM LADY 2512 GRIS"},"content":{"rendered":"<h2>Chaussures de paddle Slam 2512 grises pour femmes \u2013 Performance, style et confort<\/h2>\n<p>Les <strong>Chaussures de padel Slam 2512 en gris pour femmes<\/strong> sont l&#8217;option id\u00e9ale pour les joueuses exigeantes qui recherchent des <strong>performances maximales<\/strong>, un <strong>confort<\/strong> et un design attrayant sur et en dehors du terrain.<\/p>\n<p>Con\u00e7ues avec une <strong>coupe respirante<\/strong> qui int\u00e8gre le syst\u00e8me de ventilation <strong>VTS<\/strong>, ces chaussures assurent une excellente circulation de l&#8217;air, gardant vos pieds au frais m\u00eame lors des matchs les plus intenses. Sa conception l\u00e9g\u00e8re et ergonomique est compl\u00e9t\u00e9e par un syst\u00e8me de fermeture \u00e0 lacets qui offre un <strong>ajustement pr\u00e9cis et s\u00e9curis\u00e9<\/strong>.<\/p>\n<h2>Technologie et fonctionnalit\u00e9s haut de gamme<\/h2>\n<p>Ces chaussures se distinguent par l&#8217;int\u00e9gration de technologies innovantes qui \u00e9l\u00e8vent votre niveau de jeu :<\/p>\n<p><strong>-Coupe avec technologie SPORTTECH<\/strong> : Fournit un soutien suppl\u00e9mentaire et une meilleure adaptation au pied.<\/p>\n<p><strong>-Semelle interm\u00e9diaire DUAL REACTIVE avec REACTIVE BALL<\/strong> : offre un excellent amorti et un excellent retour d&#8217;\u00e9nergie \u00e0 chaque pas.<\/p>\n<p><strong>-Semelle ext\u00e9rieure DURABILITY avec STABILIS<\/strong> : Am\u00e9liore la stabilit\u00e9 et garantit une traction optimale sur tous types de surfaces.<\/p>\n<p><strong>-Renforcement DE PROTECTION<\/strong> : Prot\u00e8ge les zones les plus sensibles du pied dans les situations de jeu agressives ou \u00e0 haute intensit\u00e9.<\/p>\n<h2>Con\u00e7u pour la comp\u00e9tition<\/h2>\n<p>Id\u00e9als aussi bien pour les <strong>entra\u00eenements exigeants<\/strong> que pour les <strong>comp\u00e9titions de haut niveau<\/strong>, les Slam 2512 sont fabriqu\u00e9s avec des mat\u00e9riaux r\u00e9sistants qui garantissent une <strong>longue dur\u00e9e de vie<\/strong>. Ses <strong>performances haut de gamme<\/strong> font de ce mod\u00e8le une valeur s\u00fbre pour les joueurs en qu\u00eate de qualit\u00e9 et de durabilit\u00e9.<\/p>\n<h2>Pourquoi choisir les baskets Slam 2512 grises pour femme ?<\/h2>\n<p>Parce qu&#8217;ils combinent le meilleur de la technologie sportive avec un design moderne, vous offrant l&#8217;\u00e9quilibre parfait entre style, confort et performance. \u00c9levez votre niveau de jeu avec une chaussure con\u00e7ue pour relever tous les d\u00e9fis sur le terrain.<\/p>\n<p><strong>Achetez-les aujourd&#8217;hui et faites le saut en mati\u00e8re de qualit\u00e9 dont votre jeu a besoin !<\/strong><\/p>\n<p><strong>Disponible dans notre boutique en ligne <a href=\"https:\/\/www.revolutionpadelstore.com\/\">www.revolutionpadelstore.com<\/a>, probablement au meilleur prix du march\u00e9.<\/strong><\/p>\n","protected":false},"excerpt":{"rendered":"<p>D\u00e9couvrez les chaussures de paddle Slam 2512 en gris pour femme : con\u00e7ues pour les joueuses qui veulent tout donner sur le terrain sans renoncer au confort et au style.<\/p>\n","protected":false},"featured_media":267218,"comment_status":"open","ping_status":"closed","template":"","meta":{"_acf_changed":false,"_joinchat":[]},"acabado":[],"balance":[],"dureza":[],"forma":[],"jugador":[],"marca":[1227],"nivel-de-juego":[],"superficie":[],"tipo-de-juego":[],"product_brand":[],"product_cat":[830,456],"product_tag":[],"class_list":{"0":"post-267229","1":"product","2":"type-product","3":"status-publish","4":"has-post-thumbnail","6":"marca-joma-fr","7":"product_cat-baskets","8":"product_cat-sneakers-pour-femme","10":"first","11":"outofstock","12":"sale","13":"taxable","14":"shipping-taxable","15":"purchasable","16":"product-type-variable"},"acf":[],"yoast_head":"<!-- This site is optimized with the Yoast SEO plugin v27.4 - https:\/\/yoast.com\/product\/yoast-seo-wordpress\/ -->\n<title>JOMA SLAM LADY 2512 GRIS - Revolution Padel Store<\/title>\n<meta name=\"description\" content=\"Zapatillas de p\u00e1del Slam 2512 gris para mujer con tecnolog\u00edas SPORTECH, VTS y DUAL REACTIVE. Comodidad, durabilidad y alto rendimiento en pista. \u00a1Compra ahora al mejor precio en Revolution Padel Store!\" \/>\n<meta name=\"robots\" content=\"index, follow, max-snippet:-1, max-image-preview:large, max-video-preview:-1\" \/>\n<link rel=\"canonical\" href=\"https:\/\/revolutionpadelstore.com\/fr\/produit\/joma-slam-lady-2512-gris-3\/\" \/>\n<meta property=\"og:locale\" content=\"fr_FR\" \/>\n<meta property=\"og:type\" content=\"article\" \/>\n<meta property=\"og:title\" content=\"JOMA SLAM LADY 2512 GRIS - Revolution Padel Store\" \/>\n<meta property=\"og:description\" content=\"Zapatillas de p\u00e1del Slam 2512 gris para mujer con tecnolog\u00edas SPORTECH, VTS y DUAL REACTIVE. Comodidad, durabilidad y alto rendimiento en pista. \u00a1Compra ahora al mejor precio en Revolution Padel Store!\" \/>\n<meta property=\"og:url\" content=\"https:\/\/revolutionpadelstore.com\/fr\/produit\/joma-slam-lady-2512-gris-3\/\" \/>\n<meta property=\"og:site_name\" content=\"Revolution Padel Store\" \/>\n<meta property=\"article:modified_time\" content=\"2026-04-10T12:04:52+00:00\" \/>\n<meta property=\"og:image\" content=\"https:\/\/revolutionpadelstore.com\/wp-content\/uploads\/2025\/09\/FOTO-PALAS-30.png\" \/>\n\t<meta property=\"og:image:width\" content=\"1500\" \/>\n\t<meta property=\"og:image:height\" content=\"1500\" \/>\n\t<meta property=\"og:image:type\" content=\"image\/png\" \/>\n<meta name=\"twitter:card\" content=\"summary_large_image\" \/>\n<meta name=\"twitter:label1\" content=\"Dur\u00e9e de lecture estim\u00e9e\" \/>\n\t<meta name=\"twitter:data1\" content=\"2 minutes\" \/>\n<script type=\"application\/ld+json\" class=\"yoast-schema-graph\">{\"@context\":\"https:\\\/\\\/schema.org\",\"@graph\":[{\"@type\":\"WebPage\",\"@id\":\"https:\\\/\\\/revolutionpadelstore.com\\\/fr\\\/produit\\\/joma-slam-lady-2512-gris-3\\\/\",\"url\":\"https:\\\/\\\/revolutionpadelstore.com\\\/fr\\\/produit\\\/joma-slam-lady-2512-gris-3\\\/\",\"name\":\"JOMA SLAM LADY 2512 GRIS - Revolution Padel Store\",\"isPartOf\":{\"@id\":\"https:\\\/\\\/revolutionpadelstore.com\\\/fr\\\/#website\"},\"primaryImageOfPage\":{\"@id\":\"https:\\\/\\\/revolutionpadelstore.com\\\/fr\\\/produit\\\/joma-slam-lady-2512-gris-3\\\/#primaryimage\"},\"image\":{\"@id\":\"https:\\\/\\\/revolutionpadelstore.com\\\/fr\\\/produit\\\/joma-slam-lady-2512-gris-3\\\/#primaryimage\"},\"thumbnailUrl\":\"https:\\\/\\\/revolutionpadelstore.com\\\/wp-content\\\/uploads\\\/2025\\\/09\\\/FOTO-PALAS-30.png\",\"datePublished\":\"2025-09-01T18:20:08+00:00\",\"dateModified\":\"2026-04-10T12:04:52+00:00\",\"description\":\"Zapatillas de p\u00e1del Slam 2512 gris para mujer con tecnolog\u00edas SPORTECH, VTS y DUAL REACTIVE. Comodidad, durabilidad y alto rendimiento en pista. \u00a1Compra ahora al mejor precio en Revolution Padel Store!\",\"breadcrumb\":{\"@id\":\"https:\\\/\\\/revolutionpadelstore.com\\\/fr\\\/produit\\\/joma-slam-lady-2512-gris-3\\\/#breadcrumb\"},\"inLanguage\":\"fr-FR\",\"potentialAction\":[{\"@type\":\"ReadAction\",\"target\":[\"https:\\\/\\\/revolutionpadelstore.com\\\/fr\\\/produit\\\/joma-slam-lady-2512-gris-3\\\/\"]}]},{\"@type\":\"ImageObject\",\"inLanguage\":\"fr-FR\",\"@id\":\"https:\\\/\\\/revolutionpadelstore.com\\\/fr\\\/produit\\\/joma-slam-lady-2512-gris-3\\\/#primaryimage\",\"url\":\"https:\\\/\\\/revolutionpadelstore.com\\\/wp-content\\\/uploads\\\/2025\\\/09\\\/FOTO-PALAS-30.png\",\"contentUrl\":\"https:\\\/\\\/revolutionpadelstore.com\\\/wp-content\\\/uploads\\\/2025\\\/09\\\/FOTO-PALAS-30.png\",\"width\":1500,\"height\":1500},{\"@type\":\"BreadcrumbList\",\"@id\":\"https:\\\/\\\/revolutionpadelstore.com\\\/fr\\\/produit\\\/joma-slam-lady-2512-gris-3\\\/#breadcrumb\",\"itemListElement\":[{\"@type\":\"ListItem\",\"position\":1,\"name\":\"Portada\",\"item\":\"https:\\\/\\\/revolutionpadelstore.com\\\/fr\\\/\"},{\"@type\":\"ListItem\",\"position\":2,\"name\":\"Boutique\",\"item\":\"https:\\\/\\\/revolutionpadelstore.com\\\/fr\\\/tienda\\\/\"},{\"@type\":\"ListItem\",\"position\":3,\"name\":\"JOMA SLAM LADY 2512 GRIS\"}]},{\"@type\":\"WebSite\",\"@id\":\"https:\\\/\\\/revolutionpadelstore.com\\\/fr\\\/#website\",\"url\":\"https:\\\/\\\/revolutionpadelstore.com\\\/fr\\\/\",\"name\":\"Revolution Padel Store\",\"description\":\"\",\"publisher\":{\"@id\":\"https:\\\/\\\/revolutionpadelstore.com\\\/fr\\\/#organization\"},\"potentialAction\":[{\"@type\":\"SearchAction\",\"target\":{\"@type\":\"EntryPoint\",\"urlTemplate\":\"https:\\\/\\\/revolutionpadelstore.com\\\/fr\\\/?s={search_term_string}\"},\"query-input\":{\"@type\":\"PropertyValueSpecification\",\"valueRequired\":true,\"valueName\":\"search_term_string\"}}],\"inLanguage\":\"fr-FR\"},{\"@type\":\"Organization\",\"@id\":\"https:\\\/\\\/revolutionpadelstore.com\\\/fr\\\/#organization\",\"name\":\"Revolution Padel Store\",\"url\":\"https:\\\/\\\/revolutionpadelstore.com\\\/fr\\\/\",\"logo\":{\"@type\":\"ImageObject\",\"inLanguage\":\"fr-FR\",\"@id\":\"https:\\\/\\\/revolutionpadelstore.com\\\/fr\\\/#\\\/schema\\\/logo\\\/image\\\/\",\"url\":\"https:\\\/\\\/revolutionpadelstore.com\\\/wp-content\\\/uploads\\\/2026\\\/02\\\/revolution-padel-store.jpg\",\"contentUrl\":\"https:\\\/\\\/revolutionpadelstore.com\\\/wp-content\\\/uploads\\\/2026\\\/02\\\/revolution-padel-store.jpg\",\"width\":2000,\"height\":2000,\"caption\":\"Revolution Padel Store\"},\"image\":{\"@id\":\"https:\\\/\\\/revolutionpadelstore.com\\\/fr\\\/#\\\/schema\\\/logo\\\/image\\\/\"},\"sameAs\":[\"https:\\\/\\\/www.instagram.com\\\/revolutionpadelstore\\\/\"]}]}<\/script>\n<!-- \/ Yoast SEO plugin. -->","yoast_head_json":{"title":"JOMA SLAM LADY 2512 GRIS - Revolution Padel Store","description":"Zapatillas de p\u00e1del Slam 2512 gris para mujer con tecnolog\u00edas SPORTECH, VTS y DUAL REACTIVE. Comodidad, durabilidad y alto rendimiento en pista. \u00a1Compra ahora al mejor precio en Revolution Padel Store!","robots":{"index":"index","follow":"follow","max-snippet":"max-snippet:-1","max-image-preview":"max-image-preview:large","max-video-preview":"max-video-preview:-1"},"canonical":"https:\/\/revolutionpadelstore.com\/fr\/produit\/joma-slam-lady-2512-gris-3\/","og_locale":"fr_FR","og_type":"article","og_title":"JOMA SLAM LADY 2512 GRIS - Revolution Padel Store","og_description":"Zapatillas de p\u00e1del Slam 2512 gris para mujer con tecnolog\u00edas SPORTECH, VTS y DUAL REACTIVE. Comodidad, durabilidad y alto rendimiento en pista. \u00a1Compra ahora al mejor precio en Revolution Padel Store!","og_url":"https:\/\/revolutionpadelstore.com\/fr\/produit\/joma-slam-lady-2512-gris-3\/","og_site_name":"Revolution Padel Store","article_modified_time":"2026-04-10T12:04:52+00:00","og_image":[{"width":1500,"height":1500,"url":"https:\/\/revolutionpadelstore.com\/wp-content\/uploads\/2025\/09\/FOTO-PALAS-30.png","type":"image\/png"}],"twitter_card":"summary_large_image","twitter_misc":{"Dur\u00e9e de lecture estim\u00e9e":"2 minutes"},"schema":{"@context":"https:\/\/schema.org","@graph":[{"@type":"WebPage","@id":"https:\/\/revolutionpadelstore.com\/fr\/produit\/joma-slam-lady-2512-gris-3\/","url":"https:\/\/revolutionpadelstore.com\/fr\/produit\/joma-slam-lady-2512-gris-3\/","name":"JOMA SLAM LADY 2512 GRIS - Revolution Padel Store","isPartOf":{"@id":"https:\/\/revolutionpadelstore.com\/fr\/#website"},"primaryImageOfPage":{"@id":"https:\/\/revolutionpadelstore.com\/fr\/produit\/joma-slam-lady-2512-gris-3\/#primaryimage"},"image":{"@id":"https:\/\/revolutionpadelstore.com\/fr\/produit\/joma-slam-lady-2512-gris-3\/#primaryimage"},"thumbnailUrl":"https:\/\/revolutionpadelstore.com\/wp-content\/uploads\/2025\/09\/FOTO-PALAS-30.png","datePublished":"2025-09-01T18:20:08+00:00","dateModified":"2026-04-10T12:04:52+00:00","description":"Zapatillas de p\u00e1del Slam 2512 gris para mujer con tecnolog\u00edas SPORTECH, VTS y DUAL REACTIVE. Comodidad, durabilidad y alto rendimiento en pista. \u00a1Compra ahora al mejor precio en Revolution Padel Store!","breadcrumb":{"@id":"https:\/\/revolutionpadelstore.com\/fr\/produit\/joma-slam-lady-2512-gris-3\/#breadcrumb"},"inLanguage":"fr-FR","potentialAction":[{"@type":"ReadAction","target":["https:\/\/revolutionpadelstore.com\/fr\/produit\/joma-slam-lady-2512-gris-3\/"]}]},{"@type":"ImageObject","inLanguage":"fr-FR","@id":"https:\/\/revolutionpadelstore.com\/fr\/produit\/joma-slam-lady-2512-gris-3\/#primaryimage","url":"https:\/\/revolutionpadelstore.com\/wp-content\/uploads\/2025\/09\/FOTO-PALAS-30.png","contentUrl":"https:\/\/revolutionpadelstore.com\/wp-content\/uploads\/2025\/09\/FOTO-PALAS-30.png","width":1500,"height":1500},{"@type":"BreadcrumbList","@id":"https:\/\/revolutionpadelstore.com\/fr\/produit\/joma-slam-lady-2512-gris-3\/#breadcrumb","itemListElement":[{"@type":"ListItem","position":1,"name":"Portada","item":"https:\/\/revolutionpadelstore.com\/fr\/"},{"@type":"ListItem","position":2,"name":"Boutique","item":"https:\/\/revolutionpadelstore.com\/fr\/tienda\/"},{"@type":"ListItem","position":3,"name":"JOMA SLAM LADY 2512 GRIS"}]},{"@type":"WebSite","@id":"https:\/\/revolutionpadelstore.com\/fr\/#website","url":"https:\/\/revolutionpadelstore.com\/fr\/","name":"Revolution Padel Store","description":"","publisher":{"@id":"https:\/\/revolutionpadelstore.com\/fr\/#organization"},"potentialAction":[{"@type":"SearchAction","target":{"@type":"EntryPoint","urlTemplate":"https:\/\/revolutionpadelstore.com\/fr\/?s={search_term_string}"},"query-input":{"@type":"PropertyValueSpecification","valueRequired":true,"valueName":"search_term_string"}}],"inLanguage":"fr-FR"},{"@type":"Organization","@id":"https:\/\/revolutionpadelstore.com\/fr\/#organization","name":"Revolution Padel Store","url":"https:\/\/revolutionpadelstore.com\/fr\/","logo":{"@type":"ImageObject","inLanguage":"fr-FR","@id":"https:\/\/revolutionpadelstore.com\/fr\/#\/schema\/logo\/image\/","url":"https:\/\/revolutionpadelstore.com\/wp-content\/uploads\/2026\/02\/revolution-padel-store.jpg","contentUrl":"https:\/\/revolutionpadelstore.com\/wp-content\/uploads\/2026\/02\/revolution-padel-store.jpg","width":2000,"height":2000,"caption":"Revolution Padel Store"},"image":{"@id":"https:\/\/revolutionpadelstore.com\/fr\/#\/schema\/logo\/image\/"},"sameAs":["https:\/\/www.instagram.com\/revolutionpadelstore\/"]}]}},"_links":{"self":[{"href":"https:\/\/revolutionpadelstore.com\/fr\/wp-json\/wp\/v2\/product\/267229","targetHints":{"allow":["GET"]}}],"collection":[{"href":"https:\/\/revolutionpadelstore.com\/fr\/wp-json\/wp\/v2\/product"}],"about":[{"href":"https:\/\/revolutionpadelstore.com\/fr\/wp-json\/wp\/v2\/types\/product"}],"replies":[{"embeddable":true,"href":"https:\/\/revolutionpadelstore.com\/fr\/wp-json\/wp\/v2\/comments?post=267229"}],"wp:featuredmedia":[{"embeddable":true,"href":"https:\/\/revolutionpadelstore.com\/fr\/wp-json\/wp\/v2\/media\/267218"}],"wp:attachment":[{"href":"https:\/\/revolutionpadelstore.com\/fr\/wp-json\/wp\/v2\/media?parent=267229"}],"wp:term":[{"taxonomy":"acabado","embeddable":true,"href":"https:\/\/revolutionpadelstore.com\/fr\/wp-json\/wp\/v2\/acabado?post=267229"},{"taxonomy":"balance","embeddable":true,"href":"https:\/\/revolutionpadelstore.com\/fr\/wp-json\/wp\/v2\/balance?post=267229"},{"taxonomy":"dureza","embeddable":true,"href":"https:\/\/revolutionpadelstore.com\/fr\/wp-json\/wp\/v2\/dureza?post=267229"},{"taxonomy":"forma","embeddable":true,"href":"https:\/\/revolutionpadelstore.com\/fr\/wp-json\/wp\/v2\/forma?post=267229"},{"taxonomy":"jugador","embeddable":true,"href":"https:\/\/revolutionpadelstore.com\/fr\/wp-json\/wp\/v2\/jugador?post=267229"},{"taxonomy":"marca","embeddable":true,"href":"https:\/\/revolutionpadelstore.com\/fr\/wp-json\/wp\/v2\/marca?post=267229"},{"taxonomy":"nivel-de-juego","embeddable":true,"href":"https:\/\/revolutionpadelstore.com\/fr\/wp-json\/wp\/v2\/nivel-de-juego?post=267229"},{"taxonomy":"superficie","embeddable":true,"href":"https:\/\/revolutionpadelstore.com\/fr\/wp-json\/wp\/v2\/superficie?post=267229"},{"taxonomy":"tipo-de-juego","embeddable":true,"href":"https:\/\/revolutionpadelstore.com\/fr\/wp-json\/wp\/v2\/tipo-de-juego?post=267229"},{"taxonomy":"product_brand","embeddable":true,"href":"https:\/\/revolutionpadelstore.com\/fr\/wp-json\/wp\/v2\/product_brand?post=267229"},{"taxonomy":"product_cat","embeddable":true,"href":"https:\/\/revolutionpadelstore.com\/fr\/wp-json\/wp\/v2\/product_cat?post=267229"},{"taxonomy":"product_tag","embeddable":true,"href":"https:\/\/revolutionpadelstore.com\/fr\/wp-json\/wp\/v2\/product_tag?post=267229"}],"curies":[{"name":"wp","href":"https:\/\/api.w.org\/{rel}","templated":true}]}}