{"id":267179,"date":"2025-09-01T19:27:10","date_gmt":"2025-09-01T17:27:10","guid":{"rendered":"https:\/\/revolutionpadelstore.com\/joma-open-men-2528-naranja\/"},"modified":"2026-04-08T03:56:54","modified_gmt":"2026-04-08T01:56:54","slug":"joma-open-men-2528-naranja-3","status":"publish","type":"product","link":"https:\/\/revolutionpadelstore.com\/fr\/produit\/joma-open-men-2528-naranja-3\/","title":{"rendered":"JOMA OPEN MEN 2528 NARANJA"},"content":{"rendered":"<h2>JOMA Open 2528 Homme \u2013 Orange Safran<\/h2>\n<h2>Confort, technologie et performances \u00e0 chaque instant<\/h2>\n<p>D\u00e9couvrez les <strong>Chaussures de padel Open 2528 pour hommes<\/strong> dans une couleur vibrante <strong>Orange Safran<\/strong>, con\u00e7ues pour les joueurs recherchant <strong>un maximum de confort, de maintien et de performance<\/strong> sur le terrain. Ce mod\u00e8le combine une technologie avanc\u00e9e avec des mat\u00e9riaux de haute qualit\u00e9 pour offrir une exp\u00e9rience de jeu sup\u00e9rieure, aussi bien \u00e0 l&#8217;entra\u00eenement que lors de matchs exigeants.<\/p>\n<h2>Une technologie et un design qui font la diff\u00e9rence<\/h2>\n<p>Ces chaussures int\u00e8grent une <strong>coupe respirante VTS<\/strong>, qui favorise la ventilation et garde vos pieds <strong>au frais et au sec<\/strong> m\u00eame pendant les matchs les plus intenses. Gr\u00e2ce \u00e0 la technologie <strong>SPORTECH<\/strong>, un ajustement anatomique et sans couture est obtenu, ce qui r\u00e9duit le risque de frottement et am\u00e9liore la mobilit\u00e9.<\/p>\n<p>La <strong>semelle interm\u00e9diaire en phylon de diff\u00e9rentes densit\u00e9s<\/strong> est renforc\u00e9e avec de la <strong>REACTIVE FOAM<\/strong>, offrant un amorti, un retour d&#8217;\u00e9nergie et un soutien exceptionnels \u00e0 chaque mouvement.<\/p>\n<h2>Semelle haute durabilit\u00e9 et stabilit\u00e9 sup\u00e9rieure<\/h2>\n<p>La semelle, en caoutchouc <strong>DURABILITY<\/strong>, garantit une <strong>excellente traction et r\u00e9sistance \u00e0 l&#8217;usure<\/strong>, id\u00e9ale pour les surfaces de padel. Le contrefort arri\u00e8re EXO Counter am\u00e9liore la stabilit\u00e9 \u00e0 chaque changement de direction, tandis que le renfort PROTECTION offre une couche de s\u00e9curit\u00e9 suppl\u00e9mentaire contre les impacts ou les tra\u00een\u00e9es lat\u00e9rales.<\/p>\n<h2>Caract\u00e9ristiques techniques<\/h2>\n<p><strong>-Type<\/strong> : Chaussures de padel pour hommes<\/p>\n<p><strong>-Upper Cut<\/strong> : Mesh respirant avec syst\u00e8me <strong>VTS<\/strong><\/p>\n<p><strong>-Fit<\/strong> : technologie <strong>SPORTTECH<\/strong> pour une adaptation maximale<\/p>\n<p><strong>-Semelle interm\u00e9diaire<\/strong> : Phylon de diff\u00e9rentes densit\u00e9s avec <strong>FOAM REACTIVE<\/strong><\/p>\n<p><strong>-Semelle<\/strong> : Caoutchouc haute r\u00e9sistance <strong>DURABILIT\u00c9<\/strong><\/p>\n<p><strong>-Stabilit\u00e9<\/strong> : Compteur arri\u00e8re <strong>EXO Counter<\/strong><\/p>\n<p><strong>-Protection<\/strong> : Renfort avant <strong>PROTECTION<\/strong><\/p>\n<h2>Pourquoi choisir l&#8217;Open 2528 ?<\/h2>\n<p>Respirabilit\u00e9 et confort pour jouer sans g\u00eane<\/p>\n<p>Un soutien et un amorti qui prot\u00e8gent vos articulations<\/p>\n<p>Semelle durable pour une adh\u00e9rence s\u00fbre et durable<\/p>\n<p>Un design moderne qui se d\u00e9marque sur et en dehors du terrain<\/p>\n<p><strong>Ne manquez pas l&#8217;occasion d&#8217;am\u00e9liorer votre jeu avec les chaussures Open 2528 Orange Safran pour hommes.<\/strong> Achetez maintenant sur <strong><a href=\"https:\/\/www.revolutionpadelstore.com\/\">www.revolutionpadelstore.com<\/a><\/strong>, probablement au <strong>meilleur prix du march\u00e9<\/strong>.<\/p>\n<h2>JOMA Open 2528 Hombre \u2013 Naranja Saffron<\/h2>\n","protected":false},"excerpt":{"rendered":"<p>D\u00e9couvrez les chaussures de padel Open 2528 pour hommes dans le ton saisissant orange safran. Ils sont con\u00e7us pour les joueurs qui privil\u00e9gient le confort, la stabilit\u00e9 et un haut niveau de performance sur le terrain. Gr\u00e2ce \u00e0 sa combinaison de technologie innovante et de mat\u00e9riaux haut de gamme, ce mod\u00e8le assure une exp\u00e9rience de jeu exceptionnelle, id\u00e9ale aussi bien pour les entra\u00eenements que pour les matchs les plus exigeants.<\/p>\n","protected":false},"featured_media":267144,"comment_status":"open","ping_status":"closed","template":"","meta":{"_acf_changed":false,"_joinchat":[]},"acabado":[],"balance":[],"dureza":[],"forma":[],"jugador":[],"marca":[1227],"nivel-de-juego":[],"superficie":[],"tipo-de-juego":[],"product_brand":[],"product_cat":[830],"product_tag":[],"class_list":{"0":"post-267179","1":"product","2":"type-product","3":"status-publish","4":"has-post-thumbnail","6":"marca-joma-fr","7":"product_cat-baskets","9":"first","10":"outofstock","11":"sale","12":"taxable","13":"shipping-taxable","14":"purchasable","15":"product-type-variable"},"acf":[],"yoast_head":"<!-- This site is optimized with the Yoast SEO plugin v27.4 - https:\/\/yoast.com\/product\/yoast-seo-wordpress\/ -->\n<title>JOMA OPEN MEN 2528 NARANJA - Revolution Padel Store<\/title>\n<meta name=\"description\" content=\"Zapatillas de P\u00e1del Open 2528 para hombre en color naranja saffron con corte transpirable VTS, tecnolog\u00eda SPORTECH, mediasuela FOAM REACTIVE y suela DURABILITY. Cons\u00edguelas al mejor precio en www.revolutionpadelstore.com.\" \/>\n<meta name=\"robots\" content=\"index, follow, max-snippet:-1, max-image-preview:large, max-video-preview:-1\" \/>\n<link rel=\"canonical\" href=\"https:\/\/revolutionpadelstore.com\/fr\/produit\/joma-open-men-2528-naranja-3\/\" \/>\n<meta property=\"og:locale\" content=\"fr_FR\" \/>\n<meta property=\"og:type\" content=\"article\" \/>\n<meta property=\"og:title\" content=\"JOMA OPEN MEN 2528 NARANJA - Revolution Padel Store\" \/>\n<meta property=\"og:description\" content=\"Zapatillas de P\u00e1del Open 2528 para hombre en color naranja saffron con corte transpirable VTS, tecnolog\u00eda SPORTECH, mediasuela FOAM REACTIVE y suela DURABILITY. Cons\u00edguelas al mejor precio en www.revolutionpadelstore.com.\" \/>\n<meta property=\"og:url\" content=\"https:\/\/revolutionpadelstore.com\/fr\/produit\/joma-open-men-2528-naranja-3\/\" \/>\n<meta property=\"og:site_name\" content=\"Revolution Padel Store\" \/>\n<meta property=\"article:modified_time\" content=\"2026-04-08T01:56:54+00:00\" \/>\n<meta property=\"og:image\" content=\"https:\/\/revolutionpadelstore.com\/wp-content\/uploads\/2025\/09\/326.png\" \/>\n\t<meta property=\"og:image:width\" content=\"1500\" \/>\n\t<meta property=\"og:image:height\" content=\"1500\" \/>\n\t<meta property=\"og:image:type\" content=\"image\/png\" \/>\n<meta name=\"twitter:card\" content=\"summary_large_image\" \/>\n<meta name=\"twitter:label1\" content=\"Dur\u00e9e de lecture estim\u00e9e\" \/>\n\t<meta name=\"twitter:data1\" content=\"2 minutes\" \/>\n<script type=\"application\/ld+json\" class=\"yoast-schema-graph\">{\"@context\":\"https:\\\/\\\/schema.org\",\"@graph\":[{\"@type\":\"WebPage\",\"@id\":\"https:\\\/\\\/revolutionpadelstore.com\\\/fr\\\/produit\\\/joma-open-men-2528-naranja-3\\\/\",\"url\":\"https:\\\/\\\/revolutionpadelstore.com\\\/fr\\\/produit\\\/joma-open-men-2528-naranja-3\\\/\",\"name\":\"JOMA OPEN MEN 2528 NARANJA - Revolution Padel Store\",\"isPartOf\":{\"@id\":\"https:\\\/\\\/revolutionpadelstore.com\\\/fr\\\/#website\"},\"primaryImageOfPage\":{\"@id\":\"https:\\\/\\\/revolutionpadelstore.com\\\/fr\\\/produit\\\/joma-open-men-2528-naranja-3\\\/#primaryimage\"},\"image\":{\"@id\":\"https:\\\/\\\/revolutionpadelstore.com\\\/fr\\\/produit\\\/joma-open-men-2528-naranja-3\\\/#primaryimage\"},\"thumbnailUrl\":\"https:\\\/\\\/revolutionpadelstore.com\\\/wp-content\\\/uploads\\\/2025\\\/09\\\/326.png\",\"datePublished\":\"2025-09-01T17:27:10+00:00\",\"dateModified\":\"2026-04-08T01:56:54+00:00\",\"description\":\"Zapatillas de P\u00e1del Open 2528 para hombre en color naranja saffron con corte transpirable VTS, tecnolog\u00eda SPORTECH, mediasuela FOAM REACTIVE y suela DURABILITY. Cons\u00edguelas al mejor precio en www.revolutionpadelstore.com.\",\"breadcrumb\":{\"@id\":\"https:\\\/\\\/revolutionpadelstore.com\\\/fr\\\/produit\\\/joma-open-men-2528-naranja-3\\\/#breadcrumb\"},\"inLanguage\":\"fr-FR\",\"potentialAction\":[{\"@type\":\"ReadAction\",\"target\":[\"https:\\\/\\\/revolutionpadelstore.com\\\/fr\\\/produit\\\/joma-open-men-2528-naranja-3\\\/\"]}]},{\"@type\":\"ImageObject\",\"inLanguage\":\"fr-FR\",\"@id\":\"https:\\\/\\\/revolutionpadelstore.com\\\/fr\\\/produit\\\/joma-open-men-2528-naranja-3\\\/#primaryimage\",\"url\":\"https:\\\/\\\/revolutionpadelstore.com\\\/wp-content\\\/uploads\\\/2025\\\/09\\\/326.png\",\"contentUrl\":\"https:\\\/\\\/revolutionpadelstore.com\\\/wp-content\\\/uploads\\\/2025\\\/09\\\/326.png\",\"width\":1500,\"height\":1500},{\"@type\":\"BreadcrumbList\",\"@id\":\"https:\\\/\\\/revolutionpadelstore.com\\\/fr\\\/produit\\\/joma-open-men-2528-naranja-3\\\/#breadcrumb\",\"itemListElement\":[{\"@type\":\"ListItem\",\"position\":1,\"name\":\"Portada\",\"item\":\"https:\\\/\\\/revolutionpadelstore.com\\\/fr\\\/\"},{\"@type\":\"ListItem\",\"position\":2,\"name\":\"Boutique\",\"item\":\"https:\\\/\\\/revolutionpadelstore.com\\\/fr\\\/tienda\\\/\"},{\"@type\":\"ListItem\",\"position\":3,\"name\":\"JOMA OPEN MEN 2528 NARANJA\"}]},{\"@type\":\"WebSite\",\"@id\":\"https:\\\/\\\/revolutionpadelstore.com\\\/fr\\\/#website\",\"url\":\"https:\\\/\\\/revolutionpadelstore.com\\\/fr\\\/\",\"name\":\"Revolution Padel Store\",\"description\":\"\",\"publisher\":{\"@id\":\"https:\\\/\\\/revolutionpadelstore.com\\\/fr\\\/#organization\"},\"potentialAction\":[{\"@type\":\"SearchAction\",\"target\":{\"@type\":\"EntryPoint\",\"urlTemplate\":\"https:\\\/\\\/revolutionpadelstore.com\\\/fr\\\/?s={search_term_string}\"},\"query-input\":{\"@type\":\"PropertyValueSpecification\",\"valueRequired\":true,\"valueName\":\"search_term_string\"}}],\"inLanguage\":\"fr-FR\"},{\"@type\":\"Organization\",\"@id\":\"https:\\\/\\\/revolutionpadelstore.com\\\/fr\\\/#organization\",\"name\":\"Revolution Padel Store\",\"url\":\"https:\\\/\\\/revolutionpadelstore.com\\\/fr\\\/\",\"logo\":{\"@type\":\"ImageObject\",\"inLanguage\":\"fr-FR\",\"@id\":\"https:\\\/\\\/revolutionpadelstore.com\\\/fr\\\/#\\\/schema\\\/logo\\\/image\\\/\",\"url\":\"https:\\\/\\\/revolutionpadelstore.com\\\/wp-content\\\/uploads\\\/2026\\\/02\\\/revolution-padel-store.jpg\",\"contentUrl\":\"https:\\\/\\\/revolutionpadelstore.com\\\/wp-content\\\/uploads\\\/2026\\\/02\\\/revolution-padel-store.jpg\",\"width\":2000,\"height\":2000,\"caption\":\"Revolution Padel Store\"},\"image\":{\"@id\":\"https:\\\/\\\/revolutionpadelstore.com\\\/fr\\\/#\\\/schema\\\/logo\\\/image\\\/\"},\"sameAs\":[\"https:\\\/\\\/www.instagram.com\\\/revolutionpadelstore\\\/\"]}]}<\/script>\n<!-- \/ Yoast SEO plugin. -->","yoast_head_json":{"title":"JOMA OPEN MEN 2528 NARANJA - Revolution Padel Store","description":"Zapatillas de P\u00e1del Open 2528 para hombre en color naranja saffron con corte transpirable VTS, tecnolog\u00eda SPORTECH, mediasuela FOAM REACTIVE y suela DURABILITY. Cons\u00edguelas al mejor precio en www.revolutionpadelstore.com.","robots":{"index":"index","follow":"follow","max-snippet":"max-snippet:-1","max-image-preview":"max-image-preview:large","max-video-preview":"max-video-preview:-1"},"canonical":"https:\/\/revolutionpadelstore.com\/fr\/produit\/joma-open-men-2528-naranja-3\/","og_locale":"fr_FR","og_type":"article","og_title":"JOMA OPEN MEN 2528 NARANJA - Revolution Padel Store","og_description":"Zapatillas de P\u00e1del Open 2528 para hombre en color naranja saffron con corte transpirable VTS, tecnolog\u00eda SPORTECH, mediasuela FOAM REACTIVE y suela DURABILITY. Cons\u00edguelas al mejor precio en www.revolutionpadelstore.com.","og_url":"https:\/\/revolutionpadelstore.com\/fr\/produit\/joma-open-men-2528-naranja-3\/","og_site_name":"Revolution Padel Store","article_modified_time":"2026-04-08T01:56:54+00:00","og_image":[{"width":1500,"height":1500,"url":"https:\/\/revolutionpadelstore.com\/wp-content\/uploads\/2025\/09\/326.png","type":"image\/png"}],"twitter_card":"summary_large_image","twitter_misc":{"Dur\u00e9e de lecture estim\u00e9e":"2 minutes"},"schema":{"@context":"https:\/\/schema.org","@graph":[{"@type":"WebPage","@id":"https:\/\/revolutionpadelstore.com\/fr\/produit\/joma-open-men-2528-naranja-3\/","url":"https:\/\/revolutionpadelstore.com\/fr\/produit\/joma-open-men-2528-naranja-3\/","name":"JOMA OPEN MEN 2528 NARANJA - Revolution Padel Store","isPartOf":{"@id":"https:\/\/revolutionpadelstore.com\/fr\/#website"},"primaryImageOfPage":{"@id":"https:\/\/revolutionpadelstore.com\/fr\/produit\/joma-open-men-2528-naranja-3\/#primaryimage"},"image":{"@id":"https:\/\/revolutionpadelstore.com\/fr\/produit\/joma-open-men-2528-naranja-3\/#primaryimage"},"thumbnailUrl":"https:\/\/revolutionpadelstore.com\/wp-content\/uploads\/2025\/09\/326.png","datePublished":"2025-09-01T17:27:10+00:00","dateModified":"2026-04-08T01:56:54+00:00","description":"Zapatillas de P\u00e1del Open 2528 para hombre en color naranja saffron con corte transpirable VTS, tecnolog\u00eda SPORTECH, mediasuela FOAM REACTIVE y suela DURABILITY. Cons\u00edguelas al mejor precio en www.revolutionpadelstore.com.","breadcrumb":{"@id":"https:\/\/revolutionpadelstore.com\/fr\/produit\/joma-open-men-2528-naranja-3\/#breadcrumb"},"inLanguage":"fr-FR","potentialAction":[{"@type":"ReadAction","target":["https:\/\/revolutionpadelstore.com\/fr\/produit\/joma-open-men-2528-naranja-3\/"]}]},{"@type":"ImageObject","inLanguage":"fr-FR","@id":"https:\/\/revolutionpadelstore.com\/fr\/produit\/joma-open-men-2528-naranja-3\/#primaryimage","url":"https:\/\/revolutionpadelstore.com\/wp-content\/uploads\/2025\/09\/326.png","contentUrl":"https:\/\/revolutionpadelstore.com\/wp-content\/uploads\/2025\/09\/326.png","width":1500,"height":1500},{"@type":"BreadcrumbList","@id":"https:\/\/revolutionpadelstore.com\/fr\/produit\/joma-open-men-2528-naranja-3\/#breadcrumb","itemListElement":[{"@type":"ListItem","position":1,"name":"Portada","item":"https:\/\/revolutionpadelstore.com\/fr\/"},{"@type":"ListItem","position":2,"name":"Boutique","item":"https:\/\/revolutionpadelstore.com\/fr\/tienda\/"},{"@type":"ListItem","position":3,"name":"JOMA OPEN MEN 2528 NARANJA"}]},{"@type":"WebSite","@id":"https:\/\/revolutionpadelstore.com\/fr\/#website","url":"https:\/\/revolutionpadelstore.com\/fr\/","name":"Revolution Padel Store","description":"","publisher":{"@id":"https:\/\/revolutionpadelstore.com\/fr\/#organization"},"potentialAction":[{"@type":"SearchAction","target":{"@type":"EntryPoint","urlTemplate":"https:\/\/revolutionpadelstore.com\/fr\/?s={search_term_string}"},"query-input":{"@type":"PropertyValueSpecification","valueRequired":true,"valueName":"search_term_string"}}],"inLanguage":"fr-FR"},{"@type":"Organization","@id":"https:\/\/revolutionpadelstore.com\/fr\/#organization","name":"Revolution Padel Store","url":"https:\/\/revolutionpadelstore.com\/fr\/","logo":{"@type":"ImageObject","inLanguage":"fr-FR","@id":"https:\/\/revolutionpadelstore.com\/fr\/#\/schema\/logo\/image\/","url":"https:\/\/revolutionpadelstore.com\/wp-content\/uploads\/2026\/02\/revolution-padel-store.jpg","contentUrl":"https:\/\/revolutionpadelstore.com\/wp-content\/uploads\/2026\/02\/revolution-padel-store.jpg","width":2000,"height":2000,"caption":"Revolution Padel Store"},"image":{"@id":"https:\/\/revolutionpadelstore.com\/fr\/#\/schema\/logo\/image\/"},"sameAs":["https:\/\/www.instagram.com\/revolutionpadelstore\/"]}]}},"_links":{"self":[{"href":"https:\/\/revolutionpadelstore.com\/fr\/wp-json\/wp\/v2\/product\/267179","targetHints":{"allow":["GET"]}}],"collection":[{"href":"https:\/\/revolutionpadelstore.com\/fr\/wp-json\/wp\/v2\/product"}],"about":[{"href":"https:\/\/revolutionpadelstore.com\/fr\/wp-json\/wp\/v2\/types\/product"}],"replies":[{"embeddable":true,"href":"https:\/\/revolutionpadelstore.com\/fr\/wp-json\/wp\/v2\/comments?post=267179"}],"wp:featuredmedia":[{"embeddable":true,"href":"https:\/\/revolutionpadelstore.com\/fr\/wp-json\/wp\/v2\/media\/267144"}],"wp:attachment":[{"href":"https:\/\/revolutionpadelstore.com\/fr\/wp-json\/wp\/v2\/media?parent=267179"}],"wp:term":[{"taxonomy":"acabado","embeddable":true,"href":"https:\/\/revolutionpadelstore.com\/fr\/wp-json\/wp\/v2\/acabado?post=267179"},{"taxonomy":"balance","embeddable":true,"href":"https:\/\/revolutionpadelstore.com\/fr\/wp-json\/wp\/v2\/balance?post=267179"},{"taxonomy":"dureza","embeddable":true,"href":"https:\/\/revolutionpadelstore.com\/fr\/wp-json\/wp\/v2\/dureza?post=267179"},{"taxonomy":"forma","embeddable":true,"href":"https:\/\/revolutionpadelstore.com\/fr\/wp-json\/wp\/v2\/forma?post=267179"},{"taxonomy":"jugador","embeddable":true,"href":"https:\/\/revolutionpadelstore.com\/fr\/wp-json\/wp\/v2\/jugador?post=267179"},{"taxonomy":"marca","embeddable":true,"href":"https:\/\/revolutionpadelstore.com\/fr\/wp-json\/wp\/v2\/marca?post=267179"},{"taxonomy":"nivel-de-juego","embeddable":true,"href":"https:\/\/revolutionpadelstore.com\/fr\/wp-json\/wp\/v2\/nivel-de-juego?post=267179"},{"taxonomy":"superficie","embeddable":true,"href":"https:\/\/revolutionpadelstore.com\/fr\/wp-json\/wp\/v2\/superficie?post=267179"},{"taxonomy":"tipo-de-juego","embeddable":true,"href":"https:\/\/revolutionpadelstore.com\/fr\/wp-json\/wp\/v2\/tipo-de-juego?post=267179"},{"taxonomy":"product_brand","embeddable":true,"href":"https:\/\/revolutionpadelstore.com\/fr\/wp-json\/wp\/v2\/product_brand?post=267179"},{"taxonomy":"product_cat","embeddable":true,"href":"https:\/\/revolutionpadelstore.com\/fr\/wp-json\/wp\/v2\/product_cat?post=267179"},{"taxonomy":"product_tag","embeddable":true,"href":"https:\/\/revolutionpadelstore.com\/fr\/wp-json\/wp\/v2\/product_tag?post=267179"}],"curies":[{"name":"wp","href":"https:\/\/api.w.org\/{rel}","templated":true}]}}