{"id":266367,"date":"2025-08-28T19:28:29","date_gmt":"2025-08-28T17:28:29","guid":{"rendered":"https:\/\/revolutionpadelstore.com\/joma-spin-men-2509-amarillo-fluor\/"},"modified":"2026-04-08T04:00:24","modified_gmt":"2026-04-08T02:00:24","slug":"joma-spin-men-2509-amarillo-fluor-3","status":"publish","type":"product","link":"https:\/\/revolutionpadelstore.com\/fr\/produit\/joma-spin-men-2509-amarillo-fluor-3\/","title":{"rendered":"JOMA SPIN MEN 2509 AMARILLO FL\u00daOR"},"content":{"rendered":"<h2><strong>Joma Spin 2509 Jaune Fluor<\/strong><\/h2>\n<p>Les Joma Spin 2509 Fluor Yellow ont \u00e9t\u00e9 con\u00e7ues pour les joueurs exigeants \u00e0 la recherche de chaussures de padel professionnelles, confortables et dot\u00e9es d&#8217;une technologie performante. Test\u00e9es par des joueurs comme Jos\u00e9 Diestro, ces chaussures sont pr\u00eates \u00e0 r\u00e9sister \u00e0 l&#8217;intensit\u00e9 du padel comp\u00e9titif, offrant stabilit\u00e9, agilit\u00e9 et confort \u00e0 chaque jeu.<\/p>\n<h2><strong>Caract\u00e9ristiques principales :<\/strong><\/h2>\n<p>-Tige technique avec technologie VTS : mesh respirant qui garde vos pieds au frais tout au long du jeu.<\/p>\n<p>-Ajustement confortable et l\u00e9ger gr\u00e2ce au syst\u00e8me de thermoscellage JOMA SPORTECH, qui garantit un maintien sans ajouter de poids.<\/p>\n<p>-Renforts avec technologie PROTECTION dans les zones les plus expos\u00e9es pour une plus grande durabilit\u00e9.<\/p>\n<p>-Amorti et stabilit\u00e9 assur\u00e9s par la semelle interm\u00e9diaire flexible en phylon et le double syst\u00e8me STABILIS, id\u00e9al pour absorber les impacts et maintenir l&#8217;\u00e9quilibre.<\/p>\n<p>-Semelle Omni DURABILITY en caoutchouc haute r\u00e9sistance avec des crampons circulaires qui am\u00e9liorent l&#8217;adh\u00e9rence et facilitent le glissement sur les surfaces dures.<\/p>\n<p>Son design jaune fluor ne passe pas inaper\u00e7u et est parfait pour ceux qui veulent se d\u00e9marquer tant par leur style que par leurs performances sur piste. Les Joma Spin 2509 allient innovation, l\u00e9g\u00e8ret\u00e9 et protection, id\u00e9ales pour les joueurs cherchant \u00e0 se d\u00e9placer rapidement, en toute s\u00e9curit\u00e9 et en toute confiance.<\/p>\n<h2><strong>Avantages de choisir le Joma Spin 2509 : <\/strong><\/h2>\n<p>-Chaussures test\u00e9es par des professionnels du paddle-tennis.<\/p>\n<p>-Haute r\u00e9sistance et confort lors des matchs intenses.<\/p>\n<p>-Style moderne avec une grande visibilit\u00e9.<\/p>\n<p>-Excellent rapport qualit\u00e9-prix par rapport aux autres grandes marques.<\/p>\n<p>Disponible dans notre boutique en ligne <a href=\"http:\/\/www.revolutionpadelstore.com\/\">www.revolutionpadelstore.com<\/a>, probablement au meilleur prix du march\u00e9.<\/p>\n<h2><strong>Joma Spin 2509 Amarillo Fl\u00faor<\/strong><\/p>\n","protected":false},"excerpt":{"rendered":"<p>Les Joma Spin 2509 en Jaune Fluor sont cr\u00e9\u00e9es pour les joueurs \u00e0 la recherche de chaussures de padel professionnelles, confortables et dot\u00e9es d&#8217;une technologie avanc\u00e9e. Soutenues par des tests effectu\u00e9s par des joueurs comme Jos\u00e9 Diestro, ces chaussures garantissent des performances optimales sur le terrain, offrant stabilit\u00e9, vitesse et confort m\u00eame lors des matchs les plus exigeants.<\/p>\n","protected":false},"featured_media":266320,"comment_status":"open","ping_status":"closed","template":"","meta":{"_acf_changed":false,"_joinchat":[]},"acabado":[],"balance":[],"dureza":[],"forma":[],"jugador":[],"marca":[1227],"nivel-de-juego":[],"superficie":[],"tipo-de-juego":[],"product_brand":[],"product_cat":[830],"product_tag":[],"class_list":{"0":"post-266367","1":"product","2":"type-product","3":"status-publish","4":"has-post-thumbnail","6":"marca-joma-fr","7":"product_cat-baskets","9":"first","10":"outofstock","11":"sale","12":"taxable","13":"shipping-taxable","14":"purchasable","15":"product-type-variable"},"acf":[],"yoast_head":"<!-- This site is optimized with the Yoast SEO plugin v27.4 - https:\/\/yoast.com\/product\/yoast-seo-wordpress\/ -->\n<title>JOMA SPIN MEN 2509 AMARILLO FL\u00daOR - Revolution Padel Store<\/title>\n<meta name=\"description\" content=\"Zapatillas Joma Spin 2509 Amarillo Fl\u00faor para p\u00e1del profesional: m\u00e1xima amortiguaci\u00f3n, estabilidad y dise\u00f1o vibrante. C\u00f3mpralas ahora en Revolution Padel Store al mejor precio.\" \/>\n<meta name=\"robots\" content=\"index, follow, max-snippet:-1, max-image-preview:large, max-video-preview:-1\" \/>\n<link rel=\"canonical\" href=\"https:\/\/revolutionpadelstore.com\/fr\/produit\/joma-spin-men-2509-amarillo-fluor-3\/\" \/>\n<meta property=\"og:locale\" content=\"fr_FR\" \/>\n<meta property=\"og:type\" content=\"article\" \/>\n<meta property=\"og:title\" content=\"JOMA SPIN MEN 2509 AMARILLO FL\u00daOR - Revolution Padel Store\" \/>\n<meta property=\"og:description\" content=\"Zapatillas Joma Spin 2509 Amarillo Fl\u00faor para p\u00e1del profesional: m\u00e1xima amortiguaci\u00f3n, estabilidad y dise\u00f1o vibrante. C\u00f3mpralas ahora en Revolution Padel Store al mejor precio.\" \/>\n<meta property=\"og:url\" content=\"https:\/\/revolutionpadelstore.com\/fr\/produit\/joma-spin-men-2509-amarillo-fluor-3\/\" \/>\n<meta property=\"og:site_name\" content=\"Revolution Padel Store\" \/>\n<meta property=\"article:modified_time\" content=\"2026-04-08T02:00:24+00:00\" \/>\n<meta property=\"og:image\" content=\"https:\/\/revolutionpadelstore.com\/wp-content\/uploads\/2025\/08\/308.png\" \/>\n\t<meta property=\"og:image:width\" content=\"1500\" \/>\n\t<meta property=\"og:image:height\" content=\"1500\" \/>\n\t<meta property=\"og:image:type\" content=\"image\/png\" \/>\n<meta name=\"twitter:card\" content=\"summary_large_image\" \/>\n<meta name=\"twitter:label1\" content=\"Dur\u00e9e de lecture estim\u00e9e\" \/>\n\t<meta name=\"twitter:data1\" content=\"1 minute\" \/>\n<script type=\"application\/ld+json\" class=\"yoast-schema-graph\">{\"@context\":\"https:\\\/\\\/schema.org\",\"@graph\":[{\"@type\":\"WebPage\",\"@id\":\"https:\\\/\\\/revolutionpadelstore.com\\\/fr\\\/produit\\\/joma-spin-men-2509-amarillo-fluor-3\\\/\",\"url\":\"https:\\\/\\\/revolutionpadelstore.com\\\/fr\\\/produit\\\/joma-spin-men-2509-amarillo-fluor-3\\\/\",\"name\":\"JOMA SPIN MEN 2509 AMARILLO FL\u00daOR - Revolution Padel Store\",\"isPartOf\":{\"@id\":\"https:\\\/\\\/revolutionpadelstore.com\\\/fr\\\/#website\"},\"primaryImageOfPage\":{\"@id\":\"https:\\\/\\\/revolutionpadelstore.com\\\/fr\\\/produit\\\/joma-spin-men-2509-amarillo-fluor-3\\\/#primaryimage\"},\"image\":{\"@id\":\"https:\\\/\\\/revolutionpadelstore.com\\\/fr\\\/produit\\\/joma-spin-men-2509-amarillo-fluor-3\\\/#primaryimage\"},\"thumbnailUrl\":\"https:\\\/\\\/revolutionpadelstore.com\\\/wp-content\\\/uploads\\\/2025\\\/08\\\/308.png\",\"datePublished\":\"2025-08-28T17:28:29+00:00\",\"dateModified\":\"2026-04-08T02:00:24+00:00\",\"description\":\"Zapatillas Joma Spin 2509 Amarillo Fl\u00faor para p\u00e1del profesional: m\u00e1xima amortiguaci\u00f3n, estabilidad y dise\u00f1o vibrante. C\u00f3mpralas ahora en Revolution Padel Store al mejor precio.\",\"breadcrumb\":{\"@id\":\"https:\\\/\\\/revolutionpadelstore.com\\\/fr\\\/produit\\\/joma-spin-men-2509-amarillo-fluor-3\\\/#breadcrumb\"},\"inLanguage\":\"fr-FR\",\"potentialAction\":[{\"@type\":\"ReadAction\",\"target\":[\"https:\\\/\\\/revolutionpadelstore.com\\\/fr\\\/produit\\\/joma-spin-men-2509-amarillo-fluor-3\\\/\"]}]},{\"@type\":\"ImageObject\",\"inLanguage\":\"fr-FR\",\"@id\":\"https:\\\/\\\/revolutionpadelstore.com\\\/fr\\\/produit\\\/joma-spin-men-2509-amarillo-fluor-3\\\/#primaryimage\",\"url\":\"https:\\\/\\\/revolutionpadelstore.com\\\/wp-content\\\/uploads\\\/2025\\\/08\\\/308.png\",\"contentUrl\":\"https:\\\/\\\/revolutionpadelstore.com\\\/wp-content\\\/uploads\\\/2025\\\/08\\\/308.png\",\"width\":1500,\"height\":1500},{\"@type\":\"BreadcrumbList\",\"@id\":\"https:\\\/\\\/revolutionpadelstore.com\\\/fr\\\/produit\\\/joma-spin-men-2509-amarillo-fluor-3\\\/#breadcrumb\",\"itemListElement\":[{\"@type\":\"ListItem\",\"position\":1,\"name\":\"Portada\",\"item\":\"https:\\\/\\\/revolutionpadelstore.com\\\/fr\\\/\"},{\"@type\":\"ListItem\",\"position\":2,\"name\":\"Boutique\",\"item\":\"https:\\\/\\\/revolutionpadelstore.com\\\/fr\\\/tienda\\\/\"},{\"@type\":\"ListItem\",\"position\":3,\"name\":\"JOMA SPIN MEN 2509 AMARILLO FL\u00daOR\"}]},{\"@type\":\"WebSite\",\"@id\":\"https:\\\/\\\/revolutionpadelstore.com\\\/fr\\\/#website\",\"url\":\"https:\\\/\\\/revolutionpadelstore.com\\\/fr\\\/\",\"name\":\"Revolution Padel Store\",\"description\":\"\",\"publisher\":{\"@id\":\"https:\\\/\\\/revolutionpadelstore.com\\\/fr\\\/#organization\"},\"potentialAction\":[{\"@type\":\"SearchAction\",\"target\":{\"@type\":\"EntryPoint\",\"urlTemplate\":\"https:\\\/\\\/revolutionpadelstore.com\\\/fr\\\/?s={search_term_string}\"},\"query-input\":{\"@type\":\"PropertyValueSpecification\",\"valueRequired\":true,\"valueName\":\"search_term_string\"}}],\"inLanguage\":\"fr-FR\"},{\"@type\":\"Organization\",\"@id\":\"https:\\\/\\\/revolutionpadelstore.com\\\/fr\\\/#organization\",\"name\":\"Revolution Padel Store\",\"url\":\"https:\\\/\\\/revolutionpadelstore.com\\\/fr\\\/\",\"logo\":{\"@type\":\"ImageObject\",\"inLanguage\":\"fr-FR\",\"@id\":\"https:\\\/\\\/revolutionpadelstore.com\\\/fr\\\/#\\\/schema\\\/logo\\\/image\\\/\",\"url\":\"https:\\\/\\\/revolutionpadelstore.com\\\/wp-content\\\/uploads\\\/2026\\\/02\\\/revolution-padel-store.jpg\",\"contentUrl\":\"https:\\\/\\\/revolutionpadelstore.com\\\/wp-content\\\/uploads\\\/2026\\\/02\\\/revolution-padel-store.jpg\",\"width\":2000,\"height\":2000,\"caption\":\"Revolution Padel Store\"},\"image\":{\"@id\":\"https:\\\/\\\/revolutionpadelstore.com\\\/fr\\\/#\\\/schema\\\/logo\\\/image\\\/\"},\"sameAs\":[\"https:\\\/\\\/www.instagram.com\\\/revolutionpadelstore\\\/\"]}]}<\/script>\n<!-- \/ Yoast SEO plugin. -->","yoast_head_json":{"title":"JOMA SPIN MEN 2509 AMARILLO FL\u00daOR - Revolution Padel Store","description":"Zapatillas Joma Spin 2509 Amarillo Fl\u00faor para p\u00e1del profesional: m\u00e1xima amortiguaci\u00f3n, estabilidad y dise\u00f1o vibrante. C\u00f3mpralas ahora en Revolution Padel Store al mejor precio.","robots":{"index":"index","follow":"follow","max-snippet":"max-snippet:-1","max-image-preview":"max-image-preview:large","max-video-preview":"max-video-preview:-1"},"canonical":"https:\/\/revolutionpadelstore.com\/fr\/produit\/joma-spin-men-2509-amarillo-fluor-3\/","og_locale":"fr_FR","og_type":"article","og_title":"JOMA SPIN MEN 2509 AMARILLO FL\u00daOR - Revolution Padel Store","og_description":"Zapatillas Joma Spin 2509 Amarillo Fl\u00faor para p\u00e1del profesional: m\u00e1xima amortiguaci\u00f3n, estabilidad y dise\u00f1o vibrante. C\u00f3mpralas ahora en Revolution Padel Store al mejor precio.","og_url":"https:\/\/revolutionpadelstore.com\/fr\/produit\/joma-spin-men-2509-amarillo-fluor-3\/","og_site_name":"Revolution Padel Store","article_modified_time":"2026-04-08T02:00:24+00:00","og_image":[{"width":1500,"height":1500,"url":"https:\/\/revolutionpadelstore.com\/wp-content\/uploads\/2025\/08\/308.png","type":"image\/png"}],"twitter_card":"summary_large_image","twitter_misc":{"Dur\u00e9e de lecture estim\u00e9e":"1 minute"},"schema":{"@context":"https:\/\/schema.org","@graph":[{"@type":"WebPage","@id":"https:\/\/revolutionpadelstore.com\/fr\/produit\/joma-spin-men-2509-amarillo-fluor-3\/","url":"https:\/\/revolutionpadelstore.com\/fr\/produit\/joma-spin-men-2509-amarillo-fluor-3\/","name":"JOMA SPIN MEN 2509 AMARILLO FL\u00daOR - Revolution Padel Store","isPartOf":{"@id":"https:\/\/revolutionpadelstore.com\/fr\/#website"},"primaryImageOfPage":{"@id":"https:\/\/revolutionpadelstore.com\/fr\/produit\/joma-spin-men-2509-amarillo-fluor-3\/#primaryimage"},"image":{"@id":"https:\/\/revolutionpadelstore.com\/fr\/produit\/joma-spin-men-2509-amarillo-fluor-3\/#primaryimage"},"thumbnailUrl":"https:\/\/revolutionpadelstore.com\/wp-content\/uploads\/2025\/08\/308.png","datePublished":"2025-08-28T17:28:29+00:00","dateModified":"2026-04-08T02:00:24+00:00","description":"Zapatillas Joma Spin 2509 Amarillo Fl\u00faor para p\u00e1del profesional: m\u00e1xima amortiguaci\u00f3n, estabilidad y dise\u00f1o vibrante. C\u00f3mpralas ahora en Revolution Padel Store al mejor precio.","breadcrumb":{"@id":"https:\/\/revolutionpadelstore.com\/fr\/produit\/joma-spin-men-2509-amarillo-fluor-3\/#breadcrumb"},"inLanguage":"fr-FR","potentialAction":[{"@type":"ReadAction","target":["https:\/\/revolutionpadelstore.com\/fr\/produit\/joma-spin-men-2509-amarillo-fluor-3\/"]}]},{"@type":"ImageObject","inLanguage":"fr-FR","@id":"https:\/\/revolutionpadelstore.com\/fr\/produit\/joma-spin-men-2509-amarillo-fluor-3\/#primaryimage","url":"https:\/\/revolutionpadelstore.com\/wp-content\/uploads\/2025\/08\/308.png","contentUrl":"https:\/\/revolutionpadelstore.com\/wp-content\/uploads\/2025\/08\/308.png","width":1500,"height":1500},{"@type":"BreadcrumbList","@id":"https:\/\/revolutionpadelstore.com\/fr\/produit\/joma-spin-men-2509-amarillo-fluor-3\/#breadcrumb","itemListElement":[{"@type":"ListItem","position":1,"name":"Portada","item":"https:\/\/revolutionpadelstore.com\/fr\/"},{"@type":"ListItem","position":2,"name":"Boutique","item":"https:\/\/revolutionpadelstore.com\/fr\/tienda\/"},{"@type":"ListItem","position":3,"name":"JOMA SPIN MEN 2509 AMARILLO FL\u00daOR"}]},{"@type":"WebSite","@id":"https:\/\/revolutionpadelstore.com\/fr\/#website","url":"https:\/\/revolutionpadelstore.com\/fr\/","name":"Revolution Padel Store","description":"","publisher":{"@id":"https:\/\/revolutionpadelstore.com\/fr\/#organization"},"potentialAction":[{"@type":"SearchAction","target":{"@type":"EntryPoint","urlTemplate":"https:\/\/revolutionpadelstore.com\/fr\/?s={search_term_string}"},"query-input":{"@type":"PropertyValueSpecification","valueRequired":true,"valueName":"search_term_string"}}],"inLanguage":"fr-FR"},{"@type":"Organization","@id":"https:\/\/revolutionpadelstore.com\/fr\/#organization","name":"Revolution Padel Store","url":"https:\/\/revolutionpadelstore.com\/fr\/","logo":{"@type":"ImageObject","inLanguage":"fr-FR","@id":"https:\/\/revolutionpadelstore.com\/fr\/#\/schema\/logo\/image\/","url":"https:\/\/revolutionpadelstore.com\/wp-content\/uploads\/2026\/02\/revolution-padel-store.jpg","contentUrl":"https:\/\/revolutionpadelstore.com\/wp-content\/uploads\/2026\/02\/revolution-padel-store.jpg","width":2000,"height":2000,"caption":"Revolution Padel Store"},"image":{"@id":"https:\/\/revolutionpadelstore.com\/fr\/#\/schema\/logo\/image\/"},"sameAs":["https:\/\/www.instagram.com\/revolutionpadelstore\/"]}]}},"_links":{"self":[{"href":"https:\/\/revolutionpadelstore.com\/fr\/wp-json\/wp\/v2\/product\/266367","targetHints":{"allow":["GET"]}}],"collection":[{"href":"https:\/\/revolutionpadelstore.com\/fr\/wp-json\/wp\/v2\/product"}],"about":[{"href":"https:\/\/revolutionpadelstore.com\/fr\/wp-json\/wp\/v2\/types\/product"}],"replies":[{"embeddable":true,"href":"https:\/\/revolutionpadelstore.com\/fr\/wp-json\/wp\/v2\/comments?post=266367"}],"wp:featuredmedia":[{"embeddable":true,"href":"https:\/\/revolutionpadelstore.com\/fr\/wp-json\/wp\/v2\/media\/266320"}],"wp:attachment":[{"href":"https:\/\/revolutionpadelstore.com\/fr\/wp-json\/wp\/v2\/media?parent=266367"}],"wp:term":[{"taxonomy":"acabado","embeddable":true,"href":"https:\/\/revolutionpadelstore.com\/fr\/wp-json\/wp\/v2\/acabado?post=266367"},{"taxonomy":"balance","embeddable":true,"href":"https:\/\/revolutionpadelstore.com\/fr\/wp-json\/wp\/v2\/balance?post=266367"},{"taxonomy":"dureza","embeddable":true,"href":"https:\/\/revolutionpadelstore.com\/fr\/wp-json\/wp\/v2\/dureza?post=266367"},{"taxonomy":"forma","embeddable":true,"href":"https:\/\/revolutionpadelstore.com\/fr\/wp-json\/wp\/v2\/forma?post=266367"},{"taxonomy":"jugador","embeddable":true,"href":"https:\/\/revolutionpadelstore.com\/fr\/wp-json\/wp\/v2\/jugador?post=266367"},{"taxonomy":"marca","embeddable":true,"href":"https:\/\/revolutionpadelstore.com\/fr\/wp-json\/wp\/v2\/marca?post=266367"},{"taxonomy":"nivel-de-juego","embeddable":true,"href":"https:\/\/revolutionpadelstore.com\/fr\/wp-json\/wp\/v2\/nivel-de-juego?post=266367"},{"taxonomy":"superficie","embeddable":true,"href":"https:\/\/revolutionpadelstore.com\/fr\/wp-json\/wp\/v2\/superficie?post=266367"},{"taxonomy":"tipo-de-juego","embeddable":true,"href":"https:\/\/revolutionpadelstore.com\/fr\/wp-json\/wp\/v2\/tipo-de-juego?post=266367"},{"taxonomy":"product_brand","embeddable":true,"href":"https:\/\/revolutionpadelstore.com\/fr\/wp-json\/wp\/v2\/product_brand?post=266367"},{"taxonomy":"product_cat","embeddable":true,"href":"https:\/\/revolutionpadelstore.com\/fr\/wp-json\/wp\/v2\/product_cat?post=266367"},{"taxonomy":"product_tag","embeddable":true,"href":"https:\/\/revolutionpadelstore.com\/fr\/wp-json\/wp\/v2\/product_tag?post=266367"}],"curies":[{"name":"wp","href":"https:\/\/api.w.org\/{rel}","templated":true}]}}