{"id":266282,"date":"2025-08-28T15:57:37","date_gmt":"2025-08-28T13:57:37","guid":{"rendered":"https:\/\/revolutionpadelstore.com\/joma-open-men-2503-marino\/"},"modified":"2026-04-08T04:04:09","modified_gmt":"2026-04-08T02:04:09","slug":"joma-open-men-2503-marino-3","status":"publish","type":"product","link":"https:\/\/revolutionpadelstore.com\/fr\/produit\/joma-open-men-2503-marino-3\/","title":{"rendered":"JOMA OPEN MEN 2503 MARINO"},"content":{"rendered":"<h2>JOMA OPEN Men 2503 Navy \u2013 Une technologie professionnelle \u00e0 chaque \u00e9tape<\/h2>\n<p>Con\u00e7u pour les joueurs exigeants, le <strong>JOMA OPEN Men 2503 Marino<\/strong> allie un design moderne \u00e0 des technologies avanc\u00e9es qui garantissent <strong>confort, stabilit\u00e9 et r\u00e9sistance<\/strong> sur le terrain. Ce mod\u00e8le a \u00e9t\u00e9 test\u00e9 par des professionnels du padel tels que Carolina Navarro et Juanlu Esbr\u00ed, garantissant des performances optimales dans les matchs de haute intensit\u00e9.<\/p>\n<h2> Caract\u00e9ristiques techniques mises en avant<\/h2>\n<p><strong>-Tige respirante avec technologie VTS<\/strong> : Maille technique avec perforations qui permettent une ventilation constante, gardant vos pieds au sec et au frais.<\/p>\n<p><strong>-Ajustement avec syst\u00e8me thermoscell\u00e9 SPORTECH<\/strong> : Fournit un maintien pr\u00e9cis sans coutures g\u00eanantes, am\u00e9liorant la libert\u00e9 de mouvement.<\/p>\n<p><strong>-Renfort au niveau des orteils<\/strong> : Ajoute une durabilit\u00e9 suppl\u00e9mentaire dans les zones de plus grande usure, id\u00e9al pour les entra\u00eenements fr\u00e9quents ou les matchs intenses.<\/p>\n<p><strong>-Semelle interm\u00e9diaire DUAL REACTIVE<\/strong> : M\u00e9lange de phylon et de REACTIVE BALL pour un amorti efficace et un retour d&#8217;\u00e9nergie sup\u00e9rieur.<\/p>\n<p><strong>-Semelle Omni haute traction<\/strong> : assure une adh\u00e9rence ferme et permet un glissement contr\u00f4l\u00e9 sur les surfaces dures.<\/p>\n<h2> Principaux avantages pour les joueurs de padel<\/h2>\n<p>-Ventilation avanc\u00e9e pour les matchs exigeants<\/p>\n<p>-Ajustement ergonomique sans points de pression<\/p>\n<p>-Protection suppl\u00e9mentaire dans les zones d&#8217;impact<\/p>\n<p>-Une plus grande impulsion et une plus grande r\u00e9ponse \u00e0 chaque mouvement<\/p>\n<p>&#8211; Traction fiable pour des d\u00e9placements rapides<\/p>\n<h2> Composition de la chaussure<\/h2>\n<p><strong>-Tige<\/strong> : Mesh technique avec renforts thermosoud\u00e9s<\/p>\n<p><strong>-Semelle interm\u00e9diaire<\/strong> : DUAL REACTIVE (phylon + REACTIVE BALL)<\/p>\n<p><strong>-Semelle<\/strong> : caoutchouc durable avec motif Omni<\/p>\n<h2>Obtenez votre JOMA OPEN Men 2503 Navy maintenant<\/h2>\n<p>Disponible dans notre boutique en ligne <strong><a href=\"https:\/\/www.revolutionpadelstore.com\/\">www.revolutionpadelstore.com<\/a><\/strong>, probablement au meilleur prix du march\u00e9. Ne les manquez pas et \u00e9levez votre niveau de jeu avec des chaussures con\u00e7ues pour les joueurs qui donnent le meilleur d&#8217;eux-m\u00eames sur le terrain.<\/p>\n<h2>JOMA OPEN Men 2503 Marino \u2013 Tecnolog\u00eda profesional en cada paso<\/h2>\n","protected":false},"excerpt":{"rendered":"<p>Les JOMA OPEN Men 2503 Marino ont \u00e9t\u00e9 cr\u00e9\u00e9es pour les joueurs les plus exigeants, combinant un style actuel avec des innovations technologiques qui offrent confort, stabilit\u00e9 et durabilit\u00e9 sur le terrain.<\/p>\n","protected":false},"featured_media":266082,"comment_status":"open","ping_status":"closed","template":"","meta":{"_acf_changed":false,"_joinchat":[]},"acabado":[],"balance":[],"dureza":[],"forma":[],"jugador":[],"marca":[1227],"nivel-de-juego":[],"superficie":[],"tipo-de-juego":[],"product_brand":[],"product_cat":[830],"product_tag":[],"class_list":{"0":"post-266282","1":"product","2":"type-product","3":"status-publish","4":"has-post-thumbnail","6":"marca-joma-fr","7":"product_cat-baskets","9":"first","10":"outofstock","11":"sale","12":"taxable","13":"shipping-taxable","14":"purchasable","15":"product-type-variable"},"acf":[],"yoast_head":"<!-- This site is optimized with the Yoast SEO plugin v27.4 - https:\/\/yoast.com\/product\/yoast-seo-wordpress\/ -->\n<title>JOMA OPEN MEN 2503 MARINO - Revolution Padel Store<\/title>\n<meta name=\"description\" content=\"Compra las JOMA OPEN Men 2503 Marino FW25 en Revolution Padel Store. Zapatillas de p\u00e1del profesionales con amortiguaci\u00f3n DUAL REACTIVE, suela Omni y ventilaci\u00f3n avanzada. \u00a1El mejor precio online!\" \/>\n<meta name=\"robots\" content=\"index, follow, max-snippet:-1, max-image-preview:large, max-video-preview:-1\" \/>\n<link rel=\"canonical\" href=\"https:\/\/revolutionpadelstore.com\/fr\/produit\/joma-open-men-2503-marino-3\/\" \/>\n<meta property=\"og:locale\" content=\"fr_FR\" \/>\n<meta property=\"og:type\" content=\"article\" \/>\n<meta property=\"og:title\" content=\"JOMA OPEN MEN 2503 MARINO - Revolution Padel Store\" \/>\n<meta property=\"og:description\" content=\"Compra las JOMA OPEN Men 2503 Marino FW25 en Revolution Padel Store. Zapatillas de p\u00e1del profesionales con amortiguaci\u00f3n DUAL REACTIVE, suela Omni y ventilaci\u00f3n avanzada. \u00a1El mejor precio online!\" \/>\n<meta property=\"og:url\" content=\"https:\/\/revolutionpadelstore.com\/fr\/produit\/joma-open-men-2503-marino-3\/\" \/>\n<meta property=\"og:site_name\" content=\"Revolution Padel Store\" \/>\n<meta property=\"article:modified_time\" content=\"2026-04-08T02:04:09+00:00\" \/>\n<meta property=\"og:image\" content=\"https:\/\/revolutionpadelstore.com\/wp-content\/uploads\/2025\/08\/297.png\" \/>\n\t<meta property=\"og:image:width\" content=\"1500\" \/>\n\t<meta property=\"og:image:height\" content=\"1500\" \/>\n\t<meta property=\"og:image:type\" content=\"image\/png\" \/>\n<meta name=\"twitter:card\" content=\"summary_large_image\" \/>\n<meta name=\"twitter:label1\" content=\"Dur\u00e9e de lecture estim\u00e9e\" \/>\n\t<meta name=\"twitter:data1\" content=\"2 minutes\" \/>\n<script type=\"application\/ld+json\" class=\"yoast-schema-graph\">{\"@context\":\"https:\\\/\\\/schema.org\",\"@graph\":[{\"@type\":\"WebPage\",\"@id\":\"https:\\\/\\\/revolutionpadelstore.com\\\/fr\\\/produit\\\/joma-open-men-2503-marino-3\\\/\",\"url\":\"https:\\\/\\\/revolutionpadelstore.com\\\/fr\\\/produit\\\/joma-open-men-2503-marino-3\\\/\",\"name\":\"JOMA OPEN MEN 2503 MARINO - Revolution Padel Store\",\"isPartOf\":{\"@id\":\"https:\\\/\\\/revolutionpadelstore.com\\\/fr\\\/#website\"},\"primaryImageOfPage\":{\"@id\":\"https:\\\/\\\/revolutionpadelstore.com\\\/fr\\\/produit\\\/joma-open-men-2503-marino-3\\\/#primaryimage\"},\"image\":{\"@id\":\"https:\\\/\\\/revolutionpadelstore.com\\\/fr\\\/produit\\\/joma-open-men-2503-marino-3\\\/#primaryimage\"},\"thumbnailUrl\":\"https:\\\/\\\/revolutionpadelstore.com\\\/wp-content\\\/uploads\\\/2025\\\/08\\\/297.png\",\"datePublished\":\"2025-08-28T13:57:37+00:00\",\"dateModified\":\"2026-04-08T02:04:09+00:00\",\"description\":\"Compra las JOMA OPEN Men 2503 Marino FW25 en Revolution Padel Store. Zapatillas de p\u00e1del profesionales con amortiguaci\u00f3n DUAL REACTIVE, suela Omni y ventilaci\u00f3n avanzada. \u00a1El mejor precio online!\",\"breadcrumb\":{\"@id\":\"https:\\\/\\\/revolutionpadelstore.com\\\/fr\\\/produit\\\/joma-open-men-2503-marino-3\\\/#breadcrumb\"},\"inLanguage\":\"fr-FR\",\"potentialAction\":[{\"@type\":\"ReadAction\",\"target\":[\"https:\\\/\\\/revolutionpadelstore.com\\\/fr\\\/produit\\\/joma-open-men-2503-marino-3\\\/\"]}]},{\"@type\":\"ImageObject\",\"inLanguage\":\"fr-FR\",\"@id\":\"https:\\\/\\\/revolutionpadelstore.com\\\/fr\\\/produit\\\/joma-open-men-2503-marino-3\\\/#primaryimage\",\"url\":\"https:\\\/\\\/revolutionpadelstore.com\\\/wp-content\\\/uploads\\\/2025\\\/08\\\/297.png\",\"contentUrl\":\"https:\\\/\\\/revolutionpadelstore.com\\\/wp-content\\\/uploads\\\/2025\\\/08\\\/297.png\",\"width\":1500,\"height\":1500},{\"@type\":\"BreadcrumbList\",\"@id\":\"https:\\\/\\\/revolutionpadelstore.com\\\/fr\\\/produit\\\/joma-open-men-2503-marino-3\\\/#breadcrumb\",\"itemListElement\":[{\"@type\":\"ListItem\",\"position\":1,\"name\":\"Portada\",\"item\":\"https:\\\/\\\/revolutionpadelstore.com\\\/fr\\\/\"},{\"@type\":\"ListItem\",\"position\":2,\"name\":\"Boutique\",\"item\":\"https:\\\/\\\/revolutionpadelstore.com\\\/fr\\\/tienda\\\/\"},{\"@type\":\"ListItem\",\"position\":3,\"name\":\"JOMA OPEN MEN 2503 MARINO\"}]},{\"@type\":\"WebSite\",\"@id\":\"https:\\\/\\\/revolutionpadelstore.com\\\/fr\\\/#website\",\"url\":\"https:\\\/\\\/revolutionpadelstore.com\\\/fr\\\/\",\"name\":\"Revolution Padel Store\",\"description\":\"\",\"publisher\":{\"@id\":\"https:\\\/\\\/revolutionpadelstore.com\\\/fr\\\/#organization\"},\"potentialAction\":[{\"@type\":\"SearchAction\",\"target\":{\"@type\":\"EntryPoint\",\"urlTemplate\":\"https:\\\/\\\/revolutionpadelstore.com\\\/fr\\\/?s={search_term_string}\"},\"query-input\":{\"@type\":\"PropertyValueSpecification\",\"valueRequired\":true,\"valueName\":\"search_term_string\"}}],\"inLanguage\":\"fr-FR\"},{\"@type\":\"Organization\",\"@id\":\"https:\\\/\\\/revolutionpadelstore.com\\\/fr\\\/#organization\",\"name\":\"Revolution Padel Store\",\"url\":\"https:\\\/\\\/revolutionpadelstore.com\\\/fr\\\/\",\"logo\":{\"@type\":\"ImageObject\",\"inLanguage\":\"fr-FR\",\"@id\":\"https:\\\/\\\/revolutionpadelstore.com\\\/fr\\\/#\\\/schema\\\/logo\\\/image\\\/\",\"url\":\"https:\\\/\\\/revolutionpadelstore.com\\\/wp-content\\\/uploads\\\/2026\\\/02\\\/revolution-padel-store.jpg\",\"contentUrl\":\"https:\\\/\\\/revolutionpadelstore.com\\\/wp-content\\\/uploads\\\/2026\\\/02\\\/revolution-padel-store.jpg\",\"width\":2000,\"height\":2000,\"caption\":\"Revolution Padel Store\"},\"image\":{\"@id\":\"https:\\\/\\\/revolutionpadelstore.com\\\/fr\\\/#\\\/schema\\\/logo\\\/image\\\/\"},\"sameAs\":[\"https:\\\/\\\/www.instagram.com\\\/revolutionpadelstore\\\/\"]}]}<\/script>\n<!-- \/ Yoast SEO plugin. -->","yoast_head_json":{"title":"JOMA OPEN MEN 2503 MARINO - Revolution Padel Store","description":"Compra las JOMA OPEN Men 2503 Marino FW25 en Revolution Padel Store. Zapatillas de p\u00e1del profesionales con amortiguaci\u00f3n DUAL REACTIVE, suela Omni y ventilaci\u00f3n avanzada. \u00a1El mejor precio online!","robots":{"index":"index","follow":"follow","max-snippet":"max-snippet:-1","max-image-preview":"max-image-preview:large","max-video-preview":"max-video-preview:-1"},"canonical":"https:\/\/revolutionpadelstore.com\/fr\/produit\/joma-open-men-2503-marino-3\/","og_locale":"fr_FR","og_type":"article","og_title":"JOMA OPEN MEN 2503 MARINO - Revolution Padel Store","og_description":"Compra las JOMA OPEN Men 2503 Marino FW25 en Revolution Padel Store. Zapatillas de p\u00e1del profesionales con amortiguaci\u00f3n DUAL REACTIVE, suela Omni y ventilaci\u00f3n avanzada. \u00a1El mejor precio online!","og_url":"https:\/\/revolutionpadelstore.com\/fr\/produit\/joma-open-men-2503-marino-3\/","og_site_name":"Revolution Padel Store","article_modified_time":"2026-04-08T02:04:09+00:00","og_image":[{"width":1500,"height":1500,"url":"https:\/\/revolutionpadelstore.com\/wp-content\/uploads\/2025\/08\/297.png","type":"image\/png"}],"twitter_card":"summary_large_image","twitter_misc":{"Dur\u00e9e de lecture estim\u00e9e":"2 minutes"},"schema":{"@context":"https:\/\/schema.org","@graph":[{"@type":"WebPage","@id":"https:\/\/revolutionpadelstore.com\/fr\/produit\/joma-open-men-2503-marino-3\/","url":"https:\/\/revolutionpadelstore.com\/fr\/produit\/joma-open-men-2503-marino-3\/","name":"JOMA OPEN MEN 2503 MARINO - Revolution Padel Store","isPartOf":{"@id":"https:\/\/revolutionpadelstore.com\/fr\/#website"},"primaryImageOfPage":{"@id":"https:\/\/revolutionpadelstore.com\/fr\/produit\/joma-open-men-2503-marino-3\/#primaryimage"},"image":{"@id":"https:\/\/revolutionpadelstore.com\/fr\/produit\/joma-open-men-2503-marino-3\/#primaryimage"},"thumbnailUrl":"https:\/\/revolutionpadelstore.com\/wp-content\/uploads\/2025\/08\/297.png","datePublished":"2025-08-28T13:57:37+00:00","dateModified":"2026-04-08T02:04:09+00:00","description":"Compra las JOMA OPEN Men 2503 Marino FW25 en Revolution Padel Store. Zapatillas de p\u00e1del profesionales con amortiguaci\u00f3n DUAL REACTIVE, suela Omni y ventilaci\u00f3n avanzada. \u00a1El mejor precio online!","breadcrumb":{"@id":"https:\/\/revolutionpadelstore.com\/fr\/produit\/joma-open-men-2503-marino-3\/#breadcrumb"},"inLanguage":"fr-FR","potentialAction":[{"@type":"ReadAction","target":["https:\/\/revolutionpadelstore.com\/fr\/produit\/joma-open-men-2503-marino-3\/"]}]},{"@type":"ImageObject","inLanguage":"fr-FR","@id":"https:\/\/revolutionpadelstore.com\/fr\/produit\/joma-open-men-2503-marino-3\/#primaryimage","url":"https:\/\/revolutionpadelstore.com\/wp-content\/uploads\/2025\/08\/297.png","contentUrl":"https:\/\/revolutionpadelstore.com\/wp-content\/uploads\/2025\/08\/297.png","width":1500,"height":1500},{"@type":"BreadcrumbList","@id":"https:\/\/revolutionpadelstore.com\/fr\/produit\/joma-open-men-2503-marino-3\/#breadcrumb","itemListElement":[{"@type":"ListItem","position":1,"name":"Portada","item":"https:\/\/revolutionpadelstore.com\/fr\/"},{"@type":"ListItem","position":2,"name":"Boutique","item":"https:\/\/revolutionpadelstore.com\/fr\/tienda\/"},{"@type":"ListItem","position":3,"name":"JOMA OPEN MEN 2503 MARINO"}]},{"@type":"WebSite","@id":"https:\/\/revolutionpadelstore.com\/fr\/#website","url":"https:\/\/revolutionpadelstore.com\/fr\/","name":"Revolution Padel Store","description":"","publisher":{"@id":"https:\/\/revolutionpadelstore.com\/fr\/#organization"},"potentialAction":[{"@type":"SearchAction","target":{"@type":"EntryPoint","urlTemplate":"https:\/\/revolutionpadelstore.com\/fr\/?s={search_term_string}"},"query-input":{"@type":"PropertyValueSpecification","valueRequired":true,"valueName":"search_term_string"}}],"inLanguage":"fr-FR"},{"@type":"Organization","@id":"https:\/\/revolutionpadelstore.com\/fr\/#organization","name":"Revolution Padel Store","url":"https:\/\/revolutionpadelstore.com\/fr\/","logo":{"@type":"ImageObject","inLanguage":"fr-FR","@id":"https:\/\/revolutionpadelstore.com\/fr\/#\/schema\/logo\/image\/","url":"https:\/\/revolutionpadelstore.com\/wp-content\/uploads\/2026\/02\/revolution-padel-store.jpg","contentUrl":"https:\/\/revolutionpadelstore.com\/wp-content\/uploads\/2026\/02\/revolution-padel-store.jpg","width":2000,"height":2000,"caption":"Revolution Padel Store"},"image":{"@id":"https:\/\/revolutionpadelstore.com\/fr\/#\/schema\/logo\/image\/"},"sameAs":["https:\/\/www.instagram.com\/revolutionpadelstore\/"]}]}},"_links":{"self":[{"href":"https:\/\/revolutionpadelstore.com\/fr\/wp-json\/wp\/v2\/product\/266282","targetHints":{"allow":["GET"]}}],"collection":[{"href":"https:\/\/revolutionpadelstore.com\/fr\/wp-json\/wp\/v2\/product"}],"about":[{"href":"https:\/\/revolutionpadelstore.com\/fr\/wp-json\/wp\/v2\/types\/product"}],"replies":[{"embeddable":true,"href":"https:\/\/revolutionpadelstore.com\/fr\/wp-json\/wp\/v2\/comments?post=266282"}],"wp:featuredmedia":[{"embeddable":true,"href":"https:\/\/revolutionpadelstore.com\/fr\/wp-json\/wp\/v2\/media\/266082"}],"wp:attachment":[{"href":"https:\/\/revolutionpadelstore.com\/fr\/wp-json\/wp\/v2\/media?parent=266282"}],"wp:term":[{"taxonomy":"acabado","embeddable":true,"href":"https:\/\/revolutionpadelstore.com\/fr\/wp-json\/wp\/v2\/acabado?post=266282"},{"taxonomy":"balance","embeddable":true,"href":"https:\/\/revolutionpadelstore.com\/fr\/wp-json\/wp\/v2\/balance?post=266282"},{"taxonomy":"dureza","embeddable":true,"href":"https:\/\/revolutionpadelstore.com\/fr\/wp-json\/wp\/v2\/dureza?post=266282"},{"taxonomy":"forma","embeddable":true,"href":"https:\/\/revolutionpadelstore.com\/fr\/wp-json\/wp\/v2\/forma?post=266282"},{"taxonomy":"jugador","embeddable":true,"href":"https:\/\/revolutionpadelstore.com\/fr\/wp-json\/wp\/v2\/jugador?post=266282"},{"taxonomy":"marca","embeddable":true,"href":"https:\/\/revolutionpadelstore.com\/fr\/wp-json\/wp\/v2\/marca?post=266282"},{"taxonomy":"nivel-de-juego","embeddable":true,"href":"https:\/\/revolutionpadelstore.com\/fr\/wp-json\/wp\/v2\/nivel-de-juego?post=266282"},{"taxonomy":"superficie","embeddable":true,"href":"https:\/\/revolutionpadelstore.com\/fr\/wp-json\/wp\/v2\/superficie?post=266282"},{"taxonomy":"tipo-de-juego","embeddable":true,"href":"https:\/\/revolutionpadelstore.com\/fr\/wp-json\/wp\/v2\/tipo-de-juego?post=266282"},{"taxonomy":"product_brand","embeddable":true,"href":"https:\/\/revolutionpadelstore.com\/fr\/wp-json\/wp\/v2\/product_brand?post=266282"},{"taxonomy":"product_cat","embeddable":true,"href":"https:\/\/revolutionpadelstore.com\/fr\/wp-json\/wp\/v2\/product_cat?post=266282"},{"taxonomy":"product_tag","embeddable":true,"href":"https:\/\/revolutionpadelstore.com\/fr\/wp-json\/wp\/v2\/product_tag?post=266282"}],"curies":[{"name":"wp","href":"https:\/\/api.w.org\/{rel}","templated":true}]}}