{"id":266247,"date":"2025-08-28T18:33:17","date_gmt":"2025-08-28T16:33:17","guid":{"rendered":"https:\/\/revolutionpadelstore.com\/joma-spin-men-2531-blanco\/"},"modified":"2026-04-08T04:01:40","modified_gmt":"2026-04-08T02:01:40","slug":"joma-spin-men-2531-blanco-3","status":"publish","type":"product","link":"https:\/\/revolutionpadelstore.com\/fr\/produit\/joma-spin-men-2531-blanco-3\/","title":{"rendered":"JOMA SPIN MEN 2531 BLANCO"},"content":{"rendered":"<h2>Joma Spin 2531 Blanc Homme \u2013 Hautes performances et confort en tout point<\/h2>\n<p>Les <strong>chaussures de padel Spin 2531 pour hommes<\/strong> sont l&#8217;option id\u00e9ale pour les joueurs exigeants qui recherchent <strong>des performances, une durabilit\u00e9 et un confort maximum sur le terrain<\/strong>. Con\u00e7ues avec des technologies avanc\u00e9es et des mat\u00e9riaux de haute qualit\u00e9, ces chaussures se distinguent par leur excellente ventilation, stabilit\u00e9 et r\u00e9sistance \u00e0 l&#8217;usure, le tout dans un design moderne et attrayant.<\/p>\n<h2>Principales fonctionnalit\u00e9s<\/h2>\n<p><strong>-Tige en mesh respirant VTS et technologie SPORTTECH<\/strong><br \/>\nIl offre une ventilation sup\u00e9rieure et un ajustement anatomique, gardant vos pieds au frais et confortables pendant les matchs les plus intenses.<\/p>\n<p><strong>-Semelle interm\u00e9diaire en Phylon avec syst\u00e8me STABILIS<\/strong><br \/>\nIl offre un amorti l\u00e9ger et une excellente stabilit\u00e9 dans les mouvements lat\u00e9raux, id\u00e9al pour les mouvements explosifs sur le terrain.<\/p>\n<p><strong>-Semelle haute r\u00e9sistance avec technologie DURABILITY<\/strong><br \/>\nIl am\u00e9liore la traction et prolonge la dur\u00e9e de vie des chaussures gr\u00e2ce \u00e0 son caoutchouc tr\u00e8s r\u00e9sistant, parfait pour les surfaces abrasives telles que le paddle-tennis.<\/p>\n<p><strong>-Renfort lat\u00e9ral PROTECTION<\/strong><br \/>\nIl renforce les zones les plus expos\u00e9es \u00e0 l&#8217;usure et offre une protection suppl\u00e9mentaire lors de mouvements agressifs et de virages rapides.<\/p>\n<p><strong>-Syst\u00e8me de fermeture \u00e0 lacets<\/strong><br \/>\nAssure un ajustement personnalis\u00e9 et ferme pour \u00e9viter tout glissement interne pendant le jeu.<\/p>\n<h2>Avantages pour le joueur<\/h2>\n<p>-Performance sup\u00e9rieure sur les terrains de padel gr\u00e2ce \u00e0 son excellent maintien et son adh\u00e9rence.<\/p>\n<p>-Une plus grande durabilit\u00e9 contre l&#8217;usure typique du padel.<\/p>\n<p>-Confort thermique et respirabilit\u00e9 m\u00eame lors de longs matchs.<\/p>\n<p>-Id\u00e9al pour les joueurs de niveau interm\u00e9diaire \u00e0 avanc\u00e9 qui appr\u00e9cient la qualit\u00e9 et le confort de leur \u00e9quipement.<\/p>\n<h2>Sp\u00e9cifications techniques<\/h2>\n<p><strong>Performance :<\/strong> \u00c9lev\u00e9e\/Comp\u00e9tition<\/p>\n<p><strong>Mat\u00e9riaux :<\/strong> Maille technique, phylon, caoutchouc r\u00e9sistant<\/p>\n<p><strong>Technologies :<\/strong> VTS, SPORTECH, STABILIS, DURABILIT\u00c9, PROTECTION<\/p>\n<p><strong>Fermeture :<\/strong> Lacets<\/p>\n<p><strong>Couleur :<\/strong> Blanc<\/p>\n<p><strong>Sexe :<\/strong> Homme<\/p>\n<h2>Ne restez pas sans eux<\/h2>\n<p>Que vous soyez un joueur r\u00e9gulier ou un amateur cherchant \u00e0 am\u00e9liorer votre jeu, les chaussures <strong>Spin 2531<\/strong> vous offrent l&#8217;\u00e9quilibre parfait entre technologie, design et durabilit\u00e9.<\/p>\n<p><strong>Passez votre commande maintenant et profitez du meilleur \u00e9quipement de padel<\/strong> dans notre boutique en ligne :<br \/>\n<a href=\"https:\/\/www.revolutionpadelstore.com\/\">www.revolutionpadelstore.com<\/a> \u2014 <em>probablement au meilleur prix du march\u00e9.<\/em><\/p>\n","protected":false},"excerpt":{"rendered":"<p>Les chaussures de padel Spin 2531 pour hommes sont con\u00e7ues pour les joueurs recherchant haute performance, r\u00e9sistance et confort pendant le jeu. Fabriqu\u00e9s avec des mat\u00e9riaux de premi\u00e8re qualit\u00e9 et une technologie avanc\u00e9e, ils offrent une grande respirabilit\u00e9, stabilit\u00e9 et durabilit\u00e9, ainsi qu&#8217;un design actuel et attrayant.<\/p>\n","protected":false},"featured_media":266212,"comment_status":"open","ping_status":"closed","template":"","meta":{"_acf_changed":false,"_joinchat":[]},"acabado":[],"balance":[],"dureza":[],"forma":[],"jugador":[],"marca":[1227],"nivel-de-juego":[],"superficie":[],"tipo-de-juego":[],"product_brand":[],"product_cat":[830],"product_tag":[],"class_list":{"0":"post-266247","1":"product","2":"type-product","3":"status-publish","4":"has-post-thumbnail","6":"marca-joma-fr","7":"product_cat-baskets","9":"first","10":"outofstock","11":"sale","12":"taxable","13":"shipping-taxable","14":"purchasable","15":"product-type-variable"},"acf":[],"yoast_head":"<!-- This site is optimized with the Yoast SEO plugin v27.4 - https:\/\/yoast.com\/product\/yoast-seo-wordpress\/ -->\n<title>JOMA SPIN MEN 2531 BLANCO - Revolution Padel Store<\/title>\n<meta name=\"description\" content=\"Compra las zapatillas de p\u00e1del Spin 2531 blancas para hombre con tecnolog\u00eda VTS, STABILIS y DURABILITY. Comodidad, agarre y rendimiento superior en Revolution Padel Store.\" \/>\n<meta name=\"robots\" content=\"index, follow, max-snippet:-1, max-image-preview:large, max-video-preview:-1\" \/>\n<link rel=\"canonical\" href=\"https:\/\/revolutionpadelstore.com\/fr\/produit\/joma-spin-men-2531-blanco-3\/\" \/>\n<meta property=\"og:locale\" content=\"fr_FR\" \/>\n<meta property=\"og:type\" content=\"article\" \/>\n<meta property=\"og:title\" content=\"JOMA SPIN MEN 2531 BLANCO - Revolution Padel Store\" \/>\n<meta property=\"og:description\" content=\"Compra las zapatillas de p\u00e1del Spin 2531 blancas para hombre con tecnolog\u00eda VTS, STABILIS y DURABILITY. Comodidad, agarre y rendimiento superior en Revolution Padel Store.\" \/>\n<meta property=\"og:url\" content=\"https:\/\/revolutionpadelstore.com\/fr\/produit\/joma-spin-men-2531-blanco-3\/\" \/>\n<meta property=\"og:site_name\" content=\"Revolution Padel Store\" \/>\n<meta property=\"article:modified_time\" content=\"2026-04-08T02:01:40+00:00\" \/>\n<meta property=\"og:image\" content=\"https:\/\/revolutionpadelstore.com\/wp-content\/uploads\/2025\/08\/303.png\" \/>\n\t<meta property=\"og:image:width\" content=\"1500\" \/>\n\t<meta property=\"og:image:height\" content=\"1500\" \/>\n\t<meta property=\"og:image:type\" content=\"image\/png\" \/>\n<meta name=\"twitter:card\" content=\"summary_large_image\" \/>\n<meta name=\"twitter:label1\" content=\"Dur\u00e9e de lecture estim\u00e9e\" \/>\n\t<meta name=\"twitter:data1\" content=\"2 minutes\" \/>\n<script type=\"application\/ld+json\" class=\"yoast-schema-graph\">{\"@context\":\"https:\\\/\\\/schema.org\",\"@graph\":[{\"@type\":\"WebPage\",\"@id\":\"https:\\\/\\\/revolutionpadelstore.com\\\/fr\\\/produit\\\/joma-spin-men-2531-blanco-3\\\/\",\"url\":\"https:\\\/\\\/revolutionpadelstore.com\\\/fr\\\/produit\\\/joma-spin-men-2531-blanco-3\\\/\",\"name\":\"JOMA SPIN MEN 2531 BLANCO - Revolution Padel Store\",\"isPartOf\":{\"@id\":\"https:\\\/\\\/revolutionpadelstore.com\\\/fr\\\/#website\"},\"primaryImageOfPage\":{\"@id\":\"https:\\\/\\\/revolutionpadelstore.com\\\/fr\\\/produit\\\/joma-spin-men-2531-blanco-3\\\/#primaryimage\"},\"image\":{\"@id\":\"https:\\\/\\\/revolutionpadelstore.com\\\/fr\\\/produit\\\/joma-spin-men-2531-blanco-3\\\/#primaryimage\"},\"thumbnailUrl\":\"https:\\\/\\\/revolutionpadelstore.com\\\/wp-content\\\/uploads\\\/2025\\\/08\\\/303.png\",\"datePublished\":\"2025-08-28T16:33:17+00:00\",\"dateModified\":\"2026-04-08T02:01:40+00:00\",\"description\":\"Compra las zapatillas de p\u00e1del Spin 2531 blancas para hombre con tecnolog\u00eda VTS, STABILIS y DURABILITY. Comodidad, agarre y rendimiento superior en Revolution Padel Store.\",\"breadcrumb\":{\"@id\":\"https:\\\/\\\/revolutionpadelstore.com\\\/fr\\\/produit\\\/joma-spin-men-2531-blanco-3\\\/#breadcrumb\"},\"inLanguage\":\"fr-FR\",\"potentialAction\":[{\"@type\":\"ReadAction\",\"target\":[\"https:\\\/\\\/revolutionpadelstore.com\\\/fr\\\/produit\\\/joma-spin-men-2531-blanco-3\\\/\"]}]},{\"@type\":\"ImageObject\",\"inLanguage\":\"fr-FR\",\"@id\":\"https:\\\/\\\/revolutionpadelstore.com\\\/fr\\\/produit\\\/joma-spin-men-2531-blanco-3\\\/#primaryimage\",\"url\":\"https:\\\/\\\/revolutionpadelstore.com\\\/wp-content\\\/uploads\\\/2025\\\/08\\\/303.png\",\"contentUrl\":\"https:\\\/\\\/revolutionpadelstore.com\\\/wp-content\\\/uploads\\\/2025\\\/08\\\/303.png\",\"width\":1500,\"height\":1500},{\"@type\":\"BreadcrumbList\",\"@id\":\"https:\\\/\\\/revolutionpadelstore.com\\\/fr\\\/produit\\\/joma-spin-men-2531-blanco-3\\\/#breadcrumb\",\"itemListElement\":[{\"@type\":\"ListItem\",\"position\":1,\"name\":\"Portada\",\"item\":\"https:\\\/\\\/revolutionpadelstore.com\\\/fr\\\/\"},{\"@type\":\"ListItem\",\"position\":2,\"name\":\"Boutique\",\"item\":\"https:\\\/\\\/revolutionpadelstore.com\\\/fr\\\/tienda\\\/\"},{\"@type\":\"ListItem\",\"position\":3,\"name\":\"JOMA SPIN MEN 2531 BLANCO\"}]},{\"@type\":\"WebSite\",\"@id\":\"https:\\\/\\\/revolutionpadelstore.com\\\/fr\\\/#website\",\"url\":\"https:\\\/\\\/revolutionpadelstore.com\\\/fr\\\/\",\"name\":\"Revolution Padel Store\",\"description\":\"\",\"publisher\":{\"@id\":\"https:\\\/\\\/revolutionpadelstore.com\\\/fr\\\/#organization\"},\"potentialAction\":[{\"@type\":\"SearchAction\",\"target\":{\"@type\":\"EntryPoint\",\"urlTemplate\":\"https:\\\/\\\/revolutionpadelstore.com\\\/fr\\\/?s={search_term_string}\"},\"query-input\":{\"@type\":\"PropertyValueSpecification\",\"valueRequired\":true,\"valueName\":\"search_term_string\"}}],\"inLanguage\":\"fr-FR\"},{\"@type\":\"Organization\",\"@id\":\"https:\\\/\\\/revolutionpadelstore.com\\\/fr\\\/#organization\",\"name\":\"Revolution Padel Store\",\"url\":\"https:\\\/\\\/revolutionpadelstore.com\\\/fr\\\/\",\"logo\":{\"@type\":\"ImageObject\",\"inLanguage\":\"fr-FR\",\"@id\":\"https:\\\/\\\/revolutionpadelstore.com\\\/fr\\\/#\\\/schema\\\/logo\\\/image\\\/\",\"url\":\"https:\\\/\\\/revolutionpadelstore.com\\\/wp-content\\\/uploads\\\/2026\\\/02\\\/revolution-padel-store.jpg\",\"contentUrl\":\"https:\\\/\\\/revolutionpadelstore.com\\\/wp-content\\\/uploads\\\/2026\\\/02\\\/revolution-padel-store.jpg\",\"width\":2000,\"height\":2000,\"caption\":\"Revolution Padel Store\"},\"image\":{\"@id\":\"https:\\\/\\\/revolutionpadelstore.com\\\/fr\\\/#\\\/schema\\\/logo\\\/image\\\/\"},\"sameAs\":[\"https:\\\/\\\/www.instagram.com\\\/revolutionpadelstore\\\/\"]}]}<\/script>\n<!-- \/ Yoast SEO plugin. -->","yoast_head_json":{"title":"JOMA SPIN MEN 2531 BLANCO - Revolution Padel Store","description":"Compra las zapatillas de p\u00e1del Spin 2531 blancas para hombre con tecnolog\u00eda VTS, STABILIS y DURABILITY. Comodidad, agarre y rendimiento superior en Revolution Padel Store.","robots":{"index":"index","follow":"follow","max-snippet":"max-snippet:-1","max-image-preview":"max-image-preview:large","max-video-preview":"max-video-preview:-1"},"canonical":"https:\/\/revolutionpadelstore.com\/fr\/produit\/joma-spin-men-2531-blanco-3\/","og_locale":"fr_FR","og_type":"article","og_title":"JOMA SPIN MEN 2531 BLANCO - Revolution Padel Store","og_description":"Compra las zapatillas de p\u00e1del Spin 2531 blancas para hombre con tecnolog\u00eda VTS, STABILIS y DURABILITY. Comodidad, agarre y rendimiento superior en Revolution Padel Store.","og_url":"https:\/\/revolutionpadelstore.com\/fr\/produit\/joma-spin-men-2531-blanco-3\/","og_site_name":"Revolution Padel Store","article_modified_time":"2026-04-08T02:01:40+00:00","og_image":[{"width":1500,"height":1500,"url":"https:\/\/revolutionpadelstore.com\/wp-content\/uploads\/2025\/08\/303.png","type":"image\/png"}],"twitter_card":"summary_large_image","twitter_misc":{"Dur\u00e9e de lecture estim\u00e9e":"2 minutes"},"schema":{"@context":"https:\/\/schema.org","@graph":[{"@type":"WebPage","@id":"https:\/\/revolutionpadelstore.com\/fr\/produit\/joma-spin-men-2531-blanco-3\/","url":"https:\/\/revolutionpadelstore.com\/fr\/produit\/joma-spin-men-2531-blanco-3\/","name":"JOMA SPIN MEN 2531 BLANCO - Revolution Padel Store","isPartOf":{"@id":"https:\/\/revolutionpadelstore.com\/fr\/#website"},"primaryImageOfPage":{"@id":"https:\/\/revolutionpadelstore.com\/fr\/produit\/joma-spin-men-2531-blanco-3\/#primaryimage"},"image":{"@id":"https:\/\/revolutionpadelstore.com\/fr\/produit\/joma-spin-men-2531-blanco-3\/#primaryimage"},"thumbnailUrl":"https:\/\/revolutionpadelstore.com\/wp-content\/uploads\/2025\/08\/303.png","datePublished":"2025-08-28T16:33:17+00:00","dateModified":"2026-04-08T02:01:40+00:00","description":"Compra las zapatillas de p\u00e1del Spin 2531 blancas para hombre con tecnolog\u00eda VTS, STABILIS y DURABILITY. Comodidad, agarre y rendimiento superior en Revolution Padel Store.","breadcrumb":{"@id":"https:\/\/revolutionpadelstore.com\/fr\/produit\/joma-spin-men-2531-blanco-3\/#breadcrumb"},"inLanguage":"fr-FR","potentialAction":[{"@type":"ReadAction","target":["https:\/\/revolutionpadelstore.com\/fr\/produit\/joma-spin-men-2531-blanco-3\/"]}]},{"@type":"ImageObject","inLanguage":"fr-FR","@id":"https:\/\/revolutionpadelstore.com\/fr\/produit\/joma-spin-men-2531-blanco-3\/#primaryimage","url":"https:\/\/revolutionpadelstore.com\/wp-content\/uploads\/2025\/08\/303.png","contentUrl":"https:\/\/revolutionpadelstore.com\/wp-content\/uploads\/2025\/08\/303.png","width":1500,"height":1500},{"@type":"BreadcrumbList","@id":"https:\/\/revolutionpadelstore.com\/fr\/produit\/joma-spin-men-2531-blanco-3\/#breadcrumb","itemListElement":[{"@type":"ListItem","position":1,"name":"Portada","item":"https:\/\/revolutionpadelstore.com\/fr\/"},{"@type":"ListItem","position":2,"name":"Boutique","item":"https:\/\/revolutionpadelstore.com\/fr\/tienda\/"},{"@type":"ListItem","position":3,"name":"JOMA SPIN MEN 2531 BLANCO"}]},{"@type":"WebSite","@id":"https:\/\/revolutionpadelstore.com\/fr\/#website","url":"https:\/\/revolutionpadelstore.com\/fr\/","name":"Revolution Padel Store","description":"","publisher":{"@id":"https:\/\/revolutionpadelstore.com\/fr\/#organization"},"potentialAction":[{"@type":"SearchAction","target":{"@type":"EntryPoint","urlTemplate":"https:\/\/revolutionpadelstore.com\/fr\/?s={search_term_string}"},"query-input":{"@type":"PropertyValueSpecification","valueRequired":true,"valueName":"search_term_string"}}],"inLanguage":"fr-FR"},{"@type":"Organization","@id":"https:\/\/revolutionpadelstore.com\/fr\/#organization","name":"Revolution Padel Store","url":"https:\/\/revolutionpadelstore.com\/fr\/","logo":{"@type":"ImageObject","inLanguage":"fr-FR","@id":"https:\/\/revolutionpadelstore.com\/fr\/#\/schema\/logo\/image\/","url":"https:\/\/revolutionpadelstore.com\/wp-content\/uploads\/2026\/02\/revolution-padel-store.jpg","contentUrl":"https:\/\/revolutionpadelstore.com\/wp-content\/uploads\/2026\/02\/revolution-padel-store.jpg","width":2000,"height":2000,"caption":"Revolution Padel Store"},"image":{"@id":"https:\/\/revolutionpadelstore.com\/fr\/#\/schema\/logo\/image\/"},"sameAs":["https:\/\/www.instagram.com\/revolutionpadelstore\/"]}]}},"_links":{"self":[{"href":"https:\/\/revolutionpadelstore.com\/fr\/wp-json\/wp\/v2\/product\/266247","targetHints":{"allow":["GET"]}}],"collection":[{"href":"https:\/\/revolutionpadelstore.com\/fr\/wp-json\/wp\/v2\/product"}],"about":[{"href":"https:\/\/revolutionpadelstore.com\/fr\/wp-json\/wp\/v2\/types\/product"}],"replies":[{"embeddable":true,"href":"https:\/\/revolutionpadelstore.com\/fr\/wp-json\/wp\/v2\/comments?post=266247"}],"wp:featuredmedia":[{"embeddable":true,"href":"https:\/\/revolutionpadelstore.com\/fr\/wp-json\/wp\/v2\/media\/266212"}],"wp:attachment":[{"href":"https:\/\/revolutionpadelstore.com\/fr\/wp-json\/wp\/v2\/media?parent=266247"}],"wp:term":[{"taxonomy":"acabado","embeddable":true,"href":"https:\/\/revolutionpadelstore.com\/fr\/wp-json\/wp\/v2\/acabado?post=266247"},{"taxonomy":"balance","embeddable":true,"href":"https:\/\/revolutionpadelstore.com\/fr\/wp-json\/wp\/v2\/balance?post=266247"},{"taxonomy":"dureza","embeddable":true,"href":"https:\/\/revolutionpadelstore.com\/fr\/wp-json\/wp\/v2\/dureza?post=266247"},{"taxonomy":"forma","embeddable":true,"href":"https:\/\/revolutionpadelstore.com\/fr\/wp-json\/wp\/v2\/forma?post=266247"},{"taxonomy":"jugador","embeddable":true,"href":"https:\/\/revolutionpadelstore.com\/fr\/wp-json\/wp\/v2\/jugador?post=266247"},{"taxonomy":"marca","embeddable":true,"href":"https:\/\/revolutionpadelstore.com\/fr\/wp-json\/wp\/v2\/marca?post=266247"},{"taxonomy":"nivel-de-juego","embeddable":true,"href":"https:\/\/revolutionpadelstore.com\/fr\/wp-json\/wp\/v2\/nivel-de-juego?post=266247"},{"taxonomy":"superficie","embeddable":true,"href":"https:\/\/revolutionpadelstore.com\/fr\/wp-json\/wp\/v2\/superficie?post=266247"},{"taxonomy":"tipo-de-juego","embeddable":true,"href":"https:\/\/revolutionpadelstore.com\/fr\/wp-json\/wp\/v2\/tipo-de-juego?post=266247"},{"taxonomy":"product_brand","embeddable":true,"href":"https:\/\/revolutionpadelstore.com\/fr\/wp-json\/wp\/v2\/product_brand?post=266247"},{"taxonomy":"product_cat","embeddable":true,"href":"https:\/\/revolutionpadelstore.com\/fr\/wp-json\/wp\/v2\/product_cat?post=266247"},{"taxonomy":"product_tag","embeddable":true,"href":"https:\/\/revolutionpadelstore.com\/fr\/wp-json\/wp\/v2\/product_tag?post=266247"}],"curies":[{"name":"wp","href":"https:\/\/api.w.org\/{rel}","templated":true}]}}