{"id":266175,"date":"2025-08-28T17:38:01","date_gmt":"2025-08-28T15:38:01","guid":{"rendered":"https:\/\/revolutionpadelstore.com\/joma-spin-men-2515-petroleo\/"},"modified":"2026-04-08T04:02:54","modified_gmt":"2026-04-08T02:02:54","slug":"joma-spin-men-2515-petroleo-3","status":"publish","type":"product","link":"https:\/\/revolutionpadelstore.com\/fr\/produit\/joma-spin-men-2515-petroleo-3\/","title":{"rendered":"JOMA SPIN MEN 2515 PETR\u00d3LEO"},"content":{"rendered":"<h2>JOMA SPIN MEN 2515 PETROLEUM \u2013 Performance maximale sur piste<\/h2>\n<p>D\u00e9couvrez le mod\u00e8le haut de gamme con\u00e7u pour les joueurs exigeants qui recherchent des <em>performances maximales<\/em> \u00e0 chaque instant. Ces <strong>chaussures de padel pour hommes<\/strong> ont \u00e9t\u00e9 test\u00e9es par des joueurs professionnels comme <strong>Jos\u00e9 Diestro<\/strong>, garantissant une exp\u00e9rience de jeu sup\u00e9rieure en termes d&#8217;amorti, de stabilit\u00e9 et de confort.<\/p>\n<h2>Caract\u00e9ristiques techniques en vedette<\/h2>\n<p><strong>-Tige en mesh technique avec VTS<\/strong> : mat\u00e9riau respirant qui maintient une temp\u00e9rature constante du pied, m\u00eame lors des matchs les plus intenses.<\/p>\n<p><strong>-Syst\u00e8me de r\u00e9glage JOMA SPORTECH<\/strong> : Thermoscell\u00e9 qui offre un maintien confortable et l\u00e9ger sans points de pression.<\/p>\n<p><strong>-Renforts de PROTECTION<\/strong> : Augmentent la durabilit\u00e9 dans les zones cl\u00e9s expos\u00e9es \u00e0 l&#8217;usure, am\u00e9liorant ainsi la r\u00e9sistance de la chaussure.<\/p>\n<h2>Amorti et stabilit\u00e9 maximum<\/h2>\n<p><strong>-Semelle interm\u00e9diaire en Phylon<\/strong> : L\u00e9g\u00e8re, flexible et dot\u00e9e d&#8217;une grande capacit\u00e9 d&#8217;absorption des chocs. Id\u00e9al pour les mouvements rapides et les mouvements agressifs.<\/p>\n<p><strong>-Double STABILIS System<\/strong> : am\u00e9liore la stabilit\u00e9 \u00e0 chaque changement de direction, minimisant le risque de blessure sans compromettre l&#8217;agilit\u00e9 ou la flexibilit\u00e9.<\/p>\n<h2>Semelle OMNI avec caoutchouc DURABILITY<\/h2>\n<p><strong>-Semelle \u00e0 crampons circulaires<\/strong> : optimale pour les surfaces dures, permettant un glissement contr\u00f4l\u00e9 et un temps de r\u00e9action plus rapide sur le terrain.<\/p>\n<p><strong>-DURABILIT\u00c9 Composition<\/strong> : Augmente la dur\u00e9e de vie utile de la chaussure sans sacrifier l&#8217;adh\u00e9rence ou la traction.<\/p>\n<h2>Pourquoi choisir ce mod\u00e8le ?<\/h2>\n<p>-Approuv\u00e9 par les joueurs professionnels.<\/p>\n<p>-Id\u00e9al pour les entra\u00eenements intensifs et les comp\u00e9titions.<\/p>\n<p>-\u00c9quilibre parfait entre l\u00e9g\u00e8ret\u00e9, r\u00e9sistance et confort.<\/p>\n<p>-Technologie visant la <strong>haute performance au padel<\/strong>.<\/p>\n<h2>Obtenez-les maintenant !<\/h2>\n<p>Boostez votre jeu avec ces <strong>chaussures de padel professionnelles<\/strong> et d\u00e9couvrez la diff\u00e9rence dans chaque ensemble. Maintenant disponible dans notre boutique en ligne <a href=\"https:\/\/www.revolutionpadelstore.com\/\">www.revolutionpadelstore.com<\/a>, <em>probablement au meilleur prix du march\u00e9<\/em>.<\/p>\n<h2>JOMA SPIN MEN 2515 PETR\u00d3LEO \u2013 M\u00e1ximo Rendimiento en la Pista<\/h2>\n","protected":false},"excerpt":{"rendered":"<p>D\u00e9couvrez le mod\u00e8le JOMA SPIN MEN 2515 cr\u00e9\u00e9 pour les joueurs \u00e0 la recherche de performances maximales \u00e0 chaque jeu. Ces chaussures de padel pour hommes, test\u00e9es par des professionnels comme Jos\u00e9 Diestro, offrent une exp\u00e9rience de jeu exceptionnelle gr\u00e2ce \u00e0 leur excellent amorti, leur grande stabilit\u00e9 et leur haut niveau de confort.<\/p>\n","protected":false},"featured_media":266164,"comment_status":"open","ping_status":"closed","template":"","meta":{"_acf_changed":false,"_joinchat":[]},"acabado":[],"balance":[],"dureza":[],"forma":[],"jugador":[],"marca":[1227],"nivel-de-juego":[],"superficie":[],"tipo-de-juego":[],"product_brand":[],"product_cat":[830],"product_tag":[],"class_list":{"0":"post-266175","1":"product","2":"type-product","3":"status-publish","4":"has-post-thumbnail","6":"marca-joma-fr","7":"product_cat-baskets","9":"first","10":"outofstock","11":"sale","12":"taxable","13":"shipping-taxable","14":"purchasable","15":"product-type-variable"},"acf":[],"yoast_head":"<!-- This site is optimized with the Yoast SEO plugin v27.4 - https:\/\/yoast.com\/product\/yoast-seo-wordpress\/ -->\n<title>JOMA SPIN MEN 2515 PETR\u00d3LEO - Revolution Padel Store<\/title>\n<meta name=\"description\" content=\"Zapatillas de p\u00e1del para hombre de alta gama con m\u00e1xima amortiguaci\u00f3n, estabilidad y transpirabilidad. Usadas por jugadores profesionales. \u00a1C\u00f3mpralas al mejor precio en Revolution Padel Store!\" \/>\n<meta name=\"robots\" content=\"index, follow, max-snippet:-1, max-image-preview:large, max-video-preview:-1\" \/>\n<link rel=\"canonical\" href=\"https:\/\/revolutionpadelstore.com\/fr\/produit\/joma-spin-men-2515-petroleo-3\/\" \/>\n<meta property=\"og:locale\" content=\"fr_FR\" \/>\n<meta property=\"og:type\" content=\"article\" \/>\n<meta property=\"og:title\" content=\"JOMA SPIN MEN 2515 PETR\u00d3LEO - Revolution Padel Store\" \/>\n<meta property=\"og:description\" content=\"Zapatillas de p\u00e1del para hombre de alta gama con m\u00e1xima amortiguaci\u00f3n, estabilidad y transpirabilidad. Usadas por jugadores profesionales. \u00a1C\u00f3mpralas al mejor precio en Revolution Padel Store!\" \/>\n<meta property=\"og:url\" content=\"https:\/\/revolutionpadelstore.com\/fr\/produit\/joma-spin-men-2515-petroleo-3\/\" \/>\n<meta property=\"og:site_name\" content=\"Revolution Padel Store\" \/>\n<meta property=\"article:modified_time\" content=\"2026-04-08T02:02:54+00:00\" \/>\n<meta property=\"og:image\" content=\"https:\/\/revolutionpadelstore.com\/wp-content\/uploads\/2025\/08\/FOTO-PALAS-23.png\" \/>\n\t<meta property=\"og:image:width\" content=\"1500\" \/>\n\t<meta property=\"og:image:height\" content=\"1500\" \/>\n\t<meta property=\"og:image:type\" content=\"image\/png\" \/>\n<meta name=\"twitter:card\" content=\"summary_large_image\" \/>\n<meta name=\"twitter:label1\" content=\"Dur\u00e9e de lecture estim\u00e9e\" \/>\n\t<meta name=\"twitter:data1\" content=\"2 minutes\" \/>\n<script type=\"application\/ld+json\" class=\"yoast-schema-graph\">{\"@context\":\"https:\\\/\\\/schema.org\",\"@graph\":[{\"@type\":\"WebPage\",\"@id\":\"https:\\\/\\\/revolutionpadelstore.com\\\/fr\\\/produit\\\/joma-spin-men-2515-petroleo-3\\\/\",\"url\":\"https:\\\/\\\/revolutionpadelstore.com\\\/fr\\\/produit\\\/joma-spin-men-2515-petroleo-3\\\/\",\"name\":\"JOMA SPIN MEN 2515 PETR\u00d3LEO - Revolution Padel Store\",\"isPartOf\":{\"@id\":\"https:\\\/\\\/revolutionpadelstore.com\\\/fr\\\/#website\"},\"primaryImageOfPage\":{\"@id\":\"https:\\\/\\\/revolutionpadelstore.com\\\/fr\\\/produit\\\/joma-spin-men-2515-petroleo-3\\\/#primaryimage\"},\"image\":{\"@id\":\"https:\\\/\\\/revolutionpadelstore.com\\\/fr\\\/produit\\\/joma-spin-men-2515-petroleo-3\\\/#primaryimage\"},\"thumbnailUrl\":\"https:\\\/\\\/revolutionpadelstore.com\\\/wp-content\\\/uploads\\\/2025\\\/08\\\/FOTO-PALAS-23.png\",\"datePublished\":\"2025-08-28T15:38:01+00:00\",\"dateModified\":\"2026-04-08T02:02:54+00:00\",\"description\":\"Zapatillas de p\u00e1del para hombre de alta gama con m\u00e1xima amortiguaci\u00f3n, estabilidad y transpirabilidad. Usadas por jugadores profesionales. \u00a1C\u00f3mpralas al mejor precio en Revolution Padel Store!\",\"breadcrumb\":{\"@id\":\"https:\\\/\\\/revolutionpadelstore.com\\\/fr\\\/produit\\\/joma-spin-men-2515-petroleo-3\\\/#breadcrumb\"},\"inLanguage\":\"fr-FR\",\"potentialAction\":[{\"@type\":\"ReadAction\",\"target\":[\"https:\\\/\\\/revolutionpadelstore.com\\\/fr\\\/produit\\\/joma-spin-men-2515-petroleo-3\\\/\"]}]},{\"@type\":\"ImageObject\",\"inLanguage\":\"fr-FR\",\"@id\":\"https:\\\/\\\/revolutionpadelstore.com\\\/fr\\\/produit\\\/joma-spin-men-2515-petroleo-3\\\/#primaryimage\",\"url\":\"https:\\\/\\\/revolutionpadelstore.com\\\/wp-content\\\/uploads\\\/2025\\\/08\\\/FOTO-PALAS-23.png\",\"contentUrl\":\"https:\\\/\\\/revolutionpadelstore.com\\\/wp-content\\\/uploads\\\/2025\\\/08\\\/FOTO-PALAS-23.png\",\"width\":1500,\"height\":1500},{\"@type\":\"BreadcrumbList\",\"@id\":\"https:\\\/\\\/revolutionpadelstore.com\\\/fr\\\/produit\\\/joma-spin-men-2515-petroleo-3\\\/#breadcrumb\",\"itemListElement\":[{\"@type\":\"ListItem\",\"position\":1,\"name\":\"Portada\",\"item\":\"https:\\\/\\\/revolutionpadelstore.com\\\/fr\\\/\"},{\"@type\":\"ListItem\",\"position\":2,\"name\":\"Boutique\",\"item\":\"https:\\\/\\\/revolutionpadelstore.com\\\/fr\\\/tienda\\\/\"},{\"@type\":\"ListItem\",\"position\":3,\"name\":\"JOMA SPIN MEN 2515 PETR\u00d3LEO\"}]},{\"@type\":\"WebSite\",\"@id\":\"https:\\\/\\\/revolutionpadelstore.com\\\/fr\\\/#website\",\"url\":\"https:\\\/\\\/revolutionpadelstore.com\\\/fr\\\/\",\"name\":\"Revolution Padel Store\",\"description\":\"\",\"publisher\":{\"@id\":\"https:\\\/\\\/revolutionpadelstore.com\\\/fr\\\/#organization\"},\"potentialAction\":[{\"@type\":\"SearchAction\",\"target\":{\"@type\":\"EntryPoint\",\"urlTemplate\":\"https:\\\/\\\/revolutionpadelstore.com\\\/fr\\\/?s={search_term_string}\"},\"query-input\":{\"@type\":\"PropertyValueSpecification\",\"valueRequired\":true,\"valueName\":\"search_term_string\"}}],\"inLanguage\":\"fr-FR\"},{\"@type\":\"Organization\",\"@id\":\"https:\\\/\\\/revolutionpadelstore.com\\\/fr\\\/#organization\",\"name\":\"Revolution Padel Store\",\"url\":\"https:\\\/\\\/revolutionpadelstore.com\\\/fr\\\/\",\"logo\":{\"@type\":\"ImageObject\",\"inLanguage\":\"fr-FR\",\"@id\":\"https:\\\/\\\/revolutionpadelstore.com\\\/fr\\\/#\\\/schema\\\/logo\\\/image\\\/\",\"url\":\"https:\\\/\\\/revolutionpadelstore.com\\\/wp-content\\\/uploads\\\/2026\\\/02\\\/revolution-padel-store.jpg\",\"contentUrl\":\"https:\\\/\\\/revolutionpadelstore.com\\\/wp-content\\\/uploads\\\/2026\\\/02\\\/revolution-padel-store.jpg\",\"width\":2000,\"height\":2000,\"caption\":\"Revolution Padel Store\"},\"image\":{\"@id\":\"https:\\\/\\\/revolutionpadelstore.com\\\/fr\\\/#\\\/schema\\\/logo\\\/image\\\/\"},\"sameAs\":[\"https:\\\/\\\/www.instagram.com\\\/revolutionpadelstore\\\/\"]}]}<\/script>\n<!-- \/ Yoast SEO plugin. -->","yoast_head_json":{"title":"JOMA SPIN MEN 2515 PETR\u00d3LEO - Revolution Padel Store","description":"Zapatillas de p\u00e1del para hombre de alta gama con m\u00e1xima amortiguaci\u00f3n, estabilidad y transpirabilidad. Usadas por jugadores profesionales. \u00a1C\u00f3mpralas al mejor precio en Revolution Padel Store!","robots":{"index":"index","follow":"follow","max-snippet":"max-snippet:-1","max-image-preview":"max-image-preview:large","max-video-preview":"max-video-preview:-1"},"canonical":"https:\/\/revolutionpadelstore.com\/fr\/produit\/joma-spin-men-2515-petroleo-3\/","og_locale":"fr_FR","og_type":"article","og_title":"JOMA SPIN MEN 2515 PETR\u00d3LEO - Revolution Padel Store","og_description":"Zapatillas de p\u00e1del para hombre de alta gama con m\u00e1xima amortiguaci\u00f3n, estabilidad y transpirabilidad. Usadas por jugadores profesionales. \u00a1C\u00f3mpralas al mejor precio en Revolution Padel Store!","og_url":"https:\/\/revolutionpadelstore.com\/fr\/produit\/joma-spin-men-2515-petroleo-3\/","og_site_name":"Revolution Padel Store","article_modified_time":"2026-04-08T02:02:54+00:00","og_image":[{"width":1500,"height":1500,"url":"https:\/\/revolutionpadelstore.com\/wp-content\/uploads\/2025\/08\/FOTO-PALAS-23.png","type":"image\/png"}],"twitter_card":"summary_large_image","twitter_misc":{"Dur\u00e9e de lecture estim\u00e9e":"2 minutes"},"schema":{"@context":"https:\/\/schema.org","@graph":[{"@type":"WebPage","@id":"https:\/\/revolutionpadelstore.com\/fr\/produit\/joma-spin-men-2515-petroleo-3\/","url":"https:\/\/revolutionpadelstore.com\/fr\/produit\/joma-spin-men-2515-petroleo-3\/","name":"JOMA SPIN MEN 2515 PETR\u00d3LEO - Revolution Padel Store","isPartOf":{"@id":"https:\/\/revolutionpadelstore.com\/fr\/#website"},"primaryImageOfPage":{"@id":"https:\/\/revolutionpadelstore.com\/fr\/produit\/joma-spin-men-2515-petroleo-3\/#primaryimage"},"image":{"@id":"https:\/\/revolutionpadelstore.com\/fr\/produit\/joma-spin-men-2515-petroleo-3\/#primaryimage"},"thumbnailUrl":"https:\/\/revolutionpadelstore.com\/wp-content\/uploads\/2025\/08\/FOTO-PALAS-23.png","datePublished":"2025-08-28T15:38:01+00:00","dateModified":"2026-04-08T02:02:54+00:00","description":"Zapatillas de p\u00e1del para hombre de alta gama con m\u00e1xima amortiguaci\u00f3n, estabilidad y transpirabilidad. Usadas por jugadores profesionales. \u00a1C\u00f3mpralas al mejor precio en Revolution Padel Store!","breadcrumb":{"@id":"https:\/\/revolutionpadelstore.com\/fr\/produit\/joma-spin-men-2515-petroleo-3\/#breadcrumb"},"inLanguage":"fr-FR","potentialAction":[{"@type":"ReadAction","target":["https:\/\/revolutionpadelstore.com\/fr\/produit\/joma-spin-men-2515-petroleo-3\/"]}]},{"@type":"ImageObject","inLanguage":"fr-FR","@id":"https:\/\/revolutionpadelstore.com\/fr\/produit\/joma-spin-men-2515-petroleo-3\/#primaryimage","url":"https:\/\/revolutionpadelstore.com\/wp-content\/uploads\/2025\/08\/FOTO-PALAS-23.png","contentUrl":"https:\/\/revolutionpadelstore.com\/wp-content\/uploads\/2025\/08\/FOTO-PALAS-23.png","width":1500,"height":1500},{"@type":"BreadcrumbList","@id":"https:\/\/revolutionpadelstore.com\/fr\/produit\/joma-spin-men-2515-petroleo-3\/#breadcrumb","itemListElement":[{"@type":"ListItem","position":1,"name":"Portada","item":"https:\/\/revolutionpadelstore.com\/fr\/"},{"@type":"ListItem","position":2,"name":"Boutique","item":"https:\/\/revolutionpadelstore.com\/fr\/tienda\/"},{"@type":"ListItem","position":3,"name":"JOMA SPIN MEN 2515 PETR\u00d3LEO"}]},{"@type":"WebSite","@id":"https:\/\/revolutionpadelstore.com\/fr\/#website","url":"https:\/\/revolutionpadelstore.com\/fr\/","name":"Revolution Padel Store","description":"","publisher":{"@id":"https:\/\/revolutionpadelstore.com\/fr\/#organization"},"potentialAction":[{"@type":"SearchAction","target":{"@type":"EntryPoint","urlTemplate":"https:\/\/revolutionpadelstore.com\/fr\/?s={search_term_string}"},"query-input":{"@type":"PropertyValueSpecification","valueRequired":true,"valueName":"search_term_string"}}],"inLanguage":"fr-FR"},{"@type":"Organization","@id":"https:\/\/revolutionpadelstore.com\/fr\/#organization","name":"Revolution Padel Store","url":"https:\/\/revolutionpadelstore.com\/fr\/","logo":{"@type":"ImageObject","inLanguage":"fr-FR","@id":"https:\/\/revolutionpadelstore.com\/fr\/#\/schema\/logo\/image\/","url":"https:\/\/revolutionpadelstore.com\/wp-content\/uploads\/2026\/02\/revolution-padel-store.jpg","contentUrl":"https:\/\/revolutionpadelstore.com\/wp-content\/uploads\/2026\/02\/revolution-padel-store.jpg","width":2000,"height":2000,"caption":"Revolution Padel Store"},"image":{"@id":"https:\/\/revolutionpadelstore.com\/fr\/#\/schema\/logo\/image\/"},"sameAs":["https:\/\/www.instagram.com\/revolutionpadelstore\/"]}]}},"_links":{"self":[{"href":"https:\/\/revolutionpadelstore.com\/fr\/wp-json\/wp\/v2\/product\/266175","targetHints":{"allow":["GET"]}}],"collection":[{"href":"https:\/\/revolutionpadelstore.com\/fr\/wp-json\/wp\/v2\/product"}],"about":[{"href":"https:\/\/revolutionpadelstore.com\/fr\/wp-json\/wp\/v2\/types\/product"}],"replies":[{"embeddable":true,"href":"https:\/\/revolutionpadelstore.com\/fr\/wp-json\/wp\/v2\/comments?post=266175"}],"wp:featuredmedia":[{"embeddable":true,"href":"https:\/\/revolutionpadelstore.com\/fr\/wp-json\/wp\/v2\/media\/266164"}],"wp:attachment":[{"href":"https:\/\/revolutionpadelstore.com\/fr\/wp-json\/wp\/v2\/media?parent=266175"}],"wp:term":[{"taxonomy":"acabado","embeddable":true,"href":"https:\/\/revolutionpadelstore.com\/fr\/wp-json\/wp\/v2\/acabado?post=266175"},{"taxonomy":"balance","embeddable":true,"href":"https:\/\/revolutionpadelstore.com\/fr\/wp-json\/wp\/v2\/balance?post=266175"},{"taxonomy":"dureza","embeddable":true,"href":"https:\/\/revolutionpadelstore.com\/fr\/wp-json\/wp\/v2\/dureza?post=266175"},{"taxonomy":"forma","embeddable":true,"href":"https:\/\/revolutionpadelstore.com\/fr\/wp-json\/wp\/v2\/forma?post=266175"},{"taxonomy":"jugador","embeddable":true,"href":"https:\/\/revolutionpadelstore.com\/fr\/wp-json\/wp\/v2\/jugador?post=266175"},{"taxonomy":"marca","embeddable":true,"href":"https:\/\/revolutionpadelstore.com\/fr\/wp-json\/wp\/v2\/marca?post=266175"},{"taxonomy":"nivel-de-juego","embeddable":true,"href":"https:\/\/revolutionpadelstore.com\/fr\/wp-json\/wp\/v2\/nivel-de-juego?post=266175"},{"taxonomy":"superficie","embeddable":true,"href":"https:\/\/revolutionpadelstore.com\/fr\/wp-json\/wp\/v2\/superficie?post=266175"},{"taxonomy":"tipo-de-juego","embeddable":true,"href":"https:\/\/revolutionpadelstore.com\/fr\/wp-json\/wp\/v2\/tipo-de-juego?post=266175"},{"taxonomy":"product_brand","embeddable":true,"href":"https:\/\/revolutionpadelstore.com\/fr\/wp-json\/wp\/v2\/product_brand?post=266175"},{"taxonomy":"product_cat","embeddable":true,"href":"https:\/\/revolutionpadelstore.com\/fr\/wp-json\/wp\/v2\/product_cat?post=266175"},{"taxonomy":"product_tag","embeddable":true,"href":"https:\/\/revolutionpadelstore.com\/fr\/wp-json\/wp\/v2\/product_tag?post=266175"}],"curies":[{"name":"wp","href":"https:\/\/api.w.org\/{rel}","templated":true}]}}