{"id":266119,"date":"2025-08-28T15:36:49","date_gmt":"2025-08-28T13:36:49","guid":{"rendered":"https:\/\/revolutionpadelstore.com\/joma-slam-men-2502-blanco\/"},"modified":"2026-04-08T04:05:01","modified_gmt":"2026-04-08T02:05:01","slug":"joma-slam-men-2502-blanco-3","status":"publish","type":"product","link":"https:\/\/revolutionpadelstore.com\/fr\/produit\/joma-slam-men-2502-blanco-3\/","title":{"rendered":"JOMA SLAM MEN 2502 BLANCO"},"content":{"rendered":"<h2> JOMA SLAM MEN 2502 Blanc \u2013 Des performances d&#8217;\u00e9lite \u00e0 chaque match<\/h2>\n<p>Les <strong>JOMA SLAM MEN 2502 White<\/strong> ont \u00e9t\u00e9 d\u00e9velopp\u00e9es pour offrir des performances maximales aux joueurs exigeants qui cherchent \u00e0 dominer le terrain \u00e0 chaque mouvement. Utilis\u00e9es et test\u00e9es par des professionnels tels que <em>Carolina Navarro<\/em> et <em>Juanlu Esbr\u00ed<\/em>, ces chaussures de padel repr\u00e9sentent la combinaison parfaite de technologie, de confort et de durabilit\u00e9.<\/p>\n<h2> Principales caract\u00e9ristiques techniques<\/h2>\n<p><strong>-Con\u00e7u pour le padel professionnel<\/strong> : Chaussures officielles test\u00e9es en comp\u00e9tition par des joueurs de haut niveau.<\/p>\n<p><strong>-Tige respirante avec technologie VTS<\/strong> : Maille technique qui am\u00e9liore la circulation de l&#8217;air, gardant vos pieds au frais pendant les matchs les plus intenses.<\/p>\n<p><strong>&#8211; Syst\u00e8me SPORTECH thermosoud\u00e9<\/strong> : Offre l\u00e9g\u00e8ret\u00e9 et ajustement pr\u00e9cis, sans coutures g\u00eanantes.<\/p>\n<p><strong>-Renforcement dans les zones sensibles (PROTECTION)<\/strong> : Protection en caoutchouc dans les zones de plus grande usure pour prolonger la dur\u00e9e de vie utile de la chaussure.<\/p>\n<p><strong>-Semelle interm\u00e9diaire DUAL REACTIVE<\/strong> : combine du phylon de haute qualit\u00e9 avec REACTIVE BALL, offrant un excellent amorti et un excellent retour d&#8217;\u00e9nergie.<\/p>\n<p><strong>-Stabilit\u00e9 garantie avec STABILIS<\/strong> : Pi\u00e8ce ergonomique au milieu du pied qui \u00e9vite les torsions ind\u00e9sirables et am\u00e9liore la s\u00e9curit\u00e9 lors des d\u00e9placements.<\/p>\n<p><strong>-SEMELLE Omni DURABILITY<\/strong> : Adh\u00e9rence optimale sur terrain dur et glisse contr\u00f4l\u00e9e, id\u00e9ale pour les joueurs techniques.<\/p>\n<h2> Principaux avantages pour le joueur<\/h2>\n<p>-Confort sup\u00e9rieur tout au long du jeu<\/p>\n<p>-Stabilit\u00e9 et s\u00e9curit\u00e9 \u00e0 chaque changement de direction<\/p>\n<p>-Coup de pouce suppl\u00e9mentaire gr\u00e2ce au retour d&#8217;\u00e9nergie<\/p>\n<p>-Une plus grande r\u00e9sistance \u00e0 l&#8217;usure dans les zones critiques<\/p>\n<p>-Excellente ventilation pour \u00e9viter la surchauffe<\/p>\n<h2>Parfait pour les joueurs techniques et comp\u00e9titifs<\/h2>\n<p>Ces chaussures sont con\u00e7ues pour ceux qui donnent tout sur le terrain. Sa conception robuste mais l\u00e9g\u00e8re vous permet d&#8217;ex\u00e9cuter des mouvements explosifs sans compromettre le confort. De plus, son excellent amorti et son ajustement ferme vous permettent de maintenir un niveau de jeu \u00e9lev\u00e9 tout au long du match.<\/p>\n<h2> Pourquoi choisir le JOMA SLAM MEN 2502 ?<\/h2>\n<p>Si vous recherchez des <strong>chaussures de padel pour hommes<\/strong> qui allient innovation, durabilit\u00e9 et ajustement performant, ce mod\u00e8le est fait pour vous. Ils sont id\u00e9aux pour les terrains durs et pour les joueurs qui ont besoin de traction et de libert\u00e9 de mouvement sans sacrifier la protection ou le contr\u00f4le.<\/p>\n<h2> Achetez maintenant le JOMA SLAM MEN 2502 Blanc<\/h2>\n<p>Disponible dans notre boutique en ligne <strong><a href=\"https:\/\/www.revolutionpadelstore.com\/\">www.revolutionpadelstore.com<\/a><\/strong>, probablement au meilleur prix du march\u00e9. Ne manquez pas l&#8217;occasion de faire passer votre jeu au niveau sup\u00e9rieur avec des chaussures con\u00e7ues pour la haute comp\u00e9tition.<\/p>\n<h2>\u00a0JOMA SLAM MEN 2502 Blanco \u2013 Rendimiento de \u00e9lite en cada partido<\/h2>\n","protected":false},"excerpt":{"rendered":"<p>Les JOMA SLAM MEN 2502 Blanc sont con\u00e7ues pour les joueurs exigeants qui souhaitent donner le meilleur d&#8217;eux-m\u00eames sur chaque point. Test\u00e9s par des professionnels tels que Carolina Navarro et Juanlu Esbr\u00ed, ils allient innovation, confort et r\u00e9sistance pour dominer le court.<\/p>\n","protected":false},"featured_media":266045,"comment_status":"open","ping_status":"closed","template":"","meta":{"_acf_changed":false,"_joinchat":[]},"acabado":[],"balance":[],"dureza":[],"forma":[],"jugador":[],"marca":[1227],"nivel-de-juego":[],"superficie":[],"tipo-de-juego":[],"product_brand":[],"product_cat":[830],"product_tag":[],"class_list":{"0":"post-266119","1":"product","2":"type-product","3":"status-publish","4":"has-post-thumbnail","6":"marca-joma-fr","7":"product_cat-baskets","9":"first","10":"outofstock","11":"sale","12":"taxable","13":"shipping-taxable","14":"purchasable","15":"product-type-variable"},"acf":[],"yoast_head":"<!-- This site is optimized with the Yoast SEO plugin v27.4 - https:\/\/yoast.com\/product\/yoast-seo-wordpress\/ -->\n<title>JOMA SLAM MEN 2502 BLANCO - Revolution Padel Store<\/title>\n<meta name=\"description\" content=\"Descubre las JOMA SLAM MEN 2502 Blanco FW25, zapatillas de p\u00e1del para hombre con tecnolog\u00eda profesional, m\u00e1xima amortiguaci\u00f3n y suela Omni Durability. \u00a1Compra online al mejor precio!\" \/>\n<meta name=\"robots\" content=\"index, follow, max-snippet:-1, max-image-preview:large, max-video-preview:-1\" \/>\n<link rel=\"canonical\" href=\"https:\/\/revolutionpadelstore.com\/fr\/produit\/joma-slam-men-2502-blanco-3\/\" \/>\n<meta property=\"og:locale\" content=\"fr_FR\" \/>\n<meta property=\"og:type\" content=\"article\" \/>\n<meta property=\"og:title\" content=\"JOMA SLAM MEN 2502 BLANCO - Revolution Padel Store\" \/>\n<meta property=\"og:description\" content=\"Descubre las JOMA SLAM MEN 2502 Blanco FW25, zapatillas de p\u00e1del para hombre con tecnolog\u00eda profesional, m\u00e1xima amortiguaci\u00f3n y suela Omni Durability. \u00a1Compra online al mejor precio!\" \/>\n<meta property=\"og:url\" content=\"https:\/\/revolutionpadelstore.com\/fr\/produit\/joma-slam-men-2502-blanco-3\/\" \/>\n<meta property=\"og:site_name\" content=\"Revolution Padel Store\" \/>\n<meta property=\"article:modified_time\" content=\"2026-04-08T02:05:01+00:00\" \/>\n<meta property=\"og:image\" content=\"https:\/\/revolutionpadelstore.com\/wp-content\/uploads\/2025\/08\/292.png\" \/>\n\t<meta property=\"og:image:width\" content=\"1500\" \/>\n\t<meta property=\"og:image:height\" content=\"1500\" \/>\n\t<meta property=\"og:image:type\" content=\"image\/png\" \/>\n<meta name=\"twitter:card\" content=\"summary_large_image\" \/>\n<meta name=\"twitter:label1\" content=\"Dur\u00e9e de lecture estim\u00e9e\" \/>\n\t<meta name=\"twitter:data1\" content=\"2 minutes\" \/>\n<script type=\"application\/ld+json\" class=\"yoast-schema-graph\">{\"@context\":\"https:\\\/\\\/schema.org\",\"@graph\":[{\"@type\":\"WebPage\",\"@id\":\"https:\\\/\\\/revolutionpadelstore.com\\\/fr\\\/produit\\\/joma-slam-men-2502-blanco-3\\\/\",\"url\":\"https:\\\/\\\/revolutionpadelstore.com\\\/fr\\\/produit\\\/joma-slam-men-2502-blanco-3\\\/\",\"name\":\"JOMA SLAM MEN 2502 BLANCO - Revolution Padel Store\",\"isPartOf\":{\"@id\":\"https:\\\/\\\/revolutionpadelstore.com\\\/fr\\\/#website\"},\"primaryImageOfPage\":{\"@id\":\"https:\\\/\\\/revolutionpadelstore.com\\\/fr\\\/produit\\\/joma-slam-men-2502-blanco-3\\\/#primaryimage\"},\"image\":{\"@id\":\"https:\\\/\\\/revolutionpadelstore.com\\\/fr\\\/produit\\\/joma-slam-men-2502-blanco-3\\\/#primaryimage\"},\"thumbnailUrl\":\"https:\\\/\\\/revolutionpadelstore.com\\\/wp-content\\\/uploads\\\/2025\\\/08\\\/292.png\",\"datePublished\":\"2025-08-28T13:36:49+00:00\",\"dateModified\":\"2026-04-08T02:05:01+00:00\",\"description\":\"Descubre las JOMA SLAM MEN 2502 Blanco FW25, zapatillas de p\u00e1del para hombre con tecnolog\u00eda profesional, m\u00e1xima amortiguaci\u00f3n y suela Omni Durability. \u00a1Compra online al mejor precio!\",\"breadcrumb\":{\"@id\":\"https:\\\/\\\/revolutionpadelstore.com\\\/fr\\\/produit\\\/joma-slam-men-2502-blanco-3\\\/#breadcrumb\"},\"inLanguage\":\"fr-FR\",\"potentialAction\":[{\"@type\":\"ReadAction\",\"target\":[\"https:\\\/\\\/revolutionpadelstore.com\\\/fr\\\/produit\\\/joma-slam-men-2502-blanco-3\\\/\"]}]},{\"@type\":\"ImageObject\",\"inLanguage\":\"fr-FR\",\"@id\":\"https:\\\/\\\/revolutionpadelstore.com\\\/fr\\\/produit\\\/joma-slam-men-2502-blanco-3\\\/#primaryimage\",\"url\":\"https:\\\/\\\/revolutionpadelstore.com\\\/wp-content\\\/uploads\\\/2025\\\/08\\\/292.png\",\"contentUrl\":\"https:\\\/\\\/revolutionpadelstore.com\\\/wp-content\\\/uploads\\\/2025\\\/08\\\/292.png\",\"width\":1500,\"height\":1500},{\"@type\":\"BreadcrumbList\",\"@id\":\"https:\\\/\\\/revolutionpadelstore.com\\\/fr\\\/produit\\\/joma-slam-men-2502-blanco-3\\\/#breadcrumb\",\"itemListElement\":[{\"@type\":\"ListItem\",\"position\":1,\"name\":\"Portada\",\"item\":\"https:\\\/\\\/revolutionpadelstore.com\\\/fr\\\/\"},{\"@type\":\"ListItem\",\"position\":2,\"name\":\"Boutique\",\"item\":\"https:\\\/\\\/revolutionpadelstore.com\\\/fr\\\/tienda\\\/\"},{\"@type\":\"ListItem\",\"position\":3,\"name\":\"JOMA SLAM MEN 2502 BLANCO\"}]},{\"@type\":\"WebSite\",\"@id\":\"https:\\\/\\\/revolutionpadelstore.com\\\/fr\\\/#website\",\"url\":\"https:\\\/\\\/revolutionpadelstore.com\\\/fr\\\/\",\"name\":\"Revolution Padel Store\",\"description\":\"\",\"publisher\":{\"@id\":\"https:\\\/\\\/revolutionpadelstore.com\\\/fr\\\/#organization\"},\"potentialAction\":[{\"@type\":\"SearchAction\",\"target\":{\"@type\":\"EntryPoint\",\"urlTemplate\":\"https:\\\/\\\/revolutionpadelstore.com\\\/fr\\\/?s={search_term_string}\"},\"query-input\":{\"@type\":\"PropertyValueSpecification\",\"valueRequired\":true,\"valueName\":\"search_term_string\"}}],\"inLanguage\":\"fr-FR\"},{\"@type\":\"Organization\",\"@id\":\"https:\\\/\\\/revolutionpadelstore.com\\\/fr\\\/#organization\",\"name\":\"Revolution Padel Store\",\"url\":\"https:\\\/\\\/revolutionpadelstore.com\\\/fr\\\/\",\"logo\":{\"@type\":\"ImageObject\",\"inLanguage\":\"fr-FR\",\"@id\":\"https:\\\/\\\/revolutionpadelstore.com\\\/fr\\\/#\\\/schema\\\/logo\\\/image\\\/\",\"url\":\"https:\\\/\\\/revolutionpadelstore.com\\\/wp-content\\\/uploads\\\/2026\\\/02\\\/revolution-padel-store.jpg\",\"contentUrl\":\"https:\\\/\\\/revolutionpadelstore.com\\\/wp-content\\\/uploads\\\/2026\\\/02\\\/revolution-padel-store.jpg\",\"width\":2000,\"height\":2000,\"caption\":\"Revolution Padel Store\"},\"image\":{\"@id\":\"https:\\\/\\\/revolutionpadelstore.com\\\/fr\\\/#\\\/schema\\\/logo\\\/image\\\/\"},\"sameAs\":[\"https:\\\/\\\/www.instagram.com\\\/revolutionpadelstore\\\/\"]}]}<\/script>\n<!-- \/ Yoast SEO plugin. -->","yoast_head_json":{"title":"JOMA SLAM MEN 2502 BLANCO - Revolution Padel Store","description":"Descubre las JOMA SLAM MEN 2502 Blanco FW25, zapatillas de p\u00e1del para hombre con tecnolog\u00eda profesional, m\u00e1xima amortiguaci\u00f3n y suela Omni Durability. \u00a1Compra online al mejor precio!","robots":{"index":"index","follow":"follow","max-snippet":"max-snippet:-1","max-image-preview":"max-image-preview:large","max-video-preview":"max-video-preview:-1"},"canonical":"https:\/\/revolutionpadelstore.com\/fr\/produit\/joma-slam-men-2502-blanco-3\/","og_locale":"fr_FR","og_type":"article","og_title":"JOMA SLAM MEN 2502 BLANCO - Revolution Padel Store","og_description":"Descubre las JOMA SLAM MEN 2502 Blanco FW25, zapatillas de p\u00e1del para hombre con tecnolog\u00eda profesional, m\u00e1xima amortiguaci\u00f3n y suela Omni Durability. \u00a1Compra online al mejor precio!","og_url":"https:\/\/revolutionpadelstore.com\/fr\/produit\/joma-slam-men-2502-blanco-3\/","og_site_name":"Revolution Padel Store","article_modified_time":"2026-04-08T02:05:01+00:00","og_image":[{"width":1500,"height":1500,"url":"https:\/\/revolutionpadelstore.com\/wp-content\/uploads\/2025\/08\/292.png","type":"image\/png"}],"twitter_card":"summary_large_image","twitter_misc":{"Dur\u00e9e de lecture estim\u00e9e":"2 minutes"},"schema":{"@context":"https:\/\/schema.org","@graph":[{"@type":"WebPage","@id":"https:\/\/revolutionpadelstore.com\/fr\/produit\/joma-slam-men-2502-blanco-3\/","url":"https:\/\/revolutionpadelstore.com\/fr\/produit\/joma-slam-men-2502-blanco-3\/","name":"JOMA SLAM MEN 2502 BLANCO - Revolution Padel Store","isPartOf":{"@id":"https:\/\/revolutionpadelstore.com\/fr\/#website"},"primaryImageOfPage":{"@id":"https:\/\/revolutionpadelstore.com\/fr\/produit\/joma-slam-men-2502-blanco-3\/#primaryimage"},"image":{"@id":"https:\/\/revolutionpadelstore.com\/fr\/produit\/joma-slam-men-2502-blanco-3\/#primaryimage"},"thumbnailUrl":"https:\/\/revolutionpadelstore.com\/wp-content\/uploads\/2025\/08\/292.png","datePublished":"2025-08-28T13:36:49+00:00","dateModified":"2026-04-08T02:05:01+00:00","description":"Descubre las JOMA SLAM MEN 2502 Blanco FW25, zapatillas de p\u00e1del para hombre con tecnolog\u00eda profesional, m\u00e1xima amortiguaci\u00f3n y suela Omni Durability. \u00a1Compra online al mejor precio!","breadcrumb":{"@id":"https:\/\/revolutionpadelstore.com\/fr\/produit\/joma-slam-men-2502-blanco-3\/#breadcrumb"},"inLanguage":"fr-FR","potentialAction":[{"@type":"ReadAction","target":["https:\/\/revolutionpadelstore.com\/fr\/produit\/joma-slam-men-2502-blanco-3\/"]}]},{"@type":"ImageObject","inLanguage":"fr-FR","@id":"https:\/\/revolutionpadelstore.com\/fr\/produit\/joma-slam-men-2502-blanco-3\/#primaryimage","url":"https:\/\/revolutionpadelstore.com\/wp-content\/uploads\/2025\/08\/292.png","contentUrl":"https:\/\/revolutionpadelstore.com\/wp-content\/uploads\/2025\/08\/292.png","width":1500,"height":1500},{"@type":"BreadcrumbList","@id":"https:\/\/revolutionpadelstore.com\/fr\/produit\/joma-slam-men-2502-blanco-3\/#breadcrumb","itemListElement":[{"@type":"ListItem","position":1,"name":"Portada","item":"https:\/\/revolutionpadelstore.com\/fr\/"},{"@type":"ListItem","position":2,"name":"Boutique","item":"https:\/\/revolutionpadelstore.com\/fr\/tienda\/"},{"@type":"ListItem","position":3,"name":"JOMA SLAM MEN 2502 BLANCO"}]},{"@type":"WebSite","@id":"https:\/\/revolutionpadelstore.com\/fr\/#website","url":"https:\/\/revolutionpadelstore.com\/fr\/","name":"Revolution Padel Store","description":"","publisher":{"@id":"https:\/\/revolutionpadelstore.com\/fr\/#organization"},"potentialAction":[{"@type":"SearchAction","target":{"@type":"EntryPoint","urlTemplate":"https:\/\/revolutionpadelstore.com\/fr\/?s={search_term_string}"},"query-input":{"@type":"PropertyValueSpecification","valueRequired":true,"valueName":"search_term_string"}}],"inLanguage":"fr-FR"},{"@type":"Organization","@id":"https:\/\/revolutionpadelstore.com\/fr\/#organization","name":"Revolution Padel Store","url":"https:\/\/revolutionpadelstore.com\/fr\/","logo":{"@type":"ImageObject","inLanguage":"fr-FR","@id":"https:\/\/revolutionpadelstore.com\/fr\/#\/schema\/logo\/image\/","url":"https:\/\/revolutionpadelstore.com\/wp-content\/uploads\/2026\/02\/revolution-padel-store.jpg","contentUrl":"https:\/\/revolutionpadelstore.com\/wp-content\/uploads\/2026\/02\/revolution-padel-store.jpg","width":2000,"height":2000,"caption":"Revolution Padel Store"},"image":{"@id":"https:\/\/revolutionpadelstore.com\/fr\/#\/schema\/logo\/image\/"},"sameAs":["https:\/\/www.instagram.com\/revolutionpadelstore\/"]}]}},"_links":{"self":[{"href":"https:\/\/revolutionpadelstore.com\/fr\/wp-json\/wp\/v2\/product\/266119","targetHints":{"allow":["GET"]}}],"collection":[{"href":"https:\/\/revolutionpadelstore.com\/fr\/wp-json\/wp\/v2\/product"}],"about":[{"href":"https:\/\/revolutionpadelstore.com\/fr\/wp-json\/wp\/v2\/types\/product"}],"replies":[{"embeddable":true,"href":"https:\/\/revolutionpadelstore.com\/fr\/wp-json\/wp\/v2\/comments?post=266119"}],"wp:featuredmedia":[{"embeddable":true,"href":"https:\/\/revolutionpadelstore.com\/fr\/wp-json\/wp\/v2\/media\/266045"}],"wp:attachment":[{"href":"https:\/\/revolutionpadelstore.com\/fr\/wp-json\/wp\/v2\/media?parent=266119"}],"wp:term":[{"taxonomy":"acabado","embeddable":true,"href":"https:\/\/revolutionpadelstore.com\/fr\/wp-json\/wp\/v2\/acabado?post=266119"},{"taxonomy":"balance","embeddable":true,"href":"https:\/\/revolutionpadelstore.com\/fr\/wp-json\/wp\/v2\/balance?post=266119"},{"taxonomy":"dureza","embeddable":true,"href":"https:\/\/revolutionpadelstore.com\/fr\/wp-json\/wp\/v2\/dureza?post=266119"},{"taxonomy":"forma","embeddable":true,"href":"https:\/\/revolutionpadelstore.com\/fr\/wp-json\/wp\/v2\/forma?post=266119"},{"taxonomy":"jugador","embeddable":true,"href":"https:\/\/revolutionpadelstore.com\/fr\/wp-json\/wp\/v2\/jugador?post=266119"},{"taxonomy":"marca","embeddable":true,"href":"https:\/\/revolutionpadelstore.com\/fr\/wp-json\/wp\/v2\/marca?post=266119"},{"taxonomy":"nivel-de-juego","embeddable":true,"href":"https:\/\/revolutionpadelstore.com\/fr\/wp-json\/wp\/v2\/nivel-de-juego?post=266119"},{"taxonomy":"superficie","embeddable":true,"href":"https:\/\/revolutionpadelstore.com\/fr\/wp-json\/wp\/v2\/superficie?post=266119"},{"taxonomy":"tipo-de-juego","embeddable":true,"href":"https:\/\/revolutionpadelstore.com\/fr\/wp-json\/wp\/v2\/tipo-de-juego?post=266119"},{"taxonomy":"product_brand","embeddable":true,"href":"https:\/\/revolutionpadelstore.com\/fr\/wp-json\/wp\/v2\/product_brand?post=266119"},{"taxonomy":"product_cat","embeddable":true,"href":"https:\/\/revolutionpadelstore.com\/fr\/wp-json\/wp\/v2\/product_cat?post=266119"},{"taxonomy":"product_tag","embeddable":true,"href":"https:\/\/revolutionpadelstore.com\/fr\/wp-json\/wp\/v2\/product_tag?post=266119"}],"curies":[{"name":"wp","href":"https:\/\/api.w.org\/{rel}","templated":true}]}}