{"id":265876,"date":"2025-08-22T20:40:14","date_gmt":"2025-08-22T18:40:14","guid":{"rendered":"https:\/\/revolutionpadelstore.com\/cajon-de-18-botes-de-4-bolas-head-cs\/"},"modified":"2026-04-15T14:01:37","modified_gmt":"2026-04-15T12:01:37","slug":"cajon-de-18-botes-de-4-bolas-head-cs-3","status":"publish","type":"product","link":"https:\/\/revolutionpadelstore.com\/fr\/produit\/cajon-de-18-botes-de-4-bolas-head-cs-3\/","title":{"rendered":"CAJON DE 18 BOTES DE 4 BOLAS HEAD CS"},"content":{"rendered":"<h2>Bo\u00eete de 18 Canettes de 4 Balles HEAD CS \u2013 72 Balles Haute Performance<\/h2>\n<p>\u00c9levez votre niveau de jeu avec la <strong>bo\u00eete de 18 bo\u00eetes de balles de padel HEAD CS<\/strong>, id\u00e9ale pour les <strong>joueurs, entra\u00eeneurs et clubs exigeants<\/strong> \u00e0 la recherche des meilleures performances sur le terrain. Ce pack complet comprend <strong>72 balles HEAD Championship<\/strong>, reconnues pour leur qualit\u00e9, leur durabilit\u00e9 et leur r\u00e9gularit\u00e9 \u00e0 chaque tir.<\/p>\n<h2>Caract\u00e9ristiques techniques mises en avant<\/h2>\n<p><strong>-Quantit\u00e9 totale<\/strong> : 18 canettes x 4 balles = <strong>72 balles de padel HEAD CS<\/strong><\/p>\n<p><strong>-Mod\u00e8le<\/strong> : Championnat HEAD<\/p>\n<p><strong>-Pressuris\u00e9<\/strong> : noyau de pression optimis\u00e9 pour un rebond uniforme<\/p>\n<p><strong>-Feutre Premium<\/strong> : Haute qualit\u00e9 qui offre une plus grande durabilit\u00e9<\/p>\n<p><strong>-Convient \u00e0 tous les types de terrains<\/strong> : Gazon artificiel, ciment ou int\u00e9rieur<\/p>\n<h2>Avantages des balles HEAD CS<\/h2>\n<p><strong>-Coh\u00e9rence dans le jeu<\/strong> : Rebond pr\u00e9visible et contr\u00f4l\u00e9 \u00e0 chaque tir<\/p>\n<p><strong>-Haute r\u00e9sistance \u00e0 l&#8217;usure<\/strong> : Parfait pour les entra\u00eenements intensifs<\/p>\n<p><strong>-Utilisation professionnelle ou r\u00e9cr\u00e9ative<\/strong> : Ils s&#8217;adaptent \u00e0 tous types de joueurs<\/p>\n<p><strong>-\u00c9conomies garanties<\/strong> : Achetez au format bo\u00eete et r\u00e9duisez le co\u00fbt unitaire<\/p>\n<h2>Pourquoi choisir HEAD ?<\/h2>\n<p><strong>HEAD<\/strong> est l&#8217;une des <strong>marques leader en mati\u00e8re d&#8217;\u00e9quipement de padel<\/strong>, reconnue internationalement pour l&#8217;innovation et la qualit\u00e9 de ses produits. Les balles HEAD Championship sont sp\u00e9cialement con\u00e7ues pour offrir l&#8217;\u00e9quilibre parfait entre durabilit\u00e9, contr\u00f4le et vitesse.<\/p>\n<h2>Achat malin : id\u00e9al pour&#8230;<\/h2>\n<p>-Clubs de paddle qui doivent constamment r\u00e9approvisionner les balles<\/p>\n<p>-Formateurs qui font plusieurs s\u00e9ances par semaine<\/p>\n<p>-Les joueurs recherchant un produit fiable et professionnel \u00e0 bon prix<\/p>\n<p><strong>Disponible d\u00e8s maintenant dans notre boutique en ligne <a href=\"https:\/\/www.revolutionpadelstore.com\/\">www.revolutionpadelstore.com<\/a>, probablement au meilleur prix du march\u00e9. Passez votre commande aujourd&#8217;hui et am\u00e9liorez votre jeu !<\/strong><\/p>\n","protected":false},"excerpt":{"rendered":"<p>Bo\u00eete de 18 bo\u00eetes de balles de padel HEAD CS, chacune contenant 4 balles, pour un total de 72 unit\u00e9s. Ils constituent un choix id\u00e9al pour les s\u00e9ances d&#8217;entra\u00eenement et l&#8217;utilisation en club, offrant une grande r\u00e9sistance, un rebond uniforme et la qualit\u00e9 caract\u00e9ristique de HEAD. Convient \u00e0 tout type de surface.<\/p>\n","protected":false},"featured_media":265871,"comment_status":"open","ping_status":"closed","template":"","meta":{"_acf_changed":false,"_joinchat":[]},"acabado":[],"balance":[],"dureza":[],"forma":[],"jugador":[],"marca":[1222],"nivel-de-juego":[],"superficie":[],"tipo-de-juego":[],"product_brand":[],"product_cat":[606],"product_tag":[],"class_list":{"0":"post-265876","1":"product","2":"type-product","3":"status-publish","4":"has-post-thumbnail","6":"marca-tete","7":"product_cat-balles","9":"first","10":"instock","11":"sale","12":"taxable","13":"shipping-taxable","14":"purchasable","15":"product-type-simple"},"acf":[],"yoast_head":"<!-- This site is optimized with the Yoast SEO plugin v27.4 - https:\/\/yoast.com\/product\/yoast-seo-wordpress\/ -->\n<title>CAJON DE 18 BOTES DE 4 BOLAS HEAD CS - Revolution Padel Store<\/title>\n<meta name=\"description\" content=\"Compra el caj\u00f3n de 18 botes de bolas HEAD CS (72 pelotas). Durabilidad, rebote uniforme y alto rendimiento para jugadores, entrenadores y clubes. \u00a1Env\u00edo r\u00e1pido al mejor precio!\" \/>\n<meta name=\"robots\" content=\"index, follow, max-snippet:-1, max-image-preview:large, max-video-preview:-1\" \/>\n<link rel=\"canonical\" href=\"https:\/\/revolutionpadelstore.com\/fr\/produit\/cajon-de-18-botes-de-4-bolas-head-cs-3\/\" \/>\n<meta property=\"og:locale\" content=\"fr_FR\" \/>\n<meta property=\"og:type\" content=\"article\" \/>\n<meta property=\"og:title\" content=\"CAJON DE 18 BOTES DE 4 BOLAS HEAD CS - Revolution Padel Store\" \/>\n<meta property=\"og:description\" content=\"Compra el caj\u00f3n de 18 botes de bolas HEAD CS (72 pelotas). Durabilidad, rebote uniforme y alto rendimiento para jugadores, entrenadores y clubes. \u00a1Env\u00edo r\u00e1pido al mejor precio!\" \/>\n<meta property=\"og:url\" content=\"https:\/\/revolutionpadelstore.com\/fr\/produit\/cajon-de-18-botes-de-4-bolas-head-cs-3\/\" \/>\n<meta property=\"og:site_name\" content=\"Revolution Padel Store\" \/>\n<meta property=\"article:modified_time\" content=\"2026-04-15T12:01:37+00:00\" \/>\n<meta property=\"og:image\" content=\"https:\/\/revolutionpadelstore.com\/wp-content\/uploads\/2025\/08\/119749-cajon-de-18-botes-de-4-bolas-head-cs-577554-1000x1000-1.webp\" \/>\n\t<meta property=\"og:image:width\" content=\"1000\" \/>\n\t<meta property=\"og:image:height\" content=\"1000\" \/>\n\t<meta property=\"og:image:type\" content=\"image\/webp\" \/>\n<meta name=\"twitter:card\" content=\"summary_large_image\" \/>\n<meta name=\"twitter:label1\" content=\"Dur\u00e9e de lecture estim\u00e9e\" \/>\n\t<meta name=\"twitter:data1\" content=\"1 minute\" \/>\n<script type=\"application\/ld+json\" class=\"yoast-schema-graph\">{\"@context\":\"https:\\\/\\\/schema.org\",\"@graph\":[{\"@type\":\"WebPage\",\"@id\":\"https:\\\/\\\/revolutionpadelstore.com\\\/fr\\\/produit\\\/cajon-de-18-botes-de-4-bolas-head-cs-3\\\/\",\"url\":\"https:\\\/\\\/revolutionpadelstore.com\\\/fr\\\/produit\\\/cajon-de-18-botes-de-4-bolas-head-cs-3\\\/\",\"name\":\"CAJON DE 18 BOTES DE 4 BOLAS HEAD CS - Revolution Padel Store\",\"isPartOf\":{\"@id\":\"https:\\\/\\\/revolutionpadelstore.com\\\/fr\\\/#website\"},\"primaryImageOfPage\":{\"@id\":\"https:\\\/\\\/revolutionpadelstore.com\\\/fr\\\/produit\\\/cajon-de-18-botes-de-4-bolas-head-cs-3\\\/#primaryimage\"},\"image\":{\"@id\":\"https:\\\/\\\/revolutionpadelstore.com\\\/fr\\\/produit\\\/cajon-de-18-botes-de-4-bolas-head-cs-3\\\/#primaryimage\"},\"thumbnailUrl\":\"https:\\\/\\\/revolutionpadelstore.com\\\/wp-content\\\/uploads\\\/2025\\\/08\\\/119749-cajon-de-18-botes-de-4-bolas-head-cs-577554-1000x1000-1.webp\",\"datePublished\":\"2025-08-22T18:40:14+00:00\",\"dateModified\":\"2026-04-15T12:01:37+00:00\",\"description\":\"Compra el caj\u00f3n de 18 botes de bolas HEAD CS (72 pelotas). Durabilidad, rebote uniforme y alto rendimiento para jugadores, entrenadores y clubes. \u00a1Env\u00edo r\u00e1pido al mejor precio!\",\"breadcrumb\":{\"@id\":\"https:\\\/\\\/revolutionpadelstore.com\\\/fr\\\/produit\\\/cajon-de-18-botes-de-4-bolas-head-cs-3\\\/#breadcrumb\"},\"inLanguage\":\"fr-FR\",\"potentialAction\":[{\"@type\":\"ReadAction\",\"target\":[\"https:\\\/\\\/revolutionpadelstore.com\\\/fr\\\/produit\\\/cajon-de-18-botes-de-4-bolas-head-cs-3\\\/\"]}]},{\"@type\":\"ImageObject\",\"inLanguage\":\"fr-FR\",\"@id\":\"https:\\\/\\\/revolutionpadelstore.com\\\/fr\\\/produit\\\/cajon-de-18-botes-de-4-bolas-head-cs-3\\\/#primaryimage\",\"url\":\"https:\\\/\\\/revolutionpadelstore.com\\\/wp-content\\\/uploads\\\/2025\\\/08\\\/119749-cajon-de-18-botes-de-4-bolas-head-cs-577554-1000x1000-1.webp\",\"contentUrl\":\"https:\\\/\\\/revolutionpadelstore.com\\\/wp-content\\\/uploads\\\/2025\\\/08\\\/119749-cajon-de-18-botes-de-4-bolas-head-cs-577554-1000x1000-1.webp\",\"width\":1000,\"height\":1000},{\"@type\":\"BreadcrumbList\",\"@id\":\"https:\\\/\\\/revolutionpadelstore.com\\\/fr\\\/produit\\\/cajon-de-18-botes-de-4-bolas-head-cs-3\\\/#breadcrumb\",\"itemListElement\":[{\"@type\":\"ListItem\",\"position\":1,\"name\":\"Portada\",\"item\":\"https:\\\/\\\/revolutionpadelstore.com\\\/fr\\\/\"},{\"@type\":\"ListItem\",\"position\":2,\"name\":\"Boutique\",\"item\":\"https:\\\/\\\/revolutionpadelstore.com\\\/fr\\\/tienda\\\/\"},{\"@type\":\"ListItem\",\"position\":3,\"name\":\"CAJON DE 18 BOTES DE 4 BOLAS HEAD CS\"}]},{\"@type\":\"WebSite\",\"@id\":\"https:\\\/\\\/revolutionpadelstore.com\\\/fr\\\/#website\",\"url\":\"https:\\\/\\\/revolutionpadelstore.com\\\/fr\\\/\",\"name\":\"Revolution Padel Store\",\"description\":\"\",\"publisher\":{\"@id\":\"https:\\\/\\\/revolutionpadelstore.com\\\/fr\\\/#organization\"},\"potentialAction\":[{\"@type\":\"SearchAction\",\"target\":{\"@type\":\"EntryPoint\",\"urlTemplate\":\"https:\\\/\\\/revolutionpadelstore.com\\\/fr\\\/?s={search_term_string}\"},\"query-input\":{\"@type\":\"PropertyValueSpecification\",\"valueRequired\":true,\"valueName\":\"search_term_string\"}}],\"inLanguage\":\"fr-FR\"},{\"@type\":\"Organization\",\"@id\":\"https:\\\/\\\/revolutionpadelstore.com\\\/fr\\\/#organization\",\"name\":\"Revolution Padel Store\",\"url\":\"https:\\\/\\\/revolutionpadelstore.com\\\/fr\\\/\",\"logo\":{\"@type\":\"ImageObject\",\"inLanguage\":\"fr-FR\",\"@id\":\"https:\\\/\\\/revolutionpadelstore.com\\\/fr\\\/#\\\/schema\\\/logo\\\/image\\\/\",\"url\":\"https:\\\/\\\/revolutionpadelstore.com\\\/wp-content\\\/uploads\\\/2026\\\/02\\\/revolution-padel-store.jpg\",\"contentUrl\":\"https:\\\/\\\/revolutionpadelstore.com\\\/wp-content\\\/uploads\\\/2026\\\/02\\\/revolution-padel-store.jpg\",\"width\":2000,\"height\":2000,\"caption\":\"Revolution Padel Store\"},\"image\":{\"@id\":\"https:\\\/\\\/revolutionpadelstore.com\\\/fr\\\/#\\\/schema\\\/logo\\\/image\\\/\"},\"sameAs\":[\"https:\\\/\\\/www.instagram.com\\\/revolutionpadelstore\\\/\"]}]}<\/script>\n<!-- \/ Yoast SEO plugin. -->","yoast_head_json":{"title":"CAJON DE 18 BOTES DE 4 BOLAS HEAD CS - Revolution Padel Store","description":"Compra el caj\u00f3n de 18 botes de bolas HEAD CS (72 pelotas). Durabilidad, rebote uniforme y alto rendimiento para jugadores, entrenadores y clubes. \u00a1Env\u00edo r\u00e1pido al mejor precio!","robots":{"index":"index","follow":"follow","max-snippet":"max-snippet:-1","max-image-preview":"max-image-preview:large","max-video-preview":"max-video-preview:-1"},"canonical":"https:\/\/revolutionpadelstore.com\/fr\/produit\/cajon-de-18-botes-de-4-bolas-head-cs-3\/","og_locale":"fr_FR","og_type":"article","og_title":"CAJON DE 18 BOTES DE 4 BOLAS HEAD CS - Revolution Padel Store","og_description":"Compra el caj\u00f3n de 18 botes de bolas HEAD CS (72 pelotas). Durabilidad, rebote uniforme y alto rendimiento para jugadores, entrenadores y clubes. \u00a1Env\u00edo r\u00e1pido al mejor precio!","og_url":"https:\/\/revolutionpadelstore.com\/fr\/produit\/cajon-de-18-botes-de-4-bolas-head-cs-3\/","og_site_name":"Revolution Padel Store","article_modified_time":"2026-04-15T12:01:37+00:00","og_image":[{"width":1000,"height":1000,"url":"https:\/\/revolutionpadelstore.com\/wp-content\/uploads\/2025\/08\/119749-cajon-de-18-botes-de-4-bolas-head-cs-577554-1000x1000-1.webp","type":"image\/webp"}],"twitter_card":"summary_large_image","twitter_misc":{"Dur\u00e9e de lecture estim\u00e9e":"1 minute"},"schema":{"@context":"https:\/\/schema.org","@graph":[{"@type":"WebPage","@id":"https:\/\/revolutionpadelstore.com\/fr\/produit\/cajon-de-18-botes-de-4-bolas-head-cs-3\/","url":"https:\/\/revolutionpadelstore.com\/fr\/produit\/cajon-de-18-botes-de-4-bolas-head-cs-3\/","name":"CAJON DE 18 BOTES DE 4 BOLAS HEAD CS - Revolution Padel Store","isPartOf":{"@id":"https:\/\/revolutionpadelstore.com\/fr\/#website"},"primaryImageOfPage":{"@id":"https:\/\/revolutionpadelstore.com\/fr\/produit\/cajon-de-18-botes-de-4-bolas-head-cs-3\/#primaryimage"},"image":{"@id":"https:\/\/revolutionpadelstore.com\/fr\/produit\/cajon-de-18-botes-de-4-bolas-head-cs-3\/#primaryimage"},"thumbnailUrl":"https:\/\/revolutionpadelstore.com\/wp-content\/uploads\/2025\/08\/119749-cajon-de-18-botes-de-4-bolas-head-cs-577554-1000x1000-1.webp","datePublished":"2025-08-22T18:40:14+00:00","dateModified":"2026-04-15T12:01:37+00:00","description":"Compra el caj\u00f3n de 18 botes de bolas HEAD CS (72 pelotas). Durabilidad, rebote uniforme y alto rendimiento para jugadores, entrenadores y clubes. \u00a1Env\u00edo r\u00e1pido al mejor precio!","breadcrumb":{"@id":"https:\/\/revolutionpadelstore.com\/fr\/produit\/cajon-de-18-botes-de-4-bolas-head-cs-3\/#breadcrumb"},"inLanguage":"fr-FR","potentialAction":[{"@type":"ReadAction","target":["https:\/\/revolutionpadelstore.com\/fr\/produit\/cajon-de-18-botes-de-4-bolas-head-cs-3\/"]}]},{"@type":"ImageObject","inLanguage":"fr-FR","@id":"https:\/\/revolutionpadelstore.com\/fr\/produit\/cajon-de-18-botes-de-4-bolas-head-cs-3\/#primaryimage","url":"https:\/\/revolutionpadelstore.com\/wp-content\/uploads\/2025\/08\/119749-cajon-de-18-botes-de-4-bolas-head-cs-577554-1000x1000-1.webp","contentUrl":"https:\/\/revolutionpadelstore.com\/wp-content\/uploads\/2025\/08\/119749-cajon-de-18-botes-de-4-bolas-head-cs-577554-1000x1000-1.webp","width":1000,"height":1000},{"@type":"BreadcrumbList","@id":"https:\/\/revolutionpadelstore.com\/fr\/produit\/cajon-de-18-botes-de-4-bolas-head-cs-3\/#breadcrumb","itemListElement":[{"@type":"ListItem","position":1,"name":"Portada","item":"https:\/\/revolutionpadelstore.com\/fr\/"},{"@type":"ListItem","position":2,"name":"Boutique","item":"https:\/\/revolutionpadelstore.com\/fr\/tienda\/"},{"@type":"ListItem","position":3,"name":"CAJON DE 18 BOTES DE 4 BOLAS HEAD CS"}]},{"@type":"WebSite","@id":"https:\/\/revolutionpadelstore.com\/fr\/#website","url":"https:\/\/revolutionpadelstore.com\/fr\/","name":"Revolution Padel Store","description":"","publisher":{"@id":"https:\/\/revolutionpadelstore.com\/fr\/#organization"},"potentialAction":[{"@type":"SearchAction","target":{"@type":"EntryPoint","urlTemplate":"https:\/\/revolutionpadelstore.com\/fr\/?s={search_term_string}"},"query-input":{"@type":"PropertyValueSpecification","valueRequired":true,"valueName":"search_term_string"}}],"inLanguage":"fr-FR"},{"@type":"Organization","@id":"https:\/\/revolutionpadelstore.com\/fr\/#organization","name":"Revolution Padel Store","url":"https:\/\/revolutionpadelstore.com\/fr\/","logo":{"@type":"ImageObject","inLanguage":"fr-FR","@id":"https:\/\/revolutionpadelstore.com\/fr\/#\/schema\/logo\/image\/","url":"https:\/\/revolutionpadelstore.com\/wp-content\/uploads\/2026\/02\/revolution-padel-store.jpg","contentUrl":"https:\/\/revolutionpadelstore.com\/wp-content\/uploads\/2026\/02\/revolution-padel-store.jpg","width":2000,"height":2000,"caption":"Revolution Padel Store"},"image":{"@id":"https:\/\/revolutionpadelstore.com\/fr\/#\/schema\/logo\/image\/"},"sameAs":["https:\/\/www.instagram.com\/revolutionpadelstore\/"]}]}},"_links":{"self":[{"href":"https:\/\/revolutionpadelstore.com\/fr\/wp-json\/wp\/v2\/product\/265876","targetHints":{"allow":["GET"]}}],"collection":[{"href":"https:\/\/revolutionpadelstore.com\/fr\/wp-json\/wp\/v2\/product"}],"about":[{"href":"https:\/\/revolutionpadelstore.com\/fr\/wp-json\/wp\/v2\/types\/product"}],"replies":[{"embeddable":true,"href":"https:\/\/revolutionpadelstore.com\/fr\/wp-json\/wp\/v2\/comments?post=265876"}],"wp:featuredmedia":[{"embeddable":true,"href":"https:\/\/revolutionpadelstore.com\/fr\/wp-json\/wp\/v2\/media\/265871"}],"wp:attachment":[{"href":"https:\/\/revolutionpadelstore.com\/fr\/wp-json\/wp\/v2\/media?parent=265876"}],"wp:term":[{"taxonomy":"acabado","embeddable":true,"href":"https:\/\/revolutionpadelstore.com\/fr\/wp-json\/wp\/v2\/acabado?post=265876"},{"taxonomy":"balance","embeddable":true,"href":"https:\/\/revolutionpadelstore.com\/fr\/wp-json\/wp\/v2\/balance?post=265876"},{"taxonomy":"dureza","embeddable":true,"href":"https:\/\/revolutionpadelstore.com\/fr\/wp-json\/wp\/v2\/dureza?post=265876"},{"taxonomy":"forma","embeddable":true,"href":"https:\/\/revolutionpadelstore.com\/fr\/wp-json\/wp\/v2\/forma?post=265876"},{"taxonomy":"jugador","embeddable":true,"href":"https:\/\/revolutionpadelstore.com\/fr\/wp-json\/wp\/v2\/jugador?post=265876"},{"taxonomy":"marca","embeddable":true,"href":"https:\/\/revolutionpadelstore.com\/fr\/wp-json\/wp\/v2\/marca?post=265876"},{"taxonomy":"nivel-de-juego","embeddable":true,"href":"https:\/\/revolutionpadelstore.com\/fr\/wp-json\/wp\/v2\/nivel-de-juego?post=265876"},{"taxonomy":"superficie","embeddable":true,"href":"https:\/\/revolutionpadelstore.com\/fr\/wp-json\/wp\/v2\/superficie?post=265876"},{"taxonomy":"tipo-de-juego","embeddable":true,"href":"https:\/\/revolutionpadelstore.com\/fr\/wp-json\/wp\/v2\/tipo-de-juego?post=265876"},{"taxonomy":"product_brand","embeddable":true,"href":"https:\/\/revolutionpadelstore.com\/fr\/wp-json\/wp\/v2\/product_brand?post=265876"},{"taxonomy":"product_cat","embeddable":true,"href":"https:\/\/revolutionpadelstore.com\/fr\/wp-json\/wp\/v2\/product_cat?post=265876"},{"taxonomy":"product_tag","embeddable":true,"href":"https:\/\/revolutionpadelstore.com\/fr\/wp-json\/wp\/v2\/product_tag?post=265876"}],"curies":[{"name":"wp","href":"https:\/\/api.w.org\/{rel}","templated":true}]}}