{"id":265798,"date":"2025-08-18T18:38:15","date_gmt":"2025-08-18T16:38:15","guid":{"rendered":"https:\/\/revolutionpadelstore.com\/overgrip-siux-pro-perforated-x60-unidades-blanco\/"},"modified":"2026-04-08T04:29:20","modified_gmt":"2026-04-08T02:29:20","slug":"overgrip-siux-pro-perforated-x60-unidades-blanco-3","status":"publish","type":"product","link":"https:\/\/revolutionpadelstore.com\/fr\/produit\/overgrip-siux-pro-perforated-x60-unidades-blanco-3\/","title":{"rendered":"OVERGRIP SIUX PRO PERFORATED x60 UNIDADES BLANCO"},"content":{"rendered":"<h2>Surgrip Siux Pro Perfor\u00e9 x60 Blanc<\/h2>\n<h2>Adh\u00e9rence maximale, respirabilit\u00e9 sup\u00e9rieure et pack de 60 unit\u00e9s<\/h2>\n<p>Le <strong>Surgrip Siux Pro Perfor\u00e9 x60 Blanc<\/strong> est l&#8217;accessoire id\u00e9al pour les joueurs exigeants qui recherchent une <strong>adh\u00e9rence exceptionnelle<\/strong>, une <strong>respirabilit\u00e9 maximale<\/strong> et un toucher ferme et confortable lors de leurs parties de padel. Con\u00e7u par Siux, l&#8217;une des marques de padel les plus reconnues, ce pack contient 60 unit\u00e9s de couleur blanche, apportant \u00e9l\u00e9gance et uniformit\u00e9 \u00e0 votre \u00e9quipement.<\/p>\n<h2>Fonctionnalit\u00e9s mises en \u00e9vidence<\/h2>\n<p><strong>-Pack de 60 surgrips perfor\u00e9s<\/strong> : id\u00e9al pour les joueurs r\u00e9guliers ou les moniteurs de paddle-tennis.<\/p>\n<p><strong>-Syst\u00e8me perfor\u00e9<\/strong> : am\u00e9liore l&#8217;absorption de la transpiration et garde les mains au sec.<\/p>\n<p><strong>-Prise s\u00fbre et stable<\/strong> : \u00e9vite le glissement et am\u00e9liore le contr\u00f4le du coup.<\/p>\n<p><strong>-Haute durabilit\u00e9<\/strong> : r\u00e9sistance sup\u00e9rieure \u00e0 l\u2019usure due \u00e0 une utilisation intense.<\/p>\n<p><strong>-Couleur blanche classique et \u00e9l\u00e9gante<\/strong> : se combine avec tout type de raquette ou style.<\/p>\n<h2>Avantages pour votre jeu<\/h2>\n<p>Gr\u00e2ce \u00e0 sa <strong>finition micro-perfor\u00e9e<\/strong>, ce surgrip facilite une excellente ventilation et r\u00e9duit l&#8217;accumulation d&#8217;humidit\u00e9, ce qui <strong>augmente le confort<\/strong> lors des matchs les plus exigeants. Sa texture douce et son \u00e9paisseur \u00e9quilibr\u00e9e offrent une <strong>sensation ferme sans compromettre la sensibilit\u00e9<\/strong>, vous permettant d&#8217;ex\u00e9cuter des tirs avec pr\u00e9cision et confiance.<\/p>\n<p>De plus, pr\u00e9sent\u00e9 dans un <strong>format pack de 60 unit\u00e9s<\/strong>, c&#8217;est une option parfaite aussi bien pour les joueurs professionnels que pour les clubs, entra\u00eeneurs et acad\u00e9mies qui ont besoin de renouveler leurs grips fr\u00e9quemment et \u00e0 un prix comp\u00e9titif.<\/p>\n<h2>Pourquoi choisir les surgrips Siux ?<\/h2>\n<p><strong>Siux<\/strong> est synonyme de qualit\u00e9 et d&#8217;innovation dans le monde du padel. Leurs produits sont con\u00e7us pour offrir les meilleures performances possibles sur piste, et ce surgrip ne fait pas exception. Si vous recherchez <strong>performance, confort et durabilit\u00e9<\/strong>, cet accessoire ne peut pas manquer dans votre sac de raquette de padel.<\/p>\n<p>Disponible d\u00e8s maintenant dans notre boutique en ligne <strong><a href=\"https:\/\/www.revolutionpadelstore.com\/\">www.revolutionpadelstore.com<\/a><\/strong>, probablement <strong>au meilleur prix du march\u00e9<\/strong>. Passez votre commande et am\u00e9liorez votre exp\u00e9rience sur la piste !<\/p>\n<h2>Overgrip Siux Pro Perforated x60 Blanco<\/h2>\n","protected":false},"excerpt":{"rendered":"<p>Avec le surgrip Siux Pro Perforated x60 White, vous b\u00e9n\u00e9ficierez d&#8217;un toucher s\u00fbr et agr\u00e9able, garantissant une prise ferme et s\u00e8che \u00e0 chaque tir.<\/p>\n","protected":false},"featured_media":265781,"comment_status":"open","ping_status":"closed","template":"","meta":{"_acf_changed":false,"_joinchat":[]},"acabado":[],"balance":[],"dureza":[],"forma":[],"jugador":[],"marca":[1307],"nivel-de-juego":[],"superficie":[],"tipo-de-juego":[],"product_brand":[],"product_cat":[561],"product_tag":[],"class_list":{"0":"post-265798","1":"product","2":"type-product","3":"status-publish","4":"has-post-thumbnail","6":"marca-siux-fr","7":"product_cat-accessoires","9":"first","10":"outofstock","11":"sale","12":"taxable","13":"shipping-taxable","14":"purchasable","15":"product-type-simple"},"acf":[],"yoast_head":"<!-- This site is optimized with the Yoast SEO plugin v27.4 - https:\/\/yoast.com\/product\/yoast-seo-wordpress\/ -->\n<title>OVERGRIP SIUX PRO PERFORATED x60 UNIDADES BLANCO - Revolution Padel Store<\/title>\n<meta name=\"description\" content=\"Compra el Overgrip Siux Pro Perforated x60 Blanco en Revolution Padel Store. M\u00e1ximo agarre, transpiraci\u00f3n superior y pack de 60 unidades. \u00a1Durabilidad y confort en cada partido!\" \/>\n<meta name=\"robots\" content=\"index, follow, max-snippet:-1, max-image-preview:large, max-video-preview:-1\" \/>\n<link rel=\"canonical\" href=\"https:\/\/revolutionpadelstore.com\/fr\/produit\/overgrip-siux-pro-perforated-x60-unidades-blanco-3\/\" \/>\n<meta property=\"og:locale\" content=\"fr_FR\" \/>\n<meta property=\"og:type\" content=\"article\" \/>\n<meta property=\"og:title\" content=\"OVERGRIP SIUX PRO PERFORATED x60 UNIDADES BLANCO - Revolution Padel Store\" \/>\n<meta property=\"og:description\" content=\"Compra el Overgrip Siux Pro Perforated x60 Blanco en Revolution Padel Store. M\u00e1ximo agarre, transpiraci\u00f3n superior y pack de 60 unidades. \u00a1Durabilidad y confort en cada partido!\" \/>\n<meta property=\"og:url\" content=\"https:\/\/revolutionpadelstore.com\/fr\/produit\/overgrip-siux-pro-perforated-x60-unidades-blanco-3\/\" \/>\n<meta property=\"og:site_name\" content=\"Revolution Padel Store\" \/>\n<meta property=\"article:modified_time\" content=\"2026-04-08T02:29:20+00:00\" \/>\n<meta property=\"og:image\" content=\"https:\/\/revolutionpadelstore.com\/wp-content\/uploads\/2025\/08\/105956_pro_grip_perforated_x60_blanco_1500x1500_vista1_e4a1.webp\" \/>\n\t<meta property=\"og:image:width\" content=\"1500\" \/>\n\t<meta property=\"og:image:height\" content=\"1500\" \/>\n\t<meta property=\"og:image:type\" content=\"image\/webp\" \/>\n<meta name=\"twitter:card\" content=\"summary_large_image\" \/>\n<meta name=\"twitter:label1\" content=\"Dur\u00e9e de lecture estim\u00e9e\" \/>\n\t<meta name=\"twitter:data1\" content=\"2 minutes\" \/>\n<script type=\"application\/ld+json\" class=\"yoast-schema-graph\">{\"@context\":\"https:\\\/\\\/schema.org\",\"@graph\":[{\"@type\":\"WebPage\",\"@id\":\"https:\\\/\\\/revolutionpadelstore.com\\\/fr\\\/produit\\\/overgrip-siux-pro-perforated-x60-unidades-blanco-3\\\/\",\"url\":\"https:\\\/\\\/revolutionpadelstore.com\\\/fr\\\/produit\\\/overgrip-siux-pro-perforated-x60-unidades-blanco-3\\\/\",\"name\":\"OVERGRIP SIUX PRO PERFORATED x60 UNIDADES BLANCO - Revolution Padel Store\",\"isPartOf\":{\"@id\":\"https:\\\/\\\/revolutionpadelstore.com\\\/fr\\\/#website\"},\"primaryImageOfPage\":{\"@id\":\"https:\\\/\\\/revolutionpadelstore.com\\\/fr\\\/produit\\\/overgrip-siux-pro-perforated-x60-unidades-blanco-3\\\/#primaryimage\"},\"image\":{\"@id\":\"https:\\\/\\\/revolutionpadelstore.com\\\/fr\\\/produit\\\/overgrip-siux-pro-perforated-x60-unidades-blanco-3\\\/#primaryimage\"},\"thumbnailUrl\":\"https:\\\/\\\/revolutionpadelstore.com\\\/wp-content\\\/uploads\\\/2025\\\/08\\\/105956_pro_grip_perforated_x60_blanco_1500x1500_vista1_e4a1.webp\",\"datePublished\":\"2025-08-18T16:38:15+00:00\",\"dateModified\":\"2026-04-08T02:29:20+00:00\",\"description\":\"Compra el Overgrip Siux Pro Perforated x60 Blanco en Revolution Padel Store. M\u00e1ximo agarre, transpiraci\u00f3n superior y pack de 60 unidades. \u00a1Durabilidad y confort en cada partido!\",\"breadcrumb\":{\"@id\":\"https:\\\/\\\/revolutionpadelstore.com\\\/fr\\\/produit\\\/overgrip-siux-pro-perforated-x60-unidades-blanco-3\\\/#breadcrumb\"},\"inLanguage\":\"fr-FR\",\"potentialAction\":[{\"@type\":\"ReadAction\",\"target\":[\"https:\\\/\\\/revolutionpadelstore.com\\\/fr\\\/produit\\\/overgrip-siux-pro-perforated-x60-unidades-blanco-3\\\/\"]}]},{\"@type\":\"ImageObject\",\"inLanguage\":\"fr-FR\",\"@id\":\"https:\\\/\\\/revolutionpadelstore.com\\\/fr\\\/produit\\\/overgrip-siux-pro-perforated-x60-unidades-blanco-3\\\/#primaryimage\",\"url\":\"https:\\\/\\\/revolutionpadelstore.com\\\/wp-content\\\/uploads\\\/2025\\\/08\\\/105956_pro_grip_perforated_x60_blanco_1500x1500_vista1_e4a1.webp\",\"contentUrl\":\"https:\\\/\\\/revolutionpadelstore.com\\\/wp-content\\\/uploads\\\/2025\\\/08\\\/105956_pro_grip_perforated_x60_blanco_1500x1500_vista1_e4a1.webp\",\"width\":1500,\"height\":1500},{\"@type\":\"BreadcrumbList\",\"@id\":\"https:\\\/\\\/revolutionpadelstore.com\\\/fr\\\/produit\\\/overgrip-siux-pro-perforated-x60-unidades-blanco-3\\\/#breadcrumb\",\"itemListElement\":[{\"@type\":\"ListItem\",\"position\":1,\"name\":\"Portada\",\"item\":\"https:\\\/\\\/revolutionpadelstore.com\\\/fr\\\/\"},{\"@type\":\"ListItem\",\"position\":2,\"name\":\"Boutique\",\"item\":\"https:\\\/\\\/revolutionpadelstore.com\\\/fr\\\/tienda\\\/\"},{\"@type\":\"ListItem\",\"position\":3,\"name\":\"OVERGRIP SIUX PRO PERFORATED x60 UNIDADES BLANCO\"}]},{\"@type\":\"WebSite\",\"@id\":\"https:\\\/\\\/revolutionpadelstore.com\\\/fr\\\/#website\",\"url\":\"https:\\\/\\\/revolutionpadelstore.com\\\/fr\\\/\",\"name\":\"Revolution Padel Store\",\"description\":\"\",\"publisher\":{\"@id\":\"https:\\\/\\\/revolutionpadelstore.com\\\/fr\\\/#organization\"},\"potentialAction\":[{\"@type\":\"SearchAction\",\"target\":{\"@type\":\"EntryPoint\",\"urlTemplate\":\"https:\\\/\\\/revolutionpadelstore.com\\\/fr\\\/?s={search_term_string}\"},\"query-input\":{\"@type\":\"PropertyValueSpecification\",\"valueRequired\":true,\"valueName\":\"search_term_string\"}}],\"inLanguage\":\"fr-FR\"},{\"@type\":\"Organization\",\"@id\":\"https:\\\/\\\/revolutionpadelstore.com\\\/fr\\\/#organization\",\"name\":\"Revolution Padel Store\",\"url\":\"https:\\\/\\\/revolutionpadelstore.com\\\/fr\\\/\",\"logo\":{\"@type\":\"ImageObject\",\"inLanguage\":\"fr-FR\",\"@id\":\"https:\\\/\\\/revolutionpadelstore.com\\\/fr\\\/#\\\/schema\\\/logo\\\/image\\\/\",\"url\":\"https:\\\/\\\/revolutionpadelstore.com\\\/wp-content\\\/uploads\\\/2026\\\/02\\\/revolution-padel-store.jpg\",\"contentUrl\":\"https:\\\/\\\/revolutionpadelstore.com\\\/wp-content\\\/uploads\\\/2026\\\/02\\\/revolution-padel-store.jpg\",\"width\":2000,\"height\":2000,\"caption\":\"Revolution Padel Store\"},\"image\":{\"@id\":\"https:\\\/\\\/revolutionpadelstore.com\\\/fr\\\/#\\\/schema\\\/logo\\\/image\\\/\"},\"sameAs\":[\"https:\\\/\\\/www.instagram.com\\\/revolutionpadelstore\\\/\"]}]}<\/script>\n<!-- \/ Yoast SEO plugin. -->","yoast_head_json":{"title":"OVERGRIP SIUX PRO PERFORATED x60 UNIDADES BLANCO - Revolution Padel Store","description":"Compra el Overgrip Siux Pro Perforated x60 Blanco en Revolution Padel Store. M\u00e1ximo agarre, transpiraci\u00f3n superior y pack de 60 unidades. \u00a1Durabilidad y confort en cada partido!","robots":{"index":"index","follow":"follow","max-snippet":"max-snippet:-1","max-image-preview":"max-image-preview:large","max-video-preview":"max-video-preview:-1"},"canonical":"https:\/\/revolutionpadelstore.com\/fr\/produit\/overgrip-siux-pro-perforated-x60-unidades-blanco-3\/","og_locale":"fr_FR","og_type":"article","og_title":"OVERGRIP SIUX PRO PERFORATED x60 UNIDADES BLANCO - Revolution Padel Store","og_description":"Compra el Overgrip Siux Pro Perforated x60 Blanco en Revolution Padel Store. M\u00e1ximo agarre, transpiraci\u00f3n superior y pack de 60 unidades. \u00a1Durabilidad y confort en cada partido!","og_url":"https:\/\/revolutionpadelstore.com\/fr\/produit\/overgrip-siux-pro-perforated-x60-unidades-blanco-3\/","og_site_name":"Revolution Padel Store","article_modified_time":"2026-04-08T02:29:20+00:00","og_image":[{"width":1500,"height":1500,"url":"https:\/\/revolutionpadelstore.com\/wp-content\/uploads\/2025\/08\/105956_pro_grip_perforated_x60_blanco_1500x1500_vista1_e4a1.webp","type":"image\/webp"}],"twitter_card":"summary_large_image","twitter_misc":{"Dur\u00e9e de lecture estim\u00e9e":"2 minutes"},"schema":{"@context":"https:\/\/schema.org","@graph":[{"@type":"WebPage","@id":"https:\/\/revolutionpadelstore.com\/fr\/produit\/overgrip-siux-pro-perforated-x60-unidades-blanco-3\/","url":"https:\/\/revolutionpadelstore.com\/fr\/produit\/overgrip-siux-pro-perforated-x60-unidades-blanco-3\/","name":"OVERGRIP SIUX PRO PERFORATED x60 UNIDADES BLANCO - Revolution Padel Store","isPartOf":{"@id":"https:\/\/revolutionpadelstore.com\/fr\/#website"},"primaryImageOfPage":{"@id":"https:\/\/revolutionpadelstore.com\/fr\/produit\/overgrip-siux-pro-perforated-x60-unidades-blanco-3\/#primaryimage"},"image":{"@id":"https:\/\/revolutionpadelstore.com\/fr\/produit\/overgrip-siux-pro-perforated-x60-unidades-blanco-3\/#primaryimage"},"thumbnailUrl":"https:\/\/revolutionpadelstore.com\/wp-content\/uploads\/2025\/08\/105956_pro_grip_perforated_x60_blanco_1500x1500_vista1_e4a1.webp","datePublished":"2025-08-18T16:38:15+00:00","dateModified":"2026-04-08T02:29:20+00:00","description":"Compra el Overgrip Siux Pro Perforated x60 Blanco en Revolution Padel Store. M\u00e1ximo agarre, transpiraci\u00f3n superior y pack de 60 unidades. \u00a1Durabilidad y confort en cada partido!","breadcrumb":{"@id":"https:\/\/revolutionpadelstore.com\/fr\/produit\/overgrip-siux-pro-perforated-x60-unidades-blanco-3\/#breadcrumb"},"inLanguage":"fr-FR","potentialAction":[{"@type":"ReadAction","target":["https:\/\/revolutionpadelstore.com\/fr\/produit\/overgrip-siux-pro-perforated-x60-unidades-blanco-3\/"]}]},{"@type":"ImageObject","inLanguage":"fr-FR","@id":"https:\/\/revolutionpadelstore.com\/fr\/produit\/overgrip-siux-pro-perforated-x60-unidades-blanco-3\/#primaryimage","url":"https:\/\/revolutionpadelstore.com\/wp-content\/uploads\/2025\/08\/105956_pro_grip_perforated_x60_blanco_1500x1500_vista1_e4a1.webp","contentUrl":"https:\/\/revolutionpadelstore.com\/wp-content\/uploads\/2025\/08\/105956_pro_grip_perforated_x60_blanco_1500x1500_vista1_e4a1.webp","width":1500,"height":1500},{"@type":"BreadcrumbList","@id":"https:\/\/revolutionpadelstore.com\/fr\/produit\/overgrip-siux-pro-perforated-x60-unidades-blanco-3\/#breadcrumb","itemListElement":[{"@type":"ListItem","position":1,"name":"Portada","item":"https:\/\/revolutionpadelstore.com\/fr\/"},{"@type":"ListItem","position":2,"name":"Boutique","item":"https:\/\/revolutionpadelstore.com\/fr\/tienda\/"},{"@type":"ListItem","position":3,"name":"OVERGRIP SIUX PRO PERFORATED x60 UNIDADES BLANCO"}]},{"@type":"WebSite","@id":"https:\/\/revolutionpadelstore.com\/fr\/#website","url":"https:\/\/revolutionpadelstore.com\/fr\/","name":"Revolution Padel Store","description":"","publisher":{"@id":"https:\/\/revolutionpadelstore.com\/fr\/#organization"},"potentialAction":[{"@type":"SearchAction","target":{"@type":"EntryPoint","urlTemplate":"https:\/\/revolutionpadelstore.com\/fr\/?s={search_term_string}"},"query-input":{"@type":"PropertyValueSpecification","valueRequired":true,"valueName":"search_term_string"}}],"inLanguage":"fr-FR"},{"@type":"Organization","@id":"https:\/\/revolutionpadelstore.com\/fr\/#organization","name":"Revolution Padel Store","url":"https:\/\/revolutionpadelstore.com\/fr\/","logo":{"@type":"ImageObject","inLanguage":"fr-FR","@id":"https:\/\/revolutionpadelstore.com\/fr\/#\/schema\/logo\/image\/","url":"https:\/\/revolutionpadelstore.com\/wp-content\/uploads\/2026\/02\/revolution-padel-store.jpg","contentUrl":"https:\/\/revolutionpadelstore.com\/wp-content\/uploads\/2026\/02\/revolution-padel-store.jpg","width":2000,"height":2000,"caption":"Revolution Padel Store"},"image":{"@id":"https:\/\/revolutionpadelstore.com\/fr\/#\/schema\/logo\/image\/"},"sameAs":["https:\/\/www.instagram.com\/revolutionpadelstore\/"]}]}},"_links":{"self":[{"href":"https:\/\/revolutionpadelstore.com\/fr\/wp-json\/wp\/v2\/product\/265798","targetHints":{"allow":["GET"]}}],"collection":[{"href":"https:\/\/revolutionpadelstore.com\/fr\/wp-json\/wp\/v2\/product"}],"about":[{"href":"https:\/\/revolutionpadelstore.com\/fr\/wp-json\/wp\/v2\/types\/product"}],"replies":[{"embeddable":true,"href":"https:\/\/revolutionpadelstore.com\/fr\/wp-json\/wp\/v2\/comments?post=265798"}],"wp:featuredmedia":[{"embeddable":true,"href":"https:\/\/revolutionpadelstore.com\/fr\/wp-json\/wp\/v2\/media\/265781"}],"wp:attachment":[{"href":"https:\/\/revolutionpadelstore.com\/fr\/wp-json\/wp\/v2\/media?parent=265798"}],"wp:term":[{"taxonomy":"acabado","embeddable":true,"href":"https:\/\/revolutionpadelstore.com\/fr\/wp-json\/wp\/v2\/acabado?post=265798"},{"taxonomy":"balance","embeddable":true,"href":"https:\/\/revolutionpadelstore.com\/fr\/wp-json\/wp\/v2\/balance?post=265798"},{"taxonomy":"dureza","embeddable":true,"href":"https:\/\/revolutionpadelstore.com\/fr\/wp-json\/wp\/v2\/dureza?post=265798"},{"taxonomy":"forma","embeddable":true,"href":"https:\/\/revolutionpadelstore.com\/fr\/wp-json\/wp\/v2\/forma?post=265798"},{"taxonomy":"jugador","embeddable":true,"href":"https:\/\/revolutionpadelstore.com\/fr\/wp-json\/wp\/v2\/jugador?post=265798"},{"taxonomy":"marca","embeddable":true,"href":"https:\/\/revolutionpadelstore.com\/fr\/wp-json\/wp\/v2\/marca?post=265798"},{"taxonomy":"nivel-de-juego","embeddable":true,"href":"https:\/\/revolutionpadelstore.com\/fr\/wp-json\/wp\/v2\/nivel-de-juego?post=265798"},{"taxonomy":"superficie","embeddable":true,"href":"https:\/\/revolutionpadelstore.com\/fr\/wp-json\/wp\/v2\/superficie?post=265798"},{"taxonomy":"tipo-de-juego","embeddable":true,"href":"https:\/\/revolutionpadelstore.com\/fr\/wp-json\/wp\/v2\/tipo-de-juego?post=265798"},{"taxonomy":"product_brand","embeddable":true,"href":"https:\/\/revolutionpadelstore.com\/fr\/wp-json\/wp\/v2\/product_brand?post=265798"},{"taxonomy":"product_cat","embeddable":true,"href":"https:\/\/revolutionpadelstore.com\/fr\/wp-json\/wp\/v2\/product_cat?post=265798"},{"taxonomy":"product_tag","embeddable":true,"href":"https:\/\/revolutionpadelstore.com\/fr\/wp-json\/wp\/v2\/product_tag?post=265798"}],"curies":[{"name":"wp","href":"https:\/\/api.w.org\/{rel}","templated":true}]}}