{"id":265756,"date":"2025-08-18T18:29:58","date_gmt":"2025-08-18T16:29:58","guid":{"rendered":"https:\/\/revolutionpadelstore.com\/?post_type=product&#038;p=265756"},"modified":"2026-04-08T04:29:38","modified_gmt":"2026-04-08T02:29:38","slug":"overgrip-siux-pro-comfort-x60-unidades-blanco-3","status":"publish","type":"product","link":"https:\/\/revolutionpadelstore.com\/fr\/produit\/overgrip-siux-pro-comfort-x60-unidades-blanco-3\/","title":{"rendered":"OVERGRIP SIUX PRO COMFORT x60 UNIDADES BLANCO"},"content":{"rendered":"<h2>Surgrip Siux Pro Comfort x60 Blanc \u2013 Absorption et confort maximum pour votre raquette<\/h2>\n<p>Ma\u00eetrisez chaque point avec le <strong>Surgrip Siux Pro Comfort x60 Blanc<\/strong>, con\u00e7u pour vous offrir une <strong>adh\u00e9rence sup\u00e9rieure<\/strong>, une absorption efficace de la transpiration et un toucher in\u00e9gal\u00e9. Cet accessoire est id\u00e9al pour les joueurs exigeants qui recherchent <strong>stabilit\u00e9, contr\u00f4le et durabilit\u00e9<\/strong> \u00e0 chaque coup.<\/p>\n<h2>Principales fonctionnalit\u00e9s<\/h2>\n<p><strong>-Pack de 60 unit\u00e9s<\/strong> : Id\u00e9al pour les joueurs ou entra\u00eeneurs fr\u00e9quents.<\/p>\n<p><strong>-Haute absorption de la transpiration et de l&#8217;humidit\u00e9<\/strong> : maintient la poign\u00e9e s\u00e8che et s\u00e9curis\u00e9e m\u00eame lors des matchs les plus intenses.<\/p>\n<p><strong>-Prise confortable et ferme<\/strong> : Am\u00e9liore le contr\u00f4le de la raquette et le toucher avec la balle.<\/p>\n<p><strong>-Longue durabilit\u00e9<\/strong> : fabriqu\u00e9 avec des mat\u00e9riaux r\u00e9sistants qui prolongent sa dur\u00e9e de vie utile.<\/p>\n<p><strong>-Finition lisse et douce au toucher<\/strong> : Sensation premium d\u00e8s la premi\u00e8re utilisation.<\/p>\n<h2>Principaux avantages<\/h2>\n<p>-Maintient les performances tout au long du jeu.<\/p>\n<p>-Emp\u00eache le glissement et am\u00e9liore la pr\u00e9cision de frappe.<\/p>\n<p>-Fournit un confort suppl\u00e9mentaire lors de longues s\u00e9ances ou d&#8217;entra\u00eenements intensifs.<\/p>\n<h2>Pourquoi choisir les surgrips Siux ?<\/h2>\n<p><strong>Siux<\/strong> est l&#8217;une des marques de padel les plus reconnues sur le march\u00e9, utilis\u00e9e par les joueurs professionnels et amateurs \u00e0 la recherche d&#8217;un <strong>\u00e9quipement de padel de haute qualit\u00e9<\/strong>. Le mod\u00e8le Pro Comfort est l&#8217;un des best-sellers pour ses performances \u00e9quilibr\u00e9es entre confort et absorption.<\/p>\n<h2>Passez votre commande maintenant !<\/h2>\n<p>Ne manquez pas l&#8217;occasion d&#8217;am\u00e9liorer votre jeu avec ce pack de surgrips performants. Disponible en blanc, parfait \u00e0 combiner avec n&#8217;importe quelle pelle et tenue.<\/p>\n<p><strong>Achetez d\u00e8s maintenant le surgrip Siux Pro Comfort x60 White dans notre boutique en ligne <a href=\"https:\/\/www.revolutionpadelstore.com\/\">www.revolutionpadelstore.com<\/a>, probablement au meilleur prix du march\u00e9.<\/strong><\/p>\n","protected":false},"excerpt":{"rendered":"<p>Le surgrip Siux Pro Comfort x60 White offre un confort maximal et une prise en main s\u00fbre. Avec une excellente durabilit\u00e9, une excellente absorption de la transpiration et une haute r\u00e9sistance \u00e0 l&#8217;utilisation, il est id\u00e9al pour les joueurs \u00e0 la recherche de fiabilit\u00e9 et de confort \u00e0 chaque match.<\/p>\n","protected":false},"featured_media":265762,"comment_status":"open","ping_status":"closed","template":"","meta":{"_acf_changed":false,"_joinchat":[]},"acabado":[],"balance":[],"dureza":[],"forma":[],"jugador":[],"marca":[1307],"nivel-de-juego":[],"superficie":[],"tipo-de-juego":[],"product_brand":[],"product_cat":[561],"product_tag":[],"class_list":{"0":"post-265756","1":"product","2":"type-product","3":"status-publish","4":"has-post-thumbnail","6":"marca-siux-fr","7":"product_cat-accessoires","9":"first","10":"outofstock","11":"sale","12":"taxable","13":"shipping-taxable","14":"purchasable","15":"product-type-simple"},"acf":[],"yoast_head":"<!-- This site is optimized with the Yoast SEO plugin v27.4 - https:\/\/yoast.com\/product\/yoast-seo-wordpress\/ -->\n<title>OVERGRIP SIUX PRO COMFORT x60 UNIDADES BLANCO - Revolution Padel Store<\/title>\n<meta name=\"description\" content=\"Mejora tu agarre con el Overgrip Siux Pro Comfort x60 Blanco. Alta absorci\u00f3n, confort y durabilidad. Pack de 60 unidades. \u00a1C\u00f3mpralo al mejor precio en Revolution Padel Store!\" \/>\n<meta name=\"robots\" content=\"index, follow, max-snippet:-1, max-image-preview:large, max-video-preview:-1\" \/>\n<link rel=\"canonical\" href=\"https:\/\/revolutionpadelstore.com\/fr\/produit\/overgrip-siux-pro-comfort-x60-unidades-blanco-3\/\" \/>\n<meta property=\"og:locale\" content=\"fr_FR\" \/>\n<meta property=\"og:type\" content=\"article\" \/>\n<meta property=\"og:title\" content=\"OVERGRIP SIUX PRO COMFORT x60 UNIDADES BLANCO - Revolution Padel Store\" \/>\n<meta property=\"og:description\" content=\"Mejora tu agarre con el Overgrip Siux Pro Comfort x60 Blanco. Alta absorci\u00f3n, confort y durabilidad. Pack de 60 unidades. \u00a1C\u00f3mpralo al mejor precio en Revolution Padel Store!\" \/>\n<meta property=\"og:url\" content=\"https:\/\/revolutionpadelstore.com\/fr\/produit\/overgrip-siux-pro-comfort-x60-unidades-blanco-3\/\" \/>\n<meta property=\"og:site_name\" content=\"Revolution Padel Store\" \/>\n<meta property=\"article:modified_time\" content=\"2026-04-08T02:29:38+00:00\" \/>\n<meta property=\"og:image\" content=\"https:\/\/revolutionpadelstore.com\/wp-content\/uploads\/2025\/08\/105952_pro_grip_comfort_x60_blanco_1500x1500_vista1_2443.webp\" \/>\n\t<meta property=\"og:image:width\" content=\"1500\" \/>\n\t<meta property=\"og:image:height\" content=\"1500\" \/>\n\t<meta property=\"og:image:type\" content=\"image\/webp\" \/>\n<meta name=\"twitter:card\" content=\"summary_large_image\" \/>\n<meta name=\"twitter:label1\" content=\"Dur\u00e9e de lecture estim\u00e9e\" \/>\n\t<meta name=\"twitter:data1\" content=\"1 minute\" \/>\n<script type=\"application\/ld+json\" class=\"yoast-schema-graph\">{\"@context\":\"https:\\\/\\\/schema.org\",\"@graph\":[{\"@type\":\"WebPage\",\"@id\":\"https:\\\/\\\/revolutionpadelstore.com\\\/fr\\\/produit\\\/overgrip-siux-pro-comfort-x60-unidades-blanco-3\\\/\",\"url\":\"https:\\\/\\\/revolutionpadelstore.com\\\/fr\\\/produit\\\/overgrip-siux-pro-comfort-x60-unidades-blanco-3\\\/\",\"name\":\"OVERGRIP SIUX PRO COMFORT x60 UNIDADES BLANCO - Revolution Padel Store\",\"isPartOf\":{\"@id\":\"https:\\\/\\\/revolutionpadelstore.com\\\/fr\\\/#website\"},\"primaryImageOfPage\":{\"@id\":\"https:\\\/\\\/revolutionpadelstore.com\\\/fr\\\/produit\\\/overgrip-siux-pro-comfort-x60-unidades-blanco-3\\\/#primaryimage\"},\"image\":{\"@id\":\"https:\\\/\\\/revolutionpadelstore.com\\\/fr\\\/produit\\\/overgrip-siux-pro-comfort-x60-unidades-blanco-3\\\/#primaryimage\"},\"thumbnailUrl\":\"https:\\\/\\\/revolutionpadelstore.com\\\/wp-content\\\/uploads\\\/2025\\\/08\\\/105952_pro_grip_comfort_x60_blanco_1500x1500_vista1_2443.webp\",\"datePublished\":\"2025-08-18T16:29:58+00:00\",\"dateModified\":\"2026-04-08T02:29:38+00:00\",\"description\":\"Mejora tu agarre con el Overgrip Siux Pro Comfort x60 Blanco. Alta absorci\u00f3n, confort y durabilidad. Pack de 60 unidades. \u00a1C\u00f3mpralo al mejor precio en Revolution Padel Store!\",\"breadcrumb\":{\"@id\":\"https:\\\/\\\/revolutionpadelstore.com\\\/fr\\\/produit\\\/overgrip-siux-pro-comfort-x60-unidades-blanco-3\\\/#breadcrumb\"},\"inLanguage\":\"fr-FR\",\"potentialAction\":[{\"@type\":\"ReadAction\",\"target\":[\"https:\\\/\\\/revolutionpadelstore.com\\\/fr\\\/produit\\\/overgrip-siux-pro-comfort-x60-unidades-blanco-3\\\/\"]}]},{\"@type\":\"ImageObject\",\"inLanguage\":\"fr-FR\",\"@id\":\"https:\\\/\\\/revolutionpadelstore.com\\\/fr\\\/produit\\\/overgrip-siux-pro-comfort-x60-unidades-blanco-3\\\/#primaryimage\",\"url\":\"https:\\\/\\\/revolutionpadelstore.com\\\/wp-content\\\/uploads\\\/2025\\\/08\\\/105952_pro_grip_comfort_x60_blanco_1500x1500_vista1_2443.webp\",\"contentUrl\":\"https:\\\/\\\/revolutionpadelstore.com\\\/wp-content\\\/uploads\\\/2025\\\/08\\\/105952_pro_grip_comfort_x60_blanco_1500x1500_vista1_2443.webp\",\"width\":1500,\"height\":1500},{\"@type\":\"BreadcrumbList\",\"@id\":\"https:\\\/\\\/revolutionpadelstore.com\\\/fr\\\/produit\\\/overgrip-siux-pro-comfort-x60-unidades-blanco-3\\\/#breadcrumb\",\"itemListElement\":[{\"@type\":\"ListItem\",\"position\":1,\"name\":\"Portada\",\"item\":\"https:\\\/\\\/revolutionpadelstore.com\\\/fr\\\/\"},{\"@type\":\"ListItem\",\"position\":2,\"name\":\"Boutique\",\"item\":\"https:\\\/\\\/revolutionpadelstore.com\\\/fr\\\/tienda\\\/\"},{\"@type\":\"ListItem\",\"position\":3,\"name\":\"OVERGRIP SIUX PRO COMFORT x60 UNIDADES BLANCO\"}]},{\"@type\":\"WebSite\",\"@id\":\"https:\\\/\\\/revolutionpadelstore.com\\\/fr\\\/#website\",\"url\":\"https:\\\/\\\/revolutionpadelstore.com\\\/fr\\\/\",\"name\":\"Revolution Padel Store\",\"description\":\"\",\"publisher\":{\"@id\":\"https:\\\/\\\/revolutionpadelstore.com\\\/fr\\\/#organization\"},\"potentialAction\":[{\"@type\":\"SearchAction\",\"target\":{\"@type\":\"EntryPoint\",\"urlTemplate\":\"https:\\\/\\\/revolutionpadelstore.com\\\/fr\\\/?s={search_term_string}\"},\"query-input\":{\"@type\":\"PropertyValueSpecification\",\"valueRequired\":true,\"valueName\":\"search_term_string\"}}],\"inLanguage\":\"fr-FR\"},{\"@type\":\"Organization\",\"@id\":\"https:\\\/\\\/revolutionpadelstore.com\\\/fr\\\/#organization\",\"name\":\"Revolution Padel Store\",\"url\":\"https:\\\/\\\/revolutionpadelstore.com\\\/fr\\\/\",\"logo\":{\"@type\":\"ImageObject\",\"inLanguage\":\"fr-FR\",\"@id\":\"https:\\\/\\\/revolutionpadelstore.com\\\/fr\\\/#\\\/schema\\\/logo\\\/image\\\/\",\"url\":\"https:\\\/\\\/revolutionpadelstore.com\\\/wp-content\\\/uploads\\\/2026\\\/02\\\/revolution-padel-store.jpg\",\"contentUrl\":\"https:\\\/\\\/revolutionpadelstore.com\\\/wp-content\\\/uploads\\\/2026\\\/02\\\/revolution-padel-store.jpg\",\"width\":2000,\"height\":2000,\"caption\":\"Revolution Padel Store\"},\"image\":{\"@id\":\"https:\\\/\\\/revolutionpadelstore.com\\\/fr\\\/#\\\/schema\\\/logo\\\/image\\\/\"},\"sameAs\":[\"https:\\\/\\\/www.instagram.com\\\/revolutionpadelstore\\\/\"]}]}<\/script>\n<!-- \/ Yoast SEO plugin. -->","yoast_head_json":{"title":"OVERGRIP SIUX PRO COMFORT x60 UNIDADES BLANCO - Revolution Padel Store","description":"Mejora tu agarre con el Overgrip Siux Pro Comfort x60 Blanco. Alta absorci\u00f3n, confort y durabilidad. Pack de 60 unidades. \u00a1C\u00f3mpralo al mejor precio en Revolution Padel Store!","robots":{"index":"index","follow":"follow","max-snippet":"max-snippet:-1","max-image-preview":"max-image-preview:large","max-video-preview":"max-video-preview:-1"},"canonical":"https:\/\/revolutionpadelstore.com\/fr\/produit\/overgrip-siux-pro-comfort-x60-unidades-blanco-3\/","og_locale":"fr_FR","og_type":"article","og_title":"OVERGRIP SIUX PRO COMFORT x60 UNIDADES BLANCO - Revolution Padel Store","og_description":"Mejora tu agarre con el Overgrip Siux Pro Comfort x60 Blanco. Alta absorci\u00f3n, confort y durabilidad. Pack de 60 unidades. \u00a1C\u00f3mpralo al mejor precio en Revolution Padel Store!","og_url":"https:\/\/revolutionpadelstore.com\/fr\/produit\/overgrip-siux-pro-comfort-x60-unidades-blanco-3\/","og_site_name":"Revolution Padel Store","article_modified_time":"2026-04-08T02:29:38+00:00","og_image":[{"width":1500,"height":1500,"url":"https:\/\/revolutionpadelstore.com\/wp-content\/uploads\/2025\/08\/105952_pro_grip_comfort_x60_blanco_1500x1500_vista1_2443.webp","type":"image\/webp"}],"twitter_card":"summary_large_image","twitter_misc":{"Dur\u00e9e de lecture estim\u00e9e":"1 minute"},"schema":{"@context":"https:\/\/schema.org","@graph":[{"@type":"WebPage","@id":"https:\/\/revolutionpadelstore.com\/fr\/produit\/overgrip-siux-pro-comfort-x60-unidades-blanco-3\/","url":"https:\/\/revolutionpadelstore.com\/fr\/produit\/overgrip-siux-pro-comfort-x60-unidades-blanco-3\/","name":"OVERGRIP SIUX PRO COMFORT x60 UNIDADES BLANCO - Revolution Padel Store","isPartOf":{"@id":"https:\/\/revolutionpadelstore.com\/fr\/#website"},"primaryImageOfPage":{"@id":"https:\/\/revolutionpadelstore.com\/fr\/produit\/overgrip-siux-pro-comfort-x60-unidades-blanco-3\/#primaryimage"},"image":{"@id":"https:\/\/revolutionpadelstore.com\/fr\/produit\/overgrip-siux-pro-comfort-x60-unidades-blanco-3\/#primaryimage"},"thumbnailUrl":"https:\/\/revolutionpadelstore.com\/wp-content\/uploads\/2025\/08\/105952_pro_grip_comfort_x60_blanco_1500x1500_vista1_2443.webp","datePublished":"2025-08-18T16:29:58+00:00","dateModified":"2026-04-08T02:29:38+00:00","description":"Mejora tu agarre con el Overgrip Siux Pro Comfort x60 Blanco. Alta absorci\u00f3n, confort y durabilidad. Pack de 60 unidades. \u00a1C\u00f3mpralo al mejor precio en Revolution Padel Store!","breadcrumb":{"@id":"https:\/\/revolutionpadelstore.com\/fr\/produit\/overgrip-siux-pro-comfort-x60-unidades-blanco-3\/#breadcrumb"},"inLanguage":"fr-FR","potentialAction":[{"@type":"ReadAction","target":["https:\/\/revolutionpadelstore.com\/fr\/produit\/overgrip-siux-pro-comfort-x60-unidades-blanco-3\/"]}]},{"@type":"ImageObject","inLanguage":"fr-FR","@id":"https:\/\/revolutionpadelstore.com\/fr\/produit\/overgrip-siux-pro-comfort-x60-unidades-blanco-3\/#primaryimage","url":"https:\/\/revolutionpadelstore.com\/wp-content\/uploads\/2025\/08\/105952_pro_grip_comfort_x60_blanco_1500x1500_vista1_2443.webp","contentUrl":"https:\/\/revolutionpadelstore.com\/wp-content\/uploads\/2025\/08\/105952_pro_grip_comfort_x60_blanco_1500x1500_vista1_2443.webp","width":1500,"height":1500},{"@type":"BreadcrumbList","@id":"https:\/\/revolutionpadelstore.com\/fr\/produit\/overgrip-siux-pro-comfort-x60-unidades-blanco-3\/#breadcrumb","itemListElement":[{"@type":"ListItem","position":1,"name":"Portada","item":"https:\/\/revolutionpadelstore.com\/fr\/"},{"@type":"ListItem","position":2,"name":"Boutique","item":"https:\/\/revolutionpadelstore.com\/fr\/tienda\/"},{"@type":"ListItem","position":3,"name":"OVERGRIP SIUX PRO COMFORT x60 UNIDADES BLANCO"}]},{"@type":"WebSite","@id":"https:\/\/revolutionpadelstore.com\/fr\/#website","url":"https:\/\/revolutionpadelstore.com\/fr\/","name":"Revolution Padel Store","description":"","publisher":{"@id":"https:\/\/revolutionpadelstore.com\/fr\/#organization"},"potentialAction":[{"@type":"SearchAction","target":{"@type":"EntryPoint","urlTemplate":"https:\/\/revolutionpadelstore.com\/fr\/?s={search_term_string}"},"query-input":{"@type":"PropertyValueSpecification","valueRequired":true,"valueName":"search_term_string"}}],"inLanguage":"fr-FR"},{"@type":"Organization","@id":"https:\/\/revolutionpadelstore.com\/fr\/#organization","name":"Revolution Padel Store","url":"https:\/\/revolutionpadelstore.com\/fr\/","logo":{"@type":"ImageObject","inLanguage":"fr-FR","@id":"https:\/\/revolutionpadelstore.com\/fr\/#\/schema\/logo\/image\/","url":"https:\/\/revolutionpadelstore.com\/wp-content\/uploads\/2026\/02\/revolution-padel-store.jpg","contentUrl":"https:\/\/revolutionpadelstore.com\/wp-content\/uploads\/2026\/02\/revolution-padel-store.jpg","width":2000,"height":2000,"caption":"Revolution Padel Store"},"image":{"@id":"https:\/\/revolutionpadelstore.com\/fr\/#\/schema\/logo\/image\/"},"sameAs":["https:\/\/www.instagram.com\/revolutionpadelstore\/"]}]}},"_links":{"self":[{"href":"https:\/\/revolutionpadelstore.com\/fr\/wp-json\/wp\/v2\/product\/265756","targetHints":{"allow":["GET"]}}],"collection":[{"href":"https:\/\/revolutionpadelstore.com\/fr\/wp-json\/wp\/v2\/product"}],"about":[{"href":"https:\/\/revolutionpadelstore.com\/fr\/wp-json\/wp\/v2\/types\/product"}],"replies":[{"embeddable":true,"href":"https:\/\/revolutionpadelstore.com\/fr\/wp-json\/wp\/v2\/comments?post=265756"}],"wp:featuredmedia":[{"embeddable":true,"href":"https:\/\/revolutionpadelstore.com\/fr\/wp-json\/wp\/v2\/media\/265762"}],"wp:attachment":[{"href":"https:\/\/revolutionpadelstore.com\/fr\/wp-json\/wp\/v2\/media?parent=265756"}],"wp:term":[{"taxonomy":"acabado","embeddable":true,"href":"https:\/\/revolutionpadelstore.com\/fr\/wp-json\/wp\/v2\/acabado?post=265756"},{"taxonomy":"balance","embeddable":true,"href":"https:\/\/revolutionpadelstore.com\/fr\/wp-json\/wp\/v2\/balance?post=265756"},{"taxonomy":"dureza","embeddable":true,"href":"https:\/\/revolutionpadelstore.com\/fr\/wp-json\/wp\/v2\/dureza?post=265756"},{"taxonomy":"forma","embeddable":true,"href":"https:\/\/revolutionpadelstore.com\/fr\/wp-json\/wp\/v2\/forma?post=265756"},{"taxonomy":"jugador","embeddable":true,"href":"https:\/\/revolutionpadelstore.com\/fr\/wp-json\/wp\/v2\/jugador?post=265756"},{"taxonomy":"marca","embeddable":true,"href":"https:\/\/revolutionpadelstore.com\/fr\/wp-json\/wp\/v2\/marca?post=265756"},{"taxonomy":"nivel-de-juego","embeddable":true,"href":"https:\/\/revolutionpadelstore.com\/fr\/wp-json\/wp\/v2\/nivel-de-juego?post=265756"},{"taxonomy":"superficie","embeddable":true,"href":"https:\/\/revolutionpadelstore.com\/fr\/wp-json\/wp\/v2\/superficie?post=265756"},{"taxonomy":"tipo-de-juego","embeddable":true,"href":"https:\/\/revolutionpadelstore.com\/fr\/wp-json\/wp\/v2\/tipo-de-juego?post=265756"},{"taxonomy":"product_brand","embeddable":true,"href":"https:\/\/revolutionpadelstore.com\/fr\/wp-json\/wp\/v2\/product_brand?post=265756"},{"taxonomy":"product_cat","embeddable":true,"href":"https:\/\/revolutionpadelstore.com\/fr\/wp-json\/wp\/v2\/product_cat?post=265756"},{"taxonomy":"product_tag","embeddable":true,"href":"https:\/\/revolutionpadelstore.com\/fr\/wp-json\/wp\/v2\/product_tag?post=265756"}],"curies":[{"name":"wp","href":"https:\/\/api.w.org\/{rel}","templated":true}]}}