{"id":265726,"date":"2025-08-16T12:47:45","date_gmt":"2025-08-16T10:47:45","guid":{"rendered":"https:\/\/revolutionpadelstore.com\/cajon-botes-de-bolas-siux-neo-x24\/"},"modified":"2026-04-08T04:29:55","modified_gmt":"2026-04-08T02:29:55","slug":"cajon-botes-de-bolas-siux-neo-x24-3","status":"publish","type":"product","link":"https:\/\/revolutionpadelstore.com\/fr\/produit\/cajon-botes-de-bolas-siux-neo-x24-3\/","title":{"rendered":"CAJ\u00d3N BOTES DE BOLAS SIUX NEO x24"},"content":{"rendered":"<h2>Siux Neo Balls x24 \u2013 Performances professionnelles et rebond spectaculaire<\/h2>\n<p>D\u00e9couvrez l&#8217;excellence \u00e0 chaque coup avec la bo\u00eete \u00e0 balles <strong>Siux Neo Balls x24<\/strong>, con\u00e7ue pour les joueurs exigeants qui s&#8217;entra\u00eenent et rivalisent avec intensit\u00e9. Ces balles de padel se distinguent par leur <strong>rebond extraordinaire<\/strong> et leur durabilit\u00e9 sup\u00e9rieure, ce qui en fait le choix parfait pour ceux qui recherchent des performances maximales dans des conditions extr\u00eames.<\/p>\n<h2>Fonctionnalit\u00e9s mises en \u00e9vidence<\/h2>\n<p><strong>-Rebond coh\u00e9rent et vif<\/strong>, id\u00e9al pour les matchs \u00e0 tempo \u00e9lev\u00e9.<\/p>\n<p>-Sp\u00e9cialement con\u00e7u pour les <strong>climats secs et les temp\u00e9ratures \u00e9lev\u00e9es<\/strong>.<\/p>\n<p>-Performances optimales dans les <strong>zones de moyenne et haute altitude<\/strong>.<\/p>\n<p>-Haute r\u00e9sistance \u00e0 la <strong>perte de pression<\/strong>, permettant des sessions plus longues sans perte de qualit\u00e9.<\/p>\n<p>&#8211;<strong>Format tiroir 24 canettes<\/strong>, id\u00e9al pour les entra\u00eenements intensifs et les clubs de padel.<\/p>\n<h2>Avantages pour votre jeu<\/h2>\n<p>Les <strong>Siux Neo Balls<\/strong> garantissent un jeu dynamique et stable, vous aidant \u00e0 garder le contr\u00f4le \u00e0 chaque point. Gr\u00e2ce \u00e0 leur construction durable, ils vous offrent une exp\u00e9rience de jeu professionnelle, m\u00eame dans les conditions les plus exigeantes.<\/p>\n<p>Si vous \u00eates un joueur r\u00e9gulier qui s&#8217;entra\u00eene fr\u00e9quemment ou participe \u00e0 des comp\u00e9titions de niveau professionnel, ces ballons vous permettront de tirer le meilleur parti de votre technique, de votre vitesse et de votre puissance.<\/p>\n<h2>Profitez de cette opportunit\u00e9 !<\/h2>\n<p>Procurez-vous les <strong>Siux Neo Balls x24<\/strong> et jouez avec la confiance de ceux qui parient sur le meilleur. Vivez chaque match comme s&#8217;il s&#8217;agissait d&#8217;une finale !<br \/>\n<em>Disponible d\u00e8s maintenant dans notre boutique en ligne <a href=\"https:\/\/www.revolutionpadelstore.com\/\">www.revolutionpadelstore.com<\/a>, probablement au meilleur prix du march\u00e9.<\/em><\/p>\n","protected":false},"excerpt":{"rendered":"<p>Pack de 24 balles Siux Neo Balls, con\u00e7ues pour le padel. Ils offrent une grande r\u00e9sistance \u00e0 la perte de pression et des performances durables. Id\u00e9al pour les climats secs, les zones de latitudes moyennes et \u00e9lev\u00e9es et les temp\u00e9ratures chaudes.<\/p>\n","protected":false},"featured_media":265721,"comment_status":"open","ping_status":"closed","template":"","meta":{"_acf_changed":false,"_joinchat":[]},"acabado":[],"balance":[],"dureza":[],"forma":[],"jugador":[],"marca":[1307],"nivel-de-juego":[],"superficie":[],"tipo-de-juego":[],"product_brand":[],"product_cat":[606],"product_tag":[],"class_list":{"0":"post-265726","1":"product","2":"type-product","3":"status-publish","4":"has-post-thumbnail","6":"marca-siux-fr","7":"product_cat-balles","9":"first","10":"outofstock","11":"sale","12":"taxable","13":"shipping-taxable","14":"purchasable","15":"product-type-simple"},"acf":[],"yoast_head":"<!-- This site is optimized with the Yoast SEO plugin v27.4 - https:\/\/yoast.com\/product\/yoast-seo-wordpress\/ -->\n<title>CAJ\u00d3N BOTES DE BOLAS SIUX NEO x24 - Revolution Padel Store<\/title>\n<meta name=\"description\" content=\"Compra las pelotas Siux Neo Balls x24 con rebote excepcional y alta durabilidad, perfectas para climas c\u00e1lidos y altitud. \u00a1Ya en www.revolutionpadelstore.com al mejor precio!\" \/>\n<meta name=\"robots\" content=\"index, follow, max-snippet:-1, max-image-preview:large, max-video-preview:-1\" \/>\n<link rel=\"canonical\" href=\"https:\/\/revolutionpadelstore.com\/fr\/produit\/cajon-botes-de-bolas-siux-neo-x24-3\/\" \/>\n<meta property=\"og:locale\" content=\"fr_FR\" \/>\n<meta property=\"og:type\" content=\"article\" \/>\n<meta property=\"og:title\" content=\"CAJ\u00d3N BOTES DE BOLAS SIUX NEO x24 - Revolution Padel Store\" \/>\n<meta property=\"og:description\" content=\"Compra las pelotas Siux Neo Balls x24 con rebote excepcional y alta durabilidad, perfectas para climas c\u00e1lidos y altitud. \u00a1Ya en www.revolutionpadelstore.com al mejor precio!\" \/>\n<meta property=\"og:url\" content=\"https:\/\/revolutionpadelstore.com\/fr\/produit\/cajon-botes-de-bolas-siux-neo-x24-3\/\" \/>\n<meta property=\"og:site_name\" content=\"Revolution Padel Store\" \/>\n<meta property=\"article:modified_time\" content=\"2026-04-08T02:29:55+00:00\" \/>\n<meta property=\"og:image\" content=\"https:\/\/revolutionpadelstore.com\/wp-content\/uploads\/2025\/08\/imagen_1_106759_1000_eb16.webp\" \/>\n\t<meta property=\"og:image:width\" content=\"1000\" \/>\n\t<meta property=\"og:image:height\" content=\"1000\" \/>\n\t<meta property=\"og:image:type\" content=\"image\/webp\" \/>\n<meta name=\"twitter:card\" content=\"summary_large_image\" \/>\n<meta name=\"twitter:label1\" content=\"Dur\u00e9e de lecture estim\u00e9e\" \/>\n\t<meta name=\"twitter:data1\" content=\"1 minute\" \/>\n<script type=\"application\/ld+json\" class=\"yoast-schema-graph\">{\"@context\":\"https:\\\/\\\/schema.org\",\"@graph\":[{\"@type\":\"WebPage\",\"@id\":\"https:\\\/\\\/revolutionpadelstore.com\\\/fr\\\/produit\\\/cajon-botes-de-bolas-siux-neo-x24-3\\\/\",\"url\":\"https:\\\/\\\/revolutionpadelstore.com\\\/fr\\\/produit\\\/cajon-botes-de-bolas-siux-neo-x24-3\\\/\",\"name\":\"CAJ\u00d3N BOTES DE BOLAS SIUX NEO x24 - Revolution Padel Store\",\"isPartOf\":{\"@id\":\"https:\\\/\\\/revolutionpadelstore.com\\\/fr\\\/#website\"},\"primaryImageOfPage\":{\"@id\":\"https:\\\/\\\/revolutionpadelstore.com\\\/fr\\\/produit\\\/cajon-botes-de-bolas-siux-neo-x24-3\\\/#primaryimage\"},\"image\":{\"@id\":\"https:\\\/\\\/revolutionpadelstore.com\\\/fr\\\/produit\\\/cajon-botes-de-bolas-siux-neo-x24-3\\\/#primaryimage\"},\"thumbnailUrl\":\"https:\\\/\\\/revolutionpadelstore.com\\\/wp-content\\\/uploads\\\/2025\\\/08\\\/imagen_1_106759_1000_eb16.webp\",\"datePublished\":\"2025-08-16T10:47:45+00:00\",\"dateModified\":\"2026-04-08T02:29:55+00:00\",\"description\":\"Compra las pelotas Siux Neo Balls x24 con rebote excepcional y alta durabilidad, perfectas para climas c\u00e1lidos y altitud. \u00a1Ya en www.revolutionpadelstore.com al mejor precio!\",\"breadcrumb\":{\"@id\":\"https:\\\/\\\/revolutionpadelstore.com\\\/fr\\\/produit\\\/cajon-botes-de-bolas-siux-neo-x24-3\\\/#breadcrumb\"},\"inLanguage\":\"fr-FR\",\"potentialAction\":[{\"@type\":\"ReadAction\",\"target\":[\"https:\\\/\\\/revolutionpadelstore.com\\\/fr\\\/produit\\\/cajon-botes-de-bolas-siux-neo-x24-3\\\/\"]}]},{\"@type\":\"ImageObject\",\"inLanguage\":\"fr-FR\",\"@id\":\"https:\\\/\\\/revolutionpadelstore.com\\\/fr\\\/produit\\\/cajon-botes-de-bolas-siux-neo-x24-3\\\/#primaryimage\",\"url\":\"https:\\\/\\\/revolutionpadelstore.com\\\/wp-content\\\/uploads\\\/2025\\\/08\\\/imagen_1_106759_1000_eb16.webp\",\"contentUrl\":\"https:\\\/\\\/revolutionpadelstore.com\\\/wp-content\\\/uploads\\\/2025\\\/08\\\/imagen_1_106759_1000_eb16.webp\",\"width\":1000,\"height\":1000},{\"@type\":\"BreadcrumbList\",\"@id\":\"https:\\\/\\\/revolutionpadelstore.com\\\/fr\\\/produit\\\/cajon-botes-de-bolas-siux-neo-x24-3\\\/#breadcrumb\",\"itemListElement\":[{\"@type\":\"ListItem\",\"position\":1,\"name\":\"Portada\",\"item\":\"https:\\\/\\\/revolutionpadelstore.com\\\/fr\\\/\"},{\"@type\":\"ListItem\",\"position\":2,\"name\":\"Boutique\",\"item\":\"https:\\\/\\\/revolutionpadelstore.com\\\/fr\\\/tienda\\\/\"},{\"@type\":\"ListItem\",\"position\":3,\"name\":\"CAJ\u00d3N BOTES DE BOLAS SIUX NEO x24\"}]},{\"@type\":\"WebSite\",\"@id\":\"https:\\\/\\\/revolutionpadelstore.com\\\/fr\\\/#website\",\"url\":\"https:\\\/\\\/revolutionpadelstore.com\\\/fr\\\/\",\"name\":\"Revolution Padel Store\",\"description\":\"\",\"publisher\":{\"@id\":\"https:\\\/\\\/revolutionpadelstore.com\\\/fr\\\/#organization\"},\"potentialAction\":[{\"@type\":\"SearchAction\",\"target\":{\"@type\":\"EntryPoint\",\"urlTemplate\":\"https:\\\/\\\/revolutionpadelstore.com\\\/fr\\\/?s={search_term_string}\"},\"query-input\":{\"@type\":\"PropertyValueSpecification\",\"valueRequired\":true,\"valueName\":\"search_term_string\"}}],\"inLanguage\":\"fr-FR\"},{\"@type\":\"Organization\",\"@id\":\"https:\\\/\\\/revolutionpadelstore.com\\\/fr\\\/#organization\",\"name\":\"Revolution Padel Store\",\"url\":\"https:\\\/\\\/revolutionpadelstore.com\\\/fr\\\/\",\"logo\":{\"@type\":\"ImageObject\",\"inLanguage\":\"fr-FR\",\"@id\":\"https:\\\/\\\/revolutionpadelstore.com\\\/fr\\\/#\\\/schema\\\/logo\\\/image\\\/\",\"url\":\"https:\\\/\\\/revolutionpadelstore.com\\\/wp-content\\\/uploads\\\/2026\\\/02\\\/revolution-padel-store.jpg\",\"contentUrl\":\"https:\\\/\\\/revolutionpadelstore.com\\\/wp-content\\\/uploads\\\/2026\\\/02\\\/revolution-padel-store.jpg\",\"width\":2000,\"height\":2000,\"caption\":\"Revolution Padel Store\"},\"image\":{\"@id\":\"https:\\\/\\\/revolutionpadelstore.com\\\/fr\\\/#\\\/schema\\\/logo\\\/image\\\/\"},\"sameAs\":[\"https:\\\/\\\/www.instagram.com\\\/revolutionpadelstore\\\/\"]}]}<\/script>\n<!-- \/ Yoast SEO plugin. -->","yoast_head_json":{"title":"CAJ\u00d3N BOTES DE BOLAS SIUX NEO x24 - Revolution Padel Store","description":"Compra las pelotas Siux Neo Balls x24 con rebote excepcional y alta durabilidad, perfectas para climas c\u00e1lidos y altitud. \u00a1Ya en www.revolutionpadelstore.com al mejor precio!","robots":{"index":"index","follow":"follow","max-snippet":"max-snippet:-1","max-image-preview":"max-image-preview:large","max-video-preview":"max-video-preview:-1"},"canonical":"https:\/\/revolutionpadelstore.com\/fr\/produit\/cajon-botes-de-bolas-siux-neo-x24-3\/","og_locale":"fr_FR","og_type":"article","og_title":"CAJ\u00d3N BOTES DE BOLAS SIUX NEO x24 - Revolution Padel Store","og_description":"Compra las pelotas Siux Neo Balls x24 con rebote excepcional y alta durabilidad, perfectas para climas c\u00e1lidos y altitud. \u00a1Ya en www.revolutionpadelstore.com al mejor precio!","og_url":"https:\/\/revolutionpadelstore.com\/fr\/produit\/cajon-botes-de-bolas-siux-neo-x24-3\/","og_site_name":"Revolution Padel Store","article_modified_time":"2026-04-08T02:29:55+00:00","og_image":[{"width":1000,"height":1000,"url":"https:\/\/revolutionpadelstore.com\/wp-content\/uploads\/2025\/08\/imagen_1_106759_1000_eb16.webp","type":"image\/webp"}],"twitter_card":"summary_large_image","twitter_misc":{"Dur\u00e9e de lecture estim\u00e9e":"1 minute"},"schema":{"@context":"https:\/\/schema.org","@graph":[{"@type":"WebPage","@id":"https:\/\/revolutionpadelstore.com\/fr\/produit\/cajon-botes-de-bolas-siux-neo-x24-3\/","url":"https:\/\/revolutionpadelstore.com\/fr\/produit\/cajon-botes-de-bolas-siux-neo-x24-3\/","name":"CAJ\u00d3N BOTES DE BOLAS SIUX NEO x24 - Revolution Padel Store","isPartOf":{"@id":"https:\/\/revolutionpadelstore.com\/fr\/#website"},"primaryImageOfPage":{"@id":"https:\/\/revolutionpadelstore.com\/fr\/produit\/cajon-botes-de-bolas-siux-neo-x24-3\/#primaryimage"},"image":{"@id":"https:\/\/revolutionpadelstore.com\/fr\/produit\/cajon-botes-de-bolas-siux-neo-x24-3\/#primaryimage"},"thumbnailUrl":"https:\/\/revolutionpadelstore.com\/wp-content\/uploads\/2025\/08\/imagen_1_106759_1000_eb16.webp","datePublished":"2025-08-16T10:47:45+00:00","dateModified":"2026-04-08T02:29:55+00:00","description":"Compra las pelotas Siux Neo Balls x24 con rebote excepcional y alta durabilidad, perfectas para climas c\u00e1lidos y altitud. \u00a1Ya en www.revolutionpadelstore.com al mejor precio!","breadcrumb":{"@id":"https:\/\/revolutionpadelstore.com\/fr\/produit\/cajon-botes-de-bolas-siux-neo-x24-3\/#breadcrumb"},"inLanguage":"fr-FR","potentialAction":[{"@type":"ReadAction","target":["https:\/\/revolutionpadelstore.com\/fr\/produit\/cajon-botes-de-bolas-siux-neo-x24-3\/"]}]},{"@type":"ImageObject","inLanguage":"fr-FR","@id":"https:\/\/revolutionpadelstore.com\/fr\/produit\/cajon-botes-de-bolas-siux-neo-x24-3\/#primaryimage","url":"https:\/\/revolutionpadelstore.com\/wp-content\/uploads\/2025\/08\/imagen_1_106759_1000_eb16.webp","contentUrl":"https:\/\/revolutionpadelstore.com\/wp-content\/uploads\/2025\/08\/imagen_1_106759_1000_eb16.webp","width":1000,"height":1000},{"@type":"BreadcrumbList","@id":"https:\/\/revolutionpadelstore.com\/fr\/produit\/cajon-botes-de-bolas-siux-neo-x24-3\/#breadcrumb","itemListElement":[{"@type":"ListItem","position":1,"name":"Portada","item":"https:\/\/revolutionpadelstore.com\/fr\/"},{"@type":"ListItem","position":2,"name":"Boutique","item":"https:\/\/revolutionpadelstore.com\/fr\/tienda\/"},{"@type":"ListItem","position":3,"name":"CAJ\u00d3N BOTES DE BOLAS SIUX NEO x24"}]},{"@type":"WebSite","@id":"https:\/\/revolutionpadelstore.com\/fr\/#website","url":"https:\/\/revolutionpadelstore.com\/fr\/","name":"Revolution Padel Store","description":"","publisher":{"@id":"https:\/\/revolutionpadelstore.com\/fr\/#organization"},"potentialAction":[{"@type":"SearchAction","target":{"@type":"EntryPoint","urlTemplate":"https:\/\/revolutionpadelstore.com\/fr\/?s={search_term_string}"},"query-input":{"@type":"PropertyValueSpecification","valueRequired":true,"valueName":"search_term_string"}}],"inLanguage":"fr-FR"},{"@type":"Organization","@id":"https:\/\/revolutionpadelstore.com\/fr\/#organization","name":"Revolution Padel Store","url":"https:\/\/revolutionpadelstore.com\/fr\/","logo":{"@type":"ImageObject","inLanguage":"fr-FR","@id":"https:\/\/revolutionpadelstore.com\/fr\/#\/schema\/logo\/image\/","url":"https:\/\/revolutionpadelstore.com\/wp-content\/uploads\/2026\/02\/revolution-padel-store.jpg","contentUrl":"https:\/\/revolutionpadelstore.com\/wp-content\/uploads\/2026\/02\/revolution-padel-store.jpg","width":2000,"height":2000,"caption":"Revolution Padel Store"},"image":{"@id":"https:\/\/revolutionpadelstore.com\/fr\/#\/schema\/logo\/image\/"},"sameAs":["https:\/\/www.instagram.com\/revolutionpadelstore\/"]}]}},"_links":{"self":[{"href":"https:\/\/revolutionpadelstore.com\/fr\/wp-json\/wp\/v2\/product\/265726","targetHints":{"allow":["GET"]}}],"collection":[{"href":"https:\/\/revolutionpadelstore.com\/fr\/wp-json\/wp\/v2\/product"}],"about":[{"href":"https:\/\/revolutionpadelstore.com\/fr\/wp-json\/wp\/v2\/types\/product"}],"replies":[{"embeddable":true,"href":"https:\/\/revolutionpadelstore.com\/fr\/wp-json\/wp\/v2\/comments?post=265726"}],"wp:featuredmedia":[{"embeddable":true,"href":"https:\/\/revolutionpadelstore.com\/fr\/wp-json\/wp\/v2\/media\/265721"}],"wp:attachment":[{"href":"https:\/\/revolutionpadelstore.com\/fr\/wp-json\/wp\/v2\/media?parent=265726"}],"wp:term":[{"taxonomy":"acabado","embeddable":true,"href":"https:\/\/revolutionpadelstore.com\/fr\/wp-json\/wp\/v2\/acabado?post=265726"},{"taxonomy":"balance","embeddable":true,"href":"https:\/\/revolutionpadelstore.com\/fr\/wp-json\/wp\/v2\/balance?post=265726"},{"taxonomy":"dureza","embeddable":true,"href":"https:\/\/revolutionpadelstore.com\/fr\/wp-json\/wp\/v2\/dureza?post=265726"},{"taxonomy":"forma","embeddable":true,"href":"https:\/\/revolutionpadelstore.com\/fr\/wp-json\/wp\/v2\/forma?post=265726"},{"taxonomy":"jugador","embeddable":true,"href":"https:\/\/revolutionpadelstore.com\/fr\/wp-json\/wp\/v2\/jugador?post=265726"},{"taxonomy":"marca","embeddable":true,"href":"https:\/\/revolutionpadelstore.com\/fr\/wp-json\/wp\/v2\/marca?post=265726"},{"taxonomy":"nivel-de-juego","embeddable":true,"href":"https:\/\/revolutionpadelstore.com\/fr\/wp-json\/wp\/v2\/nivel-de-juego?post=265726"},{"taxonomy":"superficie","embeddable":true,"href":"https:\/\/revolutionpadelstore.com\/fr\/wp-json\/wp\/v2\/superficie?post=265726"},{"taxonomy":"tipo-de-juego","embeddable":true,"href":"https:\/\/revolutionpadelstore.com\/fr\/wp-json\/wp\/v2\/tipo-de-juego?post=265726"},{"taxonomy":"product_brand","embeddable":true,"href":"https:\/\/revolutionpadelstore.com\/fr\/wp-json\/wp\/v2\/product_brand?post=265726"},{"taxonomy":"product_cat","embeddable":true,"href":"https:\/\/revolutionpadelstore.com\/fr\/wp-json\/wp\/v2\/product_cat?post=265726"},{"taxonomy":"product_tag","embeddable":true,"href":"https:\/\/revolutionpadelstore.com\/fr\/wp-json\/wp\/v2\/product_tag?post=265726"}],"curies":[{"name":"wp","href":"https:\/\/api.w.org\/{rel}","templated":true}]}}