{"id":265596,"date":"2025-08-11T13:51:26","date_gmt":"2025-08-11T11:51:26","guid":{"rendered":"https:\/\/revolutionpadelstore.com\/?post_type=product&#038;p=265596"},"modified":"2026-04-10T14:04:50","modified_gmt":"2026-04-10T12:04:50","slug":"wilson-hurakn-pro-v2-negro-3","status":"publish","type":"product","link":"https:\/\/revolutionpadelstore.com\/fr\/produit\/wilson-hurakn-pro-v2-negro-3\/","title":{"rendered":"WILSON HURAKN PRO V2 NEGRO"},"content":{"rendered":"<h2>Wilson Hurakn Pro V2 Black \u2013 Vitesse, confort et durabilit\u00e9 sur piste<\/h2>\n<p>Les <strong>chaussures de padel Wilson Hurakn Pro V2 Black pour hommes<\/strong> allient <strong>performances maximales<\/strong>, <strong>respirabilit\u00e9 avanc\u00e9e<\/strong> et amorti r\u00e9actif, le tout dans une approche durable gr\u00e2ce \u00e0 leur fabrication avec 20% de mat\u00e9riaux recycl\u00e9s. Con\u00e7u pour les joueurs exigeants recherchant vitesse, stabilit\u00e9 et confort lors de matchs intenses.<\/p>\n<h2>Performances optimis\u00e9es pour le padel<\/h2>\n<p><strong>-Semelle ext\u00e9rieure Duralast Optimum Grip<\/strong> : Caoutchouc haute r\u00e9sistance avec une traction am\u00e9lior\u00e9e pour des virages rapides et des pivots s\u00e9curis\u00e9s.<\/p>\n<p><strong>-Semelle interm\u00e9diaire Fused 8 Foam<\/strong> : EVA avec plastique recycl\u00e9 qui offre l\u00e9g\u00e8ret\u00e9 et r\u00e9ponse explosive \u00e0 chaque pas.<\/p>\n<p><strong>-Pro Torque Chassis Light<\/strong> : ch\u00e2ssis biom\u00e9canique qui offre stabilit\u00e9 et soutien sans sacrifier l&#8217;agilit\u00e9.<\/p>\n<p><strong>-Endofit Technology<\/strong> : ajustement semblable \u00e0 une chaussette pour un maintien enveloppant et naturel.<\/p>\n<h2>Confort et durabilit\u00e9 en tout point<\/h2>\n<p>-Semelle int\u00e9rieure <strong>OrthoLite EVA<\/strong> moul\u00e9e haute densit\u00e9 pour un amorti prolong\u00e9.<\/p>\n<p><strong>-9 mm DF2 talon-pointe<\/strong> pour un \u00e9quilibre parfait entre confort et performance.<\/p>\n<p>-Construction l\u00e9g\u00e8re qui favorise la fra\u00eecheur et la libert\u00e9 de mouvement.<\/p>\n<h2>\u00c0 qui sont-ils destin\u00e9s ?<\/h2>\n<p>Parfait pour les <strong>joueurs agiles et comp\u00e9titifs<\/strong> qui privil\u00e9gient la vitesse dans les mouvements, la stabilit\u00e9 dans les changements de direction et le confort tout au long du match.<\/p>\n<p><strong>Avec le Wilson Hurakn Pro V2 Noir vous am\u00e9liorerez non seulement vos performances sur le terrain, mais vous profiterez d&#8217;une sensation unique de fra\u00eecheur, de maintien et de l\u00e9g\u00e8ret\u00e9 jusqu&#8217;au dernier point.<\/strong><\/p>\n<p><strong>Disponible dans notre boutique en ligne <a href=\"https:\/\/www.revolutionpadelstore.com\/\">www.revolutionpadelstore.com<\/a>, probablement au meilleur prix du march\u00e9.<\/strong><\/p>\n","protected":false},"excerpt":{"rendered":"<p>Wilson Hurakn Pro V2 Noir : chaussures de padel r\u00e9sistantes, l\u00e9g\u00e8res et performantes. Il int\u00e8gre une semelle con\u00e7ue pour faciliter les virages agiles, un ajustement de type chaussette et une fabrication avec des mat\u00e9riaux recycl\u00e9s.<\/p>\n","protected":false},"featured_media":265644,"comment_status":"open","ping_status":"closed","template":"","meta":{"_acf_changed":false,"_joinchat":[]},"acabado":[],"balance":[],"dureza":[],"forma":[],"jugador":[],"marca":[1267],"nivel-de-juego":[],"superficie":[],"tipo-de-juego":[],"product_brand":[],"product_cat":[830],"product_tag":[],"class_list":{"0":"post-265596","1":"product","2":"type-product","3":"status-publish","4":"has-post-thumbnail","6":"marca-wilson-fr","7":"product_cat-baskets","9":"first","10":"outofstock","11":"sale","12":"taxable","13":"shipping-taxable","14":"purchasable","15":"product-type-variable"},"acf":[],"yoast_head":"<!-- This site is optimized with the Yoast SEO plugin v27.4 - https:\/\/yoast.com\/product\/yoast-seo-wordpress\/ -->\n<title>WILSON HURAKN PRO V2 NEGRO - Revolution Padel Store<\/title>\n<meta name=\"description\" content=\"Compra las Wilson Hurakn Pro V2 Negro para p\u00e1del en Revolution Padel Store. Zapatillas ligeras, estables y sostenibles con suela Duralast y ajuste Endofit. \u00a1Rinde al m\u00e1ximo en cada partido!\" \/>\n<meta name=\"robots\" content=\"index, follow, max-snippet:-1, max-image-preview:large, max-video-preview:-1\" \/>\n<link rel=\"canonical\" href=\"https:\/\/revolutionpadelstore.com\/fr\/produit\/wilson-hurakn-pro-v2-negro-3\/\" \/>\n<meta property=\"og:locale\" content=\"fr_FR\" \/>\n<meta property=\"og:type\" content=\"article\" \/>\n<meta property=\"og:title\" content=\"WILSON HURAKN PRO V2 NEGRO - Revolution Padel Store\" \/>\n<meta property=\"og:description\" content=\"Compra las Wilson Hurakn Pro V2 Negro para p\u00e1del en Revolution Padel Store. Zapatillas ligeras, estables y sostenibles con suela Duralast y ajuste Endofit. \u00a1Rinde al m\u00e1ximo en cada partido!\" \/>\n<meta property=\"og:url\" content=\"https:\/\/revolutionpadelstore.com\/fr\/produit\/wilson-hurakn-pro-v2-negro-3\/\" \/>\n<meta property=\"og:site_name\" content=\"Revolution Padel Store\" \/>\n<meta property=\"article:modified_time\" content=\"2026-04-10T12:04:50+00:00\" \/>\n<meta property=\"og:image\" content=\"https:\/\/revolutionpadelstore.com\/wp-content\/uploads\/2025\/08\/119445-zapatillas-wilson-hurakn-pro-v2-wrs335730-1500x1500-1.webp\" \/>\n\t<meta property=\"og:image:width\" content=\"1500\" \/>\n\t<meta property=\"og:image:height\" content=\"1500\" \/>\n\t<meta property=\"og:image:type\" content=\"image\/webp\" \/>\n<meta name=\"twitter:card\" content=\"summary_large_image\" \/>\n<meta name=\"twitter:label1\" content=\"Dur\u00e9e de lecture estim\u00e9e\" \/>\n\t<meta name=\"twitter:data1\" content=\"1 minute\" \/>\n<script type=\"application\/ld+json\" class=\"yoast-schema-graph\">{\"@context\":\"https:\\\/\\\/schema.org\",\"@graph\":[{\"@type\":\"WebPage\",\"@id\":\"https:\\\/\\\/revolutionpadelstore.com\\\/fr\\\/produit\\\/wilson-hurakn-pro-v2-negro-3\\\/\",\"url\":\"https:\\\/\\\/revolutionpadelstore.com\\\/fr\\\/produit\\\/wilson-hurakn-pro-v2-negro-3\\\/\",\"name\":\"WILSON HURAKN PRO V2 NEGRO - Revolution Padel Store\",\"isPartOf\":{\"@id\":\"https:\\\/\\\/revolutionpadelstore.com\\\/fr\\\/#website\"},\"primaryImageOfPage\":{\"@id\":\"https:\\\/\\\/revolutionpadelstore.com\\\/fr\\\/produit\\\/wilson-hurakn-pro-v2-negro-3\\\/#primaryimage\"},\"image\":{\"@id\":\"https:\\\/\\\/revolutionpadelstore.com\\\/fr\\\/produit\\\/wilson-hurakn-pro-v2-negro-3\\\/#primaryimage\"},\"thumbnailUrl\":\"https:\\\/\\\/revolutionpadelstore.com\\\/wp-content\\\/uploads\\\/2025\\\/08\\\/119445-zapatillas-wilson-hurakn-pro-v2-wrs335730-1500x1500-1.webp\",\"datePublished\":\"2025-08-11T11:51:26+00:00\",\"dateModified\":\"2026-04-10T12:04:50+00:00\",\"description\":\"Compra las Wilson Hurakn Pro V2 Negro para p\u00e1del en Revolution Padel Store. Zapatillas ligeras, estables y sostenibles con suela Duralast y ajuste Endofit. \u00a1Rinde al m\u00e1ximo en cada partido!\",\"breadcrumb\":{\"@id\":\"https:\\\/\\\/revolutionpadelstore.com\\\/fr\\\/produit\\\/wilson-hurakn-pro-v2-negro-3\\\/#breadcrumb\"},\"inLanguage\":\"fr-FR\",\"potentialAction\":[{\"@type\":\"ReadAction\",\"target\":[\"https:\\\/\\\/revolutionpadelstore.com\\\/fr\\\/produit\\\/wilson-hurakn-pro-v2-negro-3\\\/\"]}]},{\"@type\":\"ImageObject\",\"inLanguage\":\"fr-FR\",\"@id\":\"https:\\\/\\\/revolutionpadelstore.com\\\/fr\\\/produit\\\/wilson-hurakn-pro-v2-negro-3\\\/#primaryimage\",\"url\":\"https:\\\/\\\/revolutionpadelstore.com\\\/wp-content\\\/uploads\\\/2025\\\/08\\\/119445-zapatillas-wilson-hurakn-pro-v2-wrs335730-1500x1500-1.webp\",\"contentUrl\":\"https:\\\/\\\/revolutionpadelstore.com\\\/wp-content\\\/uploads\\\/2025\\\/08\\\/119445-zapatillas-wilson-hurakn-pro-v2-wrs335730-1500x1500-1.webp\",\"width\":1500,\"height\":1500},{\"@type\":\"BreadcrumbList\",\"@id\":\"https:\\\/\\\/revolutionpadelstore.com\\\/fr\\\/produit\\\/wilson-hurakn-pro-v2-negro-3\\\/#breadcrumb\",\"itemListElement\":[{\"@type\":\"ListItem\",\"position\":1,\"name\":\"Portada\",\"item\":\"https:\\\/\\\/revolutionpadelstore.com\\\/fr\\\/\"},{\"@type\":\"ListItem\",\"position\":2,\"name\":\"Boutique\",\"item\":\"https:\\\/\\\/revolutionpadelstore.com\\\/fr\\\/tienda\\\/\"},{\"@type\":\"ListItem\",\"position\":3,\"name\":\"WILSON HURAKN PRO V2 NEGRO\"}]},{\"@type\":\"WebSite\",\"@id\":\"https:\\\/\\\/revolutionpadelstore.com\\\/fr\\\/#website\",\"url\":\"https:\\\/\\\/revolutionpadelstore.com\\\/fr\\\/\",\"name\":\"Revolution Padel Store\",\"description\":\"\",\"publisher\":{\"@id\":\"https:\\\/\\\/revolutionpadelstore.com\\\/fr\\\/#organization\"},\"potentialAction\":[{\"@type\":\"SearchAction\",\"target\":{\"@type\":\"EntryPoint\",\"urlTemplate\":\"https:\\\/\\\/revolutionpadelstore.com\\\/fr\\\/?s={search_term_string}\"},\"query-input\":{\"@type\":\"PropertyValueSpecification\",\"valueRequired\":true,\"valueName\":\"search_term_string\"}}],\"inLanguage\":\"fr-FR\"},{\"@type\":\"Organization\",\"@id\":\"https:\\\/\\\/revolutionpadelstore.com\\\/fr\\\/#organization\",\"name\":\"Revolution Padel Store\",\"url\":\"https:\\\/\\\/revolutionpadelstore.com\\\/fr\\\/\",\"logo\":{\"@type\":\"ImageObject\",\"inLanguage\":\"fr-FR\",\"@id\":\"https:\\\/\\\/revolutionpadelstore.com\\\/fr\\\/#\\\/schema\\\/logo\\\/image\\\/\",\"url\":\"https:\\\/\\\/revolutionpadelstore.com\\\/wp-content\\\/uploads\\\/2026\\\/02\\\/revolution-padel-store.jpg\",\"contentUrl\":\"https:\\\/\\\/revolutionpadelstore.com\\\/wp-content\\\/uploads\\\/2026\\\/02\\\/revolution-padel-store.jpg\",\"width\":2000,\"height\":2000,\"caption\":\"Revolution Padel Store\"},\"image\":{\"@id\":\"https:\\\/\\\/revolutionpadelstore.com\\\/fr\\\/#\\\/schema\\\/logo\\\/image\\\/\"},\"sameAs\":[\"https:\\\/\\\/www.instagram.com\\\/revolutionpadelstore\\\/\"]}]}<\/script>\n<!-- \/ Yoast SEO plugin. -->","yoast_head_json":{"title":"WILSON HURAKN PRO V2 NEGRO - Revolution Padel Store","description":"Compra las Wilson Hurakn Pro V2 Negro para p\u00e1del en Revolution Padel Store. Zapatillas ligeras, estables y sostenibles con suela Duralast y ajuste Endofit. \u00a1Rinde al m\u00e1ximo en cada partido!","robots":{"index":"index","follow":"follow","max-snippet":"max-snippet:-1","max-image-preview":"max-image-preview:large","max-video-preview":"max-video-preview:-1"},"canonical":"https:\/\/revolutionpadelstore.com\/fr\/produit\/wilson-hurakn-pro-v2-negro-3\/","og_locale":"fr_FR","og_type":"article","og_title":"WILSON HURAKN PRO V2 NEGRO - Revolution Padel Store","og_description":"Compra las Wilson Hurakn Pro V2 Negro para p\u00e1del en Revolution Padel Store. Zapatillas ligeras, estables y sostenibles con suela Duralast y ajuste Endofit. \u00a1Rinde al m\u00e1ximo en cada partido!","og_url":"https:\/\/revolutionpadelstore.com\/fr\/produit\/wilson-hurakn-pro-v2-negro-3\/","og_site_name":"Revolution Padel Store","article_modified_time":"2026-04-10T12:04:50+00:00","og_image":[{"width":1500,"height":1500,"url":"https:\/\/revolutionpadelstore.com\/wp-content\/uploads\/2025\/08\/119445-zapatillas-wilson-hurakn-pro-v2-wrs335730-1500x1500-1.webp","type":"image\/webp"}],"twitter_card":"summary_large_image","twitter_misc":{"Dur\u00e9e de lecture estim\u00e9e":"1 minute"},"schema":{"@context":"https:\/\/schema.org","@graph":[{"@type":"WebPage","@id":"https:\/\/revolutionpadelstore.com\/fr\/produit\/wilson-hurakn-pro-v2-negro-3\/","url":"https:\/\/revolutionpadelstore.com\/fr\/produit\/wilson-hurakn-pro-v2-negro-3\/","name":"WILSON HURAKN PRO V2 NEGRO - Revolution Padel Store","isPartOf":{"@id":"https:\/\/revolutionpadelstore.com\/fr\/#website"},"primaryImageOfPage":{"@id":"https:\/\/revolutionpadelstore.com\/fr\/produit\/wilson-hurakn-pro-v2-negro-3\/#primaryimage"},"image":{"@id":"https:\/\/revolutionpadelstore.com\/fr\/produit\/wilson-hurakn-pro-v2-negro-3\/#primaryimage"},"thumbnailUrl":"https:\/\/revolutionpadelstore.com\/wp-content\/uploads\/2025\/08\/119445-zapatillas-wilson-hurakn-pro-v2-wrs335730-1500x1500-1.webp","datePublished":"2025-08-11T11:51:26+00:00","dateModified":"2026-04-10T12:04:50+00:00","description":"Compra las Wilson Hurakn Pro V2 Negro para p\u00e1del en Revolution Padel Store. Zapatillas ligeras, estables y sostenibles con suela Duralast y ajuste Endofit. \u00a1Rinde al m\u00e1ximo en cada partido!","breadcrumb":{"@id":"https:\/\/revolutionpadelstore.com\/fr\/produit\/wilson-hurakn-pro-v2-negro-3\/#breadcrumb"},"inLanguage":"fr-FR","potentialAction":[{"@type":"ReadAction","target":["https:\/\/revolutionpadelstore.com\/fr\/produit\/wilson-hurakn-pro-v2-negro-3\/"]}]},{"@type":"ImageObject","inLanguage":"fr-FR","@id":"https:\/\/revolutionpadelstore.com\/fr\/produit\/wilson-hurakn-pro-v2-negro-3\/#primaryimage","url":"https:\/\/revolutionpadelstore.com\/wp-content\/uploads\/2025\/08\/119445-zapatillas-wilson-hurakn-pro-v2-wrs335730-1500x1500-1.webp","contentUrl":"https:\/\/revolutionpadelstore.com\/wp-content\/uploads\/2025\/08\/119445-zapatillas-wilson-hurakn-pro-v2-wrs335730-1500x1500-1.webp","width":1500,"height":1500},{"@type":"BreadcrumbList","@id":"https:\/\/revolutionpadelstore.com\/fr\/produit\/wilson-hurakn-pro-v2-negro-3\/#breadcrumb","itemListElement":[{"@type":"ListItem","position":1,"name":"Portada","item":"https:\/\/revolutionpadelstore.com\/fr\/"},{"@type":"ListItem","position":2,"name":"Boutique","item":"https:\/\/revolutionpadelstore.com\/fr\/tienda\/"},{"@type":"ListItem","position":3,"name":"WILSON HURAKN PRO V2 NEGRO"}]},{"@type":"WebSite","@id":"https:\/\/revolutionpadelstore.com\/fr\/#website","url":"https:\/\/revolutionpadelstore.com\/fr\/","name":"Revolution Padel Store","description":"","publisher":{"@id":"https:\/\/revolutionpadelstore.com\/fr\/#organization"},"potentialAction":[{"@type":"SearchAction","target":{"@type":"EntryPoint","urlTemplate":"https:\/\/revolutionpadelstore.com\/fr\/?s={search_term_string}"},"query-input":{"@type":"PropertyValueSpecification","valueRequired":true,"valueName":"search_term_string"}}],"inLanguage":"fr-FR"},{"@type":"Organization","@id":"https:\/\/revolutionpadelstore.com\/fr\/#organization","name":"Revolution Padel Store","url":"https:\/\/revolutionpadelstore.com\/fr\/","logo":{"@type":"ImageObject","inLanguage":"fr-FR","@id":"https:\/\/revolutionpadelstore.com\/fr\/#\/schema\/logo\/image\/","url":"https:\/\/revolutionpadelstore.com\/wp-content\/uploads\/2026\/02\/revolution-padel-store.jpg","contentUrl":"https:\/\/revolutionpadelstore.com\/wp-content\/uploads\/2026\/02\/revolution-padel-store.jpg","width":2000,"height":2000,"caption":"Revolution Padel Store"},"image":{"@id":"https:\/\/revolutionpadelstore.com\/fr\/#\/schema\/logo\/image\/"},"sameAs":["https:\/\/www.instagram.com\/revolutionpadelstore\/"]}]}},"_links":{"self":[{"href":"https:\/\/revolutionpadelstore.com\/fr\/wp-json\/wp\/v2\/product\/265596","targetHints":{"allow":["GET"]}}],"collection":[{"href":"https:\/\/revolutionpadelstore.com\/fr\/wp-json\/wp\/v2\/product"}],"about":[{"href":"https:\/\/revolutionpadelstore.com\/fr\/wp-json\/wp\/v2\/types\/product"}],"replies":[{"embeddable":true,"href":"https:\/\/revolutionpadelstore.com\/fr\/wp-json\/wp\/v2\/comments?post=265596"}],"wp:featuredmedia":[{"embeddable":true,"href":"https:\/\/revolutionpadelstore.com\/fr\/wp-json\/wp\/v2\/media\/265644"}],"wp:attachment":[{"href":"https:\/\/revolutionpadelstore.com\/fr\/wp-json\/wp\/v2\/media?parent=265596"}],"wp:term":[{"taxonomy":"acabado","embeddable":true,"href":"https:\/\/revolutionpadelstore.com\/fr\/wp-json\/wp\/v2\/acabado?post=265596"},{"taxonomy":"balance","embeddable":true,"href":"https:\/\/revolutionpadelstore.com\/fr\/wp-json\/wp\/v2\/balance?post=265596"},{"taxonomy":"dureza","embeddable":true,"href":"https:\/\/revolutionpadelstore.com\/fr\/wp-json\/wp\/v2\/dureza?post=265596"},{"taxonomy":"forma","embeddable":true,"href":"https:\/\/revolutionpadelstore.com\/fr\/wp-json\/wp\/v2\/forma?post=265596"},{"taxonomy":"jugador","embeddable":true,"href":"https:\/\/revolutionpadelstore.com\/fr\/wp-json\/wp\/v2\/jugador?post=265596"},{"taxonomy":"marca","embeddable":true,"href":"https:\/\/revolutionpadelstore.com\/fr\/wp-json\/wp\/v2\/marca?post=265596"},{"taxonomy":"nivel-de-juego","embeddable":true,"href":"https:\/\/revolutionpadelstore.com\/fr\/wp-json\/wp\/v2\/nivel-de-juego?post=265596"},{"taxonomy":"superficie","embeddable":true,"href":"https:\/\/revolutionpadelstore.com\/fr\/wp-json\/wp\/v2\/superficie?post=265596"},{"taxonomy":"tipo-de-juego","embeddable":true,"href":"https:\/\/revolutionpadelstore.com\/fr\/wp-json\/wp\/v2\/tipo-de-juego?post=265596"},{"taxonomy":"product_brand","embeddable":true,"href":"https:\/\/revolutionpadelstore.com\/fr\/wp-json\/wp\/v2\/product_brand?post=265596"},{"taxonomy":"product_cat","embeddable":true,"href":"https:\/\/revolutionpadelstore.com\/fr\/wp-json\/wp\/v2\/product_cat?post=265596"},{"taxonomy":"product_tag","embeddable":true,"href":"https:\/\/revolutionpadelstore.com\/fr\/wp-json\/wp\/v2\/product_tag?post=265596"}],"curies":[{"name":"wp","href":"https:\/\/api.w.org\/{rel}","templated":true}]}}