{"id":265459,"date":"2025-08-11T13:02:20","date_gmt":"2025-08-11T11:02:20","guid":{"rendered":"https:\/\/revolutionpadelstore.com\/?post_type=product&#038;p=265459"},"modified":"2026-04-17T02:02:18","modified_gmt":"2026-04-17T00:02:18","slug":"wilson-bela-tour-negro-2025-3","status":"publish","type":"product","link":"https:\/\/revolutionpadelstore.com\/fr\/produit\/wilson-bela-tour-negro-2025-3\/","title":{"rendered":"WILSON BELA TOUR NEGRO 2025"},"content":{"rendered":"<h2>Wilson Bela Tour Black 2025 \u2013 Stabilit\u00e9, adh\u00e9rence et confort maximum pour les joueurs exigeants<\/h2>\n<p>Les <strong>chaussures de padel Wilson Bela Tour Black 2025<\/strong> allient innovation, design et performance pour faire passer votre jeu au niveau sup\u00e9rieur. Inspir\u00e9s par le l\u00e9gendaire <strong>Fernando Belastegu\u00edn<\/strong>, ils ont \u00e9t\u00e9 cr\u00e9\u00e9s pour offrir un <strong>\u00e9quilibre parfait entre stabilit\u00e9, confort et durabilit\u00e9<\/strong>, garantissant un contr\u00f4le absolu \u00e0 chaque instant.<\/p>\n<p>Sa semelle 360\u00b0 sp\u00e9cifique au padel offre une adh\u00e9rence exceptionnelle dans toutes les directions, facilitant les virages rapides, les mouvements explosifs et les changements de rythme sans perte de traction. Fabriqu\u00e9es avec des <strong>mat\u00e9riaux de haute qualit\u00e9<\/strong>, elles combinent une structure l\u00e9g\u00e8re avec un ajustement ferme, s&#8217;adaptant \u00e0 votre pied comme un gant pour am\u00e9liorer vos performances sur tous types de terrains.<\/p>\n<h2>Technologies et fonctionnalit\u00e9s phares<\/h2>\n<p><strong>-Endofit<\/strong> : ajustement semblable \u00e0 une chaussette qui am\u00e9liore la stabilit\u00e9 et le maintien.<\/p>\n<p><strong>-Sensifeel 2.0<\/strong> : tige respirante pour un confort prolong\u00e9.<\/p>\n<p><strong>Semelle de padel -360\u00b0<\/strong> : traction maximale et adh\u00e9rence multidirectionnelle.<\/p>\n<p><strong>-Duralast<\/strong> : compos\u00e9 haute densit\u00e9 r\u00e9sistant \u00e0 l&#8217;abrasion pour une plus grande durabilit\u00e9.<\/p>\n<p><strong>-Optimum Grip by Bela<\/strong> : conception exclusive pour optimiser les virages et les mouvements explosifs.<\/p>\n<p><strong>-Semelle int\u00e9rieure amovible<\/strong> : facile \u00e0 nettoyer et adaptable \u00e0 vos besoins.<\/p>\n<h2>Avantages pour votre jeu<\/h2>\n<p>-Une plus grande <strong>s\u00e9curit\u00e9 dans chaque mouvement<\/strong> gr\u00e2ce \u00e0 sa conception ergonomique et \u00e0 son syst\u00e8me d&#8217;amorti qui r\u00e9duit les impacts.<\/p>\n<p><strong>-Performances d&#8217;\u00e9lite<\/strong> pour les joueurs avanc\u00e9s \u00e0 la recherche de puissance et de contr\u00f4le.<\/p>\n<p>-Inspir\u00e9 et approuv\u00e9 par <strong>l&#8217;un des meilleurs joueurs de l&#8217;histoire du padel<\/strong>.<\/p>\n<p><strong>Les Wilson Bela Tour Black 2025<\/strong> sont le choix parfait si vous recherchez des <strong>chaussures de padel pour hommes qui allient adh\u00e9rence, stabilit\u00e9 et confort<\/strong>, vous permettant de jouer en toute confiance sur chaque point et d&#8217;amener votre jeu au plus haut niveau.<\/p>\n<p>Disponible sur <strong><a href=\"http:\/\/www.revolutionpadelstore.com\/\">www.revolutionpadelstore.com<\/a><\/strong>, probablement au <strong>meilleur prix du march\u00e9<\/strong>.<\/p>\n<h2>Wilson Bela Tour Negro 2025 \u2013 M\u00e1xima estabilidad, agarre y confort para jugadores exigentes<\/h2>\n","protected":false},"excerpt":{"rendered":"<p>Chaussures officielles Wilson Bela Tour Black 2025, con\u00e7ues en collaboration avec Fernando Belastegu\u00edn, avec une semelle Duralast 360\u00ba sp\u00e9ciale pour le padel et \u00e9quip\u00e9es de technologies avanc\u00e9es telles que Sensifeel 2.0 et Endofit.<\/p>\n","protected":false},"featured_media":265499,"comment_status":"open","ping_status":"closed","template":"","meta":{"_acf_changed":false,"_joinchat":[]},"acabado":[],"balance":[],"dureza":[],"forma":[],"jugador":[],"marca":[1267],"nivel-de-juego":[],"superficie":[],"tipo-de-juego":[],"product_brand":[],"product_cat":[830],"product_tag":[],"class_list":{"0":"post-265459","1":"product","2":"type-product","3":"status-publish","4":"has-post-thumbnail","6":"marca-wilson-fr","7":"product_cat-baskets","9":"first","10":"outofstock","11":"sale","12":"taxable","13":"shipping-taxable","14":"purchasable","15":"product-type-variable"},"acf":[],"yoast_head":"<!-- This site is optimized with the Yoast SEO plugin v27.4 - https:\/\/yoast.com\/product\/yoast-seo-wordpress\/ -->\n<title>WILSON BELA TOUR NEGRO 2025 - Revolution Padel Store<\/title>\n<meta name=\"description\" content=\"Descubre las zapatillas de p\u00e1del Wilson Bela Tour Negro 2025 para hombre, con suela 360\u00b0 y tecnolog\u00edas de alto rendimiento. M\u00e1xima estabilidad, agarre y confort para jugadores exigentes. \u00a1C\u00f3mpralas en Revolution Padel Store al mejor precio!\" \/>\n<meta name=\"robots\" content=\"index, follow, max-snippet:-1, max-image-preview:large, max-video-preview:-1\" \/>\n<link rel=\"canonical\" href=\"https:\/\/revolutionpadelstore.com\/fr\/produit\/wilson-bela-tour-negro-2025-3\/\" \/>\n<meta property=\"og:locale\" content=\"fr_FR\" \/>\n<meta property=\"og:type\" content=\"article\" \/>\n<meta property=\"og:title\" content=\"WILSON BELA TOUR NEGRO 2025 - Revolution Padel Store\" \/>\n<meta property=\"og:description\" content=\"Descubre las zapatillas de p\u00e1del Wilson Bela Tour Negro 2025 para hombre, con suela 360\u00b0 y tecnolog\u00edas de alto rendimiento. M\u00e1xima estabilidad, agarre y confort para jugadores exigentes. \u00a1C\u00f3mpralas en Revolution Padel Store al mejor precio!\" \/>\n<meta property=\"og:url\" content=\"https:\/\/revolutionpadelstore.com\/fr\/produit\/wilson-bela-tour-negro-2025-3\/\" \/>\n<meta property=\"og:site_name\" content=\"Revolution Padel Store\" \/>\n<meta property=\"article:modified_time\" content=\"2026-04-17T00:02:18+00:00\" \/>\n<meta property=\"og:image\" content=\"https:\/\/revolutionpadelstore.com\/wp-content\/uploads\/2025\/08\/116032-zapatillas-wilson-bela-tour-wrs335330-1000x1000-2.webp\" \/>\n\t<meta property=\"og:image:width\" content=\"1000\" \/>\n\t<meta property=\"og:image:height\" content=\"1000\" \/>\n\t<meta property=\"og:image:type\" content=\"image\/webp\" \/>\n<meta name=\"twitter:card\" content=\"summary_large_image\" \/>\n<meta name=\"twitter:label1\" content=\"Dur\u00e9e de lecture estim\u00e9e\" \/>\n\t<meta name=\"twitter:data1\" content=\"2 minutes\" \/>\n<script type=\"application\/ld+json\" class=\"yoast-schema-graph\">{\"@context\":\"https:\\\/\\\/schema.org\",\"@graph\":[{\"@type\":\"WebPage\",\"@id\":\"https:\\\/\\\/revolutionpadelstore.com\\\/fr\\\/produit\\\/wilson-bela-tour-negro-2025-3\\\/\",\"url\":\"https:\\\/\\\/revolutionpadelstore.com\\\/fr\\\/produit\\\/wilson-bela-tour-negro-2025-3\\\/\",\"name\":\"WILSON BELA TOUR NEGRO 2025 - Revolution Padel Store\",\"isPartOf\":{\"@id\":\"https:\\\/\\\/revolutionpadelstore.com\\\/fr\\\/#website\"},\"primaryImageOfPage\":{\"@id\":\"https:\\\/\\\/revolutionpadelstore.com\\\/fr\\\/produit\\\/wilson-bela-tour-negro-2025-3\\\/#primaryimage\"},\"image\":{\"@id\":\"https:\\\/\\\/revolutionpadelstore.com\\\/fr\\\/produit\\\/wilson-bela-tour-negro-2025-3\\\/#primaryimage\"},\"thumbnailUrl\":\"https:\\\/\\\/revolutionpadelstore.com\\\/wp-content\\\/uploads\\\/2025\\\/08\\\/116032-zapatillas-wilson-bela-tour-wrs335330-1000x1000-2.webp\",\"datePublished\":\"2025-08-11T11:02:20+00:00\",\"dateModified\":\"2026-04-17T00:02:18+00:00\",\"description\":\"Descubre las zapatillas de p\u00e1del Wilson Bela Tour Negro 2025 para hombre, con suela 360\u00b0 y tecnolog\u00edas de alto rendimiento. M\u00e1xima estabilidad, agarre y confort para jugadores exigentes. \u00a1C\u00f3mpralas en Revolution Padel Store al mejor precio!\",\"breadcrumb\":{\"@id\":\"https:\\\/\\\/revolutionpadelstore.com\\\/fr\\\/produit\\\/wilson-bela-tour-negro-2025-3\\\/#breadcrumb\"},\"inLanguage\":\"fr-FR\",\"potentialAction\":[{\"@type\":\"ReadAction\",\"target\":[\"https:\\\/\\\/revolutionpadelstore.com\\\/fr\\\/produit\\\/wilson-bela-tour-negro-2025-3\\\/\"]}]},{\"@type\":\"ImageObject\",\"inLanguage\":\"fr-FR\",\"@id\":\"https:\\\/\\\/revolutionpadelstore.com\\\/fr\\\/produit\\\/wilson-bela-tour-negro-2025-3\\\/#primaryimage\",\"url\":\"https:\\\/\\\/revolutionpadelstore.com\\\/wp-content\\\/uploads\\\/2025\\\/08\\\/116032-zapatillas-wilson-bela-tour-wrs335330-1000x1000-2.webp\",\"contentUrl\":\"https:\\\/\\\/revolutionpadelstore.com\\\/wp-content\\\/uploads\\\/2025\\\/08\\\/116032-zapatillas-wilson-bela-tour-wrs335330-1000x1000-2.webp\",\"width\":1000,\"height\":1000},{\"@type\":\"BreadcrumbList\",\"@id\":\"https:\\\/\\\/revolutionpadelstore.com\\\/fr\\\/produit\\\/wilson-bela-tour-negro-2025-3\\\/#breadcrumb\",\"itemListElement\":[{\"@type\":\"ListItem\",\"position\":1,\"name\":\"Portada\",\"item\":\"https:\\\/\\\/revolutionpadelstore.com\\\/fr\\\/\"},{\"@type\":\"ListItem\",\"position\":2,\"name\":\"Boutique\",\"item\":\"https:\\\/\\\/revolutionpadelstore.com\\\/fr\\\/tienda\\\/\"},{\"@type\":\"ListItem\",\"position\":3,\"name\":\"WILSON BELA TOUR NEGRO 2025\"}]},{\"@type\":\"WebSite\",\"@id\":\"https:\\\/\\\/revolutionpadelstore.com\\\/fr\\\/#website\",\"url\":\"https:\\\/\\\/revolutionpadelstore.com\\\/fr\\\/\",\"name\":\"Revolution Padel Store\",\"description\":\"\",\"publisher\":{\"@id\":\"https:\\\/\\\/revolutionpadelstore.com\\\/fr\\\/#organization\"},\"potentialAction\":[{\"@type\":\"SearchAction\",\"target\":{\"@type\":\"EntryPoint\",\"urlTemplate\":\"https:\\\/\\\/revolutionpadelstore.com\\\/fr\\\/?s={search_term_string}\"},\"query-input\":{\"@type\":\"PropertyValueSpecification\",\"valueRequired\":true,\"valueName\":\"search_term_string\"}}],\"inLanguage\":\"fr-FR\"},{\"@type\":\"Organization\",\"@id\":\"https:\\\/\\\/revolutionpadelstore.com\\\/fr\\\/#organization\",\"name\":\"Revolution Padel Store\",\"url\":\"https:\\\/\\\/revolutionpadelstore.com\\\/fr\\\/\",\"logo\":{\"@type\":\"ImageObject\",\"inLanguage\":\"fr-FR\",\"@id\":\"https:\\\/\\\/revolutionpadelstore.com\\\/fr\\\/#\\\/schema\\\/logo\\\/image\\\/\",\"url\":\"https:\\\/\\\/revolutionpadelstore.com\\\/wp-content\\\/uploads\\\/2026\\\/02\\\/revolution-padel-store.jpg\",\"contentUrl\":\"https:\\\/\\\/revolutionpadelstore.com\\\/wp-content\\\/uploads\\\/2026\\\/02\\\/revolution-padel-store.jpg\",\"width\":2000,\"height\":2000,\"caption\":\"Revolution Padel Store\"},\"image\":{\"@id\":\"https:\\\/\\\/revolutionpadelstore.com\\\/fr\\\/#\\\/schema\\\/logo\\\/image\\\/\"},\"sameAs\":[\"https:\\\/\\\/www.instagram.com\\\/revolutionpadelstore\\\/\"]}]}<\/script>\n<!-- \/ Yoast SEO plugin. -->","yoast_head_json":{"title":"WILSON BELA TOUR NEGRO 2025 - Revolution Padel Store","description":"Descubre las zapatillas de p\u00e1del Wilson Bela Tour Negro 2025 para hombre, con suela 360\u00b0 y tecnolog\u00edas de alto rendimiento. M\u00e1xima estabilidad, agarre y confort para jugadores exigentes. \u00a1C\u00f3mpralas en Revolution Padel Store al mejor precio!","robots":{"index":"index","follow":"follow","max-snippet":"max-snippet:-1","max-image-preview":"max-image-preview:large","max-video-preview":"max-video-preview:-1"},"canonical":"https:\/\/revolutionpadelstore.com\/fr\/produit\/wilson-bela-tour-negro-2025-3\/","og_locale":"fr_FR","og_type":"article","og_title":"WILSON BELA TOUR NEGRO 2025 - Revolution Padel Store","og_description":"Descubre las zapatillas de p\u00e1del Wilson Bela Tour Negro 2025 para hombre, con suela 360\u00b0 y tecnolog\u00edas de alto rendimiento. M\u00e1xima estabilidad, agarre y confort para jugadores exigentes. \u00a1C\u00f3mpralas en Revolution Padel Store al mejor precio!","og_url":"https:\/\/revolutionpadelstore.com\/fr\/produit\/wilson-bela-tour-negro-2025-3\/","og_site_name":"Revolution Padel Store","article_modified_time":"2026-04-17T00:02:18+00:00","og_image":[{"width":1000,"height":1000,"url":"https:\/\/revolutionpadelstore.com\/wp-content\/uploads\/2025\/08\/116032-zapatillas-wilson-bela-tour-wrs335330-1000x1000-2.webp","type":"image\/webp"}],"twitter_card":"summary_large_image","twitter_misc":{"Dur\u00e9e de lecture estim\u00e9e":"2 minutes"},"schema":{"@context":"https:\/\/schema.org","@graph":[{"@type":"WebPage","@id":"https:\/\/revolutionpadelstore.com\/fr\/produit\/wilson-bela-tour-negro-2025-3\/","url":"https:\/\/revolutionpadelstore.com\/fr\/produit\/wilson-bela-tour-negro-2025-3\/","name":"WILSON BELA TOUR NEGRO 2025 - Revolution Padel Store","isPartOf":{"@id":"https:\/\/revolutionpadelstore.com\/fr\/#website"},"primaryImageOfPage":{"@id":"https:\/\/revolutionpadelstore.com\/fr\/produit\/wilson-bela-tour-negro-2025-3\/#primaryimage"},"image":{"@id":"https:\/\/revolutionpadelstore.com\/fr\/produit\/wilson-bela-tour-negro-2025-3\/#primaryimage"},"thumbnailUrl":"https:\/\/revolutionpadelstore.com\/wp-content\/uploads\/2025\/08\/116032-zapatillas-wilson-bela-tour-wrs335330-1000x1000-2.webp","datePublished":"2025-08-11T11:02:20+00:00","dateModified":"2026-04-17T00:02:18+00:00","description":"Descubre las zapatillas de p\u00e1del Wilson Bela Tour Negro 2025 para hombre, con suela 360\u00b0 y tecnolog\u00edas de alto rendimiento. M\u00e1xima estabilidad, agarre y confort para jugadores exigentes. \u00a1C\u00f3mpralas en Revolution Padel Store al mejor precio!","breadcrumb":{"@id":"https:\/\/revolutionpadelstore.com\/fr\/produit\/wilson-bela-tour-negro-2025-3\/#breadcrumb"},"inLanguage":"fr-FR","potentialAction":[{"@type":"ReadAction","target":["https:\/\/revolutionpadelstore.com\/fr\/produit\/wilson-bela-tour-negro-2025-3\/"]}]},{"@type":"ImageObject","inLanguage":"fr-FR","@id":"https:\/\/revolutionpadelstore.com\/fr\/produit\/wilson-bela-tour-negro-2025-3\/#primaryimage","url":"https:\/\/revolutionpadelstore.com\/wp-content\/uploads\/2025\/08\/116032-zapatillas-wilson-bela-tour-wrs335330-1000x1000-2.webp","contentUrl":"https:\/\/revolutionpadelstore.com\/wp-content\/uploads\/2025\/08\/116032-zapatillas-wilson-bela-tour-wrs335330-1000x1000-2.webp","width":1000,"height":1000},{"@type":"BreadcrumbList","@id":"https:\/\/revolutionpadelstore.com\/fr\/produit\/wilson-bela-tour-negro-2025-3\/#breadcrumb","itemListElement":[{"@type":"ListItem","position":1,"name":"Portada","item":"https:\/\/revolutionpadelstore.com\/fr\/"},{"@type":"ListItem","position":2,"name":"Boutique","item":"https:\/\/revolutionpadelstore.com\/fr\/tienda\/"},{"@type":"ListItem","position":3,"name":"WILSON BELA TOUR NEGRO 2025"}]},{"@type":"WebSite","@id":"https:\/\/revolutionpadelstore.com\/fr\/#website","url":"https:\/\/revolutionpadelstore.com\/fr\/","name":"Revolution Padel Store","description":"","publisher":{"@id":"https:\/\/revolutionpadelstore.com\/fr\/#organization"},"potentialAction":[{"@type":"SearchAction","target":{"@type":"EntryPoint","urlTemplate":"https:\/\/revolutionpadelstore.com\/fr\/?s={search_term_string}"},"query-input":{"@type":"PropertyValueSpecification","valueRequired":true,"valueName":"search_term_string"}}],"inLanguage":"fr-FR"},{"@type":"Organization","@id":"https:\/\/revolutionpadelstore.com\/fr\/#organization","name":"Revolution Padel Store","url":"https:\/\/revolutionpadelstore.com\/fr\/","logo":{"@type":"ImageObject","inLanguage":"fr-FR","@id":"https:\/\/revolutionpadelstore.com\/fr\/#\/schema\/logo\/image\/","url":"https:\/\/revolutionpadelstore.com\/wp-content\/uploads\/2026\/02\/revolution-padel-store.jpg","contentUrl":"https:\/\/revolutionpadelstore.com\/wp-content\/uploads\/2026\/02\/revolution-padel-store.jpg","width":2000,"height":2000,"caption":"Revolution Padel Store"},"image":{"@id":"https:\/\/revolutionpadelstore.com\/fr\/#\/schema\/logo\/image\/"},"sameAs":["https:\/\/www.instagram.com\/revolutionpadelstore\/"]}]}},"_links":{"self":[{"href":"https:\/\/revolutionpadelstore.com\/fr\/wp-json\/wp\/v2\/product\/265459","targetHints":{"allow":["GET"]}}],"collection":[{"href":"https:\/\/revolutionpadelstore.com\/fr\/wp-json\/wp\/v2\/product"}],"about":[{"href":"https:\/\/revolutionpadelstore.com\/fr\/wp-json\/wp\/v2\/types\/product"}],"replies":[{"embeddable":true,"href":"https:\/\/revolutionpadelstore.com\/fr\/wp-json\/wp\/v2\/comments?post=265459"}],"wp:featuredmedia":[{"embeddable":true,"href":"https:\/\/revolutionpadelstore.com\/fr\/wp-json\/wp\/v2\/media\/265499"}],"wp:attachment":[{"href":"https:\/\/revolutionpadelstore.com\/fr\/wp-json\/wp\/v2\/media?parent=265459"}],"wp:term":[{"taxonomy":"acabado","embeddable":true,"href":"https:\/\/revolutionpadelstore.com\/fr\/wp-json\/wp\/v2\/acabado?post=265459"},{"taxonomy":"balance","embeddable":true,"href":"https:\/\/revolutionpadelstore.com\/fr\/wp-json\/wp\/v2\/balance?post=265459"},{"taxonomy":"dureza","embeddable":true,"href":"https:\/\/revolutionpadelstore.com\/fr\/wp-json\/wp\/v2\/dureza?post=265459"},{"taxonomy":"forma","embeddable":true,"href":"https:\/\/revolutionpadelstore.com\/fr\/wp-json\/wp\/v2\/forma?post=265459"},{"taxonomy":"jugador","embeddable":true,"href":"https:\/\/revolutionpadelstore.com\/fr\/wp-json\/wp\/v2\/jugador?post=265459"},{"taxonomy":"marca","embeddable":true,"href":"https:\/\/revolutionpadelstore.com\/fr\/wp-json\/wp\/v2\/marca?post=265459"},{"taxonomy":"nivel-de-juego","embeddable":true,"href":"https:\/\/revolutionpadelstore.com\/fr\/wp-json\/wp\/v2\/nivel-de-juego?post=265459"},{"taxonomy":"superficie","embeddable":true,"href":"https:\/\/revolutionpadelstore.com\/fr\/wp-json\/wp\/v2\/superficie?post=265459"},{"taxonomy":"tipo-de-juego","embeddable":true,"href":"https:\/\/revolutionpadelstore.com\/fr\/wp-json\/wp\/v2\/tipo-de-juego?post=265459"},{"taxonomy":"product_brand","embeddable":true,"href":"https:\/\/revolutionpadelstore.com\/fr\/wp-json\/wp\/v2\/product_brand?post=265459"},{"taxonomy":"product_cat","embeddable":true,"href":"https:\/\/revolutionpadelstore.com\/fr\/wp-json\/wp\/v2\/product_cat?post=265459"},{"taxonomy":"product_tag","embeddable":true,"href":"https:\/\/revolutionpadelstore.com\/fr\/wp-json\/wp\/v2\/product_tag?post=265459"}],"curies":[{"name":"wp","href":"https:\/\/api.w.org\/{rel}","templated":true}]}}