{"id":265261,"date":"2025-08-11T10:38:02","date_gmt":"2025-08-11T08:38:02","guid":{"rendered":"https:\/\/revolutionpadelstore.com\/paletero-wilson-2025-padel-tour-rojo\/"},"modified":"2026-04-08T04:35:11","modified_gmt":"2026-04-08T02:35:11","slug":"paletero-wilson-2025-padel-tour-rojo-3","status":"publish","type":"product","link":"https:\/\/revolutionpadelstore.com\/fr\/produit\/paletero-wilson-2025-padel-tour-rojo-3\/","title":{"rendered":"PALETERO WILSON 2025 PADEL TOUR ROJO"},"content":{"rendered":"<h2>Sac \u00e0 pagaie Wilson 2025 Padel Tour Rouge \u2013 Espace, r\u00e9sistance et style professionnel<\/h2>\n<p>Le <strong>Sac de padel Wilson 2025 Padel Tour Rouge<\/strong> est con\u00e7u pour les joueurs de padel qui recherchent <strong>une capacit\u00e9, une organisation et une durabilit\u00e9 maximales<\/strong>. Fabriqu\u00e9 avec des mat\u00e9riaux r\u00e9sistants de haute qualit\u00e9, il prot\u00e8ge vos raquettes et accessoires lors des entra\u00eenements, des voyages et des comp\u00e9titions.<\/p>\n<h2>Principales fonctionnalit\u00e9s<\/h2>\n<p><strong>-Capacit\u00e9 pouvant accueillir jusqu&#8217;\u00e0 4 raquettes ou raquettes<\/strong> dans deux compartiments principaux.<\/p>\n<p>-Espace suppl\u00e9mentaire pour les <strong>v\u00eatements et chaussures<\/strong>, gardant tout votre \u00e9quipement organis\u00e9.<\/p>\n<p><strong>-Deux poches suppl\u00e9mentaires<\/strong> pour accessoires et objets personnels.<\/p>\n<p><strong>-Sangles rembourr\u00e9es et r\u00e9glables<\/strong> pour un transport confortable et ergonomique.<\/p>\n<p>&#8211;<strong>Design moderne, sportif et fonctionnel<\/strong>.<\/p>\n<p><strong>-Mat\u00e9riau ultra r\u00e9sistant<\/strong> qui garantit une longue dur\u00e9e de vie.<\/p>\n<h2>Avantages pour le joueur<\/h2>\n<p>-Gardez votre \u00e9quipement <strong>prot\u00e9g\u00e9 et organis\u00e9<\/strong> \u00e0 tout moment.<\/p>\n<p>-Transport confortable gr\u00e2ce \u00e0 son <strong>ajustement ergonomique<\/strong> et son rembourrage.<\/p>\n<p><strong>-Style professionnel<\/strong> qui se combine avec n&#8217;importe quel \u00e9quipement.<\/p>\n<p>-Id\u00e9al aussi bien pour les joueurs comp\u00e9titifs que pour les entra\u00eenements intensifs.<\/p>\n<h2>Sp\u00e9cifications techniques<\/h2>\n<p>-Marque : <strong>Wilson<\/strong><\/p>\n<p>-Mod\u00e8le : <strong>2025 Padel Tour<\/strong><\/p>\n<p>-Couleur: Rouge<\/p>\n<p>-Capacit\u00e9 : Jusqu&#8217;\u00e0 4 lames<\/p>\n<p>-Poches : 2 principales + 2 suppl\u00e9mentaires<\/p>\n<p>-Utilisation recommand\u00e9e : Comp\u00e9tition et entra\u00eenement<\/p>\n<p>Le <strong>Wilson 2025 Padel Tour Rojo<\/strong> n&#8217;est pas seulement un sac de padel, c&#8217;est votre alli\u00e9 pour transporter tout ce dont vous avez besoin sur le terrain avec <strong>style, confort et r\u00e9sistance<\/strong>.<\/p>\n<p>Produit disponible dans notre boutique en ligne <a href=\"https:\/\/www.revolutionpadelstore.com\/\">www.revolutionpadelstore.com<\/a> probablement au meilleur prix du march\u00e9.<\/p>\n<h2>Paletero Wilson 2025 Padel Tour Rojo \u2013 Espacio, resistencia y estilo profesional<\/h2>\n","protected":false},"excerpt":{"rendered":"<h6 class=\"sr-only\"><span style=\"font-size: 16px\">Le Wilson 2025 Padel Tour de couleur rouge se distingue par sa grande capacit\u00e9 de stockage, la durabilit\u00e9 de ses mat\u00e9riaux et son design ergonomique. Il est parfait pour les joueurs qui privil\u00e9gient le confort et l&#8217;ordre lors de leurs matchs de padel.<\/span><\/h6>\n","protected":false},"featured_media":265238,"comment_status":"open","ping_status":"closed","template":"","meta":{"_acf_changed":false,"_joinchat":[]},"acabado":[],"balance":[],"dureza":[],"forma":[],"jugador":[],"marca":[1267],"nivel-de-juego":[],"superficie":[],"tipo-de-juego":[],"product_brand":[],"product_cat":[320],"product_tag":[],"class_list":{"0":"post-265261","1":"product","2":"type-product","3":"status-publish","4":"has-post-thumbnail","6":"marca-wilson-fr","7":"product_cat-sacs","9":"first","10":"instock","11":"sale","12":"taxable","13":"shipping-taxable","14":"purchasable","15":"product-type-simple"},"acf":[],"yoast_head":"<!-- This site is optimized with the Yoast SEO plugin v27.4 - https:\/\/yoast.com\/product\/yoast-seo-wordpress\/ -->\n<title>PALETERO WILSON 2025 PADEL TOUR ROJO - Revolution Padel Store<\/title>\n<meta name=\"description\" content=\"Compra el Paletero Wilson 2025 Padel Tour Rojo, con capacidad para 4 palas, compartimentos amplios y material resistente. Organizaci\u00f3n, estilo y comodidad en Revolution Padel Store.\" \/>\n<meta name=\"robots\" content=\"index, follow, max-snippet:-1, max-image-preview:large, max-video-preview:-1\" \/>\n<link rel=\"canonical\" href=\"https:\/\/revolutionpadelstore.com\/fr\/produit\/paletero-wilson-2025-padel-tour-rojo-3\/\" \/>\n<meta property=\"og:locale\" content=\"fr_FR\" \/>\n<meta property=\"og:type\" content=\"article\" \/>\n<meta property=\"og:title\" content=\"PALETERO WILSON 2025 PADEL TOUR ROJO - Revolution Padel Store\" \/>\n<meta property=\"og:description\" content=\"Compra el Paletero Wilson 2025 Padel Tour Rojo, con capacidad para 4 palas, compartimentos amplios y material resistente. Organizaci\u00f3n, estilo y comodidad en Revolution Padel Store.\" \/>\n<meta property=\"og:url\" content=\"https:\/\/revolutionpadelstore.com\/fr\/produit\/paletero-wilson-2025-padel-tour-rojo-3\/\" \/>\n<meta property=\"og:site_name\" content=\"Revolution Padel Store\" \/>\n<meta property=\"article:modified_time\" content=\"2026-04-08T02:35:11+00:00\" \/>\n<meta property=\"og:image\" content=\"https:\/\/revolutionpadelstore.com\/wp-content\/uploads\/2025\/08\/116263-paletero-wilson-2025-padel-tour-bag-red-wr8909001001-1500x1500-1.webp\" \/>\n\t<meta property=\"og:image:width\" content=\"1500\" \/>\n\t<meta property=\"og:image:height\" content=\"1500\" \/>\n\t<meta property=\"og:image:type\" content=\"image\/webp\" \/>\n<meta name=\"twitter:card\" content=\"summary_large_image\" \/>\n<meta name=\"twitter:label1\" content=\"Dur\u00e9e de lecture estim\u00e9e\" \/>\n\t<meta name=\"twitter:data1\" content=\"1 minute\" \/>\n<script type=\"application\/ld+json\" class=\"yoast-schema-graph\">{\"@context\":\"https:\\\/\\\/schema.org\",\"@graph\":[{\"@type\":\"WebPage\",\"@id\":\"https:\\\/\\\/revolutionpadelstore.com\\\/fr\\\/produit\\\/paletero-wilson-2025-padel-tour-rojo-3\\\/\",\"url\":\"https:\\\/\\\/revolutionpadelstore.com\\\/fr\\\/produit\\\/paletero-wilson-2025-padel-tour-rojo-3\\\/\",\"name\":\"PALETERO WILSON 2025 PADEL TOUR ROJO - Revolution Padel Store\",\"isPartOf\":{\"@id\":\"https:\\\/\\\/revolutionpadelstore.com\\\/fr\\\/#website\"},\"primaryImageOfPage\":{\"@id\":\"https:\\\/\\\/revolutionpadelstore.com\\\/fr\\\/produit\\\/paletero-wilson-2025-padel-tour-rojo-3\\\/#primaryimage\"},\"image\":{\"@id\":\"https:\\\/\\\/revolutionpadelstore.com\\\/fr\\\/produit\\\/paletero-wilson-2025-padel-tour-rojo-3\\\/#primaryimage\"},\"thumbnailUrl\":\"https:\\\/\\\/revolutionpadelstore.com\\\/wp-content\\\/uploads\\\/2025\\\/08\\\/116263-paletero-wilson-2025-padel-tour-bag-red-wr8909001001-1500x1500-1.webp\",\"datePublished\":\"2025-08-11T08:38:02+00:00\",\"dateModified\":\"2026-04-08T02:35:11+00:00\",\"description\":\"Compra el Paletero Wilson 2025 Padel Tour Rojo, con capacidad para 4 palas, compartimentos amplios y material resistente. Organizaci\u00f3n, estilo y comodidad en Revolution Padel Store.\",\"breadcrumb\":{\"@id\":\"https:\\\/\\\/revolutionpadelstore.com\\\/fr\\\/produit\\\/paletero-wilson-2025-padel-tour-rojo-3\\\/#breadcrumb\"},\"inLanguage\":\"fr-FR\",\"potentialAction\":[{\"@type\":\"ReadAction\",\"target\":[\"https:\\\/\\\/revolutionpadelstore.com\\\/fr\\\/produit\\\/paletero-wilson-2025-padel-tour-rojo-3\\\/\"]}]},{\"@type\":\"ImageObject\",\"inLanguage\":\"fr-FR\",\"@id\":\"https:\\\/\\\/revolutionpadelstore.com\\\/fr\\\/produit\\\/paletero-wilson-2025-padel-tour-rojo-3\\\/#primaryimage\",\"url\":\"https:\\\/\\\/revolutionpadelstore.com\\\/wp-content\\\/uploads\\\/2025\\\/08\\\/116263-paletero-wilson-2025-padel-tour-bag-red-wr8909001001-1500x1500-1.webp\",\"contentUrl\":\"https:\\\/\\\/revolutionpadelstore.com\\\/wp-content\\\/uploads\\\/2025\\\/08\\\/116263-paletero-wilson-2025-padel-tour-bag-red-wr8909001001-1500x1500-1.webp\",\"width\":1500,\"height\":1500},{\"@type\":\"BreadcrumbList\",\"@id\":\"https:\\\/\\\/revolutionpadelstore.com\\\/fr\\\/produit\\\/paletero-wilson-2025-padel-tour-rojo-3\\\/#breadcrumb\",\"itemListElement\":[{\"@type\":\"ListItem\",\"position\":1,\"name\":\"Portada\",\"item\":\"https:\\\/\\\/revolutionpadelstore.com\\\/fr\\\/\"},{\"@type\":\"ListItem\",\"position\":2,\"name\":\"Boutique\",\"item\":\"https:\\\/\\\/revolutionpadelstore.com\\\/fr\\\/tienda\\\/\"},{\"@type\":\"ListItem\",\"position\":3,\"name\":\"PALETERO WILSON 2025 PADEL TOUR ROJO\"}]},{\"@type\":\"WebSite\",\"@id\":\"https:\\\/\\\/revolutionpadelstore.com\\\/fr\\\/#website\",\"url\":\"https:\\\/\\\/revolutionpadelstore.com\\\/fr\\\/\",\"name\":\"Revolution Padel Store\",\"description\":\"\",\"publisher\":{\"@id\":\"https:\\\/\\\/revolutionpadelstore.com\\\/fr\\\/#organization\"},\"potentialAction\":[{\"@type\":\"SearchAction\",\"target\":{\"@type\":\"EntryPoint\",\"urlTemplate\":\"https:\\\/\\\/revolutionpadelstore.com\\\/fr\\\/?s={search_term_string}\"},\"query-input\":{\"@type\":\"PropertyValueSpecification\",\"valueRequired\":true,\"valueName\":\"search_term_string\"}}],\"inLanguage\":\"fr-FR\"},{\"@type\":\"Organization\",\"@id\":\"https:\\\/\\\/revolutionpadelstore.com\\\/fr\\\/#organization\",\"name\":\"Revolution Padel Store\",\"url\":\"https:\\\/\\\/revolutionpadelstore.com\\\/fr\\\/\",\"logo\":{\"@type\":\"ImageObject\",\"inLanguage\":\"fr-FR\",\"@id\":\"https:\\\/\\\/revolutionpadelstore.com\\\/fr\\\/#\\\/schema\\\/logo\\\/image\\\/\",\"url\":\"https:\\\/\\\/revolutionpadelstore.com\\\/wp-content\\\/uploads\\\/2026\\\/02\\\/revolution-padel-store.jpg\",\"contentUrl\":\"https:\\\/\\\/revolutionpadelstore.com\\\/wp-content\\\/uploads\\\/2026\\\/02\\\/revolution-padel-store.jpg\",\"width\":2000,\"height\":2000,\"caption\":\"Revolution Padel Store\"},\"image\":{\"@id\":\"https:\\\/\\\/revolutionpadelstore.com\\\/fr\\\/#\\\/schema\\\/logo\\\/image\\\/\"},\"sameAs\":[\"https:\\\/\\\/www.instagram.com\\\/revolutionpadelstore\\\/\"]}]}<\/script>\n<!-- \/ Yoast SEO plugin. -->","yoast_head_json":{"title":"PALETERO WILSON 2025 PADEL TOUR ROJO - Revolution Padel Store","description":"Compra el Paletero Wilson 2025 Padel Tour Rojo, con capacidad para 4 palas, compartimentos amplios y material resistente. Organizaci\u00f3n, estilo y comodidad en Revolution Padel Store.","robots":{"index":"index","follow":"follow","max-snippet":"max-snippet:-1","max-image-preview":"max-image-preview:large","max-video-preview":"max-video-preview:-1"},"canonical":"https:\/\/revolutionpadelstore.com\/fr\/produit\/paletero-wilson-2025-padel-tour-rojo-3\/","og_locale":"fr_FR","og_type":"article","og_title":"PALETERO WILSON 2025 PADEL TOUR ROJO - Revolution Padel Store","og_description":"Compra el Paletero Wilson 2025 Padel Tour Rojo, con capacidad para 4 palas, compartimentos amplios y material resistente. Organizaci\u00f3n, estilo y comodidad en Revolution Padel Store.","og_url":"https:\/\/revolutionpadelstore.com\/fr\/produit\/paletero-wilson-2025-padel-tour-rojo-3\/","og_site_name":"Revolution Padel Store","article_modified_time":"2026-04-08T02:35:11+00:00","og_image":[{"width":1500,"height":1500,"url":"https:\/\/revolutionpadelstore.com\/wp-content\/uploads\/2025\/08\/116263-paletero-wilson-2025-padel-tour-bag-red-wr8909001001-1500x1500-1.webp","type":"image\/webp"}],"twitter_card":"summary_large_image","twitter_misc":{"Dur\u00e9e de lecture estim\u00e9e":"1 minute"},"schema":{"@context":"https:\/\/schema.org","@graph":[{"@type":"WebPage","@id":"https:\/\/revolutionpadelstore.com\/fr\/produit\/paletero-wilson-2025-padel-tour-rojo-3\/","url":"https:\/\/revolutionpadelstore.com\/fr\/produit\/paletero-wilson-2025-padel-tour-rojo-3\/","name":"PALETERO WILSON 2025 PADEL TOUR ROJO - Revolution Padel Store","isPartOf":{"@id":"https:\/\/revolutionpadelstore.com\/fr\/#website"},"primaryImageOfPage":{"@id":"https:\/\/revolutionpadelstore.com\/fr\/produit\/paletero-wilson-2025-padel-tour-rojo-3\/#primaryimage"},"image":{"@id":"https:\/\/revolutionpadelstore.com\/fr\/produit\/paletero-wilson-2025-padel-tour-rojo-3\/#primaryimage"},"thumbnailUrl":"https:\/\/revolutionpadelstore.com\/wp-content\/uploads\/2025\/08\/116263-paletero-wilson-2025-padel-tour-bag-red-wr8909001001-1500x1500-1.webp","datePublished":"2025-08-11T08:38:02+00:00","dateModified":"2026-04-08T02:35:11+00:00","description":"Compra el Paletero Wilson 2025 Padel Tour Rojo, con capacidad para 4 palas, compartimentos amplios y material resistente. Organizaci\u00f3n, estilo y comodidad en Revolution Padel Store.","breadcrumb":{"@id":"https:\/\/revolutionpadelstore.com\/fr\/produit\/paletero-wilson-2025-padel-tour-rojo-3\/#breadcrumb"},"inLanguage":"fr-FR","potentialAction":[{"@type":"ReadAction","target":["https:\/\/revolutionpadelstore.com\/fr\/produit\/paletero-wilson-2025-padel-tour-rojo-3\/"]}]},{"@type":"ImageObject","inLanguage":"fr-FR","@id":"https:\/\/revolutionpadelstore.com\/fr\/produit\/paletero-wilson-2025-padel-tour-rojo-3\/#primaryimage","url":"https:\/\/revolutionpadelstore.com\/wp-content\/uploads\/2025\/08\/116263-paletero-wilson-2025-padel-tour-bag-red-wr8909001001-1500x1500-1.webp","contentUrl":"https:\/\/revolutionpadelstore.com\/wp-content\/uploads\/2025\/08\/116263-paletero-wilson-2025-padel-tour-bag-red-wr8909001001-1500x1500-1.webp","width":1500,"height":1500},{"@type":"BreadcrumbList","@id":"https:\/\/revolutionpadelstore.com\/fr\/produit\/paletero-wilson-2025-padel-tour-rojo-3\/#breadcrumb","itemListElement":[{"@type":"ListItem","position":1,"name":"Portada","item":"https:\/\/revolutionpadelstore.com\/fr\/"},{"@type":"ListItem","position":2,"name":"Boutique","item":"https:\/\/revolutionpadelstore.com\/fr\/tienda\/"},{"@type":"ListItem","position":3,"name":"PALETERO WILSON 2025 PADEL TOUR ROJO"}]},{"@type":"WebSite","@id":"https:\/\/revolutionpadelstore.com\/fr\/#website","url":"https:\/\/revolutionpadelstore.com\/fr\/","name":"Revolution Padel Store","description":"","publisher":{"@id":"https:\/\/revolutionpadelstore.com\/fr\/#organization"},"potentialAction":[{"@type":"SearchAction","target":{"@type":"EntryPoint","urlTemplate":"https:\/\/revolutionpadelstore.com\/fr\/?s={search_term_string}"},"query-input":{"@type":"PropertyValueSpecification","valueRequired":true,"valueName":"search_term_string"}}],"inLanguage":"fr-FR"},{"@type":"Organization","@id":"https:\/\/revolutionpadelstore.com\/fr\/#organization","name":"Revolution Padel Store","url":"https:\/\/revolutionpadelstore.com\/fr\/","logo":{"@type":"ImageObject","inLanguage":"fr-FR","@id":"https:\/\/revolutionpadelstore.com\/fr\/#\/schema\/logo\/image\/","url":"https:\/\/revolutionpadelstore.com\/wp-content\/uploads\/2026\/02\/revolution-padel-store.jpg","contentUrl":"https:\/\/revolutionpadelstore.com\/wp-content\/uploads\/2026\/02\/revolution-padel-store.jpg","width":2000,"height":2000,"caption":"Revolution Padel Store"},"image":{"@id":"https:\/\/revolutionpadelstore.com\/fr\/#\/schema\/logo\/image\/"},"sameAs":["https:\/\/www.instagram.com\/revolutionpadelstore\/"]}]}},"_links":{"self":[{"href":"https:\/\/revolutionpadelstore.com\/fr\/wp-json\/wp\/v2\/product\/265261","targetHints":{"allow":["GET"]}}],"collection":[{"href":"https:\/\/revolutionpadelstore.com\/fr\/wp-json\/wp\/v2\/product"}],"about":[{"href":"https:\/\/revolutionpadelstore.com\/fr\/wp-json\/wp\/v2\/types\/product"}],"replies":[{"embeddable":true,"href":"https:\/\/revolutionpadelstore.com\/fr\/wp-json\/wp\/v2\/comments?post=265261"}],"wp:featuredmedia":[{"embeddable":true,"href":"https:\/\/revolutionpadelstore.com\/fr\/wp-json\/wp\/v2\/media\/265238"}],"wp:attachment":[{"href":"https:\/\/revolutionpadelstore.com\/fr\/wp-json\/wp\/v2\/media?parent=265261"}],"wp:term":[{"taxonomy":"acabado","embeddable":true,"href":"https:\/\/revolutionpadelstore.com\/fr\/wp-json\/wp\/v2\/acabado?post=265261"},{"taxonomy":"balance","embeddable":true,"href":"https:\/\/revolutionpadelstore.com\/fr\/wp-json\/wp\/v2\/balance?post=265261"},{"taxonomy":"dureza","embeddable":true,"href":"https:\/\/revolutionpadelstore.com\/fr\/wp-json\/wp\/v2\/dureza?post=265261"},{"taxonomy":"forma","embeddable":true,"href":"https:\/\/revolutionpadelstore.com\/fr\/wp-json\/wp\/v2\/forma?post=265261"},{"taxonomy":"jugador","embeddable":true,"href":"https:\/\/revolutionpadelstore.com\/fr\/wp-json\/wp\/v2\/jugador?post=265261"},{"taxonomy":"marca","embeddable":true,"href":"https:\/\/revolutionpadelstore.com\/fr\/wp-json\/wp\/v2\/marca?post=265261"},{"taxonomy":"nivel-de-juego","embeddable":true,"href":"https:\/\/revolutionpadelstore.com\/fr\/wp-json\/wp\/v2\/nivel-de-juego?post=265261"},{"taxonomy":"superficie","embeddable":true,"href":"https:\/\/revolutionpadelstore.com\/fr\/wp-json\/wp\/v2\/superficie?post=265261"},{"taxonomy":"tipo-de-juego","embeddable":true,"href":"https:\/\/revolutionpadelstore.com\/fr\/wp-json\/wp\/v2\/tipo-de-juego?post=265261"},{"taxonomy":"product_brand","embeddable":true,"href":"https:\/\/revolutionpadelstore.com\/fr\/wp-json\/wp\/v2\/product_brand?post=265261"},{"taxonomy":"product_cat","embeddable":true,"href":"https:\/\/revolutionpadelstore.com\/fr\/wp-json\/wp\/v2\/product_cat?post=265261"},{"taxonomy":"product_tag","embeddable":true,"href":"https:\/\/revolutionpadelstore.com\/fr\/wp-json\/wp\/v2\/product_tag?post=265261"}],"curies":[{"name":"wp","href":"https:\/\/api.w.org\/{rel}","templated":true}]}}