{"id":265227,"date":"2025-08-10T21:09:58","date_gmt":"2025-08-10T19:09:58","guid":{"rendered":"https:\/\/revolutionpadelstore.com\/paletero-wilson-bela-super-tour-padel-blanco\/"},"modified":"2026-04-08T04:35:29","modified_gmt":"2026-04-08T02:35:29","slug":"paletero-wilson-bela-super-tour-padel-blanco-3","status":"publish","type":"product","link":"https:\/\/revolutionpadelstore.com\/fr\/produit\/paletero-wilson-bela-super-tour-padel-blanco-3\/","title":{"rendered":"PALETERO WILSON BELA SUPER TOUR PADEL BLANCO"},"content":{"rendered":"<h2><strong>Sac \u00e0 pagaie Wilson Bela DNA Super Tour \u2013 Inspir\u00e9 par Fernando Belastegu\u00edn<\/strong><\/h2>\n<p>Le <strong>Wilson Bela DNA Super Tour<\/strong> est bien plus qu&#8217;un sac : c&#8217;est le reflet de l&#8217;<strong>obsession de Fernando Belastegu\u00edn pour la perfection, con\u00e7u en collaboration avec la l\u00e9gende pour couvrir tous les besoins du joueur d&#8217;\u00e9lite.<\/p>\n<p>Fabriqu\u00e9 avec un <strong>rev\u00eatement TPU<\/strong> pour conserver son aspect impeccable, il int\u00e8gre la technologie <strong>Thermoguard<\/strong> qui prot\u00e8ge vos raquettes contre les temp\u00e9ratures extr\u00eames, garantissant que votre \u00e9quipement reste dans le meilleur \u00e9tat. De plus, sa <strong>poche accessoires doubl\u00e9e polaire<\/strong> prend soin de vos objets de valeur avec le plus grand soin.<\/p>\n<h2><strong>Fonctionnalit\u00e9s mises en avant<\/strong><\/h2>\n<p><strong>-Design exclusif<\/strong> inspir\u00e9 de Fernando Belastegu\u00edn.<\/p>\n<p>&#8211;<strong>Rev\u00eatement TPU<\/strong> r\u00e9sistant et facile \u00e0 nettoyer.<\/p>\n<p>-Compartiment principal avec <strong>doublure Thermoguard<\/strong> pour prot\u00e9ger les raquettes de la chaleur et du froid.<\/p>\n<p><strong>&#8211; Poche doubl\u00e9e polaire<\/strong> pour accessoires et objets d\u00e9licats.<\/p>\n<p>-Plusieurs poches suppl\u00e9mentaires pour garder tout <strong>organis\u00e9 et accessible<\/strong>.<\/p>\n<h2><strong>Avantages pour le joueur<\/strong><\/h2>\n<p>-Transport s\u00fbr et \u00e9l\u00e9gant pour tout votre \u00e9quipement.<\/p>\n<p>-Protection totale contre les conditions m\u00e9t\u00e9orologiques extr\u00eames.<\/p>\n<p>-Organisation parfaite gr\u00e2ce \u00e0 des compartiments bien r\u00e9partis.<\/p>\n<p>-Durabilit\u00e9 sup\u00e9rieure et conception haut de gamme.<\/p>\n<p><strong>Obtenez le Wilson Bela DNA Super Tour et faites passer votre jeu au niveau sup\u00e9rieur.<\/strong> Disponible d\u00e8s maintenant sur <strong><a href=\"https:\/\/www.revolutionpadelstore.com\/\">www.revolutionpadelstore.com<\/a><\/strong> probablement au meilleur prix du march\u00e9.<\/p>\n<h2><strong>Bolsa de P\u00e1del Wilson Bela DNA Super Tour \u2013 Inspirada por Fernando Belastegu\u00edn<\/strong><\/p>\n","protected":false},"excerpt":{"rendered":"<p><strong data-start=\"38\" data-end=\"86\">Sac \u00e0 pagaie Wilson Bela Super Tour Blanc<\/strong>, id\u00e9al pour transporter tout votre \u00e9quipement \u00e0 tout moment de l&#8217;ann\u00e9e. Sa grande capacit\u00e9 et son design \u00e9l\u00e9gant offrent un confort unique qui le distingue des autres.<strong data-start=\"38\" data-end=\"86\">Paletero Wilson Bela Super Tour P\u00e1del Blanco<\/strong><\/p>\n","protected":false},"featured_media":265192,"comment_status":"open","ping_status":"closed","template":"","meta":{"_acf_changed":false,"_joinchat":[]},"acabado":[],"balance":[],"dureza":[],"forma":[],"jugador":[],"marca":[1267],"nivel-de-juego":[],"superficie":[],"tipo-de-juego":[],"product_brand":[],"product_cat":[320],"product_tag":[],"class_list":{"0":"post-265227","1":"product","2":"type-product","3":"status-publish","4":"has-post-thumbnail","6":"marca-wilson-fr","7":"product_cat-sacs","9":"first","10":"instock","11":"sale","12":"taxable","13":"shipping-taxable","14":"purchasable","15":"product-type-simple"},"acf":[],"yoast_head":"<!-- This site is optimized with the Yoast SEO plugin v27.4 - https:\/\/yoast.com\/product\/yoast-seo-wordpress\/ -->\n<title>PALETERO WILSON BELA SUPER TOUR PADEL BLANCO - Revolution Padel Store<\/title>\n<meta name=\"description\" content=\"Descubre la Bolsa Wilson Bela DNA Super Tour en Revolution Padel Store. Inspirada por Fernando Belastegu\u00edn, con Thermoguard, TPU y bolsillos premium.\" \/>\n<meta name=\"robots\" content=\"index, follow, max-snippet:-1, max-image-preview:large, max-video-preview:-1\" \/>\n<link rel=\"canonical\" href=\"https:\/\/revolutionpadelstore.com\/fr\/produit\/paletero-wilson-bela-super-tour-padel-blanco-3\/\" \/>\n<meta property=\"og:locale\" content=\"fr_FR\" \/>\n<meta property=\"og:type\" content=\"article\" \/>\n<meta property=\"og:title\" content=\"PALETERO WILSON BELA SUPER TOUR PADEL BLANCO - Revolution Padel Store\" \/>\n<meta property=\"og:description\" content=\"Descubre la Bolsa Wilson Bela DNA Super Tour en Revolution Padel Store. Inspirada por Fernando Belastegu\u00edn, con Thermoguard, TPU y bolsillos premium.\" \/>\n<meta property=\"og:url\" content=\"https:\/\/revolutionpadelstore.com\/fr\/produit\/paletero-wilson-bela-super-tour-padel-blanco-3\/\" \/>\n<meta property=\"og:site_name\" content=\"Revolution Padel Store\" \/>\n<meta property=\"article:modified_time\" content=\"2026-04-08T02:35:29+00:00\" \/>\n<meta property=\"og:image\" content=\"https:\/\/revolutionpadelstore.com\/wp-content\/uploads\/2025\/08\/113592-paletero-wilson-bela-super-tour-padel-wr8907202-1500x1500-1.webp\" \/>\n\t<meta property=\"og:image:width\" content=\"1500\" \/>\n\t<meta property=\"og:image:height\" content=\"1500\" \/>\n\t<meta property=\"og:image:type\" content=\"image\/webp\" \/>\n<meta name=\"twitter:card\" content=\"summary_large_image\" \/>\n<meta name=\"twitter:label1\" content=\"Dur\u00e9e de lecture estim\u00e9e\" \/>\n\t<meta name=\"twitter:data1\" content=\"1 minute\" \/>\n<script type=\"application\/ld+json\" class=\"yoast-schema-graph\">{\"@context\":\"https:\\\/\\\/schema.org\",\"@graph\":[{\"@type\":\"WebPage\",\"@id\":\"https:\\\/\\\/revolutionpadelstore.com\\\/fr\\\/produit\\\/paletero-wilson-bela-super-tour-padel-blanco-3\\\/\",\"url\":\"https:\\\/\\\/revolutionpadelstore.com\\\/fr\\\/produit\\\/paletero-wilson-bela-super-tour-padel-blanco-3\\\/\",\"name\":\"PALETERO WILSON BELA SUPER TOUR PADEL BLANCO - Revolution Padel Store\",\"isPartOf\":{\"@id\":\"https:\\\/\\\/revolutionpadelstore.com\\\/fr\\\/#website\"},\"primaryImageOfPage\":{\"@id\":\"https:\\\/\\\/revolutionpadelstore.com\\\/fr\\\/produit\\\/paletero-wilson-bela-super-tour-padel-blanco-3\\\/#primaryimage\"},\"image\":{\"@id\":\"https:\\\/\\\/revolutionpadelstore.com\\\/fr\\\/produit\\\/paletero-wilson-bela-super-tour-padel-blanco-3\\\/#primaryimage\"},\"thumbnailUrl\":\"https:\\\/\\\/revolutionpadelstore.com\\\/wp-content\\\/uploads\\\/2025\\\/08\\\/113592-paletero-wilson-bela-super-tour-padel-wr8907202-1500x1500-1.webp\",\"datePublished\":\"2025-08-10T19:09:58+00:00\",\"dateModified\":\"2026-04-08T02:35:29+00:00\",\"description\":\"Descubre la Bolsa Wilson Bela DNA Super Tour en Revolution Padel Store. Inspirada por Fernando Belastegu\u00edn, con Thermoguard, TPU y bolsillos premium.\",\"breadcrumb\":{\"@id\":\"https:\\\/\\\/revolutionpadelstore.com\\\/fr\\\/produit\\\/paletero-wilson-bela-super-tour-padel-blanco-3\\\/#breadcrumb\"},\"inLanguage\":\"fr-FR\",\"potentialAction\":[{\"@type\":\"ReadAction\",\"target\":[\"https:\\\/\\\/revolutionpadelstore.com\\\/fr\\\/produit\\\/paletero-wilson-bela-super-tour-padel-blanco-3\\\/\"]}]},{\"@type\":\"ImageObject\",\"inLanguage\":\"fr-FR\",\"@id\":\"https:\\\/\\\/revolutionpadelstore.com\\\/fr\\\/produit\\\/paletero-wilson-bela-super-tour-padel-blanco-3\\\/#primaryimage\",\"url\":\"https:\\\/\\\/revolutionpadelstore.com\\\/wp-content\\\/uploads\\\/2025\\\/08\\\/113592-paletero-wilson-bela-super-tour-padel-wr8907202-1500x1500-1.webp\",\"contentUrl\":\"https:\\\/\\\/revolutionpadelstore.com\\\/wp-content\\\/uploads\\\/2025\\\/08\\\/113592-paletero-wilson-bela-super-tour-padel-wr8907202-1500x1500-1.webp\",\"width\":1500,\"height\":1500},{\"@type\":\"BreadcrumbList\",\"@id\":\"https:\\\/\\\/revolutionpadelstore.com\\\/fr\\\/produit\\\/paletero-wilson-bela-super-tour-padel-blanco-3\\\/#breadcrumb\",\"itemListElement\":[{\"@type\":\"ListItem\",\"position\":1,\"name\":\"Portada\",\"item\":\"https:\\\/\\\/revolutionpadelstore.com\\\/fr\\\/\"},{\"@type\":\"ListItem\",\"position\":2,\"name\":\"Boutique\",\"item\":\"https:\\\/\\\/revolutionpadelstore.com\\\/fr\\\/tienda\\\/\"},{\"@type\":\"ListItem\",\"position\":3,\"name\":\"PALETERO WILSON BELA SUPER TOUR PADEL BLANCO\"}]},{\"@type\":\"WebSite\",\"@id\":\"https:\\\/\\\/revolutionpadelstore.com\\\/fr\\\/#website\",\"url\":\"https:\\\/\\\/revolutionpadelstore.com\\\/fr\\\/\",\"name\":\"Revolution Padel Store\",\"description\":\"\",\"publisher\":{\"@id\":\"https:\\\/\\\/revolutionpadelstore.com\\\/fr\\\/#organization\"},\"potentialAction\":[{\"@type\":\"SearchAction\",\"target\":{\"@type\":\"EntryPoint\",\"urlTemplate\":\"https:\\\/\\\/revolutionpadelstore.com\\\/fr\\\/?s={search_term_string}\"},\"query-input\":{\"@type\":\"PropertyValueSpecification\",\"valueRequired\":true,\"valueName\":\"search_term_string\"}}],\"inLanguage\":\"fr-FR\"},{\"@type\":\"Organization\",\"@id\":\"https:\\\/\\\/revolutionpadelstore.com\\\/fr\\\/#organization\",\"name\":\"Revolution Padel Store\",\"url\":\"https:\\\/\\\/revolutionpadelstore.com\\\/fr\\\/\",\"logo\":{\"@type\":\"ImageObject\",\"inLanguage\":\"fr-FR\",\"@id\":\"https:\\\/\\\/revolutionpadelstore.com\\\/fr\\\/#\\\/schema\\\/logo\\\/image\\\/\",\"url\":\"https:\\\/\\\/revolutionpadelstore.com\\\/wp-content\\\/uploads\\\/2026\\\/02\\\/revolution-padel-store.jpg\",\"contentUrl\":\"https:\\\/\\\/revolutionpadelstore.com\\\/wp-content\\\/uploads\\\/2026\\\/02\\\/revolution-padel-store.jpg\",\"width\":2000,\"height\":2000,\"caption\":\"Revolution Padel Store\"},\"image\":{\"@id\":\"https:\\\/\\\/revolutionpadelstore.com\\\/fr\\\/#\\\/schema\\\/logo\\\/image\\\/\"},\"sameAs\":[\"https:\\\/\\\/www.instagram.com\\\/revolutionpadelstore\\\/\"]}]}<\/script>\n<!-- \/ Yoast SEO plugin. -->","yoast_head_json":{"title":"PALETERO WILSON BELA SUPER TOUR PADEL BLANCO - Revolution Padel Store","description":"Descubre la Bolsa Wilson Bela DNA Super Tour en Revolution Padel Store. Inspirada por Fernando Belastegu\u00edn, con Thermoguard, TPU y bolsillos premium.","robots":{"index":"index","follow":"follow","max-snippet":"max-snippet:-1","max-image-preview":"max-image-preview:large","max-video-preview":"max-video-preview:-1"},"canonical":"https:\/\/revolutionpadelstore.com\/fr\/produit\/paletero-wilson-bela-super-tour-padel-blanco-3\/","og_locale":"fr_FR","og_type":"article","og_title":"PALETERO WILSON BELA SUPER TOUR PADEL BLANCO - Revolution Padel Store","og_description":"Descubre la Bolsa Wilson Bela DNA Super Tour en Revolution Padel Store. Inspirada por Fernando Belastegu\u00edn, con Thermoguard, TPU y bolsillos premium.","og_url":"https:\/\/revolutionpadelstore.com\/fr\/produit\/paletero-wilson-bela-super-tour-padel-blanco-3\/","og_site_name":"Revolution Padel Store","article_modified_time":"2026-04-08T02:35:29+00:00","og_image":[{"width":1500,"height":1500,"url":"https:\/\/revolutionpadelstore.com\/wp-content\/uploads\/2025\/08\/113592-paletero-wilson-bela-super-tour-padel-wr8907202-1500x1500-1.webp","type":"image\/webp"}],"twitter_card":"summary_large_image","twitter_misc":{"Dur\u00e9e de lecture estim\u00e9e":"1 minute"},"schema":{"@context":"https:\/\/schema.org","@graph":[{"@type":"WebPage","@id":"https:\/\/revolutionpadelstore.com\/fr\/produit\/paletero-wilson-bela-super-tour-padel-blanco-3\/","url":"https:\/\/revolutionpadelstore.com\/fr\/produit\/paletero-wilson-bela-super-tour-padel-blanco-3\/","name":"PALETERO WILSON BELA SUPER TOUR PADEL BLANCO - Revolution Padel Store","isPartOf":{"@id":"https:\/\/revolutionpadelstore.com\/fr\/#website"},"primaryImageOfPage":{"@id":"https:\/\/revolutionpadelstore.com\/fr\/produit\/paletero-wilson-bela-super-tour-padel-blanco-3\/#primaryimage"},"image":{"@id":"https:\/\/revolutionpadelstore.com\/fr\/produit\/paletero-wilson-bela-super-tour-padel-blanco-3\/#primaryimage"},"thumbnailUrl":"https:\/\/revolutionpadelstore.com\/wp-content\/uploads\/2025\/08\/113592-paletero-wilson-bela-super-tour-padel-wr8907202-1500x1500-1.webp","datePublished":"2025-08-10T19:09:58+00:00","dateModified":"2026-04-08T02:35:29+00:00","description":"Descubre la Bolsa Wilson Bela DNA Super Tour en Revolution Padel Store. Inspirada por Fernando Belastegu\u00edn, con Thermoguard, TPU y bolsillos premium.","breadcrumb":{"@id":"https:\/\/revolutionpadelstore.com\/fr\/produit\/paletero-wilson-bela-super-tour-padel-blanco-3\/#breadcrumb"},"inLanguage":"fr-FR","potentialAction":[{"@type":"ReadAction","target":["https:\/\/revolutionpadelstore.com\/fr\/produit\/paletero-wilson-bela-super-tour-padel-blanco-3\/"]}]},{"@type":"ImageObject","inLanguage":"fr-FR","@id":"https:\/\/revolutionpadelstore.com\/fr\/produit\/paletero-wilson-bela-super-tour-padel-blanco-3\/#primaryimage","url":"https:\/\/revolutionpadelstore.com\/wp-content\/uploads\/2025\/08\/113592-paletero-wilson-bela-super-tour-padel-wr8907202-1500x1500-1.webp","contentUrl":"https:\/\/revolutionpadelstore.com\/wp-content\/uploads\/2025\/08\/113592-paletero-wilson-bela-super-tour-padel-wr8907202-1500x1500-1.webp","width":1500,"height":1500},{"@type":"BreadcrumbList","@id":"https:\/\/revolutionpadelstore.com\/fr\/produit\/paletero-wilson-bela-super-tour-padel-blanco-3\/#breadcrumb","itemListElement":[{"@type":"ListItem","position":1,"name":"Portada","item":"https:\/\/revolutionpadelstore.com\/fr\/"},{"@type":"ListItem","position":2,"name":"Boutique","item":"https:\/\/revolutionpadelstore.com\/fr\/tienda\/"},{"@type":"ListItem","position":3,"name":"PALETERO WILSON BELA SUPER TOUR PADEL BLANCO"}]},{"@type":"WebSite","@id":"https:\/\/revolutionpadelstore.com\/fr\/#website","url":"https:\/\/revolutionpadelstore.com\/fr\/","name":"Revolution Padel Store","description":"","publisher":{"@id":"https:\/\/revolutionpadelstore.com\/fr\/#organization"},"potentialAction":[{"@type":"SearchAction","target":{"@type":"EntryPoint","urlTemplate":"https:\/\/revolutionpadelstore.com\/fr\/?s={search_term_string}"},"query-input":{"@type":"PropertyValueSpecification","valueRequired":true,"valueName":"search_term_string"}}],"inLanguage":"fr-FR"},{"@type":"Organization","@id":"https:\/\/revolutionpadelstore.com\/fr\/#organization","name":"Revolution Padel Store","url":"https:\/\/revolutionpadelstore.com\/fr\/","logo":{"@type":"ImageObject","inLanguage":"fr-FR","@id":"https:\/\/revolutionpadelstore.com\/fr\/#\/schema\/logo\/image\/","url":"https:\/\/revolutionpadelstore.com\/wp-content\/uploads\/2026\/02\/revolution-padel-store.jpg","contentUrl":"https:\/\/revolutionpadelstore.com\/wp-content\/uploads\/2026\/02\/revolution-padel-store.jpg","width":2000,"height":2000,"caption":"Revolution Padel Store"},"image":{"@id":"https:\/\/revolutionpadelstore.com\/fr\/#\/schema\/logo\/image\/"},"sameAs":["https:\/\/www.instagram.com\/revolutionpadelstore\/"]}]}},"_links":{"self":[{"href":"https:\/\/revolutionpadelstore.com\/fr\/wp-json\/wp\/v2\/product\/265227","targetHints":{"allow":["GET"]}}],"collection":[{"href":"https:\/\/revolutionpadelstore.com\/fr\/wp-json\/wp\/v2\/product"}],"about":[{"href":"https:\/\/revolutionpadelstore.com\/fr\/wp-json\/wp\/v2\/types\/product"}],"replies":[{"embeddable":true,"href":"https:\/\/revolutionpadelstore.com\/fr\/wp-json\/wp\/v2\/comments?post=265227"}],"wp:featuredmedia":[{"embeddable":true,"href":"https:\/\/revolutionpadelstore.com\/fr\/wp-json\/wp\/v2\/media\/265192"}],"wp:attachment":[{"href":"https:\/\/revolutionpadelstore.com\/fr\/wp-json\/wp\/v2\/media?parent=265227"}],"wp:term":[{"taxonomy":"acabado","embeddable":true,"href":"https:\/\/revolutionpadelstore.com\/fr\/wp-json\/wp\/v2\/acabado?post=265227"},{"taxonomy":"balance","embeddable":true,"href":"https:\/\/revolutionpadelstore.com\/fr\/wp-json\/wp\/v2\/balance?post=265227"},{"taxonomy":"dureza","embeddable":true,"href":"https:\/\/revolutionpadelstore.com\/fr\/wp-json\/wp\/v2\/dureza?post=265227"},{"taxonomy":"forma","embeddable":true,"href":"https:\/\/revolutionpadelstore.com\/fr\/wp-json\/wp\/v2\/forma?post=265227"},{"taxonomy":"jugador","embeddable":true,"href":"https:\/\/revolutionpadelstore.com\/fr\/wp-json\/wp\/v2\/jugador?post=265227"},{"taxonomy":"marca","embeddable":true,"href":"https:\/\/revolutionpadelstore.com\/fr\/wp-json\/wp\/v2\/marca?post=265227"},{"taxonomy":"nivel-de-juego","embeddable":true,"href":"https:\/\/revolutionpadelstore.com\/fr\/wp-json\/wp\/v2\/nivel-de-juego?post=265227"},{"taxonomy":"superficie","embeddable":true,"href":"https:\/\/revolutionpadelstore.com\/fr\/wp-json\/wp\/v2\/superficie?post=265227"},{"taxonomy":"tipo-de-juego","embeddable":true,"href":"https:\/\/revolutionpadelstore.com\/fr\/wp-json\/wp\/v2\/tipo-de-juego?post=265227"},{"taxonomy":"product_brand","embeddable":true,"href":"https:\/\/revolutionpadelstore.com\/fr\/wp-json\/wp\/v2\/product_brand?post=265227"},{"taxonomy":"product_cat","embeddable":true,"href":"https:\/\/revolutionpadelstore.com\/fr\/wp-json\/wp\/v2\/product_cat?post=265227"},{"taxonomy":"product_tag","embeddable":true,"href":"https:\/\/revolutionpadelstore.com\/fr\/wp-json\/wp\/v2\/product_tag?post=265227"}],"curies":[{"name":"wp","href":"https:\/\/api.w.org\/{rel}","templated":true}]}}