{"id":265067,"date":"2025-08-10T18:16:54","date_gmt":"2025-08-10T16:16:54","guid":{"rendered":"https:\/\/revolutionpadelstore.com\/wilson-optix-v1-white-padel-2\/"},"modified":"2026-04-08T04:36:24","modified_gmt":"2026-04-08T02:36:24","slug":"wilson-optix-v1-white-padel-2-3","status":"publish","type":"product","link":"https:\/\/revolutionpadelstore.com\/fr\/produit\/wilson-optix-v1-white-padel-2-3\/","title":{"rendered":"WILSON OPTIX V1 WHITE PADEL 2"},"content":{"rendered":"<br \/>\n<h2><strong>Wilson Optix V1 White Padel 2 \u2013 Contr\u00f4le et pr\u00e9cision pour les d\u00e9butants<\/strong><\/h2>\n<p>La <strong>Wilson Optix V1 White Padel 2<\/strong> est la raquette id\u00e9ale pour ceux qui font leurs premiers pas au padel. Con\u00e7u pour offrir <strong>un maximum de maniabilit\u00e9, de contr\u00f4le et de confort<\/strong>, il vous aidera \u00e0 ex\u00e9cuter des tirs pr\u00e9cis et s\u00fbrs d\u00e8s le premier match.<\/p>\n<h2><strong>Conception et contr\u00f4le sup\u00e9rieurs<\/strong><\/h2>\n<p>Avec sa <strong>forme ronde<\/strong> et son <strong>grand sweet spot<\/strong>, cette raquette favorise l&#8217;\u00e9quilibre et la sortie de balle depuis n&#8217;importe quelle zone d&#8217;impact. Son esth\u00e9tique blanche v\u00e9hicule l&#8217;\u00e9l\u00e9gance et la simplicit\u00e9, tandis que ses technologies facilitent l&#8217;apprentissage et am\u00e9liorent la confiance \u00e0 chaque prise de vue.<\/p>\n<h2><strong>Technologies et mat\u00e9riaux cl\u00e9s<\/strong><\/h2>\n<p><strong>-Forme ronde<\/strong> : Id\u00e9ale pour optimiser le contr\u00f4le et la pr\u00e9cision.<\/p>\n<p><strong>-Sharp Hole Technology<\/strong> : Perfor\u00e9 con\u00e7u pour maximiser la pr\u00e9cision et la rotation \u00e0 chaque tir.<\/p>\n<p><strong>-Cadre en fibre de verre<\/strong> : offre un toucher confortable et une excellente absorption des vibrations.<\/p>\n<p><strong>-FOAM Core<\/strong> : offre un toucher doux, une excellente sortie de balle et un \u00e9quilibre dans le jeu.<\/p>\n<p><strong>-Poids<\/strong> : 360-375 g pour une manipulation parfaite.<\/p>\n<h2><strong>Avantages pour le joueur d\u00e9butant<\/strong><\/h2>\n<p>-Il favorise un apprentissage rapide gr\u00e2ce \u00e0 sa <strong>grande tol\u00e9rance aux erreurs<\/strong>.<\/p>\n<p>-Parfait pour <strong>des coups contr\u00f4l\u00e9s et s\u00fbrs<\/strong>.<\/p>\n<p>-Mat\u00e9riaux l\u00e9gers qui permettent des <strong>mouvements fluides et rapides<\/strong>.<\/p>\n<p>-Con\u00e7u pour <strong>r\u00e9duire la fatigue et am\u00e9liorer la pr\u00e9cision<\/strong> lors des longs matchs.<\/p>\n<h2><strong>L&#8217;alli\u00e9 parfait pour vos premiers points<\/strong><\/h2>\n<p>Si vous recherchez une raquette de padel qui vous aidera \u00e0 am\u00e9liorer votre technique d\u00e8s le premier jour, la <strong>Wilson Optix V1 White Padel 2<\/strong> est votre meilleure option. Sa combinaison de contr\u00f4le, de confort et de design en fait un outil cl\u00e9 pour faire progresser votre jeu.<\/p>\n<p><strong>Disponible d\u00e8s maintenant dans notre boutique en ligne <a href=\"https:\/\/www.revolutionpadelstore.com\/\">www.revolutionpadelstore.com<\/a>, probablement au meilleur prix du march\u00e9.<\/strong><\/p>\n","protected":false},"excerpt":{"rendered":"<p>La Wilson Optix V1 White 2025 est la raquette parfaite pour commencer \u00e0 gagner vos premiers points dans n&#8217;importe quelle zone du terrain, offrant un \u00e9quilibre exceptionnel entre contr\u00f4le, pr\u00e9cision et facilit\u00e9 de maniement, quelque chose que peu de gens peuvent \u00e9galer.<\/p>\n","protected":false},"featured_media":265038,"comment_status":"open","ping_status":"closed","template":"","meta":{"_acf_changed":false,"_joinchat":[]},"acabado":[1082],"balance":[1147],"dureza":[1152],"forma":[1182],"jugador":[1192],"marca":[1267],"nivel-de-juego":[1352],"superficie":[1362],"tipo-de-juego":[1372],"product_brand":[],"product_cat":[302],"product_tag":[],"class_list":{"0":"post-265067","1":"product","2":"type-product","3":"status-publish","4":"has-post-thumbnail","6":"acabado-luminosite","7":"balance-faible","8":"dureza-blanda-fr","9":"forma-rond","10":"jugador-homme","11":"marca-wilson-fr","12":"superficie-rugosa-fr","13":"tipo-de-juego-control-fr","14":"product_cat-palas-de-padel-fr","16":"first","17":"instock","18":"sale","19":"taxable","20":"shipping-taxable","21":"purchasable","22":"product-type-simple"},"acf":[],"yoast_head":"<!-- This site is optimized with the Yoast SEO plugin v27.4 - https:\/\/yoast.com\/product\/yoast-seo-wordpress\/ -->\n<title>WILSON OPTIX V1 WHITE PADEL 2 - Revolution Padel Store<\/title>\n<meta name=\"description\" content=\"Compra la Wilson Optix V1 White Padel 2, la pala ideal para principiantes que buscan control, precisi\u00f3n y comodidad. Disponible en Revolution Padel Store al mejor precio.\" \/>\n<meta name=\"robots\" content=\"index, follow, max-snippet:-1, max-image-preview:large, max-video-preview:-1\" \/>\n<link rel=\"canonical\" href=\"https:\/\/revolutionpadelstore.com\/fr\/produit\/wilson-optix-v1-white-padel-2-3\/\" \/>\n<meta property=\"og:locale\" content=\"fr_FR\" \/>\n<meta property=\"og:type\" content=\"article\" \/>\n<meta property=\"og:title\" content=\"WILSON OPTIX V1 WHITE PADEL 2 - Revolution Padel Store\" \/>\n<meta property=\"og:description\" content=\"Compra la Wilson Optix V1 White Padel 2, la pala ideal para principiantes que buscan control, precisi\u00f3n y comodidad. Disponible en Revolution Padel Store al mejor precio.\" \/>\n<meta property=\"og:url\" content=\"https:\/\/revolutionpadelstore.com\/fr\/produit\/wilson-optix-v1-white-padel-2-3\/\" \/>\n<meta property=\"og:site_name\" content=\"Revolution Padel Store\" \/>\n<meta property=\"article:modified_time\" content=\"2026-04-08T02:36:24+00:00\" \/>\n<meta property=\"og:image\" content=\"https:\/\/revolutionpadelstore.com\/wp-content\/uploads\/2025\/08\/116261-pala-wilson-optix-v1-white-padel-2-wr181711u2-1500x1500-1.webp\" \/>\n\t<meta property=\"og:image:width\" content=\"1500\" \/>\n\t<meta property=\"og:image:height\" content=\"1500\" \/>\n\t<meta property=\"og:image:type\" content=\"image\/webp\" \/>\n<meta name=\"twitter:card\" content=\"summary_large_image\" \/>\n<meta name=\"twitter:label1\" content=\"Dur\u00e9e de lecture estim\u00e9e\" \/>\n\t<meta name=\"twitter:data1\" content=\"2 minutes\" \/>\n<script type=\"application\/ld+json\" class=\"yoast-schema-graph\">{\"@context\":\"https:\\\/\\\/schema.org\",\"@graph\":[{\"@type\":\"WebPage\",\"@id\":\"https:\\\/\\\/revolutionpadelstore.com\\\/fr\\\/produit\\\/wilson-optix-v1-white-padel-2-3\\\/\",\"url\":\"https:\\\/\\\/revolutionpadelstore.com\\\/fr\\\/produit\\\/wilson-optix-v1-white-padel-2-3\\\/\",\"name\":\"WILSON OPTIX V1 WHITE PADEL 2 - Revolution Padel Store\",\"isPartOf\":{\"@id\":\"https:\\\/\\\/revolutionpadelstore.com\\\/fr\\\/#website\"},\"primaryImageOfPage\":{\"@id\":\"https:\\\/\\\/revolutionpadelstore.com\\\/fr\\\/produit\\\/wilson-optix-v1-white-padel-2-3\\\/#primaryimage\"},\"image\":{\"@id\":\"https:\\\/\\\/revolutionpadelstore.com\\\/fr\\\/produit\\\/wilson-optix-v1-white-padel-2-3\\\/#primaryimage\"},\"thumbnailUrl\":\"https:\\\/\\\/revolutionpadelstore.com\\\/wp-content\\\/uploads\\\/2025\\\/08\\\/116261-pala-wilson-optix-v1-white-padel-2-wr181711u2-1500x1500-1.webp\",\"datePublished\":\"2025-08-10T16:16:54+00:00\",\"dateModified\":\"2026-04-08T02:36:24+00:00\",\"description\":\"Compra la Wilson Optix V1 White Padel 2, la pala ideal para principiantes que buscan control, precisi\u00f3n y comodidad. Disponible en Revolution Padel Store al mejor precio.\",\"breadcrumb\":{\"@id\":\"https:\\\/\\\/revolutionpadelstore.com\\\/fr\\\/produit\\\/wilson-optix-v1-white-padel-2-3\\\/#breadcrumb\"},\"inLanguage\":\"fr-FR\",\"potentialAction\":[{\"@type\":\"ReadAction\",\"target\":[\"https:\\\/\\\/revolutionpadelstore.com\\\/fr\\\/produit\\\/wilson-optix-v1-white-padel-2-3\\\/\"]}]},{\"@type\":\"ImageObject\",\"inLanguage\":\"fr-FR\",\"@id\":\"https:\\\/\\\/revolutionpadelstore.com\\\/fr\\\/produit\\\/wilson-optix-v1-white-padel-2-3\\\/#primaryimage\",\"url\":\"https:\\\/\\\/revolutionpadelstore.com\\\/wp-content\\\/uploads\\\/2025\\\/08\\\/116261-pala-wilson-optix-v1-white-padel-2-wr181711u2-1500x1500-1.webp\",\"contentUrl\":\"https:\\\/\\\/revolutionpadelstore.com\\\/wp-content\\\/uploads\\\/2025\\\/08\\\/116261-pala-wilson-optix-v1-white-padel-2-wr181711u2-1500x1500-1.webp\",\"width\":1500,\"height\":1500},{\"@type\":\"BreadcrumbList\",\"@id\":\"https:\\\/\\\/revolutionpadelstore.com\\\/fr\\\/produit\\\/wilson-optix-v1-white-padel-2-3\\\/#breadcrumb\",\"itemListElement\":[{\"@type\":\"ListItem\",\"position\":1,\"name\":\"Portada\",\"item\":\"https:\\\/\\\/revolutionpadelstore.com\\\/fr\\\/\"},{\"@type\":\"ListItem\",\"position\":2,\"name\":\"Boutique\",\"item\":\"https:\\\/\\\/revolutionpadelstore.com\\\/fr\\\/tienda\\\/\"},{\"@type\":\"ListItem\",\"position\":3,\"name\":\"WILSON OPTIX V1 WHITE PADEL 2\"}]},{\"@type\":\"WebSite\",\"@id\":\"https:\\\/\\\/revolutionpadelstore.com\\\/fr\\\/#website\",\"url\":\"https:\\\/\\\/revolutionpadelstore.com\\\/fr\\\/\",\"name\":\"Revolution Padel Store\",\"description\":\"\",\"publisher\":{\"@id\":\"https:\\\/\\\/revolutionpadelstore.com\\\/fr\\\/#organization\"},\"potentialAction\":[{\"@type\":\"SearchAction\",\"target\":{\"@type\":\"EntryPoint\",\"urlTemplate\":\"https:\\\/\\\/revolutionpadelstore.com\\\/fr\\\/?s={search_term_string}\"},\"query-input\":{\"@type\":\"PropertyValueSpecification\",\"valueRequired\":true,\"valueName\":\"search_term_string\"}}],\"inLanguage\":\"fr-FR\"},{\"@type\":\"Organization\",\"@id\":\"https:\\\/\\\/revolutionpadelstore.com\\\/fr\\\/#organization\",\"name\":\"Revolution Padel Store\",\"url\":\"https:\\\/\\\/revolutionpadelstore.com\\\/fr\\\/\",\"logo\":{\"@type\":\"ImageObject\",\"inLanguage\":\"fr-FR\",\"@id\":\"https:\\\/\\\/revolutionpadelstore.com\\\/fr\\\/#\\\/schema\\\/logo\\\/image\\\/\",\"url\":\"https:\\\/\\\/revolutionpadelstore.com\\\/wp-content\\\/uploads\\\/2026\\\/02\\\/revolution-padel-store.jpg\",\"contentUrl\":\"https:\\\/\\\/revolutionpadelstore.com\\\/wp-content\\\/uploads\\\/2026\\\/02\\\/revolution-padel-store.jpg\",\"width\":2000,\"height\":2000,\"caption\":\"Revolution Padel Store\"},\"image\":{\"@id\":\"https:\\\/\\\/revolutionpadelstore.com\\\/fr\\\/#\\\/schema\\\/logo\\\/image\\\/\"},\"sameAs\":[\"https:\\\/\\\/www.instagram.com\\\/revolutionpadelstore\\\/\"]}]}<\/script>\n<!-- \/ Yoast SEO plugin. -->","yoast_head_json":{"title":"WILSON OPTIX V1 WHITE PADEL 2 - Revolution Padel Store","description":"Compra la Wilson Optix V1 White Padel 2, la pala ideal para principiantes que buscan control, precisi\u00f3n y comodidad. Disponible en Revolution Padel Store al mejor precio.","robots":{"index":"index","follow":"follow","max-snippet":"max-snippet:-1","max-image-preview":"max-image-preview:large","max-video-preview":"max-video-preview:-1"},"canonical":"https:\/\/revolutionpadelstore.com\/fr\/produit\/wilson-optix-v1-white-padel-2-3\/","og_locale":"fr_FR","og_type":"article","og_title":"WILSON OPTIX V1 WHITE PADEL 2 - Revolution Padel Store","og_description":"Compra la Wilson Optix V1 White Padel 2, la pala ideal para principiantes que buscan control, precisi\u00f3n y comodidad. Disponible en Revolution Padel Store al mejor precio.","og_url":"https:\/\/revolutionpadelstore.com\/fr\/produit\/wilson-optix-v1-white-padel-2-3\/","og_site_name":"Revolution Padel Store","article_modified_time":"2026-04-08T02:36:24+00:00","og_image":[{"width":1500,"height":1500,"url":"https:\/\/revolutionpadelstore.com\/wp-content\/uploads\/2025\/08\/116261-pala-wilson-optix-v1-white-padel-2-wr181711u2-1500x1500-1.webp","type":"image\/webp"}],"twitter_card":"summary_large_image","twitter_misc":{"Dur\u00e9e de lecture estim\u00e9e":"2 minutes"},"schema":{"@context":"https:\/\/schema.org","@graph":[{"@type":"WebPage","@id":"https:\/\/revolutionpadelstore.com\/fr\/produit\/wilson-optix-v1-white-padel-2-3\/","url":"https:\/\/revolutionpadelstore.com\/fr\/produit\/wilson-optix-v1-white-padel-2-3\/","name":"WILSON OPTIX V1 WHITE PADEL 2 - Revolution Padel Store","isPartOf":{"@id":"https:\/\/revolutionpadelstore.com\/fr\/#website"},"primaryImageOfPage":{"@id":"https:\/\/revolutionpadelstore.com\/fr\/produit\/wilson-optix-v1-white-padel-2-3\/#primaryimage"},"image":{"@id":"https:\/\/revolutionpadelstore.com\/fr\/produit\/wilson-optix-v1-white-padel-2-3\/#primaryimage"},"thumbnailUrl":"https:\/\/revolutionpadelstore.com\/wp-content\/uploads\/2025\/08\/116261-pala-wilson-optix-v1-white-padel-2-wr181711u2-1500x1500-1.webp","datePublished":"2025-08-10T16:16:54+00:00","dateModified":"2026-04-08T02:36:24+00:00","description":"Compra la Wilson Optix V1 White Padel 2, la pala ideal para principiantes que buscan control, precisi\u00f3n y comodidad. Disponible en Revolution Padel Store al mejor precio.","breadcrumb":{"@id":"https:\/\/revolutionpadelstore.com\/fr\/produit\/wilson-optix-v1-white-padel-2-3\/#breadcrumb"},"inLanguage":"fr-FR","potentialAction":[{"@type":"ReadAction","target":["https:\/\/revolutionpadelstore.com\/fr\/produit\/wilson-optix-v1-white-padel-2-3\/"]}]},{"@type":"ImageObject","inLanguage":"fr-FR","@id":"https:\/\/revolutionpadelstore.com\/fr\/produit\/wilson-optix-v1-white-padel-2-3\/#primaryimage","url":"https:\/\/revolutionpadelstore.com\/wp-content\/uploads\/2025\/08\/116261-pala-wilson-optix-v1-white-padel-2-wr181711u2-1500x1500-1.webp","contentUrl":"https:\/\/revolutionpadelstore.com\/wp-content\/uploads\/2025\/08\/116261-pala-wilson-optix-v1-white-padel-2-wr181711u2-1500x1500-1.webp","width":1500,"height":1500},{"@type":"BreadcrumbList","@id":"https:\/\/revolutionpadelstore.com\/fr\/produit\/wilson-optix-v1-white-padel-2-3\/#breadcrumb","itemListElement":[{"@type":"ListItem","position":1,"name":"Portada","item":"https:\/\/revolutionpadelstore.com\/fr\/"},{"@type":"ListItem","position":2,"name":"Boutique","item":"https:\/\/revolutionpadelstore.com\/fr\/tienda\/"},{"@type":"ListItem","position":3,"name":"WILSON OPTIX V1 WHITE PADEL 2"}]},{"@type":"WebSite","@id":"https:\/\/revolutionpadelstore.com\/fr\/#website","url":"https:\/\/revolutionpadelstore.com\/fr\/","name":"Revolution Padel Store","description":"","publisher":{"@id":"https:\/\/revolutionpadelstore.com\/fr\/#organization"},"potentialAction":[{"@type":"SearchAction","target":{"@type":"EntryPoint","urlTemplate":"https:\/\/revolutionpadelstore.com\/fr\/?s={search_term_string}"},"query-input":{"@type":"PropertyValueSpecification","valueRequired":true,"valueName":"search_term_string"}}],"inLanguage":"fr-FR"},{"@type":"Organization","@id":"https:\/\/revolutionpadelstore.com\/fr\/#organization","name":"Revolution Padel Store","url":"https:\/\/revolutionpadelstore.com\/fr\/","logo":{"@type":"ImageObject","inLanguage":"fr-FR","@id":"https:\/\/revolutionpadelstore.com\/fr\/#\/schema\/logo\/image\/","url":"https:\/\/revolutionpadelstore.com\/wp-content\/uploads\/2026\/02\/revolution-padel-store.jpg","contentUrl":"https:\/\/revolutionpadelstore.com\/wp-content\/uploads\/2026\/02\/revolution-padel-store.jpg","width":2000,"height":2000,"caption":"Revolution Padel Store"},"image":{"@id":"https:\/\/revolutionpadelstore.com\/fr\/#\/schema\/logo\/image\/"},"sameAs":["https:\/\/www.instagram.com\/revolutionpadelstore\/"]}]}},"_links":{"self":[{"href":"https:\/\/revolutionpadelstore.com\/fr\/wp-json\/wp\/v2\/product\/265067","targetHints":{"allow":["GET"]}}],"collection":[{"href":"https:\/\/revolutionpadelstore.com\/fr\/wp-json\/wp\/v2\/product"}],"about":[{"href":"https:\/\/revolutionpadelstore.com\/fr\/wp-json\/wp\/v2\/types\/product"}],"replies":[{"embeddable":true,"href":"https:\/\/revolutionpadelstore.com\/fr\/wp-json\/wp\/v2\/comments?post=265067"}],"wp:featuredmedia":[{"embeddable":true,"href":"https:\/\/revolutionpadelstore.com\/fr\/wp-json\/wp\/v2\/media\/265038"}],"wp:attachment":[{"href":"https:\/\/revolutionpadelstore.com\/fr\/wp-json\/wp\/v2\/media?parent=265067"}],"wp:term":[{"taxonomy":"acabado","embeddable":true,"href":"https:\/\/revolutionpadelstore.com\/fr\/wp-json\/wp\/v2\/acabado?post=265067"},{"taxonomy":"balance","embeddable":true,"href":"https:\/\/revolutionpadelstore.com\/fr\/wp-json\/wp\/v2\/balance?post=265067"},{"taxonomy":"dureza","embeddable":true,"href":"https:\/\/revolutionpadelstore.com\/fr\/wp-json\/wp\/v2\/dureza?post=265067"},{"taxonomy":"forma","embeddable":true,"href":"https:\/\/revolutionpadelstore.com\/fr\/wp-json\/wp\/v2\/forma?post=265067"},{"taxonomy":"jugador","embeddable":true,"href":"https:\/\/revolutionpadelstore.com\/fr\/wp-json\/wp\/v2\/jugador?post=265067"},{"taxonomy":"marca","embeddable":true,"href":"https:\/\/revolutionpadelstore.com\/fr\/wp-json\/wp\/v2\/marca?post=265067"},{"taxonomy":"nivel-de-juego","embeddable":true,"href":"https:\/\/revolutionpadelstore.com\/fr\/wp-json\/wp\/v2\/nivel-de-juego?post=265067"},{"taxonomy":"superficie","embeddable":true,"href":"https:\/\/revolutionpadelstore.com\/fr\/wp-json\/wp\/v2\/superficie?post=265067"},{"taxonomy":"tipo-de-juego","embeddable":true,"href":"https:\/\/revolutionpadelstore.com\/fr\/wp-json\/wp\/v2\/tipo-de-juego?post=265067"},{"taxonomy":"product_brand","embeddable":true,"href":"https:\/\/revolutionpadelstore.com\/fr\/wp-json\/wp\/v2\/product_brand?post=265067"},{"taxonomy":"product_cat","embeddable":true,"href":"https:\/\/revolutionpadelstore.com\/fr\/wp-json\/wp\/v2\/product_cat?post=265067"},{"taxonomy":"product_tag","embeddable":true,"href":"https:\/\/revolutionpadelstore.com\/fr\/wp-json\/wp\/v2\/product_tag?post=265067"}],"curies":[{"name":"wp","href":"https:\/\/api.w.org\/{rel}","templated":true}]}}