{"id":264989,"date":"2025-07-30T10:24:09","date_gmt":"2025-07-30T08:24:09","guid":{"rendered":"https:\/\/revolutionpadelstore.com\/head-speed-pro-x-2025\/"},"modified":"2026-04-08T04:38:05","modified_gmt":"2026-04-08T02:38:05","slug":"head-speed-pro-x-2025-3","status":"publish","type":"product","link":"https:\/\/revolutionpadelstore.com\/fr\/produit\/head-speed-pro-x-2025-3\/","title":{"rendered":"HEAD SPEED PRO X 2025"},"content":{"rendered":"<h2><strong>Raquette Head Speed Pro X 2025 \u2013 Pr\u00e9cision et puissance pour les joueurs avanc\u00e9s<\/strong><\/h2>\n<p>Dominez le terrain avec le nouveau Head Speed Pro. Gr\u00e2ce \u00e0 sa forme en forme de larme et son \u00e9quilibre moyen-haut, il offre un \u00e9quilibre parfait entre puissance explosive et contr\u00f4le total. Id\u00e9al pour ceux qui veulent faire la diff\u00e9rence \u00e0 chaque tir.<\/p>\n<p>Avec un poids de 360-370 grammes et un profil de 38 mm, cette raquette offre une grande stabilit\u00e9 et maniabilit\u00e9, vous permettant de r\u00e9agir rapidement aussi bien en attaque qu&#8217;en d\u00e9fense.<\/p>\n<h2><strong>Une technologie avanc\u00e9e pour un jeu imparable<\/strong><\/h2>\n<p>Le Head Speed Pro X 2025 est construit avec une surface en carbone double couche qui offre rigidit\u00e9 et sortie de balle puissante. Son noyau en mousse assure une sensation solide et r\u00e9active, procurant une confiance dans chaque action.<\/p>\n<p>De plus, sa conception a\u00e9rodynamique am\u00e9liore la vitesse des mouvements, favorisant une ex\u00e9cution pr\u00e9cise et rapide de chaque coup.<\/p>\n<h2><strong>Caract\u00e9ristiques techniques mises en avant<\/strong><\/h2>\n<p>-Surface en carbone \u00e0 2 couches : puissance et contr\u00f4le \u00e9quilibr\u00e9s<\/p>\n<p>-Forme de larme et \u00e9quilibre moyen-haut : polyvalence avec plus de punch<\/p>\n<p>-Graphene Inside : renforce le cadre et am\u00e9liore le transfert d&#8217;\u00e9nergie<\/p>\n<p>-Technologie Auxetic : augmente la puissance et la sensation de frappe<\/p>\n<p>-Smart Bridge : s&#8217;adapte \u00e0 votre style de jeu pour de meilleures performances<\/p>\n<p>&#8211; Noyau Power Foam : r\u00e9ponse ferme avec un excellent rendement de balle<\/p>\n<h2><strong>A qui est destin\u00e9e cette pelle ?<\/strong><\/h2>\n<p>La Head Speed Pro X 2025 s&#8217;adresse aux joueurs de haut niveau technique qui recherchent une raquette polyvalente et performante. Gr\u00e2ce \u00e0 ses technologies et \u00e0 ses mat\u00e9riaux haut de gamme, il est parfait pour dominer le terrain tant dans les jeux offensifs que d\u00e9fensifs.<\/p>\n<h2><strong>Achetez le Head Speed Pro X 2025 au meilleur prix<\/strong><\/h2>\n<p>Si vous recherchez une raquette Head de qualit\u00e9 professionnelle alliant technologie, contr\u00f4le et puissance, la Speed Pro X 2025 est votre meilleure alli\u00e9e. Ne manquez pas cette opportunit\u00e9 d&#8217;am\u00e9liorer votre niveau de jeu avec une raquette con\u00e7ue pour la comp\u00e9tition.<\/p>\n<p>Disponible d\u00e8s maintenant dans notre boutique en ligne <a href=\"http:\/\/www.revolutionpadelstore.com\/\">www.revolutionpadelstore.com<\/a>, probablement au meilleur prix du march\u00e9.<\/p>\n<h2><strong>Pala Head Speed Pro X 2025 \u2013 Precisi\u00f3n y potencia para jugadores avanzados<\/strong><\/p>\n","protected":false},"excerpt":{"rendered":"<p>La Head Speed \u200b\u200bPro X 2025 est une raquette en forme de goutte con\u00e7ue sp\u00e9cialement pour les joueurs de niveau avanc\u00e9 qui souhaitent un \u00e9quilibre id\u00e9al entre puissance et pr\u00e9cision. Sa structure combine une conception a\u00e9rodynamique avec un noyau en mousse et une double couche de carbone pour des performances sup\u00e9rieures.<\/p>\n","protected":false},"featured_media":264717,"comment_status":"open","ping_status":"closed","template":"","meta":{"_acf_changed":false,"_joinchat":[]},"acabado":[1087],"balance":[1137,1142],"dureza":[1157],"forma":[1187],"jugador":[1192],"marca":[1222],"nivel-de-juego":[1337],"superficie":[1357],"tipo-de-juego":[1387],"product_brand":[],"product_cat":[302],"product_tag":[],"class_list":{"0":"post-264989","1":"product","2":"type-product","3":"status-publish","4":"has-post-thumbnail","6":"acabado-mon-pote","7":"balance-eleve","8":"balance-moyen","9":"dureza-media-fr","10":"forma-lagrima-fr","11":"jugador-homme","12":"marca-tete","13":"superficie-lise","14":"tipo-de-juego-polivalente-fr","15":"product_cat-palas-de-padel-fr","17":"first","18":"instock","19":"sale","20":"taxable","21":"shipping-taxable","22":"purchasable","23":"product-type-simple"},"acf":[],"yoast_head":"<!-- This site is optimized with the Yoast SEO plugin v27.4 - https:\/\/yoast.com\/product\/yoast-seo-wordpress\/ -->\n<title>HEAD SPEED PRO X 2025 - Revolution Padel Store<\/title>\n<meta name=\"description\" content=\"Compra la Head Speed Pro X 2025, pala de p\u00e1del para jugadores avanzados que combina potencia, control y tecnolog\u00edas de alto rendimiento. Disponible en www.revolutionpadelstore.com al mejor precio.\" \/>\n<meta name=\"robots\" content=\"index, follow, max-snippet:-1, max-image-preview:large, max-video-preview:-1\" \/>\n<link rel=\"canonical\" href=\"https:\/\/revolutionpadelstore.com\/fr\/produit\/head-speed-pro-x-2025-3\/\" \/>\n<meta property=\"og:locale\" content=\"fr_FR\" \/>\n<meta property=\"og:type\" content=\"article\" \/>\n<meta property=\"og:title\" content=\"HEAD SPEED PRO X 2025 - Revolution Padel Store\" \/>\n<meta property=\"og:description\" content=\"Compra la Head Speed Pro X 2025, pala de p\u00e1del para jugadores avanzados que combina potencia, control y tecnolog\u00edas de alto rendimiento. Disponible en www.revolutionpadelstore.com al mejor precio.\" \/>\n<meta property=\"og:url\" content=\"https:\/\/revolutionpadelstore.com\/fr\/produit\/head-speed-pro-x-2025-3\/\" \/>\n<meta property=\"og:site_name\" content=\"Revolution Padel Store\" \/>\n<meta property=\"article:modified_time\" content=\"2026-04-08T02:38:05+00:00\" \/>\n<meta property=\"og:image\" content=\"https:\/\/revolutionpadelstore.com\/wp-content\/uploads\/2025\/07\/115666-pala-head-speed-pro-x-2025-228705-1500x1500-vista1.webp\" \/>\n\t<meta property=\"og:image:width\" content=\"1500\" \/>\n\t<meta property=\"og:image:height\" content=\"1500\" \/>\n\t<meta property=\"og:image:type\" content=\"image\/webp\" \/>\n<meta name=\"twitter:card\" content=\"summary_large_image\" \/>\n<meta name=\"twitter:label1\" content=\"Dur\u00e9e de lecture estim\u00e9e\" \/>\n\t<meta name=\"twitter:data1\" content=\"2 minutes\" \/>\n<script type=\"application\/ld+json\" class=\"yoast-schema-graph\">{\"@context\":\"https:\\\/\\\/schema.org\",\"@graph\":[{\"@type\":\"WebPage\",\"@id\":\"https:\\\/\\\/revolutionpadelstore.com\\\/fr\\\/produit\\\/head-speed-pro-x-2025-3\\\/\",\"url\":\"https:\\\/\\\/revolutionpadelstore.com\\\/fr\\\/produit\\\/head-speed-pro-x-2025-3\\\/\",\"name\":\"HEAD SPEED PRO X 2025 - Revolution Padel Store\",\"isPartOf\":{\"@id\":\"https:\\\/\\\/revolutionpadelstore.com\\\/fr\\\/#website\"},\"primaryImageOfPage\":{\"@id\":\"https:\\\/\\\/revolutionpadelstore.com\\\/fr\\\/produit\\\/head-speed-pro-x-2025-3\\\/#primaryimage\"},\"image\":{\"@id\":\"https:\\\/\\\/revolutionpadelstore.com\\\/fr\\\/produit\\\/head-speed-pro-x-2025-3\\\/#primaryimage\"},\"thumbnailUrl\":\"https:\\\/\\\/revolutionpadelstore.com\\\/wp-content\\\/uploads\\\/2025\\\/07\\\/115666-pala-head-speed-pro-x-2025-228705-1500x1500-vista1.webp\",\"datePublished\":\"2025-07-30T08:24:09+00:00\",\"dateModified\":\"2026-04-08T02:38:05+00:00\",\"description\":\"Compra la Head Speed Pro X 2025, pala de p\u00e1del para jugadores avanzados que combina potencia, control y tecnolog\u00edas de alto rendimiento. Disponible en www.revolutionpadelstore.com al mejor precio.\",\"breadcrumb\":{\"@id\":\"https:\\\/\\\/revolutionpadelstore.com\\\/fr\\\/produit\\\/head-speed-pro-x-2025-3\\\/#breadcrumb\"},\"inLanguage\":\"fr-FR\",\"potentialAction\":[{\"@type\":\"ReadAction\",\"target\":[\"https:\\\/\\\/revolutionpadelstore.com\\\/fr\\\/produit\\\/head-speed-pro-x-2025-3\\\/\"]}]},{\"@type\":\"ImageObject\",\"inLanguage\":\"fr-FR\",\"@id\":\"https:\\\/\\\/revolutionpadelstore.com\\\/fr\\\/produit\\\/head-speed-pro-x-2025-3\\\/#primaryimage\",\"url\":\"https:\\\/\\\/revolutionpadelstore.com\\\/wp-content\\\/uploads\\\/2025\\\/07\\\/115666-pala-head-speed-pro-x-2025-228705-1500x1500-vista1.webp\",\"contentUrl\":\"https:\\\/\\\/revolutionpadelstore.com\\\/wp-content\\\/uploads\\\/2025\\\/07\\\/115666-pala-head-speed-pro-x-2025-228705-1500x1500-vista1.webp\",\"width\":1500,\"height\":1500},{\"@type\":\"BreadcrumbList\",\"@id\":\"https:\\\/\\\/revolutionpadelstore.com\\\/fr\\\/produit\\\/head-speed-pro-x-2025-3\\\/#breadcrumb\",\"itemListElement\":[{\"@type\":\"ListItem\",\"position\":1,\"name\":\"Portada\",\"item\":\"https:\\\/\\\/revolutionpadelstore.com\\\/fr\\\/\"},{\"@type\":\"ListItem\",\"position\":2,\"name\":\"Boutique\",\"item\":\"https:\\\/\\\/revolutionpadelstore.com\\\/fr\\\/tienda\\\/\"},{\"@type\":\"ListItem\",\"position\":3,\"name\":\"HEAD SPEED PRO X 2025\"}]},{\"@type\":\"WebSite\",\"@id\":\"https:\\\/\\\/revolutionpadelstore.com\\\/fr\\\/#website\",\"url\":\"https:\\\/\\\/revolutionpadelstore.com\\\/fr\\\/\",\"name\":\"Revolution Padel Store\",\"description\":\"\",\"publisher\":{\"@id\":\"https:\\\/\\\/revolutionpadelstore.com\\\/fr\\\/#organization\"},\"potentialAction\":[{\"@type\":\"SearchAction\",\"target\":{\"@type\":\"EntryPoint\",\"urlTemplate\":\"https:\\\/\\\/revolutionpadelstore.com\\\/fr\\\/?s={search_term_string}\"},\"query-input\":{\"@type\":\"PropertyValueSpecification\",\"valueRequired\":true,\"valueName\":\"search_term_string\"}}],\"inLanguage\":\"fr-FR\"},{\"@type\":\"Organization\",\"@id\":\"https:\\\/\\\/revolutionpadelstore.com\\\/fr\\\/#organization\",\"name\":\"Revolution Padel Store\",\"url\":\"https:\\\/\\\/revolutionpadelstore.com\\\/fr\\\/\",\"logo\":{\"@type\":\"ImageObject\",\"inLanguage\":\"fr-FR\",\"@id\":\"https:\\\/\\\/revolutionpadelstore.com\\\/fr\\\/#\\\/schema\\\/logo\\\/image\\\/\",\"url\":\"https:\\\/\\\/revolutionpadelstore.com\\\/wp-content\\\/uploads\\\/2026\\\/02\\\/revolution-padel-store.jpg\",\"contentUrl\":\"https:\\\/\\\/revolutionpadelstore.com\\\/wp-content\\\/uploads\\\/2026\\\/02\\\/revolution-padel-store.jpg\",\"width\":2000,\"height\":2000,\"caption\":\"Revolution Padel Store\"},\"image\":{\"@id\":\"https:\\\/\\\/revolutionpadelstore.com\\\/fr\\\/#\\\/schema\\\/logo\\\/image\\\/\"},\"sameAs\":[\"https:\\\/\\\/www.instagram.com\\\/revolutionpadelstore\\\/\"]}]}<\/script>\n<!-- \/ Yoast SEO plugin. -->","yoast_head_json":{"title":"HEAD SPEED PRO X 2025 - Revolution Padel Store","description":"Compra la Head Speed Pro X 2025, pala de p\u00e1del para jugadores avanzados que combina potencia, control y tecnolog\u00edas de alto rendimiento. Disponible en www.revolutionpadelstore.com al mejor precio.","robots":{"index":"index","follow":"follow","max-snippet":"max-snippet:-1","max-image-preview":"max-image-preview:large","max-video-preview":"max-video-preview:-1"},"canonical":"https:\/\/revolutionpadelstore.com\/fr\/produit\/head-speed-pro-x-2025-3\/","og_locale":"fr_FR","og_type":"article","og_title":"HEAD SPEED PRO X 2025 - Revolution Padel Store","og_description":"Compra la Head Speed Pro X 2025, pala de p\u00e1del para jugadores avanzados que combina potencia, control y tecnolog\u00edas de alto rendimiento. Disponible en www.revolutionpadelstore.com al mejor precio.","og_url":"https:\/\/revolutionpadelstore.com\/fr\/produit\/head-speed-pro-x-2025-3\/","og_site_name":"Revolution Padel Store","article_modified_time":"2026-04-08T02:38:05+00:00","og_image":[{"width":1500,"height":1500,"url":"https:\/\/revolutionpadelstore.com\/wp-content\/uploads\/2025\/07\/115666-pala-head-speed-pro-x-2025-228705-1500x1500-vista1.webp","type":"image\/webp"}],"twitter_card":"summary_large_image","twitter_misc":{"Dur\u00e9e de lecture estim\u00e9e":"2 minutes"},"schema":{"@context":"https:\/\/schema.org","@graph":[{"@type":"WebPage","@id":"https:\/\/revolutionpadelstore.com\/fr\/produit\/head-speed-pro-x-2025-3\/","url":"https:\/\/revolutionpadelstore.com\/fr\/produit\/head-speed-pro-x-2025-3\/","name":"HEAD SPEED PRO X 2025 - Revolution Padel Store","isPartOf":{"@id":"https:\/\/revolutionpadelstore.com\/fr\/#website"},"primaryImageOfPage":{"@id":"https:\/\/revolutionpadelstore.com\/fr\/produit\/head-speed-pro-x-2025-3\/#primaryimage"},"image":{"@id":"https:\/\/revolutionpadelstore.com\/fr\/produit\/head-speed-pro-x-2025-3\/#primaryimage"},"thumbnailUrl":"https:\/\/revolutionpadelstore.com\/wp-content\/uploads\/2025\/07\/115666-pala-head-speed-pro-x-2025-228705-1500x1500-vista1.webp","datePublished":"2025-07-30T08:24:09+00:00","dateModified":"2026-04-08T02:38:05+00:00","description":"Compra la Head Speed Pro X 2025, pala de p\u00e1del para jugadores avanzados que combina potencia, control y tecnolog\u00edas de alto rendimiento. Disponible en www.revolutionpadelstore.com al mejor precio.","breadcrumb":{"@id":"https:\/\/revolutionpadelstore.com\/fr\/produit\/head-speed-pro-x-2025-3\/#breadcrumb"},"inLanguage":"fr-FR","potentialAction":[{"@type":"ReadAction","target":["https:\/\/revolutionpadelstore.com\/fr\/produit\/head-speed-pro-x-2025-3\/"]}]},{"@type":"ImageObject","inLanguage":"fr-FR","@id":"https:\/\/revolutionpadelstore.com\/fr\/produit\/head-speed-pro-x-2025-3\/#primaryimage","url":"https:\/\/revolutionpadelstore.com\/wp-content\/uploads\/2025\/07\/115666-pala-head-speed-pro-x-2025-228705-1500x1500-vista1.webp","contentUrl":"https:\/\/revolutionpadelstore.com\/wp-content\/uploads\/2025\/07\/115666-pala-head-speed-pro-x-2025-228705-1500x1500-vista1.webp","width":1500,"height":1500},{"@type":"BreadcrumbList","@id":"https:\/\/revolutionpadelstore.com\/fr\/produit\/head-speed-pro-x-2025-3\/#breadcrumb","itemListElement":[{"@type":"ListItem","position":1,"name":"Portada","item":"https:\/\/revolutionpadelstore.com\/fr\/"},{"@type":"ListItem","position":2,"name":"Boutique","item":"https:\/\/revolutionpadelstore.com\/fr\/tienda\/"},{"@type":"ListItem","position":3,"name":"HEAD SPEED PRO X 2025"}]},{"@type":"WebSite","@id":"https:\/\/revolutionpadelstore.com\/fr\/#website","url":"https:\/\/revolutionpadelstore.com\/fr\/","name":"Revolution Padel Store","description":"","publisher":{"@id":"https:\/\/revolutionpadelstore.com\/fr\/#organization"},"potentialAction":[{"@type":"SearchAction","target":{"@type":"EntryPoint","urlTemplate":"https:\/\/revolutionpadelstore.com\/fr\/?s={search_term_string}"},"query-input":{"@type":"PropertyValueSpecification","valueRequired":true,"valueName":"search_term_string"}}],"inLanguage":"fr-FR"},{"@type":"Organization","@id":"https:\/\/revolutionpadelstore.com\/fr\/#organization","name":"Revolution Padel Store","url":"https:\/\/revolutionpadelstore.com\/fr\/","logo":{"@type":"ImageObject","inLanguage":"fr-FR","@id":"https:\/\/revolutionpadelstore.com\/fr\/#\/schema\/logo\/image\/","url":"https:\/\/revolutionpadelstore.com\/wp-content\/uploads\/2026\/02\/revolution-padel-store.jpg","contentUrl":"https:\/\/revolutionpadelstore.com\/wp-content\/uploads\/2026\/02\/revolution-padel-store.jpg","width":2000,"height":2000,"caption":"Revolution Padel Store"},"image":{"@id":"https:\/\/revolutionpadelstore.com\/fr\/#\/schema\/logo\/image\/"},"sameAs":["https:\/\/www.instagram.com\/revolutionpadelstore\/"]}]}},"_links":{"self":[{"href":"https:\/\/revolutionpadelstore.com\/fr\/wp-json\/wp\/v2\/product\/264989","targetHints":{"allow":["GET"]}}],"collection":[{"href":"https:\/\/revolutionpadelstore.com\/fr\/wp-json\/wp\/v2\/product"}],"about":[{"href":"https:\/\/revolutionpadelstore.com\/fr\/wp-json\/wp\/v2\/types\/product"}],"replies":[{"embeddable":true,"href":"https:\/\/revolutionpadelstore.com\/fr\/wp-json\/wp\/v2\/comments?post=264989"}],"wp:featuredmedia":[{"embeddable":true,"href":"https:\/\/revolutionpadelstore.com\/fr\/wp-json\/wp\/v2\/media\/264717"}],"wp:attachment":[{"href":"https:\/\/revolutionpadelstore.com\/fr\/wp-json\/wp\/v2\/media?parent=264989"}],"wp:term":[{"taxonomy":"acabado","embeddable":true,"href":"https:\/\/revolutionpadelstore.com\/fr\/wp-json\/wp\/v2\/acabado?post=264989"},{"taxonomy":"balance","embeddable":true,"href":"https:\/\/revolutionpadelstore.com\/fr\/wp-json\/wp\/v2\/balance?post=264989"},{"taxonomy":"dureza","embeddable":true,"href":"https:\/\/revolutionpadelstore.com\/fr\/wp-json\/wp\/v2\/dureza?post=264989"},{"taxonomy":"forma","embeddable":true,"href":"https:\/\/revolutionpadelstore.com\/fr\/wp-json\/wp\/v2\/forma?post=264989"},{"taxonomy":"jugador","embeddable":true,"href":"https:\/\/revolutionpadelstore.com\/fr\/wp-json\/wp\/v2\/jugador?post=264989"},{"taxonomy":"marca","embeddable":true,"href":"https:\/\/revolutionpadelstore.com\/fr\/wp-json\/wp\/v2\/marca?post=264989"},{"taxonomy":"nivel-de-juego","embeddable":true,"href":"https:\/\/revolutionpadelstore.com\/fr\/wp-json\/wp\/v2\/nivel-de-juego?post=264989"},{"taxonomy":"superficie","embeddable":true,"href":"https:\/\/revolutionpadelstore.com\/fr\/wp-json\/wp\/v2\/superficie?post=264989"},{"taxonomy":"tipo-de-juego","embeddable":true,"href":"https:\/\/revolutionpadelstore.com\/fr\/wp-json\/wp\/v2\/tipo-de-juego?post=264989"},{"taxonomy":"product_brand","embeddable":true,"href":"https:\/\/revolutionpadelstore.com\/fr\/wp-json\/wp\/v2\/product_brand?post=264989"},{"taxonomy":"product_cat","embeddable":true,"href":"https:\/\/revolutionpadelstore.com\/fr\/wp-json\/wp\/v2\/product_cat?post=264989"},{"taxonomy":"product_tag","embeddable":true,"href":"https:\/\/revolutionpadelstore.com\/fr\/wp-json\/wp\/v2\/product_tag?post=264989"}],"curies":[{"name":"wp","href":"https:\/\/api.w.org\/{rel}","templated":true}]}}