{"id":264966,"date":"2025-08-10T11:57:29","date_gmt":"2025-08-10T09:57:29","guid":{"rendered":"https:\/\/revolutionpadelstore.com\/royal-padel-m27-light-2025\/"},"modified":"2026-04-14T14:01:24","modified_gmt":"2026-04-14T12:01:24","slug":"royal-padel-m27-light-2025-3","status":"publish","type":"product","link":"https:\/\/revolutionpadelstore.com\/fr\/produit\/royal-padel-m27-light-2025-3\/","title":{"rendered":"ROYAL PADEL M27 LIGHT 2025"},"content":{"rendered":"<h2><strong>Royal Padel M27 Light 2025 \u2013 Contr\u00f4le, confort et pr\u00e9cision \u00e0 chaque coup<\/strong><\/h2>\n<p>La <strong>Royal Padel M27 Light 2025<\/strong> arrive renouvel\u00e9e pour cette saison avec un design \u00e9l\u00e9gant et les caract\u00e9ristiques qui en ont fait l&#8217;une des <strong>meilleures raquettes de padel<\/strong> pour les joueurs de tous niveaux. Fabriqu\u00e9 enti\u00e8rement en carbone <strong>3K Hexcel Twill Aeronautical<\/strong>, il offre une r\u00e9sistance exceptionnelle et un ressenti in\u00e9gal\u00e9. Son noyau en poly\u00e9thyl\u00e8ne souple offre une frappe douce, maximisant le contr\u00f4le sans sacrifier la puissance. De forme ronde et d&#8217;\u00e9quilibre moyen, cette raquette se distingue par sa maniabilit\u00e9, id\u00e9ale pour dominer aussi bien le jeu d\u00e9fensif qu&#8217;offensif.<\/p>\n<h2><strong>Con\u00e7u pour les joueurs polyvalents et exigeants<\/strong><\/h2>\n<p>Parfaite pour ceux qui recherchent une <strong>raquette de contr\u00f4le<\/strong> qui r\u00e9pond fermement en attaque, la <strong>M27 Light 2025<\/strong> int\u00e8gre un <strong>syst\u00e8me avanc\u00e9 d&#8217;absorption des chocs<\/strong>, r\u00e9duisant les vibrations et pr\u00e9venant les blessures telles que l&#8217;\u00e9picondylite. Son poids l\u00e9ger et son excellente maniabilit\u00e9 le rendent id\u00e9al pour les jeux longs et exigeants.<\/p>\n<h2><strong>Fonctionnalit\u00e9s<\/strong><\/h2>\n<p><strong>-Cadre et faces :<\/strong> 100 % carbone 3K avec conception a\u00e9ronautique Hexcel Twill.<\/p>\n<p><strong>-Noyau :<\/strong> Poly\u00e9thyl\u00e8ne souple haute densit\u00e9 pour un toucher doux et un excellent contr\u00f4le.<\/p>\n<p><strong>-Forme :<\/strong> Ronde.<\/p>\n<p><strong>-Balance :<\/strong> Medium, pour un \u00e9quilibre parfait entre contr\u00f4le et puissance.<\/p>\n<h2><strong>Technologies en vedette<\/strong><\/h2>\n<p><strong>-Absorption des chocs :<\/strong> Amorti des impacts pour un plus grand confort et une meilleure protection des articulations.<\/p>\n<p><strong> &#8211; 5D Hex Twill :<\/strong> Meilleure adh\u00e9rence et facilit\u00e9 d&#8217;application des effets.<\/p>\n<h2><strong>Avantages de la Royal Padel M27 Light 2025<\/strong><\/h2>\n<p>-Contr\u00f4le total \u00e0 chaque coup.<\/p>\n<p>-Pr\u00e9vention des blessures gr\u00e2ce \u00e0 la r\u00e9duction des vibrations.<\/p>\n<p>-Excellentes performances en attaque et en d\u00e9fense.<\/p>\n<p>-Mat\u00e9riaux haut de gamme pour une plus grande durabilit\u00e9.<\/p>\n<p>-Id\u00e9al pour les joueurs exigeants recherchant pr\u00e9cision et confort.<\/p>\n<p><strong>\u00c9levez votre jeu<\/strong> et contr\u00f4lez chaque point avec la <strong>Royal Padel M27 Light 2025<\/strong>, une raquette qui allie <strong>innovation, style et performances professionnelles<\/strong>.<\/p>\n<p>Disponible d\u00e8s maintenant dans notre boutique en ligne <strong><a href=\"https:\/\/www.revolutionpadelstore.com\/\">www.revolutionpadelstore.com<\/a><\/strong>, probablement au meilleur prix du march\u00e9.<\/p>\n<h2><strong>Royal Padel M27 Light 2025 \u2013 Control, confort y precisi\u00f3n en cada golpe<\/strong><\/p>\n","protected":false},"excerpt":{"rendered":"<p>Le Royal Padel M27 Light 2025 offre une combinaison \u00e9quilibr\u00e9e de puissance, de contr\u00f4le et de confort, int\u00e9grant des technologies avanc\u00e9es telles que l&#8217;absorption des chocs, qui aident \u00e0 pr\u00e9venir les blessures et \u00e0 donner le meilleur de vous-m\u00eame \u00e0 chaque tir.<\/p>\n","protected":false},"featured_media":264972,"comment_status":"open","ping_status":"closed","template":"","meta":{"_acf_changed":false,"_joinchat":[]},"acabado":[1092],"balance":[1147],"dureza":[1152],"forma":[1182],"jugador":[1197],"marca":[1322],"nivel-de-juego":[1337,1342],"superficie":[1362],"tipo-de-juego":[1372],"product_brand":[],"product_cat":[302],"product_tag":[],"class_list":{"0":"post-264966","1":"product","2":"type-product","3":"status-publish","4":"has-post-thumbnail","6":"acabado-soulager-la-3d","7":"balance-faible","8":"dureza-blanda-fr","9":"forma-rond","10":"jugador-mujer-fr","11":"marca-mur-royal","12":"superficie-rugosa-fr","13":"tipo-de-juego-control-fr","14":"product_cat-palas-de-padel-fr","16":"first","17":"instock","18":"sale","19":"taxable","20":"shipping-taxable","21":"purchasable","22":"product-type-simple"},"acf":[],"yoast_head":"<!-- This site is optimized with the Yoast SEO plugin v27.4 - https:\/\/yoast.com\/product\/yoast-seo-wordpress\/ -->\n<title>ROYAL PADEL M27 LIGHT 2025 - Revolution Padel Store<\/title>\n<meta name=\"description\" content=\"Compra la Royal Padel M27 Light 2025 en Revolution Padel Store. Pala de control con n\u00facleo Soft y carbono 3K, m\u00e1xima precisi\u00f3n, confort y absorci\u00f3n de vibraciones.\" \/>\n<meta name=\"robots\" content=\"index, follow, max-snippet:-1, max-image-preview:large, max-video-preview:-1\" \/>\n<link rel=\"canonical\" href=\"https:\/\/revolutionpadelstore.com\/fr\/produit\/royal-padel-m27-light-2025-3\/\" \/>\n<meta property=\"og:locale\" content=\"fr_FR\" \/>\n<meta property=\"og:type\" content=\"article\" \/>\n<meta property=\"og:title\" content=\"ROYAL PADEL M27 LIGHT 2025 - Revolution Padel Store\" \/>\n<meta property=\"og:description\" content=\"Compra la Royal Padel M27 Light 2025 en Revolution Padel Store. Pala de control con n\u00facleo Soft y carbono 3K, m\u00e1xima precisi\u00f3n, confort y absorci\u00f3n de vibraciones.\" \/>\n<meta property=\"og:url\" content=\"https:\/\/revolutionpadelstore.com\/fr\/produit\/royal-padel-m27-light-2025-3\/\" \/>\n<meta property=\"og:site_name\" content=\"Revolution Padel Store\" \/>\n<meta property=\"article:modified_time\" content=\"2026-04-14T12:01:24+00:00\" \/>\n<meta property=\"og:image\" content=\"https:\/\/revolutionpadelstore.com\/wp-content\/uploads\/2025\/08\/115075-pala-royal-padel-rp-m27-light-25-1200x1200-1.webp\" \/>\n\t<meta property=\"og:image:width\" content=\"1200\" \/>\n\t<meta property=\"og:image:height\" content=\"1200\" \/>\n\t<meta property=\"og:image:type\" content=\"image\/webp\" \/>\n<meta name=\"twitter:card\" content=\"summary_large_image\" \/>\n<meta name=\"twitter:label1\" content=\"Dur\u00e9e de lecture estim\u00e9e\" \/>\n\t<meta name=\"twitter:data1\" content=\"2 minutes\" \/>\n<script type=\"application\/ld+json\" class=\"yoast-schema-graph\">{\"@context\":\"https:\\\/\\\/schema.org\",\"@graph\":[{\"@type\":\"WebPage\",\"@id\":\"https:\\\/\\\/revolutionpadelstore.com\\\/fr\\\/produit\\\/royal-padel-m27-light-2025-3\\\/\",\"url\":\"https:\\\/\\\/revolutionpadelstore.com\\\/fr\\\/produit\\\/royal-padel-m27-light-2025-3\\\/\",\"name\":\"ROYAL PADEL M27 LIGHT 2025 - Revolution Padel Store\",\"isPartOf\":{\"@id\":\"https:\\\/\\\/revolutionpadelstore.com\\\/fr\\\/#website\"},\"primaryImageOfPage\":{\"@id\":\"https:\\\/\\\/revolutionpadelstore.com\\\/fr\\\/produit\\\/royal-padel-m27-light-2025-3\\\/#primaryimage\"},\"image\":{\"@id\":\"https:\\\/\\\/revolutionpadelstore.com\\\/fr\\\/produit\\\/royal-padel-m27-light-2025-3\\\/#primaryimage\"},\"thumbnailUrl\":\"https:\\\/\\\/revolutionpadelstore.com\\\/wp-content\\\/uploads\\\/2025\\\/08\\\/115075-pala-royal-padel-rp-m27-light-25-1200x1200-1.webp\",\"datePublished\":\"2025-08-10T09:57:29+00:00\",\"dateModified\":\"2026-04-14T12:01:24+00:00\",\"description\":\"Compra la Royal Padel M27 Light 2025 en Revolution Padel Store. Pala de control con n\u00facleo Soft y carbono 3K, m\u00e1xima precisi\u00f3n, confort y absorci\u00f3n de vibraciones.\",\"breadcrumb\":{\"@id\":\"https:\\\/\\\/revolutionpadelstore.com\\\/fr\\\/produit\\\/royal-padel-m27-light-2025-3\\\/#breadcrumb\"},\"inLanguage\":\"fr-FR\",\"potentialAction\":[{\"@type\":\"ReadAction\",\"target\":[\"https:\\\/\\\/revolutionpadelstore.com\\\/fr\\\/produit\\\/royal-padel-m27-light-2025-3\\\/\"]}]},{\"@type\":\"ImageObject\",\"inLanguage\":\"fr-FR\",\"@id\":\"https:\\\/\\\/revolutionpadelstore.com\\\/fr\\\/produit\\\/royal-padel-m27-light-2025-3\\\/#primaryimage\",\"url\":\"https:\\\/\\\/revolutionpadelstore.com\\\/wp-content\\\/uploads\\\/2025\\\/08\\\/115075-pala-royal-padel-rp-m27-light-25-1200x1200-1.webp\",\"contentUrl\":\"https:\\\/\\\/revolutionpadelstore.com\\\/wp-content\\\/uploads\\\/2025\\\/08\\\/115075-pala-royal-padel-rp-m27-light-25-1200x1200-1.webp\",\"width\":1200,\"height\":1200},{\"@type\":\"BreadcrumbList\",\"@id\":\"https:\\\/\\\/revolutionpadelstore.com\\\/fr\\\/produit\\\/royal-padel-m27-light-2025-3\\\/#breadcrumb\",\"itemListElement\":[{\"@type\":\"ListItem\",\"position\":1,\"name\":\"Portada\",\"item\":\"https:\\\/\\\/revolutionpadelstore.com\\\/fr\\\/\"},{\"@type\":\"ListItem\",\"position\":2,\"name\":\"Boutique\",\"item\":\"https:\\\/\\\/revolutionpadelstore.com\\\/fr\\\/tienda\\\/\"},{\"@type\":\"ListItem\",\"position\":3,\"name\":\"ROYAL PADEL M27 LIGHT 2025\"}]},{\"@type\":\"WebSite\",\"@id\":\"https:\\\/\\\/revolutionpadelstore.com\\\/fr\\\/#website\",\"url\":\"https:\\\/\\\/revolutionpadelstore.com\\\/fr\\\/\",\"name\":\"Revolution Padel Store\",\"description\":\"\",\"publisher\":{\"@id\":\"https:\\\/\\\/revolutionpadelstore.com\\\/fr\\\/#organization\"},\"potentialAction\":[{\"@type\":\"SearchAction\",\"target\":{\"@type\":\"EntryPoint\",\"urlTemplate\":\"https:\\\/\\\/revolutionpadelstore.com\\\/fr\\\/?s={search_term_string}\"},\"query-input\":{\"@type\":\"PropertyValueSpecification\",\"valueRequired\":true,\"valueName\":\"search_term_string\"}}],\"inLanguage\":\"fr-FR\"},{\"@type\":\"Organization\",\"@id\":\"https:\\\/\\\/revolutionpadelstore.com\\\/fr\\\/#organization\",\"name\":\"Revolution Padel Store\",\"url\":\"https:\\\/\\\/revolutionpadelstore.com\\\/fr\\\/\",\"logo\":{\"@type\":\"ImageObject\",\"inLanguage\":\"fr-FR\",\"@id\":\"https:\\\/\\\/revolutionpadelstore.com\\\/fr\\\/#\\\/schema\\\/logo\\\/image\\\/\",\"url\":\"https:\\\/\\\/revolutionpadelstore.com\\\/wp-content\\\/uploads\\\/2026\\\/02\\\/revolution-padel-store.jpg\",\"contentUrl\":\"https:\\\/\\\/revolutionpadelstore.com\\\/wp-content\\\/uploads\\\/2026\\\/02\\\/revolution-padel-store.jpg\",\"width\":2000,\"height\":2000,\"caption\":\"Revolution Padel Store\"},\"image\":{\"@id\":\"https:\\\/\\\/revolutionpadelstore.com\\\/fr\\\/#\\\/schema\\\/logo\\\/image\\\/\"},\"sameAs\":[\"https:\\\/\\\/www.instagram.com\\\/revolutionpadelstore\\\/\"]}]}<\/script>\n<!-- \/ Yoast SEO plugin. -->","yoast_head_json":{"title":"ROYAL PADEL M27 LIGHT 2025 - Revolution Padel Store","description":"Compra la Royal Padel M27 Light 2025 en Revolution Padel Store. Pala de control con n\u00facleo Soft y carbono 3K, m\u00e1xima precisi\u00f3n, confort y absorci\u00f3n de vibraciones.","robots":{"index":"index","follow":"follow","max-snippet":"max-snippet:-1","max-image-preview":"max-image-preview:large","max-video-preview":"max-video-preview:-1"},"canonical":"https:\/\/revolutionpadelstore.com\/fr\/produit\/royal-padel-m27-light-2025-3\/","og_locale":"fr_FR","og_type":"article","og_title":"ROYAL PADEL M27 LIGHT 2025 - Revolution Padel Store","og_description":"Compra la Royal Padel M27 Light 2025 en Revolution Padel Store. Pala de control con n\u00facleo Soft y carbono 3K, m\u00e1xima precisi\u00f3n, confort y absorci\u00f3n de vibraciones.","og_url":"https:\/\/revolutionpadelstore.com\/fr\/produit\/royal-padel-m27-light-2025-3\/","og_site_name":"Revolution Padel Store","article_modified_time":"2026-04-14T12:01:24+00:00","og_image":[{"width":1200,"height":1200,"url":"https:\/\/revolutionpadelstore.com\/wp-content\/uploads\/2025\/08\/115075-pala-royal-padel-rp-m27-light-25-1200x1200-1.webp","type":"image\/webp"}],"twitter_card":"summary_large_image","twitter_misc":{"Dur\u00e9e de lecture estim\u00e9e":"2 minutes"},"schema":{"@context":"https:\/\/schema.org","@graph":[{"@type":"WebPage","@id":"https:\/\/revolutionpadelstore.com\/fr\/produit\/royal-padel-m27-light-2025-3\/","url":"https:\/\/revolutionpadelstore.com\/fr\/produit\/royal-padel-m27-light-2025-3\/","name":"ROYAL PADEL M27 LIGHT 2025 - Revolution Padel Store","isPartOf":{"@id":"https:\/\/revolutionpadelstore.com\/fr\/#website"},"primaryImageOfPage":{"@id":"https:\/\/revolutionpadelstore.com\/fr\/produit\/royal-padel-m27-light-2025-3\/#primaryimage"},"image":{"@id":"https:\/\/revolutionpadelstore.com\/fr\/produit\/royal-padel-m27-light-2025-3\/#primaryimage"},"thumbnailUrl":"https:\/\/revolutionpadelstore.com\/wp-content\/uploads\/2025\/08\/115075-pala-royal-padel-rp-m27-light-25-1200x1200-1.webp","datePublished":"2025-08-10T09:57:29+00:00","dateModified":"2026-04-14T12:01:24+00:00","description":"Compra la Royal Padel M27 Light 2025 en Revolution Padel Store. Pala de control con n\u00facleo Soft y carbono 3K, m\u00e1xima precisi\u00f3n, confort y absorci\u00f3n de vibraciones.","breadcrumb":{"@id":"https:\/\/revolutionpadelstore.com\/fr\/produit\/royal-padel-m27-light-2025-3\/#breadcrumb"},"inLanguage":"fr-FR","potentialAction":[{"@type":"ReadAction","target":["https:\/\/revolutionpadelstore.com\/fr\/produit\/royal-padel-m27-light-2025-3\/"]}]},{"@type":"ImageObject","inLanguage":"fr-FR","@id":"https:\/\/revolutionpadelstore.com\/fr\/produit\/royal-padel-m27-light-2025-3\/#primaryimage","url":"https:\/\/revolutionpadelstore.com\/wp-content\/uploads\/2025\/08\/115075-pala-royal-padel-rp-m27-light-25-1200x1200-1.webp","contentUrl":"https:\/\/revolutionpadelstore.com\/wp-content\/uploads\/2025\/08\/115075-pala-royal-padel-rp-m27-light-25-1200x1200-1.webp","width":1200,"height":1200},{"@type":"BreadcrumbList","@id":"https:\/\/revolutionpadelstore.com\/fr\/produit\/royal-padel-m27-light-2025-3\/#breadcrumb","itemListElement":[{"@type":"ListItem","position":1,"name":"Portada","item":"https:\/\/revolutionpadelstore.com\/fr\/"},{"@type":"ListItem","position":2,"name":"Boutique","item":"https:\/\/revolutionpadelstore.com\/fr\/tienda\/"},{"@type":"ListItem","position":3,"name":"ROYAL PADEL M27 LIGHT 2025"}]},{"@type":"WebSite","@id":"https:\/\/revolutionpadelstore.com\/fr\/#website","url":"https:\/\/revolutionpadelstore.com\/fr\/","name":"Revolution Padel Store","description":"","publisher":{"@id":"https:\/\/revolutionpadelstore.com\/fr\/#organization"},"potentialAction":[{"@type":"SearchAction","target":{"@type":"EntryPoint","urlTemplate":"https:\/\/revolutionpadelstore.com\/fr\/?s={search_term_string}"},"query-input":{"@type":"PropertyValueSpecification","valueRequired":true,"valueName":"search_term_string"}}],"inLanguage":"fr-FR"},{"@type":"Organization","@id":"https:\/\/revolutionpadelstore.com\/fr\/#organization","name":"Revolution Padel Store","url":"https:\/\/revolutionpadelstore.com\/fr\/","logo":{"@type":"ImageObject","inLanguage":"fr-FR","@id":"https:\/\/revolutionpadelstore.com\/fr\/#\/schema\/logo\/image\/","url":"https:\/\/revolutionpadelstore.com\/wp-content\/uploads\/2026\/02\/revolution-padel-store.jpg","contentUrl":"https:\/\/revolutionpadelstore.com\/wp-content\/uploads\/2026\/02\/revolution-padel-store.jpg","width":2000,"height":2000,"caption":"Revolution Padel Store"},"image":{"@id":"https:\/\/revolutionpadelstore.com\/fr\/#\/schema\/logo\/image\/"},"sameAs":["https:\/\/www.instagram.com\/revolutionpadelstore\/"]}]}},"_links":{"self":[{"href":"https:\/\/revolutionpadelstore.com\/fr\/wp-json\/wp\/v2\/product\/264966","targetHints":{"allow":["GET"]}}],"collection":[{"href":"https:\/\/revolutionpadelstore.com\/fr\/wp-json\/wp\/v2\/product"}],"about":[{"href":"https:\/\/revolutionpadelstore.com\/fr\/wp-json\/wp\/v2\/types\/product"}],"replies":[{"embeddable":true,"href":"https:\/\/revolutionpadelstore.com\/fr\/wp-json\/wp\/v2\/comments?post=264966"}],"wp:featuredmedia":[{"embeddable":true,"href":"https:\/\/revolutionpadelstore.com\/fr\/wp-json\/wp\/v2\/media\/264972"}],"wp:attachment":[{"href":"https:\/\/revolutionpadelstore.com\/fr\/wp-json\/wp\/v2\/media?parent=264966"}],"wp:term":[{"taxonomy":"acabado","embeddable":true,"href":"https:\/\/revolutionpadelstore.com\/fr\/wp-json\/wp\/v2\/acabado?post=264966"},{"taxonomy":"balance","embeddable":true,"href":"https:\/\/revolutionpadelstore.com\/fr\/wp-json\/wp\/v2\/balance?post=264966"},{"taxonomy":"dureza","embeddable":true,"href":"https:\/\/revolutionpadelstore.com\/fr\/wp-json\/wp\/v2\/dureza?post=264966"},{"taxonomy":"forma","embeddable":true,"href":"https:\/\/revolutionpadelstore.com\/fr\/wp-json\/wp\/v2\/forma?post=264966"},{"taxonomy":"jugador","embeddable":true,"href":"https:\/\/revolutionpadelstore.com\/fr\/wp-json\/wp\/v2\/jugador?post=264966"},{"taxonomy":"marca","embeddable":true,"href":"https:\/\/revolutionpadelstore.com\/fr\/wp-json\/wp\/v2\/marca?post=264966"},{"taxonomy":"nivel-de-juego","embeddable":true,"href":"https:\/\/revolutionpadelstore.com\/fr\/wp-json\/wp\/v2\/nivel-de-juego?post=264966"},{"taxonomy":"superficie","embeddable":true,"href":"https:\/\/revolutionpadelstore.com\/fr\/wp-json\/wp\/v2\/superficie?post=264966"},{"taxonomy":"tipo-de-juego","embeddable":true,"href":"https:\/\/revolutionpadelstore.com\/fr\/wp-json\/wp\/v2\/tipo-de-juego?post=264966"},{"taxonomy":"product_brand","embeddable":true,"href":"https:\/\/revolutionpadelstore.com\/fr\/wp-json\/wp\/v2\/product_brand?post=264966"},{"taxonomy":"product_cat","embeddable":true,"href":"https:\/\/revolutionpadelstore.com\/fr\/wp-json\/wp\/v2\/product_cat?post=264966"},{"taxonomy":"product_tag","embeddable":true,"href":"https:\/\/revolutionpadelstore.com\/fr\/wp-json\/wp\/v2\/product_tag?post=264966"}],"curies":[{"name":"wp","href":"https:\/\/api.w.org\/{rel}","templated":true}]}}