{"id":264942,"date":"2025-08-10T11:55:45","date_gmt":"2025-08-10T09:55:45","guid":{"rendered":"https:\/\/revolutionpadelstore.com\/royal-padel-fury-2025\/"},"modified":"2026-04-08T04:37:25","modified_gmt":"2026-04-08T02:37:25","slug":"royal-padel-r-fury-2025-3","status":"publish","type":"product","link":"https:\/\/revolutionpadelstore.com\/fr\/produit\/royal-padel-r-fury-2025-3\/","title":{"rendered":"ROYAL PADEL R FURY 2025"},"content":{"rendered":"<h2><strong>Royal Padel R Fury 2025 \u2013 Puissance et pr\u00e9cision \u00e0 chaque coup<\/strong><\/h2>\n<p>La <strong>Royal Padel R Fury 2025<\/strong> est une raquette de padel haute performance, repens\u00e9e pour offrir une puissance explosive sans perdre de contr\u00f4le. Fabriqu\u00e9e avec une <strong>structure 100% carbone 12K<\/strong> et un <strong>noyau Mid Hard EVA<\/strong>, cette raquette garantit un toucher ferme et une sortie de balle impressionnante, parfaite pour les joueurs cherchant \u00e0 dominer le jeu offensif.<\/p>\n<p>Sa forme <strong>Diamond Oversize<\/strong> \u00e9largit le sweet spot, vous permettant de terminer avec force et pr\u00e9cision, tandis que l&#8217;<strong>\u00e9quilibre moyen<\/strong> offre la stabilit\u00e9 n\u00e9cessaire pour garder le contr\u00f4le dans les rallyes exigeants. Id\u00e9al pour les <strong>joueurs confirm\u00e9s et professionnels<\/strong>, le Fury 2025 est synonyme de puissance ma\u00eetris\u00e9e.<\/p>\n<h2><strong>Caract\u00e9ristiques techniques<\/strong><\/h2>\n<p><strong>-Frame<\/strong> : Double boyau bidirectionnel 100% Carbone 3K 3D Hexcel Twill Aeronautical.<\/p>\n<p><strong>-Core<\/strong> : caoutchouc EVA mi-dur, sensation ferme pour un maximum de puissance et de contr\u00f4le.<\/p>\n<p><strong>-Surface<\/strong> : syst\u00e8me <strong>Total Rough Spin<\/strong>, une meilleure adh\u00e9rence pour g\u00e9n\u00e9rer des effets et am\u00e9liorer la pr\u00e9cision.<\/p>\n<p><strong>-Shape<\/strong> : Diamant surdimensionn\u00e9 pour une plus grande puissance dans la finition et un sweet spot \u00e9largi.<\/p>\n<p><strong>-Poids<\/strong> : 365 &#8211; 380 grammes.<\/p>\n<h2><strong>Avantages de la Royal Padel R Fury 2025<\/strong><\/h2>\n<p>-Puissance exceptionnelle pour les coups finisseurs et offensifs.<\/p>\n<p>-Contr\u00f4le optimis\u00e9 gr\u00e2ce \u00e0 son \u00e9quilibre moyen et sa forme surdimensionn\u00e9e.<\/p>\n<p>-Une plus grande capacit\u00e9 de rotation pour des jeux plus strat\u00e9giques.<\/p>\n<p>-Mat\u00e9riaux haut de gamme pour plus de r\u00e9sistance et de durabilit\u00e9.<\/p>\n<h2><strong>Dominez le terrain avec puissance et style<\/strong><\/h2>\n<p>Si votre jeu est bas\u00e9 sur l&#8217;agressivit\u00e9 et la pr\u00e9cision, la <strong>Royal Padel R Fury 2025<\/strong> est votre parfaite alli\u00e9e. Sa conception avanc\u00e9e et ses mat\u00e9riaux de premier ordre vous permettront de faire passer vos performances au niveau sup\u00e9rieur. Faites de chaque point une opportunit\u00e9 de gagner !<\/p>\n<p><strong>Disponible d\u00e8s maintenant dans notre boutique en ligne <a href=\"http:\/\/www.revolutionpadelstore.com\/\">www.revolutionpadelstore.com<\/a><\/strong>, probablement au meilleur prix du march\u00e9.<\/p>\n<h2><strong>Royal Padel R Fury 2025 \u2013 Potencia y precisi\u00f3n en cada golpe<\/strong><\/p>\n","protected":false},"excerpt":{"rendered":"<p>La Royal Padel R Fury 2025 est une raquette con\u00e7ue pour offrir une grande puissance, \u00e9quip\u00e9e d&#8217;un noyau Mid Hard EVA et d&#8217;une surface en carbone 12K. Il est con\u00e7u pour les joueurs avanc\u00e9s qui privil\u00e9gient la force et la pr\u00e9cision dans leurs tirs offensifs.<\/p>\n","protected":false},"featured_media":264948,"comment_status":"open","ping_status":"closed","template":"","meta":{"_acf_changed":false,"_joinchat":[]},"acabado":[1092],"balance":[1142],"dureza":[1157],"forma":[1172],"jugador":[1192],"marca":[1322],"nivel-de-juego":[1337],"superficie":[1362],"tipo-de-juego":[1377],"product_brand":[],"product_cat":[302],"product_tag":[],"class_list":{"0":"post-264942","1":"product","2":"type-product","3":"status-publish","4":"has-post-thumbnail","6":"acabado-soulager-la-3d","7":"balance-moyen","8":"dureza-media-fr","9":"forma-diamant","10":"jugador-homme","11":"marca-mur-royal","12":"superficie-rugosa-fr","13":"tipo-de-juego-puissance","14":"product_cat-palas-de-padel-fr","16":"first","17":"instock","18":"sale","19":"taxable","20":"shipping-taxable","21":"purchasable","22":"product-type-simple"},"acf":[],"yoast_head":"<!-- This site is optimized with the Yoast SEO plugin v27.4 - https:\/\/yoast.com\/product\/yoast-seo-wordpress\/ -->\n<title>ROYAL PADEL R FURY 2025 - Revolution Padel Store<\/title>\n<meta name=\"description\" content=\"Compra la Royal Padel R Fury 2025 en Revolution Padel Store. Potencia y control en una pala de p\u00e1del profesional con Carbono 12K, EVA Mid Hard y forma Diamante Oversize.\" \/>\n<meta name=\"robots\" content=\"index, follow, max-snippet:-1, max-image-preview:large, max-video-preview:-1\" \/>\n<link rel=\"canonical\" href=\"https:\/\/revolutionpadelstore.com\/fr\/produit\/royal-padel-r-fury-2025-3\/\" \/>\n<meta property=\"og:locale\" content=\"fr_FR\" \/>\n<meta property=\"og:type\" content=\"article\" \/>\n<meta property=\"og:title\" content=\"ROYAL PADEL R FURY 2025 - Revolution Padel Store\" \/>\n<meta property=\"og:description\" content=\"Compra la Royal Padel R Fury 2025 en Revolution Padel Store. Potencia y control en una pala de p\u00e1del profesional con Carbono 12K, EVA Mid Hard y forma Diamante Oversize.\" \/>\n<meta property=\"og:url\" content=\"https:\/\/revolutionpadelstore.com\/fr\/produit\/royal-padel-r-fury-2025-3\/\" \/>\n<meta property=\"og:site_name\" content=\"Revolution Padel Store\" \/>\n<meta property=\"article:modified_time\" content=\"2026-04-08T02:37:25+00:00\" \/>\n<meta property=\"og:image\" content=\"https:\/\/revolutionpadelstore.com\/wp-content\/uploads\/2025\/08\/115074-pala-royal-padel-rp-m27-fury-25-1500x1500-1.webp\" \/>\n\t<meta property=\"og:image:width\" content=\"1500\" \/>\n\t<meta property=\"og:image:height\" content=\"1500\" \/>\n\t<meta property=\"og:image:type\" content=\"image\/webp\" \/>\n<meta name=\"twitter:card\" content=\"summary_large_image\" \/>\n<meta name=\"twitter:label1\" content=\"Dur\u00e9e de lecture estim\u00e9e\" \/>\n\t<meta name=\"twitter:data1\" content=\"2 minutes\" \/>\n<script type=\"application\/ld+json\" class=\"yoast-schema-graph\">{\"@context\":\"https:\\\/\\\/schema.org\",\"@graph\":[{\"@type\":\"WebPage\",\"@id\":\"https:\\\/\\\/revolutionpadelstore.com\\\/fr\\\/produit\\\/royal-padel-r-fury-2025-3\\\/\",\"url\":\"https:\\\/\\\/revolutionpadelstore.com\\\/fr\\\/produit\\\/royal-padel-r-fury-2025-3\\\/\",\"name\":\"ROYAL PADEL R FURY 2025 - Revolution Padel Store\",\"isPartOf\":{\"@id\":\"https:\\\/\\\/revolutionpadelstore.com\\\/fr\\\/#website\"},\"primaryImageOfPage\":{\"@id\":\"https:\\\/\\\/revolutionpadelstore.com\\\/fr\\\/produit\\\/royal-padel-r-fury-2025-3\\\/#primaryimage\"},\"image\":{\"@id\":\"https:\\\/\\\/revolutionpadelstore.com\\\/fr\\\/produit\\\/royal-padel-r-fury-2025-3\\\/#primaryimage\"},\"thumbnailUrl\":\"https:\\\/\\\/revolutionpadelstore.com\\\/wp-content\\\/uploads\\\/2025\\\/08\\\/115074-pala-royal-padel-rp-m27-fury-25-1500x1500-1.webp\",\"datePublished\":\"2025-08-10T09:55:45+00:00\",\"dateModified\":\"2026-04-08T02:37:25+00:00\",\"description\":\"Compra la Royal Padel R Fury 2025 en Revolution Padel Store. Potencia y control en una pala de p\u00e1del profesional con Carbono 12K, EVA Mid Hard y forma Diamante Oversize.\",\"breadcrumb\":{\"@id\":\"https:\\\/\\\/revolutionpadelstore.com\\\/fr\\\/produit\\\/royal-padel-r-fury-2025-3\\\/#breadcrumb\"},\"inLanguage\":\"fr-FR\",\"potentialAction\":[{\"@type\":\"ReadAction\",\"target\":[\"https:\\\/\\\/revolutionpadelstore.com\\\/fr\\\/produit\\\/royal-padel-r-fury-2025-3\\\/\"]}]},{\"@type\":\"ImageObject\",\"inLanguage\":\"fr-FR\",\"@id\":\"https:\\\/\\\/revolutionpadelstore.com\\\/fr\\\/produit\\\/royal-padel-r-fury-2025-3\\\/#primaryimage\",\"url\":\"https:\\\/\\\/revolutionpadelstore.com\\\/wp-content\\\/uploads\\\/2025\\\/08\\\/115074-pala-royal-padel-rp-m27-fury-25-1500x1500-1.webp\",\"contentUrl\":\"https:\\\/\\\/revolutionpadelstore.com\\\/wp-content\\\/uploads\\\/2025\\\/08\\\/115074-pala-royal-padel-rp-m27-fury-25-1500x1500-1.webp\",\"width\":1500,\"height\":1500},{\"@type\":\"BreadcrumbList\",\"@id\":\"https:\\\/\\\/revolutionpadelstore.com\\\/fr\\\/produit\\\/royal-padel-r-fury-2025-3\\\/#breadcrumb\",\"itemListElement\":[{\"@type\":\"ListItem\",\"position\":1,\"name\":\"Portada\",\"item\":\"https:\\\/\\\/revolutionpadelstore.com\\\/fr\\\/\"},{\"@type\":\"ListItem\",\"position\":2,\"name\":\"Boutique\",\"item\":\"https:\\\/\\\/revolutionpadelstore.com\\\/fr\\\/tienda\\\/\"},{\"@type\":\"ListItem\",\"position\":3,\"name\":\"ROYAL PADEL R FURY 2025\"}]},{\"@type\":\"WebSite\",\"@id\":\"https:\\\/\\\/revolutionpadelstore.com\\\/fr\\\/#website\",\"url\":\"https:\\\/\\\/revolutionpadelstore.com\\\/fr\\\/\",\"name\":\"Revolution Padel Store\",\"description\":\"\",\"publisher\":{\"@id\":\"https:\\\/\\\/revolutionpadelstore.com\\\/fr\\\/#organization\"},\"potentialAction\":[{\"@type\":\"SearchAction\",\"target\":{\"@type\":\"EntryPoint\",\"urlTemplate\":\"https:\\\/\\\/revolutionpadelstore.com\\\/fr\\\/?s={search_term_string}\"},\"query-input\":{\"@type\":\"PropertyValueSpecification\",\"valueRequired\":true,\"valueName\":\"search_term_string\"}}],\"inLanguage\":\"fr-FR\"},{\"@type\":\"Organization\",\"@id\":\"https:\\\/\\\/revolutionpadelstore.com\\\/fr\\\/#organization\",\"name\":\"Revolution Padel Store\",\"url\":\"https:\\\/\\\/revolutionpadelstore.com\\\/fr\\\/\",\"logo\":{\"@type\":\"ImageObject\",\"inLanguage\":\"fr-FR\",\"@id\":\"https:\\\/\\\/revolutionpadelstore.com\\\/fr\\\/#\\\/schema\\\/logo\\\/image\\\/\",\"url\":\"https:\\\/\\\/revolutionpadelstore.com\\\/wp-content\\\/uploads\\\/2026\\\/02\\\/revolution-padel-store.jpg\",\"contentUrl\":\"https:\\\/\\\/revolutionpadelstore.com\\\/wp-content\\\/uploads\\\/2026\\\/02\\\/revolution-padel-store.jpg\",\"width\":2000,\"height\":2000,\"caption\":\"Revolution Padel Store\"},\"image\":{\"@id\":\"https:\\\/\\\/revolutionpadelstore.com\\\/fr\\\/#\\\/schema\\\/logo\\\/image\\\/\"},\"sameAs\":[\"https:\\\/\\\/www.instagram.com\\\/revolutionpadelstore\\\/\"]}]}<\/script>\n<!-- \/ Yoast SEO plugin. -->","yoast_head_json":{"title":"ROYAL PADEL R FURY 2025 - Revolution Padel Store","description":"Compra la Royal Padel R Fury 2025 en Revolution Padel Store. Potencia y control en una pala de p\u00e1del profesional con Carbono 12K, EVA Mid Hard y forma Diamante Oversize.","robots":{"index":"index","follow":"follow","max-snippet":"max-snippet:-1","max-image-preview":"max-image-preview:large","max-video-preview":"max-video-preview:-1"},"canonical":"https:\/\/revolutionpadelstore.com\/fr\/produit\/royal-padel-r-fury-2025-3\/","og_locale":"fr_FR","og_type":"article","og_title":"ROYAL PADEL R FURY 2025 - Revolution Padel Store","og_description":"Compra la Royal Padel R Fury 2025 en Revolution Padel Store. Potencia y control en una pala de p\u00e1del profesional con Carbono 12K, EVA Mid Hard y forma Diamante Oversize.","og_url":"https:\/\/revolutionpadelstore.com\/fr\/produit\/royal-padel-r-fury-2025-3\/","og_site_name":"Revolution Padel Store","article_modified_time":"2026-04-08T02:37:25+00:00","og_image":[{"width":1500,"height":1500,"url":"https:\/\/revolutionpadelstore.com\/wp-content\/uploads\/2025\/08\/115074-pala-royal-padel-rp-m27-fury-25-1500x1500-1.webp","type":"image\/webp"}],"twitter_card":"summary_large_image","twitter_misc":{"Dur\u00e9e de lecture estim\u00e9e":"2 minutes"},"schema":{"@context":"https:\/\/schema.org","@graph":[{"@type":"WebPage","@id":"https:\/\/revolutionpadelstore.com\/fr\/produit\/royal-padel-r-fury-2025-3\/","url":"https:\/\/revolutionpadelstore.com\/fr\/produit\/royal-padel-r-fury-2025-3\/","name":"ROYAL PADEL R FURY 2025 - Revolution Padel Store","isPartOf":{"@id":"https:\/\/revolutionpadelstore.com\/fr\/#website"},"primaryImageOfPage":{"@id":"https:\/\/revolutionpadelstore.com\/fr\/produit\/royal-padel-r-fury-2025-3\/#primaryimage"},"image":{"@id":"https:\/\/revolutionpadelstore.com\/fr\/produit\/royal-padel-r-fury-2025-3\/#primaryimage"},"thumbnailUrl":"https:\/\/revolutionpadelstore.com\/wp-content\/uploads\/2025\/08\/115074-pala-royal-padel-rp-m27-fury-25-1500x1500-1.webp","datePublished":"2025-08-10T09:55:45+00:00","dateModified":"2026-04-08T02:37:25+00:00","description":"Compra la Royal Padel R Fury 2025 en Revolution Padel Store. Potencia y control en una pala de p\u00e1del profesional con Carbono 12K, EVA Mid Hard y forma Diamante Oversize.","breadcrumb":{"@id":"https:\/\/revolutionpadelstore.com\/fr\/produit\/royal-padel-r-fury-2025-3\/#breadcrumb"},"inLanguage":"fr-FR","potentialAction":[{"@type":"ReadAction","target":["https:\/\/revolutionpadelstore.com\/fr\/produit\/royal-padel-r-fury-2025-3\/"]}]},{"@type":"ImageObject","inLanguage":"fr-FR","@id":"https:\/\/revolutionpadelstore.com\/fr\/produit\/royal-padel-r-fury-2025-3\/#primaryimage","url":"https:\/\/revolutionpadelstore.com\/wp-content\/uploads\/2025\/08\/115074-pala-royal-padel-rp-m27-fury-25-1500x1500-1.webp","contentUrl":"https:\/\/revolutionpadelstore.com\/wp-content\/uploads\/2025\/08\/115074-pala-royal-padel-rp-m27-fury-25-1500x1500-1.webp","width":1500,"height":1500},{"@type":"BreadcrumbList","@id":"https:\/\/revolutionpadelstore.com\/fr\/produit\/royal-padel-r-fury-2025-3\/#breadcrumb","itemListElement":[{"@type":"ListItem","position":1,"name":"Portada","item":"https:\/\/revolutionpadelstore.com\/fr\/"},{"@type":"ListItem","position":2,"name":"Boutique","item":"https:\/\/revolutionpadelstore.com\/fr\/tienda\/"},{"@type":"ListItem","position":3,"name":"ROYAL PADEL R FURY 2025"}]},{"@type":"WebSite","@id":"https:\/\/revolutionpadelstore.com\/fr\/#website","url":"https:\/\/revolutionpadelstore.com\/fr\/","name":"Revolution Padel Store","description":"","publisher":{"@id":"https:\/\/revolutionpadelstore.com\/fr\/#organization"},"potentialAction":[{"@type":"SearchAction","target":{"@type":"EntryPoint","urlTemplate":"https:\/\/revolutionpadelstore.com\/fr\/?s={search_term_string}"},"query-input":{"@type":"PropertyValueSpecification","valueRequired":true,"valueName":"search_term_string"}}],"inLanguage":"fr-FR"},{"@type":"Organization","@id":"https:\/\/revolutionpadelstore.com\/fr\/#organization","name":"Revolution Padel Store","url":"https:\/\/revolutionpadelstore.com\/fr\/","logo":{"@type":"ImageObject","inLanguage":"fr-FR","@id":"https:\/\/revolutionpadelstore.com\/fr\/#\/schema\/logo\/image\/","url":"https:\/\/revolutionpadelstore.com\/wp-content\/uploads\/2026\/02\/revolution-padel-store.jpg","contentUrl":"https:\/\/revolutionpadelstore.com\/wp-content\/uploads\/2026\/02\/revolution-padel-store.jpg","width":2000,"height":2000,"caption":"Revolution Padel Store"},"image":{"@id":"https:\/\/revolutionpadelstore.com\/fr\/#\/schema\/logo\/image\/"},"sameAs":["https:\/\/www.instagram.com\/revolutionpadelstore\/"]}]}},"_links":{"self":[{"href":"https:\/\/revolutionpadelstore.com\/fr\/wp-json\/wp\/v2\/product\/264942","targetHints":{"allow":["GET"]}}],"collection":[{"href":"https:\/\/revolutionpadelstore.com\/fr\/wp-json\/wp\/v2\/product"}],"about":[{"href":"https:\/\/revolutionpadelstore.com\/fr\/wp-json\/wp\/v2\/types\/product"}],"replies":[{"embeddable":true,"href":"https:\/\/revolutionpadelstore.com\/fr\/wp-json\/wp\/v2\/comments?post=264942"}],"wp:featuredmedia":[{"embeddable":true,"href":"https:\/\/revolutionpadelstore.com\/fr\/wp-json\/wp\/v2\/media\/264948"}],"wp:attachment":[{"href":"https:\/\/revolutionpadelstore.com\/fr\/wp-json\/wp\/v2\/media?parent=264942"}],"wp:term":[{"taxonomy":"acabado","embeddable":true,"href":"https:\/\/revolutionpadelstore.com\/fr\/wp-json\/wp\/v2\/acabado?post=264942"},{"taxonomy":"balance","embeddable":true,"href":"https:\/\/revolutionpadelstore.com\/fr\/wp-json\/wp\/v2\/balance?post=264942"},{"taxonomy":"dureza","embeddable":true,"href":"https:\/\/revolutionpadelstore.com\/fr\/wp-json\/wp\/v2\/dureza?post=264942"},{"taxonomy":"forma","embeddable":true,"href":"https:\/\/revolutionpadelstore.com\/fr\/wp-json\/wp\/v2\/forma?post=264942"},{"taxonomy":"jugador","embeddable":true,"href":"https:\/\/revolutionpadelstore.com\/fr\/wp-json\/wp\/v2\/jugador?post=264942"},{"taxonomy":"marca","embeddable":true,"href":"https:\/\/revolutionpadelstore.com\/fr\/wp-json\/wp\/v2\/marca?post=264942"},{"taxonomy":"nivel-de-juego","embeddable":true,"href":"https:\/\/revolutionpadelstore.com\/fr\/wp-json\/wp\/v2\/nivel-de-juego?post=264942"},{"taxonomy":"superficie","embeddable":true,"href":"https:\/\/revolutionpadelstore.com\/fr\/wp-json\/wp\/v2\/superficie?post=264942"},{"taxonomy":"tipo-de-juego","embeddable":true,"href":"https:\/\/revolutionpadelstore.com\/fr\/wp-json\/wp\/v2\/tipo-de-juego?post=264942"},{"taxonomy":"product_brand","embeddable":true,"href":"https:\/\/revolutionpadelstore.com\/fr\/wp-json\/wp\/v2\/product_brand?post=264942"},{"taxonomy":"product_cat","embeddable":true,"href":"https:\/\/revolutionpadelstore.com\/fr\/wp-json\/wp\/v2\/product_cat?post=264942"},{"taxonomy":"product_tag","embeddable":true,"href":"https:\/\/revolutionpadelstore.com\/fr\/wp-json\/wp\/v2\/product_tag?post=264942"}],"curies":[{"name":"wp","href":"https:\/\/api.w.org\/{rel}","templated":true}]}}