{"id":264486,"date":"2025-07-19T09:11:45","date_gmt":"2025-07-19T07:11:45","guid":{"rendered":"https:\/\/revolutionpadelstore.com\/falda-bullpadel-dalia-mujer\/"},"modified":"2026-04-08T04:42:21","modified_gmt":"2026-04-08T02:42:21","slug":"falda-bullpadel-dalia-mujer-3","status":"publish","type":"product","link":"https:\/\/revolutionpadelstore.com\/fr\/produit\/falda-bullpadel-dalia-mujer-3\/","title":{"rendered":"FALDA BULLPADEL DALIA MUJER"},"content":{"rendered":"<h2>Jupe Femme Bullpadel Dalia \u2013 Confort, style et performance sur le terrain<\/h2>\n<p>Dominez le terrain avec la <strong>Jupe Femme Bullpadel Dalia<\/strong>, un v\u00eatement indispensable pour les joueuses \u00e0 la recherche de confort, de libert\u00e9 de mouvement et d&#8217;un style moderne. Con\u00e7ue par l&#8217;une des marques les plus reconnues dans le monde du padel, Bullpadel, cette jupe combine des mat\u00e9riaux de haute qualit\u00e9 avec une technologie de pointe pour maximiser vos performances.<\/p>\n<h2> Fonctionnalit\u00e9s mises en \u00e9vidence<\/h2>\n<p><strong>-Design flatteur :<\/strong> Taille haute et maille int\u00e9rieure qui stylisent la silhouette f\u00e9minine et offrent un meilleur soutien.<\/p>\n<p><strong>-Libert\u00e9 de mouvement :<\/strong> Ouverture frontale et tissu micro-perfor\u00e9 dans le dos pour une mobilit\u00e9 sans restriction.<\/p>\n<p><strong>-Technologie Drynamic :<\/strong> Syst\u00e8me de s\u00e9chage rapide qui r\u00e9duit l&#8217;humidit\u00e9 et am\u00e9liore la transpiration pour vous garder au frais et au sec tout au long du match.<\/p>\n<p><strong>-Label Delfi Brea :<\/strong> Label de qualit\u00e9 qui garantit l&#8217;utilisation professionnelle et les hautes performances du produit.<\/p>\n<p><strong>-Mat\u00e9riaux haut de gamme :<\/strong> Fabriqu\u00e9 en jersey \u00e9lastique de polyester et \u00e9lasthanne, doux au toucher et tr\u00e8s r\u00e9sistant \u00e0 un usage sportif.<\/p>\n<h2> Id\u00e9al pour les joueurs exigeants<\/h2>\n<p>Cette jupe de sport est con\u00e7ue pour les femmes qui s&#8217;entra\u00eenent ou participent r\u00e9guli\u00e8rement \u00e0 des comp\u00e9titions et qui ne veulent pas renoncer \u00e0 l&#8217;\u00e9l\u00e9gance ou au confort. Sa conception technique lui permet de s&#8217;adapter au corps et de bouger en toute libert\u00e9, tandis que son esth\u00e9tique raffin\u00e9e lui conf\u00e8re un look professionnel et moderne sur le court.<\/p>\n<h2> Avantages de choisir la jupe Bullpadel Dalia<\/h2>\n<p>-Combinable avec n&#8217;importe quel t-shirt ou haut de padel.<\/p>\n<p>-Excellente respirabilit\u00e9 m\u00eame lors des entra\u00eenements les plus intenses.<\/p>\n<p>-Marque reconnue par les joueurs professionnels.<\/p>\n<p>-Parfait pour une utilisation en comp\u00e9tition et r\u00e9cr\u00e9ative.<\/p>\n<h2> Obtenez-le maintenant !<\/h2>\n<p>Ne manquez pas l&#8217;occasion d&#8217;am\u00e9liorer votre \u00e9quipement avec cette jupe Bullpadel. Obtenez-le sur <strong><a href=\"http:\/\/www.revolutionpadelstore.com\/\">www.revolutionpadelstore.com<\/a><\/strong>, probablement au <strong>meilleur prix du march\u00e9<\/strong> et avec une livraison rapide garantie.<\/p>\n<h2>Falda Bullpadel Dalia Mujer \u2013 Confort, Estilo y Rendimiento en la Pista<\/h2>\n","protected":false},"excerpt":{"rendered":"<p><strong data-start=\"51\" data-end=\"87\">Jupe Bullpadel Dalia pour femme<\/strong>, con\u00e7ue avec un tissu en polyester \u00e9lastique qui int\u00e8gre la technologie <strong data-start=\"162\" data-end=\"174\">Drynamic<\/strong>, qui favorise un s\u00e9chage rapide. Il fait partie de la collection portant le sceau <strong data-start=\"255\" data-end=\"269\" data-is-only-node=\"\">Delfi Brea<\/strong>.<strong data-start=\"51\" data-end=\"87\">Falda Bullpadel Dalia para mujer<\/strong><\/p>\n","protected":false},"featured_media":264480,"comment_status":"open","ping_status":"closed","template":"","meta":{"_acf_changed":false,"_joinchat":[]},"acabado":[],"balance":[],"dureza":[],"forma":[],"jugador":[],"marca":[1257],"nivel-de-juego":[],"superficie":[],"tipo-de-juego":[],"product_brand":[],"product_cat":[344],"product_tag":[],"class_list":{"0":"post-264486","1":"product","2":"type-product","3":"status-publish","4":"has-post-thumbnail","6":"marca-bullpadel-fr","7":"product_cat-ropa-fr","9":"first","10":"outofstock","11":"sale","12":"taxable","13":"shipping-taxable","14":"purchasable","15":"product-type-variable"},"acf":[],"yoast_head":"<!-- This site is optimized with the Yoast SEO plugin v27.4 - https:\/\/yoast.com\/product\/yoast-seo-wordpress\/ -->\n<title>FALDA BULLPADEL DALIA MUJER - Revolution Padel Store<\/title>\n<meta name=\"description\" content=\"Compra la Falda Bullpadel Dalia Mujer en Revolution Padel Store. Comodidad, transpirabilidad y dise\u00f1o profesional con tecnolog\u00eda Drynamic. \u00a1Disponible al mejor precio!\" \/>\n<meta name=\"robots\" content=\"index, follow, max-snippet:-1, max-image-preview:large, max-video-preview:-1\" \/>\n<link rel=\"canonical\" href=\"https:\/\/revolutionpadelstore.com\/fr\/produit\/falda-bullpadel-dalia-mujer-3\/\" \/>\n<meta property=\"og:locale\" content=\"fr_FR\" \/>\n<meta property=\"og:type\" content=\"article\" \/>\n<meta property=\"og:title\" content=\"FALDA BULLPADEL DALIA MUJER - Revolution Padel Store\" \/>\n<meta property=\"og:description\" content=\"Compra la Falda Bullpadel Dalia Mujer en Revolution Padel Store. Comodidad, transpirabilidad y dise\u00f1o profesional con tecnolog\u00eda Drynamic. \u00a1Disponible al mejor precio!\" \/>\n<meta property=\"og:url\" content=\"https:\/\/revolutionpadelstore.com\/fr\/produit\/falda-bullpadel-dalia-mujer-3\/\" \/>\n<meta property=\"og:site_name\" content=\"Revolution Padel Store\" \/>\n<meta property=\"article:modified_time\" content=\"2026-04-08T02:42:21+00:00\" \/>\n<meta property=\"og:image\" content=\"https:\/\/revolutionpadelstore.com\/wp-content\/uploads\/2025\/07\/114365_falda_basica_bullpadel_dalia_031_azul_tinta_1200x1200_1_face.webp\" \/>\n\t<meta property=\"og:image:width\" content=\"1200\" \/>\n\t<meta property=\"og:image:height\" content=\"1200\" \/>\n\t<meta property=\"og:image:type\" content=\"image\/webp\" \/>\n<meta name=\"twitter:card\" content=\"summary_large_image\" \/>\n<meta name=\"twitter:label1\" content=\"Dur\u00e9e de lecture estim\u00e9e\" \/>\n\t<meta name=\"twitter:data1\" content=\"2 minutes\" \/>\n<script type=\"application\/ld+json\" class=\"yoast-schema-graph\">{\"@context\":\"https:\\\/\\\/schema.org\",\"@graph\":[{\"@type\":\"WebPage\",\"@id\":\"https:\\\/\\\/revolutionpadelstore.com\\\/fr\\\/produit\\\/falda-bullpadel-dalia-mujer-3\\\/\",\"url\":\"https:\\\/\\\/revolutionpadelstore.com\\\/fr\\\/produit\\\/falda-bullpadel-dalia-mujer-3\\\/\",\"name\":\"FALDA BULLPADEL DALIA MUJER - Revolution Padel Store\",\"isPartOf\":{\"@id\":\"https:\\\/\\\/revolutionpadelstore.com\\\/fr\\\/#website\"},\"primaryImageOfPage\":{\"@id\":\"https:\\\/\\\/revolutionpadelstore.com\\\/fr\\\/produit\\\/falda-bullpadel-dalia-mujer-3\\\/#primaryimage\"},\"image\":{\"@id\":\"https:\\\/\\\/revolutionpadelstore.com\\\/fr\\\/produit\\\/falda-bullpadel-dalia-mujer-3\\\/#primaryimage\"},\"thumbnailUrl\":\"https:\\\/\\\/revolutionpadelstore.com\\\/wp-content\\\/uploads\\\/2025\\\/07\\\/114365_falda_basica_bullpadel_dalia_031_azul_tinta_1200x1200_1_face.webp\",\"datePublished\":\"2025-07-19T07:11:45+00:00\",\"dateModified\":\"2026-04-08T02:42:21+00:00\",\"description\":\"Compra la Falda Bullpadel Dalia Mujer en Revolution Padel Store. Comodidad, transpirabilidad y dise\u00f1o profesional con tecnolog\u00eda Drynamic. \u00a1Disponible al mejor precio!\",\"breadcrumb\":{\"@id\":\"https:\\\/\\\/revolutionpadelstore.com\\\/fr\\\/produit\\\/falda-bullpadel-dalia-mujer-3\\\/#breadcrumb\"},\"inLanguage\":\"fr-FR\",\"potentialAction\":[{\"@type\":\"ReadAction\",\"target\":[\"https:\\\/\\\/revolutionpadelstore.com\\\/fr\\\/produit\\\/falda-bullpadel-dalia-mujer-3\\\/\"]}]},{\"@type\":\"ImageObject\",\"inLanguage\":\"fr-FR\",\"@id\":\"https:\\\/\\\/revolutionpadelstore.com\\\/fr\\\/produit\\\/falda-bullpadel-dalia-mujer-3\\\/#primaryimage\",\"url\":\"https:\\\/\\\/revolutionpadelstore.com\\\/wp-content\\\/uploads\\\/2025\\\/07\\\/114365_falda_basica_bullpadel_dalia_031_azul_tinta_1200x1200_1_face.webp\",\"contentUrl\":\"https:\\\/\\\/revolutionpadelstore.com\\\/wp-content\\\/uploads\\\/2025\\\/07\\\/114365_falda_basica_bullpadel_dalia_031_azul_tinta_1200x1200_1_face.webp\",\"width\":1200,\"height\":1200},{\"@type\":\"BreadcrumbList\",\"@id\":\"https:\\\/\\\/revolutionpadelstore.com\\\/fr\\\/produit\\\/falda-bullpadel-dalia-mujer-3\\\/#breadcrumb\",\"itemListElement\":[{\"@type\":\"ListItem\",\"position\":1,\"name\":\"Portada\",\"item\":\"https:\\\/\\\/revolutionpadelstore.com\\\/fr\\\/\"},{\"@type\":\"ListItem\",\"position\":2,\"name\":\"Boutique\",\"item\":\"https:\\\/\\\/revolutionpadelstore.com\\\/fr\\\/tienda\\\/\"},{\"@type\":\"ListItem\",\"position\":3,\"name\":\"FALDA BULLPADEL DALIA MUJER\"}]},{\"@type\":\"WebSite\",\"@id\":\"https:\\\/\\\/revolutionpadelstore.com\\\/fr\\\/#website\",\"url\":\"https:\\\/\\\/revolutionpadelstore.com\\\/fr\\\/\",\"name\":\"Revolution Padel Store\",\"description\":\"\",\"publisher\":{\"@id\":\"https:\\\/\\\/revolutionpadelstore.com\\\/fr\\\/#organization\"},\"potentialAction\":[{\"@type\":\"SearchAction\",\"target\":{\"@type\":\"EntryPoint\",\"urlTemplate\":\"https:\\\/\\\/revolutionpadelstore.com\\\/fr\\\/?s={search_term_string}\"},\"query-input\":{\"@type\":\"PropertyValueSpecification\",\"valueRequired\":true,\"valueName\":\"search_term_string\"}}],\"inLanguage\":\"fr-FR\"},{\"@type\":\"Organization\",\"@id\":\"https:\\\/\\\/revolutionpadelstore.com\\\/fr\\\/#organization\",\"name\":\"Revolution Padel Store\",\"url\":\"https:\\\/\\\/revolutionpadelstore.com\\\/fr\\\/\",\"logo\":{\"@type\":\"ImageObject\",\"inLanguage\":\"fr-FR\",\"@id\":\"https:\\\/\\\/revolutionpadelstore.com\\\/fr\\\/#\\\/schema\\\/logo\\\/image\\\/\",\"url\":\"https:\\\/\\\/revolutionpadelstore.com\\\/wp-content\\\/uploads\\\/2026\\\/02\\\/revolution-padel-store.jpg\",\"contentUrl\":\"https:\\\/\\\/revolutionpadelstore.com\\\/wp-content\\\/uploads\\\/2026\\\/02\\\/revolution-padel-store.jpg\",\"width\":2000,\"height\":2000,\"caption\":\"Revolution Padel Store\"},\"image\":{\"@id\":\"https:\\\/\\\/revolutionpadelstore.com\\\/fr\\\/#\\\/schema\\\/logo\\\/image\\\/\"},\"sameAs\":[\"https:\\\/\\\/www.instagram.com\\\/revolutionpadelstore\\\/\"]}]}<\/script>\n<!-- \/ Yoast SEO plugin. -->","yoast_head_json":{"title":"FALDA BULLPADEL DALIA MUJER - Revolution Padel Store","description":"Compra la Falda Bullpadel Dalia Mujer en Revolution Padel Store. Comodidad, transpirabilidad y dise\u00f1o profesional con tecnolog\u00eda Drynamic. \u00a1Disponible al mejor precio!","robots":{"index":"index","follow":"follow","max-snippet":"max-snippet:-1","max-image-preview":"max-image-preview:large","max-video-preview":"max-video-preview:-1"},"canonical":"https:\/\/revolutionpadelstore.com\/fr\/produit\/falda-bullpadel-dalia-mujer-3\/","og_locale":"fr_FR","og_type":"article","og_title":"FALDA BULLPADEL DALIA MUJER - Revolution Padel Store","og_description":"Compra la Falda Bullpadel Dalia Mujer en Revolution Padel Store. Comodidad, transpirabilidad y dise\u00f1o profesional con tecnolog\u00eda Drynamic. \u00a1Disponible al mejor precio!","og_url":"https:\/\/revolutionpadelstore.com\/fr\/produit\/falda-bullpadel-dalia-mujer-3\/","og_site_name":"Revolution Padel Store","article_modified_time":"2026-04-08T02:42:21+00:00","og_image":[{"width":1200,"height":1200,"url":"https:\/\/revolutionpadelstore.com\/wp-content\/uploads\/2025\/07\/114365_falda_basica_bullpadel_dalia_031_azul_tinta_1200x1200_1_face.webp","type":"image\/webp"}],"twitter_card":"summary_large_image","twitter_misc":{"Dur\u00e9e de lecture estim\u00e9e":"2 minutes"},"schema":{"@context":"https:\/\/schema.org","@graph":[{"@type":"WebPage","@id":"https:\/\/revolutionpadelstore.com\/fr\/produit\/falda-bullpadel-dalia-mujer-3\/","url":"https:\/\/revolutionpadelstore.com\/fr\/produit\/falda-bullpadel-dalia-mujer-3\/","name":"FALDA BULLPADEL DALIA MUJER - Revolution Padel Store","isPartOf":{"@id":"https:\/\/revolutionpadelstore.com\/fr\/#website"},"primaryImageOfPage":{"@id":"https:\/\/revolutionpadelstore.com\/fr\/produit\/falda-bullpadel-dalia-mujer-3\/#primaryimage"},"image":{"@id":"https:\/\/revolutionpadelstore.com\/fr\/produit\/falda-bullpadel-dalia-mujer-3\/#primaryimage"},"thumbnailUrl":"https:\/\/revolutionpadelstore.com\/wp-content\/uploads\/2025\/07\/114365_falda_basica_bullpadel_dalia_031_azul_tinta_1200x1200_1_face.webp","datePublished":"2025-07-19T07:11:45+00:00","dateModified":"2026-04-08T02:42:21+00:00","description":"Compra la Falda Bullpadel Dalia Mujer en Revolution Padel Store. Comodidad, transpirabilidad y dise\u00f1o profesional con tecnolog\u00eda Drynamic. \u00a1Disponible al mejor precio!","breadcrumb":{"@id":"https:\/\/revolutionpadelstore.com\/fr\/produit\/falda-bullpadel-dalia-mujer-3\/#breadcrumb"},"inLanguage":"fr-FR","potentialAction":[{"@type":"ReadAction","target":["https:\/\/revolutionpadelstore.com\/fr\/produit\/falda-bullpadel-dalia-mujer-3\/"]}]},{"@type":"ImageObject","inLanguage":"fr-FR","@id":"https:\/\/revolutionpadelstore.com\/fr\/produit\/falda-bullpadel-dalia-mujer-3\/#primaryimage","url":"https:\/\/revolutionpadelstore.com\/wp-content\/uploads\/2025\/07\/114365_falda_basica_bullpadel_dalia_031_azul_tinta_1200x1200_1_face.webp","contentUrl":"https:\/\/revolutionpadelstore.com\/wp-content\/uploads\/2025\/07\/114365_falda_basica_bullpadel_dalia_031_azul_tinta_1200x1200_1_face.webp","width":1200,"height":1200},{"@type":"BreadcrumbList","@id":"https:\/\/revolutionpadelstore.com\/fr\/produit\/falda-bullpadel-dalia-mujer-3\/#breadcrumb","itemListElement":[{"@type":"ListItem","position":1,"name":"Portada","item":"https:\/\/revolutionpadelstore.com\/fr\/"},{"@type":"ListItem","position":2,"name":"Boutique","item":"https:\/\/revolutionpadelstore.com\/fr\/tienda\/"},{"@type":"ListItem","position":3,"name":"FALDA BULLPADEL DALIA MUJER"}]},{"@type":"WebSite","@id":"https:\/\/revolutionpadelstore.com\/fr\/#website","url":"https:\/\/revolutionpadelstore.com\/fr\/","name":"Revolution Padel Store","description":"","publisher":{"@id":"https:\/\/revolutionpadelstore.com\/fr\/#organization"},"potentialAction":[{"@type":"SearchAction","target":{"@type":"EntryPoint","urlTemplate":"https:\/\/revolutionpadelstore.com\/fr\/?s={search_term_string}"},"query-input":{"@type":"PropertyValueSpecification","valueRequired":true,"valueName":"search_term_string"}}],"inLanguage":"fr-FR"},{"@type":"Organization","@id":"https:\/\/revolutionpadelstore.com\/fr\/#organization","name":"Revolution Padel Store","url":"https:\/\/revolutionpadelstore.com\/fr\/","logo":{"@type":"ImageObject","inLanguage":"fr-FR","@id":"https:\/\/revolutionpadelstore.com\/fr\/#\/schema\/logo\/image\/","url":"https:\/\/revolutionpadelstore.com\/wp-content\/uploads\/2026\/02\/revolution-padel-store.jpg","contentUrl":"https:\/\/revolutionpadelstore.com\/wp-content\/uploads\/2026\/02\/revolution-padel-store.jpg","width":2000,"height":2000,"caption":"Revolution Padel Store"},"image":{"@id":"https:\/\/revolutionpadelstore.com\/fr\/#\/schema\/logo\/image\/"},"sameAs":["https:\/\/www.instagram.com\/revolutionpadelstore\/"]}]}},"_links":{"self":[{"href":"https:\/\/revolutionpadelstore.com\/fr\/wp-json\/wp\/v2\/product\/264486","targetHints":{"allow":["GET"]}}],"collection":[{"href":"https:\/\/revolutionpadelstore.com\/fr\/wp-json\/wp\/v2\/product"}],"about":[{"href":"https:\/\/revolutionpadelstore.com\/fr\/wp-json\/wp\/v2\/types\/product"}],"replies":[{"embeddable":true,"href":"https:\/\/revolutionpadelstore.com\/fr\/wp-json\/wp\/v2\/comments?post=264486"}],"wp:featuredmedia":[{"embeddable":true,"href":"https:\/\/revolutionpadelstore.com\/fr\/wp-json\/wp\/v2\/media\/264480"}],"wp:attachment":[{"href":"https:\/\/revolutionpadelstore.com\/fr\/wp-json\/wp\/v2\/media?parent=264486"}],"wp:term":[{"taxonomy":"acabado","embeddable":true,"href":"https:\/\/revolutionpadelstore.com\/fr\/wp-json\/wp\/v2\/acabado?post=264486"},{"taxonomy":"balance","embeddable":true,"href":"https:\/\/revolutionpadelstore.com\/fr\/wp-json\/wp\/v2\/balance?post=264486"},{"taxonomy":"dureza","embeddable":true,"href":"https:\/\/revolutionpadelstore.com\/fr\/wp-json\/wp\/v2\/dureza?post=264486"},{"taxonomy":"forma","embeddable":true,"href":"https:\/\/revolutionpadelstore.com\/fr\/wp-json\/wp\/v2\/forma?post=264486"},{"taxonomy":"jugador","embeddable":true,"href":"https:\/\/revolutionpadelstore.com\/fr\/wp-json\/wp\/v2\/jugador?post=264486"},{"taxonomy":"marca","embeddable":true,"href":"https:\/\/revolutionpadelstore.com\/fr\/wp-json\/wp\/v2\/marca?post=264486"},{"taxonomy":"nivel-de-juego","embeddable":true,"href":"https:\/\/revolutionpadelstore.com\/fr\/wp-json\/wp\/v2\/nivel-de-juego?post=264486"},{"taxonomy":"superficie","embeddable":true,"href":"https:\/\/revolutionpadelstore.com\/fr\/wp-json\/wp\/v2\/superficie?post=264486"},{"taxonomy":"tipo-de-juego","embeddable":true,"href":"https:\/\/revolutionpadelstore.com\/fr\/wp-json\/wp\/v2\/tipo-de-juego?post=264486"},{"taxonomy":"product_brand","embeddable":true,"href":"https:\/\/revolutionpadelstore.com\/fr\/wp-json\/wp\/v2\/product_brand?post=264486"},{"taxonomy":"product_cat","embeddable":true,"href":"https:\/\/revolutionpadelstore.com\/fr\/wp-json\/wp\/v2\/product_cat?post=264486"},{"taxonomy":"product_tag","embeddable":true,"href":"https:\/\/revolutionpadelstore.com\/fr\/wp-json\/wp\/v2\/product_tag?post=264486"}],"curies":[{"name":"wp","href":"https:\/\/api.w.org\/{rel}","templated":true}]}}