{"id":264450,"date":"2025-07-19T08:56:33","date_gmt":"2025-07-19T06:56:33","guid":{"rendered":"https:\/\/revolutionpadelstore.com\/camiseta-tirantes-bullpadel-daca-mujer\/"},"modified":"2026-04-08T04:42:43","modified_gmt":"2026-04-08T02:42:43","slug":"camiseta-tirantes-bullpadel-daca-mujer-3","status":"publish","type":"product","link":"https:\/\/revolutionpadelstore.com\/fr\/produit\/camiseta-tirantes-bullpadel-daca-mujer-3\/","title":{"rendered":"CAMISETA TIRANTES BULLPADEL DACA MUJER"},"content":{"rendered":"<h2><strong>D\u00e9bardeur Bullpadel Daca pour Femme \u2013 Libert\u00e9, confort et style sur le terrain<\/strong><\/h2>\n<p>Le d\u00e9bardeur Bullpadel Daca pour femme a \u00e9t\u00e9 con\u00e7u pour les joueuses qui recherchent performance et confort sans renoncer au style. Sa silhouette ample et sa construction en tissu technique Fancy Single Jersey en polyester extensible, associ\u00e9es \u00e0 la technologie de s\u00e9chage rapide Drynamic, garantissent une excellente libert\u00e9 de mouvement et une respirabilit\u00e9 sup\u00e9rieure tout au long du match.<\/p>\n<p>Gr\u00e2ce \u00e0 la combinaison de polyester et d&#8217;\u00e9lasthanne, ce v\u00eatement procure une sensation douce et l\u00e9g\u00e8re sur la peau, id\u00e9ale pour les entra\u00eenements ou comp\u00e9titions les plus exigeants. La finition Drynamic aide \u00e0 garder la peau s\u00e8che, m\u00eame pendant les moments d&#8217;intensit\u00e9 maximale.<\/p>\n<h2><strong>Caract\u00e9ristiques :<\/strong><\/h2>\n<p>-Larges bretelles crois\u00e9es avec insert en tulle, offrant une coupe confortable et f\u00e9minine<\/p>\n<p>-Logo Bullpadel sur la poitrine, symbole de qualit\u00e9 et de style sportif<\/p>\n<p>-Bande inf\u00e9rieure personnalis\u00e9e pour une touche distinctive<\/p>\n<p>-Tissu technique haute \u00e9lasticit\u00e9 et s\u00e9chage rapide<\/p>\n<p>Ce t-shirt est parfait pour les joueurs actifs qui souhaitent se d\u00e9marquer sur le terrain avec un v\u00eatement alliant fonctionnalit\u00e9, design et technologie. Il fait partie de la collection officielle de v\u00eatements de padel pour femmes de Bullpadel, l&#8217;une des marques leaders du secteur.<\/p>\n<p>Procurez-vous le d\u00e9bardeur Bullpadel Daca pour femme et profitez de performances sup\u00e9rieures \u00e0 chaque point. Disponible d\u00e8s maintenant dans notre boutique en ligne <a href=\"http:\/\/www.revolutionpadelstore.com\/\">www.revolutionpadelstore.com<\/a>, probablement au meilleur prix du march\u00e9.<\/p>\n<h2><strong>Camiseta Tirantes Bullpadel Daca Mujer \u2013 Libertad, comodidad y estilo en la pista<\/strong><\/p>\n","protected":false},"excerpt":{"rendered":"<p>D\u00e9bardeur femme Bullpadel Daca, fabriqu\u00e9 en polyester \u00e9lastique et int\u00e9grant la technologie Drynamic, qui favorise une excellente absorption de la transpiration et offre un confort sup\u00e9rieur.<\/p>\n","protected":false},"featured_media":264444,"comment_status":"open","ping_status":"closed","template":"","meta":{"_acf_changed":false,"_joinchat":[]},"acabado":[],"balance":[],"dureza":[],"forma":[],"jugador":[],"marca":[1257],"nivel-de-juego":[],"superficie":[],"tipo-de-juego":[],"product_brand":[],"product_cat":[344],"product_tag":[],"class_list":{"0":"post-264450","1":"product","2":"type-product","3":"status-publish","4":"has-post-thumbnail","6":"marca-bullpadel-fr","7":"product_cat-ropa-fr","9":"first","10":"outofstock","11":"sale","12":"taxable","13":"shipping-taxable","14":"purchasable","15":"product-type-variable"},"acf":[],"yoast_head":"<!-- This site is optimized with the Yoast SEO plugin v27.4 - https:\/\/yoast.com\/product\/yoast-seo-wordpress\/ -->\n<title>CAMISETA TIRANTES BULLPADEL DACA MUJER - Revolution Padel Store<\/title>\n<meta name=\"description\" content=\"Compra la Camiseta Tirantes Bullpadel Daca Mujer con tejido Drynamic y dise\u00f1o deportivo. Ideal para jugadoras activas. Disponible en Revolution Padel Store al mejor precio.\" \/>\n<meta name=\"robots\" content=\"index, follow, max-snippet:-1, max-image-preview:large, max-video-preview:-1\" \/>\n<link rel=\"canonical\" href=\"https:\/\/revolutionpadelstore.com\/fr\/produit\/camiseta-tirantes-bullpadel-daca-mujer-3\/\" \/>\n<meta property=\"og:locale\" content=\"fr_FR\" \/>\n<meta property=\"og:type\" content=\"article\" \/>\n<meta property=\"og:title\" content=\"CAMISETA TIRANTES BULLPADEL DACA MUJER - Revolution Padel Store\" \/>\n<meta property=\"og:description\" content=\"Compra la Camiseta Tirantes Bullpadel Daca Mujer con tejido Drynamic y dise\u00f1o deportivo. Ideal para jugadoras activas. Disponible en Revolution Padel Store al mejor precio.\" \/>\n<meta property=\"og:url\" content=\"https:\/\/revolutionpadelstore.com\/fr\/produit\/camiseta-tirantes-bullpadel-daca-mujer-3\/\" \/>\n<meta property=\"og:site_name\" content=\"Revolution Padel Store\" \/>\n<meta property=\"article:modified_time\" content=\"2026-04-08T02:42:43+00:00\" \/>\n<meta property=\"og:image\" content=\"https:\/\/revolutionpadelstore.com\/wp-content\/uploads\/2025\/07\/114306_camiseta_tirantes_bullpadel_mujer_daca_073_azul_claro_1200x1200_1_cf1d.webp\" \/>\n\t<meta property=\"og:image:width\" content=\"1200\" \/>\n\t<meta property=\"og:image:height\" content=\"1200\" \/>\n\t<meta property=\"og:image:type\" content=\"image\/webp\" \/>\n<meta name=\"twitter:card\" content=\"summary_large_image\" \/>\n<meta name=\"twitter:label1\" content=\"Dur\u00e9e de lecture estim\u00e9e\" \/>\n\t<meta name=\"twitter:data1\" content=\"1 minute\" \/>\n<script type=\"application\/ld+json\" class=\"yoast-schema-graph\">{\"@context\":\"https:\\\/\\\/schema.org\",\"@graph\":[{\"@type\":\"WebPage\",\"@id\":\"https:\\\/\\\/revolutionpadelstore.com\\\/fr\\\/produit\\\/camiseta-tirantes-bullpadel-daca-mujer-3\\\/\",\"url\":\"https:\\\/\\\/revolutionpadelstore.com\\\/fr\\\/produit\\\/camiseta-tirantes-bullpadel-daca-mujer-3\\\/\",\"name\":\"CAMISETA TIRANTES BULLPADEL DACA MUJER - Revolution Padel Store\",\"isPartOf\":{\"@id\":\"https:\\\/\\\/revolutionpadelstore.com\\\/fr\\\/#website\"},\"primaryImageOfPage\":{\"@id\":\"https:\\\/\\\/revolutionpadelstore.com\\\/fr\\\/produit\\\/camiseta-tirantes-bullpadel-daca-mujer-3\\\/#primaryimage\"},\"image\":{\"@id\":\"https:\\\/\\\/revolutionpadelstore.com\\\/fr\\\/produit\\\/camiseta-tirantes-bullpadel-daca-mujer-3\\\/#primaryimage\"},\"thumbnailUrl\":\"https:\\\/\\\/revolutionpadelstore.com\\\/wp-content\\\/uploads\\\/2025\\\/07\\\/114306_camiseta_tirantes_bullpadel_mujer_daca_073_azul_claro_1200x1200_1_cf1d.webp\",\"datePublished\":\"2025-07-19T06:56:33+00:00\",\"dateModified\":\"2026-04-08T02:42:43+00:00\",\"description\":\"Compra la Camiseta Tirantes Bullpadel Daca Mujer con tejido Drynamic y dise\u00f1o deportivo. Ideal para jugadoras activas. Disponible en Revolution Padel Store al mejor precio.\",\"breadcrumb\":{\"@id\":\"https:\\\/\\\/revolutionpadelstore.com\\\/fr\\\/produit\\\/camiseta-tirantes-bullpadel-daca-mujer-3\\\/#breadcrumb\"},\"inLanguage\":\"fr-FR\",\"potentialAction\":[{\"@type\":\"ReadAction\",\"target\":[\"https:\\\/\\\/revolutionpadelstore.com\\\/fr\\\/produit\\\/camiseta-tirantes-bullpadel-daca-mujer-3\\\/\"]}]},{\"@type\":\"ImageObject\",\"inLanguage\":\"fr-FR\",\"@id\":\"https:\\\/\\\/revolutionpadelstore.com\\\/fr\\\/produit\\\/camiseta-tirantes-bullpadel-daca-mujer-3\\\/#primaryimage\",\"url\":\"https:\\\/\\\/revolutionpadelstore.com\\\/wp-content\\\/uploads\\\/2025\\\/07\\\/114306_camiseta_tirantes_bullpadel_mujer_daca_073_azul_claro_1200x1200_1_cf1d.webp\",\"contentUrl\":\"https:\\\/\\\/revolutionpadelstore.com\\\/wp-content\\\/uploads\\\/2025\\\/07\\\/114306_camiseta_tirantes_bullpadel_mujer_daca_073_azul_claro_1200x1200_1_cf1d.webp\",\"width\":1200,\"height\":1200},{\"@type\":\"BreadcrumbList\",\"@id\":\"https:\\\/\\\/revolutionpadelstore.com\\\/fr\\\/produit\\\/camiseta-tirantes-bullpadel-daca-mujer-3\\\/#breadcrumb\",\"itemListElement\":[{\"@type\":\"ListItem\",\"position\":1,\"name\":\"Portada\",\"item\":\"https:\\\/\\\/revolutionpadelstore.com\\\/fr\\\/\"},{\"@type\":\"ListItem\",\"position\":2,\"name\":\"Boutique\",\"item\":\"https:\\\/\\\/revolutionpadelstore.com\\\/fr\\\/tienda\\\/\"},{\"@type\":\"ListItem\",\"position\":3,\"name\":\"CAMISETA TIRANTES BULLPADEL DACA MUJER\"}]},{\"@type\":\"WebSite\",\"@id\":\"https:\\\/\\\/revolutionpadelstore.com\\\/fr\\\/#website\",\"url\":\"https:\\\/\\\/revolutionpadelstore.com\\\/fr\\\/\",\"name\":\"Revolution Padel Store\",\"description\":\"\",\"publisher\":{\"@id\":\"https:\\\/\\\/revolutionpadelstore.com\\\/fr\\\/#organization\"},\"potentialAction\":[{\"@type\":\"SearchAction\",\"target\":{\"@type\":\"EntryPoint\",\"urlTemplate\":\"https:\\\/\\\/revolutionpadelstore.com\\\/fr\\\/?s={search_term_string}\"},\"query-input\":{\"@type\":\"PropertyValueSpecification\",\"valueRequired\":true,\"valueName\":\"search_term_string\"}}],\"inLanguage\":\"fr-FR\"},{\"@type\":\"Organization\",\"@id\":\"https:\\\/\\\/revolutionpadelstore.com\\\/fr\\\/#organization\",\"name\":\"Revolution Padel Store\",\"url\":\"https:\\\/\\\/revolutionpadelstore.com\\\/fr\\\/\",\"logo\":{\"@type\":\"ImageObject\",\"inLanguage\":\"fr-FR\",\"@id\":\"https:\\\/\\\/revolutionpadelstore.com\\\/fr\\\/#\\\/schema\\\/logo\\\/image\\\/\",\"url\":\"https:\\\/\\\/revolutionpadelstore.com\\\/wp-content\\\/uploads\\\/2026\\\/02\\\/revolution-padel-store.jpg\",\"contentUrl\":\"https:\\\/\\\/revolutionpadelstore.com\\\/wp-content\\\/uploads\\\/2026\\\/02\\\/revolution-padel-store.jpg\",\"width\":2000,\"height\":2000,\"caption\":\"Revolution Padel Store\"},\"image\":{\"@id\":\"https:\\\/\\\/revolutionpadelstore.com\\\/fr\\\/#\\\/schema\\\/logo\\\/image\\\/\"},\"sameAs\":[\"https:\\\/\\\/www.instagram.com\\\/revolutionpadelstore\\\/\"]}]}<\/script>\n<!-- \/ Yoast SEO plugin. -->","yoast_head_json":{"title":"CAMISETA TIRANTES BULLPADEL DACA MUJER - Revolution Padel Store","description":"Compra la Camiseta Tirantes Bullpadel Daca Mujer con tejido Drynamic y dise\u00f1o deportivo. Ideal para jugadoras activas. Disponible en Revolution Padel Store al mejor precio.","robots":{"index":"index","follow":"follow","max-snippet":"max-snippet:-1","max-image-preview":"max-image-preview:large","max-video-preview":"max-video-preview:-1"},"canonical":"https:\/\/revolutionpadelstore.com\/fr\/produit\/camiseta-tirantes-bullpadel-daca-mujer-3\/","og_locale":"fr_FR","og_type":"article","og_title":"CAMISETA TIRANTES BULLPADEL DACA MUJER - Revolution Padel Store","og_description":"Compra la Camiseta Tirantes Bullpadel Daca Mujer con tejido Drynamic y dise\u00f1o deportivo. Ideal para jugadoras activas. Disponible en Revolution Padel Store al mejor precio.","og_url":"https:\/\/revolutionpadelstore.com\/fr\/produit\/camiseta-tirantes-bullpadel-daca-mujer-3\/","og_site_name":"Revolution Padel Store","article_modified_time":"2026-04-08T02:42:43+00:00","og_image":[{"width":1200,"height":1200,"url":"https:\/\/revolutionpadelstore.com\/wp-content\/uploads\/2025\/07\/114306_camiseta_tirantes_bullpadel_mujer_daca_073_azul_claro_1200x1200_1_cf1d.webp","type":"image\/webp"}],"twitter_card":"summary_large_image","twitter_misc":{"Dur\u00e9e de lecture estim\u00e9e":"1 minute"},"schema":{"@context":"https:\/\/schema.org","@graph":[{"@type":"WebPage","@id":"https:\/\/revolutionpadelstore.com\/fr\/produit\/camiseta-tirantes-bullpadel-daca-mujer-3\/","url":"https:\/\/revolutionpadelstore.com\/fr\/produit\/camiseta-tirantes-bullpadel-daca-mujer-3\/","name":"CAMISETA TIRANTES BULLPADEL DACA MUJER - Revolution Padel Store","isPartOf":{"@id":"https:\/\/revolutionpadelstore.com\/fr\/#website"},"primaryImageOfPage":{"@id":"https:\/\/revolutionpadelstore.com\/fr\/produit\/camiseta-tirantes-bullpadel-daca-mujer-3\/#primaryimage"},"image":{"@id":"https:\/\/revolutionpadelstore.com\/fr\/produit\/camiseta-tirantes-bullpadel-daca-mujer-3\/#primaryimage"},"thumbnailUrl":"https:\/\/revolutionpadelstore.com\/wp-content\/uploads\/2025\/07\/114306_camiseta_tirantes_bullpadel_mujer_daca_073_azul_claro_1200x1200_1_cf1d.webp","datePublished":"2025-07-19T06:56:33+00:00","dateModified":"2026-04-08T02:42:43+00:00","description":"Compra la Camiseta Tirantes Bullpadel Daca Mujer con tejido Drynamic y dise\u00f1o deportivo. Ideal para jugadoras activas. Disponible en Revolution Padel Store al mejor precio.","breadcrumb":{"@id":"https:\/\/revolutionpadelstore.com\/fr\/produit\/camiseta-tirantes-bullpadel-daca-mujer-3\/#breadcrumb"},"inLanguage":"fr-FR","potentialAction":[{"@type":"ReadAction","target":["https:\/\/revolutionpadelstore.com\/fr\/produit\/camiseta-tirantes-bullpadel-daca-mujer-3\/"]}]},{"@type":"ImageObject","inLanguage":"fr-FR","@id":"https:\/\/revolutionpadelstore.com\/fr\/produit\/camiseta-tirantes-bullpadel-daca-mujer-3\/#primaryimage","url":"https:\/\/revolutionpadelstore.com\/wp-content\/uploads\/2025\/07\/114306_camiseta_tirantes_bullpadel_mujer_daca_073_azul_claro_1200x1200_1_cf1d.webp","contentUrl":"https:\/\/revolutionpadelstore.com\/wp-content\/uploads\/2025\/07\/114306_camiseta_tirantes_bullpadel_mujer_daca_073_azul_claro_1200x1200_1_cf1d.webp","width":1200,"height":1200},{"@type":"BreadcrumbList","@id":"https:\/\/revolutionpadelstore.com\/fr\/produit\/camiseta-tirantes-bullpadel-daca-mujer-3\/#breadcrumb","itemListElement":[{"@type":"ListItem","position":1,"name":"Portada","item":"https:\/\/revolutionpadelstore.com\/fr\/"},{"@type":"ListItem","position":2,"name":"Boutique","item":"https:\/\/revolutionpadelstore.com\/fr\/tienda\/"},{"@type":"ListItem","position":3,"name":"CAMISETA TIRANTES BULLPADEL DACA MUJER"}]},{"@type":"WebSite","@id":"https:\/\/revolutionpadelstore.com\/fr\/#website","url":"https:\/\/revolutionpadelstore.com\/fr\/","name":"Revolution Padel Store","description":"","publisher":{"@id":"https:\/\/revolutionpadelstore.com\/fr\/#organization"},"potentialAction":[{"@type":"SearchAction","target":{"@type":"EntryPoint","urlTemplate":"https:\/\/revolutionpadelstore.com\/fr\/?s={search_term_string}"},"query-input":{"@type":"PropertyValueSpecification","valueRequired":true,"valueName":"search_term_string"}}],"inLanguage":"fr-FR"},{"@type":"Organization","@id":"https:\/\/revolutionpadelstore.com\/fr\/#organization","name":"Revolution Padel Store","url":"https:\/\/revolutionpadelstore.com\/fr\/","logo":{"@type":"ImageObject","inLanguage":"fr-FR","@id":"https:\/\/revolutionpadelstore.com\/fr\/#\/schema\/logo\/image\/","url":"https:\/\/revolutionpadelstore.com\/wp-content\/uploads\/2026\/02\/revolution-padel-store.jpg","contentUrl":"https:\/\/revolutionpadelstore.com\/wp-content\/uploads\/2026\/02\/revolution-padel-store.jpg","width":2000,"height":2000,"caption":"Revolution Padel Store"},"image":{"@id":"https:\/\/revolutionpadelstore.com\/fr\/#\/schema\/logo\/image\/"},"sameAs":["https:\/\/www.instagram.com\/revolutionpadelstore\/"]}]}},"_links":{"self":[{"href":"https:\/\/revolutionpadelstore.com\/fr\/wp-json\/wp\/v2\/product\/264450","targetHints":{"allow":["GET"]}}],"collection":[{"href":"https:\/\/revolutionpadelstore.com\/fr\/wp-json\/wp\/v2\/product"}],"about":[{"href":"https:\/\/revolutionpadelstore.com\/fr\/wp-json\/wp\/v2\/types\/product"}],"replies":[{"embeddable":true,"href":"https:\/\/revolutionpadelstore.com\/fr\/wp-json\/wp\/v2\/comments?post=264450"}],"wp:featuredmedia":[{"embeddable":true,"href":"https:\/\/revolutionpadelstore.com\/fr\/wp-json\/wp\/v2\/media\/264444"}],"wp:attachment":[{"href":"https:\/\/revolutionpadelstore.com\/fr\/wp-json\/wp\/v2\/media?parent=264450"}],"wp:term":[{"taxonomy":"acabado","embeddable":true,"href":"https:\/\/revolutionpadelstore.com\/fr\/wp-json\/wp\/v2\/acabado?post=264450"},{"taxonomy":"balance","embeddable":true,"href":"https:\/\/revolutionpadelstore.com\/fr\/wp-json\/wp\/v2\/balance?post=264450"},{"taxonomy":"dureza","embeddable":true,"href":"https:\/\/revolutionpadelstore.com\/fr\/wp-json\/wp\/v2\/dureza?post=264450"},{"taxonomy":"forma","embeddable":true,"href":"https:\/\/revolutionpadelstore.com\/fr\/wp-json\/wp\/v2\/forma?post=264450"},{"taxonomy":"jugador","embeddable":true,"href":"https:\/\/revolutionpadelstore.com\/fr\/wp-json\/wp\/v2\/jugador?post=264450"},{"taxonomy":"marca","embeddable":true,"href":"https:\/\/revolutionpadelstore.com\/fr\/wp-json\/wp\/v2\/marca?post=264450"},{"taxonomy":"nivel-de-juego","embeddable":true,"href":"https:\/\/revolutionpadelstore.com\/fr\/wp-json\/wp\/v2\/nivel-de-juego?post=264450"},{"taxonomy":"superficie","embeddable":true,"href":"https:\/\/revolutionpadelstore.com\/fr\/wp-json\/wp\/v2\/superficie?post=264450"},{"taxonomy":"tipo-de-juego","embeddable":true,"href":"https:\/\/revolutionpadelstore.com\/fr\/wp-json\/wp\/v2\/tipo-de-juego?post=264450"},{"taxonomy":"product_brand","embeddable":true,"href":"https:\/\/revolutionpadelstore.com\/fr\/wp-json\/wp\/v2\/product_brand?post=264450"},{"taxonomy":"product_cat","embeddable":true,"href":"https:\/\/revolutionpadelstore.com\/fr\/wp-json\/wp\/v2\/product_cat?post=264450"},{"taxonomy":"product_tag","embeddable":true,"href":"https:\/\/revolutionpadelstore.com\/fr\/wp-json\/wp\/v2\/product_tag?post=264450"}],"curies":[{"name":"wp","href":"https:\/\/api.w.org\/{rel}","templated":true}]}}