{"id":264261,"date":"2025-07-11T09:04:23","date_gmt":"2025-07-11T07:04:23","guid":{"rendered":"https:\/\/revolutionpadelstore.com\/head-motion-pro-boa-negro\/"},"modified":"2026-04-13T02:01:45","modified_gmt":"2026-04-13T00:01:45","slug":"head-motion-pro-boa-negro-3","status":"publish","type":"product","link":"https:\/\/revolutionpadelstore.com\/fr\/produit\/head-motion-pro-boa-negro-3\/","title":{"rendered":"HEAD MOTION PRO BOA NEGRO"},"content":{"rendered":"<h2>Head Motion Pro BOA : confort maximum, ajustement pr\u00e9cis et technologie avanc\u00e9e pour dominer le terrain<\/h2>\n<p>D\u00e9couvrez le mod\u00e8le <strong>Head Motion Pro BOA<\/strong>, des <strong>chaussures de padel pour hommes<\/strong> con\u00e7ues pour am\u00e9liorer vos performances avec une fusion parfaite de technologie de pointe, de confort sup\u00e9rieur et d&#8217;ajustement personnalis\u00e9. Con\u00e7ues pour les <strong>joueurs de niveau professionnel ou avanc\u00e9<\/strong>, ces chaussures associent des mat\u00e9riaux de pointe \u00e0 un design ergonomique qui am\u00e9liore chaque mouvement sur le terrain.<\/p>\n<h2>Syst\u00e8me double fermeture BOA\u00ae : ajustement parfait et sans effort<\/h2>\n<p>Le <strong>BOA\u00ae Fit System<\/strong> innovant vous permet d&#8217;effectuer des <strong>micro-ajustements rapides et pr\u00e9cis<\/strong>, garantissant un ajustement ferme et personnalis\u00e9 tout au long du match. Oubliez les lacets traditionnels et gagnez du temps et de la confiance \u00e0 chaque jeu.<\/p>\n<h2>Adh\u00e9rence \u00e0 360\u00b0 et dynamisme total avec la semelle MONDO Clay<\/h2>\n<p>D\u00e9velopp\u00e9e en collaboration avec MONDO, la semelle de type terre battue offre une <strong>traction in\u00e9gal\u00e9e dans les mouvements multidirectionnels<\/strong>, id\u00e9ale pour les mouvements explosifs et les changements de rythme sur les courts de paddle-tennis. Parfait pour les joueurs qui exigent vitesse, stabilit\u00e9 et contr\u00f4le sur les surfaces sablonneuses.<\/p>\n<h2>Respirabilit\u00e9 et ajustement semblable \u00e0 une chaussette<\/h2>\n<p>Sa partie sup\u00e9rieure en <strong>maille respirante<\/strong> ainsi que la structure de type chaussette offrent une <strong>a\u00e9ration optimale<\/strong> et un ajustement enveloppant, am\u00e9liorant l&#8217;adaptabilit\u00e9 de la chaussure \u00e0 la forme du pied. Profitez de plus de fra\u00eecheur et de l\u00e9g\u00e8ret\u00e9 lors des matchs les plus intenses.<\/p>\n<h2>Amorti r\u00e9actif avec DynaFoam<\/h2>\n<p>La semelle interm\u00e9diaire int\u00e8gre du <strong>DynaFoam<\/strong>, une mousse de haute technologie avec des <strong>microcellules d&#8217;air<\/strong> qui offrent un <strong>amorti l\u00e9ger, r\u00e9actif et durable<\/strong>, id\u00e9al pour prot\u00e9ger vos articulations sans sacrifier les performances.<\/p>\n<h2>Confort et stabilit\u00e9 durables<\/h2>\n<p style=\"text-align: left\"><strong>-Semelle int\u00e9rieure OrthoLite\u00ae<\/strong> : confort longue dur\u00e9e et gestion de la transpiration.<\/p>\n<p style=\"text-align: left\"><strong>-Lateral Control+ System<\/strong> : stabilit\u00e9 suppl\u00e9mentaire dans les mouvements lat\u00e9raux agressifs.<\/p>\n<p style=\"text-align: left\"><strong>-Renfort en TPU au m\u00e9dio-pied<\/strong> : maintien et maintien \u00e0 chaque pas.<\/p>\n<h2>Sp\u00e9cifications techniques mises en \u00e9vidence<\/h2>\n<p>-Syst\u00e8me de r\u00e9glage double <strong>BOA\u00ae<\/strong><\/p>\n<p>-Semelle terre battue d\u00e9velopp\u00e9e avec <strong>MONDO<\/strong><\/p>\n<p>-Maille respirante + coupe semblable \u00e0 une chaussette<\/p>\n<p>-Semelle interm\u00e9diaire DynaFoam avec amorti l\u00e9ger<\/p>\n<p>-Semelle int\u00e9rieure <strong>OrthoLite\u00ae<\/strong> pour plus de confort<\/p>\n<p>-Stabilit\u00e9 <strong>Contr\u00f4le lat\u00e9ral+<\/strong><\/p>\n<p>&#8211; Tige en TPU pour le renforcement structurel<\/p>\n<p>&#8211; Couleur : <strong>Noir<\/strong><\/p>\n<h2>Con\u00e7u pour ceux qui veulent faire la diff\u00e9rence<\/h2>\n<p>Ces chaussures HEAD ont \u00e9t\u00e9 d\u00e9velopp\u00e9es avec le soutien de joueurs professionnels et sont con\u00e7ues pour ceux qui cherchent \u00e0 <strong>dominer chaque point avec pr\u00e9cision, confort et s\u00e9curit\u00e9<\/strong>. Si votre objectif est de vous d\u00e9marquer \u00e0 chaque match, les <strong>Head Motion Pro BOA<\/strong> sont votre meilleur choix.<\/p>\n<h2> Obtenez-les aujourd&#8217;hui !<\/h2>\n<p>D\u00e9couvrez la puissance d\u2019un ajustement pr\u00e9cis et d\u2019une stabilit\u00e9 professionnelle. Les <strong>chaussures Head Motion Pro BOA<\/strong> sont disponibles dans notre boutique en ligne <a href=\"https:\/\/www.revolutionpadelstore.com\/\">www.revolutionpadelstore.com<\/a>, probablement au <strong>meilleur prix du march\u00e9<\/strong>.<\/p>\n<h2>Head Motion Pro BOA: M\u00e1ximo confort, ajuste de precisi\u00f3n y tecnolog\u00eda avanzada para dominar la pista<\/h2>\n","protected":false},"excerpt":{"rendered":"<p>Les chaussures de padel Head Motion Pro BOA disposent d&#8217;un double syst\u00e8me de r\u00e9glage et d&#8217;une semelle optimis\u00e9e de type terre battue. Ils offrent une combinaison id\u00e9ale de confort, de stabilit\u00e9 et de design, con\u00e7us pour les joueurs exigeants recherchant un haut niveau de performance sur le terrain.<\/p>\n","protected":false},"featured_media":264232,"comment_status":"open","ping_status":"closed","template":"","meta":{"_acf_changed":false,"_joinchat":[]},"acabado":[],"balance":[],"dureza":[],"forma":[],"jugador":[],"marca":[1222],"nivel-de-juego":[],"superficie":[],"tipo-de-juego":[],"product_brand":[],"product_cat":[830,407],"product_tag":[],"class_list":{"0":"post-264261","1":"product","2":"type-product","3":"status-publish","4":"has-post-thumbnail","6":"marca-tete","7":"product_cat-baskets","8":"product_cat-sneakers-pour-hommes","10":"first","11":"instock","12":"sale","13":"taxable","14":"shipping-taxable","15":"purchasable","16":"product-type-variable"},"acf":[],"yoast_head":"<!-- This site is optimized with the Yoast SEO plugin v27.4 - https:\/\/yoast.com\/product\/yoast-seo-wordpress\/ -->\n<title>HEAD MOTION PRO BOA NEGRO - Revolution Padel Store<\/title>\n<meta name=\"description\" content=\"Zapatillas de p\u00e1del Head Motion Pro BOA para hombre: ajuste BOA\u00ae, suela clay MONDO, DynaFoam, OrthoLite y m\u00e1xima estabilidad. Compra online al mejor precio en Revolution Padel Store.\" \/>\n<meta name=\"robots\" content=\"index, follow, max-snippet:-1, max-image-preview:large, max-video-preview:-1\" \/>\n<link rel=\"canonical\" href=\"https:\/\/revolutionpadelstore.com\/fr\/produit\/head-motion-pro-boa-negro-3\/\" \/>\n<meta property=\"og:locale\" content=\"fr_FR\" \/>\n<meta property=\"og:type\" content=\"article\" \/>\n<meta property=\"og:title\" content=\"HEAD MOTION PRO BOA NEGRO - Revolution Padel Store\" \/>\n<meta property=\"og:description\" content=\"Zapatillas de p\u00e1del Head Motion Pro BOA para hombre: ajuste BOA\u00ae, suela clay MONDO, DynaFoam, OrthoLite y m\u00e1xima estabilidad. Compra online al mejor precio en Revolution Padel Store.\" \/>\n<meta property=\"og:url\" content=\"https:\/\/revolutionpadelstore.com\/fr\/produit\/head-motion-pro-boa-negro-3\/\" \/>\n<meta property=\"og:site_name\" content=\"Revolution Padel Store\" \/>\n<meta property=\"article:modified_time\" content=\"2026-04-13T00:01:45+00:00\" \/>\n<meta property=\"og:image\" content=\"https:\/\/revolutionpadelstore.com\/wp-content\/uploads\/2025\/07\/119462-zapatillas-head-motion-pro-boa-273625-bkwh-1200x1200-1.webp\" \/>\n\t<meta property=\"og:image:width\" content=\"1200\" \/>\n\t<meta property=\"og:image:height\" content=\"1200\" \/>\n\t<meta property=\"og:image:type\" content=\"image\/webp\" \/>\n<meta name=\"twitter:card\" content=\"summary_large_image\" \/>\n<meta name=\"twitter:label1\" content=\"Dur\u00e9e de lecture estim\u00e9e\" \/>\n\t<meta name=\"twitter:data1\" content=\"3 minutes\" \/>\n<script type=\"application\/ld+json\" class=\"yoast-schema-graph\">{\"@context\":\"https:\\\/\\\/schema.org\",\"@graph\":[{\"@type\":\"WebPage\",\"@id\":\"https:\\\/\\\/revolutionpadelstore.com\\\/fr\\\/produit\\\/head-motion-pro-boa-negro-3\\\/\",\"url\":\"https:\\\/\\\/revolutionpadelstore.com\\\/fr\\\/produit\\\/head-motion-pro-boa-negro-3\\\/\",\"name\":\"HEAD MOTION PRO BOA NEGRO - Revolution Padel Store\",\"isPartOf\":{\"@id\":\"https:\\\/\\\/revolutionpadelstore.com\\\/fr\\\/#website\"},\"primaryImageOfPage\":{\"@id\":\"https:\\\/\\\/revolutionpadelstore.com\\\/fr\\\/produit\\\/head-motion-pro-boa-negro-3\\\/#primaryimage\"},\"image\":{\"@id\":\"https:\\\/\\\/revolutionpadelstore.com\\\/fr\\\/produit\\\/head-motion-pro-boa-negro-3\\\/#primaryimage\"},\"thumbnailUrl\":\"https:\\\/\\\/revolutionpadelstore.com\\\/wp-content\\\/uploads\\\/2025\\\/07\\\/119462-zapatillas-head-motion-pro-boa-273625-bkwh-1200x1200-1.webp\",\"datePublished\":\"2025-07-11T07:04:23+00:00\",\"dateModified\":\"2026-04-13T00:01:45+00:00\",\"description\":\"Zapatillas de p\u00e1del Head Motion Pro BOA para hombre: ajuste BOA\u00ae, suela clay MONDO, DynaFoam, OrthoLite y m\u00e1xima estabilidad. Compra online al mejor precio en Revolution Padel Store.\",\"breadcrumb\":{\"@id\":\"https:\\\/\\\/revolutionpadelstore.com\\\/fr\\\/produit\\\/head-motion-pro-boa-negro-3\\\/#breadcrumb\"},\"inLanguage\":\"fr-FR\",\"potentialAction\":[{\"@type\":\"ReadAction\",\"target\":[\"https:\\\/\\\/revolutionpadelstore.com\\\/fr\\\/produit\\\/head-motion-pro-boa-negro-3\\\/\"]}]},{\"@type\":\"ImageObject\",\"inLanguage\":\"fr-FR\",\"@id\":\"https:\\\/\\\/revolutionpadelstore.com\\\/fr\\\/produit\\\/head-motion-pro-boa-negro-3\\\/#primaryimage\",\"url\":\"https:\\\/\\\/revolutionpadelstore.com\\\/wp-content\\\/uploads\\\/2025\\\/07\\\/119462-zapatillas-head-motion-pro-boa-273625-bkwh-1200x1200-1.webp\",\"contentUrl\":\"https:\\\/\\\/revolutionpadelstore.com\\\/wp-content\\\/uploads\\\/2025\\\/07\\\/119462-zapatillas-head-motion-pro-boa-273625-bkwh-1200x1200-1.webp\",\"width\":1200,\"height\":1200},{\"@type\":\"BreadcrumbList\",\"@id\":\"https:\\\/\\\/revolutionpadelstore.com\\\/fr\\\/produit\\\/head-motion-pro-boa-negro-3\\\/#breadcrumb\",\"itemListElement\":[{\"@type\":\"ListItem\",\"position\":1,\"name\":\"Portada\",\"item\":\"https:\\\/\\\/revolutionpadelstore.com\\\/fr\\\/\"},{\"@type\":\"ListItem\",\"position\":2,\"name\":\"Boutique\",\"item\":\"https:\\\/\\\/revolutionpadelstore.com\\\/fr\\\/tienda\\\/\"},{\"@type\":\"ListItem\",\"position\":3,\"name\":\"HEAD MOTION PRO BOA NEGRO\"}]},{\"@type\":\"WebSite\",\"@id\":\"https:\\\/\\\/revolutionpadelstore.com\\\/fr\\\/#website\",\"url\":\"https:\\\/\\\/revolutionpadelstore.com\\\/fr\\\/\",\"name\":\"Revolution Padel Store\",\"description\":\"\",\"publisher\":{\"@id\":\"https:\\\/\\\/revolutionpadelstore.com\\\/fr\\\/#organization\"},\"potentialAction\":[{\"@type\":\"SearchAction\",\"target\":{\"@type\":\"EntryPoint\",\"urlTemplate\":\"https:\\\/\\\/revolutionpadelstore.com\\\/fr\\\/?s={search_term_string}\"},\"query-input\":{\"@type\":\"PropertyValueSpecification\",\"valueRequired\":true,\"valueName\":\"search_term_string\"}}],\"inLanguage\":\"fr-FR\"},{\"@type\":\"Organization\",\"@id\":\"https:\\\/\\\/revolutionpadelstore.com\\\/fr\\\/#organization\",\"name\":\"Revolution Padel Store\",\"url\":\"https:\\\/\\\/revolutionpadelstore.com\\\/fr\\\/\",\"logo\":{\"@type\":\"ImageObject\",\"inLanguage\":\"fr-FR\",\"@id\":\"https:\\\/\\\/revolutionpadelstore.com\\\/fr\\\/#\\\/schema\\\/logo\\\/image\\\/\",\"url\":\"https:\\\/\\\/revolutionpadelstore.com\\\/wp-content\\\/uploads\\\/2026\\\/02\\\/revolution-padel-store.jpg\",\"contentUrl\":\"https:\\\/\\\/revolutionpadelstore.com\\\/wp-content\\\/uploads\\\/2026\\\/02\\\/revolution-padel-store.jpg\",\"width\":2000,\"height\":2000,\"caption\":\"Revolution Padel Store\"},\"image\":{\"@id\":\"https:\\\/\\\/revolutionpadelstore.com\\\/fr\\\/#\\\/schema\\\/logo\\\/image\\\/\"},\"sameAs\":[\"https:\\\/\\\/www.instagram.com\\\/revolutionpadelstore\\\/\"]}]}<\/script>\n<!-- \/ Yoast SEO plugin. -->","yoast_head_json":{"title":"HEAD MOTION PRO BOA NEGRO - Revolution Padel Store","description":"Zapatillas de p\u00e1del Head Motion Pro BOA para hombre: ajuste BOA\u00ae, suela clay MONDO, DynaFoam, OrthoLite y m\u00e1xima estabilidad. Compra online al mejor precio en Revolution Padel Store.","robots":{"index":"index","follow":"follow","max-snippet":"max-snippet:-1","max-image-preview":"max-image-preview:large","max-video-preview":"max-video-preview:-1"},"canonical":"https:\/\/revolutionpadelstore.com\/fr\/produit\/head-motion-pro-boa-negro-3\/","og_locale":"fr_FR","og_type":"article","og_title":"HEAD MOTION PRO BOA NEGRO - Revolution Padel Store","og_description":"Zapatillas de p\u00e1del Head Motion Pro BOA para hombre: ajuste BOA\u00ae, suela clay MONDO, DynaFoam, OrthoLite y m\u00e1xima estabilidad. Compra online al mejor precio en Revolution Padel Store.","og_url":"https:\/\/revolutionpadelstore.com\/fr\/produit\/head-motion-pro-boa-negro-3\/","og_site_name":"Revolution Padel Store","article_modified_time":"2026-04-13T00:01:45+00:00","og_image":[{"width":1200,"height":1200,"url":"https:\/\/revolutionpadelstore.com\/wp-content\/uploads\/2025\/07\/119462-zapatillas-head-motion-pro-boa-273625-bkwh-1200x1200-1.webp","type":"image\/webp"}],"twitter_card":"summary_large_image","twitter_misc":{"Dur\u00e9e de lecture estim\u00e9e":"3 minutes"},"schema":{"@context":"https:\/\/schema.org","@graph":[{"@type":"WebPage","@id":"https:\/\/revolutionpadelstore.com\/fr\/produit\/head-motion-pro-boa-negro-3\/","url":"https:\/\/revolutionpadelstore.com\/fr\/produit\/head-motion-pro-boa-negro-3\/","name":"HEAD MOTION PRO BOA NEGRO - Revolution Padel Store","isPartOf":{"@id":"https:\/\/revolutionpadelstore.com\/fr\/#website"},"primaryImageOfPage":{"@id":"https:\/\/revolutionpadelstore.com\/fr\/produit\/head-motion-pro-boa-negro-3\/#primaryimage"},"image":{"@id":"https:\/\/revolutionpadelstore.com\/fr\/produit\/head-motion-pro-boa-negro-3\/#primaryimage"},"thumbnailUrl":"https:\/\/revolutionpadelstore.com\/wp-content\/uploads\/2025\/07\/119462-zapatillas-head-motion-pro-boa-273625-bkwh-1200x1200-1.webp","datePublished":"2025-07-11T07:04:23+00:00","dateModified":"2026-04-13T00:01:45+00:00","description":"Zapatillas de p\u00e1del Head Motion Pro BOA para hombre: ajuste BOA\u00ae, suela clay MONDO, DynaFoam, OrthoLite y m\u00e1xima estabilidad. Compra online al mejor precio en Revolution Padel Store.","breadcrumb":{"@id":"https:\/\/revolutionpadelstore.com\/fr\/produit\/head-motion-pro-boa-negro-3\/#breadcrumb"},"inLanguage":"fr-FR","potentialAction":[{"@type":"ReadAction","target":["https:\/\/revolutionpadelstore.com\/fr\/produit\/head-motion-pro-boa-negro-3\/"]}]},{"@type":"ImageObject","inLanguage":"fr-FR","@id":"https:\/\/revolutionpadelstore.com\/fr\/produit\/head-motion-pro-boa-negro-3\/#primaryimage","url":"https:\/\/revolutionpadelstore.com\/wp-content\/uploads\/2025\/07\/119462-zapatillas-head-motion-pro-boa-273625-bkwh-1200x1200-1.webp","contentUrl":"https:\/\/revolutionpadelstore.com\/wp-content\/uploads\/2025\/07\/119462-zapatillas-head-motion-pro-boa-273625-bkwh-1200x1200-1.webp","width":1200,"height":1200},{"@type":"BreadcrumbList","@id":"https:\/\/revolutionpadelstore.com\/fr\/produit\/head-motion-pro-boa-negro-3\/#breadcrumb","itemListElement":[{"@type":"ListItem","position":1,"name":"Portada","item":"https:\/\/revolutionpadelstore.com\/fr\/"},{"@type":"ListItem","position":2,"name":"Boutique","item":"https:\/\/revolutionpadelstore.com\/fr\/tienda\/"},{"@type":"ListItem","position":3,"name":"HEAD MOTION PRO BOA NEGRO"}]},{"@type":"WebSite","@id":"https:\/\/revolutionpadelstore.com\/fr\/#website","url":"https:\/\/revolutionpadelstore.com\/fr\/","name":"Revolution Padel Store","description":"","publisher":{"@id":"https:\/\/revolutionpadelstore.com\/fr\/#organization"},"potentialAction":[{"@type":"SearchAction","target":{"@type":"EntryPoint","urlTemplate":"https:\/\/revolutionpadelstore.com\/fr\/?s={search_term_string}"},"query-input":{"@type":"PropertyValueSpecification","valueRequired":true,"valueName":"search_term_string"}}],"inLanguage":"fr-FR"},{"@type":"Organization","@id":"https:\/\/revolutionpadelstore.com\/fr\/#organization","name":"Revolution Padel Store","url":"https:\/\/revolutionpadelstore.com\/fr\/","logo":{"@type":"ImageObject","inLanguage":"fr-FR","@id":"https:\/\/revolutionpadelstore.com\/fr\/#\/schema\/logo\/image\/","url":"https:\/\/revolutionpadelstore.com\/wp-content\/uploads\/2026\/02\/revolution-padel-store.jpg","contentUrl":"https:\/\/revolutionpadelstore.com\/wp-content\/uploads\/2026\/02\/revolution-padel-store.jpg","width":2000,"height":2000,"caption":"Revolution Padel Store"},"image":{"@id":"https:\/\/revolutionpadelstore.com\/fr\/#\/schema\/logo\/image\/"},"sameAs":["https:\/\/www.instagram.com\/revolutionpadelstore\/"]}]}},"_links":{"self":[{"href":"https:\/\/revolutionpadelstore.com\/fr\/wp-json\/wp\/v2\/product\/264261","targetHints":{"allow":["GET"]}}],"collection":[{"href":"https:\/\/revolutionpadelstore.com\/fr\/wp-json\/wp\/v2\/product"}],"about":[{"href":"https:\/\/revolutionpadelstore.com\/fr\/wp-json\/wp\/v2\/types\/product"}],"replies":[{"embeddable":true,"href":"https:\/\/revolutionpadelstore.com\/fr\/wp-json\/wp\/v2\/comments?post=264261"}],"wp:featuredmedia":[{"embeddable":true,"href":"https:\/\/revolutionpadelstore.com\/fr\/wp-json\/wp\/v2\/media\/264232"}],"wp:attachment":[{"href":"https:\/\/revolutionpadelstore.com\/fr\/wp-json\/wp\/v2\/media?parent=264261"}],"wp:term":[{"taxonomy":"acabado","embeddable":true,"href":"https:\/\/revolutionpadelstore.com\/fr\/wp-json\/wp\/v2\/acabado?post=264261"},{"taxonomy":"balance","embeddable":true,"href":"https:\/\/revolutionpadelstore.com\/fr\/wp-json\/wp\/v2\/balance?post=264261"},{"taxonomy":"dureza","embeddable":true,"href":"https:\/\/revolutionpadelstore.com\/fr\/wp-json\/wp\/v2\/dureza?post=264261"},{"taxonomy":"forma","embeddable":true,"href":"https:\/\/revolutionpadelstore.com\/fr\/wp-json\/wp\/v2\/forma?post=264261"},{"taxonomy":"jugador","embeddable":true,"href":"https:\/\/revolutionpadelstore.com\/fr\/wp-json\/wp\/v2\/jugador?post=264261"},{"taxonomy":"marca","embeddable":true,"href":"https:\/\/revolutionpadelstore.com\/fr\/wp-json\/wp\/v2\/marca?post=264261"},{"taxonomy":"nivel-de-juego","embeddable":true,"href":"https:\/\/revolutionpadelstore.com\/fr\/wp-json\/wp\/v2\/nivel-de-juego?post=264261"},{"taxonomy":"superficie","embeddable":true,"href":"https:\/\/revolutionpadelstore.com\/fr\/wp-json\/wp\/v2\/superficie?post=264261"},{"taxonomy":"tipo-de-juego","embeddable":true,"href":"https:\/\/revolutionpadelstore.com\/fr\/wp-json\/wp\/v2\/tipo-de-juego?post=264261"},{"taxonomy":"product_brand","embeddable":true,"href":"https:\/\/revolutionpadelstore.com\/fr\/wp-json\/wp\/v2\/product_brand?post=264261"},{"taxonomy":"product_cat","embeddable":true,"href":"https:\/\/revolutionpadelstore.com\/fr\/wp-json\/wp\/v2\/product_cat?post=264261"},{"taxonomy":"product_tag","embeddable":true,"href":"https:\/\/revolutionpadelstore.com\/fr\/wp-json\/wp\/v2\/product_tag?post=264261"}],"curies":[{"name":"wp","href":"https:\/\/api.w.org\/{rel}","templated":true}]}}