{"id":263392,"date":"2025-05-28T20:53:32","date_gmt":"2025-05-28T18:53:32","guid":{"rendered":"https:\/\/revolutionpadelstore.com\/?post_type=product&#038;p=263392"},"modified":"2026-04-15T02:02:50","modified_gmt":"2026-04-15T00:02:50","slug":"joma-spin-men-2512-granate-3","status":"publish","type":"product","link":"https:\/\/revolutionpadelstore.com\/fr\/produit\/joma-spin-men-2512-granate-3\/","title":{"rendered":"JOMA SPIN MEN 2512 GRANATE"},"content":{"rendered":"<h2><strong>Chaussures de paddle haut de gamme \u2013 Performance et durabilit\u00e9 maximales<\/strong><\/h2>\n<p>Con\u00e7ues pour les joueurs professionnels recherchant des performances maximales sur le terrain, ces chaussures de padel allient stabilit\u00e9, protection et durabilit\u00e9. Approuv\u00e9s par des joueurs d&#8217;\u00e9lite tels que Juani Mieres et Alba Gal\u00e1n, ils constituent le choix parfait pour ceux qui exigent qualit\u00e9 et confort \u00e0 chaque match.<\/p>\n<h2><strong>Fonctionnalit\u00e9s en vedette<\/strong><\/h2>\n<p>-Tige respirante : Maille technique avec technologie VTS, qui optimise la ventilation et garde les pieds au frais.<br \/>\n&#8211; Ajustement parfait : syst\u00e8me de thermoscellage JOMA SPORTECH, qui assure un maintien l\u00e9ger et pr\u00e9cis.<br \/>\n-Renforcement suppl\u00e9mentaire : technologie PROTECTION qui renforce les zones sensibles pour une plus grande durabilit\u00e9.<br \/>\n-Stabilit\u00e9 maximale : Semelle interm\u00e9diaire flexible en Phylon avec double STABILIS, r\u00e9duisant le risque de blessures.<br \/>\n-Semelle haute performance : caoutchouc DURABILITY avec design Omni et petits crampons circulaires qui facilitent le glissement et la traction.<\/p>\n<h2><strong>Technologies innovantes<\/strong><\/h2>\n<p>-DURABILIT\u00c9 : Caoutchouc haute r\u00e9sistance qui retarde l&#8217;usure et prolonge la dur\u00e9e de vie de la semelle.<br \/>\n-SPORTTECH : Mat\u00e9riau inject\u00e9 sans couture qui am\u00e9liore la l\u00e9g\u00e8ret\u00e9, la flexibilit\u00e9 et l&#8217;ajustement.<br \/>\n-PROTECTION : Renfort suppl\u00e9mentaire au niveau de la pointe pour une plus grande r\u00e9sistance \u00e0 l&#8217;usure.<br \/>\n-STABILIS : pi\u00e8ce en TPU dans la semelle qui \u00e9vite les torsions inappropri\u00e9es et am\u00e9liore la stabilit\u00e9.<br \/>\n-VTS : Syst\u00e8me de ventilation qui r\u00e9gule la temp\u00e9rature et favorise la transpiration.<\/p>\n<h2><strong>D\u00e9tails techniques<\/strong><\/h2>\n<p>-Coupe : Nylon, micro PU et TPU.<\/p>\n<p>-Fermeture : Lacets avec ajustement PERFECT FIT.<\/p>\n<p>-Semelle interm\u00e9diaire : Phylon avec STABILIS.<\/p>\n<p>-Semelle : Caoutchouc DURABILIT\u00c9.<\/p>\n<p>-Langue : Cousu \u00e0 la coupe pour un meilleur ajustement.<\/p>\n<p>-Indiqu\u00e9 pour : Joueurs de poids moyen-\u00e9lev\u00e9.<\/p>\n<p>-Utilisation : Entra\u00eenement et comp\u00e9tition.<\/p>\n<p>-Couleur : marron.<\/p>\n<p>-Sexe : Homme.<\/p>\n<p>-R\u00e9f\u00e9rence : TSPINW2512OM<\/p>\n<h2><strong>Achetez maintenant au meilleur prix<\/strong><\/h2>\n<p>Si vous recherchez des chaussures de padel professionnelles avec le meilleur rapport qualit\u00e9-prix, ce mod\u00e8le est fait pour vous. Disponible dans notre boutique en ligne <strong><a href=\"https:\/\/www.revolutionpadelstore.com\/\">Revolution Padel Store<\/a><\/strong>, probablement <strong>au meilleur prix du march\u00e9<\/strong>.<\/p>\n<p><strong>N&#8217;attendez plus et \u00e9quipez-vous des meilleures chaussures de padel !<\/strong><\/p>\n","protected":false},"excerpt":{"rendered":"<p>R\u00e9fl\u00e9chies pour les joueurs de haut niveau qui recherchent les meilleures performances sur le terrain, ces pagayeurs offrent de la stabilit\u00e9, de la r\u00e9sistance et de la protection. Soutenu par des personnages exceptionnels tels que Juani Mieres et Alba Gal\u00e1n, ils sont l&#8217;option id\u00e9ale pour ceux qui priorisent la qualit\u00e9 et le confort dans chaque jeu.<\/p>\n","protected":false},"featured_media":263422,"comment_status":"open","ping_status":"closed","template":"","meta":{"_acf_changed":false,"_joinchat":[]},"acabado":[],"balance":[],"dureza":[],"forma":[],"jugador":[],"marca":[1227],"nivel-de-juego":[],"superficie":[],"tipo-de-juego":[],"product_brand":[],"product_cat":[830,407],"product_tag":[],"class_list":{"0":"post-263392","1":"product","2":"type-product","3":"status-publish","4":"has-post-thumbnail","6":"marca-joma-fr","7":"product_cat-baskets","8":"product_cat-sneakers-pour-hommes","10":"first","11":"outofstock","12":"sale","13":"taxable","14":"shipping-taxable","15":"purchasable","16":"product-type-variable"},"acf":[],"yoast_head":"<!-- This site is optimized with the Yoast SEO plugin v27.4 - https:\/\/yoast.com\/product\/yoast-seo-wordpress\/ -->\n<title>JOMA SPIN MEN 2512 GRANATE - Revolution Padel Store<\/title>\n<meta name=\"description\" content=\"Si buscas unas\u00a0zapatillas de p\u00e1del profesionales\u00a0con la mejor relaci\u00f3n calidad-precio, este modelo es para ti. Disponible en nuestra tienda online\u00a0Revolution Padel Store, probablemente\u00a0al mejor precio del mercado.\" \/>\n<meta name=\"robots\" content=\"index, follow, max-snippet:-1, max-image-preview:large, max-video-preview:-1\" \/>\n<link rel=\"canonical\" href=\"https:\/\/revolutionpadelstore.com\/fr\/produit\/joma-spin-men-2512-granate-3\/\" \/>\n<meta property=\"og:locale\" content=\"fr_FR\" \/>\n<meta property=\"og:type\" content=\"article\" \/>\n<meta property=\"og:title\" content=\"JOMA SPIN MEN 2512 GRANATE - Revolution Padel Store\" \/>\n<meta property=\"og:description\" content=\"Si buscas unas\u00a0zapatillas de p\u00e1del profesionales\u00a0con la mejor relaci\u00f3n calidad-precio, este modelo es para ti. Disponible en nuestra tienda online\u00a0Revolution Padel Store, probablemente\u00a0al mejor precio del mercado.\" \/>\n<meta property=\"og:url\" content=\"https:\/\/revolutionpadelstore.com\/fr\/produit\/joma-spin-men-2512-granate-3\/\" \/>\n<meta property=\"og:site_name\" content=\"Revolution Padel Store\" \/>\n<meta property=\"article:modified_time\" content=\"2026-04-15T00:02:50+00:00\" \/>\n<meta property=\"og:image\" content=\"https:\/\/revolutionpadelstore.com\/wp-content\/uploads\/2025\/05\/261.png\" \/>\n\t<meta property=\"og:image:width\" content=\"1500\" \/>\n\t<meta property=\"og:image:height\" content=\"1500\" \/>\n\t<meta property=\"og:image:type\" content=\"image\/png\" \/>\n<meta name=\"twitter:card\" content=\"summary_large_image\" \/>\n<meta name=\"twitter:label1\" content=\"Dur\u00e9e de lecture estim\u00e9e\" \/>\n\t<meta name=\"twitter:data1\" content=\"2 minutes\" \/>\n<script type=\"application\/ld+json\" class=\"yoast-schema-graph\">{\"@context\":\"https:\\\/\\\/schema.org\",\"@graph\":[{\"@type\":\"WebPage\",\"@id\":\"https:\\\/\\\/revolutionpadelstore.com\\\/fr\\\/produit\\\/joma-spin-men-2512-granate-3\\\/\",\"url\":\"https:\\\/\\\/revolutionpadelstore.com\\\/fr\\\/produit\\\/joma-spin-men-2512-granate-3\\\/\",\"name\":\"JOMA SPIN MEN 2512 GRANATE - Revolution Padel Store\",\"isPartOf\":{\"@id\":\"https:\\\/\\\/revolutionpadelstore.com\\\/fr\\\/#website\"},\"primaryImageOfPage\":{\"@id\":\"https:\\\/\\\/revolutionpadelstore.com\\\/fr\\\/produit\\\/joma-spin-men-2512-granate-3\\\/#primaryimage\"},\"image\":{\"@id\":\"https:\\\/\\\/revolutionpadelstore.com\\\/fr\\\/produit\\\/joma-spin-men-2512-granate-3\\\/#primaryimage\"},\"thumbnailUrl\":\"https:\\\/\\\/revolutionpadelstore.com\\\/wp-content\\\/uploads\\\/2025\\\/05\\\/261.png\",\"datePublished\":\"2025-05-28T18:53:32+00:00\",\"dateModified\":\"2026-04-15T00:02:50+00:00\",\"description\":\"Si buscas unas\u00a0zapatillas de p\u00e1del profesionales\u00a0con la mejor relaci\u00f3n calidad-precio, este modelo es para ti. Disponible en nuestra tienda online\u00a0Revolution Padel Store, probablemente\u00a0al mejor precio del mercado.\",\"breadcrumb\":{\"@id\":\"https:\\\/\\\/revolutionpadelstore.com\\\/fr\\\/produit\\\/joma-spin-men-2512-granate-3\\\/#breadcrumb\"},\"inLanguage\":\"fr-FR\",\"potentialAction\":[{\"@type\":\"ReadAction\",\"target\":[\"https:\\\/\\\/revolutionpadelstore.com\\\/fr\\\/produit\\\/joma-spin-men-2512-granate-3\\\/\"]}]},{\"@type\":\"ImageObject\",\"inLanguage\":\"fr-FR\",\"@id\":\"https:\\\/\\\/revolutionpadelstore.com\\\/fr\\\/produit\\\/joma-spin-men-2512-granate-3\\\/#primaryimage\",\"url\":\"https:\\\/\\\/revolutionpadelstore.com\\\/wp-content\\\/uploads\\\/2025\\\/05\\\/261.png\",\"contentUrl\":\"https:\\\/\\\/revolutionpadelstore.com\\\/wp-content\\\/uploads\\\/2025\\\/05\\\/261.png\",\"width\":1500,\"height\":1500},{\"@type\":\"BreadcrumbList\",\"@id\":\"https:\\\/\\\/revolutionpadelstore.com\\\/fr\\\/produit\\\/joma-spin-men-2512-granate-3\\\/#breadcrumb\",\"itemListElement\":[{\"@type\":\"ListItem\",\"position\":1,\"name\":\"Portada\",\"item\":\"https:\\\/\\\/revolutionpadelstore.com\\\/fr\\\/\"},{\"@type\":\"ListItem\",\"position\":2,\"name\":\"Boutique\",\"item\":\"https:\\\/\\\/revolutionpadelstore.com\\\/fr\\\/tienda\\\/\"},{\"@type\":\"ListItem\",\"position\":3,\"name\":\"JOMA SPIN MEN 2512 GRANATE\"}]},{\"@type\":\"WebSite\",\"@id\":\"https:\\\/\\\/revolutionpadelstore.com\\\/fr\\\/#website\",\"url\":\"https:\\\/\\\/revolutionpadelstore.com\\\/fr\\\/\",\"name\":\"Revolution Padel Store\",\"description\":\"\",\"publisher\":{\"@id\":\"https:\\\/\\\/revolutionpadelstore.com\\\/fr\\\/#organization\"},\"potentialAction\":[{\"@type\":\"SearchAction\",\"target\":{\"@type\":\"EntryPoint\",\"urlTemplate\":\"https:\\\/\\\/revolutionpadelstore.com\\\/fr\\\/?s={search_term_string}\"},\"query-input\":{\"@type\":\"PropertyValueSpecification\",\"valueRequired\":true,\"valueName\":\"search_term_string\"}}],\"inLanguage\":\"fr-FR\"},{\"@type\":\"Organization\",\"@id\":\"https:\\\/\\\/revolutionpadelstore.com\\\/fr\\\/#organization\",\"name\":\"Revolution Padel Store\",\"url\":\"https:\\\/\\\/revolutionpadelstore.com\\\/fr\\\/\",\"logo\":{\"@type\":\"ImageObject\",\"inLanguage\":\"fr-FR\",\"@id\":\"https:\\\/\\\/revolutionpadelstore.com\\\/fr\\\/#\\\/schema\\\/logo\\\/image\\\/\",\"url\":\"https:\\\/\\\/revolutionpadelstore.com\\\/wp-content\\\/uploads\\\/2026\\\/02\\\/revolution-padel-store.jpg\",\"contentUrl\":\"https:\\\/\\\/revolutionpadelstore.com\\\/wp-content\\\/uploads\\\/2026\\\/02\\\/revolution-padel-store.jpg\",\"width\":2000,\"height\":2000,\"caption\":\"Revolution Padel Store\"},\"image\":{\"@id\":\"https:\\\/\\\/revolutionpadelstore.com\\\/fr\\\/#\\\/schema\\\/logo\\\/image\\\/\"},\"sameAs\":[\"https:\\\/\\\/www.instagram.com\\\/revolutionpadelstore\\\/\"]}]}<\/script>\n<!-- \/ Yoast SEO plugin. -->","yoast_head_json":{"title":"JOMA SPIN MEN 2512 GRANATE - Revolution Padel Store","description":"Si buscas unas\u00a0zapatillas de p\u00e1del profesionales\u00a0con la mejor relaci\u00f3n calidad-precio, este modelo es para ti. Disponible en nuestra tienda online\u00a0Revolution Padel Store, probablemente\u00a0al mejor precio del mercado.","robots":{"index":"index","follow":"follow","max-snippet":"max-snippet:-1","max-image-preview":"max-image-preview:large","max-video-preview":"max-video-preview:-1"},"canonical":"https:\/\/revolutionpadelstore.com\/fr\/produit\/joma-spin-men-2512-granate-3\/","og_locale":"fr_FR","og_type":"article","og_title":"JOMA SPIN MEN 2512 GRANATE - Revolution Padel Store","og_description":"Si buscas unas\u00a0zapatillas de p\u00e1del profesionales\u00a0con la mejor relaci\u00f3n calidad-precio, este modelo es para ti. Disponible en nuestra tienda online\u00a0Revolution Padel Store, probablemente\u00a0al mejor precio del mercado.","og_url":"https:\/\/revolutionpadelstore.com\/fr\/produit\/joma-spin-men-2512-granate-3\/","og_site_name":"Revolution Padel Store","article_modified_time":"2026-04-15T00:02:50+00:00","og_image":[{"width":1500,"height":1500,"url":"https:\/\/revolutionpadelstore.com\/wp-content\/uploads\/2025\/05\/261.png","type":"image\/png"}],"twitter_card":"summary_large_image","twitter_misc":{"Dur\u00e9e de lecture estim\u00e9e":"2 minutes"},"schema":{"@context":"https:\/\/schema.org","@graph":[{"@type":"WebPage","@id":"https:\/\/revolutionpadelstore.com\/fr\/produit\/joma-spin-men-2512-granate-3\/","url":"https:\/\/revolutionpadelstore.com\/fr\/produit\/joma-spin-men-2512-granate-3\/","name":"JOMA SPIN MEN 2512 GRANATE - Revolution Padel Store","isPartOf":{"@id":"https:\/\/revolutionpadelstore.com\/fr\/#website"},"primaryImageOfPage":{"@id":"https:\/\/revolutionpadelstore.com\/fr\/produit\/joma-spin-men-2512-granate-3\/#primaryimage"},"image":{"@id":"https:\/\/revolutionpadelstore.com\/fr\/produit\/joma-spin-men-2512-granate-3\/#primaryimage"},"thumbnailUrl":"https:\/\/revolutionpadelstore.com\/wp-content\/uploads\/2025\/05\/261.png","datePublished":"2025-05-28T18:53:32+00:00","dateModified":"2026-04-15T00:02:50+00:00","description":"Si buscas unas\u00a0zapatillas de p\u00e1del profesionales\u00a0con la mejor relaci\u00f3n calidad-precio, este modelo es para ti. Disponible en nuestra tienda online\u00a0Revolution Padel Store, probablemente\u00a0al mejor precio del mercado.","breadcrumb":{"@id":"https:\/\/revolutionpadelstore.com\/fr\/produit\/joma-spin-men-2512-granate-3\/#breadcrumb"},"inLanguage":"fr-FR","potentialAction":[{"@type":"ReadAction","target":["https:\/\/revolutionpadelstore.com\/fr\/produit\/joma-spin-men-2512-granate-3\/"]}]},{"@type":"ImageObject","inLanguage":"fr-FR","@id":"https:\/\/revolutionpadelstore.com\/fr\/produit\/joma-spin-men-2512-granate-3\/#primaryimage","url":"https:\/\/revolutionpadelstore.com\/wp-content\/uploads\/2025\/05\/261.png","contentUrl":"https:\/\/revolutionpadelstore.com\/wp-content\/uploads\/2025\/05\/261.png","width":1500,"height":1500},{"@type":"BreadcrumbList","@id":"https:\/\/revolutionpadelstore.com\/fr\/produit\/joma-spin-men-2512-granate-3\/#breadcrumb","itemListElement":[{"@type":"ListItem","position":1,"name":"Portada","item":"https:\/\/revolutionpadelstore.com\/fr\/"},{"@type":"ListItem","position":2,"name":"Boutique","item":"https:\/\/revolutionpadelstore.com\/fr\/tienda\/"},{"@type":"ListItem","position":3,"name":"JOMA SPIN MEN 2512 GRANATE"}]},{"@type":"WebSite","@id":"https:\/\/revolutionpadelstore.com\/fr\/#website","url":"https:\/\/revolutionpadelstore.com\/fr\/","name":"Revolution Padel Store","description":"","publisher":{"@id":"https:\/\/revolutionpadelstore.com\/fr\/#organization"},"potentialAction":[{"@type":"SearchAction","target":{"@type":"EntryPoint","urlTemplate":"https:\/\/revolutionpadelstore.com\/fr\/?s={search_term_string}"},"query-input":{"@type":"PropertyValueSpecification","valueRequired":true,"valueName":"search_term_string"}}],"inLanguage":"fr-FR"},{"@type":"Organization","@id":"https:\/\/revolutionpadelstore.com\/fr\/#organization","name":"Revolution Padel Store","url":"https:\/\/revolutionpadelstore.com\/fr\/","logo":{"@type":"ImageObject","inLanguage":"fr-FR","@id":"https:\/\/revolutionpadelstore.com\/fr\/#\/schema\/logo\/image\/","url":"https:\/\/revolutionpadelstore.com\/wp-content\/uploads\/2026\/02\/revolution-padel-store.jpg","contentUrl":"https:\/\/revolutionpadelstore.com\/wp-content\/uploads\/2026\/02\/revolution-padel-store.jpg","width":2000,"height":2000,"caption":"Revolution Padel Store"},"image":{"@id":"https:\/\/revolutionpadelstore.com\/fr\/#\/schema\/logo\/image\/"},"sameAs":["https:\/\/www.instagram.com\/revolutionpadelstore\/"]}]}},"_links":{"self":[{"href":"https:\/\/revolutionpadelstore.com\/fr\/wp-json\/wp\/v2\/product\/263392","targetHints":{"allow":["GET"]}}],"collection":[{"href":"https:\/\/revolutionpadelstore.com\/fr\/wp-json\/wp\/v2\/product"}],"about":[{"href":"https:\/\/revolutionpadelstore.com\/fr\/wp-json\/wp\/v2\/types\/product"}],"replies":[{"embeddable":true,"href":"https:\/\/revolutionpadelstore.com\/fr\/wp-json\/wp\/v2\/comments?post=263392"}],"wp:featuredmedia":[{"embeddable":true,"href":"https:\/\/revolutionpadelstore.com\/fr\/wp-json\/wp\/v2\/media\/263422"}],"wp:attachment":[{"href":"https:\/\/revolutionpadelstore.com\/fr\/wp-json\/wp\/v2\/media?parent=263392"}],"wp:term":[{"taxonomy":"acabado","embeddable":true,"href":"https:\/\/revolutionpadelstore.com\/fr\/wp-json\/wp\/v2\/acabado?post=263392"},{"taxonomy":"balance","embeddable":true,"href":"https:\/\/revolutionpadelstore.com\/fr\/wp-json\/wp\/v2\/balance?post=263392"},{"taxonomy":"dureza","embeddable":true,"href":"https:\/\/revolutionpadelstore.com\/fr\/wp-json\/wp\/v2\/dureza?post=263392"},{"taxonomy":"forma","embeddable":true,"href":"https:\/\/revolutionpadelstore.com\/fr\/wp-json\/wp\/v2\/forma?post=263392"},{"taxonomy":"jugador","embeddable":true,"href":"https:\/\/revolutionpadelstore.com\/fr\/wp-json\/wp\/v2\/jugador?post=263392"},{"taxonomy":"marca","embeddable":true,"href":"https:\/\/revolutionpadelstore.com\/fr\/wp-json\/wp\/v2\/marca?post=263392"},{"taxonomy":"nivel-de-juego","embeddable":true,"href":"https:\/\/revolutionpadelstore.com\/fr\/wp-json\/wp\/v2\/nivel-de-juego?post=263392"},{"taxonomy":"superficie","embeddable":true,"href":"https:\/\/revolutionpadelstore.com\/fr\/wp-json\/wp\/v2\/superficie?post=263392"},{"taxonomy":"tipo-de-juego","embeddable":true,"href":"https:\/\/revolutionpadelstore.com\/fr\/wp-json\/wp\/v2\/tipo-de-juego?post=263392"},{"taxonomy":"product_brand","embeddable":true,"href":"https:\/\/revolutionpadelstore.com\/fr\/wp-json\/wp\/v2\/product_brand?post=263392"},{"taxonomy":"product_cat","embeddable":true,"href":"https:\/\/revolutionpadelstore.com\/fr\/wp-json\/wp\/v2\/product_cat?post=263392"},{"taxonomy":"product_tag","embeddable":true,"href":"https:\/\/revolutionpadelstore.com\/fr\/wp-json\/wp\/v2\/product_tag?post=263392"}],"curies":[{"name":"wp","href":"https:\/\/api.w.org\/{rel}","templated":true}]}}