{"id":263314,"date":"2025-05-28T20:24:31","date_gmt":"2025-05-28T18:24:31","guid":{"rendered":"https:\/\/revolutionpadelstore.com\/?post_type=product&#038;p=263314"},"modified":"2026-04-08T04:57:03","modified_gmt":"2026-04-08T02:57:03","slug":"joma-smash-men-2532-blanco-azul-3","status":"publish","type":"product","link":"https:\/\/revolutionpadelstore.com\/fr\/produit\/joma-smash-men-2532-blanco-azul-3\/","title":{"rendered":"JOMA SMASH MEN 2532 BLANCO AZUL"},"content":{"rendered":"<h2>Joma Smash 2532 Blanc Bleu \u2013 Performance et confort maximum sur le terrain<\/h2>\n<p>Les <strong>Joma Smash<\/strong> sont l&#8217;alli\u00e9 id\u00e9al pour les joueurs de padel \u00e0 la recherche de <strong>performance, stabilit\u00e9 et technologie de pointe<\/strong>. Con\u00e7ues pour offrir un amorti sup\u00e9rieur et une r\u00e9activit\u00e9 exceptionnelle, ces chaussures garantissent les meilleures performances sur le terrain. <strong>Tolito Aguirre<\/strong> et d&#8217;autres joueurs d&#8217;\u00e9lite leur font confiance pour r\u00e9ussir.<\/p>\n<h2> Fonctionnalit\u00e9s mises en \u00e9vidence<\/h2>\n<p>-Respirabilit\u00e9 et ajustement optimal : La tige en mesh technique int\u00e8gre la technologie VTS, qui optimise la ventilation et maintient le pied au frais tout au long du match.<br \/>\n-Protection et durabilit\u00e9 maximales : Renforts en caoutchouc dans les zones cl\u00e9s avec le syst\u00e8me PROTECTION, \u00e9vitant une usure pr\u00e9matur\u00e9e.<br \/>\n-Amorti de haut niveau : La semelle interm\u00e9diaire combine du phylon dans la partie sup\u00e9rieure et la technologie innovante REACTIVE BALL dans la partie inf\u00e9rieure, absorbant les impacts et am\u00e9liorant la r\u00e9activit\u00e9.<br \/>\n-Stabilit\u00e9 et contr\u00f4le : int\u00e8gre la pi\u00e8ce STABILIS, qui \u00e9vite les torsions ind\u00e9sirables et am\u00e9liore l&#8217;\u00e9quilibre dans chaque mouvement.<br \/>\n-Adh\u00e9rence et glisse optimales : Semelle en caoutchouc Omni DURABILITY, avec petits crampons circulaires, id\u00e9ale pour \u00e9voluer rapidement sur surfaces dures.<\/p>\n<h2> Technologies avanc\u00e9es<\/h2>\n<p><strong>-Durabilit\u00e9<\/strong> : Caoutchouc haute r\u00e9sistance pour une plus grande durabilit\u00e9.<\/p>\n<p><strong>-Protection<\/strong> : Mati\u00e8re inject\u00e9e au niveau de la pointe pour renforcer la r\u00e9sistance.<\/p>\n<p><strong>-Reactive Ball<\/strong> : Amorti haute performance qui dynamise chaque pas.<\/p>\n<p><strong>-Sportech<\/strong> : Coupe l\u00e9g\u00e8re et confortable sans coutures g\u00eanantes.<\/p>\n<p><strong>-Stabilis<\/strong> : Contr\u00f4le et stabilit\u00e9 dans chaque mouvement.<\/p>\n<p><strong>-VTS<\/strong> : Syst\u00e8me de ventilation pour maintenir une temp\u00e9rature optimale.<\/p>\n<h2> Obtenez-les au meilleur prix !<\/h2>\n<p>D\u00e9couvrez le <strong>Joma Smash<\/strong> dans notre boutique en ligne <strong><a href=\"https:\/\/www.revolutionpadelstore.com\/\">www.revolutionpadelstore.com<\/a><\/strong>, probablement au <strong>meilleur prix du march\u00e9<\/strong>. \u00c9quipez-vous comme un professionnel et dominez le terrain !<\/p>\n<h2>Joma Smash 2532 Blanco Azul \u2013 M\u00e1ximo Rendimiento y Confort en la Pista<\/h2>\n","protected":false},"excerpt":{"rendered":"<p>Les Joma Smash 2532 White Blue sont l&#8217;option id\u00e9ale pour les joueurs de padel qui souhaitent allier performance, stabilit\u00e9 et technologie avanc\u00e9e. Con\u00e7ues pour offrir un excellent amorti et une excellente r\u00e9activit\u00e9, ces chaussures assurent des performances optimales sur le terrain.<\/p>\n","protected":false},"featured_media":263348,"comment_status":"open","ping_status":"closed","template":"","meta":{"_acf_changed":false,"_joinchat":[]},"acabado":[],"balance":[],"dureza":[],"forma":[],"jugador":[],"marca":[1227],"nivel-de-juego":[],"superficie":[],"tipo-de-juego":[],"product_brand":[],"product_cat":[830,407],"product_tag":[],"class_list":{"0":"post-263314","1":"product","2":"type-product","3":"status-publish","4":"has-post-thumbnail","6":"marca-joma-fr","7":"product_cat-baskets","8":"product_cat-sneakers-pour-hommes","10":"first","11":"outofstock","12":"sale","13":"taxable","14":"shipping-taxable","15":"purchasable","16":"product-type-variable"},"acf":[],"yoast_head":"<!-- This site is optimized with the Yoast SEO plugin v27.4 - https:\/\/yoast.com\/product\/yoast-seo-wordpress\/ -->\n<title>JOMA SMASH MEN 2532 BLANCO AZUL - Revolution Padel Store<\/title>\n<meta name=\"description\" content=\"Descubre las\u00a0Joma Smash\u00a0en nuestra tienda online\u00a0www.revolutionpadelstore.com, probablemente al\u00a0mejor precio del mercado. \u00a1Equ\u00edpate como un profesional y domina la pista!\" \/>\n<meta name=\"robots\" content=\"index, follow, max-snippet:-1, max-image-preview:large, max-video-preview:-1\" \/>\n<link rel=\"canonical\" href=\"https:\/\/revolutionpadelstore.com\/fr\/produit\/joma-smash-men-2532-blanco-azul-3\/\" \/>\n<meta property=\"og:locale\" content=\"fr_FR\" \/>\n<meta property=\"og:type\" content=\"article\" \/>\n<meta property=\"og:title\" content=\"JOMA SMASH MEN 2532 BLANCO AZUL - Revolution Padel Store\" \/>\n<meta property=\"og:description\" content=\"Descubre las\u00a0Joma Smash\u00a0en nuestra tienda online\u00a0www.revolutionpadelstore.com, probablemente al\u00a0mejor precio del mercado. \u00a1Equ\u00edpate como un profesional y domina la pista!\" \/>\n<meta property=\"og:url\" content=\"https:\/\/revolutionpadelstore.com\/fr\/produit\/joma-smash-men-2532-blanco-azul-3\/\" \/>\n<meta property=\"og:site_name\" content=\"Revolution Padel Store\" \/>\n<meta property=\"article:modified_time\" content=\"2026-04-08T02:57:03+00:00\" \/>\n<meta property=\"og:image\" content=\"https:\/\/revolutionpadelstore.com\/wp-content\/uploads\/2025\/05\/256.png\" \/>\n\t<meta property=\"og:image:width\" content=\"1500\" \/>\n\t<meta property=\"og:image:height\" content=\"1500\" \/>\n\t<meta property=\"og:image:type\" content=\"image\/png\" \/>\n<meta name=\"twitter:card\" content=\"summary_large_image\" \/>\n<meta name=\"twitter:label1\" content=\"Dur\u00e9e de lecture estim\u00e9e\" \/>\n\t<meta name=\"twitter:data1\" content=\"2 minutes\" \/>\n<script type=\"application\/ld+json\" class=\"yoast-schema-graph\">{\"@context\":\"https:\\\/\\\/schema.org\",\"@graph\":[{\"@type\":\"WebPage\",\"@id\":\"https:\\\/\\\/revolutionpadelstore.com\\\/fr\\\/produit\\\/joma-smash-men-2532-blanco-azul-3\\\/\",\"url\":\"https:\\\/\\\/revolutionpadelstore.com\\\/fr\\\/produit\\\/joma-smash-men-2532-blanco-azul-3\\\/\",\"name\":\"JOMA SMASH MEN 2532 BLANCO AZUL - Revolution Padel Store\",\"isPartOf\":{\"@id\":\"https:\\\/\\\/revolutionpadelstore.com\\\/fr\\\/#website\"},\"primaryImageOfPage\":{\"@id\":\"https:\\\/\\\/revolutionpadelstore.com\\\/fr\\\/produit\\\/joma-smash-men-2532-blanco-azul-3\\\/#primaryimage\"},\"image\":{\"@id\":\"https:\\\/\\\/revolutionpadelstore.com\\\/fr\\\/produit\\\/joma-smash-men-2532-blanco-azul-3\\\/#primaryimage\"},\"thumbnailUrl\":\"https:\\\/\\\/revolutionpadelstore.com\\\/wp-content\\\/uploads\\\/2025\\\/05\\\/256.png\",\"datePublished\":\"2025-05-28T18:24:31+00:00\",\"dateModified\":\"2026-04-08T02:57:03+00:00\",\"description\":\"Descubre las\u00a0Joma Smash\u00a0en nuestra tienda online\u00a0www.revolutionpadelstore.com, probablemente al\u00a0mejor precio del mercado. \u00a1Equ\u00edpate como un profesional y domina la pista!\",\"breadcrumb\":{\"@id\":\"https:\\\/\\\/revolutionpadelstore.com\\\/fr\\\/produit\\\/joma-smash-men-2532-blanco-azul-3\\\/#breadcrumb\"},\"inLanguage\":\"fr-FR\",\"potentialAction\":[{\"@type\":\"ReadAction\",\"target\":[\"https:\\\/\\\/revolutionpadelstore.com\\\/fr\\\/produit\\\/joma-smash-men-2532-blanco-azul-3\\\/\"]}]},{\"@type\":\"ImageObject\",\"inLanguage\":\"fr-FR\",\"@id\":\"https:\\\/\\\/revolutionpadelstore.com\\\/fr\\\/produit\\\/joma-smash-men-2532-blanco-azul-3\\\/#primaryimage\",\"url\":\"https:\\\/\\\/revolutionpadelstore.com\\\/wp-content\\\/uploads\\\/2025\\\/05\\\/256.png\",\"contentUrl\":\"https:\\\/\\\/revolutionpadelstore.com\\\/wp-content\\\/uploads\\\/2025\\\/05\\\/256.png\",\"width\":1500,\"height\":1500},{\"@type\":\"BreadcrumbList\",\"@id\":\"https:\\\/\\\/revolutionpadelstore.com\\\/fr\\\/produit\\\/joma-smash-men-2532-blanco-azul-3\\\/#breadcrumb\",\"itemListElement\":[{\"@type\":\"ListItem\",\"position\":1,\"name\":\"Portada\",\"item\":\"https:\\\/\\\/revolutionpadelstore.com\\\/fr\\\/\"},{\"@type\":\"ListItem\",\"position\":2,\"name\":\"Boutique\",\"item\":\"https:\\\/\\\/revolutionpadelstore.com\\\/fr\\\/tienda\\\/\"},{\"@type\":\"ListItem\",\"position\":3,\"name\":\"JOMA SMASH MEN 2532 BLANCO AZUL\"}]},{\"@type\":\"WebSite\",\"@id\":\"https:\\\/\\\/revolutionpadelstore.com\\\/fr\\\/#website\",\"url\":\"https:\\\/\\\/revolutionpadelstore.com\\\/fr\\\/\",\"name\":\"Revolution Padel Store\",\"description\":\"\",\"publisher\":{\"@id\":\"https:\\\/\\\/revolutionpadelstore.com\\\/fr\\\/#organization\"},\"potentialAction\":[{\"@type\":\"SearchAction\",\"target\":{\"@type\":\"EntryPoint\",\"urlTemplate\":\"https:\\\/\\\/revolutionpadelstore.com\\\/fr\\\/?s={search_term_string}\"},\"query-input\":{\"@type\":\"PropertyValueSpecification\",\"valueRequired\":true,\"valueName\":\"search_term_string\"}}],\"inLanguage\":\"fr-FR\"},{\"@type\":\"Organization\",\"@id\":\"https:\\\/\\\/revolutionpadelstore.com\\\/fr\\\/#organization\",\"name\":\"Revolution Padel Store\",\"url\":\"https:\\\/\\\/revolutionpadelstore.com\\\/fr\\\/\",\"logo\":{\"@type\":\"ImageObject\",\"inLanguage\":\"fr-FR\",\"@id\":\"https:\\\/\\\/revolutionpadelstore.com\\\/fr\\\/#\\\/schema\\\/logo\\\/image\\\/\",\"url\":\"https:\\\/\\\/revolutionpadelstore.com\\\/wp-content\\\/uploads\\\/2026\\\/02\\\/revolution-padel-store.jpg\",\"contentUrl\":\"https:\\\/\\\/revolutionpadelstore.com\\\/wp-content\\\/uploads\\\/2026\\\/02\\\/revolution-padel-store.jpg\",\"width\":2000,\"height\":2000,\"caption\":\"Revolution Padel Store\"},\"image\":{\"@id\":\"https:\\\/\\\/revolutionpadelstore.com\\\/fr\\\/#\\\/schema\\\/logo\\\/image\\\/\"},\"sameAs\":[\"https:\\\/\\\/www.instagram.com\\\/revolutionpadelstore\\\/\"]}]}<\/script>\n<!-- \/ Yoast SEO plugin. -->","yoast_head_json":{"title":"JOMA SMASH MEN 2532 BLANCO AZUL - Revolution Padel Store","description":"Descubre las\u00a0Joma Smash\u00a0en nuestra tienda online\u00a0www.revolutionpadelstore.com, probablemente al\u00a0mejor precio del mercado. \u00a1Equ\u00edpate como un profesional y domina la pista!","robots":{"index":"index","follow":"follow","max-snippet":"max-snippet:-1","max-image-preview":"max-image-preview:large","max-video-preview":"max-video-preview:-1"},"canonical":"https:\/\/revolutionpadelstore.com\/fr\/produit\/joma-smash-men-2532-blanco-azul-3\/","og_locale":"fr_FR","og_type":"article","og_title":"JOMA SMASH MEN 2532 BLANCO AZUL - Revolution Padel Store","og_description":"Descubre las\u00a0Joma Smash\u00a0en nuestra tienda online\u00a0www.revolutionpadelstore.com, probablemente al\u00a0mejor precio del mercado. \u00a1Equ\u00edpate como un profesional y domina la pista!","og_url":"https:\/\/revolutionpadelstore.com\/fr\/produit\/joma-smash-men-2532-blanco-azul-3\/","og_site_name":"Revolution Padel Store","article_modified_time":"2026-04-08T02:57:03+00:00","og_image":[{"width":1500,"height":1500,"url":"https:\/\/revolutionpadelstore.com\/wp-content\/uploads\/2025\/05\/256.png","type":"image\/png"}],"twitter_card":"summary_large_image","twitter_misc":{"Dur\u00e9e de lecture estim\u00e9e":"2 minutes"},"schema":{"@context":"https:\/\/schema.org","@graph":[{"@type":"WebPage","@id":"https:\/\/revolutionpadelstore.com\/fr\/produit\/joma-smash-men-2532-blanco-azul-3\/","url":"https:\/\/revolutionpadelstore.com\/fr\/produit\/joma-smash-men-2532-blanco-azul-3\/","name":"JOMA SMASH MEN 2532 BLANCO AZUL - Revolution Padel Store","isPartOf":{"@id":"https:\/\/revolutionpadelstore.com\/fr\/#website"},"primaryImageOfPage":{"@id":"https:\/\/revolutionpadelstore.com\/fr\/produit\/joma-smash-men-2532-blanco-azul-3\/#primaryimage"},"image":{"@id":"https:\/\/revolutionpadelstore.com\/fr\/produit\/joma-smash-men-2532-blanco-azul-3\/#primaryimage"},"thumbnailUrl":"https:\/\/revolutionpadelstore.com\/wp-content\/uploads\/2025\/05\/256.png","datePublished":"2025-05-28T18:24:31+00:00","dateModified":"2026-04-08T02:57:03+00:00","description":"Descubre las\u00a0Joma Smash\u00a0en nuestra tienda online\u00a0www.revolutionpadelstore.com, probablemente al\u00a0mejor precio del mercado. \u00a1Equ\u00edpate como un profesional y domina la pista!","breadcrumb":{"@id":"https:\/\/revolutionpadelstore.com\/fr\/produit\/joma-smash-men-2532-blanco-azul-3\/#breadcrumb"},"inLanguage":"fr-FR","potentialAction":[{"@type":"ReadAction","target":["https:\/\/revolutionpadelstore.com\/fr\/produit\/joma-smash-men-2532-blanco-azul-3\/"]}]},{"@type":"ImageObject","inLanguage":"fr-FR","@id":"https:\/\/revolutionpadelstore.com\/fr\/produit\/joma-smash-men-2532-blanco-azul-3\/#primaryimage","url":"https:\/\/revolutionpadelstore.com\/wp-content\/uploads\/2025\/05\/256.png","contentUrl":"https:\/\/revolutionpadelstore.com\/wp-content\/uploads\/2025\/05\/256.png","width":1500,"height":1500},{"@type":"BreadcrumbList","@id":"https:\/\/revolutionpadelstore.com\/fr\/produit\/joma-smash-men-2532-blanco-azul-3\/#breadcrumb","itemListElement":[{"@type":"ListItem","position":1,"name":"Portada","item":"https:\/\/revolutionpadelstore.com\/fr\/"},{"@type":"ListItem","position":2,"name":"Boutique","item":"https:\/\/revolutionpadelstore.com\/fr\/tienda\/"},{"@type":"ListItem","position":3,"name":"JOMA SMASH MEN 2532 BLANCO AZUL"}]},{"@type":"WebSite","@id":"https:\/\/revolutionpadelstore.com\/fr\/#website","url":"https:\/\/revolutionpadelstore.com\/fr\/","name":"Revolution Padel Store","description":"","publisher":{"@id":"https:\/\/revolutionpadelstore.com\/fr\/#organization"},"potentialAction":[{"@type":"SearchAction","target":{"@type":"EntryPoint","urlTemplate":"https:\/\/revolutionpadelstore.com\/fr\/?s={search_term_string}"},"query-input":{"@type":"PropertyValueSpecification","valueRequired":true,"valueName":"search_term_string"}}],"inLanguage":"fr-FR"},{"@type":"Organization","@id":"https:\/\/revolutionpadelstore.com\/fr\/#organization","name":"Revolution Padel Store","url":"https:\/\/revolutionpadelstore.com\/fr\/","logo":{"@type":"ImageObject","inLanguage":"fr-FR","@id":"https:\/\/revolutionpadelstore.com\/fr\/#\/schema\/logo\/image\/","url":"https:\/\/revolutionpadelstore.com\/wp-content\/uploads\/2026\/02\/revolution-padel-store.jpg","contentUrl":"https:\/\/revolutionpadelstore.com\/wp-content\/uploads\/2026\/02\/revolution-padel-store.jpg","width":2000,"height":2000,"caption":"Revolution Padel Store"},"image":{"@id":"https:\/\/revolutionpadelstore.com\/fr\/#\/schema\/logo\/image\/"},"sameAs":["https:\/\/www.instagram.com\/revolutionpadelstore\/"]}]}},"_links":{"self":[{"href":"https:\/\/revolutionpadelstore.com\/fr\/wp-json\/wp\/v2\/product\/263314","targetHints":{"allow":["GET"]}}],"collection":[{"href":"https:\/\/revolutionpadelstore.com\/fr\/wp-json\/wp\/v2\/product"}],"about":[{"href":"https:\/\/revolutionpadelstore.com\/fr\/wp-json\/wp\/v2\/types\/product"}],"replies":[{"embeddable":true,"href":"https:\/\/revolutionpadelstore.com\/fr\/wp-json\/wp\/v2\/comments?post=263314"}],"wp:featuredmedia":[{"embeddable":true,"href":"https:\/\/revolutionpadelstore.com\/fr\/wp-json\/wp\/v2\/media\/263348"}],"wp:attachment":[{"href":"https:\/\/revolutionpadelstore.com\/fr\/wp-json\/wp\/v2\/media?parent=263314"}],"wp:term":[{"taxonomy":"acabado","embeddable":true,"href":"https:\/\/revolutionpadelstore.com\/fr\/wp-json\/wp\/v2\/acabado?post=263314"},{"taxonomy":"balance","embeddable":true,"href":"https:\/\/revolutionpadelstore.com\/fr\/wp-json\/wp\/v2\/balance?post=263314"},{"taxonomy":"dureza","embeddable":true,"href":"https:\/\/revolutionpadelstore.com\/fr\/wp-json\/wp\/v2\/dureza?post=263314"},{"taxonomy":"forma","embeddable":true,"href":"https:\/\/revolutionpadelstore.com\/fr\/wp-json\/wp\/v2\/forma?post=263314"},{"taxonomy":"jugador","embeddable":true,"href":"https:\/\/revolutionpadelstore.com\/fr\/wp-json\/wp\/v2\/jugador?post=263314"},{"taxonomy":"marca","embeddable":true,"href":"https:\/\/revolutionpadelstore.com\/fr\/wp-json\/wp\/v2\/marca?post=263314"},{"taxonomy":"nivel-de-juego","embeddable":true,"href":"https:\/\/revolutionpadelstore.com\/fr\/wp-json\/wp\/v2\/nivel-de-juego?post=263314"},{"taxonomy":"superficie","embeddable":true,"href":"https:\/\/revolutionpadelstore.com\/fr\/wp-json\/wp\/v2\/superficie?post=263314"},{"taxonomy":"tipo-de-juego","embeddable":true,"href":"https:\/\/revolutionpadelstore.com\/fr\/wp-json\/wp\/v2\/tipo-de-juego?post=263314"},{"taxonomy":"product_brand","embeddable":true,"href":"https:\/\/revolutionpadelstore.com\/fr\/wp-json\/wp\/v2\/product_brand?post=263314"},{"taxonomy":"product_cat","embeddable":true,"href":"https:\/\/revolutionpadelstore.com\/fr\/wp-json\/wp\/v2\/product_cat?post=263314"},{"taxonomy":"product_tag","embeddable":true,"href":"https:\/\/revolutionpadelstore.com\/fr\/wp-json\/wp\/v2\/product_tag?post=263314"}],"curies":[{"name":"wp","href":"https:\/\/api.w.org\/{rel}","templated":true}]}}