{"id":263046,"date":"2025-05-15T16:44:10","date_gmt":"2025-05-15T14:44:10","guid":{"rendered":"https:\/\/revolutionpadelstore.com\/blister-4-uds-antivibrador-bullpadel-ease-vibe-negro\/"},"modified":"2026-04-08T05:05:52","modified_gmt":"2026-04-08T03:05:52","slug":"blister-4-uds-antivibrador-bullpadel-ease-vibe-negro-3","status":"publish","type":"product","link":"https:\/\/revolutionpadelstore.com\/fr\/produit\/blister-4-uds-antivibrador-bullpadel-ease-vibe-negro-3\/","title":{"rendered":"BLISTER (4 UDS) ANTIVIBRADOR BULLPADEL EASE VIBE NEGRO"},"content":{"rendered":"<h2> blister (4 unit\u00e9s) Bullpadel faciliter la vibe noir <\/h2>\n<p>Am\u00e9liorez vos performances de piste et r\u00e9duisez les inconv\u00e9nients de chaque coup avec les antivibrators vibrants de facilit\u00e9 anti-vibadel en orange vibrant! Cet accessoire essentiel pour votre pelle \u00e0 palette est con\u00e7u pour r\u00e9duire \u00e0 un <strong> 60% des vibrations <\/strong>, offrant un plus grand confort, stabilit\u00e9 et pr\u00e9cision <\/strong> pendant le jeu.<\/p>\n<h2> Caract\u00e9ristiques exceptionnelles <\/h2>\n<p><strong> -R\u00e9viation des vibrations <\/strong> jusqu&#8217;\u00e0 60%, minimisant l&#8217;impact sur le poignet, le coude et l&#8217;\u00e9paule.<\/p>\n<p><strong> &#8211; Comprend 4 unit\u00e9s par ampoule <\/strong>, parfaite pour personnaliser l&#8217;\u00e9quilibre et le contr\u00f4le de votre pelle.<\/p>\n<p><strong> -ligero et facile \u00e0 installer <\/strong>, sans avoir besoin d&#8217;outils ou d&#8217;exp\u00e9rience ant\u00e9rieure.<\/p>\n<p><strong> &#8211; Compatible avec toutes sortes de palettes <\/strong>, id\u00e9ales pour les joueurs de tous niveaux.<\/p>\n<p><strong> -color n\u00e8gre vibrant <\/strong> qui apporte une touche moderne et visible \u00e0 votre \u00e9quipement.<\/p>\n<h2> Avantages pour le joueur <\/h2>\n<p>-Disphruta d&#8217;un <strong> hit plus propre et plus contr\u00f4l\u00e9 <\/strong>, id\u00e9al pour ceux qui cherchent de pr\u00e9cision \u00e0 chaque point.<\/p>\n<p>-Mayor <strong> r\u00e9confort et pr\u00e9vention des blessures <\/strong>, particuli\u00e8rement utiles pour ceux qui souffrent d&#8217;\u00e9picontylite ou d&#8217;inconfort musculaire.<\/p>\n<p>-Avablement polyvalent: placez les antivibrateurs o\u00f9 vous pr\u00e9f\u00e9rez am\u00e9liorer la puissance ou le contr\u00f4le en fonction de votre style de jeu.<\/p>\n<h2> Pourquoi choisir Bullpadel?<br \/>\nBullpadel est l&#8217;une des principales marques <strong> du monde de Paddle <\/strong>, reconnu par la qualit\u00e9, l&#8217;innovation et les performances de ses produits. Choisir un accessoire de bullpadel est de parier sur l&#8217;excellence \u00e0 chaque point.<\/p>\n<h2> Achetez votre paquet d&#8217;anti-vibrateurs de Bullpadel<br \/>\nProfitez de cette occasion et profitez d&#8217;un jeu plus confortable et s\u00fbr. Vous \u00eates d\u00e9j\u00e0 un joueur occasionnel ou un concurrent habituel, l&#8217;ambiance Bullpadel Ease fera une diff\u00e9rence dans vos performances.<\/p>\n<p>Disponible maintenant dans notre boutique en ligne <a href=\"https:\/\/www.revolutionpadelstore.com\/\"> www.revolutionpadelstore.com <\/a><br \/>\n<em> probablement au meilleur prix du march\u00e9! <\/em><\/p>\n","protected":false},"excerpt":{"rendered":"<p>Un paquet de 4 unit\u00e9s d&#8217;antidibrateurs d&#8217;ambiance de facilit\u00e9 de bullpadel, con\u00e7us pour diminuer jusqu&#8217;\u00e0 60% de vibrations apr\u00e8s l&#8217;impact avec la balle. Am\u00e9liorez la stabilit\u00e9 et offrez une sensation plus confortable de frapper.<\/p>\n","protected":false},"featured_media":263033,"comment_status":"open","ping_status":"closed","template":"","meta":{"_acf_changed":false,"_joinchat":[]},"acabado":[],"balance":[],"dureza":[],"forma":[],"jugador":[],"marca":[1257],"nivel-de-juego":[],"superficie":[],"tipo-de-juego":[],"product_brand":[],"product_cat":[561],"product_tag":[],"class_list":{"0":"post-263046","1":"product","2":"type-product","3":"status-publish","4":"has-post-thumbnail","6":"marca-bullpadel-fr","7":"product_cat-accessoires","9":"first","10":"instock","11":"sale","12":"taxable","13":"shipping-taxable","14":"purchasable","15":"product-type-simple"},"acf":[],"yoast_head":"<!-- This site is optimized with the Yoast SEO plugin v27.4 - https:\/\/yoast.com\/product\/yoast-seo-wordpress\/ -->\n<title>BLISTER (4 UDS) ANTIVIBRADOR BULLPADEL EASE VIBE NEGRO - Revolution Padel Store<\/title>\n<meta name=\"description\" content=\"Aprovecha esta oportunidad y disfruta de un juego m\u00e1s c\u00f3modo y seguro. Ya seas un jugador ocasional o un competidor habitual, el Bullpadel Ease Vibe marcar\u00e1 la diferencia en tu rendimiento.\" \/>\n<meta name=\"robots\" content=\"index, follow, max-snippet:-1, max-image-preview:large, max-video-preview:-1\" \/>\n<link rel=\"canonical\" href=\"https:\/\/revolutionpadelstore.com\/fr\/produit\/blister-4-uds-antivibrador-bullpadel-ease-vibe-negro-3\/\" \/>\n<meta property=\"og:locale\" content=\"fr_FR\" \/>\n<meta property=\"og:type\" content=\"article\" \/>\n<meta property=\"og:title\" content=\"BLISTER (4 UDS) ANTIVIBRADOR BULLPADEL EASE VIBE NEGRO - Revolution Padel Store\" \/>\n<meta property=\"og:description\" content=\"Aprovecha esta oportunidad y disfruta de un juego m\u00e1s c\u00f3modo y seguro. Ya seas un jugador ocasional o un competidor habitual, el Bullpadel Ease Vibe marcar\u00e1 la diferencia en tu rendimiento.\" \/>\n<meta property=\"og:url\" content=\"https:\/\/revolutionpadelstore.com\/fr\/produit\/blister-4-uds-antivibrador-bullpadel-ease-vibe-negro-3\/\" \/>\n<meta property=\"og:site_name\" content=\"Revolution Padel Store\" \/>\n<meta property=\"article:modified_time\" content=\"2026-04-08T03:05:52+00:00\" \/>\n<meta property=\"og:image\" content=\"https:\/\/revolutionpadelstore.com\/wp-content\/uploads\/2025\/05\/113837_blister_4_uds_antivibrador_ease_vibe_bullpadel_005_negro_448292_1200x120_b6ef.webp\" \/>\n\t<meta property=\"og:image:width\" content=\"1200\" \/>\n\t<meta property=\"og:image:height\" content=\"1200\" \/>\n\t<meta property=\"og:image:type\" content=\"image\/webp\" \/>\n<meta name=\"twitter:card\" content=\"summary_large_image\" \/>\n<meta name=\"twitter:label1\" content=\"Dur\u00e9e de lecture estim\u00e9e\" \/>\n\t<meta name=\"twitter:data1\" content=\"2 minutes\" \/>\n<script type=\"application\/ld+json\" class=\"yoast-schema-graph\">{\"@context\":\"https:\\\/\\\/schema.org\",\"@graph\":[{\"@type\":\"WebPage\",\"@id\":\"https:\\\/\\\/revolutionpadelstore.com\\\/fr\\\/produit\\\/blister-4-uds-antivibrador-bullpadel-ease-vibe-negro-3\\\/\",\"url\":\"https:\\\/\\\/revolutionpadelstore.com\\\/fr\\\/produit\\\/blister-4-uds-antivibrador-bullpadel-ease-vibe-negro-3\\\/\",\"name\":\"BLISTER (4 UDS) ANTIVIBRADOR BULLPADEL EASE VIBE NEGRO - Revolution Padel Store\",\"isPartOf\":{\"@id\":\"https:\\\/\\\/revolutionpadelstore.com\\\/fr\\\/#website\"},\"primaryImageOfPage\":{\"@id\":\"https:\\\/\\\/revolutionpadelstore.com\\\/fr\\\/produit\\\/blister-4-uds-antivibrador-bullpadel-ease-vibe-negro-3\\\/#primaryimage\"},\"image\":{\"@id\":\"https:\\\/\\\/revolutionpadelstore.com\\\/fr\\\/produit\\\/blister-4-uds-antivibrador-bullpadel-ease-vibe-negro-3\\\/#primaryimage\"},\"thumbnailUrl\":\"https:\\\/\\\/revolutionpadelstore.com\\\/wp-content\\\/uploads\\\/2025\\\/05\\\/113837_blister_4_uds_antivibrador_ease_vibe_bullpadel_005_negro_448292_1200x120_b6ef.webp\",\"datePublished\":\"2025-05-15T14:44:10+00:00\",\"dateModified\":\"2026-04-08T03:05:52+00:00\",\"description\":\"Aprovecha esta oportunidad y disfruta de un juego m\u00e1s c\u00f3modo y seguro. Ya seas un jugador ocasional o un competidor habitual, el Bullpadel Ease Vibe marcar\u00e1 la diferencia en tu rendimiento.\",\"breadcrumb\":{\"@id\":\"https:\\\/\\\/revolutionpadelstore.com\\\/fr\\\/produit\\\/blister-4-uds-antivibrador-bullpadel-ease-vibe-negro-3\\\/#breadcrumb\"},\"inLanguage\":\"fr-FR\",\"potentialAction\":[{\"@type\":\"ReadAction\",\"target\":[\"https:\\\/\\\/revolutionpadelstore.com\\\/fr\\\/produit\\\/blister-4-uds-antivibrador-bullpadel-ease-vibe-negro-3\\\/\"]}]},{\"@type\":\"ImageObject\",\"inLanguage\":\"fr-FR\",\"@id\":\"https:\\\/\\\/revolutionpadelstore.com\\\/fr\\\/produit\\\/blister-4-uds-antivibrador-bullpadel-ease-vibe-negro-3\\\/#primaryimage\",\"url\":\"https:\\\/\\\/revolutionpadelstore.com\\\/wp-content\\\/uploads\\\/2025\\\/05\\\/113837_blister_4_uds_antivibrador_ease_vibe_bullpadel_005_negro_448292_1200x120_b6ef.webp\",\"contentUrl\":\"https:\\\/\\\/revolutionpadelstore.com\\\/wp-content\\\/uploads\\\/2025\\\/05\\\/113837_blister_4_uds_antivibrador_ease_vibe_bullpadel_005_negro_448292_1200x120_b6ef.webp\",\"width\":1200,\"height\":1200},{\"@type\":\"BreadcrumbList\",\"@id\":\"https:\\\/\\\/revolutionpadelstore.com\\\/fr\\\/produit\\\/blister-4-uds-antivibrador-bullpadel-ease-vibe-negro-3\\\/#breadcrumb\",\"itemListElement\":[{\"@type\":\"ListItem\",\"position\":1,\"name\":\"Portada\",\"item\":\"https:\\\/\\\/revolutionpadelstore.com\\\/fr\\\/\"},{\"@type\":\"ListItem\",\"position\":2,\"name\":\"Boutique\",\"item\":\"https:\\\/\\\/revolutionpadelstore.com\\\/fr\\\/tienda\\\/\"},{\"@type\":\"ListItem\",\"position\":3,\"name\":\"BLISTER (4 UDS) ANTIVIBRADOR BULLPADEL EASE VIBE NEGRO\"}]},{\"@type\":\"WebSite\",\"@id\":\"https:\\\/\\\/revolutionpadelstore.com\\\/fr\\\/#website\",\"url\":\"https:\\\/\\\/revolutionpadelstore.com\\\/fr\\\/\",\"name\":\"Revolution Padel Store\",\"description\":\"\",\"publisher\":{\"@id\":\"https:\\\/\\\/revolutionpadelstore.com\\\/fr\\\/#organization\"},\"potentialAction\":[{\"@type\":\"SearchAction\",\"target\":{\"@type\":\"EntryPoint\",\"urlTemplate\":\"https:\\\/\\\/revolutionpadelstore.com\\\/fr\\\/?s={search_term_string}\"},\"query-input\":{\"@type\":\"PropertyValueSpecification\",\"valueRequired\":true,\"valueName\":\"search_term_string\"}}],\"inLanguage\":\"fr-FR\"},{\"@type\":\"Organization\",\"@id\":\"https:\\\/\\\/revolutionpadelstore.com\\\/fr\\\/#organization\",\"name\":\"Revolution Padel Store\",\"url\":\"https:\\\/\\\/revolutionpadelstore.com\\\/fr\\\/\",\"logo\":{\"@type\":\"ImageObject\",\"inLanguage\":\"fr-FR\",\"@id\":\"https:\\\/\\\/revolutionpadelstore.com\\\/fr\\\/#\\\/schema\\\/logo\\\/image\\\/\",\"url\":\"https:\\\/\\\/revolutionpadelstore.com\\\/wp-content\\\/uploads\\\/2026\\\/02\\\/revolution-padel-store.jpg\",\"contentUrl\":\"https:\\\/\\\/revolutionpadelstore.com\\\/wp-content\\\/uploads\\\/2026\\\/02\\\/revolution-padel-store.jpg\",\"width\":2000,\"height\":2000,\"caption\":\"Revolution Padel Store\"},\"image\":{\"@id\":\"https:\\\/\\\/revolutionpadelstore.com\\\/fr\\\/#\\\/schema\\\/logo\\\/image\\\/\"},\"sameAs\":[\"https:\\\/\\\/www.instagram.com\\\/revolutionpadelstore\\\/\"]}]}<\/script>\n<!-- \/ Yoast SEO plugin. -->","yoast_head_json":{"title":"BLISTER (4 UDS) ANTIVIBRADOR BULLPADEL EASE VIBE NEGRO - Revolution Padel Store","description":"Aprovecha esta oportunidad y disfruta de un juego m\u00e1s c\u00f3modo y seguro. Ya seas un jugador ocasional o un competidor habitual, el Bullpadel Ease Vibe marcar\u00e1 la diferencia en tu rendimiento.","robots":{"index":"index","follow":"follow","max-snippet":"max-snippet:-1","max-image-preview":"max-image-preview:large","max-video-preview":"max-video-preview:-1"},"canonical":"https:\/\/revolutionpadelstore.com\/fr\/produit\/blister-4-uds-antivibrador-bullpadel-ease-vibe-negro-3\/","og_locale":"fr_FR","og_type":"article","og_title":"BLISTER (4 UDS) ANTIVIBRADOR BULLPADEL EASE VIBE NEGRO - Revolution Padel Store","og_description":"Aprovecha esta oportunidad y disfruta de un juego m\u00e1s c\u00f3modo y seguro. Ya seas un jugador ocasional o un competidor habitual, el Bullpadel Ease Vibe marcar\u00e1 la diferencia en tu rendimiento.","og_url":"https:\/\/revolutionpadelstore.com\/fr\/produit\/blister-4-uds-antivibrador-bullpadel-ease-vibe-negro-3\/","og_site_name":"Revolution Padel Store","article_modified_time":"2026-04-08T03:05:52+00:00","og_image":[{"width":1200,"height":1200,"url":"https:\/\/revolutionpadelstore.com\/wp-content\/uploads\/2025\/05\/113837_blister_4_uds_antivibrador_ease_vibe_bullpadel_005_negro_448292_1200x120_b6ef.webp","type":"image\/webp"}],"twitter_card":"summary_large_image","twitter_misc":{"Dur\u00e9e de lecture estim\u00e9e":"2 minutes"},"schema":{"@context":"https:\/\/schema.org","@graph":[{"@type":"WebPage","@id":"https:\/\/revolutionpadelstore.com\/fr\/produit\/blister-4-uds-antivibrador-bullpadel-ease-vibe-negro-3\/","url":"https:\/\/revolutionpadelstore.com\/fr\/produit\/blister-4-uds-antivibrador-bullpadel-ease-vibe-negro-3\/","name":"BLISTER (4 UDS) ANTIVIBRADOR BULLPADEL EASE VIBE NEGRO - Revolution Padel Store","isPartOf":{"@id":"https:\/\/revolutionpadelstore.com\/fr\/#website"},"primaryImageOfPage":{"@id":"https:\/\/revolutionpadelstore.com\/fr\/produit\/blister-4-uds-antivibrador-bullpadel-ease-vibe-negro-3\/#primaryimage"},"image":{"@id":"https:\/\/revolutionpadelstore.com\/fr\/produit\/blister-4-uds-antivibrador-bullpadel-ease-vibe-negro-3\/#primaryimage"},"thumbnailUrl":"https:\/\/revolutionpadelstore.com\/wp-content\/uploads\/2025\/05\/113837_blister_4_uds_antivibrador_ease_vibe_bullpadel_005_negro_448292_1200x120_b6ef.webp","datePublished":"2025-05-15T14:44:10+00:00","dateModified":"2026-04-08T03:05:52+00:00","description":"Aprovecha esta oportunidad y disfruta de un juego m\u00e1s c\u00f3modo y seguro. Ya seas un jugador ocasional o un competidor habitual, el Bullpadel Ease Vibe marcar\u00e1 la diferencia en tu rendimiento.","breadcrumb":{"@id":"https:\/\/revolutionpadelstore.com\/fr\/produit\/blister-4-uds-antivibrador-bullpadel-ease-vibe-negro-3\/#breadcrumb"},"inLanguage":"fr-FR","potentialAction":[{"@type":"ReadAction","target":["https:\/\/revolutionpadelstore.com\/fr\/produit\/blister-4-uds-antivibrador-bullpadel-ease-vibe-negro-3\/"]}]},{"@type":"ImageObject","inLanguage":"fr-FR","@id":"https:\/\/revolutionpadelstore.com\/fr\/produit\/blister-4-uds-antivibrador-bullpadel-ease-vibe-negro-3\/#primaryimage","url":"https:\/\/revolutionpadelstore.com\/wp-content\/uploads\/2025\/05\/113837_blister_4_uds_antivibrador_ease_vibe_bullpadel_005_negro_448292_1200x120_b6ef.webp","contentUrl":"https:\/\/revolutionpadelstore.com\/wp-content\/uploads\/2025\/05\/113837_blister_4_uds_antivibrador_ease_vibe_bullpadel_005_negro_448292_1200x120_b6ef.webp","width":1200,"height":1200},{"@type":"BreadcrumbList","@id":"https:\/\/revolutionpadelstore.com\/fr\/produit\/blister-4-uds-antivibrador-bullpadel-ease-vibe-negro-3\/#breadcrumb","itemListElement":[{"@type":"ListItem","position":1,"name":"Portada","item":"https:\/\/revolutionpadelstore.com\/fr\/"},{"@type":"ListItem","position":2,"name":"Boutique","item":"https:\/\/revolutionpadelstore.com\/fr\/tienda\/"},{"@type":"ListItem","position":3,"name":"BLISTER (4 UDS) ANTIVIBRADOR BULLPADEL EASE VIBE NEGRO"}]},{"@type":"WebSite","@id":"https:\/\/revolutionpadelstore.com\/fr\/#website","url":"https:\/\/revolutionpadelstore.com\/fr\/","name":"Revolution Padel Store","description":"","publisher":{"@id":"https:\/\/revolutionpadelstore.com\/fr\/#organization"},"potentialAction":[{"@type":"SearchAction","target":{"@type":"EntryPoint","urlTemplate":"https:\/\/revolutionpadelstore.com\/fr\/?s={search_term_string}"},"query-input":{"@type":"PropertyValueSpecification","valueRequired":true,"valueName":"search_term_string"}}],"inLanguage":"fr-FR"},{"@type":"Organization","@id":"https:\/\/revolutionpadelstore.com\/fr\/#organization","name":"Revolution Padel Store","url":"https:\/\/revolutionpadelstore.com\/fr\/","logo":{"@type":"ImageObject","inLanguage":"fr-FR","@id":"https:\/\/revolutionpadelstore.com\/fr\/#\/schema\/logo\/image\/","url":"https:\/\/revolutionpadelstore.com\/wp-content\/uploads\/2026\/02\/revolution-padel-store.jpg","contentUrl":"https:\/\/revolutionpadelstore.com\/wp-content\/uploads\/2026\/02\/revolution-padel-store.jpg","width":2000,"height":2000,"caption":"Revolution Padel Store"},"image":{"@id":"https:\/\/revolutionpadelstore.com\/fr\/#\/schema\/logo\/image\/"},"sameAs":["https:\/\/www.instagram.com\/revolutionpadelstore\/"]}]}},"_links":{"self":[{"href":"https:\/\/revolutionpadelstore.com\/fr\/wp-json\/wp\/v2\/product\/263046","targetHints":{"allow":["GET"]}}],"collection":[{"href":"https:\/\/revolutionpadelstore.com\/fr\/wp-json\/wp\/v2\/product"}],"about":[{"href":"https:\/\/revolutionpadelstore.com\/fr\/wp-json\/wp\/v2\/types\/product"}],"replies":[{"embeddable":true,"href":"https:\/\/revolutionpadelstore.com\/fr\/wp-json\/wp\/v2\/comments?post=263046"}],"wp:featuredmedia":[{"embeddable":true,"href":"https:\/\/revolutionpadelstore.com\/fr\/wp-json\/wp\/v2\/media\/263033"}],"wp:attachment":[{"href":"https:\/\/revolutionpadelstore.com\/fr\/wp-json\/wp\/v2\/media?parent=263046"}],"wp:term":[{"taxonomy":"acabado","embeddable":true,"href":"https:\/\/revolutionpadelstore.com\/fr\/wp-json\/wp\/v2\/acabado?post=263046"},{"taxonomy":"balance","embeddable":true,"href":"https:\/\/revolutionpadelstore.com\/fr\/wp-json\/wp\/v2\/balance?post=263046"},{"taxonomy":"dureza","embeddable":true,"href":"https:\/\/revolutionpadelstore.com\/fr\/wp-json\/wp\/v2\/dureza?post=263046"},{"taxonomy":"forma","embeddable":true,"href":"https:\/\/revolutionpadelstore.com\/fr\/wp-json\/wp\/v2\/forma?post=263046"},{"taxonomy":"jugador","embeddable":true,"href":"https:\/\/revolutionpadelstore.com\/fr\/wp-json\/wp\/v2\/jugador?post=263046"},{"taxonomy":"marca","embeddable":true,"href":"https:\/\/revolutionpadelstore.com\/fr\/wp-json\/wp\/v2\/marca?post=263046"},{"taxonomy":"nivel-de-juego","embeddable":true,"href":"https:\/\/revolutionpadelstore.com\/fr\/wp-json\/wp\/v2\/nivel-de-juego?post=263046"},{"taxonomy":"superficie","embeddable":true,"href":"https:\/\/revolutionpadelstore.com\/fr\/wp-json\/wp\/v2\/superficie?post=263046"},{"taxonomy":"tipo-de-juego","embeddable":true,"href":"https:\/\/revolutionpadelstore.com\/fr\/wp-json\/wp\/v2\/tipo-de-juego?post=263046"},{"taxonomy":"product_brand","embeddable":true,"href":"https:\/\/revolutionpadelstore.com\/fr\/wp-json\/wp\/v2\/product_brand?post=263046"},{"taxonomy":"product_cat","embeddable":true,"href":"https:\/\/revolutionpadelstore.com\/fr\/wp-json\/wp\/v2\/product_cat?post=263046"},{"taxonomy":"product_tag","embeddable":true,"href":"https:\/\/revolutionpadelstore.com\/fr\/wp-json\/wp\/v2\/product_tag?post=263046"}],"curies":[{"name":"wp","href":"https:\/\/api.w.org\/{rel}","templated":true}]}}