{"id":262855,"date":"2025-05-06T14:15:02","date_gmt":"2025-05-06T12:15:02","guid":{"rendered":"https:\/\/revolutionpadelstore.com\/malla-bullpadel-pobra-700\/"},"modified":"2026-04-08T05:06:27","modified_gmt":"2026-04-08T03:06:27","slug":"malla-bullpadel-pobra-700-3","status":"publish","type":"product","link":"https:\/\/revolutionpadelstore.com\/fr\/produit\/malla-bullpadel-pobra-700-3\/","title":{"rendered":"MALLA BULLPADEL POBRA 700"},"content":{"rendered":"<h2> Repas Pobra Bullpadel &#8211; Confort, style et technologie dans chaque mouvement <\/h2>\n<p>Le <strong> maillage de Bullpadel, le choix parfait pour les joueurs de pagaie \u00e0 la recherche de performances, de design moderne et de fonctionnalit\u00e9s maximales. Fabriqu\u00e9s en tissu \u00e9lastique de haute qualit\u00e9 et \u00e9quip\u00e9s d&#8217;une technologie d&#8217;avant-garde, ces maillots garantissent la libert\u00e9 de mouvement, la fra\u00eecheur et le soutien \u00e0 chaque point du parti.<\/p>\n<h2> Caract\u00e9ristiques exceptionnelles <\/h2>\n<h2> BOULEUR HAUTE pour un plus grand serrage <\/h2>\n<p>Con\u00e7us avec une taille \u00e9lev\u00e9e <strong> \u00e9lev\u00e9e ergonomique <\/strong>, ces maillots offrent un soutien dans la zone abdominale, restant toujours \u00e0 sa place pendant l&#8217;entra\u00eenement ou les matchs intenses. Dites adieu aux distractions et concentrez-vous uniquement sur vos performances.<\/p>\n<h2> Poches lat\u00e9rales fonctionnelles <\/h2>\n<p>Ils incluent <strong> les poches lat\u00e9rales int\u00e9gr\u00e9es <\/strong>, id\u00e9ales pour stocker des balles, des cl\u00e9s ou des cartes sans compromettre la mobilit\u00e9. Ils sont strat\u00e9giquement situ\u00e9s pour ne pas interf\u00e9rer avec vos mouvements de piste.<\/p>\n<h2> Ventilation intelligente avec laser<br \/>\nSes inserts perfor\u00e9s laser <strong> exclusifs <\/strong> ajoutent une touche stylis\u00e9e tout en am\u00e9liorant la respirabilit\u00e9 dans les zones cl\u00e9s, vous gardant frais et confortable tout au long du jeu.<\/p>\n<h2> Technologie drynamique <\/h2>\n<p>Gr\u00e2ce \u00e0 la technologie <strong> drynamique <\/strong>, ces mailles absorbent et \u00e9vaporent rapidement la sueur, vous aidant \u00e0 rester au sec m\u00eame en quelques instants de demande physique maximale.<\/p>\n<h2> tissu \u00e9lastique avec ajustement ergonomique <\/h2>\n<p>Fabriqu\u00e9 dans <strong> point de polyester \u00e9lastique <\/strong>, le pobra bullpadel s&#8217;adapte pr\u00e9cis\u00e9ment \u00e0 la silhouette femelle. Sa conception ergonomique permet une <strong> mobilit\u00e9 sans restrictions <\/strong>, s&#8217;adaptant naturellement \u00e0 chaque mouvement.<\/p>\n<h2> Sports et style polyvalent <\/h2>\n<p>Son design moderne et sportif rend ces maillages non seulement parfaits pour jouer au tennis de la pagaie, mais aussi id\u00e9al pour la formation, la course \u00e0 pied ou m\u00eame pour un look d\u00e9contract\u00e9 et sportif \u00e0 l&#8217;ext\u00e9rieur de la piste.<\/p>\n<h2> Qui sont-ils? <\/h2>\n<p>Parfait pour les joueurs <strong> paddle de tous les niveaux <\/strong>, les mailles de pobra bullpadel sont con\u00e7ues pour ceux qui recherchent un \u00e9quilibre entre le style, le confort et la technologie. Que ce soit dans l&#8217;entra\u00eenement, les jeux ou sur une base de jour \u00e0 jour, ce v\u00eatement vous adapte et votre rythme.<\/p>\n<h2> Achetez maintenant et am\u00e9liorez votre jeu <\/h2>\n<p>Avec les mailles <strong> bullpadel, vous obtenez un v\u00eatement haute performance avec le soutien de l&#8217;une des principales marques de pagaie mondiale. Ne compromettez pas votre confort ou votre style: c&#8217;est le v\u00eatement que vous devez effectuer au maximum.<\/p>\n<p><strong> maintenant disponible dans notre boutique en ligne <a href=\"https:\/\/www.revolutionpadelstore.com\/\"> www.revolutionpadelstore.com <\/a>, probablement au meilleur prix de march\u00e9. <\/strong><\/p>\n","protected":false},"excerpt":{"rendered":"<p>Le <strong> maillage de Bullpadel, le choix parfait pour les joueurs de pagaie \u00e0 la recherche de performances, de design moderne et de fonctionnalit\u00e9s maximales.<strong>Mallas Bullpadel Pobra<\/strong><\/p>\n","protected":false},"featured_media":262842,"comment_status":"open","ping_status":"closed","template":"","meta":{"_acf_changed":false,"_joinchat":[]},"acabado":[],"balance":[],"dureza":[],"forma":[],"jugador":[],"marca":[1257],"nivel-de-juego":[],"superficie":[],"tipo-de-juego":[],"product_brand":[],"product_cat":[344],"product_tag":[],"class_list":{"0":"post-262855","1":"product","2":"type-product","3":"status-publish","4":"has-post-thumbnail","6":"marca-bullpadel-fr","7":"product_cat-ropa-fr","9":"first","10":"outofstock","11":"sale","12":"taxable","13":"shipping-taxable","14":"purchasable","15":"product-type-variable"},"acf":[],"yoast_head":"<!-- This site is optimized with the Yoast SEO plugin v27.4 - https:\/\/yoast.com\/product\/yoast-seo-wordpress\/ -->\n<title>MALLA BULLPADEL POBRA 700 - Revolution Padel Store<\/title>\n<meta name=\"description\" content=\"Descubre las Mallas Bullpadel Pobra para mujer, con cinturilla alta, tecnolog\u00eda Drynamic, bolsillos laterales y dise\u00f1o ergon\u00f3mico. Compra en Revolution Padel Store al mejor precio.\" \/>\n<meta name=\"robots\" content=\"index, follow, max-snippet:-1, max-image-preview:large, max-video-preview:-1\" \/>\n<link rel=\"canonical\" href=\"https:\/\/revolutionpadelstore.com\/fr\/produit\/malla-bullpadel-pobra-700-3\/\" \/>\n<meta property=\"og:locale\" content=\"fr_FR\" \/>\n<meta property=\"og:type\" content=\"article\" \/>\n<meta property=\"og:title\" content=\"MALLA BULLPADEL POBRA 700 - Revolution Padel Store\" \/>\n<meta property=\"og:description\" content=\"Descubre las Mallas Bullpadel Pobra para mujer, con cinturilla alta, tecnolog\u00eda Drynamic, bolsillos laterales y dise\u00f1o ergon\u00f3mico. Compra en Revolution Padel Store al mejor precio.\" \/>\n<meta property=\"og:url\" content=\"https:\/\/revolutionpadelstore.com\/fr\/produit\/malla-bullpadel-pobra-700-3\/\" \/>\n<meta property=\"og:site_name\" content=\"Revolution Padel Store\" \/>\n<meta property=\"article:modified_time\" content=\"2026-04-08T03:06:27+00:00\" \/>\n<meta property=\"og:image\" content=\"https:\/\/revolutionpadelstore.com\/wp-content\/uploads\/2025\/05\/244.png\" \/>\n\t<meta property=\"og:image:width\" content=\"1500\" \/>\n\t<meta property=\"og:image:height\" content=\"1500\" \/>\n\t<meta property=\"og:image:type\" content=\"image\/png\" \/>\n<meta name=\"twitter:card\" content=\"summary_large_image\" \/>\n<meta name=\"twitter:label1\" content=\"Dur\u00e9e de lecture estim\u00e9e\" \/>\n\t<meta name=\"twitter:data1\" content=\"2 minutes\" \/>\n<script type=\"application\/ld+json\" class=\"yoast-schema-graph\">{\"@context\":\"https:\\\/\\\/schema.org\",\"@graph\":[{\"@type\":\"WebPage\",\"@id\":\"https:\\\/\\\/revolutionpadelstore.com\\\/fr\\\/produit\\\/malla-bullpadel-pobra-700-3\\\/\",\"url\":\"https:\\\/\\\/revolutionpadelstore.com\\\/fr\\\/produit\\\/malla-bullpadel-pobra-700-3\\\/\",\"name\":\"MALLA BULLPADEL POBRA 700 - Revolution Padel Store\",\"isPartOf\":{\"@id\":\"https:\\\/\\\/revolutionpadelstore.com\\\/fr\\\/#website\"},\"primaryImageOfPage\":{\"@id\":\"https:\\\/\\\/revolutionpadelstore.com\\\/fr\\\/produit\\\/malla-bullpadel-pobra-700-3\\\/#primaryimage\"},\"image\":{\"@id\":\"https:\\\/\\\/revolutionpadelstore.com\\\/fr\\\/produit\\\/malla-bullpadel-pobra-700-3\\\/#primaryimage\"},\"thumbnailUrl\":\"https:\\\/\\\/revolutionpadelstore.com\\\/wp-content\\\/uploads\\\/2025\\\/05\\\/244.png\",\"datePublished\":\"2025-05-06T12:15:02+00:00\",\"dateModified\":\"2026-04-08T03:06:27+00:00\",\"description\":\"Descubre las Mallas Bullpadel Pobra para mujer, con cinturilla alta, tecnolog\u00eda Drynamic, bolsillos laterales y dise\u00f1o ergon\u00f3mico. Compra en Revolution Padel Store al mejor precio.\",\"breadcrumb\":{\"@id\":\"https:\\\/\\\/revolutionpadelstore.com\\\/fr\\\/produit\\\/malla-bullpadel-pobra-700-3\\\/#breadcrumb\"},\"inLanguage\":\"fr-FR\",\"potentialAction\":[{\"@type\":\"ReadAction\",\"target\":[\"https:\\\/\\\/revolutionpadelstore.com\\\/fr\\\/produit\\\/malla-bullpadel-pobra-700-3\\\/\"]}]},{\"@type\":\"ImageObject\",\"inLanguage\":\"fr-FR\",\"@id\":\"https:\\\/\\\/revolutionpadelstore.com\\\/fr\\\/produit\\\/malla-bullpadel-pobra-700-3\\\/#primaryimage\",\"url\":\"https:\\\/\\\/revolutionpadelstore.com\\\/wp-content\\\/uploads\\\/2025\\\/05\\\/244.png\",\"contentUrl\":\"https:\\\/\\\/revolutionpadelstore.com\\\/wp-content\\\/uploads\\\/2025\\\/05\\\/244.png\",\"width\":1500,\"height\":1500},{\"@type\":\"BreadcrumbList\",\"@id\":\"https:\\\/\\\/revolutionpadelstore.com\\\/fr\\\/produit\\\/malla-bullpadel-pobra-700-3\\\/#breadcrumb\",\"itemListElement\":[{\"@type\":\"ListItem\",\"position\":1,\"name\":\"Portada\",\"item\":\"https:\\\/\\\/revolutionpadelstore.com\\\/fr\\\/\"},{\"@type\":\"ListItem\",\"position\":2,\"name\":\"Boutique\",\"item\":\"https:\\\/\\\/revolutionpadelstore.com\\\/fr\\\/tienda\\\/\"},{\"@type\":\"ListItem\",\"position\":3,\"name\":\"MALLA BULLPADEL POBRA 700\"}]},{\"@type\":\"WebSite\",\"@id\":\"https:\\\/\\\/revolutionpadelstore.com\\\/fr\\\/#website\",\"url\":\"https:\\\/\\\/revolutionpadelstore.com\\\/fr\\\/\",\"name\":\"Revolution Padel Store\",\"description\":\"\",\"publisher\":{\"@id\":\"https:\\\/\\\/revolutionpadelstore.com\\\/fr\\\/#organization\"},\"potentialAction\":[{\"@type\":\"SearchAction\",\"target\":{\"@type\":\"EntryPoint\",\"urlTemplate\":\"https:\\\/\\\/revolutionpadelstore.com\\\/fr\\\/?s={search_term_string}\"},\"query-input\":{\"@type\":\"PropertyValueSpecification\",\"valueRequired\":true,\"valueName\":\"search_term_string\"}}],\"inLanguage\":\"fr-FR\"},{\"@type\":\"Organization\",\"@id\":\"https:\\\/\\\/revolutionpadelstore.com\\\/fr\\\/#organization\",\"name\":\"Revolution Padel Store\",\"url\":\"https:\\\/\\\/revolutionpadelstore.com\\\/fr\\\/\",\"logo\":{\"@type\":\"ImageObject\",\"inLanguage\":\"fr-FR\",\"@id\":\"https:\\\/\\\/revolutionpadelstore.com\\\/fr\\\/#\\\/schema\\\/logo\\\/image\\\/\",\"url\":\"https:\\\/\\\/revolutionpadelstore.com\\\/wp-content\\\/uploads\\\/2026\\\/02\\\/revolution-padel-store.jpg\",\"contentUrl\":\"https:\\\/\\\/revolutionpadelstore.com\\\/wp-content\\\/uploads\\\/2026\\\/02\\\/revolution-padel-store.jpg\",\"width\":2000,\"height\":2000,\"caption\":\"Revolution Padel Store\"},\"image\":{\"@id\":\"https:\\\/\\\/revolutionpadelstore.com\\\/fr\\\/#\\\/schema\\\/logo\\\/image\\\/\"},\"sameAs\":[\"https:\\\/\\\/www.instagram.com\\\/revolutionpadelstore\\\/\"]}]}<\/script>\n<!-- \/ Yoast SEO plugin. -->","yoast_head_json":{"title":"MALLA BULLPADEL POBRA 700 - Revolution Padel Store","description":"Descubre las Mallas Bullpadel Pobra para mujer, con cinturilla alta, tecnolog\u00eda Drynamic, bolsillos laterales y dise\u00f1o ergon\u00f3mico. Compra en Revolution Padel Store al mejor precio.","robots":{"index":"index","follow":"follow","max-snippet":"max-snippet:-1","max-image-preview":"max-image-preview:large","max-video-preview":"max-video-preview:-1"},"canonical":"https:\/\/revolutionpadelstore.com\/fr\/produit\/malla-bullpadel-pobra-700-3\/","og_locale":"fr_FR","og_type":"article","og_title":"MALLA BULLPADEL POBRA 700 - Revolution Padel Store","og_description":"Descubre las Mallas Bullpadel Pobra para mujer, con cinturilla alta, tecnolog\u00eda Drynamic, bolsillos laterales y dise\u00f1o ergon\u00f3mico. Compra en Revolution Padel Store al mejor precio.","og_url":"https:\/\/revolutionpadelstore.com\/fr\/produit\/malla-bullpadel-pobra-700-3\/","og_site_name":"Revolution Padel Store","article_modified_time":"2026-04-08T03:06:27+00:00","og_image":[{"width":1500,"height":1500,"url":"https:\/\/revolutionpadelstore.com\/wp-content\/uploads\/2025\/05\/244.png","type":"image\/png"}],"twitter_card":"summary_large_image","twitter_misc":{"Dur\u00e9e de lecture estim\u00e9e":"2 minutes"},"schema":{"@context":"https:\/\/schema.org","@graph":[{"@type":"WebPage","@id":"https:\/\/revolutionpadelstore.com\/fr\/produit\/malla-bullpadel-pobra-700-3\/","url":"https:\/\/revolutionpadelstore.com\/fr\/produit\/malla-bullpadel-pobra-700-3\/","name":"MALLA BULLPADEL POBRA 700 - Revolution Padel Store","isPartOf":{"@id":"https:\/\/revolutionpadelstore.com\/fr\/#website"},"primaryImageOfPage":{"@id":"https:\/\/revolutionpadelstore.com\/fr\/produit\/malla-bullpadel-pobra-700-3\/#primaryimage"},"image":{"@id":"https:\/\/revolutionpadelstore.com\/fr\/produit\/malla-bullpadel-pobra-700-3\/#primaryimage"},"thumbnailUrl":"https:\/\/revolutionpadelstore.com\/wp-content\/uploads\/2025\/05\/244.png","datePublished":"2025-05-06T12:15:02+00:00","dateModified":"2026-04-08T03:06:27+00:00","description":"Descubre las Mallas Bullpadel Pobra para mujer, con cinturilla alta, tecnolog\u00eda Drynamic, bolsillos laterales y dise\u00f1o ergon\u00f3mico. Compra en Revolution Padel Store al mejor precio.","breadcrumb":{"@id":"https:\/\/revolutionpadelstore.com\/fr\/produit\/malla-bullpadel-pobra-700-3\/#breadcrumb"},"inLanguage":"fr-FR","potentialAction":[{"@type":"ReadAction","target":["https:\/\/revolutionpadelstore.com\/fr\/produit\/malla-bullpadel-pobra-700-3\/"]}]},{"@type":"ImageObject","inLanguage":"fr-FR","@id":"https:\/\/revolutionpadelstore.com\/fr\/produit\/malla-bullpadel-pobra-700-3\/#primaryimage","url":"https:\/\/revolutionpadelstore.com\/wp-content\/uploads\/2025\/05\/244.png","contentUrl":"https:\/\/revolutionpadelstore.com\/wp-content\/uploads\/2025\/05\/244.png","width":1500,"height":1500},{"@type":"BreadcrumbList","@id":"https:\/\/revolutionpadelstore.com\/fr\/produit\/malla-bullpadel-pobra-700-3\/#breadcrumb","itemListElement":[{"@type":"ListItem","position":1,"name":"Portada","item":"https:\/\/revolutionpadelstore.com\/fr\/"},{"@type":"ListItem","position":2,"name":"Boutique","item":"https:\/\/revolutionpadelstore.com\/fr\/tienda\/"},{"@type":"ListItem","position":3,"name":"MALLA BULLPADEL POBRA 700"}]},{"@type":"WebSite","@id":"https:\/\/revolutionpadelstore.com\/fr\/#website","url":"https:\/\/revolutionpadelstore.com\/fr\/","name":"Revolution Padel Store","description":"","publisher":{"@id":"https:\/\/revolutionpadelstore.com\/fr\/#organization"},"potentialAction":[{"@type":"SearchAction","target":{"@type":"EntryPoint","urlTemplate":"https:\/\/revolutionpadelstore.com\/fr\/?s={search_term_string}"},"query-input":{"@type":"PropertyValueSpecification","valueRequired":true,"valueName":"search_term_string"}}],"inLanguage":"fr-FR"},{"@type":"Organization","@id":"https:\/\/revolutionpadelstore.com\/fr\/#organization","name":"Revolution Padel Store","url":"https:\/\/revolutionpadelstore.com\/fr\/","logo":{"@type":"ImageObject","inLanguage":"fr-FR","@id":"https:\/\/revolutionpadelstore.com\/fr\/#\/schema\/logo\/image\/","url":"https:\/\/revolutionpadelstore.com\/wp-content\/uploads\/2026\/02\/revolution-padel-store.jpg","contentUrl":"https:\/\/revolutionpadelstore.com\/wp-content\/uploads\/2026\/02\/revolution-padel-store.jpg","width":2000,"height":2000,"caption":"Revolution Padel Store"},"image":{"@id":"https:\/\/revolutionpadelstore.com\/fr\/#\/schema\/logo\/image\/"},"sameAs":["https:\/\/www.instagram.com\/revolutionpadelstore\/"]}]}},"_links":{"self":[{"href":"https:\/\/revolutionpadelstore.com\/fr\/wp-json\/wp\/v2\/product\/262855","targetHints":{"allow":["GET"]}}],"collection":[{"href":"https:\/\/revolutionpadelstore.com\/fr\/wp-json\/wp\/v2\/product"}],"about":[{"href":"https:\/\/revolutionpadelstore.com\/fr\/wp-json\/wp\/v2\/types\/product"}],"replies":[{"embeddable":true,"href":"https:\/\/revolutionpadelstore.com\/fr\/wp-json\/wp\/v2\/comments?post=262855"}],"wp:featuredmedia":[{"embeddable":true,"href":"https:\/\/revolutionpadelstore.com\/fr\/wp-json\/wp\/v2\/media\/262842"}],"wp:attachment":[{"href":"https:\/\/revolutionpadelstore.com\/fr\/wp-json\/wp\/v2\/media?parent=262855"}],"wp:term":[{"taxonomy":"acabado","embeddable":true,"href":"https:\/\/revolutionpadelstore.com\/fr\/wp-json\/wp\/v2\/acabado?post=262855"},{"taxonomy":"balance","embeddable":true,"href":"https:\/\/revolutionpadelstore.com\/fr\/wp-json\/wp\/v2\/balance?post=262855"},{"taxonomy":"dureza","embeddable":true,"href":"https:\/\/revolutionpadelstore.com\/fr\/wp-json\/wp\/v2\/dureza?post=262855"},{"taxonomy":"forma","embeddable":true,"href":"https:\/\/revolutionpadelstore.com\/fr\/wp-json\/wp\/v2\/forma?post=262855"},{"taxonomy":"jugador","embeddable":true,"href":"https:\/\/revolutionpadelstore.com\/fr\/wp-json\/wp\/v2\/jugador?post=262855"},{"taxonomy":"marca","embeddable":true,"href":"https:\/\/revolutionpadelstore.com\/fr\/wp-json\/wp\/v2\/marca?post=262855"},{"taxonomy":"nivel-de-juego","embeddable":true,"href":"https:\/\/revolutionpadelstore.com\/fr\/wp-json\/wp\/v2\/nivel-de-juego?post=262855"},{"taxonomy":"superficie","embeddable":true,"href":"https:\/\/revolutionpadelstore.com\/fr\/wp-json\/wp\/v2\/superficie?post=262855"},{"taxonomy":"tipo-de-juego","embeddable":true,"href":"https:\/\/revolutionpadelstore.com\/fr\/wp-json\/wp\/v2\/tipo-de-juego?post=262855"},{"taxonomy":"product_brand","embeddable":true,"href":"https:\/\/revolutionpadelstore.com\/fr\/wp-json\/wp\/v2\/product_brand?post=262855"},{"taxonomy":"product_cat","embeddable":true,"href":"https:\/\/revolutionpadelstore.com\/fr\/wp-json\/wp\/v2\/product_cat?post=262855"},{"taxonomy":"product_tag","embeddable":true,"href":"https:\/\/revolutionpadelstore.com\/fr\/wp-json\/wp\/v2\/product_tag?post=262855"}],"curies":[{"name":"wp","href":"https:\/\/api.w.org\/{rel}","templated":true}]}}