{"id":260838,"date":"2024-04-22T15:24:10","date_gmt":"2024-04-22T13:24:10","guid":{"rendered":"https:\/\/revolutionpadelstore.com\/zapatillas-head-motion-pro-blanco-aqua\/"},"modified":"2026-04-08T12:19:29","modified_gmt":"2026-04-08T10:19:29","slug":"zapatillas-head-motion-pro-blanco-aqua-4","status":"publish","type":"product","link":"https:\/\/revolutionpadelstore.com\/fr\/produit\/zapatillas-head-motion-pro-blanco-aqua-4\/","title":{"rendered":"Zapatillas Head Motion Pro Blanco Aqua"},"content":{"rendered":"<p>Chez Revolution Padel Store, vous trouverez les meilleures chaussures pour vos matchs de padel, et parmi elles se distingue le mod\u00e8le &#8220;Head Motion Pro Padel Women&#8217;s Shoes&#8221;. Con\u00e7ues sp\u00e9cifiquement pour ce sport, ces chaussures offrent des performances sup\u00e9rieures gr\u00e2ce \u00e0 leur design moderne qui inclut la technologie DynaFoam et Cooling System. Ces caract\u00e9ristiques, d\u00e9velopp\u00e9es en collaboration avec des joueurs professionnels de HEAD, permettent un mouvement \u00e0 360 degr\u00e9s et une grande stabilit\u00e9 et respirabilit\u00e9, sans sacrifier la l\u00e9g\u00e8ret\u00e9.<\/p>\n<p> La semelle des chaussures Motion Pro Padel Femme a \u00e9t\u00e9 test\u00e9e en collaboration avec MONDO, fournisseur officiel de rev\u00eatement du World Padel Tour, ce qui garantit une adh\u00e9rence optimale dans toutes les directions. De plus, sa structure de chaussette enti\u00e8rement \u00e9lastique et la semelle interm\u00e9diaire dot\u00e9e de la technologie DynaFoam, qui contient de petites cellules d&#8217;air, offrent un niveau de confort et de r\u00e9activit\u00e9 exceptionnel.<\/p>\n<p> Pour garder vos pieds au frais pendant le jeu, ces chaussures sont dot\u00e9es d&#8217;une maille respirante et d&#8217;un syst\u00e8me de ventilation au milieu du pied. Et ce n&#8217;est pas tout, son design saisissant avec le grand logo HEAD lui donne une touche moderne et \u00e9l\u00e9gante.<\/p>\n<p> Mais ce n&#8217;est pas tout, les chaussures Motion Pro Padel pour femmes disposent \u00e9galement de fonctionnalit\u00e9s telles que le syst\u00e8me Drift Defense, qui prot\u00e8ge la pointe et la zone m\u00e9diane, le syst\u00e8me Lateral Control+ qui assure la stabilit\u00e9 lat\u00e9rale et \u00e9vite de tr\u00e9bucher en cas de d\u00e9rapages extr\u00eames, et le caoutchouc sp\u00e9cial compos\u00e9 Hybrasion. qui offre traction et r\u00e9sistance. De plus, sa construction Elastic Sock et ses supports int\u00e9gr\u00e9s au m\u00e9dio-pied garantissent un confort et un ajustement parfait.<\/p>\n<p> N&#8217;attendez plus et procurez-vous les chaussures Head Motion Pro Padel Femme chez Revolution Padel Store, le magasin sp\u00e9cialis\u00e9 dans les articles de padel. Avec son design \u00e0 360 degr\u00e9s et sa technologie de pointe, ces chaussures sont le choix parfait pour am\u00e9liorer votre jeu sur le terrain. Obtenez-les et ressentez le<\/p>\n","protected":false},"excerpt":{"rendered":"<p>D\u00e9couvrez les chaussures HEAD Motion Pro White Aqua, con\u00e7ues sp\u00e9cifiquement pour le padel avec une technologie de pointe chez Revolution Padel Store.&#8221;<\/p>\n","protected":false},"featured_media":6562,"comment_status":"closed","ping_status":"open","template":"","meta":{"_acf_changed":false,"_joinchat":[]},"acabado":[],"balance":[],"dureza":[],"forma":[],"jugador":[],"marca":[1222],"nivel-de-juego":[1337],"superficie":[],"tipo-de-juego":[],"product_brand":[],"product_cat":[456],"product_tag":[],"class_list":{"0":"post-260838","1":"product","2":"type-product","3":"status-publish","4":"has-post-thumbnail","6":"marca-tete","7":"product_cat-sneakers-pour-femme","9":"first","10":"outofstock","11":"taxable","12":"shipping-taxable","13":"purchasable","14":"product-type-variable"},"acf":[],"yoast_head":"<!-- This site is optimized with the Yoast SEO plugin v27.4 - https:\/\/yoast.com\/product\/yoast-seo-wordpress\/ -->\n<title>Zapatillas Head Motion Pro Blanco Aqua - Revolution Padel Store<\/title>\n<meta name=\"description\" content=\"Descubre las zapatillas HEAD Motion Pro Blanco Aqua, dise\u00f1adas espec\u00edficamente para padel con tecnolog\u00eda de \u00faltima generaci\u00f3n en Revolution Padel Store&quot;.\" \/>\n<meta name=\"robots\" content=\"index, follow, max-snippet:-1, max-image-preview:large, max-video-preview:-1\" \/>\n<link rel=\"canonical\" href=\"https:\/\/revolutionpadelstore.com\/fr\/produit\/zapatillas-head-motion-pro-blanco-aqua-4\/\" \/>\n<meta property=\"og:locale\" content=\"fr_FR\" \/>\n<meta property=\"og:type\" content=\"article\" \/>\n<meta property=\"og:title\" content=\"Zapatillas Head Motion Pro Blanco Aqua - Revolution Padel Store\" \/>\n<meta property=\"og:description\" content=\"Descubre las zapatillas HEAD Motion Pro Blanco Aqua, dise\u00f1adas espec\u00edficamente para padel con tecnolog\u00eda de \u00faltima generaci\u00f3n en Revolution Padel Store&quot;.\" \/>\n<meta property=\"og:url\" content=\"https:\/\/revolutionpadelstore.com\/fr\/produit\/zapatillas-head-motion-pro-blanco-aqua-4\/\" \/>\n<meta property=\"og:site_name\" content=\"Revolution Padel Store\" \/>\n<meta property=\"article:modified_time\" content=\"2026-04-08T10:19:29+00:00\" \/>\n<meta property=\"og:image\" content=\"https:\/\/revolutionpadelstore.com\/wp-content\/uploads\/2024\/04\/17204-0-4.jpg\" \/>\n\t<meta property=\"og:image:width\" content=\"800\" \/>\n\t<meta property=\"og:image:height\" content=\"800\" \/>\n\t<meta property=\"og:image:type\" content=\"image\/png\" \/>\n<meta name=\"twitter:card\" content=\"summary_large_image\" \/>\n<meta name=\"twitter:label1\" content=\"Dur\u00e9e de lecture estim\u00e9e\" \/>\n\t<meta name=\"twitter:data1\" content=\"2 minutes\" \/>\n<script type=\"application\/ld+json\" class=\"yoast-schema-graph\">{\"@context\":\"https:\\\/\\\/schema.org\",\"@graph\":[{\"@type\":\"WebPage\",\"@id\":\"https:\\\/\\\/revolutionpadelstore.com\\\/fr\\\/produit\\\/zapatillas-head-motion-pro-blanco-aqua-4\\\/\",\"url\":\"https:\\\/\\\/revolutionpadelstore.com\\\/fr\\\/produit\\\/zapatillas-head-motion-pro-blanco-aqua-4\\\/\",\"name\":\"Zapatillas Head Motion Pro Blanco Aqua - Revolution Padel Store\",\"isPartOf\":{\"@id\":\"https:\\\/\\\/revolutionpadelstore.com\\\/fr\\\/#website\"},\"primaryImageOfPage\":{\"@id\":\"https:\\\/\\\/revolutionpadelstore.com\\\/fr\\\/produit\\\/zapatillas-head-motion-pro-blanco-aqua-4\\\/#primaryimage\"},\"image\":{\"@id\":\"https:\\\/\\\/revolutionpadelstore.com\\\/fr\\\/produit\\\/zapatillas-head-motion-pro-blanco-aqua-4\\\/#primaryimage\"},\"thumbnailUrl\":\"https:\\\/\\\/revolutionpadelstore.com\\\/wp-content\\\/uploads\\\/2024\\\/04\\\/17204-0-4.jpg\",\"datePublished\":\"2024-04-22T13:24:10+00:00\",\"dateModified\":\"2026-04-08T10:19:29+00:00\",\"description\":\"Descubre las zapatillas HEAD Motion Pro Blanco Aqua, dise\u00f1adas espec\u00edficamente para padel con tecnolog\u00eda de \u00faltima generaci\u00f3n en Revolution Padel Store\\\".\",\"breadcrumb\":{\"@id\":\"https:\\\/\\\/revolutionpadelstore.com\\\/fr\\\/produit\\\/zapatillas-head-motion-pro-blanco-aqua-4\\\/#breadcrumb\"},\"inLanguage\":\"fr-FR\",\"potentialAction\":[{\"@type\":\"ReadAction\",\"target\":[\"https:\\\/\\\/revolutionpadelstore.com\\\/fr\\\/produit\\\/zapatillas-head-motion-pro-blanco-aqua-4\\\/\"]}]},{\"@type\":\"ImageObject\",\"inLanguage\":\"fr-FR\",\"@id\":\"https:\\\/\\\/revolutionpadelstore.com\\\/fr\\\/produit\\\/zapatillas-head-motion-pro-blanco-aqua-4\\\/#primaryimage\",\"url\":\"https:\\\/\\\/revolutionpadelstore.com\\\/wp-content\\\/uploads\\\/2024\\\/04\\\/17204-0-4.jpg\",\"contentUrl\":\"https:\\\/\\\/revolutionpadelstore.com\\\/wp-content\\\/uploads\\\/2024\\\/04\\\/17204-0-4.jpg\",\"width\":800,\"height\":800},{\"@type\":\"BreadcrumbList\",\"@id\":\"https:\\\/\\\/revolutionpadelstore.com\\\/fr\\\/produit\\\/zapatillas-head-motion-pro-blanco-aqua-4\\\/#breadcrumb\",\"itemListElement\":[{\"@type\":\"ListItem\",\"position\":1,\"name\":\"Portada\",\"item\":\"https:\\\/\\\/revolutionpadelstore.com\\\/fr\\\/\"},{\"@type\":\"ListItem\",\"position\":2,\"name\":\"Boutique\",\"item\":\"https:\\\/\\\/revolutionpadelstore.com\\\/fr\\\/tienda\\\/\"},{\"@type\":\"ListItem\",\"position\":3,\"name\":\"Zapatillas Head Motion Pro Blanco Aqua\"}]},{\"@type\":\"WebSite\",\"@id\":\"https:\\\/\\\/revolutionpadelstore.com\\\/fr\\\/#website\",\"url\":\"https:\\\/\\\/revolutionpadelstore.com\\\/fr\\\/\",\"name\":\"Revolution Padel Store\",\"description\":\"\",\"publisher\":{\"@id\":\"https:\\\/\\\/revolutionpadelstore.com\\\/fr\\\/#organization\"},\"potentialAction\":[{\"@type\":\"SearchAction\",\"target\":{\"@type\":\"EntryPoint\",\"urlTemplate\":\"https:\\\/\\\/revolutionpadelstore.com\\\/fr\\\/?s={search_term_string}\"},\"query-input\":{\"@type\":\"PropertyValueSpecification\",\"valueRequired\":true,\"valueName\":\"search_term_string\"}}],\"inLanguage\":\"fr-FR\"},{\"@type\":\"Organization\",\"@id\":\"https:\\\/\\\/revolutionpadelstore.com\\\/fr\\\/#organization\",\"name\":\"Revolution Padel Store\",\"url\":\"https:\\\/\\\/revolutionpadelstore.com\\\/fr\\\/\",\"logo\":{\"@type\":\"ImageObject\",\"inLanguage\":\"fr-FR\",\"@id\":\"https:\\\/\\\/revolutionpadelstore.com\\\/fr\\\/#\\\/schema\\\/logo\\\/image\\\/\",\"url\":\"https:\\\/\\\/revolutionpadelstore.com\\\/wp-content\\\/uploads\\\/2026\\\/02\\\/revolution-padel-store.jpg\",\"contentUrl\":\"https:\\\/\\\/revolutionpadelstore.com\\\/wp-content\\\/uploads\\\/2026\\\/02\\\/revolution-padel-store.jpg\",\"width\":2000,\"height\":2000,\"caption\":\"Revolution Padel Store\"},\"image\":{\"@id\":\"https:\\\/\\\/revolutionpadelstore.com\\\/fr\\\/#\\\/schema\\\/logo\\\/image\\\/\"},\"sameAs\":[\"https:\\\/\\\/www.instagram.com\\\/revolutionpadelstore\\\/\"]}]}<\/script>\n<!-- \/ Yoast SEO plugin. -->","yoast_head_json":{"title":"Zapatillas Head Motion Pro Blanco Aqua - Revolution Padel Store","description":"Descubre las zapatillas HEAD Motion Pro Blanco Aqua, dise\u00f1adas espec\u00edficamente para padel con tecnolog\u00eda de \u00faltima generaci\u00f3n en Revolution Padel Store\".","robots":{"index":"index","follow":"follow","max-snippet":"max-snippet:-1","max-image-preview":"max-image-preview:large","max-video-preview":"max-video-preview:-1"},"canonical":"https:\/\/revolutionpadelstore.com\/fr\/produit\/zapatillas-head-motion-pro-blanco-aqua-4\/","og_locale":"fr_FR","og_type":"article","og_title":"Zapatillas Head Motion Pro Blanco Aqua - Revolution Padel Store","og_description":"Descubre las zapatillas HEAD Motion Pro Blanco Aqua, dise\u00f1adas espec\u00edficamente para padel con tecnolog\u00eda de \u00faltima generaci\u00f3n en Revolution Padel Store\".","og_url":"https:\/\/revolutionpadelstore.com\/fr\/produit\/zapatillas-head-motion-pro-blanco-aqua-4\/","og_site_name":"Revolution Padel Store","article_modified_time":"2026-04-08T10:19:29+00:00","og_image":[{"width":800,"height":800,"url":"https:\/\/revolutionpadelstore.com\/wp-content\/uploads\/2024\/04\/17204-0-4.jpg","type":"image\/png"}],"twitter_card":"summary_large_image","twitter_misc":{"Dur\u00e9e de lecture estim\u00e9e":"2 minutes"},"schema":{"@context":"https:\/\/schema.org","@graph":[{"@type":"WebPage","@id":"https:\/\/revolutionpadelstore.com\/fr\/produit\/zapatillas-head-motion-pro-blanco-aqua-4\/","url":"https:\/\/revolutionpadelstore.com\/fr\/produit\/zapatillas-head-motion-pro-blanco-aqua-4\/","name":"Zapatillas Head Motion Pro Blanco Aqua - Revolution Padel Store","isPartOf":{"@id":"https:\/\/revolutionpadelstore.com\/fr\/#website"},"primaryImageOfPage":{"@id":"https:\/\/revolutionpadelstore.com\/fr\/produit\/zapatillas-head-motion-pro-blanco-aqua-4\/#primaryimage"},"image":{"@id":"https:\/\/revolutionpadelstore.com\/fr\/produit\/zapatillas-head-motion-pro-blanco-aqua-4\/#primaryimage"},"thumbnailUrl":"https:\/\/revolutionpadelstore.com\/wp-content\/uploads\/2024\/04\/17204-0-4.jpg","datePublished":"2024-04-22T13:24:10+00:00","dateModified":"2026-04-08T10:19:29+00:00","description":"Descubre las zapatillas HEAD Motion Pro Blanco Aqua, dise\u00f1adas espec\u00edficamente para padel con tecnolog\u00eda de \u00faltima generaci\u00f3n en Revolution Padel Store\".","breadcrumb":{"@id":"https:\/\/revolutionpadelstore.com\/fr\/produit\/zapatillas-head-motion-pro-blanco-aqua-4\/#breadcrumb"},"inLanguage":"fr-FR","potentialAction":[{"@type":"ReadAction","target":["https:\/\/revolutionpadelstore.com\/fr\/produit\/zapatillas-head-motion-pro-blanco-aqua-4\/"]}]},{"@type":"ImageObject","inLanguage":"fr-FR","@id":"https:\/\/revolutionpadelstore.com\/fr\/produit\/zapatillas-head-motion-pro-blanco-aqua-4\/#primaryimage","url":"https:\/\/revolutionpadelstore.com\/wp-content\/uploads\/2024\/04\/17204-0-4.jpg","contentUrl":"https:\/\/revolutionpadelstore.com\/wp-content\/uploads\/2024\/04\/17204-0-4.jpg","width":800,"height":800},{"@type":"BreadcrumbList","@id":"https:\/\/revolutionpadelstore.com\/fr\/produit\/zapatillas-head-motion-pro-blanco-aqua-4\/#breadcrumb","itemListElement":[{"@type":"ListItem","position":1,"name":"Portada","item":"https:\/\/revolutionpadelstore.com\/fr\/"},{"@type":"ListItem","position":2,"name":"Boutique","item":"https:\/\/revolutionpadelstore.com\/fr\/tienda\/"},{"@type":"ListItem","position":3,"name":"Zapatillas Head Motion Pro Blanco Aqua"}]},{"@type":"WebSite","@id":"https:\/\/revolutionpadelstore.com\/fr\/#website","url":"https:\/\/revolutionpadelstore.com\/fr\/","name":"Revolution Padel Store","description":"","publisher":{"@id":"https:\/\/revolutionpadelstore.com\/fr\/#organization"},"potentialAction":[{"@type":"SearchAction","target":{"@type":"EntryPoint","urlTemplate":"https:\/\/revolutionpadelstore.com\/fr\/?s={search_term_string}"},"query-input":{"@type":"PropertyValueSpecification","valueRequired":true,"valueName":"search_term_string"}}],"inLanguage":"fr-FR"},{"@type":"Organization","@id":"https:\/\/revolutionpadelstore.com\/fr\/#organization","name":"Revolution Padel Store","url":"https:\/\/revolutionpadelstore.com\/fr\/","logo":{"@type":"ImageObject","inLanguage":"fr-FR","@id":"https:\/\/revolutionpadelstore.com\/fr\/#\/schema\/logo\/image\/","url":"https:\/\/revolutionpadelstore.com\/wp-content\/uploads\/2026\/02\/revolution-padel-store.jpg","contentUrl":"https:\/\/revolutionpadelstore.com\/wp-content\/uploads\/2026\/02\/revolution-padel-store.jpg","width":2000,"height":2000,"caption":"Revolution Padel Store"},"image":{"@id":"https:\/\/revolutionpadelstore.com\/fr\/#\/schema\/logo\/image\/"},"sameAs":["https:\/\/www.instagram.com\/revolutionpadelstore\/"]}]}},"_links":{"self":[{"href":"https:\/\/revolutionpadelstore.com\/fr\/wp-json\/wp\/v2\/product\/260838","targetHints":{"allow":["GET"]}}],"collection":[{"href":"https:\/\/revolutionpadelstore.com\/fr\/wp-json\/wp\/v2\/product"}],"about":[{"href":"https:\/\/revolutionpadelstore.com\/fr\/wp-json\/wp\/v2\/types\/product"}],"replies":[{"embeddable":true,"href":"https:\/\/revolutionpadelstore.com\/fr\/wp-json\/wp\/v2\/comments?post=260838"}],"wp:featuredmedia":[{"embeddable":true,"href":"https:\/\/revolutionpadelstore.com\/fr\/wp-json\/wp\/v2\/media\/6562"}],"wp:attachment":[{"href":"https:\/\/revolutionpadelstore.com\/fr\/wp-json\/wp\/v2\/media?parent=260838"}],"wp:term":[{"taxonomy":"acabado","embeddable":true,"href":"https:\/\/revolutionpadelstore.com\/fr\/wp-json\/wp\/v2\/acabado?post=260838"},{"taxonomy":"balance","embeddable":true,"href":"https:\/\/revolutionpadelstore.com\/fr\/wp-json\/wp\/v2\/balance?post=260838"},{"taxonomy":"dureza","embeddable":true,"href":"https:\/\/revolutionpadelstore.com\/fr\/wp-json\/wp\/v2\/dureza?post=260838"},{"taxonomy":"forma","embeddable":true,"href":"https:\/\/revolutionpadelstore.com\/fr\/wp-json\/wp\/v2\/forma?post=260838"},{"taxonomy":"jugador","embeddable":true,"href":"https:\/\/revolutionpadelstore.com\/fr\/wp-json\/wp\/v2\/jugador?post=260838"},{"taxonomy":"marca","embeddable":true,"href":"https:\/\/revolutionpadelstore.com\/fr\/wp-json\/wp\/v2\/marca?post=260838"},{"taxonomy":"nivel-de-juego","embeddable":true,"href":"https:\/\/revolutionpadelstore.com\/fr\/wp-json\/wp\/v2\/nivel-de-juego?post=260838"},{"taxonomy":"superficie","embeddable":true,"href":"https:\/\/revolutionpadelstore.com\/fr\/wp-json\/wp\/v2\/superficie?post=260838"},{"taxonomy":"tipo-de-juego","embeddable":true,"href":"https:\/\/revolutionpadelstore.com\/fr\/wp-json\/wp\/v2\/tipo-de-juego?post=260838"},{"taxonomy":"product_brand","embeddable":true,"href":"https:\/\/revolutionpadelstore.com\/fr\/wp-json\/wp\/v2\/product_brand?post=260838"},{"taxonomy":"product_cat","embeddable":true,"href":"https:\/\/revolutionpadelstore.com\/fr\/wp-json\/wp\/v2\/product_cat?post=260838"},{"taxonomy":"product_tag","embeddable":true,"href":"https:\/\/revolutionpadelstore.com\/fr\/wp-json\/wp\/v2\/product_tag?post=260838"}],"curies":[{"name":"wp","href":"https:\/\/api.w.org\/{rel}","templated":true}]}}