{"id":221002,"date":"2025-04-15T11:11:12","date_gmt":"2025-04-15T09:11:12","guid":{"rendered":"https:\/\/revolutionpadelstore.com\/joma-slam-men-2427-turquesa\/"},"modified":"2026-04-08T05:18:53","modified_gmt":"2026-04-08T03:18:53","slug":"joma-slam-men-2427-turquesa-3","status":"publish","type":"product","link":"https:\/\/revolutionpadelstore.com\/fr\/produit\/joma-slam-men-2427-turquesa-3\/","title":{"rendered":"JOMA SLAM MEN 2427 TURQUESA"},"content":{"rendered":"<p><H2> JOMA SLAM MEN 2427 Chaussures turquoise <\/h2>\n<p>Les <strong> Joma Slam Men 2402 White et Blue Fluor <\/strong> sont le choix parfait pour exiger que les joueurs de paddle recherchent des performances maximales dans chaque jeu. Con\u00e7us avec des technologies avanc\u00e9es et des mat\u00e9riaux de haute qualit\u00e9, ils offrent <strong> un confort, une stabilit\u00e9 et une poign\u00e9e sup\u00e9rieure <\/strong> sur la piste.<\/p>\n<h2> Caract\u00e9ristiques exceptionnelles: <\/h2>\n<h2> Sole de durabilit\u00e9 mixte <\/h2>\n<p>-Degment avec <strong> motif mixte (Espiga et Omni) <\/strong> pour une adh\u00e9rence optimale et une traction exceptionnelle.<\/p>\n<p>-Les entreprises de la technologie <strong> rotation <\/strong>, ce qui facilite les changements rapides -urn et plus de changements de s\u00e9curit\u00e9.<\/p>\n<h2> Corning et Comfort <\/H2><br \/>\n<strong> &#8211; Full Dual pulsor: <\/strong> enverela \u00e0 double densit\u00e9 qui offre un amortissement et une stabilit\u00e9 sup\u00e9rieurs dans chaque mouvement.<\/p>\n<p><strong> &#8211; Syst\u00e8me d&#8217;ajustement parfait <\/strong>, qui garantit un ajustement pr\u00e9cis gr\u00e2ce \u00e0 sa fermeture pour les lacets, offrant un sentiment de confort personnalis\u00e9.<\/p>\n<h2> <strong> Avantages cl\u00e9s <\/strong> <\/h2>\n<p><strong> &#8211; Performance \u00e9lev\u00e9e: <\/strong> id\u00e9aux pour les joueurs qui s&#8217;entra\u00eenent et rivalisent fr\u00e9quemment.<\/p>\n<p><strong> -Agility and Stability: <\/strong> Advanced Sole Technology qui facilite les mouvements rapides et s\u00fbrs.<\/p>\n<p><strong> &#8211; Customated One: <\/strong> s\u00e9curit\u00e9 et confort \u00e0 chaque \u00e9tape gr\u00e2ce au syst\u00e8me de r\u00e9glage parfait.<\/p>\n<h2> Pourquoi choisir les baskets Joma Slam Men 2427?<br \/>\nSi vous recherchez des chaussures qui vous fournissent la prise maximale, la r\u00e9sistance et la durabilit\u00e9 <strong>, c&#8217;est votre meilleure option. Avec un design bleu turquoise, ils combinent le style et les fonctionnalit\u00e9s pour mettre en \u00e9vidence sur la piste.<\/p>\n<p>Obtenez le <strong> Joma Slam Men 2427 turquoise <\/strong> dans notre boutique en ligne <a href=\"https:\/\/chatgpt.com\/g\/g-675432e026888191b6ee6d6f2fdbb15e-optimization-textos\/c\/www.revolutionpadellstore.com\"> wwrevolutionpold.cadore. <\/a>, probablement au meilleur prix du march\u00e9!<\/p>\n<h2>Zapatillas JOMA SLAM MEN 2427 Turquesa<\/h2>\n","protected":false},"excerpt":{"rendered":"<p>Les chaussures Joma Slam 2427 pour les hommes sont un excellent choix pour ceux qui recherchent un \u00e9quilibre entre le confort et le style dans leurs chaussures de sport. Ils sont fabriqu\u00e9s avec une combinaison de mat\u00e9riaux textiles et synth\u00e9tiques qui les rendent incroyablement l\u00e9gers et flexibles, ce qui en fait l&#8217;option id\u00e9ale pour diverses activit\u00e9s physiques<\/p>\n","protected":false},"featured_media":220966,"comment_status":"open","ping_status":"closed","template":"","meta":{"_acf_changed":false,"_joinchat":[]},"acabado":[],"balance":[],"dureza":[],"forma":[],"jugador":[1192],"marca":[1227],"nivel-de-juego":[],"superficie":[],"tipo-de-juego":[],"product_brand":[],"product_cat":[830],"product_tag":[],"class_list":{"0":"post-221002","1":"product","2":"type-product","3":"status-publish","4":"has-post-thumbnail","6":"jugador-homme","7":"marca-joma-fr","8":"product_cat-baskets","10":"first","11":"outofstock","12":"sale","13":"taxable","14":"shipping-taxable","15":"purchasable","16":"product-type-variable"},"acf":[],"yoast_head":"<!-- This site is optimized with the Yoast SEO plugin v27.4 - https:\/\/yoast.com\/product\/yoast-seo-wordpress\/ -->\n<title>JOMA SLAM MEN 2427 TURQUESA - Revolution Padel Store<\/title>\n<meta name=\"description\" content=\"Descubre las zapatillas JOMA SLAM MEN 2427 Turquesa, dise\u00f1adas para jugadores exigentes. M\u00e1ximo agarre, estabilidad y confort. \u00a1Compra online al mejor precio!\" \/>\n<meta name=\"robots\" content=\"index, follow, max-snippet:-1, max-image-preview:large, max-video-preview:-1\" \/>\n<link rel=\"canonical\" href=\"https:\/\/revolutionpadelstore.com\/fr\/produit\/joma-slam-men-2427-turquesa-3\/\" \/>\n<meta property=\"og:locale\" content=\"fr_FR\" \/>\n<meta property=\"og:type\" content=\"article\" \/>\n<meta property=\"og:title\" content=\"JOMA SLAM MEN 2427 TURQUESA - Revolution Padel Store\" \/>\n<meta property=\"og:description\" content=\"Descubre las zapatillas JOMA SLAM MEN 2427 Turquesa, dise\u00f1adas para jugadores exigentes. M\u00e1ximo agarre, estabilidad y confort. \u00a1Compra online al mejor precio!\" \/>\n<meta property=\"og:url\" content=\"https:\/\/revolutionpadelstore.com\/fr\/produit\/joma-slam-men-2427-turquesa-3\/\" \/>\n<meta property=\"og:site_name\" content=\"Revolution Padel Store\" \/>\n<meta property=\"article:modified_time\" content=\"2026-04-08T03:18:53+00:00\" \/>\n<meta property=\"og:image\" content=\"https:\/\/revolutionpadelstore.com\/wp-content\/uploads\/2025\/04\/238.png\" \/>\n\t<meta property=\"og:image:width\" content=\"1500\" \/>\n\t<meta property=\"og:image:height\" content=\"1500\" \/>\n\t<meta property=\"og:image:type\" content=\"image\/png\" \/>\n<meta name=\"twitter:card\" content=\"summary_large_image\" \/>\n<meta name=\"twitter:label1\" content=\"Dur\u00e9e de lecture estim\u00e9e\" \/>\n\t<meta name=\"twitter:data1\" content=\"2 minutes\" \/>\n<script type=\"application\/ld+json\" class=\"yoast-schema-graph\">{\"@context\":\"https:\\\/\\\/schema.org\",\"@graph\":[{\"@type\":\"WebPage\",\"@id\":\"https:\\\/\\\/revolutionpadelstore.com\\\/fr\\\/produit\\\/joma-slam-men-2427-turquesa-3\\\/\",\"url\":\"https:\\\/\\\/revolutionpadelstore.com\\\/fr\\\/produit\\\/joma-slam-men-2427-turquesa-3\\\/\",\"name\":\"JOMA SLAM MEN 2427 TURQUESA - Revolution Padel Store\",\"isPartOf\":{\"@id\":\"https:\\\/\\\/revolutionpadelstore.com\\\/fr\\\/#website\"},\"primaryImageOfPage\":{\"@id\":\"https:\\\/\\\/revolutionpadelstore.com\\\/fr\\\/produit\\\/joma-slam-men-2427-turquesa-3\\\/#primaryimage\"},\"image\":{\"@id\":\"https:\\\/\\\/revolutionpadelstore.com\\\/fr\\\/produit\\\/joma-slam-men-2427-turquesa-3\\\/#primaryimage\"},\"thumbnailUrl\":\"https:\\\/\\\/revolutionpadelstore.com\\\/wp-content\\\/uploads\\\/2025\\\/04\\\/238.png\",\"datePublished\":\"2025-04-15T09:11:12+00:00\",\"dateModified\":\"2026-04-08T03:18:53+00:00\",\"description\":\"Descubre las zapatillas JOMA SLAM MEN 2427 Turquesa, dise\u00f1adas para jugadores exigentes. M\u00e1ximo agarre, estabilidad y confort. \u00a1Compra online al mejor precio!\",\"breadcrumb\":{\"@id\":\"https:\\\/\\\/revolutionpadelstore.com\\\/fr\\\/produit\\\/joma-slam-men-2427-turquesa-3\\\/#breadcrumb\"},\"inLanguage\":\"fr-FR\",\"potentialAction\":[{\"@type\":\"ReadAction\",\"target\":[\"https:\\\/\\\/revolutionpadelstore.com\\\/fr\\\/produit\\\/joma-slam-men-2427-turquesa-3\\\/\"]}]},{\"@type\":\"ImageObject\",\"inLanguage\":\"fr-FR\",\"@id\":\"https:\\\/\\\/revolutionpadelstore.com\\\/fr\\\/produit\\\/joma-slam-men-2427-turquesa-3\\\/#primaryimage\",\"url\":\"https:\\\/\\\/revolutionpadelstore.com\\\/wp-content\\\/uploads\\\/2025\\\/04\\\/238.png\",\"contentUrl\":\"https:\\\/\\\/revolutionpadelstore.com\\\/wp-content\\\/uploads\\\/2025\\\/04\\\/238.png\",\"width\":1500,\"height\":1500},{\"@type\":\"BreadcrumbList\",\"@id\":\"https:\\\/\\\/revolutionpadelstore.com\\\/fr\\\/produit\\\/joma-slam-men-2427-turquesa-3\\\/#breadcrumb\",\"itemListElement\":[{\"@type\":\"ListItem\",\"position\":1,\"name\":\"Portada\",\"item\":\"https:\\\/\\\/revolutionpadelstore.com\\\/fr\\\/\"},{\"@type\":\"ListItem\",\"position\":2,\"name\":\"Boutique\",\"item\":\"https:\\\/\\\/revolutionpadelstore.com\\\/fr\\\/tienda\\\/\"},{\"@type\":\"ListItem\",\"position\":3,\"name\":\"JOMA SLAM MEN 2427 TURQUESA\"}]},{\"@type\":\"WebSite\",\"@id\":\"https:\\\/\\\/revolutionpadelstore.com\\\/fr\\\/#website\",\"url\":\"https:\\\/\\\/revolutionpadelstore.com\\\/fr\\\/\",\"name\":\"Revolution Padel Store\",\"description\":\"\",\"publisher\":{\"@id\":\"https:\\\/\\\/revolutionpadelstore.com\\\/fr\\\/#organization\"},\"potentialAction\":[{\"@type\":\"SearchAction\",\"target\":{\"@type\":\"EntryPoint\",\"urlTemplate\":\"https:\\\/\\\/revolutionpadelstore.com\\\/fr\\\/?s={search_term_string}\"},\"query-input\":{\"@type\":\"PropertyValueSpecification\",\"valueRequired\":true,\"valueName\":\"search_term_string\"}}],\"inLanguage\":\"fr-FR\"},{\"@type\":\"Organization\",\"@id\":\"https:\\\/\\\/revolutionpadelstore.com\\\/fr\\\/#organization\",\"name\":\"Revolution Padel Store\",\"url\":\"https:\\\/\\\/revolutionpadelstore.com\\\/fr\\\/\",\"logo\":{\"@type\":\"ImageObject\",\"inLanguage\":\"fr-FR\",\"@id\":\"https:\\\/\\\/revolutionpadelstore.com\\\/fr\\\/#\\\/schema\\\/logo\\\/image\\\/\",\"url\":\"https:\\\/\\\/revolutionpadelstore.com\\\/wp-content\\\/uploads\\\/2026\\\/02\\\/revolution-padel-store.jpg\",\"contentUrl\":\"https:\\\/\\\/revolutionpadelstore.com\\\/wp-content\\\/uploads\\\/2026\\\/02\\\/revolution-padel-store.jpg\",\"width\":2000,\"height\":2000,\"caption\":\"Revolution Padel Store\"},\"image\":{\"@id\":\"https:\\\/\\\/revolutionpadelstore.com\\\/fr\\\/#\\\/schema\\\/logo\\\/image\\\/\"},\"sameAs\":[\"https:\\\/\\\/www.instagram.com\\\/revolutionpadelstore\\\/\"]}]}<\/script>\n<!-- \/ Yoast SEO plugin. -->","yoast_head_json":{"title":"JOMA SLAM MEN 2427 TURQUESA - Revolution Padel Store","description":"Descubre las zapatillas JOMA SLAM MEN 2427 Turquesa, dise\u00f1adas para jugadores exigentes. M\u00e1ximo agarre, estabilidad y confort. \u00a1Compra online al mejor precio!","robots":{"index":"index","follow":"follow","max-snippet":"max-snippet:-1","max-image-preview":"max-image-preview:large","max-video-preview":"max-video-preview:-1"},"canonical":"https:\/\/revolutionpadelstore.com\/fr\/produit\/joma-slam-men-2427-turquesa-3\/","og_locale":"fr_FR","og_type":"article","og_title":"JOMA SLAM MEN 2427 TURQUESA - Revolution Padel Store","og_description":"Descubre las zapatillas JOMA SLAM MEN 2427 Turquesa, dise\u00f1adas para jugadores exigentes. M\u00e1ximo agarre, estabilidad y confort. \u00a1Compra online al mejor precio!","og_url":"https:\/\/revolutionpadelstore.com\/fr\/produit\/joma-slam-men-2427-turquesa-3\/","og_site_name":"Revolution Padel Store","article_modified_time":"2026-04-08T03:18:53+00:00","og_image":[{"width":1500,"height":1500,"url":"https:\/\/revolutionpadelstore.com\/wp-content\/uploads\/2025\/04\/238.png","type":"image\/png"}],"twitter_card":"summary_large_image","twitter_misc":{"Dur\u00e9e de lecture estim\u00e9e":"2 minutes"},"schema":{"@context":"https:\/\/schema.org","@graph":[{"@type":"WebPage","@id":"https:\/\/revolutionpadelstore.com\/fr\/produit\/joma-slam-men-2427-turquesa-3\/","url":"https:\/\/revolutionpadelstore.com\/fr\/produit\/joma-slam-men-2427-turquesa-3\/","name":"JOMA SLAM MEN 2427 TURQUESA - Revolution Padel Store","isPartOf":{"@id":"https:\/\/revolutionpadelstore.com\/fr\/#website"},"primaryImageOfPage":{"@id":"https:\/\/revolutionpadelstore.com\/fr\/produit\/joma-slam-men-2427-turquesa-3\/#primaryimage"},"image":{"@id":"https:\/\/revolutionpadelstore.com\/fr\/produit\/joma-slam-men-2427-turquesa-3\/#primaryimage"},"thumbnailUrl":"https:\/\/revolutionpadelstore.com\/wp-content\/uploads\/2025\/04\/238.png","datePublished":"2025-04-15T09:11:12+00:00","dateModified":"2026-04-08T03:18:53+00:00","description":"Descubre las zapatillas JOMA SLAM MEN 2427 Turquesa, dise\u00f1adas para jugadores exigentes. M\u00e1ximo agarre, estabilidad y confort. \u00a1Compra online al mejor precio!","breadcrumb":{"@id":"https:\/\/revolutionpadelstore.com\/fr\/produit\/joma-slam-men-2427-turquesa-3\/#breadcrumb"},"inLanguage":"fr-FR","potentialAction":[{"@type":"ReadAction","target":["https:\/\/revolutionpadelstore.com\/fr\/produit\/joma-slam-men-2427-turquesa-3\/"]}]},{"@type":"ImageObject","inLanguage":"fr-FR","@id":"https:\/\/revolutionpadelstore.com\/fr\/produit\/joma-slam-men-2427-turquesa-3\/#primaryimage","url":"https:\/\/revolutionpadelstore.com\/wp-content\/uploads\/2025\/04\/238.png","contentUrl":"https:\/\/revolutionpadelstore.com\/wp-content\/uploads\/2025\/04\/238.png","width":1500,"height":1500},{"@type":"BreadcrumbList","@id":"https:\/\/revolutionpadelstore.com\/fr\/produit\/joma-slam-men-2427-turquesa-3\/#breadcrumb","itemListElement":[{"@type":"ListItem","position":1,"name":"Portada","item":"https:\/\/revolutionpadelstore.com\/fr\/"},{"@type":"ListItem","position":2,"name":"Boutique","item":"https:\/\/revolutionpadelstore.com\/fr\/tienda\/"},{"@type":"ListItem","position":3,"name":"JOMA SLAM MEN 2427 TURQUESA"}]},{"@type":"WebSite","@id":"https:\/\/revolutionpadelstore.com\/fr\/#website","url":"https:\/\/revolutionpadelstore.com\/fr\/","name":"Revolution Padel Store","description":"","publisher":{"@id":"https:\/\/revolutionpadelstore.com\/fr\/#organization"},"potentialAction":[{"@type":"SearchAction","target":{"@type":"EntryPoint","urlTemplate":"https:\/\/revolutionpadelstore.com\/fr\/?s={search_term_string}"},"query-input":{"@type":"PropertyValueSpecification","valueRequired":true,"valueName":"search_term_string"}}],"inLanguage":"fr-FR"},{"@type":"Organization","@id":"https:\/\/revolutionpadelstore.com\/fr\/#organization","name":"Revolution Padel Store","url":"https:\/\/revolutionpadelstore.com\/fr\/","logo":{"@type":"ImageObject","inLanguage":"fr-FR","@id":"https:\/\/revolutionpadelstore.com\/fr\/#\/schema\/logo\/image\/","url":"https:\/\/revolutionpadelstore.com\/wp-content\/uploads\/2026\/02\/revolution-padel-store.jpg","contentUrl":"https:\/\/revolutionpadelstore.com\/wp-content\/uploads\/2026\/02\/revolution-padel-store.jpg","width":2000,"height":2000,"caption":"Revolution Padel Store"},"image":{"@id":"https:\/\/revolutionpadelstore.com\/fr\/#\/schema\/logo\/image\/"},"sameAs":["https:\/\/www.instagram.com\/revolutionpadelstore\/"]}]}},"_links":{"self":[{"href":"https:\/\/revolutionpadelstore.com\/fr\/wp-json\/wp\/v2\/product\/221002","targetHints":{"allow":["GET"]}}],"collection":[{"href":"https:\/\/revolutionpadelstore.com\/fr\/wp-json\/wp\/v2\/product"}],"about":[{"href":"https:\/\/revolutionpadelstore.com\/fr\/wp-json\/wp\/v2\/types\/product"}],"replies":[{"embeddable":true,"href":"https:\/\/revolutionpadelstore.com\/fr\/wp-json\/wp\/v2\/comments?post=221002"}],"wp:featuredmedia":[{"embeddable":true,"href":"https:\/\/revolutionpadelstore.com\/fr\/wp-json\/wp\/v2\/media\/220966"}],"wp:attachment":[{"href":"https:\/\/revolutionpadelstore.com\/fr\/wp-json\/wp\/v2\/media?parent=221002"}],"wp:term":[{"taxonomy":"acabado","embeddable":true,"href":"https:\/\/revolutionpadelstore.com\/fr\/wp-json\/wp\/v2\/acabado?post=221002"},{"taxonomy":"balance","embeddable":true,"href":"https:\/\/revolutionpadelstore.com\/fr\/wp-json\/wp\/v2\/balance?post=221002"},{"taxonomy":"dureza","embeddable":true,"href":"https:\/\/revolutionpadelstore.com\/fr\/wp-json\/wp\/v2\/dureza?post=221002"},{"taxonomy":"forma","embeddable":true,"href":"https:\/\/revolutionpadelstore.com\/fr\/wp-json\/wp\/v2\/forma?post=221002"},{"taxonomy":"jugador","embeddable":true,"href":"https:\/\/revolutionpadelstore.com\/fr\/wp-json\/wp\/v2\/jugador?post=221002"},{"taxonomy":"marca","embeddable":true,"href":"https:\/\/revolutionpadelstore.com\/fr\/wp-json\/wp\/v2\/marca?post=221002"},{"taxonomy":"nivel-de-juego","embeddable":true,"href":"https:\/\/revolutionpadelstore.com\/fr\/wp-json\/wp\/v2\/nivel-de-juego?post=221002"},{"taxonomy":"superficie","embeddable":true,"href":"https:\/\/revolutionpadelstore.com\/fr\/wp-json\/wp\/v2\/superficie?post=221002"},{"taxonomy":"tipo-de-juego","embeddable":true,"href":"https:\/\/revolutionpadelstore.com\/fr\/wp-json\/wp\/v2\/tipo-de-juego?post=221002"},{"taxonomy":"product_brand","embeddable":true,"href":"https:\/\/revolutionpadelstore.com\/fr\/wp-json\/wp\/v2\/product_brand?post=221002"},{"taxonomy":"product_cat","embeddable":true,"href":"https:\/\/revolutionpadelstore.com\/fr\/wp-json\/wp\/v2\/product_cat?post=221002"},{"taxonomy":"product_tag","embeddable":true,"href":"https:\/\/revolutionpadelstore.com\/fr\/wp-json\/wp\/v2\/product_tag?post=221002"}],"curies":[{"name":"wp","href":"https:\/\/api.w.org\/{rel}","templated":true}]}}