{"id":220926,"date":"2025-04-15T10:50:16","date_gmt":"2025-04-15T08:50:16","guid":{"rendered":"https:\/\/revolutionpadelstore.com\/?post_type=product&#038;p=220926"},"modified":"2026-04-08T05:19:33","modified_gmt":"2026-04-08T03:19:33","slug":"joma-point-men-2402-blanco-azul-3","status":"publish","type":"product","link":"https:\/\/revolutionpadelstore.com\/fr\/produit\/joma-point-men-2402-blanco-azul-3\/","title":{"rendered":"JOMA POINT MEN 2402 BLANCO AZUL"},"content":{"rendered":"<h2> <strong> Joma Point Men 24 Clay White Blue &#8211; Performance maximale, agilit\u00e9 et confort <\/strong> <\/h2>\n<p>Ces baskets de tennis et de pagaie pour hommes sont con\u00e7ues pour les joueurs avec une bonne technique qui recherchent des chaussures qui accompagnent leur haut niveau de jeu. Avec un \u00e9quilibre parfait entre la l\u00e9g\u00e8ret\u00e9, la respirabilit\u00e9 et la stabilit\u00e9, ils deviennent l&#8217;option id\u00e9ale pour exiger l&#8217;entra\u00eenement et les f\u00eates.<\/p>\n<h2> <strong> Caract\u00e9ristiques techniques pro\u00e9minentes <\/strong> <\/h2>\n<p>-Corte de maille avec une finition Jacquard personnalis\u00e9e, qui garantit la l\u00e9g\u00e8ret\u00e9 et une excellente ventilation des pieds.<\/p>\n<p>-VTS Syst\u00e8me de perforation qui expulse la sueur et garde ses pieds frais et secs.<\/p>\n<p>-Tecnology Joma Sportch Thermosellada pour un ajustement parfait sans ajouter de poids inutile.<\/p>\n<p>-Ca R\u00e9f\u00e9rence en caoutchouc dans l&#8217;orteil qui forme le syst\u00e8me de protection, id\u00e9al pour r\u00e9sister \u00e0 la friction et prolonger la dur\u00e9e de vie des chaussures.<\/p>\n<p>-Contrafuerte exo compteur dans le talon qui offre une grande stabilit\u00e9 dans les changements de direction rapide.<\/p>\n<p>-Thelon et les milieux de phylon flexibles, con\u00e7us pour absorber les impacts et am\u00e9liorer l&#8217;amortissement.<\/p>\n<p>-P\u00e9chantillon stabilisant qui \u00e9vite les virages indus entre l&#8217;avant et l&#8217;arri\u00e8re du pied.<\/p>\n<p>-Suzuela Durability Rubber avec conception de pointes (argile), parfait pour expulser le sable et faciliter les glissements de terrain sans perdre de terrain.<\/p>\n<h2> <strong> Avantages pour le joueur <\/strong> <\/h2>\n<p>Ce mod\u00e8le est parfait pour les joueurs qui ont besoin de chaussures techniques, agiles et confortables, avec des mat\u00e9riaux et des technologies de haute qualit\u00e9 qui r\u00e9pondent au rythme du jeu professionnel. Id\u00e9al pour les indices broy\u00e9s battus et les surfaces glissantes, garantit d&#8217;excellentes performances dans chaque mouvement.<\/p>\n<h2> <strong> Achetez avec confiance <\/strong> <\/h2>\n<p>Ce produit est disponible dans notre boutique en ligne <a href=\"http:\/\/www.revolutionpadelstore.com\/\"> www.revolutionpadelstore.com <\/a>, probablement au meilleur prix de march\u00e9. Faites votre commande aujourd&#8217;hui et exp\u00e9rimentez le niveau suivant dans le confort et les performances!<\/p>\n<h2><strong>JOMA POINT MEN 24 CLAY BLANCO AZUL &#8211; M\u00e1ximo rendimiento, agilidad y comodidad<\/strong><\/p>\n","protected":false},"excerpt":{"rendered":"<p>Ces baskets de tennis et de pagaie pour hommes sont con\u00e7ues pour les joueurs avec une bonne technique qui recherchent des chaussures qui accompagnent leur haut niveau de jeu. Avec un \u00e9quilibre parfait entre la l\u00e9g\u00e8ret\u00e9, la respirabilit\u00e9 et la stabilit\u00e9, ils deviennent l&#8217;option id\u00e9ale pour exiger l&#8217;entra\u00eenement et les f\u00eates.<\/p>\n","protected":false},"featured_media":220940,"comment_status":"open","ping_status":"closed","template":"","meta":{"_acf_changed":false,"_joinchat":[]},"acabado":[],"balance":[],"dureza":[],"forma":[],"jugador":[1192],"marca":[1227],"nivel-de-juego":[],"superficie":[],"tipo-de-juego":[],"product_brand":[],"product_cat":[830],"product_tag":[],"class_list":{"0":"post-220926","1":"product","2":"type-product","3":"status-publish","4":"has-post-thumbnail","6":"jugador-homme","7":"marca-joma-fr","8":"product_cat-baskets","10":"first","11":"outofstock","12":"sale","13":"taxable","14":"shipping-taxable","15":"purchasable","16":"product-type-variable"},"acf":[],"yoast_head":"<!-- This site is optimized with the Yoast SEO plugin v27.4 - https:\/\/yoast.com\/product\/yoast-seo-wordpress\/ -->\n<title>JOMA POINT MEN 2402 BLANCO AZUL - Revolution Padel Store<\/title>\n<meta name=\"description\" content=\"Zapatillas de tenis para hombre con m\u00e1ximo confort, estabilidad y suela clay. Dise\u00f1o t\u00e9cnico ideal para jugadores exigentes. \u00a1Compra online al mejor precio!\" \/>\n<meta name=\"robots\" content=\"index, follow, max-snippet:-1, max-image-preview:large, max-video-preview:-1\" \/>\n<link rel=\"canonical\" href=\"https:\/\/revolutionpadelstore.com\/fr\/produit\/joma-point-men-2402-blanco-azul-3\/\" \/>\n<meta property=\"og:locale\" content=\"fr_FR\" \/>\n<meta property=\"og:type\" content=\"article\" \/>\n<meta property=\"og:title\" content=\"JOMA POINT MEN 2402 BLANCO AZUL - Revolution Padel Store\" \/>\n<meta property=\"og:description\" content=\"Zapatillas de tenis para hombre con m\u00e1ximo confort, estabilidad y suela clay. Dise\u00f1o t\u00e9cnico ideal para jugadores exigentes. \u00a1Compra online al mejor precio!\" \/>\n<meta property=\"og:url\" content=\"https:\/\/revolutionpadelstore.com\/fr\/produit\/joma-point-men-2402-blanco-azul-3\/\" \/>\n<meta property=\"og:site_name\" content=\"Revolution Padel Store\" \/>\n<meta property=\"article:modified_time\" content=\"2026-04-08T03:19:33+00:00\" \/>\n<meta property=\"og:image\" content=\"https:\/\/revolutionpadelstore.com\/wp-content\/uploads\/2025\/04\/234.png\" \/>\n\t<meta property=\"og:image:width\" content=\"1500\" \/>\n\t<meta property=\"og:image:height\" content=\"1500\" \/>\n\t<meta property=\"og:image:type\" content=\"image\/png\" \/>\n<meta name=\"twitter:card\" content=\"summary_large_image\" \/>\n<meta name=\"twitter:label1\" content=\"Dur\u00e9e de lecture estim\u00e9e\" \/>\n\t<meta name=\"twitter:data1\" content=\"2 minutes\" \/>\n<script type=\"application\/ld+json\" class=\"yoast-schema-graph\">{\"@context\":\"https:\\\/\\\/schema.org\",\"@graph\":[{\"@type\":\"WebPage\",\"@id\":\"https:\\\/\\\/revolutionpadelstore.com\\\/fr\\\/produit\\\/joma-point-men-2402-blanco-azul-3\\\/\",\"url\":\"https:\\\/\\\/revolutionpadelstore.com\\\/fr\\\/produit\\\/joma-point-men-2402-blanco-azul-3\\\/\",\"name\":\"JOMA POINT MEN 2402 BLANCO AZUL - Revolution Padel Store\",\"isPartOf\":{\"@id\":\"https:\\\/\\\/revolutionpadelstore.com\\\/fr\\\/#website\"},\"primaryImageOfPage\":{\"@id\":\"https:\\\/\\\/revolutionpadelstore.com\\\/fr\\\/produit\\\/joma-point-men-2402-blanco-azul-3\\\/#primaryimage\"},\"image\":{\"@id\":\"https:\\\/\\\/revolutionpadelstore.com\\\/fr\\\/produit\\\/joma-point-men-2402-blanco-azul-3\\\/#primaryimage\"},\"thumbnailUrl\":\"https:\\\/\\\/revolutionpadelstore.com\\\/wp-content\\\/uploads\\\/2025\\\/04\\\/234.png\",\"datePublished\":\"2025-04-15T08:50:16+00:00\",\"dateModified\":\"2026-04-08T03:19:33+00:00\",\"description\":\"Zapatillas de tenis para hombre con m\u00e1ximo confort, estabilidad y suela clay. Dise\u00f1o t\u00e9cnico ideal para jugadores exigentes. \u00a1Compra online al mejor precio!\",\"breadcrumb\":{\"@id\":\"https:\\\/\\\/revolutionpadelstore.com\\\/fr\\\/produit\\\/joma-point-men-2402-blanco-azul-3\\\/#breadcrumb\"},\"inLanguage\":\"fr-FR\",\"potentialAction\":[{\"@type\":\"ReadAction\",\"target\":[\"https:\\\/\\\/revolutionpadelstore.com\\\/fr\\\/produit\\\/joma-point-men-2402-blanco-azul-3\\\/\"]}]},{\"@type\":\"ImageObject\",\"inLanguage\":\"fr-FR\",\"@id\":\"https:\\\/\\\/revolutionpadelstore.com\\\/fr\\\/produit\\\/joma-point-men-2402-blanco-azul-3\\\/#primaryimage\",\"url\":\"https:\\\/\\\/revolutionpadelstore.com\\\/wp-content\\\/uploads\\\/2025\\\/04\\\/234.png\",\"contentUrl\":\"https:\\\/\\\/revolutionpadelstore.com\\\/wp-content\\\/uploads\\\/2025\\\/04\\\/234.png\",\"width\":1500,\"height\":1500},{\"@type\":\"BreadcrumbList\",\"@id\":\"https:\\\/\\\/revolutionpadelstore.com\\\/fr\\\/produit\\\/joma-point-men-2402-blanco-azul-3\\\/#breadcrumb\",\"itemListElement\":[{\"@type\":\"ListItem\",\"position\":1,\"name\":\"Portada\",\"item\":\"https:\\\/\\\/revolutionpadelstore.com\\\/fr\\\/\"},{\"@type\":\"ListItem\",\"position\":2,\"name\":\"Boutique\",\"item\":\"https:\\\/\\\/revolutionpadelstore.com\\\/fr\\\/tienda\\\/\"},{\"@type\":\"ListItem\",\"position\":3,\"name\":\"JOMA POINT MEN 2402 BLANCO AZUL\"}]},{\"@type\":\"WebSite\",\"@id\":\"https:\\\/\\\/revolutionpadelstore.com\\\/fr\\\/#website\",\"url\":\"https:\\\/\\\/revolutionpadelstore.com\\\/fr\\\/\",\"name\":\"Revolution Padel Store\",\"description\":\"\",\"publisher\":{\"@id\":\"https:\\\/\\\/revolutionpadelstore.com\\\/fr\\\/#organization\"},\"potentialAction\":[{\"@type\":\"SearchAction\",\"target\":{\"@type\":\"EntryPoint\",\"urlTemplate\":\"https:\\\/\\\/revolutionpadelstore.com\\\/fr\\\/?s={search_term_string}\"},\"query-input\":{\"@type\":\"PropertyValueSpecification\",\"valueRequired\":true,\"valueName\":\"search_term_string\"}}],\"inLanguage\":\"fr-FR\"},{\"@type\":\"Organization\",\"@id\":\"https:\\\/\\\/revolutionpadelstore.com\\\/fr\\\/#organization\",\"name\":\"Revolution Padel Store\",\"url\":\"https:\\\/\\\/revolutionpadelstore.com\\\/fr\\\/\",\"logo\":{\"@type\":\"ImageObject\",\"inLanguage\":\"fr-FR\",\"@id\":\"https:\\\/\\\/revolutionpadelstore.com\\\/fr\\\/#\\\/schema\\\/logo\\\/image\\\/\",\"url\":\"https:\\\/\\\/revolutionpadelstore.com\\\/wp-content\\\/uploads\\\/2026\\\/02\\\/revolution-padel-store.jpg\",\"contentUrl\":\"https:\\\/\\\/revolutionpadelstore.com\\\/wp-content\\\/uploads\\\/2026\\\/02\\\/revolution-padel-store.jpg\",\"width\":2000,\"height\":2000,\"caption\":\"Revolution Padel Store\"},\"image\":{\"@id\":\"https:\\\/\\\/revolutionpadelstore.com\\\/fr\\\/#\\\/schema\\\/logo\\\/image\\\/\"},\"sameAs\":[\"https:\\\/\\\/www.instagram.com\\\/revolutionpadelstore\\\/\"]}]}<\/script>\n<!-- \/ Yoast SEO plugin. -->","yoast_head_json":{"title":"JOMA POINT MEN 2402 BLANCO AZUL - Revolution Padel Store","description":"Zapatillas de tenis para hombre con m\u00e1ximo confort, estabilidad y suela clay. Dise\u00f1o t\u00e9cnico ideal para jugadores exigentes. \u00a1Compra online al mejor precio!","robots":{"index":"index","follow":"follow","max-snippet":"max-snippet:-1","max-image-preview":"max-image-preview:large","max-video-preview":"max-video-preview:-1"},"canonical":"https:\/\/revolutionpadelstore.com\/fr\/produit\/joma-point-men-2402-blanco-azul-3\/","og_locale":"fr_FR","og_type":"article","og_title":"JOMA POINT MEN 2402 BLANCO AZUL - Revolution Padel Store","og_description":"Zapatillas de tenis para hombre con m\u00e1ximo confort, estabilidad y suela clay. Dise\u00f1o t\u00e9cnico ideal para jugadores exigentes. \u00a1Compra online al mejor precio!","og_url":"https:\/\/revolutionpadelstore.com\/fr\/produit\/joma-point-men-2402-blanco-azul-3\/","og_site_name":"Revolution Padel Store","article_modified_time":"2026-04-08T03:19:33+00:00","og_image":[{"width":1500,"height":1500,"url":"https:\/\/revolutionpadelstore.com\/wp-content\/uploads\/2025\/04\/234.png","type":"image\/png"}],"twitter_card":"summary_large_image","twitter_misc":{"Dur\u00e9e de lecture estim\u00e9e":"2 minutes"},"schema":{"@context":"https:\/\/schema.org","@graph":[{"@type":"WebPage","@id":"https:\/\/revolutionpadelstore.com\/fr\/produit\/joma-point-men-2402-blanco-azul-3\/","url":"https:\/\/revolutionpadelstore.com\/fr\/produit\/joma-point-men-2402-blanco-azul-3\/","name":"JOMA POINT MEN 2402 BLANCO AZUL - Revolution Padel Store","isPartOf":{"@id":"https:\/\/revolutionpadelstore.com\/fr\/#website"},"primaryImageOfPage":{"@id":"https:\/\/revolutionpadelstore.com\/fr\/produit\/joma-point-men-2402-blanco-azul-3\/#primaryimage"},"image":{"@id":"https:\/\/revolutionpadelstore.com\/fr\/produit\/joma-point-men-2402-blanco-azul-3\/#primaryimage"},"thumbnailUrl":"https:\/\/revolutionpadelstore.com\/wp-content\/uploads\/2025\/04\/234.png","datePublished":"2025-04-15T08:50:16+00:00","dateModified":"2026-04-08T03:19:33+00:00","description":"Zapatillas de tenis para hombre con m\u00e1ximo confort, estabilidad y suela clay. Dise\u00f1o t\u00e9cnico ideal para jugadores exigentes. \u00a1Compra online al mejor precio!","breadcrumb":{"@id":"https:\/\/revolutionpadelstore.com\/fr\/produit\/joma-point-men-2402-blanco-azul-3\/#breadcrumb"},"inLanguage":"fr-FR","potentialAction":[{"@type":"ReadAction","target":["https:\/\/revolutionpadelstore.com\/fr\/produit\/joma-point-men-2402-blanco-azul-3\/"]}]},{"@type":"ImageObject","inLanguage":"fr-FR","@id":"https:\/\/revolutionpadelstore.com\/fr\/produit\/joma-point-men-2402-blanco-azul-3\/#primaryimage","url":"https:\/\/revolutionpadelstore.com\/wp-content\/uploads\/2025\/04\/234.png","contentUrl":"https:\/\/revolutionpadelstore.com\/wp-content\/uploads\/2025\/04\/234.png","width":1500,"height":1500},{"@type":"BreadcrumbList","@id":"https:\/\/revolutionpadelstore.com\/fr\/produit\/joma-point-men-2402-blanco-azul-3\/#breadcrumb","itemListElement":[{"@type":"ListItem","position":1,"name":"Portada","item":"https:\/\/revolutionpadelstore.com\/fr\/"},{"@type":"ListItem","position":2,"name":"Boutique","item":"https:\/\/revolutionpadelstore.com\/fr\/tienda\/"},{"@type":"ListItem","position":3,"name":"JOMA POINT MEN 2402 BLANCO AZUL"}]},{"@type":"WebSite","@id":"https:\/\/revolutionpadelstore.com\/fr\/#website","url":"https:\/\/revolutionpadelstore.com\/fr\/","name":"Revolution Padel Store","description":"","publisher":{"@id":"https:\/\/revolutionpadelstore.com\/fr\/#organization"},"potentialAction":[{"@type":"SearchAction","target":{"@type":"EntryPoint","urlTemplate":"https:\/\/revolutionpadelstore.com\/fr\/?s={search_term_string}"},"query-input":{"@type":"PropertyValueSpecification","valueRequired":true,"valueName":"search_term_string"}}],"inLanguage":"fr-FR"},{"@type":"Organization","@id":"https:\/\/revolutionpadelstore.com\/fr\/#organization","name":"Revolution Padel Store","url":"https:\/\/revolutionpadelstore.com\/fr\/","logo":{"@type":"ImageObject","inLanguage":"fr-FR","@id":"https:\/\/revolutionpadelstore.com\/fr\/#\/schema\/logo\/image\/","url":"https:\/\/revolutionpadelstore.com\/wp-content\/uploads\/2026\/02\/revolution-padel-store.jpg","contentUrl":"https:\/\/revolutionpadelstore.com\/wp-content\/uploads\/2026\/02\/revolution-padel-store.jpg","width":2000,"height":2000,"caption":"Revolution Padel Store"},"image":{"@id":"https:\/\/revolutionpadelstore.com\/fr\/#\/schema\/logo\/image\/"},"sameAs":["https:\/\/www.instagram.com\/revolutionpadelstore\/"]}]}},"_links":{"self":[{"href":"https:\/\/revolutionpadelstore.com\/fr\/wp-json\/wp\/v2\/product\/220926","targetHints":{"allow":["GET"]}}],"collection":[{"href":"https:\/\/revolutionpadelstore.com\/fr\/wp-json\/wp\/v2\/product"}],"about":[{"href":"https:\/\/revolutionpadelstore.com\/fr\/wp-json\/wp\/v2\/types\/product"}],"replies":[{"embeddable":true,"href":"https:\/\/revolutionpadelstore.com\/fr\/wp-json\/wp\/v2\/comments?post=220926"}],"wp:featuredmedia":[{"embeddable":true,"href":"https:\/\/revolutionpadelstore.com\/fr\/wp-json\/wp\/v2\/media\/220940"}],"wp:attachment":[{"href":"https:\/\/revolutionpadelstore.com\/fr\/wp-json\/wp\/v2\/media?parent=220926"}],"wp:term":[{"taxonomy":"acabado","embeddable":true,"href":"https:\/\/revolutionpadelstore.com\/fr\/wp-json\/wp\/v2\/acabado?post=220926"},{"taxonomy":"balance","embeddable":true,"href":"https:\/\/revolutionpadelstore.com\/fr\/wp-json\/wp\/v2\/balance?post=220926"},{"taxonomy":"dureza","embeddable":true,"href":"https:\/\/revolutionpadelstore.com\/fr\/wp-json\/wp\/v2\/dureza?post=220926"},{"taxonomy":"forma","embeddable":true,"href":"https:\/\/revolutionpadelstore.com\/fr\/wp-json\/wp\/v2\/forma?post=220926"},{"taxonomy":"jugador","embeddable":true,"href":"https:\/\/revolutionpadelstore.com\/fr\/wp-json\/wp\/v2\/jugador?post=220926"},{"taxonomy":"marca","embeddable":true,"href":"https:\/\/revolutionpadelstore.com\/fr\/wp-json\/wp\/v2\/marca?post=220926"},{"taxonomy":"nivel-de-juego","embeddable":true,"href":"https:\/\/revolutionpadelstore.com\/fr\/wp-json\/wp\/v2\/nivel-de-juego?post=220926"},{"taxonomy":"superficie","embeddable":true,"href":"https:\/\/revolutionpadelstore.com\/fr\/wp-json\/wp\/v2\/superficie?post=220926"},{"taxonomy":"tipo-de-juego","embeddable":true,"href":"https:\/\/revolutionpadelstore.com\/fr\/wp-json\/wp\/v2\/tipo-de-juego?post=220926"},{"taxonomy":"product_brand","embeddable":true,"href":"https:\/\/revolutionpadelstore.com\/fr\/wp-json\/wp\/v2\/product_brand?post=220926"},{"taxonomy":"product_cat","embeddable":true,"href":"https:\/\/revolutionpadelstore.com\/fr\/wp-json\/wp\/v2\/product_cat?post=220926"},{"taxonomy":"product_tag","embeddable":true,"href":"https:\/\/revolutionpadelstore.com\/fr\/wp-json\/wp\/v2\/product_tag?post=220926"}],"curies":[{"name":"wp","href":"https:\/\/api.w.org\/{rel}","templated":true}]}}