{"id":219977,"date":"2025-04-01T23:28:07","date_gmt":"2025-04-01T21:28:07","guid":{"rendered":"https:\/\/revolutionpadelstore.com\/cajon-siux-neo-balls-speed-x24\/"},"modified":"2026-04-08T05:25:14","modified_gmt":"2026-04-08T03:25:14","slug":"cajon-siux-neo-balls-speed-x24-3","status":"publish","type":"product","link":"https:\/\/revolutionpadelstore.com\/fr\/produit\/cajon-siux-neo-balls-speed-x24-3\/","title":{"rendered":"CAJON SIUX NEO BALLS SPEED x24"},"content":{"rendered":"<h2> SIEUS BOULLES DE SIUX X24 &#8211; Boules de paddle haute performance <\/h2>\n<p>Faites passer votre jeu au niveau sup\u00e9rieur avec les <strong> SIEUX BOLLS SPEED X24 <\/strong>, certaines balles con\u00e7ues pour vous offrir <strong> performances sup\u00e9rieures, rebond pr\u00e9cis et durabilit\u00e9 maximale <\/strong> m\u00eame dans les conditions les plus exigeantes. Leur excellente r\u00e9ponse dans les climats froids, les environnements humides ou les faibles altitudes en fait le choix parfait pour les matchs et l&#8217;entra\u00eenement pr\u00e8s du niveau de la mer.<\/p>\n<h2> Caract\u00e9ristiques principales <\/h2>\n<p> <strong> &#8211; 24 Ball Pack <\/strong> <\/strong><br \/>\nId\u00e9al pour les clubs, l&#8217;entra\u00eenement intensif ou les joueurs qui veulent toujours avoir des stocks disponibles. <\/p>\n<p style=\"padding-left: 40px\"> <strong> &#8211; duret\u00e9 optimis\u00e9e <\/strong><br \/>\nSa construction ferme offre une plus grande durabilit\u00e9 et une r\u00e9sistance \u00e0 l&#8217;usure, id\u00e9ale pour des utilisations prolong\u00e9es. <\/p>\n<p>&lt;p style = &quot;padding-left: 40px;&quot;<br \/>\nGr\u00e2ce \u00e0 leur excellente pression interne, la vitesse <strong> SIUX NEO BOLLS <\/strong> assure un bateau uniforme, favorisant le contr\u00f4le et la pr\u00e9cision dans chaque coup. <\/p>\n<p style=\"padding-left: 40px\"> <strong>&#8211;dendimiento dans les climats froids et humides <\/strong><br \/>\nCes balles ont \u00e9t\u00e9 d\u00e9velopp\u00e9es pour mettre en \u00e9vidence dans des conditions atmosph\u00e9riques complexes, telles que des temp\u00e9ratures basses ou des zones proches du niveau de la mer.<\/p>\n<h2> Pourquoi choisir la vitesse des balles Siux Neo?<br \/>\nParce qu&#8217;ils sont con\u00e7us pour les joueurs <strong> qui n&#8217;acceptent pas les engagements sur leurs performances <\/strong>. Que vous soyez amateur et professionnel, ces balles vous fournissent la puissance, la coh\u00e9rence et la durabilit\u00e9 dont vous avez besoin pour ma\u00eetriser chaque point en toute s\u00e9curit\u00e9.<\/p>\n<p>Obtenez votre pack de balle Ball 24 Siux Neo Speed \u200b\u200bdans notre boutique en ligne <a href=\"https:\/\/www.revolutionpadelstore.com\/\"> www.revolutionpadelstore.com <\/a> et <strong> probablement au meilleur prix de march\u00e9 <\/strong>.<\/p>\n<h2>Siux Neo Balls Speed x24 \u2013 Pelotas de P\u00e1del de Alto Rendimiento<\/h2>\n","protected":false},"excerpt":{"rendered":"<p>Siux Neo Balls Speed \u200b\u200bx24, balles con\u00e7ues pour jouer dans des zones plus froides et humides. Comprend 24 balles.<\/p>\n","protected":false},"featured_media":216920,"comment_status":"open","ping_status":"closed","template":"","meta":{"_acf_changed":false,"_joinchat":[]},"acabado":[],"balance":[],"dureza":[],"forma":[],"jugador":[],"marca":[1307],"nivel-de-juego":[],"superficie":[],"tipo-de-juego":[],"product_brand":[],"product_cat":[606],"product_tag":[],"class_list":{"0":"post-219977","1":"product","2":"type-product","3":"status-publish","4":"has-post-thumbnail","6":"marca-siux-fr","7":"product_cat-balles","9":"first","10":"outofstock","11":"sale","12":"taxable","13":"shipping-taxable","14":"purchasable","15":"product-type-simple"},"acf":[],"yoast_head":"<!-- This site is optimized with the Yoast SEO plugin v27.4 - https:\/\/yoast.com\/product\/yoast-seo-wordpress\/ -->\n<title>CAJON SIUX NEO BALLS SPEED x24 - Revolution Padel Store<\/title>\n<meta name=\"description\" content=\"Compra las pelotas de p\u00e1del Siux Neo Balls Speed x24, ideales para climas fr\u00edos y h\u00famedos. Alta durabilidad, rebote preciso y m\u00e1xima potencia en cada golpe. \u00a1Disponibles online al mejor precio en Revolution Padel Store!\" \/>\n<meta name=\"robots\" content=\"index, follow, max-snippet:-1, max-image-preview:large, max-video-preview:-1\" \/>\n<link rel=\"canonical\" href=\"https:\/\/revolutionpadelstore.com\/fr\/produit\/cajon-siux-neo-balls-speed-x24-3\/\" \/>\n<meta property=\"og:locale\" content=\"fr_FR\" \/>\n<meta property=\"og:type\" content=\"article\" \/>\n<meta property=\"og:title\" content=\"CAJON SIUX NEO BALLS SPEED x24 - Revolution Padel Store\" \/>\n<meta property=\"og:description\" content=\"Compra las pelotas de p\u00e1del Siux Neo Balls Speed x24, ideales para climas fr\u00edos y h\u00famedos. Alta durabilidad, rebote preciso y m\u00e1xima potencia en cada golpe. \u00a1Disponibles online al mejor precio en Revolution Padel Store!\" \/>\n<meta property=\"og:url\" content=\"https:\/\/revolutionpadelstore.com\/fr\/produit\/cajon-siux-neo-balls-speed-x24-3\/\" \/>\n<meta property=\"og:site_name\" content=\"Revolution Padel Store\" \/>\n<meta property=\"article:modified_time\" content=\"2026-04-08T03:25:14+00:00\" \/>\n<meta property=\"og:image\" content=\"https:\/\/revolutionpadelstore.com\/wp-content\/uploads\/2025\/04\/siux_cajon_neo_s_1200x1200_4971.webp\" \/>\n\t<meta property=\"og:image:width\" content=\"1200\" \/>\n\t<meta property=\"og:image:height\" content=\"1200\" \/>\n\t<meta property=\"og:image:type\" content=\"image\/webp\" \/>\n<meta name=\"twitter:card\" content=\"summary_large_image\" \/>\n<meta name=\"twitter:label1\" content=\"Dur\u00e9e de lecture estim\u00e9e\" \/>\n\t<meta name=\"twitter:data1\" content=\"2 minutes\" \/>\n<script type=\"application\/ld+json\" class=\"yoast-schema-graph\">{\"@context\":\"https:\\\/\\\/schema.org\",\"@graph\":[{\"@type\":\"WebPage\",\"@id\":\"https:\\\/\\\/revolutionpadelstore.com\\\/fr\\\/produit\\\/cajon-siux-neo-balls-speed-x24-3\\\/\",\"url\":\"https:\\\/\\\/revolutionpadelstore.com\\\/fr\\\/produit\\\/cajon-siux-neo-balls-speed-x24-3\\\/\",\"name\":\"CAJON SIUX NEO BALLS SPEED x24 - Revolution Padel Store\",\"isPartOf\":{\"@id\":\"https:\\\/\\\/revolutionpadelstore.com\\\/fr\\\/#website\"},\"primaryImageOfPage\":{\"@id\":\"https:\\\/\\\/revolutionpadelstore.com\\\/fr\\\/produit\\\/cajon-siux-neo-balls-speed-x24-3\\\/#primaryimage\"},\"image\":{\"@id\":\"https:\\\/\\\/revolutionpadelstore.com\\\/fr\\\/produit\\\/cajon-siux-neo-balls-speed-x24-3\\\/#primaryimage\"},\"thumbnailUrl\":\"https:\\\/\\\/revolutionpadelstore.com\\\/wp-content\\\/uploads\\\/2025\\\/04\\\/siux_cajon_neo_s_1200x1200_4971.webp\",\"datePublished\":\"2025-04-01T21:28:07+00:00\",\"dateModified\":\"2026-04-08T03:25:14+00:00\",\"description\":\"Compra las pelotas de p\u00e1del Siux Neo Balls Speed x24, ideales para climas fr\u00edos y h\u00famedos. Alta durabilidad, rebote preciso y m\u00e1xima potencia en cada golpe. \u00a1Disponibles online al mejor precio en Revolution Padel Store!\",\"breadcrumb\":{\"@id\":\"https:\\\/\\\/revolutionpadelstore.com\\\/fr\\\/produit\\\/cajon-siux-neo-balls-speed-x24-3\\\/#breadcrumb\"},\"inLanguage\":\"fr-FR\",\"potentialAction\":[{\"@type\":\"ReadAction\",\"target\":[\"https:\\\/\\\/revolutionpadelstore.com\\\/fr\\\/produit\\\/cajon-siux-neo-balls-speed-x24-3\\\/\"]}]},{\"@type\":\"ImageObject\",\"inLanguage\":\"fr-FR\",\"@id\":\"https:\\\/\\\/revolutionpadelstore.com\\\/fr\\\/produit\\\/cajon-siux-neo-balls-speed-x24-3\\\/#primaryimage\",\"url\":\"https:\\\/\\\/revolutionpadelstore.com\\\/wp-content\\\/uploads\\\/2025\\\/04\\\/siux_cajon_neo_s_1200x1200_4971.webp\",\"contentUrl\":\"https:\\\/\\\/revolutionpadelstore.com\\\/wp-content\\\/uploads\\\/2025\\\/04\\\/siux_cajon_neo_s_1200x1200_4971.webp\",\"width\":1200,\"height\":1200},{\"@type\":\"BreadcrumbList\",\"@id\":\"https:\\\/\\\/revolutionpadelstore.com\\\/fr\\\/produit\\\/cajon-siux-neo-balls-speed-x24-3\\\/#breadcrumb\",\"itemListElement\":[{\"@type\":\"ListItem\",\"position\":1,\"name\":\"Portada\",\"item\":\"https:\\\/\\\/revolutionpadelstore.com\\\/fr\\\/\"},{\"@type\":\"ListItem\",\"position\":2,\"name\":\"Boutique\",\"item\":\"https:\\\/\\\/revolutionpadelstore.com\\\/fr\\\/tienda\\\/\"},{\"@type\":\"ListItem\",\"position\":3,\"name\":\"CAJON SIUX NEO BALLS SPEED x24\"}]},{\"@type\":\"WebSite\",\"@id\":\"https:\\\/\\\/revolutionpadelstore.com\\\/fr\\\/#website\",\"url\":\"https:\\\/\\\/revolutionpadelstore.com\\\/fr\\\/\",\"name\":\"Revolution Padel Store\",\"description\":\"\",\"publisher\":{\"@id\":\"https:\\\/\\\/revolutionpadelstore.com\\\/fr\\\/#organization\"},\"potentialAction\":[{\"@type\":\"SearchAction\",\"target\":{\"@type\":\"EntryPoint\",\"urlTemplate\":\"https:\\\/\\\/revolutionpadelstore.com\\\/fr\\\/?s={search_term_string}\"},\"query-input\":{\"@type\":\"PropertyValueSpecification\",\"valueRequired\":true,\"valueName\":\"search_term_string\"}}],\"inLanguage\":\"fr-FR\"},{\"@type\":\"Organization\",\"@id\":\"https:\\\/\\\/revolutionpadelstore.com\\\/fr\\\/#organization\",\"name\":\"Revolution Padel Store\",\"url\":\"https:\\\/\\\/revolutionpadelstore.com\\\/fr\\\/\",\"logo\":{\"@type\":\"ImageObject\",\"inLanguage\":\"fr-FR\",\"@id\":\"https:\\\/\\\/revolutionpadelstore.com\\\/fr\\\/#\\\/schema\\\/logo\\\/image\\\/\",\"url\":\"https:\\\/\\\/revolutionpadelstore.com\\\/wp-content\\\/uploads\\\/2026\\\/02\\\/revolution-padel-store.jpg\",\"contentUrl\":\"https:\\\/\\\/revolutionpadelstore.com\\\/wp-content\\\/uploads\\\/2026\\\/02\\\/revolution-padel-store.jpg\",\"width\":2000,\"height\":2000,\"caption\":\"Revolution Padel Store\"},\"image\":{\"@id\":\"https:\\\/\\\/revolutionpadelstore.com\\\/fr\\\/#\\\/schema\\\/logo\\\/image\\\/\"},\"sameAs\":[\"https:\\\/\\\/www.instagram.com\\\/revolutionpadelstore\\\/\"]}]}<\/script>\n<!-- \/ Yoast SEO plugin. -->","yoast_head_json":{"title":"CAJON SIUX NEO BALLS SPEED x24 - Revolution Padel Store","description":"Compra las pelotas de p\u00e1del Siux Neo Balls Speed x24, ideales para climas fr\u00edos y h\u00famedos. Alta durabilidad, rebote preciso y m\u00e1xima potencia en cada golpe. \u00a1Disponibles online al mejor precio en Revolution Padel Store!","robots":{"index":"index","follow":"follow","max-snippet":"max-snippet:-1","max-image-preview":"max-image-preview:large","max-video-preview":"max-video-preview:-1"},"canonical":"https:\/\/revolutionpadelstore.com\/fr\/produit\/cajon-siux-neo-balls-speed-x24-3\/","og_locale":"fr_FR","og_type":"article","og_title":"CAJON SIUX NEO BALLS SPEED x24 - Revolution Padel Store","og_description":"Compra las pelotas de p\u00e1del Siux Neo Balls Speed x24, ideales para climas fr\u00edos y h\u00famedos. Alta durabilidad, rebote preciso y m\u00e1xima potencia en cada golpe. \u00a1Disponibles online al mejor precio en Revolution Padel Store!","og_url":"https:\/\/revolutionpadelstore.com\/fr\/produit\/cajon-siux-neo-balls-speed-x24-3\/","og_site_name":"Revolution Padel Store","article_modified_time":"2026-04-08T03:25:14+00:00","og_image":[{"width":1200,"height":1200,"url":"https:\/\/revolutionpadelstore.com\/wp-content\/uploads\/2025\/04\/siux_cajon_neo_s_1200x1200_4971.webp","type":"image\/webp"}],"twitter_card":"summary_large_image","twitter_misc":{"Dur\u00e9e de lecture estim\u00e9e":"2 minutes"},"schema":{"@context":"https:\/\/schema.org","@graph":[{"@type":"WebPage","@id":"https:\/\/revolutionpadelstore.com\/fr\/produit\/cajon-siux-neo-balls-speed-x24-3\/","url":"https:\/\/revolutionpadelstore.com\/fr\/produit\/cajon-siux-neo-balls-speed-x24-3\/","name":"CAJON SIUX NEO BALLS SPEED x24 - Revolution Padel Store","isPartOf":{"@id":"https:\/\/revolutionpadelstore.com\/fr\/#website"},"primaryImageOfPage":{"@id":"https:\/\/revolutionpadelstore.com\/fr\/produit\/cajon-siux-neo-balls-speed-x24-3\/#primaryimage"},"image":{"@id":"https:\/\/revolutionpadelstore.com\/fr\/produit\/cajon-siux-neo-balls-speed-x24-3\/#primaryimage"},"thumbnailUrl":"https:\/\/revolutionpadelstore.com\/wp-content\/uploads\/2025\/04\/siux_cajon_neo_s_1200x1200_4971.webp","datePublished":"2025-04-01T21:28:07+00:00","dateModified":"2026-04-08T03:25:14+00:00","description":"Compra las pelotas de p\u00e1del Siux Neo Balls Speed x24, ideales para climas fr\u00edos y h\u00famedos. Alta durabilidad, rebote preciso y m\u00e1xima potencia en cada golpe. \u00a1Disponibles online al mejor precio en Revolution Padel Store!","breadcrumb":{"@id":"https:\/\/revolutionpadelstore.com\/fr\/produit\/cajon-siux-neo-balls-speed-x24-3\/#breadcrumb"},"inLanguage":"fr-FR","potentialAction":[{"@type":"ReadAction","target":["https:\/\/revolutionpadelstore.com\/fr\/produit\/cajon-siux-neo-balls-speed-x24-3\/"]}]},{"@type":"ImageObject","inLanguage":"fr-FR","@id":"https:\/\/revolutionpadelstore.com\/fr\/produit\/cajon-siux-neo-balls-speed-x24-3\/#primaryimage","url":"https:\/\/revolutionpadelstore.com\/wp-content\/uploads\/2025\/04\/siux_cajon_neo_s_1200x1200_4971.webp","contentUrl":"https:\/\/revolutionpadelstore.com\/wp-content\/uploads\/2025\/04\/siux_cajon_neo_s_1200x1200_4971.webp","width":1200,"height":1200},{"@type":"BreadcrumbList","@id":"https:\/\/revolutionpadelstore.com\/fr\/produit\/cajon-siux-neo-balls-speed-x24-3\/#breadcrumb","itemListElement":[{"@type":"ListItem","position":1,"name":"Portada","item":"https:\/\/revolutionpadelstore.com\/fr\/"},{"@type":"ListItem","position":2,"name":"Boutique","item":"https:\/\/revolutionpadelstore.com\/fr\/tienda\/"},{"@type":"ListItem","position":3,"name":"CAJON SIUX NEO BALLS SPEED x24"}]},{"@type":"WebSite","@id":"https:\/\/revolutionpadelstore.com\/fr\/#website","url":"https:\/\/revolutionpadelstore.com\/fr\/","name":"Revolution Padel Store","description":"","publisher":{"@id":"https:\/\/revolutionpadelstore.com\/fr\/#organization"},"potentialAction":[{"@type":"SearchAction","target":{"@type":"EntryPoint","urlTemplate":"https:\/\/revolutionpadelstore.com\/fr\/?s={search_term_string}"},"query-input":{"@type":"PropertyValueSpecification","valueRequired":true,"valueName":"search_term_string"}}],"inLanguage":"fr-FR"},{"@type":"Organization","@id":"https:\/\/revolutionpadelstore.com\/fr\/#organization","name":"Revolution Padel Store","url":"https:\/\/revolutionpadelstore.com\/fr\/","logo":{"@type":"ImageObject","inLanguage":"fr-FR","@id":"https:\/\/revolutionpadelstore.com\/fr\/#\/schema\/logo\/image\/","url":"https:\/\/revolutionpadelstore.com\/wp-content\/uploads\/2026\/02\/revolution-padel-store.jpg","contentUrl":"https:\/\/revolutionpadelstore.com\/wp-content\/uploads\/2026\/02\/revolution-padel-store.jpg","width":2000,"height":2000,"caption":"Revolution Padel Store"},"image":{"@id":"https:\/\/revolutionpadelstore.com\/fr\/#\/schema\/logo\/image\/"},"sameAs":["https:\/\/www.instagram.com\/revolutionpadelstore\/"]}]}},"_links":{"self":[{"href":"https:\/\/revolutionpadelstore.com\/fr\/wp-json\/wp\/v2\/product\/219977","targetHints":{"allow":["GET"]}}],"collection":[{"href":"https:\/\/revolutionpadelstore.com\/fr\/wp-json\/wp\/v2\/product"}],"about":[{"href":"https:\/\/revolutionpadelstore.com\/fr\/wp-json\/wp\/v2\/types\/product"}],"replies":[{"embeddable":true,"href":"https:\/\/revolutionpadelstore.com\/fr\/wp-json\/wp\/v2\/comments?post=219977"}],"wp:featuredmedia":[{"embeddable":true,"href":"https:\/\/revolutionpadelstore.com\/fr\/wp-json\/wp\/v2\/media\/216920"}],"wp:attachment":[{"href":"https:\/\/revolutionpadelstore.com\/fr\/wp-json\/wp\/v2\/media?parent=219977"}],"wp:term":[{"taxonomy":"acabado","embeddable":true,"href":"https:\/\/revolutionpadelstore.com\/fr\/wp-json\/wp\/v2\/acabado?post=219977"},{"taxonomy":"balance","embeddable":true,"href":"https:\/\/revolutionpadelstore.com\/fr\/wp-json\/wp\/v2\/balance?post=219977"},{"taxonomy":"dureza","embeddable":true,"href":"https:\/\/revolutionpadelstore.com\/fr\/wp-json\/wp\/v2\/dureza?post=219977"},{"taxonomy":"forma","embeddable":true,"href":"https:\/\/revolutionpadelstore.com\/fr\/wp-json\/wp\/v2\/forma?post=219977"},{"taxonomy":"jugador","embeddable":true,"href":"https:\/\/revolutionpadelstore.com\/fr\/wp-json\/wp\/v2\/jugador?post=219977"},{"taxonomy":"marca","embeddable":true,"href":"https:\/\/revolutionpadelstore.com\/fr\/wp-json\/wp\/v2\/marca?post=219977"},{"taxonomy":"nivel-de-juego","embeddable":true,"href":"https:\/\/revolutionpadelstore.com\/fr\/wp-json\/wp\/v2\/nivel-de-juego?post=219977"},{"taxonomy":"superficie","embeddable":true,"href":"https:\/\/revolutionpadelstore.com\/fr\/wp-json\/wp\/v2\/superficie?post=219977"},{"taxonomy":"tipo-de-juego","embeddable":true,"href":"https:\/\/revolutionpadelstore.com\/fr\/wp-json\/wp\/v2\/tipo-de-juego?post=219977"},{"taxonomy":"product_brand","embeddable":true,"href":"https:\/\/revolutionpadelstore.com\/fr\/wp-json\/wp\/v2\/product_brand?post=219977"},{"taxonomy":"product_cat","embeddable":true,"href":"https:\/\/revolutionpadelstore.com\/fr\/wp-json\/wp\/v2\/product_cat?post=219977"},{"taxonomy":"product_tag","embeddable":true,"href":"https:\/\/revolutionpadelstore.com\/fr\/wp-json\/wp\/v2\/product_tag?post=219977"}],"curies":[{"name":"wp","href":"https:\/\/api.w.org\/{rel}","templated":true}]}}